{"id":5733,"date":"2023-03-08T18:29:28","date_gmt":"2023-12-02T12:27:00","guid":{"rendered":"https:\/\/autopartscenter24.com\/product\/1-4-cpw-cpwa-motor-f-eks-caddy-golf-octavia-leon-a3\/"},"modified":"2023-12-02T13:27:00","modified_gmt":"2023-12-02T12:27:00","slug":"1-4-cpw-cpwa-motor-f-eks-caddy-golf-octavia-leon-a3","status":"publish","type":"product","link":"https:\/\/autopartscenter24.com\/no\/auton-varaosat\/1-4-cpw-cpwa-motor-f-eks-caddy-golf-octavia-leon-a3\/","title":{"rendered":"1.4 &laquo;CPW \/ CPWA&raquo;-motor [f.eks. Caddy, Golf, Octavia, Leon, A3]"},"content":{"rendered":"<p>Volkswagens 1,4-liters motor (motorkode: CPW) er en flerbruksmotor installert i flere Volkswagen bilmodeller. Motoren er produsert av Volkswagen AG og er designet for bruk i personbiler. Motoren er firesylindret og har direkte innspr\u00f8ytning.<\/p>\n<p>Motorkraften varierer mellom ulike modeller, men vanligvis yter den rundt 122-150 hestekrefter og dreiemomentet varierer mellom 200-250 Nm. Motorytelsen er god og den er \u00f8konomisk. Motorforbruket ligger vanligvis p\u00e5 rundt 5-7 liter\/100 km, avhengig av st\u00f8rrelse og vekt p\u00e5 bilen.<\/p>\n<p>Strukturen til motoren er lett og kompakt, noe som gj\u00f8r den enkel \u00e5 installere i ulike bilmodeller. Motoren bruker slitesterke materialer og er designet for lang levetid. Motoren har ogs\u00e5 Start-Stop-systemet utviklet av Volkswagen, som reduserer drivstofforbruk og utslipp ved \u00e5 automatisk stoppe motoren n\u00e5r bilen st\u00e5r stille.<\/p>\n<p>Motoren har ogs\u00e5 mange andre tekniske egenskaper som gj\u00f8r den sv\u00e6rt dyktig. I tillegg til turboladeren har den ogs\u00e5 direkte innspr\u00f8ytning, som forbedrer motorens drivstoffeffektivitet og gir motoren bedre ytelse. Motorkontrollsystemet er ogs\u00e5 sv\u00e6rt n\u00f8yaktig og er i stand til \u00e5 justere motorhastigheten i sanntid.<\/p>\n<p>Disse bilmodellene er sv\u00e6rt popul\u00e6re over hele verden og Volkswagens 1,4 liters motor har vist seg \u00e5 v\u00e6re et p\u00e5litelig og effektivt valg. Motoren har ogs\u00e5 v\u00e6rt tilgjengelig i enkelte Seat- og Skoda-modeller som tilh\u00f8rer Volkswagen Group.<\/p>\n","protected":false},"excerpt":{"rendered":"<p>Volkswagens 1,4 liters motor (CPW) har blitt brukt i mange Volkswagen bilmodeller, hvorav noen inkluderer:<\/p>\n<ul>\n<li>Volkswagen Golf (VI og VII)<\/li>\n<li>Volkswagen Jetta<\/li>\n<li>Volkswagen Passat<\/li>\n<li>Volkswagen Polo<\/li>\n<li>Volkswagen Touran<\/li>\n<\/ul>\n","protected":false},"featured_media":4708,"template":"","meta":[],"product_brand":[],"product_cat":[484,486,485],"product_tag":[488,836,489,880],"class_list":{"0":"post-5733","1":"product","2":"type-product","3":"status-publish","4":"has-post-thumbnail","6":"product_cat-audi-no","7":"product_cat-skoda-no","8":"product_cat-vw-no","9":"product_tag-a3-no","10":"product_tag-caddy-no","11":"product_tag-golf-no","12":"product_tag-leon-no","13":"pa_varaosan-osasto-motor-no","16":"first","17":"instock","18":"shipping-taxable","19":"product-type-simple"},"yoast_head":"<!-- This site is optimized with the Yoast SEO plugin v26.8 - https:\/\/yoast.com\/product\/yoast-seo-wordpress\/ -->\n<title>1.4 &quot;CPW \/ CPWA&quot;-motor [f.eks. Caddy, Golf, Octavia, Leon, A3]<\/title>\n<meta name=\"description\" content=\"En av motorene vi ofte har tilgjengelig. Send en foresp\u00f8rsel og du vil motta et tilbud innen 24 timer. Motorer, girkasser og andre bildeler med garanti.\" \/>\n<meta name=\"robots\" content=\"index, follow, max-snippet:-1, max-image-preview:large, max-video-preview:-1\" \/>\n<link rel=\"canonical\" href=\"https:\/\/autopartscenter24.com\/no\/auton-varaosat\/1-4-cpw-moottori-vw-golf-vii-octavia-iv-audi-a3\/\" \/>\n<meta property=\"og:locale\" content=\"nb_NO\" \/>\n<meta property=\"og:type\" content=\"article\" \/>\n<meta property=\"og:title\" content=\"1.4 &quot;CPW \/ CPWA&quot;-motor [f.eks. Caddy, Golf, Octavia, Leon, A3]\" \/>\n<meta property=\"og:description\" content=\"En av motorene vi ofte har tilgjengelig. Send en foresp\u00f8rsel og du vil motta et tilbud innen 24 timer. Motorer, girkasser og andre bildeler med garanti.\" \/>\n<meta property=\"og:url\" content=\"https:\/\/autopartscenter24.com\/no\/auton-varaosat\/1-4-cpw-moottori-vw-golf-vii-octavia-iv-audi-a3\/\" \/>\n<meta property=\"og:site_name\" content=\"Autopartscenter24\" \/>\n<meta property=\"og:image\" content=\"https:\/\/autopartscenter24.com\/wp-content\/uploads\/2023\/03\/1-4-cpw-cpwa-moottori-vw-golf-vii-octavia-iv-audi-a3.webp\" \/>\n\t<meta property=\"og:image:width\" content=\"800\" \/>\n\t<meta property=\"og:image:height\" content=\"600\" \/>\n\t<meta property=\"og:image:type\" content=\"image\/webp\" \/>\n<meta name=\"twitter:card\" content=\"summary_large_image\" \/>\n<meta name=\"twitter:label1\" content=\"Ansl. lesetid\" \/>\n\t<meta name=\"twitter:data1\" content=\"1 minutt\" \/>\n<script type=\"application\/ld+json\" class=\"yoast-schema-graph\">{\"@context\":\"https:\/\/schema.org\",\"@graph\":[{\"@type\":\"WebPage\",\"@id\":\"https:\/\/autopartscenter24.com\/auton-varaosat\/1-4-cpw-moottori-vw-golf-vii-octavia-iv-audi-a3\/\",\"url\":\"https:\/\/autopartscenter24.com\/auton-varaosat\/1-4-cpw-moottori-vw-golf-vii-octavia-iv-audi-a3\/\",\"name\":\"1.4 \\\"CPW \/ CPWA\\\"-motor [f.eks. Caddy, Golf, Octavia, Leon, A3]\",\"isPartOf\":{\"@id\":\"https:\/\/autopartscenter24.com\/#website\"},\"primaryImageOfPage\":{\"@id\":\"https:\/\/autopartscenter24.com\/auton-varaosat\/1-4-cpw-moottori-vw-golf-vii-octavia-iv-audi-a3\/#primaryimage\"},\"image\":{\"@id\":\"https:\/\/autopartscenter24.com\/auton-varaosat\/1-4-cpw-moottori-vw-golf-vii-octavia-iv-audi-a3\/#primaryimage\"},\"thumbnailUrl\":\"https:\/\/autopartscenter24.com\/wp-content\/uploads\/2023\/03\/1-4-cpw-cpwa-moottori-vw-golf-vii-octavia-iv-audi-a3.webp\",\"datePublished\":\"2023-12-02T12:27:00+00:00\",\"description\":\"En av motorene vi ofte har tilgjengelig. Send en foresp\u00f8rsel og du vil motta et tilbud innen 24 timer. Motorer, girkasser og andre bildeler med garanti.\",\"breadcrumb\":{\"@id\":\"https:\/\/autopartscenter24.com\/auton-varaosat\/1-4-cpw-moottori-vw-golf-vii-octavia-iv-audi-a3\/#breadcrumb\"},\"inLanguage\":\"nb-NO\",\"potentialAction\":[{\"@type\":\"ReadAction\",\"target\":[\"https:\/\/autopartscenter24.com\/auton-varaosat\/1-4-cpw-moottori-vw-golf-vii-octavia-iv-audi-a3\/\"]}]},{\"@type\":\"ImageObject\",\"inLanguage\":\"nb-NO\",\"@id\":\"https:\/\/autopartscenter24.com\/auton-varaosat\/1-4-cpw-moottori-vw-golf-vii-octavia-iv-audi-a3\/#primaryimage\",\"url\":\"https:\/\/autopartscenter24.com\/wp-content\/uploads\/2023\/03\/1-4-cpw-cpwa-moottori-vw-golf-vii-octavia-iv-audi-a3.webp\",\"contentUrl\":\"https:\/\/autopartscenter24.com\/wp-content\/uploads\/2023\/03\/1-4-cpw-cpwa-moottori-vw-golf-vii-octavia-iv-audi-a3.webp\",\"width\":800,\"height\":600},{\"@type\":\"BreadcrumbList\",\"@id\":\"https:\/\/autopartscenter24.com\/auton-varaosat\/1-4-cpw-moottori-vw-golf-vii-octavia-iv-audi-a3\/#breadcrumb\",\"itemListElement\":[{\"@type\":\"ListItem\",\"position\":1,\"name\":\"Hjem\",\"item\":\"https:\/\/aliceblue-termite-662564.hostingersite.com\/\"},{\"@type\":\"ListItem\",\"position\":2,\"name\":\"Auton varaosat\",\"item\":\"https:\/\/aliceblue-termite-662564.hostingersite.com\/auton-varaosat\/\"},{\"@type\":\"ListItem\",\"position\":3,\"name\":\"1.4 &#8221;CPW \/ CPWA&#8221;-motor [f.eks. Caddy, Golf, Octavia, Leon, A3]\"}]},{\"@type\":\"WebSite\",\"@id\":\"https:\/\/autopartscenter24.com\/#website\",\"url\":\"https:\/\/autopartscenter24.com\/\",\"name\":\"Autopartscenter24\",\"description\":\"K\u00c4YTETYT JA KUNNOSTETUT  AUTON VARAOSAT\",\"potentialAction\":[{\"@type\":\"SearchAction\",\"target\":{\"@type\":\"EntryPoint\",\"urlTemplate\":\"https:\/\/autopartscenter24.com\/?s={search_term_string}\"},\"query-input\":{\"@type\":\"PropertyValueSpecification\",\"valueRequired\":true,\"valueName\":\"search_term_string\"}}],\"inLanguage\":\"nb-NO\"}]}<\/script>\n<!-- \/ Yoast SEO plugin. -->","yoast_head_json":{"title":"1.4 \"CPW \/ CPWA\"-motor [f.eks. Caddy, Golf, Octavia, Leon, A3]","description":"En av motorene vi ofte har tilgjengelig. Send en foresp\u00f8rsel og du vil motta et tilbud innen 24 timer. Motorer, girkasser og andre bildeler med garanti.","robots":{"index":"index","follow":"follow","max-snippet":"max-snippet:-1","max-image-preview":"max-image-preview:large","max-video-preview":"max-video-preview:-1"},"canonical":"https:\/\/autopartscenter24.com\/no\/auton-varaosat\/1-4-cpw-moottori-vw-golf-vii-octavia-iv-audi-a3\/","og_locale":"nb_NO","og_type":"article","og_title":"1.4 \"CPW \/ CPWA\"-motor [f.eks. Caddy, Golf, Octavia, Leon, A3]","og_description":"En av motorene vi ofte har tilgjengelig. Send en foresp\u00f8rsel og du vil motta et tilbud innen 24 timer. Motorer, girkasser og andre bildeler med garanti.","og_url":"https:\/\/autopartscenter24.com\/no\/auton-varaosat\/1-4-cpw-moottori-vw-golf-vii-octavia-iv-audi-a3\/","og_site_name":"Autopartscenter24","og_image":[{"width":800,"height":600,"url":"https:\/\/autopartscenter24.com\/wp-content\/uploads\/2023\/03\/1-4-cpw-cpwa-moottori-vw-golf-vii-octavia-iv-audi-a3.webp","type":"image\/webp"}],"twitter_card":"summary_large_image","twitter_misc":{"Ansl. lesetid":"1 minutt"},"schema":{"@context":"https:\/\/schema.org","@graph":[{"@type":"WebPage","@id":"https:\/\/autopartscenter24.com\/auton-varaosat\/1-4-cpw-moottori-vw-golf-vii-octavia-iv-audi-a3\/","url":"https:\/\/autopartscenter24.com\/auton-varaosat\/1-4-cpw-moottori-vw-golf-vii-octavia-iv-audi-a3\/","name":"1.4 \"CPW \/ CPWA\"-motor [f.eks. Caddy, Golf, Octavia, Leon, A3]","isPartOf":{"@id":"https:\/\/autopartscenter24.com\/#website"},"primaryImageOfPage":{"@id":"https:\/\/autopartscenter24.com\/auton-varaosat\/1-4-cpw-moottori-vw-golf-vii-octavia-iv-audi-a3\/#primaryimage"},"image":{"@id":"https:\/\/autopartscenter24.com\/auton-varaosat\/1-4-cpw-moottori-vw-golf-vii-octavia-iv-audi-a3\/#primaryimage"},"thumbnailUrl":"https:\/\/autopartscenter24.com\/wp-content\/uploads\/2023\/03\/1-4-cpw-cpwa-moottori-vw-golf-vii-octavia-iv-audi-a3.webp","datePublished":"2023-12-02T12:27:00+00:00","description":"En av motorene vi ofte har tilgjengelig. Send en foresp\u00f8rsel og du vil motta et tilbud innen 24 timer. Motorer, girkasser og andre bildeler med garanti.","breadcrumb":{"@id":"https:\/\/autopartscenter24.com\/auton-varaosat\/1-4-cpw-moottori-vw-golf-vii-octavia-iv-audi-a3\/#breadcrumb"},"inLanguage":"nb-NO","potentialAction":[{"@type":"ReadAction","target":["https:\/\/autopartscenter24.com\/auton-varaosat\/1-4-cpw-moottori-vw-golf-vii-octavia-iv-audi-a3\/"]}]},{"@type":"ImageObject","inLanguage":"nb-NO","@id":"https:\/\/autopartscenter24.com\/auton-varaosat\/1-4-cpw-moottori-vw-golf-vii-octavia-iv-audi-a3\/#primaryimage","url":"https:\/\/autopartscenter24.com\/wp-content\/uploads\/2023\/03\/1-4-cpw-cpwa-moottori-vw-golf-vii-octavia-iv-audi-a3.webp","contentUrl":"https:\/\/autopartscenter24.com\/wp-content\/uploads\/2023\/03\/1-4-cpw-cpwa-moottori-vw-golf-vii-octavia-iv-audi-a3.webp","width":800,"height":600},{"@type":"BreadcrumbList","@id":"https:\/\/autopartscenter24.com\/auton-varaosat\/1-4-cpw-moottori-vw-golf-vii-octavia-iv-audi-a3\/#breadcrumb","itemListElement":[{"@type":"ListItem","position":1,"name":"Hjem","item":"https:\/\/aliceblue-termite-662564.hostingersite.com\/"},{"@type":"ListItem","position":2,"name":"Auton varaosat","item":"https:\/\/aliceblue-termite-662564.hostingersite.com\/auton-varaosat\/"},{"@type":"ListItem","position":3,"name":"1.4 &#8221;CPW \/ CPWA&#8221;-motor [f.eks. Caddy, Golf, Octavia, Leon, A3]"}]},{"@type":"WebSite","@id":"https:\/\/autopartscenter24.com\/#website","url":"https:\/\/autopartscenter24.com\/","name":"Autopartscenter24","description":"K\u00c4YTETYT JA KUNNOSTETUT  AUTON VARAOSAT","potentialAction":[{"@type":"SearchAction","target":{"@type":"EntryPoint","urlTemplate":"https:\/\/autopartscenter24.com\/?s={search_term_string}"},"query-input":{"@type":"PropertyValueSpecification","valueRequired":true,"valueName":"search_term_string"}}],"inLanguage":"nb-NO"}]}},"_links":{"self":[{"href":"https:\/\/autopartscenter24.com\/no\/wp-json\/wp\/v2\/product\/5733","targetHints":{"allow":["GET"]}}],"collection":[{"href":"https:\/\/autopartscenter24.com\/no\/wp-json\/wp\/v2\/product"}],"about":[{"href":"https:\/\/autopartscenter24.com\/no\/wp-json\/wp\/v2\/types\/product"}],"wp:featuredmedia":[{"embeddable":true,"href":"https:\/\/autopartscenter24.com\/no\/wp-json\/wp\/v2\/media\/4708"}],"wp:attachment":[{"href":"https:\/\/autopartscenter24.com\/no\/wp-json\/wp\/v2\/media?parent=5733"}],"wp:term":[{"taxonomy":"product_brand","embeddable":true,"href":"https:\/\/autopartscenter24.com\/no\/wp-json\/wp\/v2\/product_brand?post=5733"},{"taxonomy":"product_cat","embeddable":true,"href":"https:\/\/autopartscenter24.com\/no\/wp-json\/wp\/v2\/product_cat?post=5733"},{"taxonomy":"product_tag","embeddable":true,"href":"https:\/\/autopartscenter24.com\/no\/wp-json\/wp\/v2\/product_tag?post=5733"}],"curies":[{"name":"wp","href":"https:\/\/api.w.org\/{rel}","templated":true}]}}