{"id":5732,"date":"2023-03-08T18:37:54","date_gmt":"2023-12-02T12:24:38","guid":{"rendered":"https:\/\/autopartscenter24.com\/product\/1-6-bgu-motor-golf-caddy-touran-octavia-a3\/"},"modified":"2023-12-02T13:24:38","modified_gmt":"2023-12-02T12:24:38","slug":"1-6-bgu-motor-golf-caddy-touran-octavia-a3","status":"publish","type":"product","link":"https:\/\/autopartscenter24.com\/no\/auton-varaosat\/1-6-bgu-motor-golf-caddy-touran-octavia-a3\/","title":{"rendered":"1.6 &laquo;BGU&raquo; Motor [Golf, Caddy, Touran, Octavia, A3]"},"content":{"rendered":"<p>1,6 liters motoren produsert av Volkswagen, med motorkoden BGU, er en firesylindret bensinmotor. Den er utstyrt med flerpunktsspr\u00f8yting og en distribusjonskjede. Motorens sylinderm\u00e5l er 76,5 mm i diameter og 86,9 mm i slaglengde, noe som gir et totalt slagvolum p\u00e5 1598 cm\u00b3. Kraften til motoren varierer avhengig av modell, men vanligvis produserer den omtrent 75-102 kW effekt og 148-155 Nm dreiemoment. Motoren oppfyller europeiske utslippsstandarder og er tilgjengelig med manuell og automatisk girkasse.<\/p>\n<p>I utformingen av motoren er det lagt spesiell vekt p\u00e5 drivstoffeffektivitet og ytelse. Motorens lave friksjon reduserer drivstofforbruk og oljeforbruk. Motorens fleksibilitet og lave st\u00f8yniv\u00e5 garanterer en komfortabel kj\u00f8reopplevelse.<\/p>\n<p>Oppsummert kan det sl\u00e5s fast at Volkswagens 1,6-liters motor (BGU) er et p\u00e5litelig og drivstoffeffektivt alternativ som motor for mindre biler. Motoren oppfyller europeiske utslippsstandarder og gir rimelig ytelse. Den har v\u00e6rt mye brukt i Volkswagen Group-bilmodeller i forskjellige \u00e5r.<\/p>\n","protected":false},"excerpt":{"rendered":"<p>Motoren har blitt brukt i mange Volkswagen og Audi-modeller. Den er installert p\u00e5 Volkswagen Golf, Golf Plus, Jetta, Beetle og Eos, samt Audi A3. Den brukes ogs\u00e5 i andre bilmerker fra Volkswagen Group, som \u0160koda og SEAT. Motoren brukes hovedsakelig i de billigste modellene og er ment \u00e5 v\u00e6re et alternativ til motorer med h\u00f8yere kraft.<\/p>\n<p>F\u00f8lgende er en liste over biler der Volkswagen 1,6 liters motor med motorkoden BGU har blitt brukt:<\/p>\n<ul>\n<li>Volkswagen Golf V (2003-2009)<\/li>\n<li>Volkswagen Golf Plus (2005-2014)<\/li>\n<li>Volkswagen Jetta V (2005-2010)<\/li>\n<li>Audi A3 (2004-2013)<\/li>\n<li>SEAT Toledo (2004-2009)<\/li>\n<li>\u0160koda Octavia (2004-2006)<\/li>\n<\/ul>\n","protected":false},"featured_media":4738,"template":"","meta":[],"product_brand":[],"product_cat":[484,486,485],"product_tag":[488,489,490],"class_list":{"0":"post-5732","1":"product","2":"type-product","3":"status-publish","4":"has-post-thumbnail","6":"product_cat-audi-no","7":"product_cat-skoda-no","8":"product_cat-vw-no","9":"product_tag-a3-no","10":"product_tag-golf-no","11":"product_tag-octavia-no","12":"pa_varaosan-osasto-motor-no","15":"first","16":"instock","17":"shipping-taxable","18":"product-type-simple"},"yoast_head":"<!-- This site is optimized with the Yoast SEO plugin v26.8 - https:\/\/yoast.com\/product\/yoast-seo-wordpress\/ -->\n<title>1.6 &quot;BGU&quot; Motor [Golf, Caddy, Touran, Octavia, A3]<\/title>\n<meta name=\"description\" content=\"En av motorene vi ofte har tilgjengelig. Send en foresp\u00f8rsel og du vil motta et tilbud innen 24 timer. Motorer, girkasser og andre bildeler med garanti.\" \/>\n<meta name=\"robots\" content=\"index, follow, max-snippet:-1, max-image-preview:large, max-video-preview:-1\" \/>\n<link rel=\"canonical\" href=\"https:\/\/autopartscenter24.com\/no\/auton-varaosat\/1-6-bgu-moottori-audi-a3-vw-golf-v-toledo-iii\/\" \/>\n<meta property=\"og:locale\" content=\"nb_NO\" \/>\n<meta property=\"og:type\" content=\"article\" \/>\n<meta property=\"og:title\" content=\"1.6 &quot;BGU&quot; Motor [Golf, Caddy, Touran, Octavia, A3]\" \/>\n<meta property=\"og:description\" content=\"En av motorene vi ofte har tilgjengelig. Send en foresp\u00f8rsel og du vil motta et tilbud innen 24 timer. Motorer, girkasser og andre bildeler med garanti.\" \/>\n<meta property=\"og:url\" content=\"https:\/\/autopartscenter24.com\/no\/auton-varaosat\/1-6-bgu-moottori-audi-a3-vw-golf-v-toledo-iii\/\" \/>\n<meta property=\"og:site_name\" content=\"Autopartscenter24\" \/>\n<meta property=\"og:image\" content=\"https:\/\/autopartscenter24.com\/wp-content\/uploads\/2023\/03\/1-6-BGU-moottori-audi-a3-vw-golf-v-toledo-iii-1.webp\" \/>\n\t<meta property=\"og:image:width\" content=\"800\" \/>\n\t<meta property=\"og:image:height\" content=\"600\" \/>\n\t<meta property=\"og:image:type\" content=\"image\/webp\" \/>\n<meta name=\"twitter:card\" content=\"summary_large_image\" \/>\n<meta name=\"twitter:label1\" content=\"Ansl. lesetid\" \/>\n\t<meta name=\"twitter:data1\" content=\"1 minutt\" \/>\n<script type=\"application\/ld+json\" class=\"yoast-schema-graph\">{\"@context\":\"https:\/\/schema.org\",\"@graph\":[{\"@type\":\"WebPage\",\"@id\":\"https:\/\/autopartscenter24.com\/auton-varaosat\/1-6-bgu-moottori-audi-a3-vw-golf-v-toledo-iii\/\",\"url\":\"https:\/\/autopartscenter24.com\/auton-varaosat\/1-6-bgu-moottori-audi-a3-vw-golf-v-toledo-iii\/\",\"name\":\"1.6 \\\"BGU\\\" Motor [Golf, Caddy, Touran, Octavia, A3]\",\"isPartOf\":{\"@id\":\"https:\/\/autopartscenter24.com\/#website\"},\"primaryImageOfPage\":{\"@id\":\"https:\/\/autopartscenter24.com\/auton-varaosat\/1-6-bgu-moottori-audi-a3-vw-golf-v-toledo-iii\/#primaryimage\"},\"image\":{\"@id\":\"https:\/\/autopartscenter24.com\/auton-varaosat\/1-6-bgu-moottori-audi-a3-vw-golf-v-toledo-iii\/#primaryimage\"},\"thumbnailUrl\":\"https:\/\/autopartscenter24.com\/wp-content\/uploads\/2023\/03\/1-6-BGU-moottori-audi-a3-vw-golf-v-toledo-iii-1.webp\",\"datePublished\":\"2023-12-02T12:24:38+00:00\",\"description\":\"En av motorene vi ofte har tilgjengelig. Send en foresp\u00f8rsel og du vil motta et tilbud innen 24 timer. Motorer, girkasser og andre bildeler med garanti.\",\"breadcrumb\":{\"@id\":\"https:\/\/autopartscenter24.com\/auton-varaosat\/1-6-bgu-moottori-audi-a3-vw-golf-v-toledo-iii\/#breadcrumb\"},\"inLanguage\":\"nb-NO\",\"potentialAction\":[{\"@type\":\"ReadAction\",\"target\":[\"https:\/\/autopartscenter24.com\/auton-varaosat\/1-6-bgu-moottori-audi-a3-vw-golf-v-toledo-iii\/\"]}]},{\"@type\":\"ImageObject\",\"inLanguage\":\"nb-NO\",\"@id\":\"https:\/\/autopartscenter24.com\/auton-varaosat\/1-6-bgu-moottori-audi-a3-vw-golf-v-toledo-iii\/#primaryimage\",\"url\":\"https:\/\/autopartscenter24.com\/wp-content\/uploads\/2023\/03\/1-6-BGU-moottori-audi-a3-vw-golf-v-toledo-iii-1.webp\",\"contentUrl\":\"https:\/\/autopartscenter24.com\/wp-content\/uploads\/2023\/03\/1-6-BGU-moottori-audi-a3-vw-golf-v-toledo-iii-1.webp\",\"width\":800,\"height\":600},{\"@type\":\"BreadcrumbList\",\"@id\":\"https:\/\/autopartscenter24.com\/auton-varaosat\/1-6-bgu-moottori-audi-a3-vw-golf-v-toledo-iii\/#breadcrumb\",\"itemListElement\":[{\"@type\":\"ListItem\",\"position\":1,\"name\":\"Hjem\",\"item\":\"https:\/\/aliceblue-termite-662564.hostingersite.com\/\"},{\"@type\":\"ListItem\",\"position\":2,\"name\":\"Auton varaosat\",\"item\":\"https:\/\/aliceblue-termite-662564.hostingersite.com\/auton-varaosat\/\"},{\"@type\":\"ListItem\",\"position\":3,\"name\":\"1.6 &#8221;BGU&#8221; Motor [Golf, Caddy, Touran, Octavia, A3]\"}]},{\"@type\":\"WebSite\",\"@id\":\"https:\/\/autopartscenter24.com\/#website\",\"url\":\"https:\/\/autopartscenter24.com\/\",\"name\":\"Autopartscenter24\",\"description\":\"K\u00c4YTETYT JA KUNNOSTETUT  AUTON VARAOSAT\",\"potentialAction\":[{\"@type\":\"SearchAction\",\"target\":{\"@type\":\"EntryPoint\",\"urlTemplate\":\"https:\/\/autopartscenter24.com\/?s={search_term_string}\"},\"query-input\":{\"@type\":\"PropertyValueSpecification\",\"valueRequired\":true,\"valueName\":\"search_term_string\"}}],\"inLanguage\":\"nb-NO\"}]}<\/script>\n<!-- \/ Yoast SEO plugin. -->","yoast_head_json":{"title":"1.6 \"BGU\" Motor [Golf, Caddy, Touran, Octavia, A3]","description":"En av motorene vi ofte har tilgjengelig. Send en foresp\u00f8rsel og du vil motta et tilbud innen 24 timer. Motorer, girkasser og andre bildeler med garanti.","robots":{"index":"index","follow":"follow","max-snippet":"max-snippet:-1","max-image-preview":"max-image-preview:large","max-video-preview":"max-video-preview:-1"},"canonical":"https:\/\/autopartscenter24.com\/no\/auton-varaosat\/1-6-bgu-moottori-audi-a3-vw-golf-v-toledo-iii\/","og_locale":"nb_NO","og_type":"article","og_title":"1.6 \"BGU\" Motor [Golf, Caddy, Touran, Octavia, A3]","og_description":"En av motorene vi ofte har tilgjengelig. Send en foresp\u00f8rsel og du vil motta et tilbud innen 24 timer. Motorer, girkasser og andre bildeler med garanti.","og_url":"https:\/\/autopartscenter24.com\/no\/auton-varaosat\/1-6-bgu-moottori-audi-a3-vw-golf-v-toledo-iii\/","og_site_name":"Autopartscenter24","og_image":[{"width":800,"height":600,"url":"https:\/\/autopartscenter24.com\/wp-content\/uploads\/2023\/03\/1-6-BGU-moottori-audi-a3-vw-golf-v-toledo-iii-1.webp","type":"image\/webp"}],"twitter_card":"summary_large_image","twitter_misc":{"Ansl. lesetid":"1 minutt"},"schema":{"@context":"https:\/\/schema.org","@graph":[{"@type":"WebPage","@id":"https:\/\/autopartscenter24.com\/auton-varaosat\/1-6-bgu-moottori-audi-a3-vw-golf-v-toledo-iii\/","url":"https:\/\/autopartscenter24.com\/auton-varaosat\/1-6-bgu-moottori-audi-a3-vw-golf-v-toledo-iii\/","name":"1.6 \"BGU\" Motor [Golf, Caddy, Touran, Octavia, A3]","isPartOf":{"@id":"https:\/\/autopartscenter24.com\/#website"},"primaryImageOfPage":{"@id":"https:\/\/autopartscenter24.com\/auton-varaosat\/1-6-bgu-moottori-audi-a3-vw-golf-v-toledo-iii\/#primaryimage"},"image":{"@id":"https:\/\/autopartscenter24.com\/auton-varaosat\/1-6-bgu-moottori-audi-a3-vw-golf-v-toledo-iii\/#primaryimage"},"thumbnailUrl":"https:\/\/autopartscenter24.com\/wp-content\/uploads\/2023\/03\/1-6-BGU-moottori-audi-a3-vw-golf-v-toledo-iii-1.webp","datePublished":"2023-12-02T12:24:38+00:00","description":"En av motorene vi ofte har tilgjengelig. Send en foresp\u00f8rsel og du vil motta et tilbud innen 24 timer. Motorer, girkasser og andre bildeler med garanti.","breadcrumb":{"@id":"https:\/\/autopartscenter24.com\/auton-varaosat\/1-6-bgu-moottori-audi-a3-vw-golf-v-toledo-iii\/#breadcrumb"},"inLanguage":"nb-NO","potentialAction":[{"@type":"ReadAction","target":["https:\/\/autopartscenter24.com\/auton-varaosat\/1-6-bgu-moottori-audi-a3-vw-golf-v-toledo-iii\/"]}]},{"@type":"ImageObject","inLanguage":"nb-NO","@id":"https:\/\/autopartscenter24.com\/auton-varaosat\/1-6-bgu-moottori-audi-a3-vw-golf-v-toledo-iii\/#primaryimage","url":"https:\/\/autopartscenter24.com\/wp-content\/uploads\/2023\/03\/1-6-BGU-moottori-audi-a3-vw-golf-v-toledo-iii-1.webp","contentUrl":"https:\/\/autopartscenter24.com\/wp-content\/uploads\/2023\/03\/1-6-BGU-moottori-audi-a3-vw-golf-v-toledo-iii-1.webp","width":800,"height":600},{"@type":"BreadcrumbList","@id":"https:\/\/autopartscenter24.com\/auton-varaosat\/1-6-bgu-moottori-audi-a3-vw-golf-v-toledo-iii\/#breadcrumb","itemListElement":[{"@type":"ListItem","position":1,"name":"Hjem","item":"https:\/\/aliceblue-termite-662564.hostingersite.com\/"},{"@type":"ListItem","position":2,"name":"Auton varaosat","item":"https:\/\/aliceblue-termite-662564.hostingersite.com\/auton-varaosat\/"},{"@type":"ListItem","position":3,"name":"1.6 &#8221;BGU&#8221; Motor [Golf, Caddy, Touran, Octavia, A3]"}]},{"@type":"WebSite","@id":"https:\/\/autopartscenter24.com\/#website","url":"https:\/\/autopartscenter24.com\/","name":"Autopartscenter24","description":"K\u00c4YTETYT JA KUNNOSTETUT  AUTON VARAOSAT","potentialAction":[{"@type":"SearchAction","target":{"@type":"EntryPoint","urlTemplate":"https:\/\/autopartscenter24.com\/?s={search_term_string}"},"query-input":{"@type":"PropertyValueSpecification","valueRequired":true,"valueName":"search_term_string"}}],"inLanguage":"nb-NO"}]}},"_links":{"self":[{"href":"https:\/\/autopartscenter24.com\/no\/wp-json\/wp\/v2\/product\/5732","targetHints":{"allow":["GET"]}}],"collection":[{"href":"https:\/\/autopartscenter24.com\/no\/wp-json\/wp\/v2\/product"}],"about":[{"href":"https:\/\/autopartscenter24.com\/no\/wp-json\/wp\/v2\/types\/product"}],"wp:featuredmedia":[{"embeddable":true,"href":"https:\/\/autopartscenter24.com\/no\/wp-json\/wp\/v2\/media\/4738"}],"wp:attachment":[{"href":"https:\/\/autopartscenter24.com\/no\/wp-json\/wp\/v2\/media?parent=5732"}],"wp:term":[{"taxonomy":"product_brand","embeddable":true,"href":"https:\/\/autopartscenter24.com\/no\/wp-json\/wp\/v2\/product_brand?post=5732"},{"taxonomy":"product_cat","embeddable":true,"href":"https:\/\/autopartscenter24.com\/no\/wp-json\/wp\/v2\/product_cat?post=5732"},{"taxonomy":"product_tag","embeddable":true,"href":"https:\/\/autopartscenter24.com\/no\/wp-json\/wp\/v2\/product_tag?post=5732"}],"curies":[{"name":"wp","href":"https:\/\/api.w.org\/{rel}","templated":true}]}}