{"id":5731,"date":"2023-03-08T18:45:04","date_gmt":"2023-12-02T12:22:39","guid":{"rendered":"https:\/\/autopartscenter24.com\/product\/3-0-tdi-bmk-motor-audi-a4-a6-a8-phaeton\/"},"modified":"2023-12-02T13:22:39","modified_gmt":"2023-12-02T12:22:39","slug":"3-0-tdi-bmk-motor-audi-a4-a6-a8-phaeton","status":"publish","type":"product","link":"https:\/\/autopartscenter24.com\/no\/auton-varaosat\/3-0-tdi-bmk-motor-audi-a4-a6-a8-phaeton\/","title":{"rendered":"3.0 TDI &laquo;BMK&raquo;-motor [Audi A4, A6, A8, Phaeton]"},"content":{"rendered":"<p>Audi har produsert en rekke dieselmotorer, en av de mest popul\u00e6re er 3.0 TDI-motoren. Denne motoren har blitt brukt i mange Audi-modeller og er bedre kjent under motorkoden BMK. Motoren er designet for \u00e5 gi p\u00e5litelighet, \u00f8konomi og utmerket ytelse.<\/p>\n<p>BMK-motorkoden til Audi 3.0 TDI-motoren betyr at motoren har et volum p\u00e5 3,0 liter og at det er en dieselmotor. Motoren er laget av aluminium, noe som gj\u00f8r den lett, men slitesterk. Motorens veivaksel er n\u00f8yaktig slipt, og stemplene er laget av slitesterkt materiale. Motoren har ogs\u00e5 to turboladere som gir rask akselerasjon og \u00f8ker drivstoff\u00f8konomien.<\/p>\n<p>Den st\u00f8rste fordelen med 3.0 TDI-motoren er ytelsen. Motoren har 6 sylindre som yter opptil 240 hestekrefter og hele 500 Nm dreiemoment. Dette gj\u00f8r motoren til et utmerket valg for \u00e5 drive st\u00f8rre biler som Audi Q7 og Audi A8. Samtidig er motoren veldig \u00f8konomisk, da dens kombinerte drivstofforbruk er mindre enn 8 liter per hundre kilometer.<\/p>\n","protected":false},"excerpt":{"rendered":"<p>Audi har installert 3.0 TDI BMK-motoren i flere av sine biler. Nedenfor er en liste over biler som motoren har v\u00e6rt brukt i, samt \u00e5rsmodellene da motoren var tilgjengelig:<\/p>\n<ul>\n<li>Audi A4 (2005-2008)<\/li>\n<li>Audi A5 (2007-2011)<\/li>\n<li>Audi A6 (2004-2011)<\/li>\n<li>Audi A7 (2010-2011)<\/li>\n<li>Audi A8 (2003-2011)<\/li>\n<li>Audi Q5 (2008-2011)<\/li>\n<li>Audi Q7 (2006-2010)<\/li>\n<\/ul>\n","protected":false},"featured_media":4718,"template":"","meta":[],"product_brand":[],"product_cat":[484],"product_tag":[808,810,811,893],"class_list":{"0":"post-5731","1":"product","2":"type-product","3":"status-publish","4":"has-post-thumbnail","6":"product_cat-audi-no","7":"product_tag-a4-no","8":"product_tag-a6-no","9":"product_tag-a8-no","10":"product_tag-phaeton-no","11":"pa_varaosan-osasto-motor-no","14":"first","15":"instock","16":"shipping-taxable","17":"product-type-simple"},"yoast_head":"<!-- This site is optimized with the Yoast SEO plugin v26.8 - https:\/\/yoast.com\/product\/yoast-seo-wordpress\/ -->\n<title>3.0 TDI &quot;BMK&quot;-motor [Audi A4, A6, A8, Phaeton]<\/title>\n<meta name=\"description\" content=\"En av motorene vi ofte har tilgjengelig. Send en foresp\u00f8rsel og du vil motta et tilbud innen 24 timer. Motorer, girkasser og andre bildeler med garanti.\" \/>\n<meta name=\"robots\" content=\"index, follow, max-snippet:-1, max-image-preview:large, max-video-preview:-1\" \/>\n<link rel=\"canonical\" href=\"https:\/\/autopartscenter24.com\/no\/auton-varaosat\/3-0-tdi-bmk-moottori-audi-a6-c6\/\" \/>\n<meta property=\"og:locale\" content=\"nb_NO\" \/>\n<meta property=\"og:type\" content=\"article\" \/>\n<meta property=\"og:title\" content=\"3.0 TDI &quot;BMK&quot;-motor [Audi A4, A6, A8, Phaeton]\" \/>\n<meta property=\"og:description\" content=\"En av motorene vi ofte har tilgjengelig. Send en foresp\u00f8rsel og du vil motta et tilbud innen 24 timer. Motorer, girkasser og andre bildeler med garanti.\" \/>\n<meta property=\"og:url\" content=\"https:\/\/autopartscenter24.com\/no\/auton-varaosat\/3-0-tdi-bmk-moottori-audi-a6-c6\/\" \/>\n<meta property=\"og:site_name\" content=\"Autopartscenter24\" \/>\n<meta property=\"og:image\" content=\"https:\/\/autopartscenter24.com\/wp-content\/uploads\/2023\/03\/3-0-tdi-bmk-moottori-audi-a6-c6.webp\" \/>\n\t<meta property=\"og:image:width\" content=\"800\" \/>\n\t<meta property=\"og:image:height\" content=\"600\" \/>\n\t<meta property=\"og:image:type\" content=\"image\/webp\" \/>\n<meta name=\"twitter:card\" content=\"summary_large_image\" \/>\n<meta name=\"twitter:label1\" content=\"Ansl. lesetid\" \/>\n\t<meta name=\"twitter:data1\" content=\"1 minutt\" \/>\n<script type=\"application\/ld+json\" class=\"yoast-schema-graph\">{\"@context\":\"https:\/\/schema.org\",\"@graph\":[{\"@type\":\"WebPage\",\"@id\":\"https:\/\/autopartscenter24.com\/auton-varaosat\/3-0-tdi-bmk-moottori-audi-a6-c6\/\",\"url\":\"https:\/\/autopartscenter24.com\/auton-varaosat\/3-0-tdi-bmk-moottori-audi-a6-c6\/\",\"name\":\"3.0 TDI \\\"BMK\\\"-motor [Audi A4, A6, A8, Phaeton]\",\"isPartOf\":{\"@id\":\"https:\/\/autopartscenter24.com\/#website\"},\"primaryImageOfPage\":{\"@id\":\"https:\/\/autopartscenter24.com\/auton-varaosat\/3-0-tdi-bmk-moottori-audi-a6-c6\/#primaryimage\"},\"image\":{\"@id\":\"https:\/\/autopartscenter24.com\/auton-varaosat\/3-0-tdi-bmk-moottori-audi-a6-c6\/#primaryimage\"},\"thumbnailUrl\":\"https:\/\/autopartscenter24.com\/wp-content\/uploads\/2023\/03\/3-0-tdi-bmk-moottori-audi-a6-c6.webp\",\"datePublished\":\"2023-12-02T12:22:39+00:00\",\"description\":\"En av motorene vi ofte har tilgjengelig. Send en foresp\u00f8rsel og du vil motta et tilbud innen 24 timer. Motorer, girkasser og andre bildeler med garanti.\",\"breadcrumb\":{\"@id\":\"https:\/\/autopartscenter24.com\/auton-varaosat\/3-0-tdi-bmk-moottori-audi-a6-c6\/#breadcrumb\"},\"inLanguage\":\"nb-NO\",\"potentialAction\":[{\"@type\":\"ReadAction\",\"target\":[\"https:\/\/autopartscenter24.com\/auton-varaosat\/3-0-tdi-bmk-moottori-audi-a6-c6\/\"]}]},{\"@type\":\"ImageObject\",\"inLanguage\":\"nb-NO\",\"@id\":\"https:\/\/autopartscenter24.com\/auton-varaosat\/3-0-tdi-bmk-moottori-audi-a6-c6\/#primaryimage\",\"url\":\"https:\/\/autopartscenter24.com\/wp-content\/uploads\/2023\/03\/3-0-tdi-bmk-moottori-audi-a6-c6.webp\",\"contentUrl\":\"https:\/\/autopartscenter24.com\/wp-content\/uploads\/2023\/03\/3-0-tdi-bmk-moottori-audi-a6-c6.webp\",\"width\":800,\"height\":600},{\"@type\":\"BreadcrumbList\",\"@id\":\"https:\/\/autopartscenter24.com\/auton-varaosat\/3-0-tdi-bmk-moottori-audi-a6-c6\/#breadcrumb\",\"itemListElement\":[{\"@type\":\"ListItem\",\"position\":1,\"name\":\"Hjem\",\"item\":\"https:\/\/aliceblue-termite-662564.hostingersite.com\/\"},{\"@type\":\"ListItem\",\"position\":2,\"name\":\"Auton varaosat\",\"item\":\"https:\/\/aliceblue-termite-662564.hostingersite.com\/auton-varaosat\/\"},{\"@type\":\"ListItem\",\"position\":3,\"name\":\"3.0 TDI &#8221;BMK&#8221;-motor [Audi A4, A6, A8, Phaeton]\"}]},{\"@type\":\"WebSite\",\"@id\":\"https:\/\/autopartscenter24.com\/#website\",\"url\":\"https:\/\/autopartscenter24.com\/\",\"name\":\"Autopartscenter24\",\"description\":\"K\u00c4YTETYT JA KUNNOSTETUT  AUTON VARAOSAT\",\"potentialAction\":[{\"@type\":\"SearchAction\",\"target\":{\"@type\":\"EntryPoint\",\"urlTemplate\":\"https:\/\/autopartscenter24.com\/?s={search_term_string}\"},\"query-input\":{\"@type\":\"PropertyValueSpecification\",\"valueRequired\":true,\"valueName\":\"search_term_string\"}}],\"inLanguage\":\"nb-NO\"}]}<\/script>\n<!-- \/ Yoast SEO plugin. -->","yoast_head_json":{"title":"3.0 TDI \"BMK\"-motor [Audi A4, A6, A8, Phaeton]","description":"En av motorene vi ofte har tilgjengelig. Send en foresp\u00f8rsel og du vil motta et tilbud innen 24 timer. Motorer, girkasser og andre bildeler med garanti.","robots":{"index":"index","follow":"follow","max-snippet":"max-snippet:-1","max-image-preview":"max-image-preview:large","max-video-preview":"max-video-preview:-1"},"canonical":"https:\/\/autopartscenter24.com\/no\/auton-varaosat\/3-0-tdi-bmk-moottori-audi-a6-c6\/","og_locale":"nb_NO","og_type":"article","og_title":"3.0 TDI \"BMK\"-motor [Audi A4, A6, A8, Phaeton]","og_description":"En av motorene vi ofte har tilgjengelig. Send en foresp\u00f8rsel og du vil motta et tilbud innen 24 timer. Motorer, girkasser og andre bildeler med garanti.","og_url":"https:\/\/autopartscenter24.com\/no\/auton-varaosat\/3-0-tdi-bmk-moottori-audi-a6-c6\/","og_site_name":"Autopartscenter24","og_image":[{"width":800,"height":600,"url":"https:\/\/autopartscenter24.com\/wp-content\/uploads\/2023\/03\/3-0-tdi-bmk-moottori-audi-a6-c6.webp","type":"image\/webp"}],"twitter_card":"summary_large_image","twitter_misc":{"Ansl. lesetid":"1 minutt"},"schema":{"@context":"https:\/\/schema.org","@graph":[{"@type":"WebPage","@id":"https:\/\/autopartscenter24.com\/auton-varaosat\/3-0-tdi-bmk-moottori-audi-a6-c6\/","url":"https:\/\/autopartscenter24.com\/auton-varaosat\/3-0-tdi-bmk-moottori-audi-a6-c6\/","name":"3.0 TDI \"BMK\"-motor [Audi A4, A6, A8, Phaeton]","isPartOf":{"@id":"https:\/\/autopartscenter24.com\/#website"},"primaryImageOfPage":{"@id":"https:\/\/autopartscenter24.com\/auton-varaosat\/3-0-tdi-bmk-moottori-audi-a6-c6\/#primaryimage"},"image":{"@id":"https:\/\/autopartscenter24.com\/auton-varaosat\/3-0-tdi-bmk-moottori-audi-a6-c6\/#primaryimage"},"thumbnailUrl":"https:\/\/autopartscenter24.com\/wp-content\/uploads\/2023\/03\/3-0-tdi-bmk-moottori-audi-a6-c6.webp","datePublished":"2023-12-02T12:22:39+00:00","description":"En av motorene vi ofte har tilgjengelig. Send en foresp\u00f8rsel og du vil motta et tilbud innen 24 timer. Motorer, girkasser og andre bildeler med garanti.","breadcrumb":{"@id":"https:\/\/autopartscenter24.com\/auton-varaosat\/3-0-tdi-bmk-moottori-audi-a6-c6\/#breadcrumb"},"inLanguage":"nb-NO","potentialAction":[{"@type":"ReadAction","target":["https:\/\/autopartscenter24.com\/auton-varaosat\/3-0-tdi-bmk-moottori-audi-a6-c6\/"]}]},{"@type":"ImageObject","inLanguage":"nb-NO","@id":"https:\/\/autopartscenter24.com\/auton-varaosat\/3-0-tdi-bmk-moottori-audi-a6-c6\/#primaryimage","url":"https:\/\/autopartscenter24.com\/wp-content\/uploads\/2023\/03\/3-0-tdi-bmk-moottori-audi-a6-c6.webp","contentUrl":"https:\/\/autopartscenter24.com\/wp-content\/uploads\/2023\/03\/3-0-tdi-bmk-moottori-audi-a6-c6.webp","width":800,"height":600},{"@type":"BreadcrumbList","@id":"https:\/\/autopartscenter24.com\/auton-varaosat\/3-0-tdi-bmk-moottori-audi-a6-c6\/#breadcrumb","itemListElement":[{"@type":"ListItem","position":1,"name":"Hjem","item":"https:\/\/aliceblue-termite-662564.hostingersite.com\/"},{"@type":"ListItem","position":2,"name":"Auton varaosat","item":"https:\/\/aliceblue-termite-662564.hostingersite.com\/auton-varaosat\/"},{"@type":"ListItem","position":3,"name":"3.0 TDI &#8221;BMK&#8221;-motor [Audi A4, A6, A8, Phaeton]"}]},{"@type":"WebSite","@id":"https:\/\/autopartscenter24.com\/#website","url":"https:\/\/autopartscenter24.com\/","name":"Autopartscenter24","description":"K\u00c4YTETYT JA KUNNOSTETUT  AUTON VARAOSAT","potentialAction":[{"@type":"SearchAction","target":{"@type":"EntryPoint","urlTemplate":"https:\/\/autopartscenter24.com\/?s={search_term_string}"},"query-input":{"@type":"PropertyValueSpecification","valueRequired":true,"valueName":"search_term_string"}}],"inLanguage":"nb-NO"}]}},"_links":{"self":[{"href":"https:\/\/autopartscenter24.com\/no\/wp-json\/wp\/v2\/product\/5731","targetHints":{"allow":["GET"]}}],"collection":[{"href":"https:\/\/autopartscenter24.com\/no\/wp-json\/wp\/v2\/product"}],"about":[{"href":"https:\/\/autopartscenter24.com\/no\/wp-json\/wp\/v2\/types\/product"}],"wp:featuredmedia":[{"embeddable":true,"href":"https:\/\/autopartscenter24.com\/no\/wp-json\/wp\/v2\/media\/4718"}],"wp:attachment":[{"href":"https:\/\/autopartscenter24.com\/no\/wp-json\/wp\/v2\/media?parent=5731"}],"wp:term":[{"taxonomy":"product_brand","embeddable":true,"href":"https:\/\/autopartscenter24.com\/no\/wp-json\/wp\/v2\/product_brand?post=5731"},{"taxonomy":"product_cat","embeddable":true,"href":"https:\/\/autopartscenter24.com\/no\/wp-json\/wp\/v2\/product_cat?post=5731"},{"taxonomy":"product_tag","embeddable":true,"href":"https:\/\/autopartscenter24.com\/no\/wp-json\/wp\/v2\/product_tag?post=5731"}],"curies":[{"name":"wp","href":"https:\/\/api.w.org\/{rel}","templated":true}]}}