{"id":5730,"date":"2023-03-08T18:49:53","date_gmt":"2023-12-02T12:16:56","guid":{"rendered":"https:\/\/autopartscenter24.com\/product\/2-0-tdi-bmp-motor-f-eks-golf-passat-octavia-a4-touran\/"},"modified":"2023-12-02T13:16:56","modified_gmt":"2023-12-02T12:16:56","slug":"2-0-tdi-bmp-motor-f-eks-golf-passat-octavia-a4-touran","status":"publish","type":"product","link":"https:\/\/autopartscenter24.com\/no\/auton-varaosat\/2-0-tdi-bmp-motor-f-eks-golf-passat-octavia-a4-touran\/","title":{"rendered":"2.0 TDI &laquo;BMP&raquo;-motor [f.eks. Golf, Passat, Octavia, A4, Touran]"},"content":{"rendered":"<p>2.0 TDI-motoren er en av Volkswagen-konsernets mest popul\u00e6re dieselmotorer, som har v\u00e6rt brukt i flere bilmodeller. Motorkoden er BMP og den ble introdusert for f\u00f8rste gang i 2003. Motoren har fire sylindre og er utstyrt med direkte innspr\u00f8ytning (common rail) og turbo.<\/p>\n<p>Den st\u00f8rste fordelen med BMP-motoren er ytelsen og \u00f8konomien. Kraften til motoren varierer avhengig av bilmodell, men vanligvis produserer den ca 100-140 kW effekt og ca 300-400 Nm dreiemoment. Toppfarten p\u00e5 motoren er ca 200-240 km\/t og akselerasjonen fra 0-100 km\/t er ca 8-10 sekunder. \u00d8konomi er ogs\u00e5 en av de viktigste egenskapene til BMP-motoren, siden den bruker lite drivstoff og reduserer utslipp. Gjennomsnittlig drivstofforbruk til motoren er ca 5-7 liter\/100 km.<\/p>\n<p>BMP-motoren er utstyrt med mange tekniske funksjoner som forbedrer ytelsen og holdbarheten. Motoren har for eksempel en turbolader som \u00f8ker motoreffekten og dreiemomentet ved lave turtall. Motorens direkteinnspr\u00f8ytningssystem \u00f8ker effektiv bruk av drivstoff, noe som reduserer motorutslipp og forbruk. Motoren er ogs\u00e5 utstyrt med et tomassesvinghjul for \u00e5 redusere vibrasjoner og st\u00f8y.<\/p>\n<p>BMP-motoren er sv\u00e6rt p\u00e5litelig og holdbar, noe som gj\u00f8r den til et popul\u00e6rt alternativ i Volkswagen Group-biler. Motorens tekniske egenskaper forbedrer ytelsen og \u00f8konomien, noe som gj\u00f8r den til et attraktivt alternativ for de som leter etter en effektiv og \u00f8konomisk dieselmotor.<\/p>\n","protected":false},"excerpt":{"rendered":"<p>BMP-motoren har blitt brukt i flere Volkswagen Group bilmodeller. Nedenfor er en liste over noen av bilene motoren har blitt brukt i:<\/p>\n<ul>\n<li>Volkswagen Golf V (2003-2008)<\/li>\n<li>Volkswagen Jetta V (2005-2010)<\/li>\n<li>Volkswagen Passat B6 (2005-2010)<\/li>\n<li>Volkswagen Touran I (2003-2010)<\/li>\n<li>Audi A3 8P (2003-2013)<\/li>\n<li>Audi A4 B7 (2004-2008)<\/li>\n<li>Audi A6 C6 (2004-2011)<\/li>\n<li>Skoda Octavia II (2004-2013)<\/li>\n<li>SEAT Leon II (2005-2012)<\/li>\n<\/ul>\n","protected":false},"featured_media":4723,"template":"","meta":[],"product_brand":[],"product_cat":[487,628,485],"product_tag":[488,808,489,880,490,491,492],"class_list":{"0":"post-5730","1":"product","2":"type-product","3":"status-publish","4":"has-post-thumbnail","6":"product_cat-seat-no","7":"product_cat-subaru-no","8":"product_cat-vw-no","9":"product_tag-a3-no","10":"product_tag-a4-no","11":"product_tag-golf-no","12":"product_tag-leon-no","13":"product_tag-octavia-no","14":"product_tag-passat-no","15":"product_tag-touran-no","16":"pa_varaosan-osasto-motor-no","19":"first","20":"instock","21":"shipping-taxable","22":"product-type-simple"},"yoast_head":"<!-- This site is optimized with the Yoast SEO plugin v26.8 - https:\/\/yoast.com\/product\/yoast-seo-wordpress\/ -->\n<title>2.0 TDI &quot;BMP&quot;-motor [f.eks. Golf, Passat, Octavia, A4, Touran]<\/title>\n<meta name=\"description\" content=\"En av motorene vi ofte har tilgjengelig. Send en foresp\u00f8rsel og du vil motta et tilbud innen 24 timer. Motorer, girkasser og andre bildeler med garanti.\" \/>\n<meta name=\"robots\" content=\"index, follow, max-snippet:-1, max-image-preview:large, max-video-preview:-1\" \/>\n<link rel=\"canonical\" href=\"https:\/\/autopartscenter24.com\/no\/auton-varaosat\/2-0-tdi-bmp-moottori-vw-passat-b6-superb-ii\/\" \/>\n<meta property=\"og:locale\" content=\"nb_NO\" \/>\n<meta property=\"og:type\" content=\"article\" \/>\n<meta property=\"og:title\" content=\"2.0 TDI &quot;BMP&quot;-motor [f.eks. Golf, Passat, Octavia, A4, Touran]\" \/>\n<meta property=\"og:description\" content=\"En av motorene vi ofte har tilgjengelig. Send en foresp\u00f8rsel og du vil motta et tilbud innen 24 timer. Motorer, girkasser og andre bildeler med garanti.\" \/>\n<meta property=\"og:url\" content=\"https:\/\/autopartscenter24.com\/no\/auton-varaosat\/2-0-tdi-bmp-moottori-vw-passat-b6-superb-ii\/\" \/>\n<meta property=\"og:site_name\" content=\"Autopartscenter24\" \/>\n<meta property=\"og:image\" content=\"https:\/\/autopartscenter24.com\/wp-content\/uploads\/2023\/03\/2-0-tdi-bmp-moottori-vw-passat-b6-superb-ii.webp\" \/>\n\t<meta property=\"og:image:width\" content=\"800\" \/>\n\t<meta property=\"og:image:height\" content=\"600\" \/>\n\t<meta property=\"og:image:type\" content=\"image\/webp\" \/>\n<meta name=\"twitter:card\" content=\"summary_large_image\" \/>\n<meta name=\"twitter:label1\" content=\"Ansl. lesetid\" \/>\n\t<meta name=\"twitter:data1\" content=\"1 minutt\" \/>\n<script type=\"application\/ld+json\" class=\"yoast-schema-graph\">{\"@context\":\"https:\/\/schema.org\",\"@graph\":[{\"@type\":\"WebPage\",\"@id\":\"https:\/\/autopartscenter24.com\/auton-varaosat\/2-0-tdi-bmp-moottori-vw-passat-b6-superb-ii\/\",\"url\":\"https:\/\/autopartscenter24.com\/auton-varaosat\/2-0-tdi-bmp-moottori-vw-passat-b6-superb-ii\/\",\"name\":\"2.0 TDI \\\"BMP\\\"-motor [f.eks. Golf, Passat, Octavia, A4, Touran]\",\"isPartOf\":{\"@id\":\"https:\/\/autopartscenter24.com\/#website\"},\"primaryImageOfPage\":{\"@id\":\"https:\/\/autopartscenter24.com\/auton-varaosat\/2-0-tdi-bmp-moottori-vw-passat-b6-superb-ii\/#primaryimage\"},\"image\":{\"@id\":\"https:\/\/autopartscenter24.com\/auton-varaosat\/2-0-tdi-bmp-moottori-vw-passat-b6-superb-ii\/#primaryimage\"},\"thumbnailUrl\":\"https:\/\/autopartscenter24.com\/wp-content\/uploads\/2023\/03\/2-0-tdi-bmp-moottori-vw-passat-b6-superb-ii.webp\",\"datePublished\":\"2023-12-02T12:16:56+00:00\",\"description\":\"En av motorene vi ofte har tilgjengelig. Send en foresp\u00f8rsel og du vil motta et tilbud innen 24 timer. Motorer, girkasser og andre bildeler med garanti.\",\"breadcrumb\":{\"@id\":\"https:\/\/autopartscenter24.com\/auton-varaosat\/2-0-tdi-bmp-moottori-vw-passat-b6-superb-ii\/#breadcrumb\"},\"inLanguage\":\"nb-NO\",\"potentialAction\":[{\"@type\":\"ReadAction\",\"target\":[\"https:\/\/autopartscenter24.com\/auton-varaosat\/2-0-tdi-bmp-moottori-vw-passat-b6-superb-ii\/\"]}]},{\"@type\":\"ImageObject\",\"inLanguage\":\"nb-NO\",\"@id\":\"https:\/\/autopartscenter24.com\/auton-varaosat\/2-0-tdi-bmp-moottori-vw-passat-b6-superb-ii\/#primaryimage\",\"url\":\"https:\/\/autopartscenter24.com\/wp-content\/uploads\/2023\/03\/2-0-tdi-bmp-moottori-vw-passat-b6-superb-ii.webp\",\"contentUrl\":\"https:\/\/autopartscenter24.com\/wp-content\/uploads\/2023\/03\/2-0-tdi-bmp-moottori-vw-passat-b6-superb-ii.webp\",\"width\":800,\"height\":600},{\"@type\":\"BreadcrumbList\",\"@id\":\"https:\/\/autopartscenter24.com\/auton-varaosat\/2-0-tdi-bmp-moottori-vw-passat-b6-superb-ii\/#breadcrumb\",\"itemListElement\":[{\"@type\":\"ListItem\",\"position\":1,\"name\":\"Hjem\",\"item\":\"https:\/\/aliceblue-termite-662564.hostingersite.com\/\"},{\"@type\":\"ListItem\",\"position\":2,\"name\":\"Auton varaosat\",\"item\":\"https:\/\/aliceblue-termite-662564.hostingersite.com\/auton-varaosat\/\"},{\"@type\":\"ListItem\",\"position\":3,\"name\":\"2.0 TDI &#8221;BMP&#8221;-motor [f.eks. Golf, Passat, Octavia, A4, Touran]\"}]},{\"@type\":\"WebSite\",\"@id\":\"https:\/\/autopartscenter24.com\/#website\",\"url\":\"https:\/\/autopartscenter24.com\/\",\"name\":\"Autopartscenter24\",\"description\":\"K\u00c4YTETYT JA KUNNOSTETUT  AUTON VARAOSAT\",\"potentialAction\":[{\"@type\":\"SearchAction\",\"target\":{\"@type\":\"EntryPoint\",\"urlTemplate\":\"https:\/\/autopartscenter24.com\/?s={search_term_string}\"},\"query-input\":{\"@type\":\"PropertyValueSpecification\",\"valueRequired\":true,\"valueName\":\"search_term_string\"}}],\"inLanguage\":\"nb-NO\"}]}<\/script>\n<!-- \/ Yoast SEO plugin. -->","yoast_head_json":{"title":"2.0 TDI \"BMP\"-motor [f.eks. Golf, Passat, Octavia, A4, Touran]","description":"En av motorene vi ofte har tilgjengelig. Send en foresp\u00f8rsel og du vil motta et tilbud innen 24 timer. Motorer, girkasser og andre bildeler med garanti.","robots":{"index":"index","follow":"follow","max-snippet":"max-snippet:-1","max-image-preview":"max-image-preview:large","max-video-preview":"max-video-preview:-1"},"canonical":"https:\/\/autopartscenter24.com\/no\/auton-varaosat\/2-0-tdi-bmp-moottori-vw-passat-b6-superb-ii\/","og_locale":"nb_NO","og_type":"article","og_title":"2.0 TDI \"BMP\"-motor [f.eks. Golf, Passat, Octavia, A4, Touran]","og_description":"En av motorene vi ofte har tilgjengelig. Send en foresp\u00f8rsel og du vil motta et tilbud innen 24 timer. Motorer, girkasser og andre bildeler med garanti.","og_url":"https:\/\/autopartscenter24.com\/no\/auton-varaosat\/2-0-tdi-bmp-moottori-vw-passat-b6-superb-ii\/","og_site_name":"Autopartscenter24","og_image":[{"width":800,"height":600,"url":"https:\/\/autopartscenter24.com\/wp-content\/uploads\/2023\/03\/2-0-tdi-bmp-moottori-vw-passat-b6-superb-ii.webp","type":"image\/webp"}],"twitter_card":"summary_large_image","twitter_misc":{"Ansl. lesetid":"1 minutt"},"schema":{"@context":"https:\/\/schema.org","@graph":[{"@type":"WebPage","@id":"https:\/\/autopartscenter24.com\/auton-varaosat\/2-0-tdi-bmp-moottori-vw-passat-b6-superb-ii\/","url":"https:\/\/autopartscenter24.com\/auton-varaosat\/2-0-tdi-bmp-moottori-vw-passat-b6-superb-ii\/","name":"2.0 TDI \"BMP\"-motor [f.eks. Golf, Passat, Octavia, A4, Touran]","isPartOf":{"@id":"https:\/\/autopartscenter24.com\/#website"},"primaryImageOfPage":{"@id":"https:\/\/autopartscenter24.com\/auton-varaosat\/2-0-tdi-bmp-moottori-vw-passat-b6-superb-ii\/#primaryimage"},"image":{"@id":"https:\/\/autopartscenter24.com\/auton-varaosat\/2-0-tdi-bmp-moottori-vw-passat-b6-superb-ii\/#primaryimage"},"thumbnailUrl":"https:\/\/autopartscenter24.com\/wp-content\/uploads\/2023\/03\/2-0-tdi-bmp-moottori-vw-passat-b6-superb-ii.webp","datePublished":"2023-12-02T12:16:56+00:00","description":"En av motorene vi ofte har tilgjengelig. Send en foresp\u00f8rsel og du vil motta et tilbud innen 24 timer. Motorer, girkasser og andre bildeler med garanti.","breadcrumb":{"@id":"https:\/\/autopartscenter24.com\/auton-varaosat\/2-0-tdi-bmp-moottori-vw-passat-b6-superb-ii\/#breadcrumb"},"inLanguage":"nb-NO","potentialAction":[{"@type":"ReadAction","target":["https:\/\/autopartscenter24.com\/auton-varaosat\/2-0-tdi-bmp-moottori-vw-passat-b6-superb-ii\/"]}]},{"@type":"ImageObject","inLanguage":"nb-NO","@id":"https:\/\/autopartscenter24.com\/auton-varaosat\/2-0-tdi-bmp-moottori-vw-passat-b6-superb-ii\/#primaryimage","url":"https:\/\/autopartscenter24.com\/wp-content\/uploads\/2023\/03\/2-0-tdi-bmp-moottori-vw-passat-b6-superb-ii.webp","contentUrl":"https:\/\/autopartscenter24.com\/wp-content\/uploads\/2023\/03\/2-0-tdi-bmp-moottori-vw-passat-b6-superb-ii.webp","width":800,"height":600},{"@type":"BreadcrumbList","@id":"https:\/\/autopartscenter24.com\/auton-varaosat\/2-0-tdi-bmp-moottori-vw-passat-b6-superb-ii\/#breadcrumb","itemListElement":[{"@type":"ListItem","position":1,"name":"Hjem","item":"https:\/\/aliceblue-termite-662564.hostingersite.com\/"},{"@type":"ListItem","position":2,"name":"Auton varaosat","item":"https:\/\/aliceblue-termite-662564.hostingersite.com\/auton-varaosat\/"},{"@type":"ListItem","position":3,"name":"2.0 TDI &#8221;BMP&#8221;-motor [f.eks. Golf, Passat, Octavia, A4, Touran]"}]},{"@type":"WebSite","@id":"https:\/\/autopartscenter24.com\/#website","url":"https:\/\/autopartscenter24.com\/","name":"Autopartscenter24","description":"K\u00c4YTETYT JA KUNNOSTETUT  AUTON VARAOSAT","potentialAction":[{"@type":"SearchAction","target":{"@type":"EntryPoint","urlTemplate":"https:\/\/autopartscenter24.com\/?s={search_term_string}"},"query-input":{"@type":"PropertyValueSpecification","valueRequired":true,"valueName":"search_term_string"}}],"inLanguage":"nb-NO"}]}},"_links":{"self":[{"href":"https:\/\/autopartscenter24.com\/no\/wp-json\/wp\/v2\/product\/5730","targetHints":{"allow":["GET"]}}],"collection":[{"href":"https:\/\/autopartscenter24.com\/no\/wp-json\/wp\/v2\/product"}],"about":[{"href":"https:\/\/autopartscenter24.com\/no\/wp-json\/wp\/v2\/types\/product"}],"wp:featuredmedia":[{"embeddable":true,"href":"https:\/\/autopartscenter24.com\/no\/wp-json\/wp\/v2\/media\/4723"}],"wp:attachment":[{"href":"https:\/\/autopartscenter24.com\/no\/wp-json\/wp\/v2\/media?parent=5730"}],"wp:term":[{"taxonomy":"product_brand","embeddable":true,"href":"https:\/\/autopartscenter24.com\/no\/wp-json\/wp\/v2\/product_brand?post=5730"},{"taxonomy":"product_cat","embeddable":true,"href":"https:\/\/autopartscenter24.com\/no\/wp-json\/wp\/v2\/product_cat?post=5730"},{"taxonomy":"product_tag","embeddable":true,"href":"https:\/\/autopartscenter24.com\/no\/wp-json\/wp\/v2\/product_tag?post=5730"}],"curies":[{"name":"wp","href":"https:\/\/api.w.org\/{rel}","templated":true}]}}