{"id":5729,"date":"2023-03-08T18:53:44","date_gmt":"2023-12-02T12:09:18","guid":{"rendered":"https:\/\/autopartscenter24.com\/product\/15-t-4b40-motor-mitsubishi-eclipse-cross-outlancer-lancer\/"},"modified":"2023-12-02T13:09:18","modified_gmt":"2023-12-02T12:09:18","slug":"15-t-4b40-motor-mitsubishi-eclipse-cross-outlancer-lancer","status":"publish","type":"product","link":"https:\/\/autopartscenter24.com\/no\/auton-varaosat\/15-t-4b40-motor-mitsubishi-eclipse-cross-outlancer-lancer\/","title":{"rendered":"1,5 T &laquo;4B40&raquo; motor [Mitsubishi Eclipse Cross, Outlancer, Lancer]"},"content":{"rendered":"<div class=\"flex-1 overflow-hidden\">\n<div class=\"react-scroll-to-bottom--css-fagce-79elbk h-full dark:bg-gray-800\">\n<div class=\"react-scroll-to-bottom--css-fagce-1n7m0yu\">\n<div class=\"flex flex-col items-center text-sm dark:bg-gray-800\">\n<div class=\"w-full border-b border-black\/10 dark:border-gray-900\/50 text-gray-800 dark:text-gray-100 group bg-gray-50 dark:bg-[#444654]\">\n<div class=\"text-base gap-4 md:gap-6 m-auto md:max-w-2xl lg:max-w-2xl xl:max-w-3xl p-4 md:py-6 flex lg:px-0\">\n<div class=\"relative flex w-[calc(100%-50px)] flex-col gap-1 md:gap-3 lg:w-[calc(100%-115px)]\">\n<div class=\"flex flex-grow flex-col gap-3\">\n<div class=\"min-h-[20px] flex flex-col items-start gap-4 whitespace-pre-wrap\">\n<div class=\"markdown prose w-full break-words dark:prose-invert light\">\n<p><strong>1,5 T-motoren med motorkoden &laquo;4B40&raquo;<\/strong> ble utviklet av Mitsubishi. Det er en firesylindret motor designet for bruk i ulike personbiler. Den st\u00f8rste fordelen med denne motoren er dens ytelse, \u00f8konomi og p\u00e5litelighet.<\/p>\n<p>Den st\u00f8rste fordelen med Mitsubishi 1,5 T-motoren er dens kompakte struktur og letthet, som gj\u00f8r at den kan brukes i mindre biler, men samtidig gir tilstrekkelig kraft og ytelse. Motoren bruker direkte innspr\u00f8ytning (GDI), som garanterer optimal drivstoffinnspr\u00f8ytning og forbrenning. Motoren har ogs\u00e5 en lavtrykksturbolader som forbedrer motorytelsen og \u00f8ker dreiemomentet ved lave turtall.<\/p>\n<p>Veivakselen til motoren er laget av h\u00f8yverdig st\u00e5l, noe som gj\u00f8r den slitesterk og reduserer vibrasjoner. Motorens sylindre er laget av slitesterkt st\u00f8pejern, noe som forbedrer holdbarheten til motoren. Motorens stempler er laget av aluminium, noe som gj\u00f8r dem lette og slitesterke.<\/p>\n<p>Mitsubishi 1,5 T-motoren er ogs\u00e5 sv\u00e6rt \u00f8konomisk. Motoren har en start-stopp-funksjon, som sl\u00e5r av motoren automatisk n\u00e5r bilen stopper i et lyskryss eller i trafikkork. Motoren har ogs\u00e5 et system som hindrer at motoren overopphetes, noe som reduserer drivstofforbruket og \u00f8ker levetiden til motoren.<\/p>\n<p>I tillegg til de som er nevnt ovenfor, har motoren ogs\u00e5 v\u00e6rt brukt i andre Mitsubishi-modeller. Motorens levetid og ytelse avhenger av mange faktorer, som kj\u00f8restil, servicehistorikk og driftsforhold.<\/p>\n<\/div>\n<\/div>\n<\/div>\n<\/div>\n<\/div>\n<\/div>\n<\/div>\n<p>&nbsp;<\/p>\n<\/div>\n<\/div>\n<\/div>\n<div class=\"absolute bottom-0 left-0 w-full border-t md:border-t-0 dark:border-white\/20 md:border-transparent md:dark:border-transparent md:bg-vert-light-gradient bg-white dark:bg-gray-800 md:!bg-transparent dark:md:bg-vert-dark-gradient\">\n<form class=\"stretch mx-2 flex flex-row gap-3 pt-2 last:mb-2 md:last:mb-6 lg:mx-auto lg:max-w-3xl lg:pt-6\">\n<div class=\"relative flex h-full flex-1 md:flex-col\">\n<div class=\"flex ml-1 mt-1.5 md:w-full md:m-auto md:mb-2 gap-0 md:gap-2 justify-center\"><\/div>\n<\/div>\n<\/form>\n<\/div>\n","protected":false},"excerpt":{"rendered":"<p>Mitsubishi 1,5 T-motoren har v\u00e6rt tilgjengelig i flere bilmodeller. Her er en liste over noen av bilene motoren har blitt brukt i:<\/p>\n<ul>\n<li>Mitsubishi ASX (2010-2016)<\/li>\n<li>Mitsubishi Lancer (2016-2017)<\/li>\n<li>Mitsubishi Outlander (2013-2017)<\/li>\n<li>Mitsubishi Eclipse Cross (2017-2020)<\/li>\n<\/ul>\n","protected":false},"featured_media":4728,"template":"","meta":[],"product_brand":[],"product_cat":[596],"product_tag":[855,878,891],"class_list":{"0":"post-5729","1":"product","2":"type-product","3":"status-publish","4":"has-post-thumbnail","6":"product_cat-mitsubishi-no","7":"product_tag-eclipse-cross-no","8":"product_tag-lancer-no","9":"product_tag-outlander-no","10":"pa_varaosan-osasto-motor-no","13":"first","14":"instock","15":"shipping-taxable","16":"product-type-simple"},"yoast_head":"<!-- This site is optimized with the Yoast SEO plugin v26.8 - https:\/\/yoast.com\/product\/yoast-seo-wordpress\/ -->\n<title>1,5 T &quot;4B40&quot; motor [Mitsubishi Eclipse Cross, Outlancer, Lancer]<\/title>\n<meta name=\"description\" content=\"En av motorene vi ofte har tilgjengelig. Send en foresp\u00f8rsel og du vil motta et tilbud innen 24 timer. Motorer, girkasser og andre bildeler med garanti.\" \/>\n<meta name=\"robots\" content=\"index, follow, max-snippet:-1, max-image-preview:large, max-video-preview:-1\" \/>\n<link rel=\"canonical\" href=\"https:\/\/autopartscenter24.com\/no\/auton-varaosat\/1-5-t-4b40-moottori-mitsubishi-eclipse-cross\/\" \/>\n<meta property=\"og:locale\" content=\"nb_NO\" \/>\n<meta property=\"og:type\" content=\"article\" \/>\n<meta property=\"og:title\" content=\"1,5 T &quot;4B40&quot; motor [Mitsubishi Eclipse Cross, Outlancer, Lancer]\" \/>\n<meta property=\"og:description\" content=\"En av motorene vi ofte har tilgjengelig. Send en foresp\u00f8rsel og du vil motta et tilbud innen 24 timer. Motorer, girkasser og andre bildeler med garanti.\" \/>\n<meta property=\"og:url\" content=\"https:\/\/autopartscenter24.com\/no\/auton-varaosat\/1-5-t-4b40-moottori-mitsubishi-eclipse-cross\/\" \/>\n<meta property=\"og:site_name\" content=\"Autopartscenter24\" \/>\n<meta property=\"og:image\" content=\"https:\/\/autopartscenter24.com\/wp-content\/uploads\/2023\/03\/1-5-t-4b40-moottori-mitsubishi-eclipse-cross.webp\" \/>\n\t<meta property=\"og:image:width\" content=\"800\" \/>\n\t<meta property=\"og:image:height\" content=\"600\" \/>\n\t<meta property=\"og:image:type\" content=\"image\/webp\" \/>\n<meta name=\"twitter:card\" content=\"summary_large_image\" \/>\n<meta name=\"twitter:label1\" content=\"Ansl. lesetid\" \/>\n\t<meta name=\"twitter:data1\" content=\"1 minutt\" \/>\n<script type=\"application\/ld+json\" class=\"yoast-schema-graph\">{\"@context\":\"https:\/\/schema.org\",\"@graph\":[{\"@type\":\"WebPage\",\"@id\":\"https:\/\/autopartscenter24.com\/auton-varaosat\/1-5-t-4b40-moottori-mitsubishi-eclipse-cross\/\",\"url\":\"https:\/\/autopartscenter24.com\/auton-varaosat\/1-5-t-4b40-moottori-mitsubishi-eclipse-cross\/\",\"name\":\"1,5 T \\\"4B40\\\" motor [Mitsubishi Eclipse Cross, Outlancer, Lancer]\",\"isPartOf\":{\"@id\":\"https:\/\/autopartscenter24.com\/#website\"},\"primaryImageOfPage\":{\"@id\":\"https:\/\/autopartscenter24.com\/auton-varaosat\/1-5-t-4b40-moottori-mitsubishi-eclipse-cross\/#primaryimage\"},\"image\":{\"@id\":\"https:\/\/autopartscenter24.com\/auton-varaosat\/1-5-t-4b40-moottori-mitsubishi-eclipse-cross\/#primaryimage\"},\"thumbnailUrl\":\"https:\/\/autopartscenter24.com\/wp-content\/uploads\/2023\/03\/1-5-t-4b40-moottori-mitsubishi-eclipse-cross.webp\",\"datePublished\":\"2023-12-02T12:09:18+00:00\",\"description\":\"En av motorene vi ofte har tilgjengelig. Send en foresp\u00f8rsel og du vil motta et tilbud innen 24 timer. Motorer, girkasser og andre bildeler med garanti.\",\"breadcrumb\":{\"@id\":\"https:\/\/autopartscenter24.com\/auton-varaosat\/1-5-t-4b40-moottori-mitsubishi-eclipse-cross\/#breadcrumb\"},\"inLanguage\":\"nb-NO\",\"potentialAction\":[{\"@type\":\"ReadAction\",\"target\":[\"https:\/\/autopartscenter24.com\/auton-varaosat\/1-5-t-4b40-moottori-mitsubishi-eclipse-cross\/\"]}]},{\"@type\":\"ImageObject\",\"inLanguage\":\"nb-NO\",\"@id\":\"https:\/\/autopartscenter24.com\/auton-varaosat\/1-5-t-4b40-moottori-mitsubishi-eclipse-cross\/#primaryimage\",\"url\":\"https:\/\/autopartscenter24.com\/wp-content\/uploads\/2023\/03\/1-5-t-4b40-moottori-mitsubishi-eclipse-cross.webp\",\"contentUrl\":\"https:\/\/autopartscenter24.com\/wp-content\/uploads\/2023\/03\/1-5-t-4b40-moottori-mitsubishi-eclipse-cross.webp\",\"width\":800,\"height\":600},{\"@type\":\"BreadcrumbList\",\"@id\":\"https:\/\/autopartscenter24.com\/auton-varaosat\/1-5-t-4b40-moottori-mitsubishi-eclipse-cross\/#breadcrumb\",\"itemListElement\":[{\"@type\":\"ListItem\",\"position\":1,\"name\":\"Hjem\",\"item\":\"https:\/\/aliceblue-termite-662564.hostingersite.com\/\"},{\"@type\":\"ListItem\",\"position\":2,\"name\":\"Auton varaosat\",\"item\":\"https:\/\/aliceblue-termite-662564.hostingersite.com\/auton-varaosat\/\"},{\"@type\":\"ListItem\",\"position\":3,\"name\":\"1,5 T &#8221;4B40&#8221; motor [Mitsubishi Eclipse Cross, Outlancer, Lancer]\"}]},{\"@type\":\"WebSite\",\"@id\":\"https:\/\/autopartscenter24.com\/#website\",\"url\":\"https:\/\/autopartscenter24.com\/\",\"name\":\"Autopartscenter24\",\"description\":\"K\u00c4YTETYT JA KUNNOSTETUT  AUTON VARAOSAT\",\"potentialAction\":[{\"@type\":\"SearchAction\",\"target\":{\"@type\":\"EntryPoint\",\"urlTemplate\":\"https:\/\/autopartscenter24.com\/?s={search_term_string}\"},\"query-input\":{\"@type\":\"PropertyValueSpecification\",\"valueRequired\":true,\"valueName\":\"search_term_string\"}}],\"inLanguage\":\"nb-NO\"}]}<\/script>\n<!-- \/ Yoast SEO plugin. -->","yoast_head_json":{"title":"1,5 T \"4B40\" motor [Mitsubishi Eclipse Cross, Outlancer, Lancer]","description":"En av motorene vi ofte har tilgjengelig. Send en foresp\u00f8rsel og du vil motta et tilbud innen 24 timer. Motorer, girkasser og andre bildeler med garanti.","robots":{"index":"index","follow":"follow","max-snippet":"max-snippet:-1","max-image-preview":"max-image-preview:large","max-video-preview":"max-video-preview:-1"},"canonical":"https:\/\/autopartscenter24.com\/no\/auton-varaosat\/1-5-t-4b40-moottori-mitsubishi-eclipse-cross\/","og_locale":"nb_NO","og_type":"article","og_title":"1,5 T \"4B40\" motor [Mitsubishi Eclipse Cross, Outlancer, Lancer]","og_description":"En av motorene vi ofte har tilgjengelig. Send en foresp\u00f8rsel og du vil motta et tilbud innen 24 timer. Motorer, girkasser og andre bildeler med garanti.","og_url":"https:\/\/autopartscenter24.com\/no\/auton-varaosat\/1-5-t-4b40-moottori-mitsubishi-eclipse-cross\/","og_site_name":"Autopartscenter24","og_image":[{"width":800,"height":600,"url":"https:\/\/autopartscenter24.com\/wp-content\/uploads\/2023\/03\/1-5-t-4b40-moottori-mitsubishi-eclipse-cross.webp","type":"image\/webp"}],"twitter_card":"summary_large_image","twitter_misc":{"Ansl. lesetid":"1 minutt"},"schema":{"@context":"https:\/\/schema.org","@graph":[{"@type":"WebPage","@id":"https:\/\/autopartscenter24.com\/auton-varaosat\/1-5-t-4b40-moottori-mitsubishi-eclipse-cross\/","url":"https:\/\/autopartscenter24.com\/auton-varaosat\/1-5-t-4b40-moottori-mitsubishi-eclipse-cross\/","name":"1,5 T \"4B40\" motor [Mitsubishi Eclipse Cross, Outlancer, Lancer]","isPartOf":{"@id":"https:\/\/autopartscenter24.com\/#website"},"primaryImageOfPage":{"@id":"https:\/\/autopartscenter24.com\/auton-varaosat\/1-5-t-4b40-moottori-mitsubishi-eclipse-cross\/#primaryimage"},"image":{"@id":"https:\/\/autopartscenter24.com\/auton-varaosat\/1-5-t-4b40-moottori-mitsubishi-eclipse-cross\/#primaryimage"},"thumbnailUrl":"https:\/\/autopartscenter24.com\/wp-content\/uploads\/2023\/03\/1-5-t-4b40-moottori-mitsubishi-eclipse-cross.webp","datePublished":"2023-12-02T12:09:18+00:00","description":"En av motorene vi ofte har tilgjengelig. Send en foresp\u00f8rsel og du vil motta et tilbud innen 24 timer. Motorer, girkasser og andre bildeler med garanti.","breadcrumb":{"@id":"https:\/\/autopartscenter24.com\/auton-varaosat\/1-5-t-4b40-moottori-mitsubishi-eclipse-cross\/#breadcrumb"},"inLanguage":"nb-NO","potentialAction":[{"@type":"ReadAction","target":["https:\/\/autopartscenter24.com\/auton-varaosat\/1-5-t-4b40-moottori-mitsubishi-eclipse-cross\/"]}]},{"@type":"ImageObject","inLanguage":"nb-NO","@id":"https:\/\/autopartscenter24.com\/auton-varaosat\/1-5-t-4b40-moottori-mitsubishi-eclipse-cross\/#primaryimage","url":"https:\/\/autopartscenter24.com\/wp-content\/uploads\/2023\/03\/1-5-t-4b40-moottori-mitsubishi-eclipse-cross.webp","contentUrl":"https:\/\/autopartscenter24.com\/wp-content\/uploads\/2023\/03\/1-5-t-4b40-moottori-mitsubishi-eclipse-cross.webp","width":800,"height":600},{"@type":"BreadcrumbList","@id":"https:\/\/autopartscenter24.com\/auton-varaosat\/1-5-t-4b40-moottori-mitsubishi-eclipse-cross\/#breadcrumb","itemListElement":[{"@type":"ListItem","position":1,"name":"Hjem","item":"https:\/\/aliceblue-termite-662564.hostingersite.com\/"},{"@type":"ListItem","position":2,"name":"Auton varaosat","item":"https:\/\/aliceblue-termite-662564.hostingersite.com\/auton-varaosat\/"},{"@type":"ListItem","position":3,"name":"1,5 T &#8221;4B40&#8221; motor [Mitsubishi Eclipse Cross, Outlancer, Lancer]"}]},{"@type":"WebSite","@id":"https:\/\/autopartscenter24.com\/#website","url":"https:\/\/autopartscenter24.com\/","name":"Autopartscenter24","description":"K\u00c4YTETYT JA KUNNOSTETUT  AUTON VARAOSAT","potentialAction":[{"@type":"SearchAction","target":{"@type":"EntryPoint","urlTemplate":"https:\/\/autopartscenter24.com\/?s={search_term_string}"},"query-input":{"@type":"PropertyValueSpecification","valueRequired":true,"valueName":"search_term_string"}}],"inLanguage":"nb-NO"}]}},"_links":{"self":[{"href":"https:\/\/autopartscenter24.com\/no\/wp-json\/wp\/v2\/product\/5729","targetHints":{"allow":["GET"]}}],"collection":[{"href":"https:\/\/autopartscenter24.com\/no\/wp-json\/wp\/v2\/product"}],"about":[{"href":"https:\/\/autopartscenter24.com\/no\/wp-json\/wp\/v2\/types\/product"}],"wp:featuredmedia":[{"embeddable":true,"href":"https:\/\/autopartscenter24.com\/no\/wp-json\/wp\/v2\/media\/4728"}],"wp:attachment":[{"href":"https:\/\/autopartscenter24.com\/no\/wp-json\/wp\/v2\/media?parent=5729"}],"wp:term":[{"taxonomy":"product_brand","embeddable":true,"href":"https:\/\/autopartscenter24.com\/no\/wp-json\/wp\/v2\/product_brand?post=5729"},{"taxonomy":"product_cat","embeddable":true,"href":"https:\/\/autopartscenter24.com\/no\/wp-json\/wp\/v2\/product_cat?post=5729"},{"taxonomy":"product_tag","embeddable":true,"href":"https:\/\/autopartscenter24.com\/no\/wp-json\/wp\/v2\/product_tag?post=5729"}],"curies":[{"name":"wp","href":"https:\/\/api.w.org\/{rel}","templated":true}]}}