{"id":5728,"date":"2023-03-08T18:58:53","date_gmt":"2023-12-02T12:07:11","guid":{"rendered":"https:\/\/autopartscenter24.com\/product\/1-8-kompressor-271952-motor-mb-c-klass-w204\/"},"modified":"2023-12-02T13:07:11","modified_gmt":"2023-12-02T12:07:11","slug":"1-8-kompressor-271952-motor-mb-c-klass-w204","status":"publish","type":"product","link":"https:\/\/autopartscenter24.com\/no\/auton-varaosat\/1-8-kompressor-271952-motor-mb-c-klass-w204\/","title":{"rendered":"1.8 Kompressor &laquo;271952&raquo; Motor [MB C-Klass W204]"},"content":{"rendered":"<p>Den gelenklager 1,8-liters 4-sylindrede motoren med motorkode <strong>271.952<\/strong> er en superladet bensinmotor produsert av Mercedes-Benz. Motoren, kalt en kompressor, bruker ladetrykk for \u00e5 \u00f8ke luftkompresjonskapasiteten, noe som \u00f8ker motorens effektivitet. Denne motoren er spesielt designet for kj\u00f8ret\u00f8y med h\u00f8y ytelse, som ogs\u00e5 inkluderer sportsmodeller.<\/p>\n<p>Motorens veivhus er laget av st\u00f8pejern og har fire sylindre. Motorsylindrene er innstilt i en 90-graders vinkel, noe som forbedrer motorens effektivitet. Motoren har to ventiler per sylinder som fungerer sammen med veivakselen. Motoren har ogs\u00e5 et gassifiseringssystem, som hjelper til med \u00e5 tilf\u00f8re drivstoff til motoren i riktig proporsjon.<\/p>\n<p>Motoren bruker ogs\u00e5 ulike teknologier som bidrar til \u00e5 forbedre ytelsen og effektiviteten. Disse teknologiene inkluderer elektronisk gasskontroll som gir raskere gassrespons og drivstofftilf\u00f8rsel. Ladetrykket p\u00e5 motoren kan ogs\u00e5 justeres etter behov, slik at motoren kan fungere optimalt i alle kj\u00f8resituasjoner.<\/p>\n<p>Ytelsen til denne motoren varierer avhengig av kj\u00f8ret\u00f8yet, men den er vanligvis i stand til \u00e5 produsere rundt 140-180 hestekrefter og 220-250 Nm dreiemoment. Motoren kan akselerere de fleste kj\u00f8ret\u00f8y fra 0 til 100 p\u00e5 ca. 9-10 sekunder og n\u00e5 en topphastighet p\u00e5 ca. 200-220 km\/t.<\/p>\n<p>Alt i alt er Mercedes-Benz 1,8-liters Kompressor-motor med motorkode 271.952 en kraftig og p\u00e5litelig motor designet for \u00e5 levere topp ytelse.<\/p>\n","protected":false},"excerpt":{"rendered":"<p>Den 1,8-liters Kompressor-motoren produsert av Mercedes-Benz med motorkode 271.952 er installert i flere Mercedes-biler. Motoren ble blant annet brukt i f\u00f8lgende modeller og \u00e5rsmodeller:<\/p>\n<ul>\n<li>Mercedes-Benz C 180 Kompressor (W203) 2002-2007<\/li>\n<li>Mercedes-Benz CLC 180 Kompressor 2008\u20132010<\/li>\n<li>Mercedes-Benz E 200 Kompressor (W211) 2002\u20132006<\/li>\n<li>Mercedes-Benz SLK 200 Kompressor 2004\u20132011<\/li>\n<\/ul>\n","protected":false},"featured_media":4733,"template":"","meta":[],"product_brand":[],"product_cat":[592],"product_tag":[821,929],"class_list":{"0":"post-5728","1":"product","2":"type-product","3":"status-publish","4":"has-post-thumbnail","6":"product_cat-mercedes-benz-no","7":"product_tag-c-class-no","8":"product_tag-w204-no","9":"pa_varaosan-osasto-motor-no","12":"first","13":"instock","14":"shipping-taxable","15":"product-type-simple"},"yoast_head":"<!-- This site is optimized with the Yoast SEO plugin v26.8 - https:\/\/yoast.com\/product\/yoast-seo-wordpress\/ -->\n<title>1.8 Kompressor &quot;271952&quot; Motor [MB C-Klass W204]<\/title>\n<meta name=\"description\" content=\"En av motorene vi ofte har tilgjengelig. Send en foresp\u00f8rsel og du vil motta et tilbud innen 24 timer. Motorer, girkasser og andre bildeler med garanti.\" \/>\n<meta name=\"robots\" content=\"index, follow, max-snippet:-1, max-image-preview:large, max-video-preview:-1\" \/>\n<link rel=\"canonical\" href=\"https:\/\/autopartscenter24.com\/no\/auton-varaosat\/1-8-komp-271952-moottori-mb-klass-c-w204-s204\/\" \/>\n<meta property=\"og:locale\" content=\"nb_NO\" \/>\n<meta property=\"og:type\" content=\"article\" \/>\n<meta property=\"og:title\" content=\"1.8 Kompressor &quot;271952&quot; Motor [MB C-Klass W204]\" \/>\n<meta property=\"og:description\" content=\"En av motorene vi ofte har tilgjengelig. Send en foresp\u00f8rsel og du vil motta et tilbud innen 24 timer. Motorer, girkasser og andre bildeler med garanti.\" \/>\n<meta property=\"og:url\" content=\"https:\/\/autopartscenter24.com\/no\/auton-varaosat\/1-8-komp-271952-moottori-mb-klass-c-w204-s204\/\" \/>\n<meta property=\"og:site_name\" content=\"Autopartscenter24\" \/>\n<meta property=\"og:image\" content=\"https:\/\/autopartscenter24.com\/wp-content\/uploads\/2023\/03\/1-8-komp-271952-moottori-mb-klass-c-w204-s204.webp\" \/>\n\t<meta property=\"og:image:width\" content=\"800\" \/>\n\t<meta property=\"og:image:height\" content=\"600\" \/>\n\t<meta property=\"og:image:type\" content=\"image\/webp\" \/>\n<meta name=\"twitter:card\" content=\"summary_large_image\" \/>\n<meta name=\"twitter:label1\" content=\"Ansl. lesetid\" \/>\n\t<meta name=\"twitter:data1\" content=\"1 minutt\" \/>\n<script type=\"application\/ld+json\" class=\"yoast-schema-graph\">{\"@context\":\"https:\/\/schema.org\",\"@graph\":[{\"@type\":\"WebPage\",\"@id\":\"https:\/\/autopartscenter24.com\/auton-varaosat\/1-8-komp-271952-moottori-mb-klass-c-w204-s204\/\",\"url\":\"https:\/\/autopartscenter24.com\/auton-varaosat\/1-8-komp-271952-moottori-mb-klass-c-w204-s204\/\",\"name\":\"1.8 Kompressor \\\"271952\\\" Motor [MB C-Klass W204]\",\"isPartOf\":{\"@id\":\"https:\/\/autopartscenter24.com\/#website\"},\"primaryImageOfPage\":{\"@id\":\"https:\/\/autopartscenter24.com\/auton-varaosat\/1-8-komp-271952-moottori-mb-klass-c-w204-s204\/#primaryimage\"},\"image\":{\"@id\":\"https:\/\/autopartscenter24.com\/auton-varaosat\/1-8-komp-271952-moottori-mb-klass-c-w204-s204\/#primaryimage\"},\"thumbnailUrl\":\"https:\/\/autopartscenter24.com\/wp-content\/uploads\/2023\/03\/1-8-komp-271952-moottori-mb-klass-c-w204-s204.webp\",\"datePublished\":\"2023-12-02T12:07:11+00:00\",\"description\":\"En av motorene vi ofte har tilgjengelig. Send en foresp\u00f8rsel og du vil motta et tilbud innen 24 timer. Motorer, girkasser og andre bildeler med garanti.\",\"breadcrumb\":{\"@id\":\"https:\/\/autopartscenter24.com\/auton-varaosat\/1-8-komp-271952-moottori-mb-klass-c-w204-s204\/#breadcrumb\"},\"inLanguage\":\"nb-NO\",\"potentialAction\":[{\"@type\":\"ReadAction\",\"target\":[\"https:\/\/autopartscenter24.com\/auton-varaosat\/1-8-komp-271952-moottori-mb-klass-c-w204-s204\/\"]}]},{\"@type\":\"ImageObject\",\"inLanguage\":\"nb-NO\",\"@id\":\"https:\/\/autopartscenter24.com\/auton-varaosat\/1-8-komp-271952-moottori-mb-klass-c-w204-s204\/#primaryimage\",\"url\":\"https:\/\/autopartscenter24.com\/wp-content\/uploads\/2023\/03\/1-8-komp-271952-moottori-mb-klass-c-w204-s204.webp\",\"contentUrl\":\"https:\/\/autopartscenter24.com\/wp-content\/uploads\/2023\/03\/1-8-komp-271952-moottori-mb-klass-c-w204-s204.webp\",\"width\":800,\"height\":600},{\"@type\":\"BreadcrumbList\",\"@id\":\"https:\/\/autopartscenter24.com\/auton-varaosat\/1-8-komp-271952-moottori-mb-klass-c-w204-s204\/#breadcrumb\",\"itemListElement\":[{\"@type\":\"ListItem\",\"position\":1,\"name\":\"Hjem\",\"item\":\"https:\/\/aliceblue-termite-662564.hostingersite.com\/\"},{\"@type\":\"ListItem\",\"position\":2,\"name\":\"Auton varaosat\",\"item\":\"https:\/\/aliceblue-termite-662564.hostingersite.com\/auton-varaosat\/\"},{\"@type\":\"ListItem\",\"position\":3,\"name\":\"1.8 Kompressor &#8221;271952&#8221; Motor [MB C-Klass W204]\"}]},{\"@type\":\"WebSite\",\"@id\":\"https:\/\/autopartscenter24.com\/#website\",\"url\":\"https:\/\/autopartscenter24.com\/\",\"name\":\"Autopartscenter24\",\"description\":\"K\u00c4YTETYT JA KUNNOSTETUT  AUTON VARAOSAT\",\"potentialAction\":[{\"@type\":\"SearchAction\",\"target\":{\"@type\":\"EntryPoint\",\"urlTemplate\":\"https:\/\/autopartscenter24.com\/?s={search_term_string}\"},\"query-input\":{\"@type\":\"PropertyValueSpecification\",\"valueRequired\":true,\"valueName\":\"search_term_string\"}}],\"inLanguage\":\"nb-NO\"}]}<\/script>\n<!-- \/ Yoast SEO plugin. -->","yoast_head_json":{"title":"1.8 Kompressor \"271952\" Motor [MB C-Klass W204]","description":"En av motorene vi ofte har tilgjengelig. Send en foresp\u00f8rsel og du vil motta et tilbud innen 24 timer. Motorer, girkasser og andre bildeler med garanti.","robots":{"index":"index","follow":"follow","max-snippet":"max-snippet:-1","max-image-preview":"max-image-preview:large","max-video-preview":"max-video-preview:-1"},"canonical":"https:\/\/autopartscenter24.com\/no\/auton-varaosat\/1-8-komp-271952-moottori-mb-klass-c-w204-s204\/","og_locale":"nb_NO","og_type":"article","og_title":"1.8 Kompressor \"271952\" Motor [MB C-Klass W204]","og_description":"En av motorene vi ofte har tilgjengelig. Send en foresp\u00f8rsel og du vil motta et tilbud innen 24 timer. Motorer, girkasser og andre bildeler med garanti.","og_url":"https:\/\/autopartscenter24.com\/no\/auton-varaosat\/1-8-komp-271952-moottori-mb-klass-c-w204-s204\/","og_site_name":"Autopartscenter24","og_image":[{"width":800,"height":600,"url":"https:\/\/autopartscenter24.com\/wp-content\/uploads\/2023\/03\/1-8-komp-271952-moottori-mb-klass-c-w204-s204.webp","type":"image\/webp"}],"twitter_card":"summary_large_image","twitter_misc":{"Ansl. lesetid":"1 minutt"},"schema":{"@context":"https:\/\/schema.org","@graph":[{"@type":"WebPage","@id":"https:\/\/autopartscenter24.com\/auton-varaosat\/1-8-komp-271952-moottori-mb-klass-c-w204-s204\/","url":"https:\/\/autopartscenter24.com\/auton-varaosat\/1-8-komp-271952-moottori-mb-klass-c-w204-s204\/","name":"1.8 Kompressor \"271952\" Motor [MB C-Klass W204]","isPartOf":{"@id":"https:\/\/autopartscenter24.com\/#website"},"primaryImageOfPage":{"@id":"https:\/\/autopartscenter24.com\/auton-varaosat\/1-8-komp-271952-moottori-mb-klass-c-w204-s204\/#primaryimage"},"image":{"@id":"https:\/\/autopartscenter24.com\/auton-varaosat\/1-8-komp-271952-moottori-mb-klass-c-w204-s204\/#primaryimage"},"thumbnailUrl":"https:\/\/autopartscenter24.com\/wp-content\/uploads\/2023\/03\/1-8-komp-271952-moottori-mb-klass-c-w204-s204.webp","datePublished":"2023-12-02T12:07:11+00:00","description":"En av motorene vi ofte har tilgjengelig. Send en foresp\u00f8rsel og du vil motta et tilbud innen 24 timer. Motorer, girkasser og andre bildeler med garanti.","breadcrumb":{"@id":"https:\/\/autopartscenter24.com\/auton-varaosat\/1-8-komp-271952-moottori-mb-klass-c-w204-s204\/#breadcrumb"},"inLanguage":"nb-NO","potentialAction":[{"@type":"ReadAction","target":["https:\/\/autopartscenter24.com\/auton-varaosat\/1-8-komp-271952-moottori-mb-klass-c-w204-s204\/"]}]},{"@type":"ImageObject","inLanguage":"nb-NO","@id":"https:\/\/autopartscenter24.com\/auton-varaosat\/1-8-komp-271952-moottori-mb-klass-c-w204-s204\/#primaryimage","url":"https:\/\/autopartscenter24.com\/wp-content\/uploads\/2023\/03\/1-8-komp-271952-moottori-mb-klass-c-w204-s204.webp","contentUrl":"https:\/\/autopartscenter24.com\/wp-content\/uploads\/2023\/03\/1-8-komp-271952-moottori-mb-klass-c-w204-s204.webp","width":800,"height":600},{"@type":"BreadcrumbList","@id":"https:\/\/autopartscenter24.com\/auton-varaosat\/1-8-komp-271952-moottori-mb-klass-c-w204-s204\/#breadcrumb","itemListElement":[{"@type":"ListItem","position":1,"name":"Hjem","item":"https:\/\/aliceblue-termite-662564.hostingersite.com\/"},{"@type":"ListItem","position":2,"name":"Auton varaosat","item":"https:\/\/aliceblue-termite-662564.hostingersite.com\/auton-varaosat\/"},{"@type":"ListItem","position":3,"name":"1.8 Kompressor &#8221;271952&#8221; Motor [MB C-Klass W204]"}]},{"@type":"WebSite","@id":"https:\/\/autopartscenter24.com\/#website","url":"https:\/\/autopartscenter24.com\/","name":"Autopartscenter24","description":"K\u00c4YTETYT JA KUNNOSTETUT  AUTON VARAOSAT","potentialAction":[{"@type":"SearchAction","target":{"@type":"EntryPoint","urlTemplate":"https:\/\/autopartscenter24.com\/?s={search_term_string}"},"query-input":{"@type":"PropertyValueSpecification","valueRequired":true,"valueName":"search_term_string"}}],"inLanguage":"nb-NO"}]}},"_links":{"self":[{"href":"https:\/\/autopartscenter24.com\/no\/wp-json\/wp\/v2\/product\/5728","targetHints":{"allow":["GET"]}}],"collection":[{"href":"https:\/\/autopartscenter24.com\/no\/wp-json\/wp\/v2\/product"}],"about":[{"href":"https:\/\/autopartscenter24.com\/no\/wp-json\/wp\/v2\/types\/product"}],"wp:featuredmedia":[{"embeddable":true,"href":"https:\/\/autopartscenter24.com\/no\/wp-json\/wp\/v2\/media\/4733"}],"wp:attachment":[{"href":"https:\/\/autopartscenter24.com\/no\/wp-json\/wp\/v2\/media?parent=5728"}],"wp:term":[{"taxonomy":"product_brand","embeddable":true,"href":"https:\/\/autopartscenter24.com\/no\/wp-json\/wp\/v2\/product_brand?post=5728"},{"taxonomy":"product_cat","embeddable":true,"href":"https:\/\/autopartscenter24.com\/no\/wp-json\/wp\/v2\/product_cat?post=5728"},{"taxonomy":"product_tag","embeddable":true,"href":"https:\/\/autopartscenter24.com\/no\/wp-json\/wp\/v2\/product_tag?post=5728"}],"curies":[{"name":"wp","href":"https:\/\/api.w.org\/{rel}","templated":true}]}}