{"id":5727,"date":"2023-03-08T19:07:45","date_gmt":"2023-11-30T21:51:37","guid":{"rendered":"https:\/\/autopartscenter24.com\/product\/1-8-tfsi-cdh-motor-esim-audi-a4-a5\/"},"modified":"2023-11-30T22:51:37","modified_gmt":"2023-11-30T21:51:37","slug":"1-8-tfsi-cdh-motor-esim-audi-a4-a5","status":"publish","type":"product","link":"https:\/\/autopartscenter24.com\/no\/auton-varaosat\/1-8-tfsi-cdh-motor-esim-audi-a4-a5\/","title":{"rendered":"1.8 TFSI &laquo;CDH&raquo; Motor [esim. Audi A4, A5]"},"content":{"rendered":"<p>Audi er en av bilprodusentene som har brukt <strong>1,8 TFSI-motoren<\/strong> i flere av sine biler. <strong>Motorkoden er CDH<\/strong>, som er en av de vanligste kodeversjonene for 1.8 TFSI-motoren. Denne motoren har vunnet flere priser for sin ytelse og \u00f8konomi.<\/p>\n<p>Audi 1.8 TFSI-motoren er en 4-sylindret turboladet bensinmotor som yter opptil 170 kW (230 hk) kraft og 370 Nm dreiemoment. Denne motoren er sv\u00e6rt effektiv samtidig som den gir god drivstoff\u00f8konomi. Motorens turtallsomr\u00e5de er bredt og gir god akselerasjon.<\/p>\n<p>Strukturen til motoren er lett og kompakt. Den er laget av aluminium, som bidrar til \u00e5 redusere vekten p\u00e5 motoren og \u00f8ker ytelsen. Motorens turbolader gir et h\u00f8yt kompresjonsforhold og dermed h\u00f8y effekt. I tillegg inkluderer motordesignet et allsidig ventilsystem som gir bedre luftstr\u00f8m og dermed forbedrer motorytelsen.<\/p>\n<p>Audi 1.8 TFSI-motoren er ogs\u00e5 utstyrt med mange avanserte teknologier som direkte innspr\u00f8ytning og variabel ventiltiming. Direkte innspr\u00f8ytning bidrar til \u00e5 effektivt tilf\u00f8re drivstoff til motoren og forbedrer drivstoff\u00f8konomien. Variabel ventiltiming bidrar derimot til \u00e5 optimalisere motorytelsen og drivstoff\u00f8konomien ved forskjellige turtall.<\/p>\n<p>Kraften og ytelsen til 1,8 TFSI-motoren i disse bilene har gjort dem sv\u00e6rt popul\u00e6re. Avanserte motorteknologier og lettvektskonstruksjon har hjulpet disse bilene med \u00e5 oppn\u00e5 utmerket drivstoff\u00f8konomi samtidig som de har beholdt den karakteristiske ytelsen til Audi-serien<\/p>\n","protected":false},"excerpt":{"rendered":"<p>Audi 1.8 TFSI-motoren har blitt installert i flere forskjellige Audi-modeller gjennom \u00e5rene. Nedenfor er en liste over Audi-modeller som har brukt denne motoren:<\/p>\n<ul>\n<li>Audi A4 (vuodet 2008-2015)<\/li>\n<li>Audi A5 (vuodet 2008-2016)<\/li>\n<li>Audi A6 (vuodet 2011-2018)<\/li>\n<li>Audi Q3 (vuodet 2011-2018)<\/li>\n<li>Audi TT (vuodet 2010-2014)<\/li>\n<\/ul>\n","protected":false},"featured_media":4743,"template":"","meta":[],"product_brand":[],"product_cat":[484],"product_tag":[808,809,810],"class_list":{"0":"post-5727","1":"product","2":"type-product","3":"status-publish","4":"has-post-thumbnail","6":"product_cat-audi-no","7":"product_tag-a4-no","8":"product_tag-a5-no","9":"product_tag-a6-no","10":"pa_varaosan-osasto-motor-no","13":"first","14":"instock","15":"shipping-taxable","16":"product-type-simple"},"yoast_head":"<!-- This site is optimized with the Yoast SEO plugin v26.8 - https:\/\/yoast.com\/product\/yoast-seo-wordpress\/ -->\n<title>1.8 TFSI &quot;CDH&quot; Motor [esim. Audi A4, A5] - Autopartscenter24<\/title>\n<meta name=\"description\" content=\"En av motorene vi ofte har tilgjengelig. Send en foresp\u00f8rsel og du vil motta et tilbud innen 24 timer. Motorer, girkasser og andre bildeler med garanti.\" \/>\n<meta name=\"robots\" content=\"index, follow, max-snippet:-1, max-image-preview:large, max-video-preview:-1\" \/>\n<link rel=\"canonical\" href=\"https:\/\/autopartscenter24.com\/no\/auton-varaosat\/1-8-tfsi-cdh-moottori-audi-a5-a4-b8\/\" \/>\n<meta property=\"og:locale\" content=\"nb_NO\" \/>\n<meta property=\"og:type\" content=\"article\" \/>\n<meta property=\"og:title\" content=\"1.8 TFSI &quot;CDH&quot; Motor [esim. Audi A4, A5] - Autopartscenter24\" \/>\n<meta property=\"og:description\" content=\"En av motorene vi ofte har tilgjengelig. Send en foresp\u00f8rsel og du vil motta et tilbud innen 24 timer. Motorer, girkasser og andre bildeler med garanti.\" \/>\n<meta property=\"og:url\" content=\"https:\/\/autopartscenter24.com\/no\/auton-varaosat\/1-8-tfsi-cdh-moottori-audi-a5-a4-b8\/\" \/>\n<meta property=\"og:site_name\" content=\"Autopartscenter24\" \/>\n<meta property=\"og:image\" content=\"https:\/\/autopartscenter24.com\/wp-content\/uploads\/2023\/03\/1-8-tfsi-cdh-moottori-audi-a5-a4-b8.webp\" \/>\n\t<meta property=\"og:image:width\" content=\"800\" \/>\n\t<meta property=\"og:image:height\" content=\"600\" \/>\n\t<meta property=\"og:image:type\" content=\"image\/webp\" \/>\n<meta name=\"twitter:card\" content=\"summary_large_image\" \/>\n<meta name=\"twitter:label1\" content=\"Ansl. lesetid\" \/>\n\t<meta name=\"twitter:data1\" content=\"1 minutt\" \/>\n<script type=\"application\/ld+json\" class=\"yoast-schema-graph\">{\"@context\":\"https:\/\/schema.org\",\"@graph\":[{\"@type\":\"WebPage\",\"@id\":\"https:\/\/autopartscenter24.com\/auton-varaosat\/1-8-tfsi-cdh-moottori-audi-a5-a4-b8\/\",\"url\":\"https:\/\/autopartscenter24.com\/auton-varaosat\/1-8-tfsi-cdh-moottori-audi-a5-a4-b8\/\",\"name\":\"1.8 TFSI \\\"CDH\\\" Motor [esim. Audi A4, A5] - Autopartscenter24\",\"isPartOf\":{\"@id\":\"https:\/\/autopartscenter24.com\/#website\"},\"primaryImageOfPage\":{\"@id\":\"https:\/\/autopartscenter24.com\/auton-varaosat\/1-8-tfsi-cdh-moottori-audi-a5-a4-b8\/#primaryimage\"},\"image\":{\"@id\":\"https:\/\/autopartscenter24.com\/auton-varaosat\/1-8-tfsi-cdh-moottori-audi-a5-a4-b8\/#primaryimage\"},\"thumbnailUrl\":\"https:\/\/autopartscenter24.com\/wp-content\/uploads\/2023\/03\/1-8-tfsi-cdh-moottori-audi-a5-a4-b8.webp\",\"datePublished\":\"2023-11-30T21:51:37+00:00\",\"description\":\"En av motorene vi ofte har tilgjengelig. Send en foresp\u00f8rsel og du vil motta et tilbud innen 24 timer. Motorer, girkasser og andre bildeler med garanti.\",\"breadcrumb\":{\"@id\":\"https:\/\/autopartscenter24.com\/auton-varaosat\/1-8-tfsi-cdh-moottori-audi-a5-a4-b8\/#breadcrumb\"},\"inLanguage\":\"nb-NO\",\"potentialAction\":[{\"@type\":\"ReadAction\",\"target\":[\"https:\/\/autopartscenter24.com\/auton-varaosat\/1-8-tfsi-cdh-moottori-audi-a5-a4-b8\/\"]}]},{\"@type\":\"ImageObject\",\"inLanguage\":\"nb-NO\",\"@id\":\"https:\/\/autopartscenter24.com\/auton-varaosat\/1-8-tfsi-cdh-moottori-audi-a5-a4-b8\/#primaryimage\",\"url\":\"https:\/\/autopartscenter24.com\/wp-content\/uploads\/2023\/03\/1-8-tfsi-cdh-moottori-audi-a5-a4-b8.webp\",\"contentUrl\":\"https:\/\/autopartscenter24.com\/wp-content\/uploads\/2023\/03\/1-8-tfsi-cdh-moottori-audi-a5-a4-b8.webp\",\"width\":800,\"height\":600},{\"@type\":\"BreadcrumbList\",\"@id\":\"https:\/\/autopartscenter24.com\/auton-varaosat\/1-8-tfsi-cdh-moottori-audi-a5-a4-b8\/#breadcrumb\",\"itemListElement\":[{\"@type\":\"ListItem\",\"position\":1,\"name\":\"Hjem\",\"item\":\"https:\/\/aliceblue-termite-662564.hostingersite.com\/\"},{\"@type\":\"ListItem\",\"position\":2,\"name\":\"Auton varaosat\",\"item\":\"https:\/\/aliceblue-termite-662564.hostingersite.com\/auton-varaosat\/\"},{\"@type\":\"ListItem\",\"position\":3,\"name\":\"1.8 TFSI &#8221;CDH&#8221; Motor [esim. Audi A4, A5]\"}]},{\"@type\":\"WebSite\",\"@id\":\"https:\/\/autopartscenter24.com\/#website\",\"url\":\"https:\/\/autopartscenter24.com\/\",\"name\":\"Autopartscenter24\",\"description\":\"K\u00c4YTETYT JA KUNNOSTETUT  AUTON VARAOSAT\",\"potentialAction\":[{\"@type\":\"SearchAction\",\"target\":{\"@type\":\"EntryPoint\",\"urlTemplate\":\"https:\/\/autopartscenter24.com\/?s={search_term_string}\"},\"query-input\":{\"@type\":\"PropertyValueSpecification\",\"valueRequired\":true,\"valueName\":\"search_term_string\"}}],\"inLanguage\":\"nb-NO\"}]}<\/script>\n<!-- \/ Yoast SEO plugin. -->","yoast_head_json":{"title":"1.8 TFSI \"CDH\" Motor [esim. Audi A4, A5] - Autopartscenter24","description":"En av motorene vi ofte har tilgjengelig. Send en foresp\u00f8rsel og du vil motta et tilbud innen 24 timer. Motorer, girkasser og andre bildeler med garanti.","robots":{"index":"index","follow":"follow","max-snippet":"max-snippet:-1","max-image-preview":"max-image-preview:large","max-video-preview":"max-video-preview:-1"},"canonical":"https:\/\/autopartscenter24.com\/no\/auton-varaosat\/1-8-tfsi-cdh-moottori-audi-a5-a4-b8\/","og_locale":"nb_NO","og_type":"article","og_title":"1.8 TFSI \"CDH\" Motor [esim. Audi A4, A5] - Autopartscenter24","og_description":"En av motorene vi ofte har tilgjengelig. Send en foresp\u00f8rsel og du vil motta et tilbud innen 24 timer. Motorer, girkasser og andre bildeler med garanti.","og_url":"https:\/\/autopartscenter24.com\/no\/auton-varaosat\/1-8-tfsi-cdh-moottori-audi-a5-a4-b8\/","og_site_name":"Autopartscenter24","og_image":[{"width":800,"height":600,"url":"https:\/\/autopartscenter24.com\/wp-content\/uploads\/2023\/03\/1-8-tfsi-cdh-moottori-audi-a5-a4-b8.webp","type":"image\/webp"}],"twitter_card":"summary_large_image","twitter_misc":{"Ansl. lesetid":"1 minutt"},"schema":{"@context":"https:\/\/schema.org","@graph":[{"@type":"WebPage","@id":"https:\/\/autopartscenter24.com\/auton-varaosat\/1-8-tfsi-cdh-moottori-audi-a5-a4-b8\/","url":"https:\/\/autopartscenter24.com\/auton-varaosat\/1-8-tfsi-cdh-moottori-audi-a5-a4-b8\/","name":"1.8 TFSI \"CDH\" Motor [esim. Audi A4, A5] - Autopartscenter24","isPartOf":{"@id":"https:\/\/autopartscenter24.com\/#website"},"primaryImageOfPage":{"@id":"https:\/\/autopartscenter24.com\/auton-varaosat\/1-8-tfsi-cdh-moottori-audi-a5-a4-b8\/#primaryimage"},"image":{"@id":"https:\/\/autopartscenter24.com\/auton-varaosat\/1-8-tfsi-cdh-moottori-audi-a5-a4-b8\/#primaryimage"},"thumbnailUrl":"https:\/\/autopartscenter24.com\/wp-content\/uploads\/2023\/03\/1-8-tfsi-cdh-moottori-audi-a5-a4-b8.webp","datePublished":"2023-11-30T21:51:37+00:00","description":"En av motorene vi ofte har tilgjengelig. Send en foresp\u00f8rsel og du vil motta et tilbud innen 24 timer. Motorer, girkasser og andre bildeler med garanti.","breadcrumb":{"@id":"https:\/\/autopartscenter24.com\/auton-varaosat\/1-8-tfsi-cdh-moottori-audi-a5-a4-b8\/#breadcrumb"},"inLanguage":"nb-NO","potentialAction":[{"@type":"ReadAction","target":["https:\/\/autopartscenter24.com\/auton-varaosat\/1-8-tfsi-cdh-moottori-audi-a5-a4-b8\/"]}]},{"@type":"ImageObject","inLanguage":"nb-NO","@id":"https:\/\/autopartscenter24.com\/auton-varaosat\/1-8-tfsi-cdh-moottori-audi-a5-a4-b8\/#primaryimage","url":"https:\/\/autopartscenter24.com\/wp-content\/uploads\/2023\/03\/1-8-tfsi-cdh-moottori-audi-a5-a4-b8.webp","contentUrl":"https:\/\/autopartscenter24.com\/wp-content\/uploads\/2023\/03\/1-8-tfsi-cdh-moottori-audi-a5-a4-b8.webp","width":800,"height":600},{"@type":"BreadcrumbList","@id":"https:\/\/autopartscenter24.com\/auton-varaosat\/1-8-tfsi-cdh-moottori-audi-a5-a4-b8\/#breadcrumb","itemListElement":[{"@type":"ListItem","position":1,"name":"Hjem","item":"https:\/\/aliceblue-termite-662564.hostingersite.com\/"},{"@type":"ListItem","position":2,"name":"Auton varaosat","item":"https:\/\/aliceblue-termite-662564.hostingersite.com\/auton-varaosat\/"},{"@type":"ListItem","position":3,"name":"1.8 TFSI &#8221;CDH&#8221; Motor [esim. Audi A4, A5]"}]},{"@type":"WebSite","@id":"https:\/\/autopartscenter24.com\/#website","url":"https:\/\/autopartscenter24.com\/","name":"Autopartscenter24","description":"K\u00c4YTETYT JA KUNNOSTETUT  AUTON VARAOSAT","potentialAction":[{"@type":"SearchAction","target":{"@type":"EntryPoint","urlTemplate":"https:\/\/autopartscenter24.com\/?s={search_term_string}"},"query-input":{"@type":"PropertyValueSpecification","valueRequired":true,"valueName":"search_term_string"}}],"inLanguage":"nb-NO"}]}},"_links":{"self":[{"href":"https:\/\/autopartscenter24.com\/no\/wp-json\/wp\/v2\/product\/5727","targetHints":{"allow":["GET"]}}],"collection":[{"href":"https:\/\/autopartscenter24.com\/no\/wp-json\/wp\/v2\/product"}],"about":[{"href":"https:\/\/autopartscenter24.com\/no\/wp-json\/wp\/v2\/types\/product"}],"wp:featuredmedia":[{"embeddable":true,"href":"https:\/\/autopartscenter24.com\/no\/wp-json\/wp\/v2\/media\/4743"}],"wp:attachment":[{"href":"https:\/\/autopartscenter24.com\/no\/wp-json\/wp\/v2\/media?parent=5727"}],"wp:term":[{"taxonomy":"product_brand","embeddable":true,"href":"https:\/\/autopartscenter24.com\/no\/wp-json\/wp\/v2\/product_brand?post=5727"},{"taxonomy":"product_cat","embeddable":true,"href":"https:\/\/autopartscenter24.com\/no\/wp-json\/wp\/v2\/product_cat?post=5727"},{"taxonomy":"product_tag","embeddable":true,"href":"https:\/\/autopartscenter24.com\/no\/wp-json\/wp\/v2\/product_tag?post=5727"}],"curies":[{"name":"wp","href":"https:\/\/api.w.org\/{rel}","templated":true}]}}