{"id":5726,"date":"2023-03-08T19:12:15","date_gmt":"2023-11-30T21:33:28","guid":{"rendered":"https:\/\/autopartscenter24.com\/product\/1-0-tsi-chzb-motori\/"},"modified":"2023-11-30T22:33:28","modified_gmt":"2023-11-30T21:33:28","slug":"1-0-tsi-chzb-motori","status":"publish","type":"product","link":"https:\/\/autopartscenter24.com\/no\/auton-varaosat\/1-0-tsi-chzb-motori\/","title":{"rendered":"1.0 TSI &laquo;CHZB&raquo; Motori"},"content":{"rendered":"<p>Volkswagen-konsernet er kjent for sitt allsidige motorutvalg, som inkluderer motorer i ulike st\u00f8rrelser og typer for ulike bilklasser. En av disse <strong>motorene er 1.0 TSI<\/strong>, ogs\u00e5 kjent under <strong>motorkoden &laquo;CHZB&raquo;<\/strong>. Denne motoren brukes i flere Volkswagen og Audi bilmodeller og er designet for \u00e5 gi \u00f8konomi og ytelse.<\/p>\n<p>Toppteknologi har blitt brukt i utformingen av motoren, som gj\u00f8r at en liten motor kan ha h\u00f8y effekt. Motoren har tre sylindre med et totalvolum p\u00e5 1,0 liter. Maksimal effekt p\u00e5 motoren er 115 hestekrefter og dreiemomentet er 200 Nm. Motoren bruker turboladere og direkte innspr\u00f8ytning, noe som muliggj\u00f8r god ytelse og drivstoff\u00f8konomi.<\/p>\n<p>St\u00f8rrelsen og vekten p\u00e5 motoren er liten, noe som gj\u00f8r den veldig lett og fleksibel. Motoren er bygget for \u00e5 t\u00e5le tung bruk, men den er veldig stilleg\u00e5ende og mer stilleg\u00e5ende enn de fleste andre motorer med samme kraft.<\/p>\n<p>Volkswagens 1.0 TSI-motor er installert i mange forskjellige bilmodeller, som Volkswagen Golf, Polo, T-Roc og Up! og Audi A1, A3 og Q2. Motoren har v\u00e6rt i bruk siden 2015 og har vist seg \u00e5 v\u00e6re et popul\u00e6rt valg blant forbrukere da den kombinerer \u00f8konomi, ytelse og komfort.<\/p>\n<p>Disse bilene er sv\u00e6rt popul\u00e6re i Europa og har vunnet flere priser for ytelse og komfort. Volkswagens 1.0 TSI-motor er en av hovedfaktorene som har gjort disse bilene s\u00e5 popul\u00e6re og er et bevis p\u00e5 Volkswagens evne til \u00e5 produsere kvalitets- og innovative motorer.<\/p>\n","protected":false},"excerpt":{"rendered":"<p>Her er noen Volkswagen- og Audi-bilmodeller med 1.0 TSI-motoren installert:<\/p>\n<ul>\n<li>Volkswagen Golf (2015\u20132022)<\/li>\n<li>Volkswagen Polo (2017\u20132022)<\/li>\n<li>Volkswagen T-Roc (2017\u20132022)<\/li>\n<li>Volkswagen Up! (2016\u20132022)<\/li>\n<li>Audi A1 (2018\u20132022)<\/li>\n<li>Audi A3 (2016\u20132022)<\/li>\n<li>Audi Q2 (2016\u20132022)<\/li>\n<\/ul>\n","protected":false},"featured_media":4748,"template":"","meta":[],"product_brand":[],"product_cat":[484,486,485],"product_tag":[493,488,894,913,916],"class_list":{"0":"post-5726","1":"product","2":"type-product","3":"status-publish","4":"has-post-thumbnail","6":"product_cat-audi-no","7":"product_cat-skoda-no","8":"product_cat-vw-no","9":"product_tag-a1-no","10":"product_tag-a3-no","11":"product_tag-polo-no","12":"product_tag-t-roc-no","13":"product_tag-toledo-no","14":"pa_varaosan-osasto-motor-no","17":"first","18":"instock","19":"shipping-taxable","20":"product-type-simple"},"yoast_head":"<!-- This site is optimized with the Yoast SEO plugin v26.8 - https:\/\/yoast.com\/product\/yoast-seo-wordpress\/ -->\n<title>1.0 TSI &quot;CHZB&quot; Motori - Autopartscenter24<\/title>\n<meta name=\"description\" content=\"En av motorene vi ofte har tilgjengelig. Send en foresp\u00f8rsel og du vil motta et tilbud innen 24 timer. Motorer, girkasser og andre bildeler med garanti.\" \/>\n<meta name=\"robots\" content=\"index, follow, max-snippet:-1, max-image-preview:large, max-video-preview:-1\" \/>\n<link rel=\"canonical\" href=\"https:\/\/autopartscenter24.com\/no\/auton-varaosat\/1-0-tsi-chzb-moottori-audi-a1-vw-polo-v-toledo-iv\/\" \/>\n<meta property=\"og:locale\" content=\"nb_NO\" \/>\n<meta property=\"og:type\" content=\"article\" \/>\n<meta property=\"og:title\" content=\"1.0 TSI &quot;CHZB&quot; Motori - Autopartscenter24\" \/>\n<meta property=\"og:description\" content=\"En av motorene vi ofte har tilgjengelig. Send en foresp\u00f8rsel og du vil motta et tilbud innen 24 timer. Motorer, girkasser og andre bildeler med garanti.\" \/>\n<meta property=\"og:url\" content=\"https:\/\/autopartscenter24.com\/no\/auton-varaosat\/1-0-tsi-chzb-moottori-audi-a1-vw-polo-v-toledo-iv\/\" \/>\n<meta property=\"og:site_name\" content=\"Autopartscenter24\" \/>\n<meta property=\"og:image\" content=\"https:\/\/autopartscenter24.com\/wp-content\/uploads\/2023\/03\/1-0-tsi-chzb-moottori-audi-a1-vw-polo-v-toledo-iv.webp\" \/>\n\t<meta property=\"og:image:width\" content=\"800\" \/>\n\t<meta property=\"og:image:height\" content=\"600\" \/>\n\t<meta property=\"og:image:type\" content=\"image\/webp\" \/>\n<meta name=\"twitter:card\" content=\"summary_large_image\" \/>\n<meta name=\"twitter:label1\" content=\"Ansl. lesetid\" \/>\n\t<meta name=\"twitter:data1\" content=\"1 minutt\" \/>\n<script type=\"application\/ld+json\" class=\"yoast-schema-graph\">{\"@context\":\"https:\/\/schema.org\",\"@graph\":[{\"@type\":\"WebPage\",\"@id\":\"https:\/\/autopartscenter24.com\/auton-varaosat\/1-0-tsi-chzb-moottori-audi-a1-vw-polo-v-toledo-iv\/\",\"url\":\"https:\/\/autopartscenter24.com\/auton-varaosat\/1-0-tsi-chzb-moottori-audi-a1-vw-polo-v-toledo-iv\/\",\"name\":\"1.0 TSI \\\"CHZB\\\" Motori - Autopartscenter24\",\"isPartOf\":{\"@id\":\"https:\/\/autopartscenter24.com\/#website\"},\"primaryImageOfPage\":{\"@id\":\"https:\/\/autopartscenter24.com\/auton-varaosat\/1-0-tsi-chzb-moottori-audi-a1-vw-polo-v-toledo-iv\/#primaryimage\"},\"image\":{\"@id\":\"https:\/\/autopartscenter24.com\/auton-varaosat\/1-0-tsi-chzb-moottori-audi-a1-vw-polo-v-toledo-iv\/#primaryimage\"},\"thumbnailUrl\":\"https:\/\/autopartscenter24.com\/wp-content\/uploads\/2023\/03\/1-0-tsi-chzb-moottori-audi-a1-vw-polo-v-toledo-iv.webp\",\"datePublished\":\"2023-11-30T21:33:28+00:00\",\"description\":\"En av motorene vi ofte har tilgjengelig. Send en foresp\u00f8rsel og du vil motta et tilbud innen 24 timer. Motorer, girkasser og andre bildeler med garanti.\",\"breadcrumb\":{\"@id\":\"https:\/\/autopartscenter24.com\/auton-varaosat\/1-0-tsi-chzb-moottori-audi-a1-vw-polo-v-toledo-iv\/#breadcrumb\"},\"inLanguage\":\"nb-NO\",\"potentialAction\":[{\"@type\":\"ReadAction\",\"target\":[\"https:\/\/autopartscenter24.com\/auton-varaosat\/1-0-tsi-chzb-moottori-audi-a1-vw-polo-v-toledo-iv\/\"]}]},{\"@type\":\"ImageObject\",\"inLanguage\":\"nb-NO\",\"@id\":\"https:\/\/autopartscenter24.com\/auton-varaosat\/1-0-tsi-chzb-moottori-audi-a1-vw-polo-v-toledo-iv\/#primaryimage\",\"url\":\"https:\/\/autopartscenter24.com\/wp-content\/uploads\/2023\/03\/1-0-tsi-chzb-moottori-audi-a1-vw-polo-v-toledo-iv.webp\",\"contentUrl\":\"https:\/\/autopartscenter24.com\/wp-content\/uploads\/2023\/03\/1-0-tsi-chzb-moottori-audi-a1-vw-polo-v-toledo-iv.webp\",\"width\":800,\"height\":600},{\"@type\":\"BreadcrumbList\",\"@id\":\"https:\/\/autopartscenter24.com\/auton-varaosat\/1-0-tsi-chzb-moottori-audi-a1-vw-polo-v-toledo-iv\/#breadcrumb\",\"itemListElement\":[{\"@type\":\"ListItem\",\"position\":1,\"name\":\"Hjem\",\"item\":\"https:\/\/aliceblue-termite-662564.hostingersite.com\/\"},{\"@type\":\"ListItem\",\"position\":2,\"name\":\"Auton varaosat\",\"item\":\"https:\/\/aliceblue-termite-662564.hostingersite.com\/auton-varaosat\/\"},{\"@type\":\"ListItem\",\"position\":3,\"name\":\"1.0 TSI &#8221;CHZB&#8221; Motori\"}]},{\"@type\":\"WebSite\",\"@id\":\"https:\/\/autopartscenter24.com\/#website\",\"url\":\"https:\/\/autopartscenter24.com\/\",\"name\":\"Autopartscenter24\",\"description\":\"K\u00c4YTETYT JA KUNNOSTETUT  AUTON VARAOSAT\",\"potentialAction\":[{\"@type\":\"SearchAction\",\"target\":{\"@type\":\"EntryPoint\",\"urlTemplate\":\"https:\/\/autopartscenter24.com\/?s={search_term_string}\"},\"query-input\":{\"@type\":\"PropertyValueSpecification\",\"valueRequired\":true,\"valueName\":\"search_term_string\"}}],\"inLanguage\":\"nb-NO\"}]}<\/script>\n<!-- \/ Yoast SEO plugin. -->","yoast_head_json":{"title":"1.0 TSI \"CHZB\" Motori - Autopartscenter24","description":"En av motorene vi ofte har tilgjengelig. Send en foresp\u00f8rsel og du vil motta et tilbud innen 24 timer. Motorer, girkasser og andre bildeler med garanti.","robots":{"index":"index","follow":"follow","max-snippet":"max-snippet:-1","max-image-preview":"max-image-preview:large","max-video-preview":"max-video-preview:-1"},"canonical":"https:\/\/autopartscenter24.com\/no\/auton-varaosat\/1-0-tsi-chzb-moottori-audi-a1-vw-polo-v-toledo-iv\/","og_locale":"nb_NO","og_type":"article","og_title":"1.0 TSI \"CHZB\" Motori - Autopartscenter24","og_description":"En av motorene vi ofte har tilgjengelig. Send en foresp\u00f8rsel og du vil motta et tilbud innen 24 timer. Motorer, girkasser og andre bildeler med garanti.","og_url":"https:\/\/autopartscenter24.com\/no\/auton-varaosat\/1-0-tsi-chzb-moottori-audi-a1-vw-polo-v-toledo-iv\/","og_site_name":"Autopartscenter24","og_image":[{"width":800,"height":600,"url":"https:\/\/autopartscenter24.com\/wp-content\/uploads\/2023\/03\/1-0-tsi-chzb-moottori-audi-a1-vw-polo-v-toledo-iv.webp","type":"image\/webp"}],"twitter_card":"summary_large_image","twitter_misc":{"Ansl. lesetid":"1 minutt"},"schema":{"@context":"https:\/\/schema.org","@graph":[{"@type":"WebPage","@id":"https:\/\/autopartscenter24.com\/auton-varaosat\/1-0-tsi-chzb-moottori-audi-a1-vw-polo-v-toledo-iv\/","url":"https:\/\/autopartscenter24.com\/auton-varaosat\/1-0-tsi-chzb-moottori-audi-a1-vw-polo-v-toledo-iv\/","name":"1.0 TSI \"CHZB\" Motori - Autopartscenter24","isPartOf":{"@id":"https:\/\/autopartscenter24.com\/#website"},"primaryImageOfPage":{"@id":"https:\/\/autopartscenter24.com\/auton-varaosat\/1-0-tsi-chzb-moottori-audi-a1-vw-polo-v-toledo-iv\/#primaryimage"},"image":{"@id":"https:\/\/autopartscenter24.com\/auton-varaosat\/1-0-tsi-chzb-moottori-audi-a1-vw-polo-v-toledo-iv\/#primaryimage"},"thumbnailUrl":"https:\/\/autopartscenter24.com\/wp-content\/uploads\/2023\/03\/1-0-tsi-chzb-moottori-audi-a1-vw-polo-v-toledo-iv.webp","datePublished":"2023-11-30T21:33:28+00:00","description":"En av motorene vi ofte har tilgjengelig. Send en foresp\u00f8rsel og du vil motta et tilbud innen 24 timer. Motorer, girkasser og andre bildeler med garanti.","breadcrumb":{"@id":"https:\/\/autopartscenter24.com\/auton-varaosat\/1-0-tsi-chzb-moottori-audi-a1-vw-polo-v-toledo-iv\/#breadcrumb"},"inLanguage":"nb-NO","potentialAction":[{"@type":"ReadAction","target":["https:\/\/autopartscenter24.com\/auton-varaosat\/1-0-tsi-chzb-moottori-audi-a1-vw-polo-v-toledo-iv\/"]}]},{"@type":"ImageObject","inLanguage":"nb-NO","@id":"https:\/\/autopartscenter24.com\/auton-varaosat\/1-0-tsi-chzb-moottori-audi-a1-vw-polo-v-toledo-iv\/#primaryimage","url":"https:\/\/autopartscenter24.com\/wp-content\/uploads\/2023\/03\/1-0-tsi-chzb-moottori-audi-a1-vw-polo-v-toledo-iv.webp","contentUrl":"https:\/\/autopartscenter24.com\/wp-content\/uploads\/2023\/03\/1-0-tsi-chzb-moottori-audi-a1-vw-polo-v-toledo-iv.webp","width":800,"height":600},{"@type":"BreadcrumbList","@id":"https:\/\/autopartscenter24.com\/auton-varaosat\/1-0-tsi-chzb-moottori-audi-a1-vw-polo-v-toledo-iv\/#breadcrumb","itemListElement":[{"@type":"ListItem","position":1,"name":"Hjem","item":"https:\/\/aliceblue-termite-662564.hostingersite.com\/"},{"@type":"ListItem","position":2,"name":"Auton varaosat","item":"https:\/\/aliceblue-termite-662564.hostingersite.com\/auton-varaosat\/"},{"@type":"ListItem","position":3,"name":"1.0 TSI &#8221;CHZB&#8221; Motori"}]},{"@type":"WebSite","@id":"https:\/\/autopartscenter24.com\/#website","url":"https:\/\/autopartscenter24.com\/","name":"Autopartscenter24","description":"K\u00c4YTETYT JA KUNNOSTETUT  AUTON VARAOSAT","potentialAction":[{"@type":"SearchAction","target":{"@type":"EntryPoint","urlTemplate":"https:\/\/autopartscenter24.com\/?s={search_term_string}"},"query-input":{"@type":"PropertyValueSpecification","valueRequired":true,"valueName":"search_term_string"}}],"inLanguage":"nb-NO"}]}},"_links":{"self":[{"href":"https:\/\/autopartscenter24.com\/no\/wp-json\/wp\/v2\/product\/5726","targetHints":{"allow":["GET"]}}],"collection":[{"href":"https:\/\/autopartscenter24.com\/no\/wp-json\/wp\/v2\/product"}],"about":[{"href":"https:\/\/autopartscenter24.com\/no\/wp-json\/wp\/v2\/types\/product"}],"wp:featuredmedia":[{"embeddable":true,"href":"https:\/\/autopartscenter24.com\/no\/wp-json\/wp\/v2\/media\/4748"}],"wp:attachment":[{"href":"https:\/\/autopartscenter24.com\/no\/wp-json\/wp\/v2\/media?parent=5726"}],"wp:term":[{"taxonomy":"product_brand","embeddable":true,"href":"https:\/\/autopartscenter24.com\/no\/wp-json\/wp\/v2\/product_brand?post=5726"},{"taxonomy":"product_cat","embeddable":true,"href":"https:\/\/autopartscenter24.com\/no\/wp-json\/wp\/v2\/product_cat?post=5726"},{"taxonomy":"product_tag","embeddable":true,"href":"https:\/\/autopartscenter24.com\/no\/wp-json\/wp\/v2\/product_tag?post=5726"}],"curies":[{"name":"wp","href":"https:\/\/api.w.org\/{rel}","templated":true}]}}