{"id":5725,"date":"2023-03-08T21:08:26","date_gmt":"2023-11-30T21:33:28","guid":{"rendered":"https:\/\/autopartscenter24.com\/product\/2-5-hybrid-a25a-motor-f-eks-toyota-rav4-camry-lexus-es\/"},"modified":"2023-11-30T22:33:28","modified_gmt":"2023-11-30T21:33:28","slug":"2-5-hybrid-a25a-motor-f-eks-toyota-rav4-camry-lexus-es","status":"publish","type":"product","link":"https:\/\/autopartscenter24.com\/no\/auton-varaosat\/2-5-hybrid-a25a-motor-f-eks-toyota-rav4-camry-lexus-es\/","title":{"rendered":"2.5 Hybrid &laquo;A25A&raquo;-motor [f.eks. Toyota RAV4, Camry, Lexus ES]"},"content":{"rendered":"<p><strong>Toyota 2.5-motoren, kodenavnet A25A<\/strong>, er en av bensinmotorene produsert av Toyota Motor Corporation. Motoren er kjent for sin ytelse og holdbarhet. A25A-motoren har fire sylindre og to kamaksler. Den yter en effekt p\u00e5 202 hk og et dreiemoment p\u00e5 250 Nm. Motoren bruker ogs\u00e5 Toyotas D-4S-innspr\u00f8ytningssystem, som tilbyr en kombinasjon av direkte drivstoffinnspr\u00f8ytning og portinnspr\u00f8ytning.<\/p>\n<p>Det er brukt flere tekniske l\u00f8sninger i A25A-motoren, som forbedrer ytelsen og \u00f8konomien. Motorsylindrene er laget av aluminiumslegering, noe som reduserer vekten p\u00e5 motoren og forbedrer kj\u00f8lingen. Motorens registerkjede er ogs\u00e5 designet for \u00e5 vare lenge og har betydelig lengre levetid enn tradisjonelle reoler.<\/p>\n<p>A25A-motoren har blitt brukt i mange Toyota-biler, som Toyota RAV4, Camry og Highlander. Den er ogs\u00e5 montert p\u00e5 Lexus NX300h og Toyota Sienna. Motoren har v\u00e6rt tilgjengelig fra 2017-2022.<\/p>\n<p>Jeg h\u00e5per denne teksten hjalp deg med \u00e5 l\u00e6re mer om A25A-motoren og dens tekniske funksjoner.<\/p>\n","protected":false},"excerpt":{"rendered":"<p>Bilmerker og modeller med A25A-motor brukt:<\/p>\n<ul>\n<li>Toyota RAV4 (2019-2022)<\/li>\n<li>Toyota Camry (2018-2022)<\/li>\n<li>Toyota Highlander (2020-2022)<\/li>\n<li>Lexus NX300h (2018-2022)<\/li>\n<li>Toyota Sienna (2021-2022)<\/li>\n<\/ul>\n","protected":false},"featured_media":4753,"template":"","meta":[],"product_brand":[],"product_cat":[584,636],"product_tag":[837,856,901],"class_list":{"0":"post-5725","1":"product","2":"type-product","3":"status-publish","4":"has-post-thumbnail","6":"product_cat-lexus-no","7":"product_cat-toyota-no","8":"product_tag-camry-no","9":"product_tag-es-no","10":"product_tag-rav-4-no","11":"pa_varaosan-osasto-motor-no","14":"first","15":"instock","16":"shipping-taxable","17":"product-type-simple"},"yoast_head":"<!-- This site is optimized with the Yoast SEO plugin v26.8 - https:\/\/yoast.com\/product\/yoast-seo-wordpress\/ -->\n<title>2.5 Hybrid &quot;A25A&quot;-motor [f.eks. Toyota RAV4, Camry, Lexus ES]<\/title>\n<meta name=\"description\" content=\"En av motorene vi ofte har tilgjengelig. Send en foresp\u00f8rsel og du vil motta et tilbud innen 24 timer. Motorer, girkasser og andre bildeler med garanti.\" \/>\n<meta name=\"robots\" content=\"index, follow, max-snippet:-1, max-image-preview:large, max-video-preview:-1\" \/>\n<link rel=\"canonical\" href=\"https:\/\/autopartscenter24.com\/no\/auton-varaosat\/2-5-hybryda-a25a-moottori-toyota-rav-4-v-camry\/\" \/>\n<meta property=\"og:locale\" content=\"nb_NO\" \/>\n<meta property=\"og:type\" content=\"article\" \/>\n<meta property=\"og:title\" content=\"2.5 Hybrid &quot;A25A&quot;-motor [f.eks. Toyota RAV4, Camry, Lexus ES]\" \/>\n<meta property=\"og:description\" content=\"En av motorene vi ofte har tilgjengelig. Send en foresp\u00f8rsel og du vil motta et tilbud innen 24 timer. Motorer, girkasser og andre bildeler med garanti.\" \/>\n<meta property=\"og:url\" content=\"https:\/\/autopartscenter24.com\/no\/auton-varaosat\/2-5-hybryda-a25a-moottori-toyota-rav-4-v-camry\/\" \/>\n<meta property=\"og:site_name\" content=\"Autopartscenter24\" \/>\n<meta property=\"og:image\" content=\"https:\/\/autopartscenter24.com\/wp-content\/uploads\/2023\/03\/2-5-hybryd-a25a-moottori-toyota-rav-4-v-camry.webp\" \/>\n\t<meta property=\"og:image:width\" content=\"800\" \/>\n\t<meta property=\"og:image:height\" content=\"600\" \/>\n\t<meta property=\"og:image:type\" content=\"image\/webp\" \/>\n<meta name=\"twitter:card\" content=\"summary_large_image\" \/>\n<meta name=\"twitter:label1\" content=\"Ansl. lesetid\" \/>\n\t<meta name=\"twitter:data1\" content=\"1 minutt\" \/>\n<script type=\"application\/ld+json\" class=\"yoast-schema-graph\">{\"@context\":\"https:\/\/schema.org\",\"@graph\":[{\"@type\":\"WebPage\",\"@id\":\"https:\/\/autopartscenter24.com\/auton-varaosat\/2-5-hybryda-a25a-moottori-toyota-rav-4-v-camry\/\",\"url\":\"https:\/\/autopartscenter24.com\/auton-varaosat\/2-5-hybryda-a25a-moottori-toyota-rav-4-v-camry\/\",\"name\":\"2.5 Hybrid \\\"A25A\\\"-motor [f.eks. Toyota RAV4, Camry, Lexus ES]\",\"isPartOf\":{\"@id\":\"https:\/\/autopartscenter24.com\/#website\"},\"primaryImageOfPage\":{\"@id\":\"https:\/\/autopartscenter24.com\/auton-varaosat\/2-5-hybryda-a25a-moottori-toyota-rav-4-v-camry\/#primaryimage\"},\"image\":{\"@id\":\"https:\/\/autopartscenter24.com\/auton-varaosat\/2-5-hybryda-a25a-moottori-toyota-rav-4-v-camry\/#primaryimage\"},\"thumbnailUrl\":\"https:\/\/autopartscenter24.com\/wp-content\/uploads\/2023\/03\/2-5-hybryd-a25a-moottori-toyota-rav-4-v-camry.webp\",\"datePublished\":\"2023-11-30T21:33:28+00:00\",\"description\":\"En av motorene vi ofte har tilgjengelig. Send en foresp\u00f8rsel og du vil motta et tilbud innen 24 timer. Motorer, girkasser og andre bildeler med garanti.\",\"breadcrumb\":{\"@id\":\"https:\/\/autopartscenter24.com\/auton-varaosat\/2-5-hybryda-a25a-moottori-toyota-rav-4-v-camry\/#breadcrumb\"},\"inLanguage\":\"nb-NO\",\"potentialAction\":[{\"@type\":\"ReadAction\",\"target\":[\"https:\/\/autopartscenter24.com\/auton-varaosat\/2-5-hybryda-a25a-moottori-toyota-rav-4-v-camry\/\"]}]},{\"@type\":\"ImageObject\",\"inLanguage\":\"nb-NO\",\"@id\":\"https:\/\/autopartscenter24.com\/auton-varaosat\/2-5-hybryda-a25a-moottori-toyota-rav-4-v-camry\/#primaryimage\",\"url\":\"https:\/\/autopartscenter24.com\/wp-content\/uploads\/2023\/03\/2-5-hybryd-a25a-moottori-toyota-rav-4-v-camry.webp\",\"contentUrl\":\"https:\/\/autopartscenter24.com\/wp-content\/uploads\/2023\/03\/2-5-hybryd-a25a-moottori-toyota-rav-4-v-camry.webp\",\"width\":800,\"height\":600},{\"@type\":\"BreadcrumbList\",\"@id\":\"https:\/\/autopartscenter24.com\/auton-varaosat\/2-5-hybryda-a25a-moottori-toyota-rav-4-v-camry\/#breadcrumb\",\"itemListElement\":[{\"@type\":\"ListItem\",\"position\":1,\"name\":\"Hjem\",\"item\":\"https:\/\/aliceblue-termite-662564.hostingersite.com\/\"},{\"@type\":\"ListItem\",\"position\":2,\"name\":\"Auton varaosat\",\"item\":\"https:\/\/aliceblue-termite-662564.hostingersite.com\/auton-varaosat\/\"},{\"@type\":\"ListItem\",\"position\":3,\"name\":\"2.5 Hybrid &#8221;A25A&#8221;-motor [f.eks. Toyota RAV4, Camry, Lexus ES]\"}]},{\"@type\":\"WebSite\",\"@id\":\"https:\/\/autopartscenter24.com\/#website\",\"url\":\"https:\/\/autopartscenter24.com\/\",\"name\":\"Autopartscenter24\",\"description\":\"K\u00c4YTETYT JA KUNNOSTETUT  AUTON VARAOSAT\",\"potentialAction\":[{\"@type\":\"SearchAction\",\"target\":{\"@type\":\"EntryPoint\",\"urlTemplate\":\"https:\/\/autopartscenter24.com\/?s={search_term_string}\"},\"query-input\":{\"@type\":\"PropertyValueSpecification\",\"valueRequired\":true,\"valueName\":\"search_term_string\"}}],\"inLanguage\":\"nb-NO\"}]}<\/script>\n<!-- \/ Yoast SEO plugin. -->","yoast_head_json":{"title":"2.5 Hybrid \"A25A\"-motor [f.eks. Toyota RAV4, Camry, Lexus ES]","description":"En av motorene vi ofte har tilgjengelig. Send en foresp\u00f8rsel og du vil motta et tilbud innen 24 timer. Motorer, girkasser og andre bildeler med garanti.","robots":{"index":"index","follow":"follow","max-snippet":"max-snippet:-1","max-image-preview":"max-image-preview:large","max-video-preview":"max-video-preview:-1"},"canonical":"https:\/\/autopartscenter24.com\/no\/auton-varaosat\/2-5-hybryda-a25a-moottori-toyota-rav-4-v-camry\/","og_locale":"nb_NO","og_type":"article","og_title":"2.5 Hybrid \"A25A\"-motor [f.eks. Toyota RAV4, Camry, Lexus ES]","og_description":"En av motorene vi ofte har tilgjengelig. Send en foresp\u00f8rsel og du vil motta et tilbud innen 24 timer. Motorer, girkasser og andre bildeler med garanti.","og_url":"https:\/\/autopartscenter24.com\/no\/auton-varaosat\/2-5-hybryda-a25a-moottori-toyota-rav-4-v-camry\/","og_site_name":"Autopartscenter24","og_image":[{"width":800,"height":600,"url":"https:\/\/autopartscenter24.com\/wp-content\/uploads\/2023\/03\/2-5-hybryd-a25a-moottori-toyota-rav-4-v-camry.webp","type":"image\/webp"}],"twitter_card":"summary_large_image","twitter_misc":{"Ansl. lesetid":"1 minutt"},"schema":{"@context":"https:\/\/schema.org","@graph":[{"@type":"WebPage","@id":"https:\/\/autopartscenter24.com\/auton-varaosat\/2-5-hybryda-a25a-moottori-toyota-rav-4-v-camry\/","url":"https:\/\/autopartscenter24.com\/auton-varaosat\/2-5-hybryda-a25a-moottori-toyota-rav-4-v-camry\/","name":"2.5 Hybrid \"A25A\"-motor [f.eks. Toyota RAV4, Camry, Lexus ES]","isPartOf":{"@id":"https:\/\/autopartscenter24.com\/#website"},"primaryImageOfPage":{"@id":"https:\/\/autopartscenter24.com\/auton-varaosat\/2-5-hybryda-a25a-moottori-toyota-rav-4-v-camry\/#primaryimage"},"image":{"@id":"https:\/\/autopartscenter24.com\/auton-varaosat\/2-5-hybryda-a25a-moottori-toyota-rav-4-v-camry\/#primaryimage"},"thumbnailUrl":"https:\/\/autopartscenter24.com\/wp-content\/uploads\/2023\/03\/2-5-hybryd-a25a-moottori-toyota-rav-4-v-camry.webp","datePublished":"2023-11-30T21:33:28+00:00","description":"En av motorene vi ofte har tilgjengelig. Send en foresp\u00f8rsel og du vil motta et tilbud innen 24 timer. Motorer, girkasser og andre bildeler med garanti.","breadcrumb":{"@id":"https:\/\/autopartscenter24.com\/auton-varaosat\/2-5-hybryda-a25a-moottori-toyota-rav-4-v-camry\/#breadcrumb"},"inLanguage":"nb-NO","potentialAction":[{"@type":"ReadAction","target":["https:\/\/autopartscenter24.com\/auton-varaosat\/2-5-hybryda-a25a-moottori-toyota-rav-4-v-camry\/"]}]},{"@type":"ImageObject","inLanguage":"nb-NO","@id":"https:\/\/autopartscenter24.com\/auton-varaosat\/2-5-hybryda-a25a-moottori-toyota-rav-4-v-camry\/#primaryimage","url":"https:\/\/autopartscenter24.com\/wp-content\/uploads\/2023\/03\/2-5-hybryd-a25a-moottori-toyota-rav-4-v-camry.webp","contentUrl":"https:\/\/autopartscenter24.com\/wp-content\/uploads\/2023\/03\/2-5-hybryd-a25a-moottori-toyota-rav-4-v-camry.webp","width":800,"height":600},{"@type":"BreadcrumbList","@id":"https:\/\/autopartscenter24.com\/auton-varaosat\/2-5-hybryda-a25a-moottori-toyota-rav-4-v-camry\/#breadcrumb","itemListElement":[{"@type":"ListItem","position":1,"name":"Hjem","item":"https:\/\/aliceblue-termite-662564.hostingersite.com\/"},{"@type":"ListItem","position":2,"name":"Auton varaosat","item":"https:\/\/aliceblue-termite-662564.hostingersite.com\/auton-varaosat\/"},{"@type":"ListItem","position":3,"name":"2.5 Hybrid &#8221;A25A&#8221;-motor [f.eks. Toyota RAV4, Camry, Lexus ES]"}]},{"@type":"WebSite","@id":"https:\/\/autopartscenter24.com\/#website","url":"https:\/\/autopartscenter24.com\/","name":"Autopartscenter24","description":"K\u00c4YTETYT JA KUNNOSTETUT  AUTON VARAOSAT","potentialAction":[{"@type":"SearchAction","target":{"@type":"EntryPoint","urlTemplate":"https:\/\/autopartscenter24.com\/?s={search_term_string}"},"query-input":{"@type":"PropertyValueSpecification","valueRequired":true,"valueName":"search_term_string"}}],"inLanguage":"nb-NO"}]}},"_links":{"self":[{"href":"https:\/\/autopartscenter24.com\/no\/wp-json\/wp\/v2\/product\/5725","targetHints":{"allow":["GET"]}}],"collection":[{"href":"https:\/\/autopartscenter24.com\/no\/wp-json\/wp\/v2\/product"}],"about":[{"href":"https:\/\/autopartscenter24.com\/no\/wp-json\/wp\/v2\/types\/product"}],"wp:featuredmedia":[{"embeddable":true,"href":"https:\/\/autopartscenter24.com\/no\/wp-json\/wp\/v2\/media\/4753"}],"wp:attachment":[{"href":"https:\/\/autopartscenter24.com\/no\/wp-json\/wp\/v2\/media?parent=5725"}],"wp:term":[{"taxonomy":"product_brand","embeddable":true,"href":"https:\/\/autopartscenter24.com\/no\/wp-json\/wp\/v2\/product_brand?post=5725"},{"taxonomy":"product_cat","embeddable":true,"href":"https:\/\/autopartscenter24.com\/no\/wp-json\/wp\/v2\/product_cat?post=5725"},{"taxonomy":"product_tag","embeddable":true,"href":"https:\/\/autopartscenter24.com\/no\/wp-json\/wp\/v2\/product_tag?post=5725"}],"curies":[{"name":"wp","href":"https:\/\/api.w.org\/{rel}","templated":true}]}}