{"id":5724,"date":"2023-03-08T21:12:04","date_gmt":"2023-11-30T20:49:11","guid":{"rendered":"https:\/\/autopartscenter24.com\/product\/2-2-i-dtec-n22b1-motor-f-eks-honda-accord-cr-v-civic\/"},"modified":"2023-11-30T21:49:11","modified_gmt":"2023-11-30T20:49:11","slug":"2-2-i-dtec-n22b1-motor-f-eks-honda-accord-cr-v-civic","status":"publish","type":"product","link":"https:\/\/autopartscenter24.com\/no\/auton-varaosat\/2-2-i-dtec-n22b1-motor-f-eks-honda-accord-cr-v-civic\/","title":{"rendered":"2.2 I-DTEC &laquo;N22B1&raquo; motor [f.eks. Honda Accord, CR-V, Civic]"},"content":{"rendered":"<p>Velkommen! Honda 2.2 I-DTEC-motoren, kodenavnet N22B1, er en av dieselmotorene produsert av Honda Motor Company. Motoren er kjent for sin \u00f8konomi og ytelse. N22B1-motoren har fire sylindre og to kamaksler. Den yter en effekt p\u00e5 150 hk og et dreiemoment p\u00e5 350 Nm.<\/p>\n<p>Motoren bruker Hondas I-DTEC-teknologi, som tilbyr direkte drivstoffinnspr\u00f8ytning og en turbolader med liten slagvolum. Den st\u00f8rste fordelen med motoren er dens \u00f8konomi, takket v\u00e6re at den oppfyller Euro 6-utslippsstandardene. Motoren bruker ogs\u00e5 Hondas AdBlue-system, som reduserer utslipp av nitrogenoksid.<\/p>\n<p>Det er brukt flere tekniske l\u00f8sninger i N22B1-motoren, som forbedrer ytelsen og holdbarheten. Motorsylindrene er laget av aluminiumslegering, noe som reduserer vekten p\u00e5 motoren og forbedrer kj\u00f8lingen. Motorens stempler er ogs\u00e5 spesialdesignet for \u00e5 t\u00e5le det h\u00f8ye trykket som oppst\u00e5r ved bruk av en turbolader med lite volum.<\/p>\n<p>Jeg h\u00e5per denne teksten hjalp deg med \u00e5 l\u00e6re mer om N22B1-motoren og dens tekniske funksjoner.<\/p>\n","protected":false},"excerpt":{"rendered":"<p>N22B1-motoren har blitt brukt i mange Honda-biler, som Honda Civic, CR-V og Accord. Den er ogs\u00e5 installert p\u00e5 Acura ILX og Acura TSX. Motoren har v\u00e6rt tilgjengelig fra 2013-2019.<\/p>\n<p>Bilmerker og modeller med N22B1-motor brukt:<\/p>\n<ul>\n<li>Honda Civic (2013-2019)<\/li>\n<li>Honda CR-V (2013-2018)<\/li>\n<li>Honda Accord (2013-2017)<\/li>\n<li>Acura ILX (2013-2015)<\/li>\n<li>Acura TSX (2013-2014)<\/li>\n<\/ul>\n","protected":false},"featured_media":4758,"template":"","meta":[],"product_brand":[],"product_cat":[568],"product_tag":[813,841,834],"class_list":{"0":"post-5724","1":"product","2":"type-product","3":"status-publish","4":"has-post-thumbnail","6":"product_cat-honda-no","7":"product_tag-accord-no","8":"product_tag-civic-no","9":"product_tag-cr-v-no","10":"pa_varaosan-osasto-motor-no","13":"first","14":"instock","15":"shipping-taxable","16":"product-type-simple"},"yoast_head":"<!-- This site is optimized with the Yoast SEO plugin v26.8 - https:\/\/yoast.com\/product\/yoast-seo-wordpress\/ -->\n<title>2.2 I-DTEC &quot;N22B1&quot; motor [f.eks. Honda Accord, CR-V, Civic]<\/title>\n<meta name=\"description\" content=\"En av motorene vi ofte har tilgjengelig. Send en foresp\u00f8rsel og du vil motta et tilbud innen 24 timer. Motorer, girkasser og andre bildeler med garanti.\" \/>\n<meta name=\"robots\" content=\"index, follow, max-snippet:-1, max-image-preview:large, max-video-preview:-1\" \/>\n<link rel=\"canonical\" href=\"https:\/\/autopartscenter24.com\/no\/auton-varaosat\/2-2-i-dtec-n22b1-moottori-honda-accord-viii\/\" \/>\n<meta property=\"og:locale\" content=\"nb_NO\" \/>\n<meta property=\"og:type\" content=\"article\" \/>\n<meta property=\"og:title\" content=\"2.2 I-DTEC &quot;N22B1&quot; motor [f.eks. Honda Accord, CR-V, Civic]\" \/>\n<meta property=\"og:description\" content=\"En av motorene vi ofte har tilgjengelig. Send en foresp\u00f8rsel og du vil motta et tilbud innen 24 timer. Motorer, girkasser og andre bildeler med garanti.\" \/>\n<meta property=\"og:url\" content=\"https:\/\/autopartscenter24.com\/no\/auton-varaosat\/2-2-i-dtec-n22b1-moottori-honda-accord-viii\/\" \/>\n<meta property=\"og:site_name\" content=\"Autopartscenter24\" \/>\n<meta property=\"og:image\" content=\"https:\/\/autopartscenter24.com\/wp-content\/uploads\/2023\/03\/2-2-i-dtec-n22b1-moottori-honda-accord-viii.webp\" \/>\n\t<meta property=\"og:image:width\" content=\"800\" \/>\n\t<meta property=\"og:image:height\" content=\"600\" \/>\n\t<meta property=\"og:image:type\" content=\"image\/webp\" \/>\n<meta name=\"twitter:card\" content=\"summary_large_image\" \/>\n<meta name=\"twitter:label1\" content=\"Ansl. lesetid\" \/>\n\t<meta name=\"twitter:data1\" content=\"1 minutt\" \/>\n<script type=\"application\/ld+json\" class=\"yoast-schema-graph\">{\"@context\":\"https:\/\/schema.org\",\"@graph\":[{\"@type\":\"WebPage\",\"@id\":\"https:\/\/autopartscenter24.com\/auton-varaosat\/2-2-i-dtec-n22b1-moottori-honda-accord-viii\/\",\"url\":\"https:\/\/autopartscenter24.com\/auton-varaosat\/2-2-i-dtec-n22b1-moottori-honda-accord-viii\/\",\"name\":\"2.2 I-DTEC \\\"N22B1\\\" motor [f.eks. Honda Accord, CR-V, Civic]\",\"isPartOf\":{\"@id\":\"https:\/\/autopartscenter24.com\/#website\"},\"primaryImageOfPage\":{\"@id\":\"https:\/\/autopartscenter24.com\/auton-varaosat\/2-2-i-dtec-n22b1-moottori-honda-accord-viii\/#primaryimage\"},\"image\":{\"@id\":\"https:\/\/autopartscenter24.com\/auton-varaosat\/2-2-i-dtec-n22b1-moottori-honda-accord-viii\/#primaryimage\"},\"thumbnailUrl\":\"https:\/\/autopartscenter24.com\/wp-content\/uploads\/2023\/03\/2-2-i-dtec-n22b1-moottori-honda-accord-viii.webp\",\"datePublished\":\"2023-11-30T20:49:11+00:00\",\"description\":\"En av motorene vi ofte har tilgjengelig. Send en foresp\u00f8rsel og du vil motta et tilbud innen 24 timer. Motorer, girkasser og andre bildeler med garanti.\",\"breadcrumb\":{\"@id\":\"https:\/\/autopartscenter24.com\/auton-varaosat\/2-2-i-dtec-n22b1-moottori-honda-accord-viii\/#breadcrumb\"},\"inLanguage\":\"nb-NO\",\"potentialAction\":[{\"@type\":\"ReadAction\",\"target\":[\"https:\/\/autopartscenter24.com\/auton-varaosat\/2-2-i-dtec-n22b1-moottori-honda-accord-viii\/\"]}]},{\"@type\":\"ImageObject\",\"inLanguage\":\"nb-NO\",\"@id\":\"https:\/\/autopartscenter24.com\/auton-varaosat\/2-2-i-dtec-n22b1-moottori-honda-accord-viii\/#primaryimage\",\"url\":\"https:\/\/autopartscenter24.com\/wp-content\/uploads\/2023\/03\/2-2-i-dtec-n22b1-moottori-honda-accord-viii.webp\",\"contentUrl\":\"https:\/\/autopartscenter24.com\/wp-content\/uploads\/2023\/03\/2-2-i-dtec-n22b1-moottori-honda-accord-viii.webp\",\"width\":800,\"height\":600},{\"@type\":\"BreadcrumbList\",\"@id\":\"https:\/\/autopartscenter24.com\/auton-varaosat\/2-2-i-dtec-n22b1-moottori-honda-accord-viii\/#breadcrumb\",\"itemListElement\":[{\"@type\":\"ListItem\",\"position\":1,\"name\":\"Hjem\",\"item\":\"https:\/\/aliceblue-termite-662564.hostingersite.com\/\"},{\"@type\":\"ListItem\",\"position\":2,\"name\":\"Auton varaosat\",\"item\":\"https:\/\/aliceblue-termite-662564.hostingersite.com\/auton-varaosat\/\"},{\"@type\":\"ListItem\",\"position\":3,\"name\":\"2.2 I-DTEC &#8221;N22B1&#8221; motor [f.eks. Honda Accord, CR-V, Civic]\"}]},{\"@type\":\"WebSite\",\"@id\":\"https:\/\/autopartscenter24.com\/#website\",\"url\":\"https:\/\/autopartscenter24.com\/\",\"name\":\"Autopartscenter24\",\"description\":\"K\u00c4YTETYT JA KUNNOSTETUT  AUTON VARAOSAT\",\"potentialAction\":[{\"@type\":\"SearchAction\",\"target\":{\"@type\":\"EntryPoint\",\"urlTemplate\":\"https:\/\/autopartscenter24.com\/?s={search_term_string}\"},\"query-input\":{\"@type\":\"PropertyValueSpecification\",\"valueRequired\":true,\"valueName\":\"search_term_string\"}}],\"inLanguage\":\"nb-NO\"}]}<\/script>\n<!-- \/ Yoast SEO plugin. -->","yoast_head_json":{"title":"2.2 I-DTEC \"N22B1\" motor [f.eks. Honda Accord, CR-V, Civic]","description":"En av motorene vi ofte har tilgjengelig. Send en foresp\u00f8rsel og du vil motta et tilbud innen 24 timer. Motorer, girkasser og andre bildeler med garanti.","robots":{"index":"index","follow":"follow","max-snippet":"max-snippet:-1","max-image-preview":"max-image-preview:large","max-video-preview":"max-video-preview:-1"},"canonical":"https:\/\/autopartscenter24.com\/no\/auton-varaosat\/2-2-i-dtec-n22b1-moottori-honda-accord-viii\/","og_locale":"nb_NO","og_type":"article","og_title":"2.2 I-DTEC \"N22B1\" motor [f.eks. Honda Accord, CR-V, Civic]","og_description":"En av motorene vi ofte har tilgjengelig. Send en foresp\u00f8rsel og du vil motta et tilbud innen 24 timer. Motorer, girkasser og andre bildeler med garanti.","og_url":"https:\/\/autopartscenter24.com\/no\/auton-varaosat\/2-2-i-dtec-n22b1-moottori-honda-accord-viii\/","og_site_name":"Autopartscenter24","og_image":[{"width":800,"height":600,"url":"https:\/\/autopartscenter24.com\/wp-content\/uploads\/2023\/03\/2-2-i-dtec-n22b1-moottori-honda-accord-viii.webp","type":"image\/webp"}],"twitter_card":"summary_large_image","twitter_misc":{"Ansl. lesetid":"1 minutt"},"schema":{"@context":"https:\/\/schema.org","@graph":[{"@type":"WebPage","@id":"https:\/\/autopartscenter24.com\/auton-varaosat\/2-2-i-dtec-n22b1-moottori-honda-accord-viii\/","url":"https:\/\/autopartscenter24.com\/auton-varaosat\/2-2-i-dtec-n22b1-moottori-honda-accord-viii\/","name":"2.2 I-DTEC \"N22B1\" motor [f.eks. Honda Accord, CR-V, Civic]","isPartOf":{"@id":"https:\/\/autopartscenter24.com\/#website"},"primaryImageOfPage":{"@id":"https:\/\/autopartscenter24.com\/auton-varaosat\/2-2-i-dtec-n22b1-moottori-honda-accord-viii\/#primaryimage"},"image":{"@id":"https:\/\/autopartscenter24.com\/auton-varaosat\/2-2-i-dtec-n22b1-moottori-honda-accord-viii\/#primaryimage"},"thumbnailUrl":"https:\/\/autopartscenter24.com\/wp-content\/uploads\/2023\/03\/2-2-i-dtec-n22b1-moottori-honda-accord-viii.webp","datePublished":"2023-11-30T20:49:11+00:00","description":"En av motorene vi ofte har tilgjengelig. Send en foresp\u00f8rsel og du vil motta et tilbud innen 24 timer. Motorer, girkasser og andre bildeler med garanti.","breadcrumb":{"@id":"https:\/\/autopartscenter24.com\/auton-varaosat\/2-2-i-dtec-n22b1-moottori-honda-accord-viii\/#breadcrumb"},"inLanguage":"nb-NO","potentialAction":[{"@type":"ReadAction","target":["https:\/\/autopartscenter24.com\/auton-varaosat\/2-2-i-dtec-n22b1-moottori-honda-accord-viii\/"]}]},{"@type":"ImageObject","inLanguage":"nb-NO","@id":"https:\/\/autopartscenter24.com\/auton-varaosat\/2-2-i-dtec-n22b1-moottori-honda-accord-viii\/#primaryimage","url":"https:\/\/autopartscenter24.com\/wp-content\/uploads\/2023\/03\/2-2-i-dtec-n22b1-moottori-honda-accord-viii.webp","contentUrl":"https:\/\/autopartscenter24.com\/wp-content\/uploads\/2023\/03\/2-2-i-dtec-n22b1-moottori-honda-accord-viii.webp","width":800,"height":600},{"@type":"BreadcrumbList","@id":"https:\/\/autopartscenter24.com\/auton-varaosat\/2-2-i-dtec-n22b1-moottori-honda-accord-viii\/#breadcrumb","itemListElement":[{"@type":"ListItem","position":1,"name":"Hjem","item":"https:\/\/aliceblue-termite-662564.hostingersite.com\/"},{"@type":"ListItem","position":2,"name":"Auton varaosat","item":"https:\/\/aliceblue-termite-662564.hostingersite.com\/auton-varaosat\/"},{"@type":"ListItem","position":3,"name":"2.2 I-DTEC &#8221;N22B1&#8221; motor [f.eks. Honda Accord, CR-V, Civic]"}]},{"@type":"WebSite","@id":"https:\/\/autopartscenter24.com\/#website","url":"https:\/\/autopartscenter24.com\/","name":"Autopartscenter24","description":"K\u00c4YTETYT JA KUNNOSTETUT  AUTON VARAOSAT","potentialAction":[{"@type":"SearchAction","target":{"@type":"EntryPoint","urlTemplate":"https:\/\/autopartscenter24.com\/?s={search_term_string}"},"query-input":{"@type":"PropertyValueSpecification","valueRequired":true,"valueName":"search_term_string"}}],"inLanguage":"nb-NO"}]}},"_links":{"self":[{"href":"https:\/\/autopartscenter24.com\/no\/wp-json\/wp\/v2\/product\/5724","targetHints":{"allow":["GET"]}}],"collection":[{"href":"https:\/\/autopartscenter24.com\/no\/wp-json\/wp\/v2\/product"}],"about":[{"href":"https:\/\/autopartscenter24.com\/no\/wp-json\/wp\/v2\/types\/product"}],"wp:featuredmedia":[{"embeddable":true,"href":"https:\/\/autopartscenter24.com\/no\/wp-json\/wp\/v2\/media\/4758"}],"wp:attachment":[{"href":"https:\/\/autopartscenter24.com\/no\/wp-json\/wp\/v2\/media?parent=5724"}],"wp:term":[{"taxonomy":"product_brand","embeddable":true,"href":"https:\/\/autopartscenter24.com\/no\/wp-json\/wp\/v2\/product_brand?post=5724"},{"taxonomy":"product_cat","embeddable":true,"href":"https:\/\/autopartscenter24.com\/no\/wp-json\/wp\/v2\/product_cat?post=5724"},{"taxonomy":"product_tag","embeddable":true,"href":"https:\/\/autopartscenter24.com\/no\/wp-json\/wp\/v2\/product_tag?post=5724"}],"curies":[{"name":"wp","href":"https:\/\/api.w.org\/{rel}","templated":true}]}}