{"id":5723,"date":"2023-03-08T21:16:37","date_gmt":"2023-11-30T20:45:58","guid":{"rendered":"https:\/\/autopartscenter24.com\/product\/2-5i-n53b25a-motor-esim-bmw-e60-e61\/"},"modified":"2023-11-30T21:45:58","modified_gmt":"2023-11-30T20:45:58","slug":"2-5i-n53b25a-motor-esim-bmw-e60-e61","status":"publish","type":"product","link":"https:\/\/autopartscenter24.com\/no\/auton-varaosat\/2-5i-n53b25a-motor-esim-bmw-e60-e61\/","title":{"rendered":"2.5i &laquo;N53B25A&raquo; Motor [esim. BMW E60, E61]"},"content":{"rendered":"<p><strong>BMW 2.5-motoren, kodenavnet N53B25A<\/strong>, er en av bensinmotorene produsert av Bayerische Motoren Werke AG. Motoren er kjent for sin ytelse og holdbarhet. N53B25A-motoren har seks sylindre og to kamaksler. Den yter en effekt p\u00e5 218 hk og et dreiemoment p\u00e5 250 Nm.<\/p>\n<p>Motoren bruker BMWs Valvetronic-teknologi, som tilbyr en bemerkelsesverdig effektiv kombinasjon av direkte drivstoffinnspr\u00f8ytning og en elektronisk styrt ventilenhet. Den st\u00f8rste fordelen med motoren er ytelsen og \u00f8konomien, takket v\u00e6re at den oppfyller Euro 5-utslippsstandardene.<\/p>\n<p>N53B25A-motoren bruker flere tekniske l\u00f8sninger som forbedrer ytelsen og holdbarheten. Motorsylindrene er laget av aluminiumslegering, noe som reduserer vekten p\u00e5 motoren og forbedrer kj\u00f8lingen. Motorens registerkjede er ogs\u00e5 designet for \u00e5 vare lenge og har betydelig lengre levetid enn tradisjonelle reoler.<\/p>\n<p>Jeg h\u00e5per denne teksten hjalp deg med \u00e5 l\u00e6re mer om N53B25A-motoren og dens spesifikasjoner.<\/p>\n","protected":false},"excerpt":{"rendered":"<p>N53B25A-motoren har blitt brukt i mange BMW-biler, som BMW 3-serie, 5-serie og X3. Den er ogs\u00e5 montert p\u00e5 BMW Z4 og BMW 1-serie Coup\u00e9. Motoren har v\u00e6rt tilgjengelig fra 2006-2013.<\/p>\n<p>Bilmerker og modeller der N53B25A-motoren brukes:<\/p>\n<ul>\n<li>BMW 325i (2006-2013)<\/li>\n<li>BMW 525i (2006-2010)<\/li>\n<li>BMW X3 2.5si (2006-2008)<\/li>\n<li>BMW Z4 2.5i (2009-2013)<\/li>\n<li>BMW 125i Coup\u00e9 (2007-2013)<\/li>\n<\/ul>\n","protected":false},"featured_media":4763,"template":"","meta":[],"product_brand":[],"product_cat":[536],"product_tag":[853,854],"class_list":{"0":"post-5723","1":"product","2":"type-product","3":"status-publish","4":"has-post-thumbnail","6":"product_cat-bmw-no","7":"product_tag-e60-no","8":"product_tag-e61-no","9":"pa_varaosan-osasto-motor-no","12":"first","13":"instock","14":"shipping-taxable","15":"product-type-simple"},"yoast_head":"<!-- This site is optimized with the Yoast SEO plugin v26.8 - https:\/\/yoast.com\/product\/yoast-seo-wordpress\/ -->\n<title>2.5i &quot;N53B25A&quot; Motor [esim. BMW E60, E61] - Autopartscenter24<\/title>\n<meta name=\"description\" content=\"En av motorene vi ofte har tilgjengelig. Send en foresp\u00f8rsel og du vil motta et tilbud innen 24 timer. Motorer, girkasser og andre bildeler med garanti.\" \/>\n<meta name=\"robots\" content=\"index, follow, max-snippet:-1, max-image-preview:large, max-video-preview:-1\" \/>\n<link rel=\"canonical\" href=\"https:\/\/autopartscenter24.com\/no\/auton-varaosat\/2-5-190-hv-n53b25a-moottori-bmw-e61-e60\/\" \/>\n<meta property=\"og:locale\" content=\"nb_NO\" \/>\n<meta property=\"og:type\" content=\"article\" \/>\n<meta property=\"og:title\" content=\"2.5i &quot;N53B25A&quot; Motor [esim. BMW E60, E61] - Autopartscenter24\" \/>\n<meta property=\"og:description\" content=\"En av motorene vi ofte har tilgjengelig. Send en foresp\u00f8rsel og du vil motta et tilbud innen 24 timer. Motorer, girkasser og andre bildeler med garanti.\" \/>\n<meta property=\"og:url\" content=\"https:\/\/autopartscenter24.com\/no\/auton-varaosat\/2-5-190-hv-n53b25a-moottori-bmw-e61-e60\/\" \/>\n<meta property=\"og:site_name\" content=\"Autopartscenter24\" \/>\n<meta property=\"og:image\" content=\"https:\/\/autopartscenter24.com\/wp-content\/uploads\/2023\/03\/2-5-190-hv-n53b25a-moottori-bmw-e61-e60.webp\" \/>\n\t<meta property=\"og:image:width\" content=\"800\" \/>\n\t<meta property=\"og:image:height\" content=\"600\" \/>\n\t<meta property=\"og:image:type\" content=\"image\/webp\" \/>\n<meta name=\"twitter:card\" content=\"summary_large_image\" \/>\n<meta name=\"twitter:label1\" content=\"Ansl. lesetid\" \/>\n\t<meta name=\"twitter:data1\" content=\"1 minutt\" \/>\n<script type=\"application\/ld+json\" class=\"yoast-schema-graph\">{\"@context\":\"https:\/\/schema.org\",\"@graph\":[{\"@type\":\"WebPage\",\"@id\":\"https:\/\/autopartscenter24.com\/auton-varaosat\/2-5-190-hv-n53b25a-moottori-bmw-e61-e60\/\",\"url\":\"https:\/\/autopartscenter24.com\/auton-varaosat\/2-5-190-hv-n53b25a-moottori-bmw-e61-e60\/\",\"name\":\"2.5i \\\"N53B25A\\\" Motor [esim. BMW E60, E61] - Autopartscenter24\",\"isPartOf\":{\"@id\":\"https:\/\/autopartscenter24.com\/#website\"},\"primaryImageOfPage\":{\"@id\":\"https:\/\/autopartscenter24.com\/auton-varaosat\/2-5-190-hv-n53b25a-moottori-bmw-e61-e60\/#primaryimage\"},\"image\":{\"@id\":\"https:\/\/autopartscenter24.com\/auton-varaosat\/2-5-190-hv-n53b25a-moottori-bmw-e61-e60\/#primaryimage\"},\"thumbnailUrl\":\"https:\/\/autopartscenter24.com\/wp-content\/uploads\/2023\/03\/2-5-190-hv-n53b25a-moottori-bmw-e61-e60.webp\",\"datePublished\":\"2023-11-30T20:45:58+00:00\",\"description\":\"En av motorene vi ofte har tilgjengelig. Send en foresp\u00f8rsel og du vil motta et tilbud innen 24 timer. Motorer, girkasser og andre bildeler med garanti.\",\"breadcrumb\":{\"@id\":\"https:\/\/autopartscenter24.com\/auton-varaosat\/2-5-190-hv-n53b25a-moottori-bmw-e61-e60\/#breadcrumb\"},\"inLanguage\":\"nb-NO\",\"potentialAction\":[{\"@type\":\"ReadAction\",\"target\":[\"https:\/\/autopartscenter24.com\/auton-varaosat\/2-5-190-hv-n53b25a-moottori-bmw-e61-e60\/\"]}]},{\"@type\":\"ImageObject\",\"inLanguage\":\"nb-NO\",\"@id\":\"https:\/\/autopartscenter24.com\/auton-varaosat\/2-5-190-hv-n53b25a-moottori-bmw-e61-e60\/#primaryimage\",\"url\":\"https:\/\/autopartscenter24.com\/wp-content\/uploads\/2023\/03\/2-5-190-hv-n53b25a-moottori-bmw-e61-e60.webp\",\"contentUrl\":\"https:\/\/autopartscenter24.com\/wp-content\/uploads\/2023\/03\/2-5-190-hv-n53b25a-moottori-bmw-e61-e60.webp\",\"width\":800,\"height\":600},{\"@type\":\"BreadcrumbList\",\"@id\":\"https:\/\/autopartscenter24.com\/auton-varaosat\/2-5-190-hv-n53b25a-moottori-bmw-e61-e60\/#breadcrumb\",\"itemListElement\":[{\"@type\":\"ListItem\",\"position\":1,\"name\":\"Hjem\",\"item\":\"https:\/\/aliceblue-termite-662564.hostingersite.com\/\"},{\"@type\":\"ListItem\",\"position\":2,\"name\":\"Auton varaosat\",\"item\":\"https:\/\/aliceblue-termite-662564.hostingersite.com\/auton-varaosat\/\"},{\"@type\":\"ListItem\",\"position\":3,\"name\":\"2.5i &#8221;N53B25A&#8221; Motor [esim. BMW E60, E61]\"}]},{\"@type\":\"WebSite\",\"@id\":\"https:\/\/autopartscenter24.com\/#website\",\"url\":\"https:\/\/autopartscenter24.com\/\",\"name\":\"Autopartscenter24\",\"description\":\"K\u00c4YTETYT JA KUNNOSTETUT  AUTON VARAOSAT\",\"potentialAction\":[{\"@type\":\"SearchAction\",\"target\":{\"@type\":\"EntryPoint\",\"urlTemplate\":\"https:\/\/autopartscenter24.com\/?s={search_term_string}\"},\"query-input\":{\"@type\":\"PropertyValueSpecification\",\"valueRequired\":true,\"valueName\":\"search_term_string\"}}],\"inLanguage\":\"nb-NO\"}]}<\/script>\n<!-- \/ Yoast SEO plugin. -->","yoast_head_json":{"title":"2.5i \"N53B25A\" Motor [esim. BMW E60, E61] - Autopartscenter24","description":"En av motorene vi ofte har tilgjengelig. Send en foresp\u00f8rsel og du vil motta et tilbud innen 24 timer. Motorer, girkasser og andre bildeler med garanti.","robots":{"index":"index","follow":"follow","max-snippet":"max-snippet:-1","max-image-preview":"max-image-preview:large","max-video-preview":"max-video-preview:-1"},"canonical":"https:\/\/autopartscenter24.com\/no\/auton-varaosat\/2-5-190-hv-n53b25a-moottori-bmw-e61-e60\/","og_locale":"nb_NO","og_type":"article","og_title":"2.5i \"N53B25A\" Motor [esim. BMW E60, E61] - Autopartscenter24","og_description":"En av motorene vi ofte har tilgjengelig. Send en foresp\u00f8rsel og du vil motta et tilbud innen 24 timer. Motorer, girkasser og andre bildeler med garanti.","og_url":"https:\/\/autopartscenter24.com\/no\/auton-varaosat\/2-5-190-hv-n53b25a-moottori-bmw-e61-e60\/","og_site_name":"Autopartscenter24","og_image":[{"width":800,"height":600,"url":"https:\/\/autopartscenter24.com\/wp-content\/uploads\/2023\/03\/2-5-190-hv-n53b25a-moottori-bmw-e61-e60.webp","type":"image\/webp"}],"twitter_card":"summary_large_image","twitter_misc":{"Ansl. lesetid":"1 minutt"},"schema":{"@context":"https:\/\/schema.org","@graph":[{"@type":"WebPage","@id":"https:\/\/autopartscenter24.com\/auton-varaosat\/2-5-190-hv-n53b25a-moottori-bmw-e61-e60\/","url":"https:\/\/autopartscenter24.com\/auton-varaosat\/2-5-190-hv-n53b25a-moottori-bmw-e61-e60\/","name":"2.5i \"N53B25A\" Motor [esim. BMW E60, E61] - Autopartscenter24","isPartOf":{"@id":"https:\/\/autopartscenter24.com\/#website"},"primaryImageOfPage":{"@id":"https:\/\/autopartscenter24.com\/auton-varaosat\/2-5-190-hv-n53b25a-moottori-bmw-e61-e60\/#primaryimage"},"image":{"@id":"https:\/\/autopartscenter24.com\/auton-varaosat\/2-5-190-hv-n53b25a-moottori-bmw-e61-e60\/#primaryimage"},"thumbnailUrl":"https:\/\/autopartscenter24.com\/wp-content\/uploads\/2023\/03\/2-5-190-hv-n53b25a-moottori-bmw-e61-e60.webp","datePublished":"2023-11-30T20:45:58+00:00","description":"En av motorene vi ofte har tilgjengelig. Send en foresp\u00f8rsel og du vil motta et tilbud innen 24 timer. Motorer, girkasser og andre bildeler med garanti.","breadcrumb":{"@id":"https:\/\/autopartscenter24.com\/auton-varaosat\/2-5-190-hv-n53b25a-moottori-bmw-e61-e60\/#breadcrumb"},"inLanguage":"nb-NO","potentialAction":[{"@type":"ReadAction","target":["https:\/\/autopartscenter24.com\/auton-varaosat\/2-5-190-hv-n53b25a-moottori-bmw-e61-e60\/"]}]},{"@type":"ImageObject","inLanguage":"nb-NO","@id":"https:\/\/autopartscenter24.com\/auton-varaosat\/2-5-190-hv-n53b25a-moottori-bmw-e61-e60\/#primaryimage","url":"https:\/\/autopartscenter24.com\/wp-content\/uploads\/2023\/03\/2-5-190-hv-n53b25a-moottori-bmw-e61-e60.webp","contentUrl":"https:\/\/autopartscenter24.com\/wp-content\/uploads\/2023\/03\/2-5-190-hv-n53b25a-moottori-bmw-e61-e60.webp","width":800,"height":600},{"@type":"BreadcrumbList","@id":"https:\/\/autopartscenter24.com\/auton-varaosat\/2-5-190-hv-n53b25a-moottori-bmw-e61-e60\/#breadcrumb","itemListElement":[{"@type":"ListItem","position":1,"name":"Hjem","item":"https:\/\/aliceblue-termite-662564.hostingersite.com\/"},{"@type":"ListItem","position":2,"name":"Auton varaosat","item":"https:\/\/aliceblue-termite-662564.hostingersite.com\/auton-varaosat\/"},{"@type":"ListItem","position":3,"name":"2.5i &#8221;N53B25A&#8221; Motor [esim. BMW E60, E61]"}]},{"@type":"WebSite","@id":"https:\/\/autopartscenter24.com\/#website","url":"https:\/\/autopartscenter24.com\/","name":"Autopartscenter24","description":"K\u00c4YTETYT JA KUNNOSTETUT  AUTON VARAOSAT","potentialAction":[{"@type":"SearchAction","target":{"@type":"EntryPoint","urlTemplate":"https:\/\/autopartscenter24.com\/?s={search_term_string}"},"query-input":{"@type":"PropertyValueSpecification","valueRequired":true,"valueName":"search_term_string"}}],"inLanguage":"nb-NO"}]}},"_links":{"self":[{"href":"https:\/\/autopartscenter24.com\/no\/wp-json\/wp\/v2\/product\/5723","targetHints":{"allow":["GET"]}}],"collection":[{"href":"https:\/\/autopartscenter24.com\/no\/wp-json\/wp\/v2\/product"}],"about":[{"href":"https:\/\/autopartscenter24.com\/no\/wp-json\/wp\/v2\/types\/product"}],"wp:featuredmedia":[{"embeddable":true,"href":"https:\/\/autopartscenter24.com\/no\/wp-json\/wp\/v2\/media\/4763"}],"wp:attachment":[{"href":"https:\/\/autopartscenter24.com\/no\/wp-json\/wp\/v2\/media?parent=5723"}],"wp:term":[{"taxonomy":"product_brand","embeddable":true,"href":"https:\/\/autopartscenter24.com\/no\/wp-json\/wp\/v2\/product_brand?post=5723"},{"taxonomy":"product_cat","embeddable":true,"href":"https:\/\/autopartscenter24.com\/no\/wp-json\/wp\/v2\/product_cat?post=5723"},{"taxonomy":"product_tag","embeddable":true,"href":"https:\/\/autopartscenter24.com\/no\/wp-json\/wp\/v2\/product_tag?post=5723"}],"curies":[{"name":"wp","href":"https:\/\/api.w.org\/{rel}","templated":true}]}}