{"id":5722,"date":"2023-03-08T21:20:21","date_gmt":"2023-11-30T20:42:45","guid":{"rendered":"https:\/\/autopartscenter24.com\/product\/1-3-dig-t-hr13-motor-f-eks-nissan-qashqai-ii\/"},"modified":"2023-11-30T21:42:45","modified_gmt":"2023-11-30T20:42:45","slug":"1-3-dig-t-hr13-motor-f-eks-nissan-qashqai-ii","status":"publish","type":"product","link":"https:\/\/autopartscenter24.com\/no\/auton-varaosat\/1-3-dig-t-hr13-motor-f-eks-nissan-qashqai-ii\/","title":{"rendered":"1.3 DIG-T &laquo;HR13&raquo;-motor [f.eks. Nissan Qashqai II]"},"content":{"rendered":"<p><strong>Nissan 1.3 DIG-T-motoren, med kodenavnet HR13, er en av bensinmotorene produsert av Nissan Motor Co., Ltd.<\/strong> Motoren er kjent for sin \u00f8konomi og ytelse. HR13-motoren har fire sylindre og en kamaksel. Den yter en effekt p\u00e5 156 hk og et dreiemoment p\u00e5 270 Nm.<\/p>\n<p>Motoren bruker Nissans DIG-T-teknologi, som tilbyr direkte drivstoffinnspr\u00f8ytning og en kompakt turbolader. Den st\u00f8rste fordelen med motoren er dens \u00f8konomi og lave utslippsverdier, som oppfyller utslippsstandardene Euro 6d-TEMP.<\/p>\n<p>Det er brukt flere tekniske l\u00f8sninger i HR13-motoren som forbedrer ytelsen og holdbarheten. Motorsylindrene er laget av aluminiumslegering, noe som reduserer vekten p\u00e5 motoren og forbedrer kj\u00f8lingen. Motorens stempler er ogs\u00e5 spesialdesignet for \u00e5 t\u00e5le det h\u00f8ye trykket som oppst\u00e5r ved bruk av en liten turbokompressor.<\/p>\n<p>Jeg h\u00e5per denne teksten hjalp deg med \u00e5 l\u00e6re mer om HR13-motoren og dens tekniske funksjoner.<\/p>\n","protected":false},"excerpt":{"rendered":"<p>HR13-motoren har blitt brukt i mange Nissan-biler, som Nissan Qashqai, Juke og Micra. Den er ogs\u00e5 montert p\u00e5 Renault Captur og Clio. Motoren har v\u00e6rt tilgjengelig siden 2018.<\/p>\n<p>Bilmerker og modeller der HR13-motoren brukes:<\/p>\n<ul>\n<li>Nissan Qashqai (2018-i dag)<\/li>\n<li>Nissan Juke (2019-i dag)<\/li>\n<li>Nissan Micra (2019-i dag)<\/li>\n<li>Renault Captur (2018-i dag)<\/li>\n<li>Renault Clio (2019-i dag)<\/li>\n<\/ul>\n","protected":false},"featured_media":4768,"template":"","meta":[],"product_brand":[],"product_cat":[600],"product_tag":[872,886,900],"class_list":{"0":"post-5722","1":"product","2":"type-product","3":"status-publish","4":"has-post-thumbnail","6":"product_cat-nissan-no","7":"product_tag-joke-no","8":"product_tag-micra-no","9":"product_tag-qashqai-no","10":"pa_varaosan-osasto-motor-no","13":"first","14":"instock","15":"shipping-taxable","16":"product-type-simple"},"yoast_head":"<!-- This site is optimized with the Yoast SEO plugin v26.8 - https:\/\/yoast.com\/product\/yoast-seo-wordpress\/ -->\n<title>1.3 DIG-T &quot;HR13&quot;-motor [f.eks. Nissan Qashqai II]<\/title>\n<meta name=\"description\" content=\"En av motorene vi ofte har tilgjengelig. Send en foresp\u00f8rsel og du vil motta et tilbud innen 24 timer. Motorer, girkasser og andre bildeler med garanti.\" \/>\n<meta name=\"robots\" content=\"index, follow, max-snippet:-1, max-image-preview:large, max-video-preview:-1\" \/>\n<link rel=\"canonical\" href=\"https:\/\/autopartscenter24.com\/no\/auton-varaosat\/1-3-dig-t-hr13-moottori-esim-nissan-qashqai-ii\/\" \/>\n<meta property=\"og:locale\" content=\"nb_NO\" \/>\n<meta property=\"og:type\" content=\"article\" \/>\n<meta property=\"og:title\" content=\"1.3 DIG-T &quot;HR13&quot;-motor [f.eks. Nissan Qashqai II]\" \/>\n<meta property=\"og:description\" content=\"En av motorene vi ofte har tilgjengelig. Send en foresp\u00f8rsel og du vil motta et tilbud innen 24 timer. Motorer, girkasser og andre bildeler med garanti.\" \/>\n<meta property=\"og:url\" content=\"https:\/\/autopartscenter24.com\/no\/auton-varaosat\/1-3-dig-t-hr13-moottori-esim-nissan-qashqai-ii\/\" \/>\n<meta property=\"og:site_name\" content=\"Autopartscenter24\" \/>\n<meta property=\"og:image\" content=\"https:\/\/autopartscenter24.com\/wp-content\/uploads\/2023\/03\/1-3-dig-t-hr13-moottori-nissan-qashqai-ii.webp\" \/>\n\t<meta property=\"og:image:width\" content=\"800\" \/>\n\t<meta property=\"og:image:height\" content=\"600\" \/>\n\t<meta property=\"og:image:type\" content=\"image\/webp\" \/>\n<meta name=\"twitter:card\" content=\"summary_large_image\" \/>\n<meta name=\"twitter:label1\" content=\"Ansl. lesetid\" \/>\n\t<meta name=\"twitter:data1\" content=\"1 minutt\" \/>\n<script type=\"application\/ld+json\" class=\"yoast-schema-graph\">{\"@context\":\"https:\/\/schema.org\",\"@graph\":[{\"@type\":\"WebPage\",\"@id\":\"https:\/\/autopartscenter24.com\/auton-varaosat\/1-3-dig-t-hr13-moottori-esim-nissan-qashqai-ii\/\",\"url\":\"https:\/\/autopartscenter24.com\/auton-varaosat\/1-3-dig-t-hr13-moottori-esim-nissan-qashqai-ii\/\",\"name\":\"1.3 DIG-T \\\"HR13\\\"-motor [f.eks. Nissan Qashqai II]\",\"isPartOf\":{\"@id\":\"https:\/\/autopartscenter24.com\/#website\"},\"primaryImageOfPage\":{\"@id\":\"https:\/\/autopartscenter24.com\/auton-varaosat\/1-3-dig-t-hr13-moottori-esim-nissan-qashqai-ii\/#primaryimage\"},\"image\":{\"@id\":\"https:\/\/autopartscenter24.com\/auton-varaosat\/1-3-dig-t-hr13-moottori-esim-nissan-qashqai-ii\/#primaryimage\"},\"thumbnailUrl\":\"https:\/\/autopartscenter24.com\/wp-content\/uploads\/2023\/03\/1-3-dig-t-hr13-moottori-nissan-qashqai-ii.webp\",\"datePublished\":\"2023-11-30T20:42:45+00:00\",\"description\":\"En av motorene vi ofte har tilgjengelig. Send en foresp\u00f8rsel og du vil motta et tilbud innen 24 timer. Motorer, girkasser og andre bildeler med garanti.\",\"breadcrumb\":{\"@id\":\"https:\/\/autopartscenter24.com\/auton-varaosat\/1-3-dig-t-hr13-moottori-esim-nissan-qashqai-ii\/#breadcrumb\"},\"inLanguage\":\"nb-NO\",\"potentialAction\":[{\"@type\":\"ReadAction\",\"target\":[\"https:\/\/autopartscenter24.com\/auton-varaosat\/1-3-dig-t-hr13-moottori-esim-nissan-qashqai-ii\/\"]}]},{\"@type\":\"ImageObject\",\"inLanguage\":\"nb-NO\",\"@id\":\"https:\/\/autopartscenter24.com\/auton-varaosat\/1-3-dig-t-hr13-moottori-esim-nissan-qashqai-ii\/#primaryimage\",\"url\":\"https:\/\/autopartscenter24.com\/wp-content\/uploads\/2023\/03\/1-3-dig-t-hr13-moottori-nissan-qashqai-ii.webp\",\"contentUrl\":\"https:\/\/autopartscenter24.com\/wp-content\/uploads\/2023\/03\/1-3-dig-t-hr13-moottori-nissan-qashqai-ii.webp\",\"width\":800,\"height\":600},{\"@type\":\"BreadcrumbList\",\"@id\":\"https:\/\/autopartscenter24.com\/auton-varaosat\/1-3-dig-t-hr13-moottori-esim-nissan-qashqai-ii\/#breadcrumb\",\"itemListElement\":[{\"@type\":\"ListItem\",\"position\":1,\"name\":\"Hjem\",\"item\":\"https:\/\/aliceblue-termite-662564.hostingersite.com\/\"},{\"@type\":\"ListItem\",\"position\":2,\"name\":\"Auton varaosat\",\"item\":\"https:\/\/aliceblue-termite-662564.hostingersite.com\/auton-varaosat\/\"},{\"@type\":\"ListItem\",\"position\":3,\"name\":\"1.3 DIG-T &#8221;HR13&#8221;-motor [f.eks. Nissan Qashqai II]\"}]},{\"@type\":\"WebSite\",\"@id\":\"https:\/\/autopartscenter24.com\/#website\",\"url\":\"https:\/\/autopartscenter24.com\/\",\"name\":\"Autopartscenter24\",\"description\":\"K\u00c4YTETYT JA KUNNOSTETUT  AUTON VARAOSAT\",\"potentialAction\":[{\"@type\":\"SearchAction\",\"target\":{\"@type\":\"EntryPoint\",\"urlTemplate\":\"https:\/\/autopartscenter24.com\/?s={search_term_string}\"},\"query-input\":{\"@type\":\"PropertyValueSpecification\",\"valueRequired\":true,\"valueName\":\"search_term_string\"}}],\"inLanguage\":\"nb-NO\"}]}<\/script>\n<!-- \/ Yoast SEO plugin. -->","yoast_head_json":{"title":"1.3 DIG-T \"HR13\"-motor [f.eks. Nissan Qashqai II]","description":"En av motorene vi ofte har tilgjengelig. Send en foresp\u00f8rsel og du vil motta et tilbud innen 24 timer. Motorer, girkasser og andre bildeler med garanti.","robots":{"index":"index","follow":"follow","max-snippet":"max-snippet:-1","max-image-preview":"max-image-preview:large","max-video-preview":"max-video-preview:-1"},"canonical":"https:\/\/autopartscenter24.com\/no\/auton-varaosat\/1-3-dig-t-hr13-moottori-esim-nissan-qashqai-ii\/","og_locale":"nb_NO","og_type":"article","og_title":"1.3 DIG-T \"HR13\"-motor [f.eks. Nissan Qashqai II]","og_description":"En av motorene vi ofte har tilgjengelig. Send en foresp\u00f8rsel og du vil motta et tilbud innen 24 timer. Motorer, girkasser og andre bildeler med garanti.","og_url":"https:\/\/autopartscenter24.com\/no\/auton-varaosat\/1-3-dig-t-hr13-moottori-esim-nissan-qashqai-ii\/","og_site_name":"Autopartscenter24","og_image":[{"width":800,"height":600,"url":"https:\/\/autopartscenter24.com\/wp-content\/uploads\/2023\/03\/1-3-dig-t-hr13-moottori-nissan-qashqai-ii.webp","type":"image\/webp"}],"twitter_card":"summary_large_image","twitter_misc":{"Ansl. lesetid":"1 minutt"},"schema":{"@context":"https:\/\/schema.org","@graph":[{"@type":"WebPage","@id":"https:\/\/autopartscenter24.com\/auton-varaosat\/1-3-dig-t-hr13-moottori-esim-nissan-qashqai-ii\/","url":"https:\/\/autopartscenter24.com\/auton-varaosat\/1-3-dig-t-hr13-moottori-esim-nissan-qashqai-ii\/","name":"1.3 DIG-T \"HR13\"-motor [f.eks. Nissan Qashqai II]","isPartOf":{"@id":"https:\/\/autopartscenter24.com\/#website"},"primaryImageOfPage":{"@id":"https:\/\/autopartscenter24.com\/auton-varaosat\/1-3-dig-t-hr13-moottori-esim-nissan-qashqai-ii\/#primaryimage"},"image":{"@id":"https:\/\/autopartscenter24.com\/auton-varaosat\/1-3-dig-t-hr13-moottori-esim-nissan-qashqai-ii\/#primaryimage"},"thumbnailUrl":"https:\/\/autopartscenter24.com\/wp-content\/uploads\/2023\/03\/1-3-dig-t-hr13-moottori-nissan-qashqai-ii.webp","datePublished":"2023-11-30T20:42:45+00:00","description":"En av motorene vi ofte har tilgjengelig. Send en foresp\u00f8rsel og du vil motta et tilbud innen 24 timer. Motorer, girkasser og andre bildeler med garanti.","breadcrumb":{"@id":"https:\/\/autopartscenter24.com\/auton-varaosat\/1-3-dig-t-hr13-moottori-esim-nissan-qashqai-ii\/#breadcrumb"},"inLanguage":"nb-NO","potentialAction":[{"@type":"ReadAction","target":["https:\/\/autopartscenter24.com\/auton-varaosat\/1-3-dig-t-hr13-moottori-esim-nissan-qashqai-ii\/"]}]},{"@type":"ImageObject","inLanguage":"nb-NO","@id":"https:\/\/autopartscenter24.com\/auton-varaosat\/1-3-dig-t-hr13-moottori-esim-nissan-qashqai-ii\/#primaryimage","url":"https:\/\/autopartscenter24.com\/wp-content\/uploads\/2023\/03\/1-3-dig-t-hr13-moottori-nissan-qashqai-ii.webp","contentUrl":"https:\/\/autopartscenter24.com\/wp-content\/uploads\/2023\/03\/1-3-dig-t-hr13-moottori-nissan-qashqai-ii.webp","width":800,"height":600},{"@type":"BreadcrumbList","@id":"https:\/\/autopartscenter24.com\/auton-varaosat\/1-3-dig-t-hr13-moottori-esim-nissan-qashqai-ii\/#breadcrumb","itemListElement":[{"@type":"ListItem","position":1,"name":"Hjem","item":"https:\/\/aliceblue-termite-662564.hostingersite.com\/"},{"@type":"ListItem","position":2,"name":"Auton varaosat","item":"https:\/\/aliceblue-termite-662564.hostingersite.com\/auton-varaosat\/"},{"@type":"ListItem","position":3,"name":"1.3 DIG-T &#8221;HR13&#8221;-motor [f.eks. Nissan Qashqai II]"}]},{"@type":"WebSite","@id":"https:\/\/autopartscenter24.com\/#website","url":"https:\/\/autopartscenter24.com\/","name":"Autopartscenter24","description":"K\u00c4YTETYT JA KUNNOSTETUT  AUTON VARAOSAT","potentialAction":[{"@type":"SearchAction","target":{"@type":"EntryPoint","urlTemplate":"https:\/\/autopartscenter24.com\/?s={search_term_string}"},"query-input":{"@type":"PropertyValueSpecification","valueRequired":true,"valueName":"search_term_string"}}],"inLanguage":"nb-NO"}]}},"_links":{"self":[{"href":"https:\/\/autopartscenter24.com\/no\/wp-json\/wp\/v2\/product\/5722","targetHints":{"allow":["GET"]}}],"collection":[{"href":"https:\/\/autopartscenter24.com\/no\/wp-json\/wp\/v2\/product"}],"about":[{"href":"https:\/\/autopartscenter24.com\/no\/wp-json\/wp\/v2\/types\/product"}],"wp:featuredmedia":[{"embeddable":true,"href":"https:\/\/autopartscenter24.com\/no\/wp-json\/wp\/v2\/media\/4768"}],"wp:attachment":[{"href":"https:\/\/autopartscenter24.com\/no\/wp-json\/wp\/v2\/media?parent=5722"}],"wp:term":[{"taxonomy":"product_brand","embeddable":true,"href":"https:\/\/autopartscenter24.com\/no\/wp-json\/wp\/v2\/product_brand?post=5722"},{"taxonomy":"product_cat","embeddable":true,"href":"https:\/\/autopartscenter24.com\/no\/wp-json\/wp\/v2\/product_cat?post=5722"},{"taxonomy":"product_tag","embeddable":true,"href":"https:\/\/autopartscenter24.com\/no\/wp-json\/wp\/v2\/product_tag?post=5722"}],"curies":[{"name":"wp","href":"https:\/\/api.w.org\/{rel}","templated":true}]}}