{"id":5721,"date":"2023-03-08T21:23:46","date_gmt":"2023-11-30T20:42:44","guid":{"rendered":"https:\/\/autopartscenter24.com\/product\/2-4-d-d5244t14-motor-f-eks-volvo-v40-v60-s80-xc70\/"},"modified":"2023-11-30T21:42:44","modified_gmt":"2023-11-30T20:42:44","slug":"2-4-d-d5244t14-motor-f-eks-volvo-v40-v60-s80-xc70","status":"publish","type":"product","link":"https:\/\/autopartscenter24.com\/no\/auton-varaosat\/2-4-d-d5244t14-motor-f-eks-volvo-v40-v60-s80-xc70\/","title":{"rendered":"2.4 D &laquo;D5244T14&raquo; motor [f.eks. Volvo V40, V60, S80, XC70]"},"content":{"rendered":"<p>Volvo 2.4 d-motoren, med kodenavnet <strong>D5244T14<\/strong>, er en av dieselmotorene produsert av Volvo Cars. Motoren er kjent for sin ytelse og \u00f8konomi. D5244T14-motoren har fem sylindre og to kamaksler. Den yter en effekt p\u00e5 190 hk og et dreiemoment p\u00e5 420 Nm.<\/p>\n<p>Motoren bruker Volvo Cars turboladerteknologi, som tilbyr en kombinasjon av effektiv direkte drivstoffinnspr\u00f8ytning og en turbokompressor med stort volum. Den st\u00f8rste fordelen med motoren er ytelsen og \u00f8konomien, takket v\u00e6re at den oppfyller Euro 5-utslippsstandardene.<\/p>\n<p>D5244T14-motoren bruker flere tekniske l\u00f8sninger som forbedrer ytelsen og holdbarheten. Motorsylindrene er laget av st\u00f8pejern, som t\u00e5ler h\u00f8yt trykk og temperatur. Motorsylindrene er laget av st\u00f8pejern, som t\u00e5ler h\u00f8yt trykk og temperatur.<\/p>\n<p>Jeg h\u00e5per denne teksten hjalp deg med \u00e5 l\u00e6re mer om D5244T14-motoren og dens tekniske funksjoner.<\/p>\n","protected":false},"excerpt":{"rendered":"<p>D5244T14-motoren har blitt brukt i mange Volvo Cars-biler, som Volvo S80, V70 og XC70. Den er ogs\u00e5 montert p\u00e5 Volvo XC60 og S60. Motoren har v\u00e6rt tilgjengelig fra 2010-2015.<\/p>\n<p>Bilmerker og modeller med D5244T14-motoren brukt:<\/p>\n<ul>\n<li>Volvo S80 (2010-2015)<\/li>\n<li>Volvo V70 (2010-2015)<\/li>\n<li>Volvo XC70 (2010-2015)<\/li>\n<li>Volvo XC60 (2010-2015)<\/li>\n<li>Volvo S60 (2010-2015)<\/li>\n<\/ul>\n","protected":false},"featured_media":4773,"template":"","meta":[],"product_brand":[],"product_cat":[642],"product_tag":[904,905,923,935,936],"class_list":{"0":"post-5721","1":"product","2":"type-product","3":"status-publish","4":"has-post-thumbnail","6":"product_cat-volvo-no","7":"product_tag-s60-no","8":"product_tag-s80-no","9":"product_tag-v70-no","10":"product_tag-xc60-no","11":"product_tag-xc70-no","12":"pa_varaosan-osasto-motor-no","15":"first","16":"instock","17":"shipping-taxable","18":"product-type-simple"},"yoast_head":"<!-- This site is optimized with the Yoast SEO plugin v26.8 - https:\/\/yoast.com\/product\/yoast-seo-wordpress\/ -->\n<title>2.4 D &quot;D5244T14&quot; motor [f.eks. Volvo V40, V60, S80, XC70]<\/title>\n<meta name=\"description\" content=\"En av motorene vi ofte har tilgjengelig. Send en foresp\u00f8rsel og du vil motta et tilbud innen 24 timer. Motorer, girkasser og andre bildeler med garanti.\" \/>\n<meta name=\"robots\" content=\"index, follow, max-snippet:-1, max-image-preview:large, max-video-preview:-1\" \/>\n<link rel=\"canonical\" href=\"https:\/\/autopartscenter24.com\/no\/auton-varaosat\/2-4-d-d5244t14-moottori-volvo-v70-iii-s80-ii-xc70-ii\/\" \/>\n<meta property=\"og:locale\" content=\"nb_NO\" \/>\n<meta property=\"og:type\" content=\"article\" \/>\n<meta property=\"og:title\" content=\"2.4 D &quot;D5244T14&quot; motor [f.eks. Volvo V40, V60, S80, XC70]\" \/>\n<meta property=\"og:description\" content=\"En av motorene vi ofte har tilgjengelig. Send en foresp\u00f8rsel og du vil motta et tilbud innen 24 timer. Motorer, girkasser og andre bildeler med garanti.\" \/>\n<meta property=\"og:url\" content=\"https:\/\/autopartscenter24.com\/no\/auton-varaosat\/2-4-d-d5244t14-moottori-volvo-v70-iii-s80-ii-xc70-ii\/\" \/>\n<meta property=\"og:site_name\" content=\"Autopartscenter24\" \/>\n<meta property=\"og:image\" content=\"https:\/\/autopartscenter24.com\/wp-content\/uploads\/2023\/03\/2-4-d-d5244t14-moottori-volvo-v70-iii-s80-ii-xc70-ii.webp\" \/>\n\t<meta property=\"og:image:width\" content=\"800\" \/>\n\t<meta property=\"og:image:height\" content=\"600\" \/>\n\t<meta property=\"og:image:type\" content=\"image\/webp\" \/>\n<meta name=\"twitter:card\" content=\"summary_large_image\" \/>\n<meta name=\"twitter:label1\" content=\"Ansl. lesetid\" \/>\n\t<meta name=\"twitter:data1\" content=\"1 minutt\" \/>\n<script type=\"application\/ld+json\" class=\"yoast-schema-graph\">{\"@context\":\"https:\/\/schema.org\",\"@graph\":[{\"@type\":\"WebPage\",\"@id\":\"https:\/\/autopartscenter24.com\/auton-varaosat\/2-4-d-d5244t14-moottori-volvo-v70-iii-s80-ii-xc70-ii\/\",\"url\":\"https:\/\/autopartscenter24.com\/auton-varaosat\/2-4-d-d5244t14-moottori-volvo-v70-iii-s80-ii-xc70-ii\/\",\"name\":\"2.4 D \\\"D5244T14\\\" motor [f.eks. Volvo V40, V60, S80, XC70]\",\"isPartOf\":{\"@id\":\"https:\/\/autopartscenter24.com\/#website\"},\"primaryImageOfPage\":{\"@id\":\"https:\/\/autopartscenter24.com\/auton-varaosat\/2-4-d-d5244t14-moottori-volvo-v70-iii-s80-ii-xc70-ii\/#primaryimage\"},\"image\":{\"@id\":\"https:\/\/autopartscenter24.com\/auton-varaosat\/2-4-d-d5244t14-moottori-volvo-v70-iii-s80-ii-xc70-ii\/#primaryimage\"},\"thumbnailUrl\":\"https:\/\/autopartscenter24.com\/wp-content\/uploads\/2023\/03\/2-4-d-d5244t14-moottori-volvo-v70-iii-s80-ii-xc70-ii.webp\",\"datePublished\":\"2023-11-30T20:42:44+00:00\",\"description\":\"En av motorene vi ofte har tilgjengelig. Send en foresp\u00f8rsel og du vil motta et tilbud innen 24 timer. Motorer, girkasser og andre bildeler med garanti.\",\"breadcrumb\":{\"@id\":\"https:\/\/autopartscenter24.com\/auton-varaosat\/2-4-d-d5244t14-moottori-volvo-v70-iii-s80-ii-xc70-ii\/#breadcrumb\"},\"inLanguage\":\"nb-NO\",\"potentialAction\":[{\"@type\":\"ReadAction\",\"target\":[\"https:\/\/autopartscenter24.com\/auton-varaosat\/2-4-d-d5244t14-moottori-volvo-v70-iii-s80-ii-xc70-ii\/\"]}]},{\"@type\":\"ImageObject\",\"inLanguage\":\"nb-NO\",\"@id\":\"https:\/\/autopartscenter24.com\/auton-varaosat\/2-4-d-d5244t14-moottori-volvo-v70-iii-s80-ii-xc70-ii\/#primaryimage\",\"url\":\"https:\/\/autopartscenter24.com\/wp-content\/uploads\/2023\/03\/2-4-d-d5244t14-moottori-volvo-v70-iii-s80-ii-xc70-ii.webp\",\"contentUrl\":\"https:\/\/autopartscenter24.com\/wp-content\/uploads\/2023\/03\/2-4-d-d5244t14-moottori-volvo-v70-iii-s80-ii-xc70-ii.webp\",\"width\":800,\"height\":600},{\"@type\":\"BreadcrumbList\",\"@id\":\"https:\/\/autopartscenter24.com\/auton-varaosat\/2-4-d-d5244t14-moottori-volvo-v70-iii-s80-ii-xc70-ii\/#breadcrumb\",\"itemListElement\":[{\"@type\":\"ListItem\",\"position\":1,\"name\":\"Hjem\",\"item\":\"https:\/\/aliceblue-termite-662564.hostingersite.com\/\"},{\"@type\":\"ListItem\",\"position\":2,\"name\":\"Auton varaosat\",\"item\":\"https:\/\/aliceblue-termite-662564.hostingersite.com\/auton-varaosat\/\"},{\"@type\":\"ListItem\",\"position\":3,\"name\":\"2.4 D &#8221;D5244T14&#8221; motor [f.eks. Volvo V40, V60, S80, XC70]\"}]},{\"@type\":\"WebSite\",\"@id\":\"https:\/\/autopartscenter24.com\/#website\",\"url\":\"https:\/\/autopartscenter24.com\/\",\"name\":\"Autopartscenter24\",\"description\":\"K\u00c4YTETYT JA KUNNOSTETUT  AUTON VARAOSAT\",\"potentialAction\":[{\"@type\":\"SearchAction\",\"target\":{\"@type\":\"EntryPoint\",\"urlTemplate\":\"https:\/\/autopartscenter24.com\/?s={search_term_string}\"},\"query-input\":{\"@type\":\"PropertyValueSpecification\",\"valueRequired\":true,\"valueName\":\"search_term_string\"}}],\"inLanguage\":\"nb-NO\"}]}<\/script>\n<!-- \/ Yoast SEO plugin. -->","yoast_head_json":{"title":"2.4 D \"D5244T14\" motor [f.eks. Volvo V40, V60, S80, XC70]","description":"En av motorene vi ofte har tilgjengelig. Send en foresp\u00f8rsel og du vil motta et tilbud innen 24 timer. Motorer, girkasser og andre bildeler med garanti.","robots":{"index":"index","follow":"follow","max-snippet":"max-snippet:-1","max-image-preview":"max-image-preview:large","max-video-preview":"max-video-preview:-1"},"canonical":"https:\/\/autopartscenter24.com\/no\/auton-varaosat\/2-4-d-d5244t14-moottori-volvo-v70-iii-s80-ii-xc70-ii\/","og_locale":"nb_NO","og_type":"article","og_title":"2.4 D \"D5244T14\" motor [f.eks. Volvo V40, V60, S80, XC70]","og_description":"En av motorene vi ofte har tilgjengelig. Send en foresp\u00f8rsel og du vil motta et tilbud innen 24 timer. Motorer, girkasser og andre bildeler med garanti.","og_url":"https:\/\/autopartscenter24.com\/no\/auton-varaosat\/2-4-d-d5244t14-moottori-volvo-v70-iii-s80-ii-xc70-ii\/","og_site_name":"Autopartscenter24","og_image":[{"width":800,"height":600,"url":"https:\/\/autopartscenter24.com\/wp-content\/uploads\/2023\/03\/2-4-d-d5244t14-moottori-volvo-v70-iii-s80-ii-xc70-ii.webp","type":"image\/webp"}],"twitter_card":"summary_large_image","twitter_misc":{"Ansl. lesetid":"1 minutt"},"schema":{"@context":"https:\/\/schema.org","@graph":[{"@type":"WebPage","@id":"https:\/\/autopartscenter24.com\/auton-varaosat\/2-4-d-d5244t14-moottori-volvo-v70-iii-s80-ii-xc70-ii\/","url":"https:\/\/autopartscenter24.com\/auton-varaosat\/2-4-d-d5244t14-moottori-volvo-v70-iii-s80-ii-xc70-ii\/","name":"2.4 D \"D5244T14\" motor [f.eks. Volvo V40, V60, S80, XC70]","isPartOf":{"@id":"https:\/\/autopartscenter24.com\/#website"},"primaryImageOfPage":{"@id":"https:\/\/autopartscenter24.com\/auton-varaosat\/2-4-d-d5244t14-moottori-volvo-v70-iii-s80-ii-xc70-ii\/#primaryimage"},"image":{"@id":"https:\/\/autopartscenter24.com\/auton-varaosat\/2-4-d-d5244t14-moottori-volvo-v70-iii-s80-ii-xc70-ii\/#primaryimage"},"thumbnailUrl":"https:\/\/autopartscenter24.com\/wp-content\/uploads\/2023\/03\/2-4-d-d5244t14-moottori-volvo-v70-iii-s80-ii-xc70-ii.webp","datePublished":"2023-11-30T20:42:44+00:00","description":"En av motorene vi ofte har tilgjengelig. Send en foresp\u00f8rsel og du vil motta et tilbud innen 24 timer. Motorer, girkasser og andre bildeler med garanti.","breadcrumb":{"@id":"https:\/\/autopartscenter24.com\/auton-varaosat\/2-4-d-d5244t14-moottori-volvo-v70-iii-s80-ii-xc70-ii\/#breadcrumb"},"inLanguage":"nb-NO","potentialAction":[{"@type":"ReadAction","target":["https:\/\/autopartscenter24.com\/auton-varaosat\/2-4-d-d5244t14-moottori-volvo-v70-iii-s80-ii-xc70-ii\/"]}]},{"@type":"ImageObject","inLanguage":"nb-NO","@id":"https:\/\/autopartscenter24.com\/auton-varaosat\/2-4-d-d5244t14-moottori-volvo-v70-iii-s80-ii-xc70-ii\/#primaryimage","url":"https:\/\/autopartscenter24.com\/wp-content\/uploads\/2023\/03\/2-4-d-d5244t14-moottori-volvo-v70-iii-s80-ii-xc70-ii.webp","contentUrl":"https:\/\/autopartscenter24.com\/wp-content\/uploads\/2023\/03\/2-4-d-d5244t14-moottori-volvo-v70-iii-s80-ii-xc70-ii.webp","width":800,"height":600},{"@type":"BreadcrumbList","@id":"https:\/\/autopartscenter24.com\/auton-varaosat\/2-4-d-d5244t14-moottori-volvo-v70-iii-s80-ii-xc70-ii\/#breadcrumb","itemListElement":[{"@type":"ListItem","position":1,"name":"Hjem","item":"https:\/\/aliceblue-termite-662564.hostingersite.com\/"},{"@type":"ListItem","position":2,"name":"Auton varaosat","item":"https:\/\/aliceblue-termite-662564.hostingersite.com\/auton-varaosat\/"},{"@type":"ListItem","position":3,"name":"2.4 D &#8221;D5244T14&#8221; motor [f.eks. Volvo V40, V60, S80, XC70]"}]},{"@type":"WebSite","@id":"https:\/\/autopartscenter24.com\/#website","url":"https:\/\/autopartscenter24.com\/","name":"Autopartscenter24","description":"K\u00c4YTETYT JA KUNNOSTETUT  AUTON VARAOSAT","potentialAction":[{"@type":"SearchAction","target":{"@type":"EntryPoint","urlTemplate":"https:\/\/autopartscenter24.com\/?s={search_term_string}"},"query-input":{"@type":"PropertyValueSpecification","valueRequired":true,"valueName":"search_term_string"}}],"inLanguage":"nb-NO"}]}},"_links":{"self":[{"href":"https:\/\/autopartscenter24.com\/no\/wp-json\/wp\/v2\/product\/5721","targetHints":{"allow":["GET"]}}],"collection":[{"href":"https:\/\/autopartscenter24.com\/no\/wp-json\/wp\/v2\/product"}],"about":[{"href":"https:\/\/autopartscenter24.com\/no\/wp-json\/wp\/v2\/types\/product"}],"wp:featuredmedia":[{"embeddable":true,"href":"https:\/\/autopartscenter24.com\/no\/wp-json\/wp\/v2\/media\/4773"}],"wp:attachment":[{"href":"https:\/\/autopartscenter24.com\/no\/wp-json\/wp\/v2\/media?parent=5721"}],"wp:term":[{"taxonomy":"product_brand","embeddable":true,"href":"https:\/\/autopartscenter24.com\/no\/wp-json\/wp\/v2\/product_brand?post=5721"},{"taxonomy":"product_cat","embeddable":true,"href":"https:\/\/autopartscenter24.com\/no\/wp-json\/wp\/v2\/product_cat?post=5721"},{"taxonomy":"product_tag","embeddable":true,"href":"https:\/\/autopartscenter24.com\/no\/wp-json\/wp\/v2\/product_tag?post=5721"}],"curies":[{"name":"wp","href":"https:\/\/api.w.org\/{rel}","templated":true}]}}