{"id":5720,"date":"2023-03-08T21:27:48","date_gmt":"2023-11-30T20:35:51","guid":{"rendered":"https:\/\/autopartscenter24.com\/product\/1-8-kompressor-271940-motor-f-eks-c-klasse-w203-cl203\/"},"modified":"2023-11-30T21:35:51","modified_gmt":"2023-11-30T20:35:51","slug":"1-8-kompressor-271940-motor-f-eks-c-klasse-w203-cl203","status":"publish","type":"product","link":"https:\/\/autopartscenter24.com\/no\/auton-varaosat\/1-8-kompressor-271940-motor-f-eks-c-klasse-w203-cl203\/","title":{"rendered":"1.8 Kompressor &laquo;271940&raquo; motor [f.eks. C-klasse W203, CL203]"},"content":{"rendered":"<p><strong>Mercedes 1.8 Kompressor-motoren, kodenavnet 271940, er en av bensinmotorene produsert av Daimler AG.<\/strong> Motoren er kjent for sin ytelse og effektivitet. 271940-motoren har fire sylindre og to kamaksler. Den yter en effekt p\u00e5 184 hk og et dreiemoment p\u00e5 250 Nm.<\/p>\n<p>Motoren bruker Mercedes-Benz Kompressor-teknologi, som tilbyr en effektiv kombinasjon av direkte drivstoffinnspr\u00f8ytning og mekanisk kompresjon. Den st\u00f8rste fordelen med motoren er ytelsen, som muliggj\u00f8r rask akselerasjon og godt dreiemoment.<\/p>\n<p>Det er brukt flere tekniske l\u00f8sninger i 271940-motoren, som forbedrer ytelsen og holdbarheten. Motorsylindrene er laget av aluminiumslegering, noe som reduserer vekten p\u00e5 motoren og forbedrer kj\u00f8lingen. Motorens stempler er ogs\u00e5 spesialdesignet for \u00e5 t\u00e5le det h\u00f8ye trykket som oppst\u00e5r ved bruk av mekanisk kompresjon.<\/p>\n<p>Jeg h\u00e5per denne teksten hjalp deg med \u00e5 l\u00e6re mer om 271940-motoren og dens tekniske funksjoner.<\/p>\n","protected":false},"excerpt":{"rendered":"<p>271940-motoren har blitt brukt i mange Mercedes-Benz-biler, som Mercedes-Benz C-Klasse, E-Klasse og SLK. Den er ogs\u00e5 installert p\u00e5 CLC og CLS. Motoren har v\u00e6rt tilgjengelig fra 2002-2011.<\/p>\n<p>Bilmerker og modeller der 271940-motoren brukes:<\/p>\n<ul>\n<li>Mercedes-Benz C 180 Kompressor (2002-2011)<\/li>\n<li>Mercedes-Benz E 200 Kompressor (2002-2011)<\/li>\n<li>Mercedes-Benz SLK 200 Kompressor (2002-2011)<\/li>\n<li>Mercedes-Benz CLC 180 Kompressor (2008-2011)<\/li>\n<li>Mercedes-Benz CLS 200 Kompressor (2005-2010)<\/li>\n<\/ul>\n","protected":false},"featured_media":4778,"template":"","meta":[],"product_brand":[],"product_cat":[592],"product_tag":[821,833,928],"class_list":{"0":"post-5720","1":"product","2":"type-product","3":"status-publish","4":"has-post-thumbnail","6":"product_cat-mercedes-benz-no","7":"product_tag-c-class-no","8":"product_tag-cl203-no","9":"product_tag-w203-no","10":"pa_varaosan-osasto-motor-no","13":"first","14":"instock","15":"shipping-taxable","16":"product-type-simple"},"yoast_head":"<!-- This site is optimized with the Yoast SEO plugin v26.8 - https:\/\/yoast.com\/product\/yoast-seo-wordpress\/ -->\n<title>1.8 Kompressor &quot;271940&quot; motor [f.eks. C-klasse W203, CL203]<\/title>\n<meta name=\"description\" content=\"En av motorene vi ofte har tilgjengelig. Send en foresp\u00f8rsel og du vil motta et tilbud innen 24 timer. Motorer, girkasser og andre bildeler med garanti.\" \/>\n<meta name=\"robots\" content=\"index, follow, max-snippet:-1, max-image-preview:large, max-video-preview:-1\" \/>\n<link rel=\"canonical\" href=\"https:\/\/autopartscenter24.com\/no\/auton-varaosat\/1-8-kompressor-271940-moottori-mb-klass-c-w203-s203\/\" \/>\n<meta property=\"og:locale\" content=\"nb_NO\" \/>\n<meta property=\"og:type\" content=\"article\" \/>\n<meta property=\"og:title\" content=\"1.8 Kompressor &quot;271940&quot; motor [f.eks. C-klasse W203, CL203]\" \/>\n<meta property=\"og:description\" content=\"En av motorene vi ofte har tilgjengelig. Send en foresp\u00f8rsel og du vil motta et tilbud innen 24 timer. Motorer, girkasser og andre bildeler med garanti.\" \/>\n<meta property=\"og:url\" content=\"https:\/\/autopartscenter24.com\/no\/auton-varaosat\/1-8-kompressor-271940-moottori-mb-klass-c-w203-s203\/\" \/>\n<meta property=\"og:site_name\" content=\"Autopartscenter24\" \/>\n<meta property=\"og:image\" content=\"https:\/\/autopartscenter24.com\/wp-content\/uploads\/2023\/03\/1-8-kompressor-271940-moottori-mb-klass-c-w203-s203.webp\" \/>\n\t<meta property=\"og:image:width\" content=\"800\" \/>\n\t<meta property=\"og:image:height\" content=\"600\" \/>\n\t<meta property=\"og:image:type\" content=\"image\/webp\" \/>\n<meta name=\"twitter:card\" content=\"summary_large_image\" \/>\n<meta name=\"twitter:label1\" content=\"Ansl. lesetid\" \/>\n\t<meta name=\"twitter:data1\" content=\"1 minutt\" \/>\n<script type=\"application\/ld+json\" class=\"yoast-schema-graph\">{\"@context\":\"https:\/\/schema.org\",\"@graph\":[{\"@type\":\"WebPage\",\"@id\":\"https:\/\/autopartscenter24.com\/auton-varaosat\/1-8-kompressor-271940-moottori-mb-klass-c-w203-s203\/\",\"url\":\"https:\/\/autopartscenter24.com\/auton-varaosat\/1-8-kompressor-271940-moottori-mb-klass-c-w203-s203\/\",\"name\":\"1.8 Kompressor \\\"271940\\\" motor [f.eks. C-klasse W203, CL203]\",\"isPartOf\":{\"@id\":\"https:\/\/autopartscenter24.com\/#website\"},\"primaryImageOfPage\":{\"@id\":\"https:\/\/autopartscenter24.com\/auton-varaosat\/1-8-kompressor-271940-moottori-mb-klass-c-w203-s203\/#primaryimage\"},\"image\":{\"@id\":\"https:\/\/autopartscenter24.com\/auton-varaosat\/1-8-kompressor-271940-moottori-mb-klass-c-w203-s203\/#primaryimage\"},\"thumbnailUrl\":\"https:\/\/autopartscenter24.com\/wp-content\/uploads\/2023\/03\/1-8-kompressor-271940-moottori-mb-klass-c-w203-s203.webp\",\"datePublished\":\"2023-11-30T20:35:51+00:00\",\"description\":\"En av motorene vi ofte har tilgjengelig. Send en foresp\u00f8rsel og du vil motta et tilbud innen 24 timer. Motorer, girkasser og andre bildeler med garanti.\",\"breadcrumb\":{\"@id\":\"https:\/\/autopartscenter24.com\/auton-varaosat\/1-8-kompressor-271940-moottori-mb-klass-c-w203-s203\/#breadcrumb\"},\"inLanguage\":\"nb-NO\",\"potentialAction\":[{\"@type\":\"ReadAction\",\"target\":[\"https:\/\/autopartscenter24.com\/auton-varaosat\/1-8-kompressor-271940-moottori-mb-klass-c-w203-s203\/\"]}]},{\"@type\":\"ImageObject\",\"inLanguage\":\"nb-NO\",\"@id\":\"https:\/\/autopartscenter24.com\/auton-varaosat\/1-8-kompressor-271940-moottori-mb-klass-c-w203-s203\/#primaryimage\",\"url\":\"https:\/\/autopartscenter24.com\/wp-content\/uploads\/2023\/03\/1-8-kompressor-271940-moottori-mb-klass-c-w203-s203.webp\",\"contentUrl\":\"https:\/\/autopartscenter24.com\/wp-content\/uploads\/2023\/03\/1-8-kompressor-271940-moottori-mb-klass-c-w203-s203.webp\",\"width\":800,\"height\":600},{\"@type\":\"BreadcrumbList\",\"@id\":\"https:\/\/autopartscenter24.com\/auton-varaosat\/1-8-kompressor-271940-moottori-mb-klass-c-w203-s203\/#breadcrumb\",\"itemListElement\":[{\"@type\":\"ListItem\",\"position\":1,\"name\":\"Hjem\",\"item\":\"https:\/\/aliceblue-termite-662564.hostingersite.com\/\"},{\"@type\":\"ListItem\",\"position\":2,\"name\":\"Auton varaosat\",\"item\":\"https:\/\/aliceblue-termite-662564.hostingersite.com\/auton-varaosat\/\"},{\"@type\":\"ListItem\",\"position\":3,\"name\":\"1.8 Kompressor &#8221;271940&#8221; motor [f.eks. C-klasse W203, CL203]\"}]},{\"@type\":\"WebSite\",\"@id\":\"https:\/\/autopartscenter24.com\/#website\",\"url\":\"https:\/\/autopartscenter24.com\/\",\"name\":\"Autopartscenter24\",\"description\":\"K\u00c4YTETYT JA KUNNOSTETUT  AUTON VARAOSAT\",\"potentialAction\":[{\"@type\":\"SearchAction\",\"target\":{\"@type\":\"EntryPoint\",\"urlTemplate\":\"https:\/\/autopartscenter24.com\/?s={search_term_string}\"},\"query-input\":{\"@type\":\"PropertyValueSpecification\",\"valueRequired\":true,\"valueName\":\"search_term_string\"}}],\"inLanguage\":\"nb-NO\"}]}<\/script>\n<!-- \/ Yoast SEO plugin. -->","yoast_head_json":{"title":"1.8 Kompressor \"271940\" motor [f.eks. C-klasse W203, CL203]","description":"En av motorene vi ofte har tilgjengelig. Send en foresp\u00f8rsel og du vil motta et tilbud innen 24 timer. Motorer, girkasser og andre bildeler med garanti.","robots":{"index":"index","follow":"follow","max-snippet":"max-snippet:-1","max-image-preview":"max-image-preview:large","max-video-preview":"max-video-preview:-1"},"canonical":"https:\/\/autopartscenter24.com\/no\/auton-varaosat\/1-8-kompressor-271940-moottori-mb-klass-c-w203-s203\/","og_locale":"nb_NO","og_type":"article","og_title":"1.8 Kompressor \"271940\" motor [f.eks. C-klasse W203, CL203]","og_description":"En av motorene vi ofte har tilgjengelig. Send en foresp\u00f8rsel og du vil motta et tilbud innen 24 timer. Motorer, girkasser og andre bildeler med garanti.","og_url":"https:\/\/autopartscenter24.com\/no\/auton-varaosat\/1-8-kompressor-271940-moottori-mb-klass-c-w203-s203\/","og_site_name":"Autopartscenter24","og_image":[{"width":800,"height":600,"url":"https:\/\/autopartscenter24.com\/wp-content\/uploads\/2023\/03\/1-8-kompressor-271940-moottori-mb-klass-c-w203-s203.webp","type":"image\/webp"}],"twitter_card":"summary_large_image","twitter_misc":{"Ansl. lesetid":"1 minutt"},"schema":{"@context":"https:\/\/schema.org","@graph":[{"@type":"WebPage","@id":"https:\/\/autopartscenter24.com\/auton-varaosat\/1-8-kompressor-271940-moottori-mb-klass-c-w203-s203\/","url":"https:\/\/autopartscenter24.com\/auton-varaosat\/1-8-kompressor-271940-moottori-mb-klass-c-w203-s203\/","name":"1.8 Kompressor \"271940\" motor [f.eks. C-klasse W203, CL203]","isPartOf":{"@id":"https:\/\/autopartscenter24.com\/#website"},"primaryImageOfPage":{"@id":"https:\/\/autopartscenter24.com\/auton-varaosat\/1-8-kompressor-271940-moottori-mb-klass-c-w203-s203\/#primaryimage"},"image":{"@id":"https:\/\/autopartscenter24.com\/auton-varaosat\/1-8-kompressor-271940-moottori-mb-klass-c-w203-s203\/#primaryimage"},"thumbnailUrl":"https:\/\/autopartscenter24.com\/wp-content\/uploads\/2023\/03\/1-8-kompressor-271940-moottori-mb-klass-c-w203-s203.webp","datePublished":"2023-11-30T20:35:51+00:00","description":"En av motorene vi ofte har tilgjengelig. Send en foresp\u00f8rsel og du vil motta et tilbud innen 24 timer. Motorer, girkasser og andre bildeler med garanti.","breadcrumb":{"@id":"https:\/\/autopartscenter24.com\/auton-varaosat\/1-8-kompressor-271940-moottori-mb-klass-c-w203-s203\/#breadcrumb"},"inLanguage":"nb-NO","potentialAction":[{"@type":"ReadAction","target":["https:\/\/autopartscenter24.com\/auton-varaosat\/1-8-kompressor-271940-moottori-mb-klass-c-w203-s203\/"]}]},{"@type":"ImageObject","inLanguage":"nb-NO","@id":"https:\/\/autopartscenter24.com\/auton-varaosat\/1-8-kompressor-271940-moottori-mb-klass-c-w203-s203\/#primaryimage","url":"https:\/\/autopartscenter24.com\/wp-content\/uploads\/2023\/03\/1-8-kompressor-271940-moottori-mb-klass-c-w203-s203.webp","contentUrl":"https:\/\/autopartscenter24.com\/wp-content\/uploads\/2023\/03\/1-8-kompressor-271940-moottori-mb-klass-c-w203-s203.webp","width":800,"height":600},{"@type":"BreadcrumbList","@id":"https:\/\/autopartscenter24.com\/auton-varaosat\/1-8-kompressor-271940-moottori-mb-klass-c-w203-s203\/#breadcrumb","itemListElement":[{"@type":"ListItem","position":1,"name":"Hjem","item":"https:\/\/aliceblue-termite-662564.hostingersite.com\/"},{"@type":"ListItem","position":2,"name":"Auton varaosat","item":"https:\/\/aliceblue-termite-662564.hostingersite.com\/auton-varaosat\/"},{"@type":"ListItem","position":3,"name":"1.8 Kompressor &#8221;271940&#8221; motor [f.eks. C-klasse W203, CL203]"}]},{"@type":"WebSite","@id":"https:\/\/autopartscenter24.com\/#website","url":"https:\/\/autopartscenter24.com\/","name":"Autopartscenter24","description":"K\u00c4YTETYT JA KUNNOSTETUT  AUTON VARAOSAT","potentialAction":[{"@type":"SearchAction","target":{"@type":"EntryPoint","urlTemplate":"https:\/\/autopartscenter24.com\/?s={search_term_string}"},"query-input":{"@type":"PropertyValueSpecification","valueRequired":true,"valueName":"search_term_string"}}],"inLanguage":"nb-NO"}]}},"_links":{"self":[{"href":"https:\/\/autopartscenter24.com\/no\/wp-json\/wp\/v2\/product\/5720","targetHints":{"allow":["GET"]}}],"collection":[{"href":"https:\/\/autopartscenter24.com\/no\/wp-json\/wp\/v2\/product"}],"about":[{"href":"https:\/\/autopartscenter24.com\/no\/wp-json\/wp\/v2\/types\/product"}],"wp:featuredmedia":[{"embeddable":true,"href":"https:\/\/autopartscenter24.com\/no\/wp-json\/wp\/v2\/media\/4778"}],"wp:attachment":[{"href":"https:\/\/autopartscenter24.com\/no\/wp-json\/wp\/v2\/media?parent=5720"}],"wp:term":[{"taxonomy":"product_brand","embeddable":true,"href":"https:\/\/autopartscenter24.com\/no\/wp-json\/wp\/v2\/product_brand?post=5720"},{"taxonomy":"product_cat","embeddable":true,"href":"https:\/\/autopartscenter24.com\/no\/wp-json\/wp\/v2\/product_cat?post=5720"},{"taxonomy":"product_tag","embeddable":true,"href":"https:\/\/autopartscenter24.com\/no\/wp-json\/wp\/v2\/product_tag?post=5720"}],"curies":[{"name":"wp","href":"https:\/\/api.w.org\/{rel}","templated":true}]}}