{"id":5719,"date":"2023-03-08T21:33:00","date_gmt":"2023-11-30T20:33:11","guid":{"rendered":"https:\/\/autopartscenter24.com\/product\/1-5-v-tec-l15b3-motor-esim-honda-civic-cr-v-hr-v-jazz\/"},"modified":"2023-11-30T21:33:11","modified_gmt":"2023-11-30T20:33:11","slug":"1-5-v-tec-l15b3-motor-esim-honda-civic-cr-v-hr-v-jazz","status":"publish","type":"product","link":"https:\/\/autopartscenter24.com\/no\/auton-varaosat\/1-5-v-tec-l15b3-motor-esim-honda-civic-cr-v-hr-v-jazz\/","title":{"rendered":"1.5 V-TEC &laquo;L15B3&raquo; Motor [esim. Honda Civic, CR-V, HR-V, Jazz]"},"content":{"rendered":"<p><strong>Honda 1.5 V-TEC-motoren<\/strong>, kodenavnet L15B3, er en av bensinmotorene produsert av Honda Motor Co., Ltd. Motoren er kjent for sin \u00f8konomi og ytelse. L15B3-motoren har fire sylindre og en kamaksel. Den yter en effekt p\u00e5 130 hk og et dreiemoment p\u00e5 155 Nm.<\/p>\n<p>Motoren bruker Hondas VTEC-teknologi, som tilbyr en effektiv kombinasjon av direkte drivstoffinnspr\u00f8ytning og variabel ventiltiming. Den st\u00f8rste fordelen med motoren er dens \u00f8konomi og lave utslippsverdier, som oppfyller Euro 6-utslippsstandardene.<\/p>\n<p>Det er brukt flere tekniske l\u00f8sninger i L15B3-motoren, som forbedrer ytelsen og holdbarheten. Motorsylindrene er laget av aluminiumslegering, noe som reduserer vekten p\u00e5 motoren og forbedrer kj\u00f8lingen. Motoren bruker ogs\u00e5 Hondas i-VTEC-system, som forbedrer motorens effektivitet og ytelse.<\/p>\n<p>Jeg h\u00e5per denne teksten hjalp deg med \u00e5 l\u00e6re mer om L15B3-motoren og dens tekniske funksjoner.<\/p>\n","protected":false},"excerpt":{"rendered":"<p>L15B3-motoren har blitt brukt i mange Honda-biler, som Honda Civic, HR-V og Jazz. Den er ogs\u00e5 montert p\u00e5 Honda CR-V og City. Moottori on ollut saatavana vuodesta 2015 alkaen.Den er ogs\u00e5 installert i Seat Arona og Leon, samt \u0160koda Kamiq og Karoq.<\/p>\n<p>Bilmerker og modeller med L15B3-motoren som brukes:<\/p>\n<ul>\n<li>Honda Civic (2015-i dag)<\/li>\n<li>Honda HR-V (2015-i dag)<\/li>\n<li>Honda Jazz (2015-i dag)<\/li>\n<li>Honda CR-V (2017-i dag)<\/li>\n<li>Honda City (2015-i dag)<\/li>\n<\/ul>\n","protected":false},"featured_media":4784,"template":"","meta":[],"product_brand":[],"product_cat":[568],"product_tag":[841,834,862,870],"class_list":{"0":"post-5719","1":"product","2":"type-product","3":"status-publish","4":"has-post-thumbnail","6":"product_cat-honda-no","7":"product_tag-civic-no","8":"product_tag-cr-v-no","9":"product_tag-hr-v-no","10":"product_tag-jazz-no","11":"pa_varaosan-osasto-motor-no","14":"first","15":"instock","16":"shipping-taxable","17":"product-type-simple"},"yoast_head":"<!-- This site is optimized with the Yoast SEO plugin v26.8 - https:\/\/yoast.com\/product\/yoast-seo-wordpress\/ -->\n<title>1.5 V-TEC &quot;L15B3&quot; Motor [esim. Honda Civic, CR-V, HR-V, Jazz]<\/title>\n<meta name=\"description\" content=\"En av motorene vi ofte har tilgjengelig. Send en foresp\u00f8rsel og du vil motta et tilbud innen 24 timer. Motorer, girkasser og andre bildeler med garanti.\" \/>\n<meta name=\"robots\" content=\"index, follow, max-snippet:-1, max-image-preview:large, max-video-preview:-1\" \/>\n<link rel=\"canonical\" href=\"https:\/\/autopartscenter24.com\/no\/auton-varaosat\/1-5-vtec-l15b3-moottori-honda-crv-hrv-jazz\/\" \/>\n<meta property=\"og:locale\" content=\"nb_NO\" \/>\n<meta property=\"og:type\" content=\"article\" \/>\n<meta property=\"og:title\" content=\"1.5 V-TEC &quot;L15B3&quot; Motor [esim. Honda Civic, CR-V, HR-V, Jazz]\" \/>\n<meta property=\"og:description\" content=\"En av motorene vi ofte har tilgjengelig. Send en foresp\u00f8rsel og du vil motta et tilbud innen 24 timer. Motorer, girkasser og andre bildeler med garanti.\" \/>\n<meta property=\"og:url\" content=\"https:\/\/autopartscenter24.com\/no\/auton-varaosat\/1-5-vtec-l15b3-moottori-honda-crv-hrv-jazz\/\" \/>\n<meta property=\"og:site_name\" content=\"Autopartscenter24\" \/>\n<meta property=\"og:image\" content=\"https:\/\/autopartscenter24.com\/wp-content\/uploads\/2023\/03\/1-5-vtec-l15b3-moottori-honda-crv-hrv-jazz.webp\" \/>\n\t<meta property=\"og:image:width\" content=\"800\" \/>\n\t<meta property=\"og:image:height\" content=\"600\" \/>\n\t<meta property=\"og:image:type\" content=\"image\/webp\" \/>\n<meta name=\"twitter:card\" content=\"summary_large_image\" \/>\n<meta name=\"twitter:label1\" content=\"Ansl. lesetid\" \/>\n\t<meta name=\"twitter:data1\" content=\"1 minutt\" \/>\n<script type=\"application\/ld+json\" class=\"yoast-schema-graph\">{\"@context\":\"https:\/\/schema.org\",\"@graph\":[{\"@type\":\"WebPage\",\"@id\":\"https:\/\/autopartscenter24.com\/auton-varaosat\/1-5-vtec-l15b3-moottori-honda-crv-hrv-jazz\/\",\"url\":\"https:\/\/autopartscenter24.com\/auton-varaosat\/1-5-vtec-l15b3-moottori-honda-crv-hrv-jazz\/\",\"name\":\"1.5 V-TEC \\\"L15B3\\\" Motor [esim. Honda Civic, CR-V, HR-V, Jazz]\",\"isPartOf\":{\"@id\":\"https:\/\/autopartscenter24.com\/#website\"},\"primaryImageOfPage\":{\"@id\":\"https:\/\/autopartscenter24.com\/auton-varaosat\/1-5-vtec-l15b3-moottori-honda-crv-hrv-jazz\/#primaryimage\"},\"image\":{\"@id\":\"https:\/\/autopartscenter24.com\/auton-varaosat\/1-5-vtec-l15b3-moottori-honda-crv-hrv-jazz\/#primaryimage\"},\"thumbnailUrl\":\"https:\/\/autopartscenter24.com\/wp-content\/uploads\/2023\/03\/1-5-vtec-l15b3-moottori-honda-crv-hrv-jazz.webp\",\"datePublished\":\"2023-11-30T20:33:11+00:00\",\"description\":\"En av motorene vi ofte har tilgjengelig. Send en foresp\u00f8rsel og du vil motta et tilbud innen 24 timer. Motorer, girkasser og andre bildeler med garanti.\",\"breadcrumb\":{\"@id\":\"https:\/\/autopartscenter24.com\/auton-varaosat\/1-5-vtec-l15b3-moottori-honda-crv-hrv-jazz\/#breadcrumb\"},\"inLanguage\":\"nb-NO\",\"potentialAction\":[{\"@type\":\"ReadAction\",\"target\":[\"https:\/\/autopartscenter24.com\/auton-varaosat\/1-5-vtec-l15b3-moottori-honda-crv-hrv-jazz\/\"]}]},{\"@type\":\"ImageObject\",\"inLanguage\":\"nb-NO\",\"@id\":\"https:\/\/autopartscenter24.com\/auton-varaosat\/1-5-vtec-l15b3-moottori-honda-crv-hrv-jazz\/#primaryimage\",\"url\":\"https:\/\/autopartscenter24.com\/wp-content\/uploads\/2023\/03\/1-5-vtec-l15b3-moottori-honda-crv-hrv-jazz.webp\",\"contentUrl\":\"https:\/\/autopartscenter24.com\/wp-content\/uploads\/2023\/03\/1-5-vtec-l15b3-moottori-honda-crv-hrv-jazz.webp\",\"width\":800,\"height\":600},{\"@type\":\"BreadcrumbList\",\"@id\":\"https:\/\/autopartscenter24.com\/auton-varaosat\/1-5-vtec-l15b3-moottori-honda-crv-hrv-jazz\/#breadcrumb\",\"itemListElement\":[{\"@type\":\"ListItem\",\"position\":1,\"name\":\"Hjem\",\"item\":\"https:\/\/aliceblue-termite-662564.hostingersite.com\/\"},{\"@type\":\"ListItem\",\"position\":2,\"name\":\"Auton varaosat\",\"item\":\"https:\/\/aliceblue-termite-662564.hostingersite.com\/auton-varaosat\/\"},{\"@type\":\"ListItem\",\"position\":3,\"name\":\"1.5 V-TEC &#8221;L15B3&#8221; Motor [esim. Honda Civic, CR-V, HR-V, Jazz]\"}]},{\"@type\":\"WebSite\",\"@id\":\"https:\/\/autopartscenter24.com\/#website\",\"url\":\"https:\/\/autopartscenter24.com\/\",\"name\":\"Autopartscenter24\",\"description\":\"K\u00c4YTETYT JA KUNNOSTETUT  AUTON VARAOSAT\",\"potentialAction\":[{\"@type\":\"SearchAction\",\"target\":{\"@type\":\"EntryPoint\",\"urlTemplate\":\"https:\/\/autopartscenter24.com\/?s={search_term_string}\"},\"query-input\":{\"@type\":\"PropertyValueSpecification\",\"valueRequired\":true,\"valueName\":\"search_term_string\"}}],\"inLanguage\":\"nb-NO\"}]}<\/script>\n<!-- \/ Yoast SEO plugin. -->","yoast_head_json":{"title":"1.5 V-TEC \"L15B3\" Motor [esim. Honda Civic, CR-V, HR-V, Jazz]","description":"En av motorene vi ofte har tilgjengelig. Send en foresp\u00f8rsel og du vil motta et tilbud innen 24 timer. Motorer, girkasser og andre bildeler med garanti.","robots":{"index":"index","follow":"follow","max-snippet":"max-snippet:-1","max-image-preview":"max-image-preview:large","max-video-preview":"max-video-preview:-1"},"canonical":"https:\/\/autopartscenter24.com\/no\/auton-varaosat\/1-5-vtec-l15b3-moottori-honda-crv-hrv-jazz\/","og_locale":"nb_NO","og_type":"article","og_title":"1.5 V-TEC \"L15B3\" Motor [esim. Honda Civic, CR-V, HR-V, Jazz]","og_description":"En av motorene vi ofte har tilgjengelig. Send en foresp\u00f8rsel og du vil motta et tilbud innen 24 timer. Motorer, girkasser og andre bildeler med garanti.","og_url":"https:\/\/autopartscenter24.com\/no\/auton-varaosat\/1-5-vtec-l15b3-moottori-honda-crv-hrv-jazz\/","og_site_name":"Autopartscenter24","og_image":[{"width":800,"height":600,"url":"https:\/\/autopartscenter24.com\/wp-content\/uploads\/2023\/03\/1-5-vtec-l15b3-moottori-honda-crv-hrv-jazz.webp","type":"image\/webp"}],"twitter_card":"summary_large_image","twitter_misc":{"Ansl. lesetid":"1 minutt"},"schema":{"@context":"https:\/\/schema.org","@graph":[{"@type":"WebPage","@id":"https:\/\/autopartscenter24.com\/auton-varaosat\/1-5-vtec-l15b3-moottori-honda-crv-hrv-jazz\/","url":"https:\/\/autopartscenter24.com\/auton-varaosat\/1-5-vtec-l15b3-moottori-honda-crv-hrv-jazz\/","name":"1.5 V-TEC \"L15B3\" Motor [esim. Honda Civic, CR-V, HR-V, Jazz]","isPartOf":{"@id":"https:\/\/autopartscenter24.com\/#website"},"primaryImageOfPage":{"@id":"https:\/\/autopartscenter24.com\/auton-varaosat\/1-5-vtec-l15b3-moottori-honda-crv-hrv-jazz\/#primaryimage"},"image":{"@id":"https:\/\/autopartscenter24.com\/auton-varaosat\/1-5-vtec-l15b3-moottori-honda-crv-hrv-jazz\/#primaryimage"},"thumbnailUrl":"https:\/\/autopartscenter24.com\/wp-content\/uploads\/2023\/03\/1-5-vtec-l15b3-moottori-honda-crv-hrv-jazz.webp","datePublished":"2023-11-30T20:33:11+00:00","description":"En av motorene vi ofte har tilgjengelig. Send en foresp\u00f8rsel og du vil motta et tilbud innen 24 timer. Motorer, girkasser og andre bildeler med garanti.","breadcrumb":{"@id":"https:\/\/autopartscenter24.com\/auton-varaosat\/1-5-vtec-l15b3-moottori-honda-crv-hrv-jazz\/#breadcrumb"},"inLanguage":"nb-NO","potentialAction":[{"@type":"ReadAction","target":["https:\/\/autopartscenter24.com\/auton-varaosat\/1-5-vtec-l15b3-moottori-honda-crv-hrv-jazz\/"]}]},{"@type":"ImageObject","inLanguage":"nb-NO","@id":"https:\/\/autopartscenter24.com\/auton-varaosat\/1-5-vtec-l15b3-moottori-honda-crv-hrv-jazz\/#primaryimage","url":"https:\/\/autopartscenter24.com\/wp-content\/uploads\/2023\/03\/1-5-vtec-l15b3-moottori-honda-crv-hrv-jazz.webp","contentUrl":"https:\/\/autopartscenter24.com\/wp-content\/uploads\/2023\/03\/1-5-vtec-l15b3-moottori-honda-crv-hrv-jazz.webp","width":800,"height":600},{"@type":"BreadcrumbList","@id":"https:\/\/autopartscenter24.com\/auton-varaosat\/1-5-vtec-l15b3-moottori-honda-crv-hrv-jazz\/#breadcrumb","itemListElement":[{"@type":"ListItem","position":1,"name":"Hjem","item":"https:\/\/aliceblue-termite-662564.hostingersite.com\/"},{"@type":"ListItem","position":2,"name":"Auton varaosat","item":"https:\/\/aliceblue-termite-662564.hostingersite.com\/auton-varaosat\/"},{"@type":"ListItem","position":3,"name":"1.5 V-TEC &#8221;L15B3&#8221; Motor [esim. Honda Civic, CR-V, HR-V, Jazz]"}]},{"@type":"WebSite","@id":"https:\/\/autopartscenter24.com\/#website","url":"https:\/\/autopartscenter24.com\/","name":"Autopartscenter24","description":"K\u00c4YTETYT JA KUNNOSTETUT  AUTON VARAOSAT","potentialAction":[{"@type":"SearchAction","target":{"@type":"EntryPoint","urlTemplate":"https:\/\/autopartscenter24.com\/?s={search_term_string}"},"query-input":{"@type":"PropertyValueSpecification","valueRequired":true,"valueName":"search_term_string"}}],"inLanguage":"nb-NO"}]}},"_links":{"self":[{"href":"https:\/\/autopartscenter24.com\/no\/wp-json\/wp\/v2\/product\/5719","targetHints":{"allow":["GET"]}}],"collection":[{"href":"https:\/\/autopartscenter24.com\/no\/wp-json\/wp\/v2\/product"}],"about":[{"href":"https:\/\/autopartscenter24.com\/no\/wp-json\/wp\/v2\/types\/product"}],"wp:featuredmedia":[{"embeddable":true,"href":"https:\/\/autopartscenter24.com\/no\/wp-json\/wp\/v2\/media\/4784"}],"wp:attachment":[{"href":"https:\/\/autopartscenter24.com\/no\/wp-json\/wp\/v2\/media?parent=5719"}],"wp:term":[{"taxonomy":"product_brand","embeddable":true,"href":"https:\/\/autopartscenter24.com\/no\/wp-json\/wp\/v2\/product_brand?post=5719"},{"taxonomy":"product_cat","embeddable":true,"href":"https:\/\/autopartscenter24.com\/no\/wp-json\/wp\/v2\/product_cat?post=5719"},{"taxonomy":"product_tag","embeddable":true,"href":"https:\/\/autopartscenter24.com\/no\/wp-json\/wp\/v2\/product_tag?post=5719"}],"curies":[{"name":"wp","href":"https:\/\/api.w.org\/{rel}","templated":true}]}}