{"id":5716,"date":"2023-03-09T22:04:39","date_gmt":"2023-11-30T19:28:22","guid":{"rendered":"https:\/\/autopartscenter24.com\/product\/1-0-tsi-dkr-motor-esim-polo-golf-t-cross-a1-octavia\/"},"modified":"2023-11-30T20:28:22","modified_gmt":"2023-11-30T19:28:22","slug":"1-0-tsi-dkr-motor-esim-polo-golf-t-cross-a1-octavia","status":"publish","type":"product","link":"https:\/\/autopartscenter24.com\/no\/auton-varaosat\/1-0-tsi-dkr-motor-esim-polo-golf-t-cross-a1-octavia\/","title":{"rendered":"1.0 TSI &laquo;DKR&raquo; Motor [esim. Polo, Golf, T-Cross, A1, Octavia]"},"content":{"rendered":"<p><strong>Volkswagens 1.0 TSI-motor,<\/strong> kodenavnet DKR, er en av bensinmotorene produsert av Volkswagen AG.6 Motoren er kjent for sin \u00f8konomi og ytelse. DKR-motoren har tre sylindre og en kamaksel. Den yter en effekt p\u00e5 95 hk og et dreiemoment p\u00e5 175 Nm.<\/p>\n<p>Motoren bruker Volkswagens TSI-teknologi, som tilbyr en effektiv kombinasjon av direkte drivstoffinnspr\u00f8ytning og superlading. Den st\u00f8rste fordelen med motoren er dens ytelse og \u00f8konomi, som muliggj\u00f8r rask akselerasjon og lavere utslippsverdier p\u00e5 samme tid.<\/p>\n<p>Det er brukt flere tekniske l\u00f8sninger i DKR-motoren, som forbedrer ytelsen og holdbarheten. Motorsylindrene er laget av aluminiumslegering, noe som reduserer vekten p\u00e5 motoren og forbedrer kj\u00f8lingen. Motoren bruker ogs\u00e5 Volkswagens BlueMotion-system, som reduserer drivstofforbruk og utslipp.<\/p>\n<p>Jeg h\u00e5per denne teksten hjalp deg med \u00e5 l\u00e6re mer om DKR-motoren og dens tekniske funksjoner.<\/p>\n","protected":false},"excerpt":{"rendered":"<p>DKR-motoren har blitt brukt i mange Volkswagen-biler, som Volkswagen Polo, Golf og T-Cross. Motoren har v\u00e6rt tilgjengelig siden 2018.<\/p>\n<p>Bilmerker og modeller der DKR-motoren brukes:<\/p>\n<ul>\n<li><b>SKODA<\/b>\n<ul>\n<li>OCTAVIA III (2012 &#8211; )<\/li>\n<li>KAROQ (2017 &#8211; )<\/li>\n<li>RAPID (2012-2019)<\/li>\n<li>SCALA (2019 &#8211; )<\/li>\n<li>KAMIQ (2019 &#8211; )<\/li>\n<\/ul>\n<p><b>AUDI<\/b><\/p>\n<ul>\n<li>A3 (2012 &#8211; )<\/li>\n<li>A1 (2019 &#8211; )<\/li>\n<li>Q2 (2016 &#8211; )<\/li>\n<\/ul>\n<p><b>VW<\/b><\/p>\n<ul>\n<li>T-ROC (2017 &#8211; )<\/li>\n<li>POLO VI (2017 &#8211; )<\/li>\n<li>GOLF VII (2012 &#8211; )<\/li>\n<\/ul>\n<p><b>SEAT<\/b><\/p>\n<ul>\n<li>LEON (2012 &#8211; )<\/li>\n<li>ATECA (2016 &#8211; )<\/li>\n<li>ARONA (2017 &#8211; )<\/li>\n<li>IBIZA V (2017 &#8211; )<\/li>\n<\/ul>\n<\/li>\n<\/ul>\n","protected":false},"featured_media":4799,"template":"","meta":[],"product_brand":[],"product_cat":[484,487,486,485],"product_tag":[493,489,880,490,894,903,913],"class_list":{"0":"post-5716","1":"product","2":"type-product","3":"status-publish","4":"has-post-thumbnail","6":"product_cat-audi-no","7":"product_cat-seat-no","8":"product_cat-skoda-no","9":"product_cat-vw-no","10":"product_tag-a1-no","11":"product_tag-golf-no","12":"product_tag-leon-no","13":"product_tag-octavia-no","14":"product_tag-polo-no","15":"product_tag-rapid-no","16":"product_tag-t-roc-no","17":"pa_varaosan-osasto-motor-no","20":"first","21":"instock","22":"shipping-taxable","23":"product-type-simple"},"yoast_head":"<!-- This site is optimized with the Yoast SEO plugin v26.8 - https:\/\/yoast.com\/product\/yoast-seo-wordpress\/ -->\n<title>1.0 TSI &quot;DKR&quot; Motor [esim. Polo, Golf, T-Cross, A1, Octavia]<\/title>\n<meta name=\"description\" content=\"En av motorene vi ofte har tilgjengelig. Send en foresp\u00f8rsel og du vil motta et tilbud innen 24 timer. Motorer, girkasser og andre bildeler med garanti.\" \/>\n<meta name=\"robots\" content=\"index, follow, max-snippet:-1, max-image-preview:large, max-video-preview:-1\" \/>\n<link rel=\"canonical\" href=\"https:\/\/autopartscenter24.com\/no\/auton-varaosat\/1-0-tsi-dkr-moottori-polo-golf-t-cross\/\" \/>\n<meta property=\"og:locale\" content=\"nb_NO\" \/>\n<meta property=\"og:type\" content=\"article\" \/>\n<meta property=\"og:title\" content=\"1.0 TSI &quot;DKR&quot; Motor [esim. Polo, Golf, T-Cross, A1, Octavia]\" \/>\n<meta property=\"og:description\" content=\"En av motorene vi ofte har tilgjengelig. Send en foresp\u00f8rsel og du vil motta et tilbud innen 24 timer. Motorer, girkasser og andre bildeler med garanti.\" \/>\n<meta property=\"og:url\" content=\"https:\/\/autopartscenter24.com\/no\/auton-varaosat\/1-0-tsi-dkr-moottori-polo-golf-t-cross\/\" \/>\n<meta property=\"og:site_name\" content=\"Autopartscenter24\" \/>\n<meta property=\"og:image\" content=\"https:\/\/autopartscenter24.com\/wp-content\/uploads\/2023\/03\/1-0-tsi-dkr-moottori-vw-golf-vii-octavia-iii.webp\" \/>\n\t<meta property=\"og:image:width\" content=\"800\" \/>\n\t<meta property=\"og:image:height\" content=\"600\" \/>\n\t<meta property=\"og:image:type\" content=\"image\/webp\" \/>\n<meta name=\"twitter:card\" content=\"summary_large_image\" \/>\n<meta name=\"twitter:label1\" content=\"Ansl. lesetid\" \/>\n\t<meta name=\"twitter:data1\" content=\"1 minutt\" \/>\n<script type=\"application\/ld+json\" class=\"yoast-schema-graph\">{\"@context\":\"https:\/\/schema.org\",\"@graph\":[{\"@type\":\"WebPage\",\"@id\":\"https:\/\/autopartscenter24.com\/auton-varaosat\/1-0-tsi-dkr-moottori-polo-golf-t-cross\/\",\"url\":\"https:\/\/autopartscenter24.com\/auton-varaosat\/1-0-tsi-dkr-moottori-polo-golf-t-cross\/\",\"name\":\"1.0 TSI \\\"DKR\\\" Motor [esim. Polo, Golf, T-Cross, A1, Octavia]\",\"isPartOf\":{\"@id\":\"https:\/\/autopartscenter24.com\/#website\"},\"primaryImageOfPage\":{\"@id\":\"https:\/\/autopartscenter24.com\/auton-varaosat\/1-0-tsi-dkr-moottori-polo-golf-t-cross\/#primaryimage\"},\"image\":{\"@id\":\"https:\/\/autopartscenter24.com\/auton-varaosat\/1-0-tsi-dkr-moottori-polo-golf-t-cross\/#primaryimage\"},\"thumbnailUrl\":\"https:\/\/autopartscenter24.com\/wp-content\/uploads\/2023\/03\/1-0-tsi-dkr-moottori-vw-golf-vii-octavia-iii.webp\",\"datePublished\":\"2023-11-30T19:28:22+00:00\",\"description\":\"En av motorene vi ofte har tilgjengelig. Send en foresp\u00f8rsel og du vil motta et tilbud innen 24 timer. Motorer, girkasser og andre bildeler med garanti.\",\"breadcrumb\":{\"@id\":\"https:\/\/autopartscenter24.com\/auton-varaosat\/1-0-tsi-dkr-moottori-polo-golf-t-cross\/#breadcrumb\"},\"inLanguage\":\"nb-NO\",\"potentialAction\":[{\"@type\":\"ReadAction\",\"target\":[\"https:\/\/autopartscenter24.com\/auton-varaosat\/1-0-tsi-dkr-moottori-polo-golf-t-cross\/\"]}]},{\"@type\":\"ImageObject\",\"inLanguage\":\"nb-NO\",\"@id\":\"https:\/\/autopartscenter24.com\/auton-varaosat\/1-0-tsi-dkr-moottori-polo-golf-t-cross\/#primaryimage\",\"url\":\"https:\/\/autopartscenter24.com\/wp-content\/uploads\/2023\/03\/1-0-tsi-dkr-moottori-vw-golf-vii-octavia-iii.webp\",\"contentUrl\":\"https:\/\/autopartscenter24.com\/wp-content\/uploads\/2023\/03\/1-0-tsi-dkr-moottori-vw-golf-vii-octavia-iii.webp\",\"width\":800,\"height\":600},{\"@type\":\"BreadcrumbList\",\"@id\":\"https:\/\/autopartscenter24.com\/auton-varaosat\/1-0-tsi-dkr-moottori-polo-golf-t-cross\/#breadcrumb\",\"itemListElement\":[{\"@type\":\"ListItem\",\"position\":1,\"name\":\"Hjem\",\"item\":\"https:\/\/aliceblue-termite-662564.hostingersite.com\/\"},{\"@type\":\"ListItem\",\"position\":2,\"name\":\"Auton varaosat\",\"item\":\"https:\/\/aliceblue-termite-662564.hostingersite.com\/auton-varaosat\/\"},{\"@type\":\"ListItem\",\"position\":3,\"name\":\"1.0 TSI &#8221;DKR&#8221; Motor [esim. Polo, Golf, T-Cross, A1, Octavia]\"}]},{\"@type\":\"WebSite\",\"@id\":\"https:\/\/autopartscenter24.com\/#website\",\"url\":\"https:\/\/autopartscenter24.com\/\",\"name\":\"Autopartscenter24\",\"description\":\"K\u00c4YTETYT JA KUNNOSTETUT  AUTON VARAOSAT\",\"potentialAction\":[{\"@type\":\"SearchAction\",\"target\":{\"@type\":\"EntryPoint\",\"urlTemplate\":\"https:\/\/autopartscenter24.com\/?s={search_term_string}\"},\"query-input\":{\"@type\":\"PropertyValueSpecification\",\"valueRequired\":true,\"valueName\":\"search_term_string\"}}],\"inLanguage\":\"nb-NO\"}]}<\/script>\n<!-- \/ Yoast SEO plugin. -->","yoast_head_json":{"title":"1.0 TSI \"DKR\" Motor [esim. Polo, Golf, T-Cross, A1, Octavia]","description":"En av motorene vi ofte har tilgjengelig. Send en foresp\u00f8rsel og du vil motta et tilbud innen 24 timer. Motorer, girkasser og andre bildeler med garanti.","robots":{"index":"index","follow":"follow","max-snippet":"max-snippet:-1","max-image-preview":"max-image-preview:large","max-video-preview":"max-video-preview:-1"},"canonical":"https:\/\/autopartscenter24.com\/no\/auton-varaosat\/1-0-tsi-dkr-moottori-polo-golf-t-cross\/","og_locale":"nb_NO","og_type":"article","og_title":"1.0 TSI \"DKR\" Motor [esim. Polo, Golf, T-Cross, A1, Octavia]","og_description":"En av motorene vi ofte har tilgjengelig. Send en foresp\u00f8rsel og du vil motta et tilbud innen 24 timer. Motorer, girkasser og andre bildeler med garanti.","og_url":"https:\/\/autopartscenter24.com\/no\/auton-varaosat\/1-0-tsi-dkr-moottori-polo-golf-t-cross\/","og_site_name":"Autopartscenter24","og_image":[{"width":800,"height":600,"url":"https:\/\/autopartscenter24.com\/wp-content\/uploads\/2023\/03\/1-0-tsi-dkr-moottori-vw-golf-vii-octavia-iii.webp","type":"image\/webp"}],"twitter_card":"summary_large_image","twitter_misc":{"Ansl. lesetid":"1 minutt"},"schema":{"@context":"https:\/\/schema.org","@graph":[{"@type":"WebPage","@id":"https:\/\/autopartscenter24.com\/auton-varaosat\/1-0-tsi-dkr-moottori-polo-golf-t-cross\/","url":"https:\/\/autopartscenter24.com\/auton-varaosat\/1-0-tsi-dkr-moottori-polo-golf-t-cross\/","name":"1.0 TSI \"DKR\" Motor [esim. Polo, Golf, T-Cross, A1, Octavia]","isPartOf":{"@id":"https:\/\/autopartscenter24.com\/#website"},"primaryImageOfPage":{"@id":"https:\/\/autopartscenter24.com\/auton-varaosat\/1-0-tsi-dkr-moottori-polo-golf-t-cross\/#primaryimage"},"image":{"@id":"https:\/\/autopartscenter24.com\/auton-varaosat\/1-0-tsi-dkr-moottori-polo-golf-t-cross\/#primaryimage"},"thumbnailUrl":"https:\/\/autopartscenter24.com\/wp-content\/uploads\/2023\/03\/1-0-tsi-dkr-moottori-vw-golf-vii-octavia-iii.webp","datePublished":"2023-11-30T19:28:22+00:00","description":"En av motorene vi ofte har tilgjengelig. Send en foresp\u00f8rsel og du vil motta et tilbud innen 24 timer. Motorer, girkasser og andre bildeler med garanti.","breadcrumb":{"@id":"https:\/\/autopartscenter24.com\/auton-varaosat\/1-0-tsi-dkr-moottori-polo-golf-t-cross\/#breadcrumb"},"inLanguage":"nb-NO","potentialAction":[{"@type":"ReadAction","target":["https:\/\/autopartscenter24.com\/auton-varaosat\/1-0-tsi-dkr-moottori-polo-golf-t-cross\/"]}]},{"@type":"ImageObject","inLanguage":"nb-NO","@id":"https:\/\/autopartscenter24.com\/auton-varaosat\/1-0-tsi-dkr-moottori-polo-golf-t-cross\/#primaryimage","url":"https:\/\/autopartscenter24.com\/wp-content\/uploads\/2023\/03\/1-0-tsi-dkr-moottori-vw-golf-vii-octavia-iii.webp","contentUrl":"https:\/\/autopartscenter24.com\/wp-content\/uploads\/2023\/03\/1-0-tsi-dkr-moottori-vw-golf-vii-octavia-iii.webp","width":800,"height":600},{"@type":"BreadcrumbList","@id":"https:\/\/autopartscenter24.com\/auton-varaosat\/1-0-tsi-dkr-moottori-polo-golf-t-cross\/#breadcrumb","itemListElement":[{"@type":"ListItem","position":1,"name":"Hjem","item":"https:\/\/aliceblue-termite-662564.hostingersite.com\/"},{"@type":"ListItem","position":2,"name":"Auton varaosat","item":"https:\/\/aliceblue-termite-662564.hostingersite.com\/auton-varaosat\/"},{"@type":"ListItem","position":3,"name":"1.0 TSI &#8221;DKR&#8221; Motor [esim. Polo, Golf, T-Cross, A1, Octavia]"}]},{"@type":"WebSite","@id":"https:\/\/autopartscenter24.com\/#website","url":"https:\/\/autopartscenter24.com\/","name":"Autopartscenter24","description":"K\u00c4YTETYT JA KUNNOSTETUT  AUTON VARAOSAT","potentialAction":[{"@type":"SearchAction","target":{"@type":"EntryPoint","urlTemplate":"https:\/\/autopartscenter24.com\/?s={search_term_string}"},"query-input":{"@type":"PropertyValueSpecification","valueRequired":true,"valueName":"search_term_string"}}],"inLanguage":"nb-NO"}]}},"_links":{"self":[{"href":"https:\/\/autopartscenter24.com\/no\/wp-json\/wp\/v2\/product\/5716","targetHints":{"allow":["GET"]}}],"collection":[{"href":"https:\/\/autopartscenter24.com\/no\/wp-json\/wp\/v2\/product"}],"about":[{"href":"https:\/\/autopartscenter24.com\/no\/wp-json\/wp\/v2\/types\/product"}],"wp:featuredmedia":[{"embeddable":true,"href":"https:\/\/autopartscenter24.com\/no\/wp-json\/wp\/v2\/media\/4799"}],"wp:attachment":[{"href":"https:\/\/autopartscenter24.com\/no\/wp-json\/wp\/v2\/media?parent=5716"}],"wp:term":[{"taxonomy":"product_brand","embeddable":true,"href":"https:\/\/autopartscenter24.com\/no\/wp-json\/wp\/v2\/product_brand?post=5716"},{"taxonomy":"product_cat","embeddable":true,"href":"https:\/\/autopartscenter24.com\/no\/wp-json\/wp\/v2\/product_cat?post=5716"},{"taxonomy":"product_tag","embeddable":true,"href":"https:\/\/autopartscenter24.com\/no\/wp-json\/wp\/v2\/product_tag?post=5716"}],"curies":[{"name":"wp","href":"https:\/\/api.w.org\/{rel}","templated":true}]}}