{"id":5712,"date":"2023-03-09T22:29:07","date_gmt":"2023-11-30T17:54:30","guid":{"rendered":"https:\/\/autopartscenter24.com\/product\/1-4-tsi-gte-cuk-motor-golf-passat-t-roc-a3-octavia\/"},"modified":"2023-11-30T18:54:30","modified_gmt":"2023-11-30T17:54:30","slug":"1-4-tsi-gte-cuk-motor-golf-passat-t-roc-a3-octavia","status":"publish","type":"product","link":"https:\/\/autopartscenter24.com\/no\/auton-varaosat\/1-4-tsi-gte-cuk-motor-golf-passat-t-roc-a3-octavia\/","title":{"rendered":"1.4 TSI GTE &laquo;CUK&raquo; Motor [Golf, Passat, T-Roc, A3, Octavia]"},"content":{"rendered":"<p><strong>1.4 TSI GTE-motoren, ogs\u00e5 kjent under kodenavnet CUK, er en popul\u00e6r bensinmotor fra Volkswagen Group.<\/strong> Motoren har fire sylindre og to kamaksler. Den yter en effekt p\u00e5 150 hk og et dreiemoment p\u00e5 250 Nm. Motoren bruker et flerpunktssystem, som muliggj\u00f8r en kombinasjon av effektiv direkte drivstoffinnspr\u00f8ytning og et turboladersystem. Denne kombinasjonen gir rask akselerasjon og samtidig lavere utslippsverdier.<\/p>\n<p>CUK-motoren bruker ogs\u00e5 Volvos DPF-system, som reduserer utslippene. Motorens kamaksler er sv\u00e6rt slitesterke og bruker Volvos VVT-system, som gir bedre gassrespons og reduserer drivstofforbruket. Motorens kj\u00f8lesystem bruker flytende krystallteknologi, som lar motoren varmes opp raskt og reduserer motorslitasje.<\/p>\n<p>CUK-motoren har ogs\u00e5 hybridteknologi, som kombinerer en elektrisk motor med en bensinmotor. Dette gj\u00f8r det mulig \u00e5 redusere drivstofforbruket og gir samtidig mer kraft og raskere akselerasjon. Motoren bruker ogs\u00e5 Volvos Start-Stop-system, som sparer drivstoff ved stopp og restart av motoren.<\/p>\n<p>Oppsummert er 1.4 TSI GTE-motoren CUK en slitesterk og p\u00e5litelig bensinmotor med mange tekniske l\u00f8sninger for \u00e5 redusere drivstofforbruk og utslipp. Det er ogs\u00e5 en hybridteknologi som gir mer kraft og raskere akselerasjon. CUK-motoren har blitt brukt i flere forskjellige Volkswagen Group bilmodeller og har vist seg \u00e5 v\u00e6re en sv\u00e6rt funksjonell og popul\u00e6r motor.<\/p>\n","protected":false},"excerpt":{"rendered":"<p>Bilmerker og modeller med CUK-motor brukt:<\/p>\n<ul>\n<li>Volkswagen Golf (2015-2020)<\/li>\n<li>Volkswagen Passat (2016-2018)<\/li>\n<li>Volkswagen Arteon (2017-2020)<\/li>\n<li>Volkswagen T-Roc (2018-2020)<\/li>\n<li>Volkswagen Tiguan (2018-2020)<\/li>\n<li>Seat Leon (2015-2020)<\/li>\n<li>Skoda Octavia (2016-2020)<\/li>\n<li>Audi A3 (2017-2020)<\/li>\n<li>Audi Q2 (2017-2020)<\/li>\n<\/ul>\n","protected":false},"featured_media":4814,"template":"","meta":[],"product_brand":[],"product_cat":[484,487,486,485],"product_tag":[488,489,880,490,491,897,913],"class_list":{"0":"post-5712","1":"product","2":"type-product","3":"status-publish","4":"has-post-thumbnail","6":"product_cat-audi-no","7":"product_cat-seat-no","8":"product_cat-skoda-no","9":"product_cat-vw-no","10":"product_tag-a3-no","11":"product_tag-golf-no","12":"product_tag-leon-no","13":"product_tag-octavia-no","14":"product_tag-passat-no","15":"product_tag-q2-no","16":"product_tag-t-roc-no","17":"pa_varaosan-osasto-motor-no","20":"first","21":"instock","22":"shipping-taxable","23":"product-type-simple"},"yoast_head":"<!-- This site is optimized with the Yoast SEO plugin v26.8 - https:\/\/yoast.com\/product\/yoast-seo-wordpress\/ -->\n<title>1.4 TSI GTE &quot;CUK&quot; Motor [Golf, Passat, T-Roc, A3, Octavia]<\/title>\n<meta name=\"description\" content=\"En av motorene vi ofte har tilgjengelig. Send en foresp\u00f8rsel og du vil motta et tilbud innen 24 timer. Motorer, girkasser og andre bildeler med garanti.\" \/>\n<meta name=\"robots\" content=\"index, follow, max-snippet:-1, max-image-preview:large, max-video-preview:-1\" \/>\n<link rel=\"canonical\" href=\"https:\/\/autopartscenter24.com\/no\/auton-varaosat\/1-4-tsi-gte-hybrid-cuk-moottori-vw-passat-b8\/\" \/>\n<meta property=\"og:locale\" content=\"nb_NO\" \/>\n<meta property=\"og:type\" content=\"article\" \/>\n<meta property=\"og:title\" content=\"1.4 TSI GTE &quot;CUK&quot; Motor [Golf, Passat, T-Roc, A3, Octavia]\" \/>\n<meta property=\"og:description\" content=\"En av motorene vi ofte har tilgjengelig. Send en foresp\u00f8rsel og du vil motta et tilbud innen 24 timer. Motorer, girkasser og andre bildeler med garanti.\" \/>\n<meta property=\"og:url\" content=\"https:\/\/autopartscenter24.com\/no\/auton-varaosat\/1-4-tsi-gte-hybrid-cuk-moottori-vw-passat-b8\/\" \/>\n<meta property=\"og:site_name\" content=\"Autopartscenter24\" \/>\n<meta property=\"og:image\" content=\"https:\/\/autopartscenter24.com\/wp-content\/uploads\/2023\/03\/1-4-tsi-gte-hybrid-cuk-moottori-vw-passat-b8.webp\" \/>\n\t<meta property=\"og:image:width\" content=\"800\" \/>\n\t<meta property=\"og:image:height\" content=\"600\" \/>\n\t<meta property=\"og:image:type\" content=\"image\/webp\" \/>\n<meta name=\"twitter:card\" content=\"summary_large_image\" \/>\n<meta name=\"twitter:label1\" content=\"Ansl. lesetid\" \/>\n\t<meta name=\"twitter:data1\" content=\"1 minutt\" \/>\n<script type=\"application\/ld+json\" class=\"yoast-schema-graph\">{\"@context\":\"https:\/\/schema.org\",\"@graph\":[{\"@type\":\"WebPage\",\"@id\":\"https:\/\/autopartscenter24.com\/auton-varaosat\/1-4-tsi-gte-hybrid-cuk-moottori-vw-passat-b8\/\",\"url\":\"https:\/\/autopartscenter24.com\/auton-varaosat\/1-4-tsi-gte-hybrid-cuk-moottori-vw-passat-b8\/\",\"name\":\"1.4 TSI GTE \\\"CUK\\\" Motor [Golf, Passat, T-Roc, A3, Octavia]\",\"isPartOf\":{\"@id\":\"https:\/\/autopartscenter24.com\/#website\"},\"primaryImageOfPage\":{\"@id\":\"https:\/\/autopartscenter24.com\/auton-varaosat\/1-4-tsi-gte-hybrid-cuk-moottori-vw-passat-b8\/#primaryimage\"},\"image\":{\"@id\":\"https:\/\/autopartscenter24.com\/auton-varaosat\/1-4-tsi-gte-hybrid-cuk-moottori-vw-passat-b8\/#primaryimage\"},\"thumbnailUrl\":\"https:\/\/autopartscenter24.com\/wp-content\/uploads\/2023\/03\/1-4-tsi-gte-hybrid-cuk-moottori-vw-passat-b8.webp\",\"datePublished\":\"2023-11-30T17:54:30+00:00\",\"description\":\"En av motorene vi ofte har tilgjengelig. Send en foresp\u00f8rsel og du vil motta et tilbud innen 24 timer. Motorer, girkasser og andre bildeler med garanti.\",\"breadcrumb\":{\"@id\":\"https:\/\/autopartscenter24.com\/auton-varaosat\/1-4-tsi-gte-hybrid-cuk-moottori-vw-passat-b8\/#breadcrumb\"},\"inLanguage\":\"nb-NO\",\"potentialAction\":[{\"@type\":\"ReadAction\",\"target\":[\"https:\/\/autopartscenter24.com\/auton-varaosat\/1-4-tsi-gte-hybrid-cuk-moottori-vw-passat-b8\/\"]}]},{\"@type\":\"ImageObject\",\"inLanguage\":\"nb-NO\",\"@id\":\"https:\/\/autopartscenter24.com\/auton-varaosat\/1-4-tsi-gte-hybrid-cuk-moottori-vw-passat-b8\/#primaryimage\",\"url\":\"https:\/\/autopartscenter24.com\/wp-content\/uploads\/2023\/03\/1-4-tsi-gte-hybrid-cuk-moottori-vw-passat-b8.webp\",\"contentUrl\":\"https:\/\/autopartscenter24.com\/wp-content\/uploads\/2023\/03\/1-4-tsi-gte-hybrid-cuk-moottori-vw-passat-b8.webp\",\"width\":800,\"height\":600},{\"@type\":\"BreadcrumbList\",\"@id\":\"https:\/\/autopartscenter24.com\/auton-varaosat\/1-4-tsi-gte-hybrid-cuk-moottori-vw-passat-b8\/#breadcrumb\",\"itemListElement\":[{\"@type\":\"ListItem\",\"position\":1,\"name\":\"Hjem\",\"item\":\"https:\/\/aliceblue-termite-662564.hostingersite.com\/\"},{\"@type\":\"ListItem\",\"position\":2,\"name\":\"Auton varaosat\",\"item\":\"https:\/\/aliceblue-termite-662564.hostingersite.com\/auton-varaosat\/\"},{\"@type\":\"ListItem\",\"position\":3,\"name\":\"1.4 TSI GTE &#8221;CUK&#8221; Motor [Golf, Passat, T-Roc, A3, Octavia]\"}]},{\"@type\":\"WebSite\",\"@id\":\"https:\/\/autopartscenter24.com\/#website\",\"url\":\"https:\/\/autopartscenter24.com\/\",\"name\":\"Autopartscenter24\",\"description\":\"K\u00c4YTETYT JA KUNNOSTETUT  AUTON VARAOSAT\",\"potentialAction\":[{\"@type\":\"SearchAction\",\"target\":{\"@type\":\"EntryPoint\",\"urlTemplate\":\"https:\/\/autopartscenter24.com\/?s={search_term_string}\"},\"query-input\":{\"@type\":\"PropertyValueSpecification\",\"valueRequired\":true,\"valueName\":\"search_term_string\"}}],\"inLanguage\":\"nb-NO\"}]}<\/script>\n<!-- \/ Yoast SEO plugin. -->","yoast_head_json":{"title":"1.4 TSI GTE \"CUK\" Motor [Golf, Passat, T-Roc, A3, Octavia]","description":"En av motorene vi ofte har tilgjengelig. Send en foresp\u00f8rsel og du vil motta et tilbud innen 24 timer. Motorer, girkasser og andre bildeler med garanti.","robots":{"index":"index","follow":"follow","max-snippet":"max-snippet:-1","max-image-preview":"max-image-preview:large","max-video-preview":"max-video-preview:-1"},"canonical":"https:\/\/autopartscenter24.com\/no\/auton-varaosat\/1-4-tsi-gte-hybrid-cuk-moottori-vw-passat-b8\/","og_locale":"nb_NO","og_type":"article","og_title":"1.4 TSI GTE \"CUK\" Motor [Golf, Passat, T-Roc, A3, Octavia]","og_description":"En av motorene vi ofte har tilgjengelig. Send en foresp\u00f8rsel og du vil motta et tilbud innen 24 timer. Motorer, girkasser og andre bildeler med garanti.","og_url":"https:\/\/autopartscenter24.com\/no\/auton-varaosat\/1-4-tsi-gte-hybrid-cuk-moottori-vw-passat-b8\/","og_site_name":"Autopartscenter24","og_image":[{"width":800,"height":600,"url":"https:\/\/autopartscenter24.com\/wp-content\/uploads\/2023\/03\/1-4-tsi-gte-hybrid-cuk-moottori-vw-passat-b8.webp","type":"image\/webp"}],"twitter_card":"summary_large_image","twitter_misc":{"Ansl. lesetid":"1 minutt"},"schema":{"@context":"https:\/\/schema.org","@graph":[{"@type":"WebPage","@id":"https:\/\/autopartscenter24.com\/auton-varaosat\/1-4-tsi-gte-hybrid-cuk-moottori-vw-passat-b8\/","url":"https:\/\/autopartscenter24.com\/auton-varaosat\/1-4-tsi-gte-hybrid-cuk-moottori-vw-passat-b8\/","name":"1.4 TSI GTE \"CUK\" Motor [Golf, Passat, T-Roc, A3, Octavia]","isPartOf":{"@id":"https:\/\/autopartscenter24.com\/#website"},"primaryImageOfPage":{"@id":"https:\/\/autopartscenter24.com\/auton-varaosat\/1-4-tsi-gte-hybrid-cuk-moottori-vw-passat-b8\/#primaryimage"},"image":{"@id":"https:\/\/autopartscenter24.com\/auton-varaosat\/1-4-tsi-gte-hybrid-cuk-moottori-vw-passat-b8\/#primaryimage"},"thumbnailUrl":"https:\/\/autopartscenter24.com\/wp-content\/uploads\/2023\/03\/1-4-tsi-gte-hybrid-cuk-moottori-vw-passat-b8.webp","datePublished":"2023-11-30T17:54:30+00:00","description":"En av motorene vi ofte har tilgjengelig. Send en foresp\u00f8rsel og du vil motta et tilbud innen 24 timer. Motorer, girkasser og andre bildeler med garanti.","breadcrumb":{"@id":"https:\/\/autopartscenter24.com\/auton-varaosat\/1-4-tsi-gte-hybrid-cuk-moottori-vw-passat-b8\/#breadcrumb"},"inLanguage":"nb-NO","potentialAction":[{"@type":"ReadAction","target":["https:\/\/autopartscenter24.com\/auton-varaosat\/1-4-tsi-gte-hybrid-cuk-moottori-vw-passat-b8\/"]}]},{"@type":"ImageObject","inLanguage":"nb-NO","@id":"https:\/\/autopartscenter24.com\/auton-varaosat\/1-4-tsi-gte-hybrid-cuk-moottori-vw-passat-b8\/#primaryimage","url":"https:\/\/autopartscenter24.com\/wp-content\/uploads\/2023\/03\/1-4-tsi-gte-hybrid-cuk-moottori-vw-passat-b8.webp","contentUrl":"https:\/\/autopartscenter24.com\/wp-content\/uploads\/2023\/03\/1-4-tsi-gte-hybrid-cuk-moottori-vw-passat-b8.webp","width":800,"height":600},{"@type":"BreadcrumbList","@id":"https:\/\/autopartscenter24.com\/auton-varaosat\/1-4-tsi-gte-hybrid-cuk-moottori-vw-passat-b8\/#breadcrumb","itemListElement":[{"@type":"ListItem","position":1,"name":"Hjem","item":"https:\/\/aliceblue-termite-662564.hostingersite.com\/"},{"@type":"ListItem","position":2,"name":"Auton varaosat","item":"https:\/\/aliceblue-termite-662564.hostingersite.com\/auton-varaosat\/"},{"@type":"ListItem","position":3,"name":"1.4 TSI GTE &#8221;CUK&#8221; Motor [Golf, Passat, T-Roc, A3, Octavia]"}]},{"@type":"WebSite","@id":"https:\/\/autopartscenter24.com\/#website","url":"https:\/\/autopartscenter24.com\/","name":"Autopartscenter24","description":"K\u00c4YTETYT JA KUNNOSTETUT  AUTON VARAOSAT","potentialAction":[{"@type":"SearchAction","target":{"@type":"EntryPoint","urlTemplate":"https:\/\/autopartscenter24.com\/?s={search_term_string}"},"query-input":{"@type":"PropertyValueSpecification","valueRequired":true,"valueName":"search_term_string"}}],"inLanguage":"nb-NO"}]}},"_links":{"self":[{"href":"https:\/\/autopartscenter24.com\/no\/wp-json\/wp\/v2\/product\/5712","targetHints":{"allow":["GET"]}}],"collection":[{"href":"https:\/\/autopartscenter24.com\/no\/wp-json\/wp\/v2\/product"}],"about":[{"href":"https:\/\/autopartscenter24.com\/no\/wp-json\/wp\/v2\/types\/product"}],"wp:featuredmedia":[{"embeddable":true,"href":"https:\/\/autopartscenter24.com\/no\/wp-json\/wp\/v2\/media\/4814"}],"wp:attachment":[{"href":"https:\/\/autopartscenter24.com\/no\/wp-json\/wp\/v2\/media?parent=5712"}],"wp:term":[{"taxonomy":"product_brand","embeddable":true,"href":"https:\/\/autopartscenter24.com\/no\/wp-json\/wp\/v2\/product_brand?post=5712"},{"taxonomy":"product_cat","embeddable":true,"href":"https:\/\/autopartscenter24.com\/no\/wp-json\/wp\/v2\/product_cat?post=5712"},{"taxonomy":"product_tag","embeddable":true,"href":"https:\/\/autopartscenter24.com\/no\/wp-json\/wp\/v2\/product_tag?post=5712"}],"curies":[{"name":"wp","href":"https:\/\/api.w.org\/{rel}","templated":true}]}}