{"id":5711,"date":"2023-03-09T22:33:11","date_gmt":"2023-11-30T17:52:23","guid":{"rendered":"https:\/\/autopartscenter24.com\/product\/2-2-tdci-cyfb-motor-ford-transit-euro-5\/"},"modified":"2023-11-30T18:52:23","modified_gmt":"2023-11-30T17:52:23","slug":"2-2-tdci-cyfb-motor-ford-transit-euro-5","status":"publish","type":"product","link":"https:\/\/autopartscenter24.com\/no\/auton-varaosat\/2-2-tdci-cyfb-motor-ford-transit-euro-5\/","title":{"rendered":"2.2 TDCI &laquo;CYFB&raquo; Motor [Ford Transit Euro 5]"},"content":{"rendered":"<p><strong>Ford 2.2 TDCi-motoren, ogs\u00e5 kjent under kodenavnet CYFB, er en av de mest popul\u00e6re dieselmotorene til Ford Motor Company.<\/strong> Motoren har fire sylindre og to kamaksler. Den yter en effekt p\u00e5 150 hk og et dreiemoment p\u00e5 375 Nm. Motoren bruker et vanlig trykkinnspr\u00f8ytningssystem, som muliggj\u00f8r effektiv drivstoffinnspr\u00f8ytning og forbedrer motorytelsen.<\/p>\n<p>Volvos DPF-system har blitt brukt i CYFB-motoren, noe som reduserer utslippene. Motorsylindere er laget av h\u00f8ykvalitets st\u00f8pejernslegering som t\u00e5ler h\u00f8yt trykk og temperatur. Dette \u00f8ker holdbarheten til motoren og reduserer behovet for vedlikehold. Motorens kamaksler er sv\u00e6rt slitesterke og bruker Fords VVT-system, som gir bedre gassrespons og reduserer drivstofforbruket.<\/p>\n<p>Kj\u00f8lesystemet til CYFB-motoren bruker flytende krystallv\u00e6ske av h\u00f8y kvalitet, som lar motoren varmes opp raskt og reduserer motorslitasje. Motorens turbolader er sv\u00e6rt slitesterk og gir rask akselerasjon og dreiemoment.<\/p>\n<p>Oppsummert er Ford 2.2 TDCi-motoren CYFB en slitesterk og p\u00e5litelig dieselmotor som har eksistert i \u00e5revis. Det er en h\u00f8yytelses og effektiv motor med mange tekniske l\u00f8sninger for \u00e5 redusere drivstofforbruk og utslipp. CYFB-motoren har blitt brukt i en rekke Ford- og Land Rover-modeller og har vist seg \u00e5 v\u00e6re en sv\u00e6rt dyktig og popul\u00e6r motor.<\/p>\n","protected":false},"excerpt":{"rendered":"<p>Bilmerker og modeller med CYFB-motor:<\/p>\n<ul>\n<li>Ford Transit (2011-2016)<\/li>\n<li>Ford Ranger (2011-2016)<\/li>\n<li>Land Rover Defender (2011-2016)<\/li>\n<\/ul>\n","protected":false},"featured_media":4819,"template":"","meta":[],"product_brand":[],"product_cat":[564],"product_tag":[918],"class_list":{"0":"post-5711","1":"product","2":"type-product","3":"status-publish","4":"has-post-thumbnail","6":"product_cat-ford-no","7":"product_tag-transit-no","8":"pa_varaosan-osasto-motor-no","11":"first","12":"instock","13":"featured","14":"shipping-taxable","15":"product-type-simple"},"yoast_head":"<!-- This site is optimized with the Yoast SEO plugin v26.8 - https:\/\/yoast.com\/product\/yoast-seo-wordpress\/ -->\n<title>2.2 TDCI &quot;CYFB&quot; Motor [Ford Transit Euro 5] - Autopartscenter24<\/title>\n<meta name=\"description\" content=\"En av motorene vi ofte har tilgjengelig. Send en foresp\u00f8rsel og du vil motta et tilbud innen 24 timer. Motorer, girkasser og andre bildeler med garanti.\" \/>\n<meta name=\"robots\" content=\"index, follow, max-snippet:-1, max-image-preview:large, max-video-preview:-1\" \/>\n<link rel=\"canonical\" href=\"https:\/\/autopartscenter24.com\/no\/auton-varaosat\/2-2-tdci-cyfb-euro-5-fwd-moottori-transit\/\" \/>\n<meta property=\"og:locale\" content=\"nb_NO\" \/>\n<meta property=\"og:type\" content=\"article\" \/>\n<meta property=\"og:title\" content=\"2.2 TDCI &quot;CYFB&quot; Motor [Ford Transit Euro 5] - Autopartscenter24\" \/>\n<meta property=\"og:description\" content=\"En av motorene vi ofte har tilgjengelig. Send en foresp\u00f8rsel og du vil motta et tilbud innen 24 timer. Motorer, girkasser og andre bildeler med garanti.\" \/>\n<meta property=\"og:url\" content=\"https:\/\/autopartscenter24.com\/no\/auton-varaosat\/2-2-tdci-cyfb-euro-5-fwd-moottori-transit\/\" \/>\n<meta property=\"og:site_name\" content=\"Autopartscenter24\" \/>\n<meta property=\"og:image\" content=\"https:\/\/autopartscenter24.com\/wp-content\/uploads\/2023\/03\/2-2-tdci-cyfb-euro-5-fwd-moottori-transit.webp\" \/>\n\t<meta property=\"og:image:width\" content=\"800\" \/>\n\t<meta property=\"og:image:height\" content=\"600\" \/>\n\t<meta property=\"og:image:type\" content=\"image\/webp\" \/>\n<meta name=\"twitter:card\" content=\"summary_large_image\" \/>\n<meta name=\"twitter:label1\" content=\"Ansl. lesetid\" \/>\n\t<meta name=\"twitter:data1\" content=\"1 minutt\" \/>\n<script type=\"application\/ld+json\" class=\"yoast-schema-graph\">{\"@context\":\"https:\/\/schema.org\",\"@graph\":[{\"@type\":\"WebPage\",\"@id\":\"https:\/\/autopartscenter24.com\/auton-varaosat\/2-2-tdci-cyfb-euro-5-fwd-moottori-transit\/\",\"url\":\"https:\/\/autopartscenter24.com\/auton-varaosat\/2-2-tdci-cyfb-euro-5-fwd-moottori-transit\/\",\"name\":\"2.2 TDCI \\\"CYFB\\\" Motor [Ford Transit Euro 5] - Autopartscenter24\",\"isPartOf\":{\"@id\":\"https:\/\/autopartscenter24.com\/#website\"},\"primaryImageOfPage\":{\"@id\":\"https:\/\/autopartscenter24.com\/auton-varaosat\/2-2-tdci-cyfb-euro-5-fwd-moottori-transit\/#primaryimage\"},\"image\":{\"@id\":\"https:\/\/autopartscenter24.com\/auton-varaosat\/2-2-tdci-cyfb-euro-5-fwd-moottori-transit\/#primaryimage\"},\"thumbnailUrl\":\"https:\/\/autopartscenter24.com\/wp-content\/uploads\/2023\/03\/2-2-tdci-cyfb-euro-5-fwd-moottori-transit.webp\",\"datePublished\":\"2023-11-30T17:52:23+00:00\",\"description\":\"En av motorene vi ofte har tilgjengelig. Send en foresp\u00f8rsel og du vil motta et tilbud innen 24 timer. Motorer, girkasser og andre bildeler med garanti.\",\"breadcrumb\":{\"@id\":\"https:\/\/autopartscenter24.com\/auton-varaosat\/2-2-tdci-cyfb-euro-5-fwd-moottori-transit\/#breadcrumb\"},\"inLanguage\":\"nb-NO\",\"potentialAction\":[{\"@type\":\"ReadAction\",\"target\":[\"https:\/\/autopartscenter24.com\/auton-varaosat\/2-2-tdci-cyfb-euro-5-fwd-moottori-transit\/\"]}]},{\"@type\":\"ImageObject\",\"inLanguage\":\"nb-NO\",\"@id\":\"https:\/\/autopartscenter24.com\/auton-varaosat\/2-2-tdci-cyfb-euro-5-fwd-moottori-transit\/#primaryimage\",\"url\":\"https:\/\/autopartscenter24.com\/wp-content\/uploads\/2023\/03\/2-2-tdci-cyfb-euro-5-fwd-moottori-transit.webp\",\"contentUrl\":\"https:\/\/autopartscenter24.com\/wp-content\/uploads\/2023\/03\/2-2-tdci-cyfb-euro-5-fwd-moottori-transit.webp\",\"width\":800,\"height\":600},{\"@type\":\"BreadcrumbList\",\"@id\":\"https:\/\/autopartscenter24.com\/auton-varaosat\/2-2-tdci-cyfb-euro-5-fwd-moottori-transit\/#breadcrumb\",\"itemListElement\":[{\"@type\":\"ListItem\",\"position\":1,\"name\":\"Hjem\",\"item\":\"https:\/\/aliceblue-termite-662564.hostingersite.com\/\"},{\"@type\":\"ListItem\",\"position\":2,\"name\":\"Auton varaosat\",\"item\":\"https:\/\/aliceblue-termite-662564.hostingersite.com\/auton-varaosat\/\"},{\"@type\":\"ListItem\",\"position\":3,\"name\":\"2.2 TDCI &#8221;CYFB&#8221; Motor [Ford Transit Euro 5]\"}]},{\"@type\":\"WebSite\",\"@id\":\"https:\/\/autopartscenter24.com\/#website\",\"url\":\"https:\/\/autopartscenter24.com\/\",\"name\":\"Autopartscenter24\",\"description\":\"K\u00c4YTETYT JA KUNNOSTETUT  AUTON VARAOSAT\",\"potentialAction\":[{\"@type\":\"SearchAction\",\"target\":{\"@type\":\"EntryPoint\",\"urlTemplate\":\"https:\/\/autopartscenter24.com\/?s={search_term_string}\"},\"query-input\":{\"@type\":\"PropertyValueSpecification\",\"valueRequired\":true,\"valueName\":\"search_term_string\"}}],\"inLanguage\":\"nb-NO\"}]}<\/script>\n<!-- \/ Yoast SEO plugin. -->","yoast_head_json":{"title":"2.2 TDCI \"CYFB\" Motor [Ford Transit Euro 5] - Autopartscenter24","description":"En av motorene vi ofte har tilgjengelig. Send en foresp\u00f8rsel og du vil motta et tilbud innen 24 timer. Motorer, girkasser og andre bildeler med garanti.","robots":{"index":"index","follow":"follow","max-snippet":"max-snippet:-1","max-image-preview":"max-image-preview:large","max-video-preview":"max-video-preview:-1"},"canonical":"https:\/\/autopartscenter24.com\/no\/auton-varaosat\/2-2-tdci-cyfb-euro-5-fwd-moottori-transit\/","og_locale":"nb_NO","og_type":"article","og_title":"2.2 TDCI \"CYFB\" Motor [Ford Transit Euro 5] - Autopartscenter24","og_description":"En av motorene vi ofte har tilgjengelig. Send en foresp\u00f8rsel og du vil motta et tilbud innen 24 timer. Motorer, girkasser og andre bildeler med garanti.","og_url":"https:\/\/autopartscenter24.com\/no\/auton-varaosat\/2-2-tdci-cyfb-euro-5-fwd-moottori-transit\/","og_site_name":"Autopartscenter24","og_image":[{"width":800,"height":600,"url":"https:\/\/autopartscenter24.com\/wp-content\/uploads\/2023\/03\/2-2-tdci-cyfb-euro-5-fwd-moottori-transit.webp","type":"image\/webp"}],"twitter_card":"summary_large_image","twitter_misc":{"Ansl. lesetid":"1 minutt"},"schema":{"@context":"https:\/\/schema.org","@graph":[{"@type":"WebPage","@id":"https:\/\/autopartscenter24.com\/auton-varaosat\/2-2-tdci-cyfb-euro-5-fwd-moottori-transit\/","url":"https:\/\/autopartscenter24.com\/auton-varaosat\/2-2-tdci-cyfb-euro-5-fwd-moottori-transit\/","name":"2.2 TDCI \"CYFB\" Motor [Ford Transit Euro 5] - Autopartscenter24","isPartOf":{"@id":"https:\/\/autopartscenter24.com\/#website"},"primaryImageOfPage":{"@id":"https:\/\/autopartscenter24.com\/auton-varaosat\/2-2-tdci-cyfb-euro-5-fwd-moottori-transit\/#primaryimage"},"image":{"@id":"https:\/\/autopartscenter24.com\/auton-varaosat\/2-2-tdci-cyfb-euro-5-fwd-moottori-transit\/#primaryimage"},"thumbnailUrl":"https:\/\/autopartscenter24.com\/wp-content\/uploads\/2023\/03\/2-2-tdci-cyfb-euro-5-fwd-moottori-transit.webp","datePublished":"2023-11-30T17:52:23+00:00","description":"En av motorene vi ofte har tilgjengelig. Send en foresp\u00f8rsel og du vil motta et tilbud innen 24 timer. Motorer, girkasser og andre bildeler med garanti.","breadcrumb":{"@id":"https:\/\/autopartscenter24.com\/auton-varaosat\/2-2-tdci-cyfb-euro-5-fwd-moottori-transit\/#breadcrumb"},"inLanguage":"nb-NO","potentialAction":[{"@type":"ReadAction","target":["https:\/\/autopartscenter24.com\/auton-varaosat\/2-2-tdci-cyfb-euro-5-fwd-moottori-transit\/"]}]},{"@type":"ImageObject","inLanguage":"nb-NO","@id":"https:\/\/autopartscenter24.com\/auton-varaosat\/2-2-tdci-cyfb-euro-5-fwd-moottori-transit\/#primaryimage","url":"https:\/\/autopartscenter24.com\/wp-content\/uploads\/2023\/03\/2-2-tdci-cyfb-euro-5-fwd-moottori-transit.webp","contentUrl":"https:\/\/autopartscenter24.com\/wp-content\/uploads\/2023\/03\/2-2-tdci-cyfb-euro-5-fwd-moottori-transit.webp","width":800,"height":600},{"@type":"BreadcrumbList","@id":"https:\/\/autopartscenter24.com\/auton-varaosat\/2-2-tdci-cyfb-euro-5-fwd-moottori-transit\/#breadcrumb","itemListElement":[{"@type":"ListItem","position":1,"name":"Hjem","item":"https:\/\/aliceblue-termite-662564.hostingersite.com\/"},{"@type":"ListItem","position":2,"name":"Auton varaosat","item":"https:\/\/aliceblue-termite-662564.hostingersite.com\/auton-varaosat\/"},{"@type":"ListItem","position":3,"name":"2.2 TDCI &#8221;CYFB&#8221; Motor [Ford Transit Euro 5]"}]},{"@type":"WebSite","@id":"https:\/\/autopartscenter24.com\/#website","url":"https:\/\/autopartscenter24.com\/","name":"Autopartscenter24","description":"K\u00c4YTETYT JA KUNNOSTETUT  AUTON VARAOSAT","potentialAction":[{"@type":"SearchAction","target":{"@type":"EntryPoint","urlTemplate":"https:\/\/autopartscenter24.com\/?s={search_term_string}"},"query-input":{"@type":"PropertyValueSpecification","valueRequired":true,"valueName":"search_term_string"}}],"inLanguage":"nb-NO"}]}},"_links":{"self":[{"href":"https:\/\/autopartscenter24.com\/no\/wp-json\/wp\/v2\/product\/5711","targetHints":{"allow":["GET"]}}],"collection":[{"href":"https:\/\/autopartscenter24.com\/no\/wp-json\/wp\/v2\/product"}],"about":[{"href":"https:\/\/autopartscenter24.com\/no\/wp-json\/wp\/v2\/types\/product"}],"wp:featuredmedia":[{"embeddable":true,"href":"https:\/\/autopartscenter24.com\/no\/wp-json\/wp\/v2\/media\/4819"}],"wp:attachment":[{"href":"https:\/\/autopartscenter24.com\/no\/wp-json\/wp\/v2\/media?parent=5711"}],"wp:term":[{"taxonomy":"product_brand","embeddable":true,"href":"https:\/\/autopartscenter24.com\/no\/wp-json\/wp\/v2\/product_brand?post=5711"},{"taxonomy":"product_cat","embeddable":true,"href":"https:\/\/autopartscenter24.com\/no\/wp-json\/wp\/v2\/product_cat?post=5711"},{"taxonomy":"product_tag","embeddable":true,"href":"https:\/\/autopartscenter24.com\/no\/wp-json\/wp\/v2\/product_tag?post=5711"}],"curies":[{"name":"wp","href":"https:\/\/api.w.org\/{rel}","templated":true}]}}