{"id":5710,"date":"2023-03-09T22:40:19","date_gmt":"2023-11-30T17:50:21","guid":{"rendered":"https:\/\/autopartscenter24.com\/product\/1-9-ddis-d19aa-motor-suzuki-sx4\/"},"modified":"2023-11-30T18:50:21","modified_gmt":"2023-11-30T17:50:21","slug":"1-9-ddis-d19aa-motor-suzuki-sx4","status":"publish","type":"product","link":"https:\/\/autopartscenter24.com\/no\/auton-varaosat\/1-9-ddis-d19aa-motor-suzuki-sx4\/","title":{"rendered":"1.9 DDIS &laquo;D19AA&raquo; Motor [Suzuki SX4]"},"content":{"rendered":"<p><strong>Suzuki 1.6 DDIS-motoren, ogs\u00e5 kjent under kodenavnet D19AA, er en av de mest popul\u00e6re dieselmotorene fra Suzuki Motor Corporation.<\/strong> Motoren har fire sylindre og to kamaksler. Den yter en effekt p\u00e5 120 hk og et dreiemoment p\u00e5 320 Nm. Motoren bruker et vanlig trykkinnspr\u00f8ytningssystem, som muliggj\u00f8r effektiv drivstoffinnspr\u00f8ytning og forbedrer motorytelsen.<\/p>\n<p>D19AA-motoren er utstyrt med en h\u00f8ytrykkspumpe som produserer n\u00f8dvendig drivstofftrykk. Motorens stempler og veivaksel er laget av h\u00f8ykvalitets st\u00e5l, noe som \u00f8ker holdbarheten til motoren og reduserer behovet for vedlikehold. Motorens turbolader er sv\u00e6rt slitesterk og gir rask akselerasjon og dreiemoment.<\/p>\n<p>Drivstofforbruket til D19AA-motoren er sv\u00e6rt lavt, og den oppfyller Euro 6-utslippsstandardene. Levetiden til motoren er ogs\u00e5 lengre enn mange andre dieselmotorer p\u00e5 grunn av dens h\u00f8ye kvalitet og holdbarhet.<\/p>\n<p>Oppsummert er Suzuki 1.6 DDIS-motoren D19AA en meget kapabel og effektiv dieselmotor som har eksistert i \u00e5revis. Det er en meget p\u00e5litelig motor med mange tekniske l\u00f8sninger for \u00e5 redusere drivstofforbruk og utslipp. D19AA-motoren har blitt brukt i en rekke Suzuki- og Fiat-modeller og har vist seg \u00e5 v\u00e6re en meget dyktig og popul\u00e6r motor.<\/p>\n","protected":false},"excerpt":{"rendered":"<ul>\n<li>Suzuki Vitara (2015-2019)<\/li>\n<\/ul>\n","protected":false},"featured_media":4824,"template":"","meta":[],"product_brand":[],"product_cat":[632],"product_tag":[906],"class_list":{"0":"post-5710","1":"product","2":"type-product","3":"status-publish","4":"has-post-thumbnail","6":"product_cat-suzuki-no","7":"product_tag-sx4-no","8":"pa_varaosan-osasto-motor-no","11":"first","12":"instock","13":"shipping-taxable","14":"product-type-simple"},"yoast_head":"<!-- This site is optimized with the Yoast SEO plugin v26.8 - https:\/\/yoast.com\/product\/yoast-seo-wordpress\/ -->\n<title>1.9 DDIS &quot;D19AA&quot; Motor [Suzuki SX4] - Autopartscenter24<\/title>\n<meta name=\"description\" content=\"En av motorene vi ofte har tilgjengelig. Send en foresp\u00f8rsel og du vil motta et tilbud innen 24 timer. Motorer, girkasser og andre bildeler med garanti.\" \/>\n<meta name=\"robots\" content=\"index, follow, max-snippet:-1, max-image-preview:large, max-video-preview:-1\" \/>\n<link rel=\"canonical\" href=\"https:\/\/autopartscenter24.com\/no\/auton-varaosat\/1-9-ddis-d19aa-moottori-suzuki-sx4\/\" \/>\n<meta property=\"og:locale\" content=\"nb_NO\" \/>\n<meta property=\"og:type\" content=\"article\" \/>\n<meta property=\"og:title\" content=\"1.9 DDIS &quot;D19AA&quot; Motor [Suzuki SX4] - Autopartscenter24\" \/>\n<meta property=\"og:description\" content=\"En av motorene vi ofte har tilgjengelig. Send en foresp\u00f8rsel og du vil motta et tilbud innen 24 timer. Motorer, girkasser og andre bildeler med garanti.\" \/>\n<meta property=\"og:url\" content=\"https:\/\/autopartscenter24.com\/no\/auton-varaosat\/1-9-ddis-d19aa-moottori-suzuki-sx4\/\" \/>\n<meta property=\"og:site_name\" content=\"Autopartscenter24\" \/>\n<meta property=\"og:image\" content=\"https:\/\/autopartscenter24.com\/wp-content\/uploads\/2023\/03\/1-9-ddis-d19aa-moottori-suzuki-sx4.webp\" \/>\n\t<meta property=\"og:image:width\" content=\"800\" \/>\n\t<meta property=\"og:image:height\" content=\"600\" \/>\n\t<meta property=\"og:image:type\" content=\"image\/webp\" \/>\n<meta name=\"twitter:card\" content=\"summary_large_image\" \/>\n<meta name=\"twitter:label1\" content=\"Ansl. lesetid\" \/>\n\t<meta name=\"twitter:data1\" content=\"1 minutt\" \/>\n<script type=\"application\/ld+json\" class=\"yoast-schema-graph\">{\"@context\":\"https:\/\/schema.org\",\"@graph\":[{\"@type\":\"WebPage\",\"@id\":\"https:\/\/autopartscenter24.com\/auton-varaosat\/1-9-ddis-d19aa-moottori-suzuki-sx4\/\",\"url\":\"https:\/\/autopartscenter24.com\/auton-varaosat\/1-9-ddis-d19aa-moottori-suzuki-sx4\/\",\"name\":\"1.9 DDIS \\\"D19AA\\\" Motor [Suzuki SX4] - Autopartscenter24\",\"isPartOf\":{\"@id\":\"https:\/\/autopartscenter24.com\/#website\"},\"primaryImageOfPage\":{\"@id\":\"https:\/\/autopartscenter24.com\/auton-varaosat\/1-9-ddis-d19aa-moottori-suzuki-sx4\/#primaryimage\"},\"image\":{\"@id\":\"https:\/\/autopartscenter24.com\/auton-varaosat\/1-9-ddis-d19aa-moottori-suzuki-sx4\/#primaryimage\"},\"thumbnailUrl\":\"https:\/\/autopartscenter24.com\/wp-content\/uploads\/2023\/03\/1-9-ddis-d19aa-moottori-suzuki-sx4.webp\",\"datePublished\":\"2023-11-30T17:50:21+00:00\",\"description\":\"En av motorene vi ofte har tilgjengelig. Send en foresp\u00f8rsel og du vil motta et tilbud innen 24 timer. Motorer, girkasser og andre bildeler med garanti.\",\"breadcrumb\":{\"@id\":\"https:\/\/autopartscenter24.com\/auton-varaosat\/1-9-ddis-d19aa-moottori-suzuki-sx4\/#breadcrumb\"},\"inLanguage\":\"nb-NO\",\"potentialAction\":[{\"@type\":\"ReadAction\",\"target\":[\"https:\/\/autopartscenter24.com\/auton-varaosat\/1-9-ddis-d19aa-moottori-suzuki-sx4\/\"]}]},{\"@type\":\"ImageObject\",\"inLanguage\":\"nb-NO\",\"@id\":\"https:\/\/autopartscenter24.com\/auton-varaosat\/1-9-ddis-d19aa-moottori-suzuki-sx4\/#primaryimage\",\"url\":\"https:\/\/autopartscenter24.com\/wp-content\/uploads\/2023\/03\/1-9-ddis-d19aa-moottori-suzuki-sx4.webp\",\"contentUrl\":\"https:\/\/autopartscenter24.com\/wp-content\/uploads\/2023\/03\/1-9-ddis-d19aa-moottori-suzuki-sx4.webp\",\"width\":800,\"height\":600},{\"@type\":\"BreadcrumbList\",\"@id\":\"https:\/\/autopartscenter24.com\/auton-varaosat\/1-9-ddis-d19aa-moottori-suzuki-sx4\/#breadcrumb\",\"itemListElement\":[{\"@type\":\"ListItem\",\"position\":1,\"name\":\"Hjem\",\"item\":\"https:\/\/aliceblue-termite-662564.hostingersite.com\/\"},{\"@type\":\"ListItem\",\"position\":2,\"name\":\"Auton varaosat\",\"item\":\"https:\/\/aliceblue-termite-662564.hostingersite.com\/auton-varaosat\/\"},{\"@type\":\"ListItem\",\"position\":3,\"name\":\"1.9 DDIS &#8221;D19AA&#8221; Motor [Suzuki SX4]\"}]},{\"@type\":\"WebSite\",\"@id\":\"https:\/\/autopartscenter24.com\/#website\",\"url\":\"https:\/\/autopartscenter24.com\/\",\"name\":\"Autopartscenter24\",\"description\":\"K\u00c4YTETYT JA KUNNOSTETUT  AUTON VARAOSAT\",\"potentialAction\":[{\"@type\":\"SearchAction\",\"target\":{\"@type\":\"EntryPoint\",\"urlTemplate\":\"https:\/\/autopartscenter24.com\/?s={search_term_string}\"},\"query-input\":{\"@type\":\"PropertyValueSpecification\",\"valueRequired\":true,\"valueName\":\"search_term_string\"}}],\"inLanguage\":\"nb-NO\"}]}<\/script>\n<!-- \/ Yoast SEO plugin. -->","yoast_head_json":{"title":"1.9 DDIS \"D19AA\" Motor [Suzuki SX4] - Autopartscenter24","description":"En av motorene vi ofte har tilgjengelig. Send en foresp\u00f8rsel og du vil motta et tilbud innen 24 timer. Motorer, girkasser og andre bildeler med garanti.","robots":{"index":"index","follow":"follow","max-snippet":"max-snippet:-1","max-image-preview":"max-image-preview:large","max-video-preview":"max-video-preview:-1"},"canonical":"https:\/\/autopartscenter24.com\/no\/auton-varaosat\/1-9-ddis-d19aa-moottori-suzuki-sx4\/","og_locale":"nb_NO","og_type":"article","og_title":"1.9 DDIS \"D19AA\" Motor [Suzuki SX4] - Autopartscenter24","og_description":"En av motorene vi ofte har tilgjengelig. Send en foresp\u00f8rsel og du vil motta et tilbud innen 24 timer. Motorer, girkasser og andre bildeler med garanti.","og_url":"https:\/\/autopartscenter24.com\/no\/auton-varaosat\/1-9-ddis-d19aa-moottori-suzuki-sx4\/","og_site_name":"Autopartscenter24","og_image":[{"width":800,"height":600,"url":"https:\/\/autopartscenter24.com\/wp-content\/uploads\/2023\/03\/1-9-ddis-d19aa-moottori-suzuki-sx4.webp","type":"image\/webp"}],"twitter_card":"summary_large_image","twitter_misc":{"Ansl. lesetid":"1 minutt"},"schema":{"@context":"https:\/\/schema.org","@graph":[{"@type":"WebPage","@id":"https:\/\/autopartscenter24.com\/auton-varaosat\/1-9-ddis-d19aa-moottori-suzuki-sx4\/","url":"https:\/\/autopartscenter24.com\/auton-varaosat\/1-9-ddis-d19aa-moottori-suzuki-sx4\/","name":"1.9 DDIS \"D19AA\" Motor [Suzuki SX4] - Autopartscenter24","isPartOf":{"@id":"https:\/\/autopartscenter24.com\/#website"},"primaryImageOfPage":{"@id":"https:\/\/autopartscenter24.com\/auton-varaosat\/1-9-ddis-d19aa-moottori-suzuki-sx4\/#primaryimage"},"image":{"@id":"https:\/\/autopartscenter24.com\/auton-varaosat\/1-9-ddis-d19aa-moottori-suzuki-sx4\/#primaryimage"},"thumbnailUrl":"https:\/\/autopartscenter24.com\/wp-content\/uploads\/2023\/03\/1-9-ddis-d19aa-moottori-suzuki-sx4.webp","datePublished":"2023-11-30T17:50:21+00:00","description":"En av motorene vi ofte har tilgjengelig. Send en foresp\u00f8rsel og du vil motta et tilbud innen 24 timer. Motorer, girkasser og andre bildeler med garanti.","breadcrumb":{"@id":"https:\/\/autopartscenter24.com\/auton-varaosat\/1-9-ddis-d19aa-moottori-suzuki-sx4\/#breadcrumb"},"inLanguage":"nb-NO","potentialAction":[{"@type":"ReadAction","target":["https:\/\/autopartscenter24.com\/auton-varaosat\/1-9-ddis-d19aa-moottori-suzuki-sx4\/"]}]},{"@type":"ImageObject","inLanguage":"nb-NO","@id":"https:\/\/autopartscenter24.com\/auton-varaosat\/1-9-ddis-d19aa-moottori-suzuki-sx4\/#primaryimage","url":"https:\/\/autopartscenter24.com\/wp-content\/uploads\/2023\/03\/1-9-ddis-d19aa-moottori-suzuki-sx4.webp","contentUrl":"https:\/\/autopartscenter24.com\/wp-content\/uploads\/2023\/03\/1-9-ddis-d19aa-moottori-suzuki-sx4.webp","width":800,"height":600},{"@type":"BreadcrumbList","@id":"https:\/\/autopartscenter24.com\/auton-varaosat\/1-9-ddis-d19aa-moottori-suzuki-sx4\/#breadcrumb","itemListElement":[{"@type":"ListItem","position":1,"name":"Hjem","item":"https:\/\/aliceblue-termite-662564.hostingersite.com\/"},{"@type":"ListItem","position":2,"name":"Auton varaosat","item":"https:\/\/aliceblue-termite-662564.hostingersite.com\/auton-varaosat\/"},{"@type":"ListItem","position":3,"name":"1.9 DDIS &#8221;D19AA&#8221; Motor [Suzuki SX4]"}]},{"@type":"WebSite","@id":"https:\/\/autopartscenter24.com\/#website","url":"https:\/\/autopartscenter24.com\/","name":"Autopartscenter24","description":"K\u00c4YTETYT JA KUNNOSTETUT  AUTON VARAOSAT","potentialAction":[{"@type":"SearchAction","target":{"@type":"EntryPoint","urlTemplate":"https:\/\/autopartscenter24.com\/?s={search_term_string}"},"query-input":{"@type":"PropertyValueSpecification","valueRequired":true,"valueName":"search_term_string"}}],"inLanguage":"nb-NO"}]}},"_links":{"self":[{"href":"https:\/\/autopartscenter24.com\/no\/wp-json\/wp\/v2\/product\/5710","targetHints":{"allow":["GET"]}}],"collection":[{"href":"https:\/\/autopartscenter24.com\/no\/wp-json\/wp\/v2\/product"}],"about":[{"href":"https:\/\/autopartscenter24.com\/no\/wp-json\/wp\/v2\/types\/product"}],"wp:featuredmedia":[{"embeddable":true,"href":"https:\/\/autopartscenter24.com\/no\/wp-json\/wp\/v2\/media\/4824"}],"wp:attachment":[{"href":"https:\/\/autopartscenter24.com\/no\/wp-json\/wp\/v2\/media?parent=5710"}],"wp:term":[{"taxonomy":"product_brand","embeddable":true,"href":"https:\/\/autopartscenter24.com\/no\/wp-json\/wp\/v2\/product_brand?post=5710"},{"taxonomy":"product_cat","embeddable":true,"href":"https:\/\/autopartscenter24.com\/no\/wp-json\/wp\/v2\/product_cat?post=5710"},{"taxonomy":"product_tag","embeddable":true,"href":"https:\/\/autopartscenter24.com\/no\/wp-json\/wp\/v2\/product_tag?post=5710"}],"curies":[{"name":"wp","href":"https:\/\/api.w.org\/{rel}","templated":true}]}}