{"id":5709,"date":"2023-03-09T22:44:19","date_gmt":"2023-11-30T17:48:51","guid":{"rendered":"https:\/\/autopartscenter24.com\/product\/1-4-hdi-8hr-motor-citroen-c2-c3-peugeot-206-207\/"},"modified":"2023-11-30T18:48:51","modified_gmt":"2023-11-30T17:48:51","slug":"1-4-hdi-8hr-motor-citroen-c2-c3-peugeot-206-207","status":"publish","type":"product","link":"https:\/\/autopartscenter24.com\/no\/auton-varaosat\/1-4-hdi-8hr-motor-citroen-c2-c3-peugeot-206-207\/","title":{"rendered":"1.4 HDI &laquo;8HR&raquo; Motor [Citroen C2, C3, Peugeot 206, 207]"},"content":{"rendered":"<p><strong>1.4 HDI-motoren, ogs\u00e5 kjent under kodenavnet 8HR, er en av PSA Groups mest popul\u00e6re dieselmotorer.<\/strong> Motoren har fire sylindre og to kamaksler. Den yter en effekt p\u00e5 68 hk og et dreiemoment p\u00e5 160 Nm. Motoren bruker et vanlig trykkinnspr\u00f8ytningssystem, som muliggj\u00f8r effektiv drivstoffinnspr\u00f8ytning og forbedrer motorytelsen.<\/p>\n<p>8HR-motoren er utstyrt med en h\u00f8ytrykkspumpe som produserer n\u00f8dvendig drivstofftrykk. Motorens stempler og veivaksel er laget av h\u00f8ykvalitets st\u00e5l, noe som \u00f8ker holdbarheten til motoren og reduserer behovet for vedlikehold. Motorens turbolader er sv\u00e6rt slitesterk og gir rask akselerasjon og dreiemoment.<\/p>\n<p>Drivstofforbruket til 8HR-motoren er sv\u00e6rt lavt, og den oppfyller Euro 6-utslippsstandardene. Levetiden til motoren er ogs\u00e5 lengre enn mange andre dieselmotorer p\u00e5 grunn av dens h\u00f8ye kvalitet og holdbarhet.<\/p>\n<p>Oppsummert er 1,4 HDI-motoren 8HR en meget kapabel og effektiv dieselmotor som har eksistert i \u00e5revis. Det er en meget p\u00e5litelig motor med mange tekniske l\u00f8sninger for \u00e5 redusere drivstofforbruk og utslipp. 8HR-motoren har blitt brukt i en rekke Citroen- og Peugeot-modeller og har vist seg \u00e5 v\u00e6re en meget dyktig og popul\u00e6r motor.<\/p>\n","protected":false},"excerpt":{"rendered":"<p>Bilmerker og modeller der 8HR-motoren brukes:<\/p>\n<ul>\n<li>Citroen C2 (2003-2010)<\/li>\n<li>Citroen C3 (2002-2009)<\/li>\n<li>Peugeot 206 (1998-2010)<\/li>\n<li>Peugeot 207 (2006-2014)<\/li>\n<\/ul>\n","protected":false},"featured_media":4829,"template":"","meta":[],"product_brand":[],"product_cat":[548,612],"product_tag":[795,796,824,825],"class_list":{"0":"post-5709","1":"product","2":"type-product","3":"status-publish","4":"has-post-thumbnail","6":"product_cat-citroen-no","7":"product_cat-peugeot-no","8":"product_tag-206-no","9":"product_tag-207-no","10":"product_tag-c2-no","11":"product_tag-c3-no","12":"pa_varaosan-osasto-motor-no","15":"first","16":"instock","17":"shipping-taxable","18":"product-type-simple"},"yoast_head":"<!-- This site is optimized with the Yoast SEO plugin v26.8 - https:\/\/yoast.com\/product\/yoast-seo-wordpress\/ -->\n<title>1.4 HDI &quot;8HR&quot; Motor [Citroen C2, C3, Peugeot 206, 207]<\/title>\n<meta name=\"description\" content=\"En av motorene vi ofte har tilgjengelig. Send en foresp\u00f8rsel og du vil motta et tilbud innen 24 timer. Motorer, girkasser og andre bildeler med garanti.\" \/>\n<meta name=\"robots\" content=\"index, follow, max-snippet:-1, max-image-preview:large, max-video-preview:-1\" \/>\n<link rel=\"canonical\" href=\"https:\/\/autopartscenter24.com\/no\/auton-varaosat\/1-4-hdi-8hr-moottori-citroen-c3-ii-ds3-peugeot-207\/\" \/>\n<meta property=\"og:locale\" content=\"nb_NO\" \/>\n<meta property=\"og:type\" content=\"article\" \/>\n<meta property=\"og:title\" content=\"1.4 HDI &quot;8HR&quot; Motor [Citroen C2, C3, Peugeot 206, 207]\" \/>\n<meta property=\"og:description\" content=\"En av motorene vi ofte har tilgjengelig. Send en foresp\u00f8rsel og du vil motta et tilbud innen 24 timer. Motorer, girkasser og andre bildeler med garanti.\" \/>\n<meta property=\"og:url\" content=\"https:\/\/autopartscenter24.com\/no\/auton-varaosat\/1-4-hdi-8hr-moottori-citroen-c3-ii-ds3-peugeot-207\/\" \/>\n<meta property=\"og:site_name\" content=\"Autopartscenter24\" \/>\n<meta property=\"og:image\" content=\"https:\/\/autopartscenter24.com\/wp-content\/uploads\/2023\/03\/1-4-hdi-8hr-moottori-citroen-c3-ii-ds3-peugeot-207.webp\" \/>\n\t<meta property=\"og:image:width\" content=\"800\" \/>\n\t<meta property=\"og:image:height\" content=\"600\" \/>\n\t<meta property=\"og:image:type\" content=\"image\/webp\" \/>\n<meta name=\"twitter:card\" content=\"summary_large_image\" \/>\n<meta name=\"twitter:label1\" content=\"Ansl. lesetid\" \/>\n\t<meta name=\"twitter:data1\" content=\"1 minutt\" \/>\n<script type=\"application\/ld+json\" class=\"yoast-schema-graph\">{\"@context\":\"https:\/\/schema.org\",\"@graph\":[{\"@type\":\"WebPage\",\"@id\":\"https:\/\/autopartscenter24.com\/auton-varaosat\/1-4-hdi-8hr-moottori-citroen-c3-ii-ds3-peugeot-207\/\",\"url\":\"https:\/\/autopartscenter24.com\/auton-varaosat\/1-4-hdi-8hr-moottori-citroen-c3-ii-ds3-peugeot-207\/\",\"name\":\"1.4 HDI \\\"8HR\\\" Motor [Citroen C2, C3, Peugeot 206, 207]\",\"isPartOf\":{\"@id\":\"https:\/\/autopartscenter24.com\/#website\"},\"primaryImageOfPage\":{\"@id\":\"https:\/\/autopartscenter24.com\/auton-varaosat\/1-4-hdi-8hr-moottori-citroen-c3-ii-ds3-peugeot-207\/#primaryimage\"},\"image\":{\"@id\":\"https:\/\/autopartscenter24.com\/auton-varaosat\/1-4-hdi-8hr-moottori-citroen-c3-ii-ds3-peugeot-207\/#primaryimage\"},\"thumbnailUrl\":\"https:\/\/autopartscenter24.com\/wp-content\/uploads\/2023\/03\/1-4-hdi-8hr-moottori-citroen-c3-ii-ds3-peugeot-207.webp\",\"datePublished\":\"2023-11-30T17:48:51+00:00\",\"description\":\"En av motorene vi ofte har tilgjengelig. Send en foresp\u00f8rsel og du vil motta et tilbud innen 24 timer. Motorer, girkasser og andre bildeler med garanti.\",\"breadcrumb\":{\"@id\":\"https:\/\/autopartscenter24.com\/auton-varaosat\/1-4-hdi-8hr-moottori-citroen-c3-ii-ds3-peugeot-207\/#breadcrumb\"},\"inLanguage\":\"nb-NO\",\"potentialAction\":[{\"@type\":\"ReadAction\",\"target\":[\"https:\/\/autopartscenter24.com\/auton-varaosat\/1-4-hdi-8hr-moottori-citroen-c3-ii-ds3-peugeot-207\/\"]}]},{\"@type\":\"ImageObject\",\"inLanguage\":\"nb-NO\",\"@id\":\"https:\/\/autopartscenter24.com\/auton-varaosat\/1-4-hdi-8hr-moottori-citroen-c3-ii-ds3-peugeot-207\/#primaryimage\",\"url\":\"https:\/\/autopartscenter24.com\/wp-content\/uploads\/2023\/03\/1-4-hdi-8hr-moottori-citroen-c3-ii-ds3-peugeot-207.webp\",\"contentUrl\":\"https:\/\/autopartscenter24.com\/wp-content\/uploads\/2023\/03\/1-4-hdi-8hr-moottori-citroen-c3-ii-ds3-peugeot-207.webp\",\"width\":800,\"height\":600},{\"@type\":\"BreadcrumbList\",\"@id\":\"https:\/\/autopartscenter24.com\/auton-varaosat\/1-4-hdi-8hr-moottori-citroen-c3-ii-ds3-peugeot-207\/#breadcrumb\",\"itemListElement\":[{\"@type\":\"ListItem\",\"position\":1,\"name\":\"Hjem\",\"item\":\"https:\/\/aliceblue-termite-662564.hostingersite.com\/\"},{\"@type\":\"ListItem\",\"position\":2,\"name\":\"Auton varaosat\",\"item\":\"https:\/\/aliceblue-termite-662564.hostingersite.com\/auton-varaosat\/\"},{\"@type\":\"ListItem\",\"position\":3,\"name\":\"1.4 HDI &#8221;8HR&#8221; Motor [Citroen C2, C3, Peugeot 206, 207]\"}]},{\"@type\":\"WebSite\",\"@id\":\"https:\/\/autopartscenter24.com\/#website\",\"url\":\"https:\/\/autopartscenter24.com\/\",\"name\":\"Autopartscenter24\",\"description\":\"K\u00c4YTETYT JA KUNNOSTETUT  AUTON VARAOSAT\",\"potentialAction\":[{\"@type\":\"SearchAction\",\"target\":{\"@type\":\"EntryPoint\",\"urlTemplate\":\"https:\/\/autopartscenter24.com\/?s={search_term_string}\"},\"query-input\":{\"@type\":\"PropertyValueSpecification\",\"valueRequired\":true,\"valueName\":\"search_term_string\"}}],\"inLanguage\":\"nb-NO\"}]}<\/script>\n<!-- \/ Yoast SEO plugin. -->","yoast_head_json":{"title":"1.4 HDI \"8HR\" Motor [Citroen C2, C3, Peugeot 206, 207]","description":"En av motorene vi ofte har tilgjengelig. Send en foresp\u00f8rsel og du vil motta et tilbud innen 24 timer. Motorer, girkasser og andre bildeler med garanti.","robots":{"index":"index","follow":"follow","max-snippet":"max-snippet:-1","max-image-preview":"max-image-preview:large","max-video-preview":"max-video-preview:-1"},"canonical":"https:\/\/autopartscenter24.com\/no\/auton-varaosat\/1-4-hdi-8hr-moottori-citroen-c3-ii-ds3-peugeot-207\/","og_locale":"nb_NO","og_type":"article","og_title":"1.4 HDI \"8HR\" Motor [Citroen C2, C3, Peugeot 206, 207]","og_description":"En av motorene vi ofte har tilgjengelig. Send en foresp\u00f8rsel og du vil motta et tilbud innen 24 timer. Motorer, girkasser og andre bildeler med garanti.","og_url":"https:\/\/autopartscenter24.com\/no\/auton-varaosat\/1-4-hdi-8hr-moottori-citroen-c3-ii-ds3-peugeot-207\/","og_site_name":"Autopartscenter24","og_image":[{"width":800,"height":600,"url":"https:\/\/autopartscenter24.com\/wp-content\/uploads\/2023\/03\/1-4-hdi-8hr-moottori-citroen-c3-ii-ds3-peugeot-207.webp","type":"image\/webp"}],"twitter_card":"summary_large_image","twitter_misc":{"Ansl. lesetid":"1 minutt"},"schema":{"@context":"https:\/\/schema.org","@graph":[{"@type":"WebPage","@id":"https:\/\/autopartscenter24.com\/auton-varaosat\/1-4-hdi-8hr-moottori-citroen-c3-ii-ds3-peugeot-207\/","url":"https:\/\/autopartscenter24.com\/auton-varaosat\/1-4-hdi-8hr-moottori-citroen-c3-ii-ds3-peugeot-207\/","name":"1.4 HDI \"8HR\" Motor [Citroen C2, C3, Peugeot 206, 207]","isPartOf":{"@id":"https:\/\/autopartscenter24.com\/#website"},"primaryImageOfPage":{"@id":"https:\/\/autopartscenter24.com\/auton-varaosat\/1-4-hdi-8hr-moottori-citroen-c3-ii-ds3-peugeot-207\/#primaryimage"},"image":{"@id":"https:\/\/autopartscenter24.com\/auton-varaosat\/1-4-hdi-8hr-moottori-citroen-c3-ii-ds3-peugeot-207\/#primaryimage"},"thumbnailUrl":"https:\/\/autopartscenter24.com\/wp-content\/uploads\/2023\/03\/1-4-hdi-8hr-moottori-citroen-c3-ii-ds3-peugeot-207.webp","datePublished":"2023-11-30T17:48:51+00:00","description":"En av motorene vi ofte har tilgjengelig. Send en foresp\u00f8rsel og du vil motta et tilbud innen 24 timer. Motorer, girkasser og andre bildeler med garanti.","breadcrumb":{"@id":"https:\/\/autopartscenter24.com\/auton-varaosat\/1-4-hdi-8hr-moottori-citroen-c3-ii-ds3-peugeot-207\/#breadcrumb"},"inLanguage":"nb-NO","potentialAction":[{"@type":"ReadAction","target":["https:\/\/autopartscenter24.com\/auton-varaosat\/1-4-hdi-8hr-moottori-citroen-c3-ii-ds3-peugeot-207\/"]}]},{"@type":"ImageObject","inLanguage":"nb-NO","@id":"https:\/\/autopartscenter24.com\/auton-varaosat\/1-4-hdi-8hr-moottori-citroen-c3-ii-ds3-peugeot-207\/#primaryimage","url":"https:\/\/autopartscenter24.com\/wp-content\/uploads\/2023\/03\/1-4-hdi-8hr-moottori-citroen-c3-ii-ds3-peugeot-207.webp","contentUrl":"https:\/\/autopartscenter24.com\/wp-content\/uploads\/2023\/03\/1-4-hdi-8hr-moottori-citroen-c3-ii-ds3-peugeot-207.webp","width":800,"height":600},{"@type":"BreadcrumbList","@id":"https:\/\/autopartscenter24.com\/auton-varaosat\/1-4-hdi-8hr-moottori-citroen-c3-ii-ds3-peugeot-207\/#breadcrumb","itemListElement":[{"@type":"ListItem","position":1,"name":"Hjem","item":"https:\/\/aliceblue-termite-662564.hostingersite.com\/"},{"@type":"ListItem","position":2,"name":"Auton varaosat","item":"https:\/\/aliceblue-termite-662564.hostingersite.com\/auton-varaosat\/"},{"@type":"ListItem","position":3,"name":"1.4 HDI &#8221;8HR&#8221; Motor [Citroen C2, C3, Peugeot 206, 207]"}]},{"@type":"WebSite","@id":"https:\/\/autopartscenter24.com\/#website","url":"https:\/\/autopartscenter24.com\/","name":"Autopartscenter24","description":"K\u00c4YTETYT JA KUNNOSTETUT  AUTON VARAOSAT","potentialAction":[{"@type":"SearchAction","target":{"@type":"EntryPoint","urlTemplate":"https:\/\/autopartscenter24.com\/?s={search_term_string}"},"query-input":{"@type":"PropertyValueSpecification","valueRequired":true,"valueName":"search_term_string"}}],"inLanguage":"nb-NO"}]}},"_links":{"self":[{"href":"https:\/\/autopartscenter24.com\/no\/wp-json\/wp\/v2\/product\/5709","targetHints":{"allow":["GET"]}}],"collection":[{"href":"https:\/\/autopartscenter24.com\/no\/wp-json\/wp\/v2\/product"}],"about":[{"href":"https:\/\/autopartscenter24.com\/no\/wp-json\/wp\/v2\/types\/product"}],"wp:featuredmedia":[{"embeddable":true,"href":"https:\/\/autopartscenter24.com\/no\/wp-json\/wp\/v2\/media\/4829"}],"wp:attachment":[{"href":"https:\/\/autopartscenter24.com\/no\/wp-json\/wp\/v2\/media?parent=5709"}],"wp:term":[{"taxonomy":"product_brand","embeddable":true,"href":"https:\/\/autopartscenter24.com\/no\/wp-json\/wp\/v2\/product_brand?post=5709"},{"taxonomy":"product_cat","embeddable":true,"href":"https:\/\/autopartscenter24.com\/no\/wp-json\/wp\/v2\/product_cat?post=5709"},{"taxonomy":"product_tag","embeddable":true,"href":"https:\/\/autopartscenter24.com\/no\/wp-json\/wp\/v2\/product_tag?post=5709"}],"curies":[{"name":"wp","href":"https:\/\/api.w.org\/{rel}","templated":true}]}}