{"id":5707,"date":"2023-03-09T22:59:21","date_gmt":"2023-11-30T17:42:56","guid":{"rendered":"https:\/\/autopartscenter24.com\/product\/2-0-crd-bwd-motor-dodge-journey-jeep-compass\/"},"modified":"2023-11-30T18:42:56","modified_gmt":"2023-11-30T17:42:56","slug":"2-0-crd-bwd-motor-dodge-journey-jeep-compass","status":"publish","type":"product","link":"https:\/\/autopartscenter24.com\/no\/auton-varaosat\/2-0-crd-bwd-motor-dodge-journey-jeep-compass\/","title":{"rendered":"2.0 CRD &laquo;BWD&raquo; Motor [Dodge Journey, Jeep Compass]"},"content":{"rendered":"<p><strong>2.0 CRD-motoren, ogs\u00e5 kjent under kodenavnet BWD<\/strong>, er en lettvektsmotor designet for \u00e5 levere utmerket ytelse og drivstoffeffektivitet. Motoren er utstyrt med fire sylindre og yter en effekt p\u00e5 140 hk og et dreiemoment p\u00e5 350 Nm. Motoren er utstyrt med turbolader, som muliggj\u00f8r rask akselerasjon og vridning. Motoren har ogs\u00e5 et flerpunktsinjeksjonssystem som muliggj\u00f8r effektiv drivstoffinnspr\u00f8ytning og dermed forbedrer motorytelsen.   <\/p>\n<p>BWD-motoren er laget av materialer av h\u00f8y kvalitet, noe som gj\u00f8r den meget slitesterk og reduserer behovet for vedlikehold. Motorens drivstofforbruk er sv\u00e6rt lavt, noe som skyldes dens effektive drivstoff\u00f8konomi og flerpunktsinjeksjonssystem. Levetiden til motoren er ogs\u00e5 lengre enn mange andre lette motorer, noe som skyldes dens h\u00f8ye kvalitet og holdbarhet.  <\/p>\n<p>BWD-motoren har v\u00e6rt et popul\u00e6rt valg i amerikanske biler, og dens effektivitet og holdbarhet har gjort den til et popul\u00e6rt valg. Motoren har ogs\u00e5 vist seg \u00e5 v\u00e6re p\u00e5litelig, noe som er viktig spesielt n\u00e5r du bruker bilen over lange avstander eller transporterer tung last. Oppsummert er 2.0 CRD-motoren BWD en sv\u00e6rt effektiv og slitesterk lettvektsmotor som har v\u00e6rt et popul\u00e6rt valg i mange amerikanske biler. Motorens tekniske l\u00f8sninger og materialer av h\u00f8y kvalitet har gjort den til et meget p\u00e5litelig og langvarig alternativ. <\/p>\n","protected":false},"excerpt":{"rendered":"<p>Bilmerker og modeller med BWD-motor:<\/p>\n<ul>\n<li>Chrysler Sebring (2007-2010)<\/li>\n<li>Dodge Avenger (2007-2010)<\/li>\n<li>Jeep Compass (2007-2010)<\/li>\n<li>Jeep Patriot (2007-2010)<\/li>\n<\/ul>\n","protected":false},"featured_media":4839,"template":"","meta":[],"product_brand":[],"product_cat":[556,576],"product_tag":[818,844,873,909],"class_list":{"0":"post-5707","1":"product","2":"type-product","3":"status-publish","4":"has-post-thumbnail","6":"product_cat-dodge-no","7":"product_cat-jeep-no","8":"product_tag-avenger-no","9":"product_tag-compass-no","10":"product_tag-journey-no","11":"product_tag-sebring-no","12":"pa_varaosan-osasto-motor-no","15":"first","16":"instock","17":"shipping-taxable","18":"product-type-simple"},"yoast_head":"<!-- This site is optimized with the Yoast SEO plugin v26.8 - https:\/\/yoast.com\/product\/yoast-seo-wordpress\/ -->\n<title>2.0 CRD &quot;BWD&quot; Motor [Dodge Journey, Jeep Compass]<\/title>\n<meta name=\"description\" content=\"En av motorene vi ofte har tilgjengelig. Send en foresp\u00f8rsel og du vil motta et tilbud innen 24 timer. Motorer, girkasser og andre bildeler med garanti.\" \/>\n<meta name=\"robots\" content=\"index, follow, max-snippet:-1, max-image-preview:large, max-video-preview:-1\" \/>\n<link rel=\"canonical\" href=\"https:\/\/autopartscenter24.com\/no\/auton-varaosat\/1-4-m-282914-moottori-mb-w177-w247\/\" \/>\n<meta property=\"og:locale\" content=\"nb_NO\" \/>\n<meta property=\"og:type\" content=\"article\" \/>\n<meta property=\"og:title\" content=\"2.0 CRD &quot;BWD&quot; Motor [Dodge Journey, Jeep Compass]\" \/>\n<meta property=\"og:description\" content=\"En av motorene vi ofte har tilgjengelig. Send en foresp\u00f8rsel og du vil motta et tilbud innen 24 timer. Motorer, girkasser og andre bildeler med garanti.\" \/>\n<meta property=\"og:url\" content=\"https:\/\/autopartscenter24.com\/no\/auton-varaosat\/1-4-m-282914-moottori-mb-w177-w247\/\" \/>\n<meta property=\"og:site_name\" content=\"Autopartscenter24\" \/>\n<meta property=\"og:image\" content=\"https:\/\/autopartscenter24.com\/wp-content\/uploads\/2023\/03\/2-0-crd-bwd-moottori-dodge-journey-jeep-compass.webp\" \/>\n\t<meta property=\"og:image:width\" content=\"800\" \/>\n\t<meta property=\"og:image:height\" content=\"600\" \/>\n\t<meta property=\"og:image:type\" content=\"image\/webp\" \/>\n<meta name=\"twitter:card\" content=\"summary_large_image\" \/>\n<meta name=\"twitter:label1\" content=\"Ansl. lesetid\" \/>\n\t<meta name=\"twitter:data1\" content=\"1 minutt\" \/>\n<script type=\"application\/ld+json\" class=\"yoast-schema-graph\">{\"@context\":\"https:\/\/schema.org\",\"@graph\":[{\"@type\":\"WebPage\",\"@id\":\"https:\/\/autopartscenter24.com\/auton-varaosat\/1-4-m-282914-moottori-mb-w177-w247\/\",\"url\":\"https:\/\/autopartscenter24.com\/auton-varaosat\/1-4-m-282914-moottori-mb-w177-w247\/\",\"name\":\"2.0 CRD \\\"BWD\\\" Motor [Dodge Journey, Jeep Compass]\",\"isPartOf\":{\"@id\":\"https:\/\/autopartscenter24.com\/#website\"},\"primaryImageOfPage\":{\"@id\":\"https:\/\/autopartscenter24.com\/auton-varaosat\/1-4-m-282914-moottori-mb-w177-w247\/#primaryimage\"},\"image\":{\"@id\":\"https:\/\/autopartscenter24.com\/auton-varaosat\/1-4-m-282914-moottori-mb-w177-w247\/#primaryimage\"},\"thumbnailUrl\":\"https:\/\/autopartscenter24.com\/wp-content\/uploads\/2023\/03\/2-0-crd-bwd-moottori-dodge-journey-jeep-compass.webp\",\"datePublished\":\"2023-11-30T17:42:56+00:00\",\"description\":\"En av motorene vi ofte har tilgjengelig. Send en foresp\u00f8rsel og du vil motta et tilbud innen 24 timer. Motorer, girkasser og andre bildeler med garanti.\",\"breadcrumb\":{\"@id\":\"https:\/\/autopartscenter24.com\/auton-varaosat\/1-4-m-282914-moottori-mb-w177-w247\/#breadcrumb\"},\"inLanguage\":\"nb-NO\",\"potentialAction\":[{\"@type\":\"ReadAction\",\"target\":[\"https:\/\/autopartscenter24.com\/auton-varaosat\/1-4-m-282914-moottori-mb-w177-w247\/\"]}]},{\"@type\":\"ImageObject\",\"inLanguage\":\"nb-NO\",\"@id\":\"https:\/\/autopartscenter24.com\/auton-varaosat\/1-4-m-282914-moottori-mb-w177-w247\/#primaryimage\",\"url\":\"https:\/\/autopartscenter24.com\/wp-content\/uploads\/2023\/03\/2-0-crd-bwd-moottori-dodge-journey-jeep-compass.webp\",\"contentUrl\":\"https:\/\/autopartscenter24.com\/wp-content\/uploads\/2023\/03\/2-0-crd-bwd-moottori-dodge-journey-jeep-compass.webp\",\"width\":800,\"height\":600},{\"@type\":\"BreadcrumbList\",\"@id\":\"https:\/\/autopartscenter24.com\/auton-varaosat\/1-4-m-282914-moottori-mb-w177-w247\/#breadcrumb\",\"itemListElement\":[{\"@type\":\"ListItem\",\"position\":1,\"name\":\"Hjem\",\"item\":\"https:\/\/aliceblue-termite-662564.hostingersite.com\/\"},{\"@type\":\"ListItem\",\"position\":2,\"name\":\"Auton varaosat\",\"item\":\"https:\/\/aliceblue-termite-662564.hostingersite.com\/auton-varaosat\/\"},{\"@type\":\"ListItem\",\"position\":3,\"name\":\"2.0 CRD &#8221;BWD&#8221; Motor [Dodge Journey, Jeep Compass]\"}]},{\"@type\":\"WebSite\",\"@id\":\"https:\/\/autopartscenter24.com\/#website\",\"url\":\"https:\/\/autopartscenter24.com\/\",\"name\":\"Autopartscenter24\",\"description\":\"K\u00c4YTETYT JA KUNNOSTETUT  AUTON VARAOSAT\",\"potentialAction\":[{\"@type\":\"SearchAction\",\"target\":{\"@type\":\"EntryPoint\",\"urlTemplate\":\"https:\/\/autopartscenter24.com\/?s={search_term_string}\"},\"query-input\":{\"@type\":\"PropertyValueSpecification\",\"valueRequired\":true,\"valueName\":\"search_term_string\"}}],\"inLanguage\":\"nb-NO\"}]}<\/script>\n<!-- \/ Yoast SEO plugin. -->","yoast_head_json":{"title":"2.0 CRD \"BWD\" Motor [Dodge Journey, Jeep Compass]","description":"En av motorene vi ofte har tilgjengelig. Send en foresp\u00f8rsel og du vil motta et tilbud innen 24 timer. Motorer, girkasser og andre bildeler med garanti.","robots":{"index":"index","follow":"follow","max-snippet":"max-snippet:-1","max-image-preview":"max-image-preview:large","max-video-preview":"max-video-preview:-1"},"canonical":"https:\/\/autopartscenter24.com\/no\/auton-varaosat\/1-4-m-282914-moottori-mb-w177-w247\/","og_locale":"nb_NO","og_type":"article","og_title":"2.0 CRD \"BWD\" Motor [Dodge Journey, Jeep Compass]","og_description":"En av motorene vi ofte har tilgjengelig. Send en foresp\u00f8rsel og du vil motta et tilbud innen 24 timer. Motorer, girkasser og andre bildeler med garanti.","og_url":"https:\/\/autopartscenter24.com\/no\/auton-varaosat\/1-4-m-282914-moottori-mb-w177-w247\/","og_site_name":"Autopartscenter24","og_image":[{"width":800,"height":600,"url":"https:\/\/autopartscenter24.com\/wp-content\/uploads\/2023\/03\/2-0-crd-bwd-moottori-dodge-journey-jeep-compass.webp","type":"image\/webp"}],"twitter_card":"summary_large_image","twitter_misc":{"Ansl. lesetid":"1 minutt"},"schema":{"@context":"https:\/\/schema.org","@graph":[{"@type":"WebPage","@id":"https:\/\/autopartscenter24.com\/auton-varaosat\/1-4-m-282914-moottori-mb-w177-w247\/","url":"https:\/\/autopartscenter24.com\/auton-varaosat\/1-4-m-282914-moottori-mb-w177-w247\/","name":"2.0 CRD \"BWD\" Motor [Dodge Journey, Jeep Compass]","isPartOf":{"@id":"https:\/\/autopartscenter24.com\/#website"},"primaryImageOfPage":{"@id":"https:\/\/autopartscenter24.com\/auton-varaosat\/1-4-m-282914-moottori-mb-w177-w247\/#primaryimage"},"image":{"@id":"https:\/\/autopartscenter24.com\/auton-varaosat\/1-4-m-282914-moottori-mb-w177-w247\/#primaryimage"},"thumbnailUrl":"https:\/\/autopartscenter24.com\/wp-content\/uploads\/2023\/03\/2-0-crd-bwd-moottori-dodge-journey-jeep-compass.webp","datePublished":"2023-11-30T17:42:56+00:00","description":"En av motorene vi ofte har tilgjengelig. Send en foresp\u00f8rsel og du vil motta et tilbud innen 24 timer. Motorer, girkasser og andre bildeler med garanti.","breadcrumb":{"@id":"https:\/\/autopartscenter24.com\/auton-varaosat\/1-4-m-282914-moottori-mb-w177-w247\/#breadcrumb"},"inLanguage":"nb-NO","potentialAction":[{"@type":"ReadAction","target":["https:\/\/autopartscenter24.com\/auton-varaosat\/1-4-m-282914-moottori-mb-w177-w247\/"]}]},{"@type":"ImageObject","inLanguage":"nb-NO","@id":"https:\/\/autopartscenter24.com\/auton-varaosat\/1-4-m-282914-moottori-mb-w177-w247\/#primaryimage","url":"https:\/\/autopartscenter24.com\/wp-content\/uploads\/2023\/03\/2-0-crd-bwd-moottori-dodge-journey-jeep-compass.webp","contentUrl":"https:\/\/autopartscenter24.com\/wp-content\/uploads\/2023\/03\/2-0-crd-bwd-moottori-dodge-journey-jeep-compass.webp","width":800,"height":600},{"@type":"BreadcrumbList","@id":"https:\/\/autopartscenter24.com\/auton-varaosat\/1-4-m-282914-moottori-mb-w177-w247\/#breadcrumb","itemListElement":[{"@type":"ListItem","position":1,"name":"Hjem","item":"https:\/\/aliceblue-termite-662564.hostingersite.com\/"},{"@type":"ListItem","position":2,"name":"Auton varaosat","item":"https:\/\/aliceblue-termite-662564.hostingersite.com\/auton-varaosat\/"},{"@type":"ListItem","position":3,"name":"2.0 CRD &#8221;BWD&#8221; Motor [Dodge Journey, Jeep Compass]"}]},{"@type":"WebSite","@id":"https:\/\/autopartscenter24.com\/#website","url":"https:\/\/autopartscenter24.com\/","name":"Autopartscenter24","description":"K\u00c4YTETYT JA KUNNOSTETUT  AUTON VARAOSAT","potentialAction":[{"@type":"SearchAction","target":{"@type":"EntryPoint","urlTemplate":"https:\/\/autopartscenter24.com\/?s={search_term_string}"},"query-input":{"@type":"PropertyValueSpecification","valueRequired":true,"valueName":"search_term_string"}}],"inLanguage":"nb-NO"}]}},"_links":{"self":[{"href":"https:\/\/autopartscenter24.com\/no\/wp-json\/wp\/v2\/product\/5707","targetHints":{"allow":["GET"]}}],"collection":[{"href":"https:\/\/autopartscenter24.com\/no\/wp-json\/wp\/v2\/product"}],"about":[{"href":"https:\/\/autopartscenter24.com\/no\/wp-json\/wp\/v2\/types\/product"}],"wp:featuredmedia":[{"embeddable":true,"href":"https:\/\/autopartscenter24.com\/no\/wp-json\/wp\/v2\/media\/4839"}],"wp:attachment":[{"href":"https:\/\/autopartscenter24.com\/no\/wp-json\/wp\/v2\/media?parent=5707"}],"wp:term":[{"taxonomy":"product_brand","embeddable":true,"href":"https:\/\/autopartscenter24.com\/no\/wp-json\/wp\/v2\/product_brand?post=5707"},{"taxonomy":"product_cat","embeddable":true,"href":"https:\/\/autopartscenter24.com\/no\/wp-json\/wp\/v2\/product_cat?post=5707"},{"taxonomy":"product_tag","embeddable":true,"href":"https:\/\/autopartscenter24.com\/no\/wp-json\/wp\/v2\/product_tag?post=5707"}],"curies":[{"name":"wp","href":"https:\/\/api.w.org\/{rel}","templated":true}]}}