{"id":4042,"date":"2023-02-10T18:48:02","date_gmt":"2023-03-07T21:35:04","guid":{"rendered":"https:\/\/autopartscenter24.com\/auton-varaosat\/1-6-tdi-cay-motor-f-eks-vw-golf-passat-touran-audi-a1-a3-q3-skoda-octavia-yeti-seat-altea-exeo\/"},"modified":"2023-12-02T20:12:02","modified_gmt":"2023-12-02T19:12:02","slug":"1-6-tdi-cay-motor-f-eks-vw-golf-passat-touran-audi-a1-a3-q3-skoda-octavia-yeti-seat-altea-exeo","status":"publish","type":"product","link":"https:\/\/autopartscenter24.com\/no\/auton-varaosat\/1-6-tdi-cay-motor-f-eks-vw-golf-passat-touran-audi-a1-a3-q3-skoda-octavia-yeti-seat-altea-exeo\/","title":{"rendered":"1.6 TDI &laquo;CAY&raquo; motor [f.eks. Golf, Passat, Touran, Octavia, Altea]"},"content":{"rendered":"<p><span style=\"color: #000000;\"><strong>1,6 TDI-motoren (motorkode: CAY)<\/strong> produsert av Volkswagen er en 4-sylindret dieselmotor. Med et slagvolum p\u00e5 1,6 liter og <\/span><span style=\"color: #000000;\">Designet med en 16-ventils DOHC-konfigurasjon, er CAY-motoren beregnet for kompakte kj\u00f8ret\u00f8y og tilbyr en balanse mellom ytelse og drivstoffeffektivitet.<\/span><\/p>\n<p><span style=\"color: #000000;\">Motoren er utstyrt med et drivstoffsystem med direkte innspr\u00f8ytning og Bosch EDC16 motorstyring, som forbedrer drivstoff\u00f8konomien og reduserer utslipp. Effektomr\u00e5det varierer fra 81 til 103 kW og dreiemoment fra 250 til 320 Nm, noe som gj\u00f8r den egnet for kj\u00f8ret\u00f8y som krever lav til middels effekt.<\/span><\/p>\n<p><span style=\"color: #000000;\">1.6 TDI CAY-motoren bruker et lett motorhus i aluminium og kan kobles til enten en 5-trinns manuell girkasse eller en 6-trinns automatgir. Motoren er designet for \u00e5 v\u00e6re drivstoffeffektiv, med et drivstofforbruk p\u00e5 typisk mellom 4,5 og 5,0 liter per 100 km.<\/span><\/p>\n<p><span style=\"color: #000000;\">Teknisk sett har 1,6 TDI CAY-motoren et kompresjonsforhold p\u00e5 16,5:1, noe som bidrar til \u00e5 gi et godt dreiemoment i lav ende. Motorsykkel<\/span><span style=\"color: #000000;\">ri er utstyrt med en turbolader med variabel geometri, som bidrar til \u00e5 forbedre gassresponsen og kraftomr\u00e5det. Motoren har ogs\u00e5 et vedlikeholdsfritt dieselpartikkelfilter som bidrar til \u00e5 redusere partikkelutslipp.<\/span><\/p>\n<p><span style=\"color: #000000;\">Generelt er 1,6 TDI CAY-motoren en p\u00e5litelig og effektiv motor som er utmerket for kompakte kj\u00f8ret\u00f8y. Med regelmessig vedlikehold og riktig bruk kan motoren gi mange \u00e5rs p\u00e5litelig service.<\/span><\/p>\n","protected":false},"excerpt":{"rendered":"<ul>\n<li>Volkswagen Golf (2009-2012)<\/li>\n<li>Volkswagen Golf Plus (2009-2013)<\/li>\n<li>Volkswagen Jetta (2009-2010)<\/li>\n<li>Volkswagen Passat (2009-2010)<\/li>\n<li>Volkswagen Touran (2010-2015)<\/li>\n<li>Audi A1 (2011\u20132018)<\/li>\n<li>Audi A3 (2009-2013)<\/li>\n<li>Audi Q3 (2012-2018)<\/li>\n<li>Skoda Octavia (2009-2013)<\/li>\n<li>\u0160koda Yeti (2010\u20132013)<\/li>\n<li>Seat Altea (2009-2010)<\/li>\n<li>Seat Exeo (2009-2013)<\/li>\n<\/ul>\n","protected":false},"featured_media":4324,"template":"","meta":[],"product_brand":[],"product_cat":[484,487,486,485],"product_tag":[493,488,496,497,489,490,491,494,492,495],"class_list":{"0":"post-4042","1":"product","2":"type-product","3":"status-publish","4":"has-post-thumbnail","6":"product_cat-audi-no","7":"product_cat-seat-no","8":"product_cat-skoda-no","9":"product_cat-vw-no","10":"product_tag-a1-no","11":"product_tag-a3-no","12":"product_tag-altea-no","13":"product_tag-exeo-no","14":"product_tag-golf-no","15":"product_tag-octavia-no","16":"product_tag-passat-no","17":"product_tag-q3-no","18":"product_tag-touran-no","19":"product_tag-yeti-no","20":"pa_varaosan-osasto-motor-no","23":"first","24":"instock","25":"featured","26":"shipping-taxable","27":"product-type-simple"},"yoast_head":"<!-- This site is optimized with the Yoast SEO plugin v26.8 - https:\/\/yoast.com\/product\/yoast-seo-wordpress\/ -->\n<title>1.6 TDI &quot;CAY&quot; motor [f.eks. Golf, Passat, Touran, Octavia, Altea]<\/title>\n<meta name=\"description\" content=\"En av motorene vi Ofte har tilgjengelig. Send en foresp\u00f8rsel og du vil Motta et tilbud innen 24 timer. Motorer, girkasser og Andre bilder med garanti.\" \/>\n<meta name=\"robots\" content=\"index, follow, max-snippet:-1, max-image-preview:large, max-video-preview:-1\" \/>\n<link rel=\"canonical\" href=\"https:\/\/autopartscenter24.com\/no\/auton-varaosat\/1-6-tdi-cay-moottori\/\" \/>\n<meta property=\"og:locale\" content=\"nb_NO\" \/>\n<meta property=\"og:type\" content=\"article\" \/>\n<meta property=\"og:title\" content=\"1.6 TDI &quot;CAY&quot; motor [f.eks. Golf, Passat, Touran, Octavia, Altea]\" \/>\n<meta property=\"og:description\" content=\"En av motorene vi Ofte har tilgjengelig. Send en foresp\u00f8rsel og du vil Motta et tilbud innen 24 timer. Motorer, girkasser og Andre bilder med garanti.\" \/>\n<meta property=\"og:url\" content=\"https:\/\/autopartscenter24.com\/no\/auton-varaosat\/1-6-tdi-cay-moottori\/\" \/>\n<meta property=\"og:site_name\" content=\"Autopartscenter24\" \/>\n<meta property=\"article:modified_time\" content=\"2023-12-02T19:12:02+00:00\" \/>\n<meta property=\"og:image\" content=\"https:\/\/autopartscenter24.com\/wp-content\/uploads\/2023\/02\/1.6-TDI_CAY_moottori.webp\" \/>\n\t<meta property=\"og:image:width\" content=\"800\" \/>\n\t<meta property=\"og:image:height\" content=\"600\" \/>\n\t<meta property=\"og:image:type\" content=\"image\/webp\" \/>\n<meta name=\"twitter:card\" content=\"summary_large_image\" \/>\n<meta name=\"twitter:label1\" content=\"Ansl. lesetid\" \/>\n\t<meta name=\"twitter:data1\" content=\"1 minutt\" \/>\n<script type=\"application\/ld+json\" class=\"yoast-schema-graph\">{\"@context\":\"https:\/\/schema.org\",\"@graph\":[{\"@type\":\"WebPage\",\"@id\":\"https:\/\/autopartscenter24.com\/auton-varaosat\/1-6-tdi-cay-moottori\/\",\"url\":\"https:\/\/autopartscenter24.com\/auton-varaosat\/1-6-tdi-cay-moottori\/\",\"name\":\"1.6 TDI \\\"CAY\\\" motor [f.eks. Golf, Passat, Touran, Octavia, Altea]\",\"isPartOf\":{\"@id\":\"https:\/\/autopartscenter24.com\/#website\"},\"primaryImageOfPage\":{\"@id\":\"https:\/\/autopartscenter24.com\/auton-varaosat\/1-6-tdi-cay-moottori\/#primaryimage\"},\"image\":{\"@id\":\"https:\/\/autopartscenter24.com\/auton-varaosat\/1-6-tdi-cay-moottori\/#primaryimage\"},\"thumbnailUrl\":\"https:\/\/autopartscenter24.com\/wp-content\/uploads\/2023\/02\/1.6-TDI_CAY_moottori.webp\",\"datePublished\":\"2023-03-07T21:35:04+00:00\",\"dateModified\":\"2023-12-02T19:12:02+00:00\",\"description\":\"En av motorene vi Ofte har tilgjengelig. Send en foresp\u00f8rsel og du vil Motta et tilbud innen 24 timer. Motorer, girkasser og Andre bilder med garanti.\",\"breadcrumb\":{\"@id\":\"https:\/\/autopartscenter24.com\/auton-varaosat\/1-6-tdi-cay-moottori\/#breadcrumb\"},\"inLanguage\":\"nb-NO\",\"potentialAction\":[{\"@type\":\"ReadAction\",\"target\":[\"https:\/\/autopartscenter24.com\/auton-varaosat\/1-6-tdi-cay-moottori\/\"]}]},{\"@type\":\"ImageObject\",\"inLanguage\":\"nb-NO\",\"@id\":\"https:\/\/autopartscenter24.com\/auton-varaosat\/1-6-tdi-cay-moottori\/#primaryimage\",\"url\":\"https:\/\/autopartscenter24.com\/wp-content\/uploads\/2023\/02\/1.6-TDI_CAY_moottori.webp\",\"contentUrl\":\"https:\/\/autopartscenter24.com\/wp-content\/uploads\/2023\/02\/1.6-TDI_CAY_moottori.webp\",\"width\":800,\"height\":600},{\"@type\":\"BreadcrumbList\",\"@id\":\"https:\/\/autopartscenter24.com\/auton-varaosat\/1-6-tdi-cay-moottori\/#breadcrumb\",\"itemListElement\":[{\"@type\":\"ListItem\",\"position\":1,\"name\":\"Hjem\",\"item\":\"https:\/\/aliceblue-termite-662564.hostingersite.com\/\"},{\"@type\":\"ListItem\",\"position\":2,\"name\":\"Auton varaosat\",\"item\":\"https:\/\/aliceblue-termite-662564.hostingersite.com\/auton-varaosat\/\"},{\"@type\":\"ListItem\",\"position\":3,\"name\":\"1.6 TDI &#8221;CAY&#8221; motor [f.eks. Golf, Passat, Touran, Octavia, Altea]\"}]},{\"@type\":\"WebSite\",\"@id\":\"https:\/\/autopartscenter24.com\/#website\",\"url\":\"https:\/\/autopartscenter24.com\/\",\"name\":\"Autopartscenter24\",\"description\":\"K\u00c4YTETYT JA KUNNOSTETUT  AUTON VARAOSAT\",\"potentialAction\":[{\"@type\":\"SearchAction\",\"target\":{\"@type\":\"EntryPoint\",\"urlTemplate\":\"https:\/\/autopartscenter24.com\/?s={search_term_string}\"},\"query-input\":{\"@type\":\"PropertyValueSpecification\",\"valueRequired\":true,\"valueName\":\"search_term_string\"}}],\"inLanguage\":\"nb-NO\"}]}<\/script>\n<!-- \/ Yoast SEO plugin. -->","yoast_head_json":{"title":"1.6 TDI \"CAY\" motor [f.eks. Golf, Passat, Touran, Octavia, Altea]","description":"En av motorene vi Ofte har tilgjengelig. Send en foresp\u00f8rsel og du vil Motta et tilbud innen 24 timer. Motorer, girkasser og Andre bilder med garanti.","robots":{"index":"index","follow":"follow","max-snippet":"max-snippet:-1","max-image-preview":"max-image-preview:large","max-video-preview":"max-video-preview:-1"},"canonical":"https:\/\/autopartscenter24.com\/no\/auton-varaosat\/1-6-tdi-cay-moottori\/","og_locale":"nb_NO","og_type":"article","og_title":"1.6 TDI \"CAY\" motor [f.eks. Golf, Passat, Touran, Octavia, Altea]","og_description":"En av motorene vi Ofte har tilgjengelig. Send en foresp\u00f8rsel og du vil Motta et tilbud innen 24 timer. Motorer, girkasser og Andre bilder med garanti.","og_url":"https:\/\/autopartscenter24.com\/no\/auton-varaosat\/1-6-tdi-cay-moottori\/","og_site_name":"Autopartscenter24","article_modified_time":"2023-12-02T19:12:02+00:00","og_image":[{"width":800,"height":600,"url":"https:\/\/autopartscenter24.com\/wp-content\/uploads\/2023\/02\/1.6-TDI_CAY_moottori.webp","type":"image\/webp"}],"twitter_card":"summary_large_image","twitter_misc":{"Ansl. lesetid":"1 minutt"},"schema":{"@context":"https:\/\/schema.org","@graph":[{"@type":"WebPage","@id":"https:\/\/autopartscenter24.com\/auton-varaosat\/1-6-tdi-cay-moottori\/","url":"https:\/\/autopartscenter24.com\/auton-varaosat\/1-6-tdi-cay-moottori\/","name":"1.6 TDI \"CAY\" motor [f.eks. Golf, Passat, Touran, Octavia, Altea]","isPartOf":{"@id":"https:\/\/autopartscenter24.com\/#website"},"primaryImageOfPage":{"@id":"https:\/\/autopartscenter24.com\/auton-varaosat\/1-6-tdi-cay-moottori\/#primaryimage"},"image":{"@id":"https:\/\/autopartscenter24.com\/auton-varaosat\/1-6-tdi-cay-moottori\/#primaryimage"},"thumbnailUrl":"https:\/\/autopartscenter24.com\/wp-content\/uploads\/2023\/02\/1.6-TDI_CAY_moottori.webp","datePublished":"2023-03-07T21:35:04+00:00","dateModified":"2023-12-02T19:12:02+00:00","description":"En av motorene vi Ofte har tilgjengelig. Send en foresp\u00f8rsel og du vil Motta et tilbud innen 24 timer. Motorer, girkasser og Andre bilder med garanti.","breadcrumb":{"@id":"https:\/\/autopartscenter24.com\/auton-varaosat\/1-6-tdi-cay-moottori\/#breadcrumb"},"inLanguage":"nb-NO","potentialAction":[{"@type":"ReadAction","target":["https:\/\/autopartscenter24.com\/auton-varaosat\/1-6-tdi-cay-moottori\/"]}]},{"@type":"ImageObject","inLanguage":"nb-NO","@id":"https:\/\/autopartscenter24.com\/auton-varaosat\/1-6-tdi-cay-moottori\/#primaryimage","url":"https:\/\/autopartscenter24.com\/wp-content\/uploads\/2023\/02\/1.6-TDI_CAY_moottori.webp","contentUrl":"https:\/\/autopartscenter24.com\/wp-content\/uploads\/2023\/02\/1.6-TDI_CAY_moottori.webp","width":800,"height":600},{"@type":"BreadcrumbList","@id":"https:\/\/autopartscenter24.com\/auton-varaosat\/1-6-tdi-cay-moottori\/#breadcrumb","itemListElement":[{"@type":"ListItem","position":1,"name":"Hjem","item":"https:\/\/aliceblue-termite-662564.hostingersite.com\/"},{"@type":"ListItem","position":2,"name":"Auton varaosat","item":"https:\/\/aliceblue-termite-662564.hostingersite.com\/auton-varaosat\/"},{"@type":"ListItem","position":3,"name":"1.6 TDI &#8221;CAY&#8221; motor [f.eks. Golf, Passat, Touran, Octavia, Altea]"}]},{"@type":"WebSite","@id":"https:\/\/autopartscenter24.com\/#website","url":"https:\/\/autopartscenter24.com\/","name":"Autopartscenter24","description":"K\u00c4YTETYT JA KUNNOSTETUT  AUTON VARAOSAT","potentialAction":[{"@type":"SearchAction","target":{"@type":"EntryPoint","urlTemplate":"https:\/\/autopartscenter24.com\/?s={search_term_string}"},"query-input":{"@type":"PropertyValueSpecification","valueRequired":true,"valueName":"search_term_string"}}],"inLanguage":"nb-NO"}]}},"_links":{"self":[{"href":"https:\/\/autopartscenter24.com\/no\/wp-json\/wp\/v2\/product\/4042","targetHints":{"allow":["GET"]}}],"collection":[{"href":"https:\/\/autopartscenter24.com\/no\/wp-json\/wp\/v2\/product"}],"about":[{"href":"https:\/\/autopartscenter24.com\/no\/wp-json\/wp\/v2\/types\/product"}],"wp:featuredmedia":[{"embeddable":true,"href":"https:\/\/autopartscenter24.com\/no\/wp-json\/wp\/v2\/media\/4324"}],"wp:attachment":[{"href":"https:\/\/autopartscenter24.com\/no\/wp-json\/wp\/v2\/media?parent=4042"}],"wp:term":[{"taxonomy":"product_brand","embeddable":true,"href":"https:\/\/autopartscenter24.com\/no\/wp-json\/wp\/v2\/product_brand?post=4042"},{"taxonomy":"product_cat","embeddable":true,"href":"https:\/\/autopartscenter24.com\/no\/wp-json\/wp\/v2\/product_cat?post=4042"},{"taxonomy":"product_tag","embeddable":true,"href":"https:\/\/autopartscenter24.com\/no\/wp-json\/wp\/v2\/product_tag?post=4042"}],"curies":[{"name":"wp","href":"https:\/\/api.w.org\/{rel}","templated":true}]}}