{"id":454,"date":"2019-07-22T14:07:19","date_gmt":"2019-07-22T12:07:19","guid":{"rendered":"https:\/\/autopartscenter24.com\/?page_id=454"},"modified":"2023-11-28T17:17:21","modified_gmt":"2023-11-28T16:17:21","slug":"personvernerklaering","status":"publish","type":"page","link":"https:\/\/autopartscenter24.com\/no\/personvernerklaering\/","title":{"rendered":"Personvernerkl\u00e6ring"},"content":{"rendered":"<div id=\"cs-content\" class=\"cs-content\"><\/div>\n","protected":false},"excerpt":{"rendered":"<p>Personvernerkl&aelig;ring For \u00f8yeblikket er personvernerkl\u00e6ringen kun tilgjengelig p\u00e5 engelsk. Kontakt oss hvis det er noe du er usikker p\u00e5.&nbsp;1. An overview of data protectionGeneral The following gives a simple overview of what happens to your personal information when you visit our website. Personal information is any data with which you could be personally identified. Detailed information on the subject of &#8230;<\/p>\n","protected":false},"author":1,"featured_media":0,"parent":0,"menu_order":0,"comment_status":"closed","ping_status":"closed","template":"","meta":{"footnotes":""},"class_list":["post-454","page","type-page","status-publish","hentry","no-post-thumbnail"],"yoast_head":"<!-- This site is optimized with the Yoast SEO plugin v26.8 - https:\/\/yoast.com\/product\/yoast-seo-wordpress\/ -->\n<title>Personvernerkl\u00e6ring - Autopartscenter24<\/title>\n<meta name=\"description\" content=\"Tusenvis av brukte og restaurerte Motorer, Girkasser og andre Bildeler for Bilmodeller fra 1995 til 2019 til gunstige priser\" \/>\n<meta name=\"robots\" content=\"index, follow, max-snippet:-1, max-image-preview:large, max-video-preview:-1\" \/>\n<link rel=\"canonical\" href=\"https:\/\/autopartscenter24.com\/no\/tietosuojakaytanto\/\" \/>\n<meta property=\"og:locale\" content=\"nb_NO\" \/>\n<meta property=\"og:type\" content=\"article\" \/>\n<meta property=\"og:title\" content=\"Personvernerkl\u00e6ring - Autopartscenter24\" \/>\n<meta property=\"og:description\" content=\"Tusenvis av brukte og restaurerte Motorer, Girkasser og andre Bildeler for Bilmodeller fra 1995 til 2019 til gunstige priser\" \/>\n<meta property=\"og:url\" content=\"https:\/\/autopartscenter24.com\/no\/tietosuojakaytanto\/\" \/>\n<meta property=\"og:site_name\" content=\"Autopartscenter24\" \/>\n<meta property=\"article:modified_time\" content=\"2023-11-28T16:17:21+00:00\" \/>\n<meta name=\"twitter:card\" content=\"summary_large_image\" \/>\n<meta name=\"twitter:label1\" content=\"Ansl. lesetid\" \/>\n\t<meta name=\"twitter:data1\" content=\"6 minutter\" \/>\n<script type=\"application\/ld+json\" class=\"yoast-schema-graph\">{\"@context\":\"https:\/\/schema.org\",\"@graph\":[{\"@type\":\"WebPage\",\"@id\":\"https:\/\/aliceblue-termite-662564.hostingersite.com\/tietosuojakaytanto\/\",\"url\":\"https:\/\/aliceblue-termite-662564.hostingersite.com\/tietosuojakaytanto\/\",\"name\":\"Personvernerkl\u00e6ring - Autopartscenter24\",\"isPartOf\":{\"@id\":\"https:\/\/autopartscenter24.com\/#website\"},\"datePublished\":\"2019-07-22T12:07:19+00:00\",\"dateModified\":\"2023-11-28T16:17:21+00:00\",\"description\":\"Tusenvis av brukte og restaurerte Motorer, Girkasser og andre Bildeler for Bilmodeller fra 1995 til 2019 til gunstige priser\",\"breadcrumb\":{\"@id\":\"https:\/\/aliceblue-termite-662564.hostingersite.com\/tietosuojakaytanto\/#breadcrumb\"},\"inLanguage\":\"nb-NO\",\"potentialAction\":[{\"@type\":\"ReadAction\",\"target\":[\"https:\/\/aliceblue-termite-662564.hostingersite.com\/tietosuojakaytanto\/\"]}]},{\"@type\":\"BreadcrumbList\",\"@id\":\"https:\/\/aliceblue-termite-662564.hostingersite.com\/tietosuojakaytanto\/#breadcrumb\",\"itemListElement\":[{\"@type\":\"ListItem\",\"position\":1,\"name\":\"Hjem\",\"item\":\"https:\/\/aliceblue-termite-662564.hostingersite.com\/\"},{\"@type\":\"ListItem\",\"position\":2,\"name\":\"Personvernerkl\u00e6ring\"}]},{\"@type\":\"WebSite\",\"@id\":\"https:\/\/autopartscenter24.com\/#website\",\"url\":\"https:\/\/autopartscenter24.com\/\",\"name\":\"Autopartscenter24\",\"description\":\"K\u00c4YTETYT JA KUNNOSTETUT  AUTON VARAOSAT\",\"potentialAction\":[{\"@type\":\"SearchAction\",\"target\":{\"@type\":\"EntryPoint\",\"urlTemplate\":\"https:\/\/autopartscenter24.com\/?s={search_term_string}\"},\"query-input\":{\"@type\":\"PropertyValueSpecification\",\"valueRequired\":true,\"valueName\":\"search_term_string\"}}],\"inLanguage\":\"nb-NO\"}]}<\/script>\n<!-- \/ Yoast SEO plugin. -->","yoast_head_json":{"title":"Personvernerkl\u00e6ring - Autopartscenter24","description":"Tusenvis av brukte og restaurerte Motorer, Girkasser og andre Bildeler for Bilmodeller fra 1995 til 2019 til gunstige priser","robots":{"index":"index","follow":"follow","max-snippet":"max-snippet:-1","max-image-preview":"max-image-preview:large","max-video-preview":"max-video-preview:-1"},"canonical":"https:\/\/autopartscenter24.com\/no\/tietosuojakaytanto\/","og_locale":"nb_NO","og_type":"article","og_title":"Personvernerkl\u00e6ring - Autopartscenter24","og_description":"Tusenvis av brukte og restaurerte Motorer, Girkasser og andre Bildeler for Bilmodeller fra 1995 til 2019 til gunstige priser","og_url":"https:\/\/autopartscenter24.com\/no\/tietosuojakaytanto\/","og_site_name":"Autopartscenter24","article_modified_time":"2023-11-28T16:17:21+00:00","twitter_card":"summary_large_image","twitter_misc":{"Ansl. lesetid":"6 minutter"},"schema":{"@context":"https:\/\/schema.org","@graph":[{"@type":"WebPage","@id":"https:\/\/aliceblue-termite-662564.hostingersite.com\/tietosuojakaytanto\/","url":"https:\/\/aliceblue-termite-662564.hostingersite.com\/tietosuojakaytanto\/","name":"Personvernerkl\u00e6ring - Autopartscenter24","isPartOf":{"@id":"https:\/\/autopartscenter24.com\/#website"},"datePublished":"2019-07-22T12:07:19+00:00","dateModified":"2023-11-28T16:17:21+00:00","description":"Tusenvis av brukte og restaurerte Motorer, Girkasser og andre Bildeler for Bilmodeller fra 1995 til 2019 til gunstige priser","breadcrumb":{"@id":"https:\/\/aliceblue-termite-662564.hostingersite.com\/tietosuojakaytanto\/#breadcrumb"},"inLanguage":"nb-NO","potentialAction":[{"@type":"ReadAction","target":["https:\/\/aliceblue-termite-662564.hostingersite.com\/tietosuojakaytanto\/"]}]},{"@type":"BreadcrumbList","@id":"https:\/\/aliceblue-termite-662564.hostingersite.com\/tietosuojakaytanto\/#breadcrumb","itemListElement":[{"@type":"ListItem","position":1,"name":"Hjem","item":"https:\/\/aliceblue-termite-662564.hostingersite.com\/"},{"@type":"ListItem","position":2,"name":"Personvernerkl\u00e6ring"}]},{"@type":"WebSite","@id":"https:\/\/autopartscenter24.com\/#website","url":"https:\/\/autopartscenter24.com\/","name":"Autopartscenter24","description":"K\u00c4YTETYT JA KUNNOSTETUT  AUTON VARAOSAT","potentialAction":[{"@type":"SearchAction","target":{"@type":"EntryPoint","urlTemplate":"https:\/\/autopartscenter24.com\/?s={search_term_string}"},"query-input":{"@type":"PropertyValueSpecification","valueRequired":true,"valueName":"search_term_string"}}],"inLanguage":"nb-NO"}]}},"_links":{"self":[{"href":"https:\/\/autopartscenter24.com\/no\/wp-json\/wp\/v2\/pages\/454","targetHints":{"allow":["GET"]}}],"collection":[{"href":"https:\/\/autopartscenter24.com\/no\/wp-json\/wp\/v2\/pages"}],"about":[{"href":"https:\/\/autopartscenter24.com\/no\/wp-json\/wp\/v2\/types\/page"}],"author":[{"embeddable":true,"href":"https:\/\/autopartscenter24.com\/no\/wp-json\/wp\/v2\/users\/1"}],"replies":[{"embeddable":true,"href":"https:\/\/autopartscenter24.com\/no\/wp-json\/wp\/v2\/comments?post=454"}],"version-history":[{"count":0,"href":"https:\/\/autopartscenter24.com\/no\/wp-json\/wp\/v2\/pages\/454\/revisions"}],"wp:attachment":[{"href":"https:\/\/autopartscenter24.com\/no\/wp-json\/wp\/v2\/media?parent=454"}],"curies":[{"name":"wp","href":"https:\/\/api.w.org\/{rel}","templated":true}]}}