{"id":4218,"date":"2023-03-09T22:04:39","date_gmt":"2023-03-09T21:04:39","guid":{"rendered":"https:\/\/autopartscenter24.com\/?post_type=product&#038;p=4218"},"modified":"2023-03-10T20:05:02","modified_gmt":"2023-03-10T19:05:02","slug":"1-0-tsi-dkr-moottori-polo-golf-t-cross","status":"publish","type":"product","link":"https:\/\/autopartscenter24.com\/fi\/auton-varaosat\/1-0-tsi-dkr-moottori-polo-golf-t-cross\/","title":{"rendered":"1.0 TSI &#8221;DKR&#8221; Moottori [esim. Polo, Golf, T-Cross, A1, Octavia]"},"content":{"rendered":"<p><strong>Volkswagenin 1.0 TSI -moottori, koodinimelt\u00e4\u00e4n DKR<\/strong>, on yksi Volkswagen AG:n valmistamista bensiinimoottoreista. Moottori tunnetaan sen taloudellisuudesta ja suorituskyvyst\u00e4. DKR-moottorissa on kolme sylinteri\u00e4 ja yksi nokka-akseli. Se tuottaa tehoa 95 hv ja v\u00e4\u00e4nt\u00f6\u00e4 175 Nm.<\/p>\n<p>Moottorissa on k\u00e4ytetty Volkswagenin TSI-teknologiaa, joka tarjoaa tehokkaan polttoaineen suorasuihkutuksen ja ahtamisen yhdistelm\u00e4n. Moottorin suurin etu on sen suorituskyky ja taloudellisuus, joka mahdollistaa nopean kiihdytyksen ja samalla pienemm\u00e4t p\u00e4\u00e4st\u00f6arvot.<\/p>\n<p>DKR-moottorissa on k\u00e4ytetty useita teknisi\u00e4 ratkaisuja, jotka parantavat sen suorituskyky\u00e4 ja kest\u00e4vyytt\u00e4. Moottorin sylinterit ovat valmistettu alumiiniseoksesta, joka v\u00e4hent\u00e4\u00e4 moottorin painoa ja parantaa sen j\u00e4\u00e4hdytyst\u00e4. Moottorissa on my\u00f6s k\u00e4ytetty Volkswagenin BlueMotion-j\u00e4rjestelm\u00e4\u00e4, joka v\u00e4hent\u00e4\u00e4 polttoaineen kulutusta ja p\u00e4\u00e4st\u00f6j\u00e4.<\/p>\n<p>Toivottavasti t\u00e4m\u00e4 teksti auttoi sinua oppimaan lis\u00e4\u00e4 DKR-moottorista ja sen teknisist\u00e4 ominaisuuksista.<\/p>\n","protected":false},"excerpt":{"rendered":"<p>DKR-moottoria on k\u00e4ytetty monissa Volkswagenin autoissa, kuten Volkswagen Polo:ssa, Golf:ssa ja T-Cross:ssa. Moottori on ollut saatavana vuodesta 2018 alkaen.<\/p>\n<p>Automerkit ja -mallit, joissa DKR-moottori on k\u00e4ytetty:<\/p>\n<ul>\n<li><b>SKODA<\/b>\n<ul>\n<li>OCTAVIA III (2012 &#8211; )<\/li>\n<li>KAROQ (2017 &#8211; )<\/li>\n<li>RAPID (2012-2019)<\/li>\n<li>SCALA (2019 &#8211; )<\/li>\n<li>KAMIQ (2019 &#8211; )<\/li>\n<\/ul>\n<p><b>AUDI<\/b><\/p>\n<ul>\n<li>A3 (2012 &#8211; )<\/li>\n<li>A1 (2019 &#8211; )<\/li>\n<li>Q2 (2016 &#8211; )<\/li>\n<\/ul>\n<p><b>VW<\/b><\/p>\n<ul>\n<li>T-ROC (2017 &#8211; )<\/li>\n<li>POLO VI (2017 &#8211; )<\/li>\n<li>GOLF VII (2012 &#8211; )<\/li>\n<\/ul>\n<p><b>SEAT<\/b><\/p>\n<ul>\n<li>LEON (2012 &#8211; )<\/li>\n<li>ATECA (2016 &#8211; )<\/li>\n<li>ARONA (2017 &#8211; )<\/li>\n<li>IBIZA V (2017 &#8211; )<\/li>\n<\/ul>\n<\/li>\n<\/ul>\n","protected":false},"featured_media":4796,"template":"","meta":[],"product_brand":[],"product_cat":[300,309,302,301],"product_tag":[351,345,348,347,406,501,506],"class_list":{"0":"post-4218","1":"product","2":"type-product","3":"status-publish","4":"has-post-thumbnail","6":"product_cat-audi","7":"product_cat-seat","8":"product_cat-skoda","9":"product_cat-vw","10":"product_tag-a1","11":"product_tag-golf","12":"product_tag-leon","13":"product_tag-octavia","14":"product_tag-polo","15":"product_tag-rapid","16":"product_tag-t-roc","17":"pa_varaosan-osasto-moottori","20":"first","21":"instock","22":"shipping-taxable","23":"product-type-simple"},"yoast_head":"<!-- This site is optimized with the Yoast SEO plugin v26.8 - https:\/\/yoast.com\/product\/yoast-seo-wordpress\/ -->\n<title>1.0 TSI &quot;DKR&quot; Moottori [esim. Polo, Golf, T-Cross, A1, Octavia]<\/title>\n<meta name=\"description\" content=\"Yksi moottoreista, joita meill\u00e4 on usein saatavilla. L\u00e4het\u00e4 kysely ja saat tarjouksen 24 tunnin sis\u00e4ll\u00e4. Moottorit, vaihteistot ja muut auton osat takuulla.\" \/>\n<meta name=\"robots\" content=\"index, follow, max-snippet:-1, max-image-preview:large, max-video-preview:-1\" \/>\n<link rel=\"canonical\" href=\"https:\/\/autopartscenter24.com\/fi\/auton-varaosat\/1-0-tsi-dkr-moottori-polo-golf-t-cross\/\" \/>\n<meta property=\"og:locale\" content=\"fi_FI\" \/>\n<meta property=\"og:type\" content=\"article\" \/>\n<meta property=\"og:title\" content=\"1.0 TSI &quot;DKR&quot; Moottori [esim. Polo, Golf, T-Cross, A1, Octavia]\" \/>\n<meta property=\"og:description\" content=\"Yksi moottoreista, joita meill\u00e4 on usein saatavilla. L\u00e4het\u00e4 kysely ja saat tarjouksen 24 tunnin sis\u00e4ll\u00e4. Moottorit, vaihteistot ja muut auton osat takuulla.\" \/>\n<meta property=\"og:url\" content=\"https:\/\/autopartscenter24.com\/fi\/auton-varaosat\/1-0-tsi-dkr-moottori-polo-golf-t-cross\/\" \/>\n<meta property=\"og:site_name\" content=\"Autopartscenter24\" \/>\n<meta property=\"article:modified_time\" content=\"2023-03-10T19:05:02+00:00\" \/>\n<meta property=\"og:image\" content=\"https:\/\/autopartscenter24.com\/wp-content\/uploads\/2023\/03\/1-0-tsi-dkr-moottori-vw-golf-vii-octavia-iii.webp\" \/>\n\t<meta property=\"og:image:width\" content=\"800\" \/>\n\t<meta property=\"og:image:height\" content=\"600\" \/>\n\t<meta property=\"og:image:type\" content=\"image\/webp\" \/>\n<meta name=\"twitter:card\" content=\"summary_large_image\" \/>\n<meta name=\"twitter:label1\" content=\"Arvioitu lukuaika\" \/>\n\t<meta name=\"twitter:data1\" content=\"1 minuutti\" \/>\n<script type=\"application\/ld+json\" class=\"yoast-schema-graph\">{\"@context\":\"https:\/\/schema.org\",\"@graph\":[{\"@type\":\"WebPage\",\"@id\":\"https:\/\/autopartscenter24.com\/auton-varaosat\/1-0-tsi-dkr-moottori-polo-golf-t-cross\/\",\"url\":\"https:\/\/autopartscenter24.com\/auton-varaosat\/1-0-tsi-dkr-moottori-polo-golf-t-cross\/\",\"name\":\"1.0 TSI \\\"DKR\\\" Moottori [esim. Polo, Golf, T-Cross, A1, Octavia]\",\"isPartOf\":{\"@id\":\"https:\/\/autopartscenter24.com\/#website\"},\"primaryImageOfPage\":{\"@id\":\"https:\/\/autopartscenter24.com\/auton-varaosat\/1-0-tsi-dkr-moottori-polo-golf-t-cross\/#primaryimage\"},\"image\":{\"@id\":\"https:\/\/autopartscenter24.com\/auton-varaosat\/1-0-tsi-dkr-moottori-polo-golf-t-cross\/#primaryimage\"},\"thumbnailUrl\":\"https:\/\/autopartscenter24.com\/wp-content\/uploads\/2023\/03\/1-0-tsi-dkr-moottori-vw-golf-vii-octavia-iii.webp\",\"datePublished\":\"2023-03-09T21:04:39+00:00\",\"dateModified\":\"2023-03-10T19:05:02+00:00\",\"description\":\"Yksi moottoreista, joita meill\u00e4 on usein saatavilla. L\u00e4het\u00e4 kysely ja saat tarjouksen 24 tunnin sis\u00e4ll\u00e4. Moottorit, vaihteistot ja muut auton osat takuulla.\",\"breadcrumb\":{\"@id\":\"https:\/\/autopartscenter24.com\/auton-varaosat\/1-0-tsi-dkr-moottori-polo-golf-t-cross\/#breadcrumb\"},\"inLanguage\":\"fi\",\"potentialAction\":[{\"@type\":\"ReadAction\",\"target\":[\"https:\/\/autopartscenter24.com\/auton-varaosat\/1-0-tsi-dkr-moottori-polo-golf-t-cross\/\"]}]},{\"@type\":\"ImageObject\",\"inLanguage\":\"fi\",\"@id\":\"https:\/\/autopartscenter24.com\/auton-varaosat\/1-0-tsi-dkr-moottori-polo-golf-t-cross\/#primaryimage\",\"url\":\"https:\/\/autopartscenter24.com\/wp-content\/uploads\/2023\/03\/1-0-tsi-dkr-moottori-vw-golf-vii-octavia-iii.webp\",\"contentUrl\":\"https:\/\/autopartscenter24.com\/wp-content\/uploads\/2023\/03\/1-0-tsi-dkr-moottori-vw-golf-vii-octavia-iii.webp\",\"width\":800,\"height\":600},{\"@type\":\"BreadcrumbList\",\"@id\":\"https:\/\/autopartscenter24.com\/auton-varaosat\/1-0-tsi-dkr-moottori-polo-golf-t-cross\/#breadcrumb\",\"itemListElement\":[{\"@type\":\"ListItem\",\"position\":1,\"name\":\"Etusivu\",\"item\":\"https:\/\/aliceblue-termite-662564.hostingersite.com\/\"},{\"@type\":\"ListItem\",\"position\":2,\"name\":\"Auton varaosat\",\"item\":\"https:\/\/aliceblue-termite-662564.hostingersite.com\/auton-varaosat\/\"},{\"@type\":\"ListItem\",\"position\":3,\"name\":\"1.0 TSI &#8221;DKR&#8221; Moottori [esim. Polo, Golf, T-Cross, A1, Octavia]\"}]},{\"@type\":\"WebSite\",\"@id\":\"https:\/\/autopartscenter24.com\/#website\",\"url\":\"https:\/\/autopartscenter24.com\/\",\"name\":\"Autopartscenter24\",\"description\":\"K\u00c4YTETYT JA KUNNOSTETUT  AUTON VARAOSAT\",\"potentialAction\":[{\"@type\":\"SearchAction\",\"target\":{\"@type\":\"EntryPoint\",\"urlTemplate\":\"https:\/\/autopartscenter24.com\/?s={search_term_string}\"},\"query-input\":{\"@type\":\"PropertyValueSpecification\",\"valueRequired\":true,\"valueName\":\"search_term_string\"}}],\"inLanguage\":\"fi\"}]}<\/script>\n<!-- \/ Yoast SEO plugin. -->","yoast_head_json":{"title":"1.0 TSI \"DKR\" Moottori [esim. Polo, Golf, T-Cross, A1, Octavia]","description":"Yksi moottoreista, joita meill\u00e4 on usein saatavilla. L\u00e4het\u00e4 kysely ja saat tarjouksen 24 tunnin sis\u00e4ll\u00e4. Moottorit, vaihteistot ja muut auton osat takuulla.","robots":{"index":"index","follow":"follow","max-snippet":"max-snippet:-1","max-image-preview":"max-image-preview:large","max-video-preview":"max-video-preview:-1"},"canonical":"https:\/\/autopartscenter24.com\/fi\/auton-varaosat\/1-0-tsi-dkr-moottori-polo-golf-t-cross\/","og_locale":"fi_FI","og_type":"article","og_title":"1.0 TSI \"DKR\" Moottori [esim. Polo, Golf, T-Cross, A1, Octavia]","og_description":"Yksi moottoreista, joita meill\u00e4 on usein saatavilla. L\u00e4het\u00e4 kysely ja saat tarjouksen 24 tunnin sis\u00e4ll\u00e4. Moottorit, vaihteistot ja muut auton osat takuulla.","og_url":"https:\/\/autopartscenter24.com\/fi\/auton-varaosat\/1-0-tsi-dkr-moottori-polo-golf-t-cross\/","og_site_name":"Autopartscenter24","article_modified_time":"2023-03-10T19:05:02+00:00","og_image":[{"width":800,"height":600,"url":"https:\/\/autopartscenter24.com\/wp-content\/uploads\/2023\/03\/1-0-tsi-dkr-moottori-vw-golf-vii-octavia-iii.webp","type":"image\/webp"}],"twitter_card":"summary_large_image","twitter_misc":{"Arvioitu lukuaika":"1 minuutti"},"schema":{"@context":"https:\/\/schema.org","@graph":[{"@type":"WebPage","@id":"https:\/\/autopartscenter24.com\/auton-varaosat\/1-0-tsi-dkr-moottori-polo-golf-t-cross\/","url":"https:\/\/autopartscenter24.com\/auton-varaosat\/1-0-tsi-dkr-moottori-polo-golf-t-cross\/","name":"1.0 TSI \"DKR\" Moottori [esim. Polo, Golf, T-Cross, A1, Octavia]","isPartOf":{"@id":"https:\/\/autopartscenter24.com\/#website"},"primaryImageOfPage":{"@id":"https:\/\/autopartscenter24.com\/auton-varaosat\/1-0-tsi-dkr-moottori-polo-golf-t-cross\/#primaryimage"},"image":{"@id":"https:\/\/autopartscenter24.com\/auton-varaosat\/1-0-tsi-dkr-moottori-polo-golf-t-cross\/#primaryimage"},"thumbnailUrl":"https:\/\/autopartscenter24.com\/wp-content\/uploads\/2023\/03\/1-0-tsi-dkr-moottori-vw-golf-vii-octavia-iii.webp","datePublished":"2023-03-09T21:04:39+00:00","dateModified":"2023-03-10T19:05:02+00:00","description":"Yksi moottoreista, joita meill\u00e4 on usein saatavilla. L\u00e4het\u00e4 kysely ja saat tarjouksen 24 tunnin sis\u00e4ll\u00e4. Moottorit, vaihteistot ja muut auton osat takuulla.","breadcrumb":{"@id":"https:\/\/autopartscenter24.com\/auton-varaosat\/1-0-tsi-dkr-moottori-polo-golf-t-cross\/#breadcrumb"},"inLanguage":"fi","potentialAction":[{"@type":"ReadAction","target":["https:\/\/autopartscenter24.com\/auton-varaosat\/1-0-tsi-dkr-moottori-polo-golf-t-cross\/"]}]},{"@type":"ImageObject","inLanguage":"fi","@id":"https:\/\/autopartscenter24.com\/auton-varaosat\/1-0-tsi-dkr-moottori-polo-golf-t-cross\/#primaryimage","url":"https:\/\/autopartscenter24.com\/wp-content\/uploads\/2023\/03\/1-0-tsi-dkr-moottori-vw-golf-vii-octavia-iii.webp","contentUrl":"https:\/\/autopartscenter24.com\/wp-content\/uploads\/2023\/03\/1-0-tsi-dkr-moottori-vw-golf-vii-octavia-iii.webp","width":800,"height":600},{"@type":"BreadcrumbList","@id":"https:\/\/autopartscenter24.com\/auton-varaosat\/1-0-tsi-dkr-moottori-polo-golf-t-cross\/#breadcrumb","itemListElement":[{"@type":"ListItem","position":1,"name":"Etusivu","item":"https:\/\/aliceblue-termite-662564.hostingersite.com\/"},{"@type":"ListItem","position":2,"name":"Auton varaosat","item":"https:\/\/aliceblue-termite-662564.hostingersite.com\/auton-varaosat\/"},{"@type":"ListItem","position":3,"name":"1.0 TSI &#8221;DKR&#8221; Moottori [esim. Polo, Golf, T-Cross, A1, Octavia]"}]},{"@type":"WebSite","@id":"https:\/\/autopartscenter24.com\/#website","url":"https:\/\/autopartscenter24.com\/","name":"Autopartscenter24","description":"K\u00c4YTETYT JA KUNNOSTETUT  AUTON VARAOSAT","potentialAction":[{"@type":"SearchAction","target":{"@type":"EntryPoint","urlTemplate":"https:\/\/autopartscenter24.com\/?s={search_term_string}"},"query-input":{"@type":"PropertyValueSpecification","valueRequired":true,"valueName":"search_term_string"}}],"inLanguage":"fi"}]}},"_links":{"self":[{"href":"https:\/\/autopartscenter24.com\/fi\/wp-json\/wp\/v2\/product\/4218","targetHints":{"allow":["GET"]}}],"collection":[{"href":"https:\/\/autopartscenter24.com\/fi\/wp-json\/wp\/v2\/product"}],"about":[{"href":"https:\/\/autopartscenter24.com\/fi\/wp-json\/wp\/v2\/types\/product"}],"wp:featuredmedia":[{"embeddable":true,"href":"https:\/\/autopartscenter24.com\/fi\/wp-json\/wp\/v2\/media\/4796"}],"wp:attachment":[{"href":"https:\/\/autopartscenter24.com\/fi\/wp-json\/wp\/v2\/media?parent=4218"}],"wp:term":[{"taxonomy":"product_brand","embeddable":true,"href":"https:\/\/autopartscenter24.com\/fi\/wp-json\/wp\/v2\/product_brand?post=4218"},{"taxonomy":"product_cat","embeddable":true,"href":"https:\/\/autopartscenter24.com\/fi\/wp-json\/wp\/v2\/product_cat?post=4218"},{"taxonomy":"product_tag","embeddable":true,"href":"https:\/\/autopartscenter24.com\/fi\/wp-json\/wp\/v2\/product_tag?post=4218"}],"curies":[{"name":"wp","href":"https:\/\/api.w.org\/{rel}","templated":true}]}}