{"id":4212,"date":"2023-03-09T21:57:52","date_gmt":"2023-03-09T20:57:52","guid":{"rendered":"https:\/\/autopartscenter24.com\/?post_type=product&#038;p=4212"},"modified":"2023-03-10T20:04:51","modified_gmt":"2023-03-10T19:04:51","slug":"1-6-ccsa-moottori-vw-golf-jetta-passat","status":"publish","type":"product","link":"https:\/\/autopartscenter24.com\/fi\/auton-varaosat\/1-6-ccsa-moottori-vw-golf-jetta-passat\/","title":{"rendered":"1.6 &#8221;CCSA&#8221; Moottori [VW Golf, Jetta Passat]"},"content":{"rendered":"<p><strong>Volkswagenin 1.6 -moottori, koodinimelt\u00e4\u00e4n CSSA<\/strong>, on yksi Volkswagen AG:n valmistamista bensiinimoottoreista. Moottori tunnetaan sen luotettavuudesta ja taloudellisuudesta. CSSA-moottorissa on nelj\u00e4 sylinteri\u00e4 ja yksi nokka-akseli. Se tuottaa tehoa 102 hv ja v\u00e4\u00e4nt\u00f6\u00e4 148 Nm.<\/p>\n<p>Moottorissa on k\u00e4ytetty Volkswagenin polttoaineen suorasuihkutusteknologiaa, joka parantaa polttoainetaloutta ja v\u00e4hent\u00e4\u00e4 p\u00e4\u00e4st\u00f6j\u00e4. Moottorin suurin etu on sen taloudellisuus, joka mahdollistaa pienemm\u00e4t p\u00e4\u00e4st\u00f6arvot ja pienemm\u00e4n polttoaineenkulutuksen.<\/p>\n<p>CSSA-moottorissa on k\u00e4ytetty useita teknisi\u00e4 ratkaisuja, jotka parantavat sen suorituskyky\u00e4 ja kest\u00e4vyytt\u00e4. Moottorin sylinterit ovat valmistettu valurautaisena, joka kest\u00e4\u00e4 korkeaa painetta ja l\u00e4mp\u00f6tilaa. Moottorissa on my\u00f6s k\u00e4ytetty Volkswagenin BlueMotion-j\u00e4rjestelm\u00e4\u00e4, joka v\u00e4hent\u00e4\u00e4 polttoaineen kulutusta ja p\u00e4\u00e4st\u00f6j\u00e4.<\/p>\n<p>Toivottavasti t\u00e4m\u00e4 teksti auttoi sinua oppimaan lis\u00e4\u00e4 CSSA-moottorista ja sen teknisist\u00e4 ominaisuuksista.<\/p>\n","protected":false},"excerpt":{"rendered":"<p>CSSA-moottoria on k\u00e4ytetty monissa Volkswagenin autoissa, kuten Volkswagen Golf:ssa, Jetta:ssa, Passat:ssa ja Polo:ssa. Moottori on ollut saatavana vuodesta 2008 alkaen.<\/p>\n<p>Automerkit ja -mallit, joissa CSSA-moottori on k\u00e4ytetty:<\/p>\n<ul>\n<li>Volkswagen Golf (2008-2020)<\/li>\n<li>Volkswagen Jetta (2008-2018)<\/li>\n<li>Volkswagen Passat (2011-2020)<\/li>\n<li>Volkswagen Polo (2009-2017)<\/li>\n<\/ul>\n","protected":false},"featured_media":4791,"template":"","meta":[],"product_brand":[],"product_cat":[301],"product_tag":[345,382,349,406],"class_list":{"0":"post-4212","1":"product","2":"type-product","3":"status-publish","4":"has-post-thumbnail","6":"product_cat-vw","7":"product_tag-golf","8":"product_tag-jetta","9":"product_tag-passat","10":"product_tag-polo","11":"pa_varaosan-osasto-moottori","14":"first","15":"instock","16":"shipping-taxable","17":"product-type-simple"},"yoast_head":"<!-- This site is optimized with the Yoast SEO plugin v26.8 - https:\/\/yoast.com\/product\/yoast-seo-wordpress\/ -->\n<title>1.6 &quot;CCSA&quot; Moottori [VW Golf, Jetta Passat] - Autopartscenter24<\/title>\n<meta name=\"description\" content=\"Yksi moottoreista, joita meill\u00e4 on usein saatavilla. L\u00e4het\u00e4 kysely ja saat tarjouksen 24 tunnin sis\u00e4ll\u00e4. Moottorit, vaihteistot ja muut auton osat takuulla.\" \/>\n<meta name=\"robots\" content=\"index, follow, max-snippet:-1, max-image-preview:large, max-video-preview:-1\" \/>\n<link rel=\"canonical\" href=\"https:\/\/autopartscenter24.com\/fi\/auton-varaosat\/1-6-ccsa-moottori-vw-golf-jetta-passat\/\" \/>\n<meta property=\"og:locale\" content=\"fi_FI\" \/>\n<meta property=\"og:type\" content=\"article\" \/>\n<meta property=\"og:title\" content=\"1.6 &quot;CCSA&quot; Moottori [VW Golf, Jetta Passat] - Autopartscenter24\" \/>\n<meta property=\"og:description\" content=\"Yksi moottoreista, joita meill\u00e4 on usein saatavilla. L\u00e4het\u00e4 kysely ja saat tarjouksen 24 tunnin sis\u00e4ll\u00e4. Moottorit, vaihteistot ja muut auton osat takuulla.\" \/>\n<meta property=\"og:url\" content=\"https:\/\/autopartscenter24.com\/fi\/auton-varaosat\/1-6-ccsa-moottori-vw-golf-jetta-passat\/\" \/>\n<meta property=\"og:site_name\" content=\"Autopartscenter24\" \/>\n<meta property=\"article:modified_time\" content=\"2023-03-10T19:04:51+00:00\" \/>\n<meta property=\"og:image\" content=\"https:\/\/autopartscenter24.com\/wp-content\/uploads\/2023\/03\/1-6-ccsa-moottori-octavia-ii-jetta-iii-leon-altea.webp\" \/>\n\t<meta property=\"og:image:width\" content=\"800\" \/>\n\t<meta property=\"og:image:height\" content=\"600\" \/>\n\t<meta property=\"og:image:type\" content=\"image\/webp\" \/>\n<meta name=\"twitter:card\" content=\"summary_large_image\" \/>\n<meta name=\"twitter:label1\" content=\"Arvioitu lukuaika\" \/>\n\t<meta name=\"twitter:data1\" content=\"1 minuutti\" \/>\n<script type=\"application\/ld+json\" class=\"yoast-schema-graph\">{\"@context\":\"https:\/\/schema.org\",\"@graph\":[{\"@type\":\"WebPage\",\"@id\":\"https:\/\/autopartscenter24.com\/auton-varaosat\/1-6-ccsa-moottori-vw-golf-jetta-passat\/\",\"url\":\"https:\/\/autopartscenter24.com\/auton-varaosat\/1-6-ccsa-moottori-vw-golf-jetta-passat\/\",\"name\":\"1.6 \\\"CCSA\\\" Moottori [VW Golf, Jetta Passat] - Autopartscenter24\",\"isPartOf\":{\"@id\":\"https:\/\/autopartscenter24.com\/#website\"},\"primaryImageOfPage\":{\"@id\":\"https:\/\/autopartscenter24.com\/auton-varaosat\/1-6-ccsa-moottori-vw-golf-jetta-passat\/#primaryimage\"},\"image\":{\"@id\":\"https:\/\/autopartscenter24.com\/auton-varaosat\/1-6-ccsa-moottori-vw-golf-jetta-passat\/#primaryimage\"},\"thumbnailUrl\":\"https:\/\/autopartscenter24.com\/wp-content\/uploads\/2023\/03\/1-6-ccsa-moottori-octavia-ii-jetta-iii-leon-altea.webp\",\"datePublished\":\"2023-03-09T20:57:52+00:00\",\"dateModified\":\"2023-03-10T19:04:51+00:00\",\"description\":\"Yksi moottoreista, joita meill\u00e4 on usein saatavilla. L\u00e4het\u00e4 kysely ja saat tarjouksen 24 tunnin sis\u00e4ll\u00e4. Moottorit, vaihteistot ja muut auton osat takuulla.\",\"breadcrumb\":{\"@id\":\"https:\/\/autopartscenter24.com\/auton-varaosat\/1-6-ccsa-moottori-vw-golf-jetta-passat\/#breadcrumb\"},\"inLanguage\":\"fi\",\"potentialAction\":[{\"@type\":\"ReadAction\",\"target\":[\"https:\/\/autopartscenter24.com\/auton-varaosat\/1-6-ccsa-moottori-vw-golf-jetta-passat\/\"]}]},{\"@type\":\"ImageObject\",\"inLanguage\":\"fi\",\"@id\":\"https:\/\/autopartscenter24.com\/auton-varaosat\/1-6-ccsa-moottori-vw-golf-jetta-passat\/#primaryimage\",\"url\":\"https:\/\/autopartscenter24.com\/wp-content\/uploads\/2023\/03\/1-6-ccsa-moottori-octavia-ii-jetta-iii-leon-altea.webp\",\"contentUrl\":\"https:\/\/autopartscenter24.com\/wp-content\/uploads\/2023\/03\/1-6-ccsa-moottori-octavia-ii-jetta-iii-leon-altea.webp\",\"width\":800,\"height\":600},{\"@type\":\"BreadcrumbList\",\"@id\":\"https:\/\/autopartscenter24.com\/auton-varaosat\/1-6-ccsa-moottori-vw-golf-jetta-passat\/#breadcrumb\",\"itemListElement\":[{\"@type\":\"ListItem\",\"position\":1,\"name\":\"Etusivu\",\"item\":\"https:\/\/aliceblue-termite-662564.hostingersite.com\/\"},{\"@type\":\"ListItem\",\"position\":2,\"name\":\"Auton varaosat\",\"item\":\"https:\/\/aliceblue-termite-662564.hostingersite.com\/auton-varaosat\/\"},{\"@type\":\"ListItem\",\"position\":3,\"name\":\"1.6 &#8221;CCSA&#8221; Moottori [VW Golf, Jetta Passat]\"}]},{\"@type\":\"WebSite\",\"@id\":\"https:\/\/autopartscenter24.com\/#website\",\"url\":\"https:\/\/autopartscenter24.com\/\",\"name\":\"Autopartscenter24\",\"description\":\"K\u00c4YTETYT JA KUNNOSTETUT  AUTON VARAOSAT\",\"potentialAction\":[{\"@type\":\"SearchAction\",\"target\":{\"@type\":\"EntryPoint\",\"urlTemplate\":\"https:\/\/autopartscenter24.com\/?s={search_term_string}\"},\"query-input\":{\"@type\":\"PropertyValueSpecification\",\"valueRequired\":true,\"valueName\":\"search_term_string\"}}],\"inLanguage\":\"fi\"}]}<\/script>\n<!-- \/ Yoast SEO plugin. -->","yoast_head_json":{"title":"1.6 \"CCSA\" Moottori [VW Golf, Jetta Passat] - Autopartscenter24","description":"Yksi moottoreista, joita meill\u00e4 on usein saatavilla. L\u00e4het\u00e4 kysely ja saat tarjouksen 24 tunnin sis\u00e4ll\u00e4. Moottorit, vaihteistot ja muut auton osat takuulla.","robots":{"index":"index","follow":"follow","max-snippet":"max-snippet:-1","max-image-preview":"max-image-preview:large","max-video-preview":"max-video-preview:-1"},"canonical":"https:\/\/autopartscenter24.com\/fi\/auton-varaosat\/1-6-ccsa-moottori-vw-golf-jetta-passat\/","og_locale":"fi_FI","og_type":"article","og_title":"1.6 \"CCSA\" Moottori [VW Golf, Jetta Passat] - Autopartscenter24","og_description":"Yksi moottoreista, joita meill\u00e4 on usein saatavilla. L\u00e4het\u00e4 kysely ja saat tarjouksen 24 tunnin sis\u00e4ll\u00e4. Moottorit, vaihteistot ja muut auton osat takuulla.","og_url":"https:\/\/autopartscenter24.com\/fi\/auton-varaosat\/1-6-ccsa-moottori-vw-golf-jetta-passat\/","og_site_name":"Autopartscenter24","article_modified_time":"2023-03-10T19:04:51+00:00","og_image":[{"width":800,"height":600,"url":"https:\/\/autopartscenter24.com\/wp-content\/uploads\/2023\/03\/1-6-ccsa-moottori-octavia-ii-jetta-iii-leon-altea.webp","type":"image\/webp"}],"twitter_card":"summary_large_image","twitter_misc":{"Arvioitu lukuaika":"1 minuutti"},"schema":{"@context":"https:\/\/schema.org","@graph":[{"@type":"WebPage","@id":"https:\/\/autopartscenter24.com\/auton-varaosat\/1-6-ccsa-moottori-vw-golf-jetta-passat\/","url":"https:\/\/autopartscenter24.com\/auton-varaosat\/1-6-ccsa-moottori-vw-golf-jetta-passat\/","name":"1.6 \"CCSA\" Moottori [VW Golf, Jetta Passat] - Autopartscenter24","isPartOf":{"@id":"https:\/\/autopartscenter24.com\/#website"},"primaryImageOfPage":{"@id":"https:\/\/autopartscenter24.com\/auton-varaosat\/1-6-ccsa-moottori-vw-golf-jetta-passat\/#primaryimage"},"image":{"@id":"https:\/\/autopartscenter24.com\/auton-varaosat\/1-6-ccsa-moottori-vw-golf-jetta-passat\/#primaryimage"},"thumbnailUrl":"https:\/\/autopartscenter24.com\/wp-content\/uploads\/2023\/03\/1-6-ccsa-moottori-octavia-ii-jetta-iii-leon-altea.webp","datePublished":"2023-03-09T20:57:52+00:00","dateModified":"2023-03-10T19:04:51+00:00","description":"Yksi moottoreista, joita meill\u00e4 on usein saatavilla. L\u00e4het\u00e4 kysely ja saat tarjouksen 24 tunnin sis\u00e4ll\u00e4. Moottorit, vaihteistot ja muut auton osat takuulla.","breadcrumb":{"@id":"https:\/\/autopartscenter24.com\/auton-varaosat\/1-6-ccsa-moottori-vw-golf-jetta-passat\/#breadcrumb"},"inLanguage":"fi","potentialAction":[{"@type":"ReadAction","target":["https:\/\/autopartscenter24.com\/auton-varaosat\/1-6-ccsa-moottori-vw-golf-jetta-passat\/"]}]},{"@type":"ImageObject","inLanguage":"fi","@id":"https:\/\/autopartscenter24.com\/auton-varaosat\/1-6-ccsa-moottori-vw-golf-jetta-passat\/#primaryimage","url":"https:\/\/autopartscenter24.com\/wp-content\/uploads\/2023\/03\/1-6-ccsa-moottori-octavia-ii-jetta-iii-leon-altea.webp","contentUrl":"https:\/\/autopartscenter24.com\/wp-content\/uploads\/2023\/03\/1-6-ccsa-moottori-octavia-ii-jetta-iii-leon-altea.webp","width":800,"height":600},{"@type":"BreadcrumbList","@id":"https:\/\/autopartscenter24.com\/auton-varaosat\/1-6-ccsa-moottori-vw-golf-jetta-passat\/#breadcrumb","itemListElement":[{"@type":"ListItem","position":1,"name":"Etusivu","item":"https:\/\/aliceblue-termite-662564.hostingersite.com\/"},{"@type":"ListItem","position":2,"name":"Auton varaosat","item":"https:\/\/aliceblue-termite-662564.hostingersite.com\/auton-varaosat\/"},{"@type":"ListItem","position":3,"name":"1.6 &#8221;CCSA&#8221; Moottori [VW Golf, Jetta Passat]"}]},{"@type":"WebSite","@id":"https:\/\/autopartscenter24.com\/#website","url":"https:\/\/autopartscenter24.com\/","name":"Autopartscenter24","description":"K\u00c4YTETYT JA KUNNOSTETUT  AUTON VARAOSAT","potentialAction":[{"@type":"SearchAction","target":{"@type":"EntryPoint","urlTemplate":"https:\/\/autopartscenter24.com\/?s={search_term_string}"},"query-input":{"@type":"PropertyValueSpecification","valueRequired":true,"valueName":"search_term_string"}}],"inLanguage":"fi"}]}},"_links":{"self":[{"href":"https:\/\/autopartscenter24.com\/fi\/wp-json\/wp\/v2\/product\/4212","targetHints":{"allow":["GET"]}}],"collection":[{"href":"https:\/\/autopartscenter24.com\/fi\/wp-json\/wp\/v2\/product"}],"about":[{"href":"https:\/\/autopartscenter24.com\/fi\/wp-json\/wp\/v2\/types\/product"}],"wp:featuredmedia":[{"embeddable":true,"href":"https:\/\/autopartscenter24.com\/fi\/wp-json\/wp\/v2\/media\/4791"}],"wp:attachment":[{"href":"https:\/\/autopartscenter24.com\/fi\/wp-json\/wp\/v2\/media?parent=4212"}],"wp:term":[{"taxonomy":"product_brand","embeddable":true,"href":"https:\/\/autopartscenter24.com\/fi\/wp-json\/wp\/v2\/product_brand?post=4212"},{"taxonomy":"product_cat","embeddable":true,"href":"https:\/\/autopartscenter24.com\/fi\/wp-json\/wp\/v2\/product_cat?post=4212"},{"taxonomy":"product_tag","embeddable":true,"href":"https:\/\/autopartscenter24.com\/fi\/wp-json\/wp\/v2\/product_tag?post=4212"}],"curies":[{"name":"wp","href":"https:\/\/api.w.org\/{rel}","templated":true}]}}