{"id":4148,"date":"2023-03-08T19:07:45","date_gmt":"2023-03-08T18:07:45","guid":{"rendered":"https:\/\/autopartscenter24.com\/?post_type=product&#038;p=4148"},"modified":"2023-03-10T20:02:10","modified_gmt":"2023-03-10T19:02:10","slug":"1-8-tfsi-cdh-moottori-audi-a5-a4-b8","status":"publish","type":"product","link":"https:\/\/autopartscenter24.com\/fi\/auton-varaosat\/1-8-tfsi-cdh-moottori-audi-a5-a4-b8\/","title":{"rendered":"1.8 TFSI &#8221;CDH&#8221; Moottori [esim. Audi A4, A5]"},"content":{"rendered":"<p>Audi on yksi niist\u00e4 autonvalmistajista, joka on k\u00e4ytt\u00e4nyt <strong>1,8 TFSI -moottoria<\/strong> useissa autoissaan. Moottorin koodi on <strong>CDH<\/strong>, joka on yksi yleisimmist\u00e4 1,8 TFSI -moottorin koodiversioista. T\u00e4m\u00e4 moottori on voittanut useita palkintoja sen suorituskyvyn ja taloudellisuuden ansiosta.<\/p>\n<p>Audi 1,8 TFSI -moottori on 4-sylinterinen turboahdettu bensiinimoottori, joka tuottaa jopa 170 kW (230 hv) tehoa ja 370 Nm v\u00e4\u00e4nt\u00f6momenttia. T\u00e4m\u00e4 moottori on eritt\u00e4in tehokas ja tarjoaa samalla hyv\u00e4n polttoainetaloudellisuuden. Moottorin kierrosalue on laaja, ja se tarjoaa hyv\u00e4n kiihtyvyyden.<\/p>\n<p>Moottorin rakenne on kevyt ja kompakti. Se on valmistettu alumiinista, mik\u00e4 auttaa v\u00e4hent\u00e4m\u00e4\u00e4n moottorin painoa ja lis\u00e4\u00e4 sen suorituskyky\u00e4. Moottorin turboahtimen avulla saadaan aikaan korkea puristussuhde ja siten suuri teho. Lis\u00e4ksi moottorin suunnitteluun kuuluu monipuolinen venttiilij\u00e4rjestelm\u00e4, joka tarjoaa paremman ilman virtauksen ja siten parantaa moottorin suorituskyky\u00e4.<\/p>\n<p>Audi 1,8 TFSI -moottori on my\u00f6s varustettu monilla edistyneill\u00e4 teknologioilla, kuten suorasuihkutuksella ja muuttuvalla venttiilinajoituksella. Suorasuihkutus auttaa polttoaineen tehokkaassa sy\u00f6tt\u00e4misess\u00e4 moottoriin ja parantaa sen polttoainetaloutta. Muuttuva venttiilinajoitus taas auttaa optimoimaan moottorin suorituskyky\u00e4 ja polttoainetaloutta eri kierrosnopeuksilla.<\/p>\n<p>N\u00e4iss\u00e4 autoissa 1,8 TFSI -moottorin teho ja suorituskyky ovat tehneet niist\u00e4 eritt\u00e4in suosittuja. Moottorin edistykselliset teknologiat ja kevyt rakenne ovat auttaneet n\u00e4it\u00e4 autoja saavuttamaan erinomaisen polttoainetalouden ja samalla s\u00e4ilytt\u00e4m\u00e4\u00e4n Audi-malliston tunnusomaisen suoritusky<\/p>\n","protected":false},"excerpt":{"rendered":"<p>Audi 1,8 TFSI -moottori on asennettu useisiin eri Audi-malleihin vuosien varrella. Alla on lista Audi-malleista, jotka ovat k\u00e4ytt\u00e4neet t\u00e4t\u00e4 moottoria:<\/p>\n<ul>\n<li>Audi A4 (vuodet 2008-2015)<\/li>\n<li>Audi A5 (vuodet 2008-2016)<\/li>\n<li>Audi A6 (vuodet 2011-2018)<\/li>\n<li>Audi Q3 (vuodet 2011-2018)<\/li>\n<li>Audi TT (vuodet 2010-2014)<\/li>\n<\/ul>\n","protected":false},"featured_media":4740,"template":"","meta":[],"product_brand":[],"product_cat":[300],"product_tag":[304,376,377],"class_list":{"0":"post-4148","1":"product","2":"type-product","3":"status-publish","4":"has-post-thumbnail","6":"product_cat-audi","7":"product_tag-a4","8":"product_tag-a5","9":"product_tag-a6","10":"pa_varaosan-osasto-moottori","13":"first","14":"instock","15":"shipping-taxable","16":"product-type-simple"},"yoast_head":"<!-- This site is optimized with the Yoast SEO plugin v26.8 - https:\/\/yoast.com\/product\/yoast-seo-wordpress\/ -->\n<title>1.8 TFSI &quot;CDH&quot; Moottori [esim. Audi A4, A5] - Autopartscenter24<\/title>\n<meta name=\"description\" content=\"Yksi moottoreista, joita meill\u00e4 on usein saatavilla. L\u00e4het\u00e4 kysely ja saat tarjouksen 24 tunnin sis\u00e4ll\u00e4. Moottorit, vaihteistot ja muut auton osat takuulla.\" \/>\n<meta name=\"robots\" content=\"index, follow, max-snippet:-1, max-image-preview:large, max-video-preview:-1\" \/>\n<link rel=\"canonical\" href=\"https:\/\/autopartscenter24.com\/fi\/auton-varaosat\/1-8-tfsi-cdh-moottori-audi-a5-a4-b8\/\" \/>\n<meta property=\"og:locale\" content=\"fi_FI\" \/>\n<meta property=\"og:type\" content=\"article\" \/>\n<meta property=\"og:title\" content=\"1.8 TFSI &quot;CDH&quot; Moottori [esim. Audi A4, A5] - Autopartscenter24\" \/>\n<meta property=\"og:description\" content=\"Yksi moottoreista, joita meill\u00e4 on usein saatavilla. L\u00e4het\u00e4 kysely ja saat tarjouksen 24 tunnin sis\u00e4ll\u00e4. Moottorit, vaihteistot ja muut auton osat takuulla.\" \/>\n<meta property=\"og:url\" content=\"https:\/\/autopartscenter24.com\/fi\/auton-varaosat\/1-8-tfsi-cdh-moottori-audi-a5-a4-b8\/\" \/>\n<meta property=\"og:site_name\" content=\"Autopartscenter24\" \/>\n<meta property=\"article:modified_time\" content=\"2023-03-10T19:02:10+00:00\" \/>\n<meta property=\"og:image\" content=\"https:\/\/autopartscenter24.com\/wp-content\/uploads\/2023\/03\/1-8-tfsi-cdh-moottori-audi-a5-a4-b8.webp\" \/>\n\t<meta property=\"og:image:width\" content=\"800\" \/>\n\t<meta property=\"og:image:height\" content=\"600\" \/>\n\t<meta property=\"og:image:type\" content=\"image\/webp\" \/>\n<meta name=\"twitter:card\" content=\"summary_large_image\" \/>\n<meta name=\"twitter:label1\" content=\"Arvioitu lukuaika\" \/>\n\t<meta name=\"twitter:data1\" content=\"1 minuutti\" \/>\n<script type=\"application\/ld+json\" class=\"yoast-schema-graph\">{\"@context\":\"https:\/\/schema.org\",\"@graph\":[{\"@type\":\"WebPage\",\"@id\":\"https:\/\/autopartscenter24.com\/auton-varaosat\/1-8-tfsi-cdh-moottori-audi-a5-a4-b8\/\",\"url\":\"https:\/\/autopartscenter24.com\/auton-varaosat\/1-8-tfsi-cdh-moottori-audi-a5-a4-b8\/\",\"name\":\"1.8 TFSI \\\"CDH\\\" Moottori [esim. Audi A4, A5] - Autopartscenter24\",\"isPartOf\":{\"@id\":\"https:\/\/autopartscenter24.com\/#website\"},\"primaryImageOfPage\":{\"@id\":\"https:\/\/autopartscenter24.com\/auton-varaosat\/1-8-tfsi-cdh-moottori-audi-a5-a4-b8\/#primaryimage\"},\"image\":{\"@id\":\"https:\/\/autopartscenter24.com\/auton-varaosat\/1-8-tfsi-cdh-moottori-audi-a5-a4-b8\/#primaryimage\"},\"thumbnailUrl\":\"https:\/\/autopartscenter24.com\/wp-content\/uploads\/2023\/03\/1-8-tfsi-cdh-moottori-audi-a5-a4-b8.webp\",\"datePublished\":\"2023-03-08T18:07:45+00:00\",\"dateModified\":\"2023-03-10T19:02:10+00:00\",\"description\":\"Yksi moottoreista, joita meill\u00e4 on usein saatavilla. L\u00e4het\u00e4 kysely ja saat tarjouksen 24 tunnin sis\u00e4ll\u00e4. Moottorit, vaihteistot ja muut auton osat takuulla.\",\"breadcrumb\":{\"@id\":\"https:\/\/autopartscenter24.com\/auton-varaosat\/1-8-tfsi-cdh-moottori-audi-a5-a4-b8\/#breadcrumb\"},\"inLanguage\":\"fi\",\"potentialAction\":[{\"@type\":\"ReadAction\",\"target\":[\"https:\/\/autopartscenter24.com\/auton-varaosat\/1-8-tfsi-cdh-moottori-audi-a5-a4-b8\/\"]}]},{\"@type\":\"ImageObject\",\"inLanguage\":\"fi\",\"@id\":\"https:\/\/autopartscenter24.com\/auton-varaosat\/1-8-tfsi-cdh-moottori-audi-a5-a4-b8\/#primaryimage\",\"url\":\"https:\/\/autopartscenter24.com\/wp-content\/uploads\/2023\/03\/1-8-tfsi-cdh-moottori-audi-a5-a4-b8.webp\",\"contentUrl\":\"https:\/\/autopartscenter24.com\/wp-content\/uploads\/2023\/03\/1-8-tfsi-cdh-moottori-audi-a5-a4-b8.webp\",\"width\":800,\"height\":600},{\"@type\":\"BreadcrumbList\",\"@id\":\"https:\/\/autopartscenter24.com\/auton-varaosat\/1-8-tfsi-cdh-moottori-audi-a5-a4-b8\/#breadcrumb\",\"itemListElement\":[{\"@type\":\"ListItem\",\"position\":1,\"name\":\"Etusivu\",\"item\":\"https:\/\/aliceblue-termite-662564.hostingersite.com\/\"},{\"@type\":\"ListItem\",\"position\":2,\"name\":\"Auton varaosat\",\"item\":\"https:\/\/aliceblue-termite-662564.hostingersite.com\/auton-varaosat\/\"},{\"@type\":\"ListItem\",\"position\":3,\"name\":\"1.8 TFSI &#8221;CDH&#8221; Moottori [esim. Audi A4, A5]\"}]},{\"@type\":\"WebSite\",\"@id\":\"https:\/\/autopartscenter24.com\/#website\",\"url\":\"https:\/\/autopartscenter24.com\/\",\"name\":\"Autopartscenter24\",\"description\":\"K\u00c4YTETYT JA KUNNOSTETUT  AUTON VARAOSAT\",\"potentialAction\":[{\"@type\":\"SearchAction\",\"target\":{\"@type\":\"EntryPoint\",\"urlTemplate\":\"https:\/\/autopartscenter24.com\/?s={search_term_string}\"},\"query-input\":{\"@type\":\"PropertyValueSpecification\",\"valueRequired\":true,\"valueName\":\"search_term_string\"}}],\"inLanguage\":\"fi\"}]}<\/script>\n<!-- \/ Yoast SEO plugin. -->","yoast_head_json":{"title":"1.8 TFSI \"CDH\" Moottori [esim. Audi A4, A5] - Autopartscenter24","description":"Yksi moottoreista, joita meill\u00e4 on usein saatavilla. L\u00e4het\u00e4 kysely ja saat tarjouksen 24 tunnin sis\u00e4ll\u00e4. Moottorit, vaihteistot ja muut auton osat takuulla.","robots":{"index":"index","follow":"follow","max-snippet":"max-snippet:-1","max-image-preview":"max-image-preview:large","max-video-preview":"max-video-preview:-1"},"canonical":"https:\/\/autopartscenter24.com\/fi\/auton-varaosat\/1-8-tfsi-cdh-moottori-audi-a5-a4-b8\/","og_locale":"fi_FI","og_type":"article","og_title":"1.8 TFSI \"CDH\" Moottori [esim. Audi A4, A5] - Autopartscenter24","og_description":"Yksi moottoreista, joita meill\u00e4 on usein saatavilla. L\u00e4het\u00e4 kysely ja saat tarjouksen 24 tunnin sis\u00e4ll\u00e4. Moottorit, vaihteistot ja muut auton osat takuulla.","og_url":"https:\/\/autopartscenter24.com\/fi\/auton-varaosat\/1-8-tfsi-cdh-moottori-audi-a5-a4-b8\/","og_site_name":"Autopartscenter24","article_modified_time":"2023-03-10T19:02:10+00:00","og_image":[{"width":800,"height":600,"url":"https:\/\/autopartscenter24.com\/wp-content\/uploads\/2023\/03\/1-8-tfsi-cdh-moottori-audi-a5-a4-b8.webp","type":"image\/webp"}],"twitter_card":"summary_large_image","twitter_misc":{"Arvioitu lukuaika":"1 minuutti"},"schema":{"@context":"https:\/\/schema.org","@graph":[{"@type":"WebPage","@id":"https:\/\/autopartscenter24.com\/auton-varaosat\/1-8-tfsi-cdh-moottori-audi-a5-a4-b8\/","url":"https:\/\/autopartscenter24.com\/auton-varaosat\/1-8-tfsi-cdh-moottori-audi-a5-a4-b8\/","name":"1.8 TFSI \"CDH\" Moottori [esim. Audi A4, A5] - Autopartscenter24","isPartOf":{"@id":"https:\/\/autopartscenter24.com\/#website"},"primaryImageOfPage":{"@id":"https:\/\/autopartscenter24.com\/auton-varaosat\/1-8-tfsi-cdh-moottori-audi-a5-a4-b8\/#primaryimage"},"image":{"@id":"https:\/\/autopartscenter24.com\/auton-varaosat\/1-8-tfsi-cdh-moottori-audi-a5-a4-b8\/#primaryimage"},"thumbnailUrl":"https:\/\/autopartscenter24.com\/wp-content\/uploads\/2023\/03\/1-8-tfsi-cdh-moottori-audi-a5-a4-b8.webp","datePublished":"2023-03-08T18:07:45+00:00","dateModified":"2023-03-10T19:02:10+00:00","description":"Yksi moottoreista, joita meill\u00e4 on usein saatavilla. L\u00e4het\u00e4 kysely ja saat tarjouksen 24 tunnin sis\u00e4ll\u00e4. Moottorit, vaihteistot ja muut auton osat takuulla.","breadcrumb":{"@id":"https:\/\/autopartscenter24.com\/auton-varaosat\/1-8-tfsi-cdh-moottori-audi-a5-a4-b8\/#breadcrumb"},"inLanguage":"fi","potentialAction":[{"@type":"ReadAction","target":["https:\/\/autopartscenter24.com\/auton-varaosat\/1-8-tfsi-cdh-moottori-audi-a5-a4-b8\/"]}]},{"@type":"ImageObject","inLanguage":"fi","@id":"https:\/\/autopartscenter24.com\/auton-varaosat\/1-8-tfsi-cdh-moottori-audi-a5-a4-b8\/#primaryimage","url":"https:\/\/autopartscenter24.com\/wp-content\/uploads\/2023\/03\/1-8-tfsi-cdh-moottori-audi-a5-a4-b8.webp","contentUrl":"https:\/\/autopartscenter24.com\/wp-content\/uploads\/2023\/03\/1-8-tfsi-cdh-moottori-audi-a5-a4-b8.webp","width":800,"height":600},{"@type":"BreadcrumbList","@id":"https:\/\/autopartscenter24.com\/auton-varaosat\/1-8-tfsi-cdh-moottori-audi-a5-a4-b8\/#breadcrumb","itemListElement":[{"@type":"ListItem","position":1,"name":"Etusivu","item":"https:\/\/aliceblue-termite-662564.hostingersite.com\/"},{"@type":"ListItem","position":2,"name":"Auton varaosat","item":"https:\/\/aliceblue-termite-662564.hostingersite.com\/auton-varaosat\/"},{"@type":"ListItem","position":3,"name":"1.8 TFSI &#8221;CDH&#8221; Moottori [esim. Audi A4, A5]"}]},{"@type":"WebSite","@id":"https:\/\/autopartscenter24.com\/#website","url":"https:\/\/autopartscenter24.com\/","name":"Autopartscenter24","description":"K\u00c4YTETYT JA KUNNOSTETUT  AUTON VARAOSAT","potentialAction":[{"@type":"SearchAction","target":{"@type":"EntryPoint","urlTemplate":"https:\/\/autopartscenter24.com\/?s={search_term_string}"},"query-input":{"@type":"PropertyValueSpecification","valueRequired":true,"valueName":"search_term_string"}}],"inLanguage":"fi"}]}},"_links":{"self":[{"href":"https:\/\/autopartscenter24.com\/fi\/wp-json\/wp\/v2\/product\/4148","targetHints":{"allow":["GET"]}}],"collection":[{"href":"https:\/\/autopartscenter24.com\/fi\/wp-json\/wp\/v2\/product"}],"about":[{"href":"https:\/\/autopartscenter24.com\/fi\/wp-json\/wp\/v2\/types\/product"}],"wp:featuredmedia":[{"embeddable":true,"href":"https:\/\/autopartscenter24.com\/fi\/wp-json\/wp\/v2\/media\/4740"}],"wp:attachment":[{"href":"https:\/\/autopartscenter24.com\/fi\/wp-json\/wp\/v2\/media?parent=4148"}],"wp:term":[{"taxonomy":"product_brand","embeddable":true,"href":"https:\/\/autopartscenter24.com\/fi\/wp-json\/wp\/v2\/product_brand?post=4148"},{"taxonomy":"product_cat","embeddable":true,"href":"https:\/\/autopartscenter24.com\/fi\/wp-json\/wp\/v2\/product_cat?post=4148"},{"taxonomy":"product_tag","embeddable":true,"href":"https:\/\/autopartscenter24.com\/fi\/wp-json\/wp\/v2\/product_tag?post=4148"}],"curies":[{"name":"wp","href":"https:\/\/api.w.org\/{rel}","templated":true}]}}