{"id":4142,"date":"2023-03-08T18:58:53","date_gmt":"2023-03-08T17:58:53","guid":{"rendered":"https:\/\/autopartscenter24.com\/?post_type=product&#038;p=4142"},"modified":"2023-03-10T20:00:20","modified_gmt":"2023-03-10T19:00:20","slug":"1-8-komp-271952-moottori-mb-klass-c-w204-s204","status":"publish","type":"product","link":"https:\/\/autopartscenter24.com\/fi\/auton-varaosat\/1-8-komp-271952-moottori-mb-klass-c-w204-s204\/","title":{"rendered":"1.8 Kompressor &#8221;271952&#8221; Moottori [MB C-Klass W204]"},"content":{"rendered":"<p>1.8-litrainen 4-sylinterinen moottori, jonka moottorikoodi on<strong> 271.952<\/strong>, on Mercedes-Benzin valmistama ahdettu bensiinimoottori. Kompressoriksi nimetty moottori k\u00e4ytt\u00e4\u00e4 ahtopainetta ilman tiivistyskyvyn kasvattamiseksi, mik\u00e4 lis\u00e4\u00e4 moottorin tehokkuutta. T\u00e4m\u00e4 moottori on suunniteltu erityisesti korkean suorituskyvyn omaaviin ajoneuvoihin, joihin sis\u00e4ltyy my\u00f6s urheilumalleja.<\/p>\n<p>Moottorin kampikammio on valmistettu valuraudasta ja siin\u00e4 on nelj\u00e4 sylinteri\u00e4. Moottorin sylinterit ovat asetettu 90 asteen kulmaan, mik\u00e4 parantaa moottorin tehokkuutta. Moottorissa on kaksi venttiili\u00e4 per sylinteri, jotka toimivat yhdess\u00e4 kampiakselin kanssa. Moottorissa on my\u00f6s kaasutusj\u00e4rjestelm\u00e4, joka auttaa polttoaineen sy\u00f6tt\u00e4misess\u00e4 moottoriin oikeassa suhteessa.<\/p>\n<p>Moottorissa k\u00e4ytet\u00e4\u00e4n my\u00f6s erilaisia teknologioita, jotka auttavat parantamaan sen suorituskyky\u00e4 ja tehokkuutta. N\u00e4m\u00e4 teknologiat sis\u00e4lt\u00e4v\u00e4t s\u00e4hk\u00f6isen kaasunohjauksen, joka mahdollistaa nopeamman kaasuvasteen ja polttoaineen sy\u00f6t\u00f6n. Moottorin ahtopainetta voidaan my\u00f6s s\u00e4\u00e4t\u00e4\u00e4 tarpeen mukaan, jotta moottori voi toimia optimaalisesti kaikissa ajotilanteissa.<\/p>\n<p>T\u00e4m\u00e4n moottorin suorituskyky vaihtelee ajoneuvosta riippuen, mutta se pystyy yleens\u00e4 tuottamaan noin 140-180 hevosvoimaa ja 220-250 Nm v\u00e4\u00e4nt\u00f6momenttia. Moottori pystyy kiihdytt\u00e4m\u00e4\u00e4n useimmat ajoneuvot nollasta sataan noin 9-10 sekunnissa ja saavuttamaan huippunopeuden noin 200-220 km\/h.<\/p>\n<p>Kaiken kaikkiaan Mercedes-Benzin 1.8-litrainen Kompressor-moottori, jonka moottorikoodi on 271.952, on tehokas ja luotettava moottori, joka on suunniteltu tarjoamaan huippuluokan suorituskyky\u00e4.<\/p>\n","protected":false},"excerpt":{"rendered":"<p>Mercedes-Benzin valmistama 1.8-litrainen Kompressor-moottori, jonka moottorikoodi on 271.952, on asennettu useisiin Mercedesin ajoneuvoihin. Moottoria k\u00e4ytettiin muun muassa seuraavissa malleissa ja vuosimalleissa:<\/p>\n<ul>\n<li>Mercedes-Benz C 180 Kompressor (W203) 2002\u20132007<\/li>\n<li>Mercedes-Benz CLC 180 Kompressor 2008\u20132010<\/li>\n<li>Mercedes-Benz E 200 Kompressor (W211) 2002\u20132006<\/li>\n<li>Mercedes-Benz SLK 200 Kompressor 2004\u20132011<\/li>\n<\/ul>\n","protected":false},"featured_media":4730,"template":"","meta":[],"product_brand":[],"product_cat":[307],"product_tag":[442,505],"class_list":{"0":"post-4142","1":"product","2":"type-product","3":"status-publish","4":"has-post-thumbnail","6":"product_cat-mercedes-benz","7":"product_tag-c-class","8":"product_tag-w204","9":"pa_varaosan-osasto-moottori","12":"first","13":"instock","14":"shipping-taxable","15":"product-type-simple"},"yoast_head":"<!-- This site is optimized with the Yoast SEO plugin v26.8 - https:\/\/yoast.com\/product\/yoast-seo-wordpress\/ -->\n<title>1.8 Kompressor &quot;271952&quot; Moottori [MB C-Klass W204]<\/title>\n<meta name=\"description\" content=\"Yksi moottoreista, joita meill\u00e4 on usein saatavilla. L\u00e4het\u00e4 kysely ja saat tarjouksen 24 tunnin sis\u00e4ll\u00e4. Moottorit, vaihteistot ja muut auton osat takuulla.\" \/>\n<meta name=\"robots\" content=\"index, follow, max-snippet:-1, max-image-preview:large, max-video-preview:-1\" \/>\n<link rel=\"canonical\" href=\"https:\/\/autopartscenter24.com\/fi\/auton-varaosat\/1-8-komp-271952-moottori-mb-klass-c-w204-s204\/\" \/>\n<meta property=\"og:locale\" content=\"fi_FI\" \/>\n<meta property=\"og:type\" content=\"article\" \/>\n<meta property=\"og:title\" content=\"1.8 Kompressor &quot;271952&quot; Moottori [MB C-Klass W204]\" \/>\n<meta property=\"og:description\" content=\"Yksi moottoreista, joita meill\u00e4 on usein saatavilla. L\u00e4het\u00e4 kysely ja saat tarjouksen 24 tunnin sis\u00e4ll\u00e4. Moottorit, vaihteistot ja muut auton osat takuulla.\" \/>\n<meta property=\"og:url\" content=\"https:\/\/autopartscenter24.com\/fi\/auton-varaosat\/1-8-komp-271952-moottori-mb-klass-c-w204-s204\/\" \/>\n<meta property=\"og:site_name\" content=\"Autopartscenter24\" \/>\n<meta property=\"article:modified_time\" content=\"2023-03-10T19:00:20+00:00\" \/>\n<meta property=\"og:image\" content=\"https:\/\/autopartscenter24.com\/wp-content\/uploads\/2023\/03\/1-8-komp-271952-moottori-mb-klass-c-w204-s204.webp\" \/>\n\t<meta property=\"og:image:width\" content=\"800\" \/>\n\t<meta property=\"og:image:height\" content=\"600\" \/>\n\t<meta property=\"og:image:type\" content=\"image\/webp\" \/>\n<meta name=\"twitter:card\" content=\"summary_large_image\" \/>\n<meta name=\"twitter:label1\" content=\"Arvioitu lukuaika\" \/>\n\t<meta name=\"twitter:data1\" content=\"1 minuutti\" \/>\n<script type=\"application\/ld+json\" class=\"yoast-schema-graph\">{\"@context\":\"https:\/\/schema.org\",\"@graph\":[{\"@type\":\"WebPage\",\"@id\":\"https:\/\/autopartscenter24.com\/auton-varaosat\/1-8-komp-271952-moottori-mb-klass-c-w204-s204\/\",\"url\":\"https:\/\/autopartscenter24.com\/auton-varaosat\/1-8-komp-271952-moottori-mb-klass-c-w204-s204\/\",\"name\":\"1.8 Kompressor \\\"271952\\\" Moottori [MB C-Klass W204]\",\"isPartOf\":{\"@id\":\"https:\/\/autopartscenter24.com\/#website\"},\"primaryImageOfPage\":{\"@id\":\"https:\/\/autopartscenter24.com\/auton-varaosat\/1-8-komp-271952-moottori-mb-klass-c-w204-s204\/#primaryimage\"},\"image\":{\"@id\":\"https:\/\/autopartscenter24.com\/auton-varaosat\/1-8-komp-271952-moottori-mb-klass-c-w204-s204\/#primaryimage\"},\"thumbnailUrl\":\"https:\/\/autopartscenter24.com\/wp-content\/uploads\/2023\/03\/1-8-komp-271952-moottori-mb-klass-c-w204-s204.webp\",\"datePublished\":\"2023-03-08T17:58:53+00:00\",\"dateModified\":\"2023-03-10T19:00:20+00:00\",\"description\":\"Yksi moottoreista, joita meill\u00e4 on usein saatavilla. L\u00e4het\u00e4 kysely ja saat tarjouksen 24 tunnin sis\u00e4ll\u00e4. Moottorit, vaihteistot ja muut auton osat takuulla.\",\"breadcrumb\":{\"@id\":\"https:\/\/autopartscenter24.com\/auton-varaosat\/1-8-komp-271952-moottori-mb-klass-c-w204-s204\/#breadcrumb\"},\"inLanguage\":\"fi\",\"potentialAction\":[{\"@type\":\"ReadAction\",\"target\":[\"https:\/\/autopartscenter24.com\/auton-varaosat\/1-8-komp-271952-moottori-mb-klass-c-w204-s204\/\"]}]},{\"@type\":\"ImageObject\",\"inLanguage\":\"fi\",\"@id\":\"https:\/\/autopartscenter24.com\/auton-varaosat\/1-8-komp-271952-moottori-mb-klass-c-w204-s204\/#primaryimage\",\"url\":\"https:\/\/autopartscenter24.com\/wp-content\/uploads\/2023\/03\/1-8-komp-271952-moottori-mb-klass-c-w204-s204.webp\",\"contentUrl\":\"https:\/\/autopartscenter24.com\/wp-content\/uploads\/2023\/03\/1-8-komp-271952-moottori-mb-klass-c-w204-s204.webp\",\"width\":800,\"height\":600},{\"@type\":\"BreadcrumbList\",\"@id\":\"https:\/\/autopartscenter24.com\/auton-varaosat\/1-8-komp-271952-moottori-mb-klass-c-w204-s204\/#breadcrumb\",\"itemListElement\":[{\"@type\":\"ListItem\",\"position\":1,\"name\":\"Etusivu\",\"item\":\"https:\/\/aliceblue-termite-662564.hostingersite.com\/\"},{\"@type\":\"ListItem\",\"position\":2,\"name\":\"Auton varaosat\",\"item\":\"https:\/\/aliceblue-termite-662564.hostingersite.com\/auton-varaosat\/\"},{\"@type\":\"ListItem\",\"position\":3,\"name\":\"1.8 Kompressor &#8221;271952&#8221; Moottori [MB C-Klass W204]\"}]},{\"@type\":\"WebSite\",\"@id\":\"https:\/\/autopartscenter24.com\/#website\",\"url\":\"https:\/\/autopartscenter24.com\/\",\"name\":\"Autopartscenter24\",\"description\":\"K\u00c4YTETYT JA KUNNOSTETUT  AUTON VARAOSAT\",\"potentialAction\":[{\"@type\":\"SearchAction\",\"target\":{\"@type\":\"EntryPoint\",\"urlTemplate\":\"https:\/\/autopartscenter24.com\/?s={search_term_string}\"},\"query-input\":{\"@type\":\"PropertyValueSpecification\",\"valueRequired\":true,\"valueName\":\"search_term_string\"}}],\"inLanguage\":\"fi\"}]}<\/script>\n<!-- \/ Yoast SEO plugin. -->","yoast_head_json":{"title":"1.8 Kompressor \"271952\" Moottori [MB C-Klass W204]","description":"Yksi moottoreista, joita meill\u00e4 on usein saatavilla. L\u00e4het\u00e4 kysely ja saat tarjouksen 24 tunnin sis\u00e4ll\u00e4. Moottorit, vaihteistot ja muut auton osat takuulla.","robots":{"index":"index","follow":"follow","max-snippet":"max-snippet:-1","max-image-preview":"max-image-preview:large","max-video-preview":"max-video-preview:-1"},"canonical":"https:\/\/autopartscenter24.com\/fi\/auton-varaosat\/1-8-komp-271952-moottori-mb-klass-c-w204-s204\/","og_locale":"fi_FI","og_type":"article","og_title":"1.8 Kompressor \"271952\" Moottori [MB C-Klass W204]","og_description":"Yksi moottoreista, joita meill\u00e4 on usein saatavilla. L\u00e4het\u00e4 kysely ja saat tarjouksen 24 tunnin sis\u00e4ll\u00e4. Moottorit, vaihteistot ja muut auton osat takuulla.","og_url":"https:\/\/autopartscenter24.com\/fi\/auton-varaosat\/1-8-komp-271952-moottori-mb-klass-c-w204-s204\/","og_site_name":"Autopartscenter24","article_modified_time":"2023-03-10T19:00:20+00:00","og_image":[{"width":800,"height":600,"url":"https:\/\/autopartscenter24.com\/wp-content\/uploads\/2023\/03\/1-8-komp-271952-moottori-mb-klass-c-w204-s204.webp","type":"image\/webp"}],"twitter_card":"summary_large_image","twitter_misc":{"Arvioitu lukuaika":"1 minuutti"},"schema":{"@context":"https:\/\/schema.org","@graph":[{"@type":"WebPage","@id":"https:\/\/autopartscenter24.com\/auton-varaosat\/1-8-komp-271952-moottori-mb-klass-c-w204-s204\/","url":"https:\/\/autopartscenter24.com\/auton-varaosat\/1-8-komp-271952-moottori-mb-klass-c-w204-s204\/","name":"1.8 Kompressor \"271952\" Moottori [MB C-Klass W204]","isPartOf":{"@id":"https:\/\/autopartscenter24.com\/#website"},"primaryImageOfPage":{"@id":"https:\/\/autopartscenter24.com\/auton-varaosat\/1-8-komp-271952-moottori-mb-klass-c-w204-s204\/#primaryimage"},"image":{"@id":"https:\/\/autopartscenter24.com\/auton-varaosat\/1-8-komp-271952-moottori-mb-klass-c-w204-s204\/#primaryimage"},"thumbnailUrl":"https:\/\/autopartscenter24.com\/wp-content\/uploads\/2023\/03\/1-8-komp-271952-moottori-mb-klass-c-w204-s204.webp","datePublished":"2023-03-08T17:58:53+00:00","dateModified":"2023-03-10T19:00:20+00:00","description":"Yksi moottoreista, joita meill\u00e4 on usein saatavilla. L\u00e4het\u00e4 kysely ja saat tarjouksen 24 tunnin sis\u00e4ll\u00e4. Moottorit, vaihteistot ja muut auton osat takuulla.","breadcrumb":{"@id":"https:\/\/autopartscenter24.com\/auton-varaosat\/1-8-komp-271952-moottori-mb-klass-c-w204-s204\/#breadcrumb"},"inLanguage":"fi","potentialAction":[{"@type":"ReadAction","target":["https:\/\/autopartscenter24.com\/auton-varaosat\/1-8-komp-271952-moottori-mb-klass-c-w204-s204\/"]}]},{"@type":"ImageObject","inLanguage":"fi","@id":"https:\/\/autopartscenter24.com\/auton-varaosat\/1-8-komp-271952-moottori-mb-klass-c-w204-s204\/#primaryimage","url":"https:\/\/autopartscenter24.com\/wp-content\/uploads\/2023\/03\/1-8-komp-271952-moottori-mb-klass-c-w204-s204.webp","contentUrl":"https:\/\/autopartscenter24.com\/wp-content\/uploads\/2023\/03\/1-8-komp-271952-moottori-mb-klass-c-w204-s204.webp","width":800,"height":600},{"@type":"BreadcrumbList","@id":"https:\/\/autopartscenter24.com\/auton-varaosat\/1-8-komp-271952-moottori-mb-klass-c-w204-s204\/#breadcrumb","itemListElement":[{"@type":"ListItem","position":1,"name":"Etusivu","item":"https:\/\/aliceblue-termite-662564.hostingersite.com\/"},{"@type":"ListItem","position":2,"name":"Auton varaosat","item":"https:\/\/aliceblue-termite-662564.hostingersite.com\/auton-varaosat\/"},{"@type":"ListItem","position":3,"name":"1.8 Kompressor &#8221;271952&#8221; Moottori [MB C-Klass W204]"}]},{"@type":"WebSite","@id":"https:\/\/autopartscenter24.com\/#website","url":"https:\/\/autopartscenter24.com\/","name":"Autopartscenter24","description":"K\u00c4YTETYT JA KUNNOSTETUT  AUTON VARAOSAT","potentialAction":[{"@type":"SearchAction","target":{"@type":"EntryPoint","urlTemplate":"https:\/\/autopartscenter24.com\/?s={search_term_string}"},"query-input":{"@type":"PropertyValueSpecification","valueRequired":true,"valueName":"search_term_string"}}],"inLanguage":"fi"}]}},"_links":{"self":[{"href":"https:\/\/autopartscenter24.com\/fi\/wp-json\/wp\/v2\/product\/4142","targetHints":{"allow":["GET"]}}],"collection":[{"href":"https:\/\/autopartscenter24.com\/fi\/wp-json\/wp\/v2\/product"}],"about":[{"href":"https:\/\/autopartscenter24.com\/fi\/wp-json\/wp\/v2\/types\/product"}],"wp:featuredmedia":[{"embeddable":true,"href":"https:\/\/autopartscenter24.com\/fi\/wp-json\/wp\/v2\/media\/4730"}],"wp:attachment":[{"href":"https:\/\/autopartscenter24.com\/fi\/wp-json\/wp\/v2\/media?parent=4142"}],"wp:term":[{"taxonomy":"product_brand","embeddable":true,"href":"https:\/\/autopartscenter24.com\/fi\/wp-json\/wp\/v2\/product_brand?post=4142"},{"taxonomy":"product_cat","embeddable":true,"href":"https:\/\/autopartscenter24.com\/fi\/wp-json\/wp\/v2\/product_cat?post=4142"},{"taxonomy":"product_tag","embeddable":true,"href":"https:\/\/autopartscenter24.com\/fi\/wp-json\/wp\/v2\/product_tag?post=4142"}],"curies":[{"name":"wp","href":"https:\/\/api.w.org\/{rel}","templated":true}]}}