{"id":4124,"date":"2023-03-08T18:45:04","date_gmt":"2023-03-08T17:45:04","guid":{"rendered":"https:\/\/autopartscenter24.com\/?post_type=product&#038;p=4124"},"modified":"2023-03-10T20:00:49","modified_gmt":"2023-03-10T19:00:49","slug":"3-0-tdi-bmk-moottori-audi-a6-c6","status":"publish","type":"product","link":"https:\/\/autopartscenter24.com\/fi\/auton-varaosat\/3-0-tdi-bmk-moottori-audi-a6-c6\/","title":{"rendered":"3.0 TDI &#8221;BMK&#8221; Moottori [Audi A4, A6, A8, Phaeton]"},"content":{"rendered":"<p>Audi on valmistanut lukuisia dieselmoottoreita, joista yksi suosituimmista on 3.0 TDI -moottori. T\u00e4m\u00e4 moottori on ollut k\u00e4yt\u00f6ss\u00e4 monissa Audi-malleissa, ja se tunnetaan paremmin moottorikoodillaan BMK. Moottori on suunniteltu tarjoamaan luotettavuutta, taloudellisuutta ja erinomaista suorituskyky\u00e4.<\/p>\n<p>Audi 3.0 TDI -moottorin BMK-moottorikoodi tarkoittaa, ett\u00e4 moottori on 3.0 litran tilavuudella ja ett\u00e4 se on dieselmoottori. Moottori on valmistettu alumiinista, joka tekee siit\u00e4 kevyen mutta kest\u00e4v\u00e4n. Moottorin kampiakseli on hiottu tarkasti, ja m\u00e4nn\u00e4t on valmistettu kest\u00e4v\u00e4st\u00e4 materiaalista. Moottorissa on my\u00f6s kaksi turboahtimia, jotka tuottavat nopean kiihdytyksen ja lis\u00e4\u00e4v\u00e4t polttoainetaloudellisuutta.<\/p>\n<p>3.0 TDI -moottorin suurin etu on sen suorituskyky. Moottorissa on 6 sylinteri\u00e4, jotka tuottavat jopa 240 hevosvoimaa ja huimat 500 Nm v\u00e4\u00e4nt\u00f6momentin. T\u00e4m\u00e4 tekee moottorista erinomaisen vaihtoehdon suurempien autojen, kuten Audi Q7:n ja Audi A8:n, voimanl\u00e4hteeksi. Samalla moottori on eritt\u00e4in taloudellinen, sill\u00e4 sen yhdistetty polttoaineen kulutus on alle 8 litraa sadalla kilometrill\u00e4.<\/p>\n","protected":false},"excerpt":{"rendered":"<p>Audi on asentanut 3.0 TDI BMK -moottorin useisiin autoihinsa. Alla on lista autoista, joissa moottoria on k\u00e4ytetty, sek\u00e4 vuosimallit, jolloin moottori on ollut saatavana:<\/p>\n<ul>\n<li>Audi A4 (2005-2008)<\/li>\n<li>Audi A5 (2007-2011)<\/li>\n<li>Audi A6 (2004-2011)<\/li>\n<li>Audi A7 (2010-2011)<\/li>\n<li>Audi A8 (2003-2011)<\/li>\n<li>Audi Q5 (2008-2011)<\/li>\n<li>Audi Q7 (2006-2010)<\/li>\n<\/ul>\n","protected":false},"featured_media":4715,"template":"","meta":[],"product_brand":[],"product_cat":[300],"product_tag":[304,377,394,503],"class_list":{"0":"post-4124","1":"product","2":"type-product","3":"status-publish","4":"has-post-thumbnail","6":"product_cat-audi","7":"product_tag-a4","8":"product_tag-a6","9":"product_tag-a8","10":"product_tag-phaeton","11":"pa_varaosan-osasto-moottori","14":"first","15":"instock","16":"shipping-taxable","17":"product-type-simple"},"yoast_head":"<!-- This site is optimized with the Yoast SEO plugin v26.8 - https:\/\/yoast.com\/product\/yoast-seo-wordpress\/ -->\n<title>3.0 TDI &quot;BMK&quot; Moottori [Audi A4, A6, A8, Phaeton]<\/title>\n<meta name=\"description\" content=\"Yksi moottoreista, joita meill\u00e4 on usein saatavilla. L\u00e4het\u00e4 kysely ja saat tarjouksen 24 tunnin sis\u00e4ll\u00e4. Moottorit, vaihteistot ja muut auton osat takuulla.\" \/>\n<meta name=\"robots\" content=\"index, follow, max-snippet:-1, max-image-preview:large, max-video-preview:-1\" \/>\n<link rel=\"canonical\" href=\"https:\/\/autopartscenter24.com\/fi\/auton-varaosat\/3-0-tdi-bmk-moottori-audi-a6-c6\/\" \/>\n<meta property=\"og:locale\" content=\"fi_FI\" \/>\n<meta property=\"og:type\" content=\"article\" \/>\n<meta property=\"og:title\" content=\"3.0 TDI &quot;BMK&quot; Moottori [Audi A4, A6, A8, Phaeton]\" \/>\n<meta property=\"og:description\" content=\"Yksi moottoreista, joita meill\u00e4 on usein saatavilla. L\u00e4het\u00e4 kysely ja saat tarjouksen 24 tunnin sis\u00e4ll\u00e4. Moottorit, vaihteistot ja muut auton osat takuulla.\" \/>\n<meta property=\"og:url\" content=\"https:\/\/autopartscenter24.com\/fi\/auton-varaosat\/3-0-tdi-bmk-moottori-audi-a6-c6\/\" \/>\n<meta property=\"og:site_name\" content=\"Autopartscenter24\" \/>\n<meta property=\"article:modified_time\" content=\"2023-03-10T19:00:49+00:00\" \/>\n<meta property=\"og:image\" content=\"https:\/\/autopartscenter24.com\/wp-content\/uploads\/2023\/03\/3-0-tdi-bmk-moottori-audi-a6-c6.webp\" \/>\n\t<meta property=\"og:image:width\" content=\"800\" \/>\n\t<meta property=\"og:image:height\" content=\"600\" \/>\n\t<meta property=\"og:image:type\" content=\"image\/webp\" \/>\n<meta name=\"twitter:card\" content=\"summary_large_image\" \/>\n<meta name=\"twitter:label1\" content=\"Arvioitu lukuaika\" \/>\n\t<meta name=\"twitter:data1\" content=\"1 minuutti\" \/>\n<script type=\"application\/ld+json\" class=\"yoast-schema-graph\">{\"@context\":\"https:\/\/schema.org\",\"@graph\":[{\"@type\":\"WebPage\",\"@id\":\"https:\/\/autopartscenter24.com\/auton-varaosat\/3-0-tdi-bmk-moottori-audi-a6-c6\/\",\"url\":\"https:\/\/autopartscenter24.com\/auton-varaosat\/3-0-tdi-bmk-moottori-audi-a6-c6\/\",\"name\":\"3.0 TDI \\\"BMK\\\" Moottori [Audi A4, A6, A8, Phaeton]\",\"isPartOf\":{\"@id\":\"https:\/\/autopartscenter24.com\/#website\"},\"primaryImageOfPage\":{\"@id\":\"https:\/\/autopartscenter24.com\/auton-varaosat\/3-0-tdi-bmk-moottori-audi-a6-c6\/#primaryimage\"},\"image\":{\"@id\":\"https:\/\/autopartscenter24.com\/auton-varaosat\/3-0-tdi-bmk-moottori-audi-a6-c6\/#primaryimage\"},\"thumbnailUrl\":\"https:\/\/autopartscenter24.com\/wp-content\/uploads\/2023\/03\/3-0-tdi-bmk-moottori-audi-a6-c6.webp\",\"datePublished\":\"2023-03-08T17:45:04+00:00\",\"dateModified\":\"2023-03-10T19:00:49+00:00\",\"description\":\"Yksi moottoreista, joita meill\u00e4 on usein saatavilla. L\u00e4het\u00e4 kysely ja saat tarjouksen 24 tunnin sis\u00e4ll\u00e4. Moottorit, vaihteistot ja muut auton osat takuulla.\",\"breadcrumb\":{\"@id\":\"https:\/\/autopartscenter24.com\/auton-varaosat\/3-0-tdi-bmk-moottori-audi-a6-c6\/#breadcrumb\"},\"inLanguage\":\"fi\",\"potentialAction\":[{\"@type\":\"ReadAction\",\"target\":[\"https:\/\/autopartscenter24.com\/auton-varaosat\/3-0-tdi-bmk-moottori-audi-a6-c6\/\"]}]},{\"@type\":\"ImageObject\",\"inLanguage\":\"fi\",\"@id\":\"https:\/\/autopartscenter24.com\/auton-varaosat\/3-0-tdi-bmk-moottori-audi-a6-c6\/#primaryimage\",\"url\":\"https:\/\/autopartscenter24.com\/wp-content\/uploads\/2023\/03\/3-0-tdi-bmk-moottori-audi-a6-c6.webp\",\"contentUrl\":\"https:\/\/autopartscenter24.com\/wp-content\/uploads\/2023\/03\/3-0-tdi-bmk-moottori-audi-a6-c6.webp\",\"width\":800,\"height\":600},{\"@type\":\"BreadcrumbList\",\"@id\":\"https:\/\/autopartscenter24.com\/auton-varaosat\/3-0-tdi-bmk-moottori-audi-a6-c6\/#breadcrumb\",\"itemListElement\":[{\"@type\":\"ListItem\",\"position\":1,\"name\":\"Etusivu\",\"item\":\"https:\/\/aliceblue-termite-662564.hostingersite.com\/\"},{\"@type\":\"ListItem\",\"position\":2,\"name\":\"Auton varaosat\",\"item\":\"https:\/\/aliceblue-termite-662564.hostingersite.com\/auton-varaosat\/\"},{\"@type\":\"ListItem\",\"position\":3,\"name\":\"3.0 TDI &#8221;BMK&#8221; Moottori [Audi A4, A6, A8, Phaeton]\"}]},{\"@type\":\"WebSite\",\"@id\":\"https:\/\/autopartscenter24.com\/#website\",\"url\":\"https:\/\/autopartscenter24.com\/\",\"name\":\"Autopartscenter24\",\"description\":\"K\u00c4YTETYT JA KUNNOSTETUT  AUTON VARAOSAT\",\"potentialAction\":[{\"@type\":\"SearchAction\",\"target\":{\"@type\":\"EntryPoint\",\"urlTemplate\":\"https:\/\/autopartscenter24.com\/?s={search_term_string}\"},\"query-input\":{\"@type\":\"PropertyValueSpecification\",\"valueRequired\":true,\"valueName\":\"search_term_string\"}}],\"inLanguage\":\"fi\"}]}<\/script>\n<!-- \/ Yoast SEO plugin. -->","yoast_head_json":{"title":"3.0 TDI \"BMK\" Moottori [Audi A4, A6, A8, Phaeton]","description":"Yksi moottoreista, joita meill\u00e4 on usein saatavilla. L\u00e4het\u00e4 kysely ja saat tarjouksen 24 tunnin sis\u00e4ll\u00e4. Moottorit, vaihteistot ja muut auton osat takuulla.","robots":{"index":"index","follow":"follow","max-snippet":"max-snippet:-1","max-image-preview":"max-image-preview:large","max-video-preview":"max-video-preview:-1"},"canonical":"https:\/\/autopartscenter24.com\/fi\/auton-varaosat\/3-0-tdi-bmk-moottori-audi-a6-c6\/","og_locale":"fi_FI","og_type":"article","og_title":"3.0 TDI \"BMK\" Moottori [Audi A4, A6, A8, Phaeton]","og_description":"Yksi moottoreista, joita meill\u00e4 on usein saatavilla. L\u00e4het\u00e4 kysely ja saat tarjouksen 24 tunnin sis\u00e4ll\u00e4. Moottorit, vaihteistot ja muut auton osat takuulla.","og_url":"https:\/\/autopartscenter24.com\/fi\/auton-varaosat\/3-0-tdi-bmk-moottori-audi-a6-c6\/","og_site_name":"Autopartscenter24","article_modified_time":"2023-03-10T19:00:49+00:00","og_image":[{"width":800,"height":600,"url":"https:\/\/autopartscenter24.com\/wp-content\/uploads\/2023\/03\/3-0-tdi-bmk-moottori-audi-a6-c6.webp","type":"image\/webp"}],"twitter_card":"summary_large_image","twitter_misc":{"Arvioitu lukuaika":"1 minuutti"},"schema":{"@context":"https:\/\/schema.org","@graph":[{"@type":"WebPage","@id":"https:\/\/autopartscenter24.com\/auton-varaosat\/3-0-tdi-bmk-moottori-audi-a6-c6\/","url":"https:\/\/autopartscenter24.com\/auton-varaosat\/3-0-tdi-bmk-moottori-audi-a6-c6\/","name":"3.0 TDI \"BMK\" Moottori [Audi A4, A6, A8, Phaeton]","isPartOf":{"@id":"https:\/\/autopartscenter24.com\/#website"},"primaryImageOfPage":{"@id":"https:\/\/autopartscenter24.com\/auton-varaosat\/3-0-tdi-bmk-moottori-audi-a6-c6\/#primaryimage"},"image":{"@id":"https:\/\/autopartscenter24.com\/auton-varaosat\/3-0-tdi-bmk-moottori-audi-a6-c6\/#primaryimage"},"thumbnailUrl":"https:\/\/autopartscenter24.com\/wp-content\/uploads\/2023\/03\/3-0-tdi-bmk-moottori-audi-a6-c6.webp","datePublished":"2023-03-08T17:45:04+00:00","dateModified":"2023-03-10T19:00:49+00:00","description":"Yksi moottoreista, joita meill\u00e4 on usein saatavilla. L\u00e4het\u00e4 kysely ja saat tarjouksen 24 tunnin sis\u00e4ll\u00e4. Moottorit, vaihteistot ja muut auton osat takuulla.","breadcrumb":{"@id":"https:\/\/autopartscenter24.com\/auton-varaosat\/3-0-tdi-bmk-moottori-audi-a6-c6\/#breadcrumb"},"inLanguage":"fi","potentialAction":[{"@type":"ReadAction","target":["https:\/\/autopartscenter24.com\/auton-varaosat\/3-0-tdi-bmk-moottori-audi-a6-c6\/"]}]},{"@type":"ImageObject","inLanguage":"fi","@id":"https:\/\/autopartscenter24.com\/auton-varaosat\/3-0-tdi-bmk-moottori-audi-a6-c6\/#primaryimage","url":"https:\/\/autopartscenter24.com\/wp-content\/uploads\/2023\/03\/3-0-tdi-bmk-moottori-audi-a6-c6.webp","contentUrl":"https:\/\/autopartscenter24.com\/wp-content\/uploads\/2023\/03\/3-0-tdi-bmk-moottori-audi-a6-c6.webp","width":800,"height":600},{"@type":"BreadcrumbList","@id":"https:\/\/autopartscenter24.com\/auton-varaosat\/3-0-tdi-bmk-moottori-audi-a6-c6\/#breadcrumb","itemListElement":[{"@type":"ListItem","position":1,"name":"Etusivu","item":"https:\/\/aliceblue-termite-662564.hostingersite.com\/"},{"@type":"ListItem","position":2,"name":"Auton varaosat","item":"https:\/\/aliceblue-termite-662564.hostingersite.com\/auton-varaosat\/"},{"@type":"ListItem","position":3,"name":"3.0 TDI &#8221;BMK&#8221; Moottori [Audi A4, A6, A8, Phaeton]"}]},{"@type":"WebSite","@id":"https:\/\/autopartscenter24.com\/#website","url":"https:\/\/autopartscenter24.com\/","name":"Autopartscenter24","description":"K\u00c4YTETYT JA KUNNOSTETUT  AUTON VARAOSAT","potentialAction":[{"@type":"SearchAction","target":{"@type":"EntryPoint","urlTemplate":"https:\/\/autopartscenter24.com\/?s={search_term_string}"},"query-input":{"@type":"PropertyValueSpecification","valueRequired":true,"valueName":"search_term_string"}}],"inLanguage":"fi"}]}},"_links":{"self":[{"href":"https:\/\/autopartscenter24.com\/fi\/wp-json\/wp\/v2\/product\/4124","targetHints":{"allow":["GET"]}}],"collection":[{"href":"https:\/\/autopartscenter24.com\/fi\/wp-json\/wp\/v2\/product"}],"about":[{"href":"https:\/\/autopartscenter24.com\/fi\/wp-json\/wp\/v2\/types\/product"}],"wp:featuredmedia":[{"embeddable":true,"href":"https:\/\/autopartscenter24.com\/fi\/wp-json\/wp\/v2\/media\/4715"}],"wp:attachment":[{"href":"https:\/\/autopartscenter24.com\/fi\/wp-json\/wp\/v2\/media?parent=4124"}],"wp:term":[{"taxonomy":"product_brand","embeddable":true,"href":"https:\/\/autopartscenter24.com\/fi\/wp-json\/wp\/v2\/product_brand?post=4124"},{"taxonomy":"product_cat","embeddable":true,"href":"https:\/\/autopartscenter24.com\/fi\/wp-json\/wp\/v2\/product_cat?post=4124"},{"taxonomy":"product_tag","embeddable":true,"href":"https:\/\/autopartscenter24.com\/fi\/wp-json\/wp\/v2\/product_tag?post=4124"}],"curies":[{"name":"wp","href":"https:\/\/api.w.org\/{rel}","templated":true}]}}