{"id":4118,"date":"2023-03-08T18:37:54","date_gmt":"2023-03-08T17:37:54","guid":{"rendered":"https:\/\/autopartscenter24.com\/?post_type=product&#038;p=4118"},"modified":"2023-03-10T20:00:39","modified_gmt":"2023-03-10T19:00:39","slug":"1-6-bgu-moottori-audi-a3-vw-golf-v-toledo-iii","status":"publish","type":"product","link":"https:\/\/autopartscenter24.com\/fi\/auton-varaosat\/1-6-bgu-moottori-audi-a3-vw-golf-v-toledo-iii\/","title":{"rendered":"1.6 &#8221;BGU&#8221; Moottori [Golf, Caddy, Touran, Octavia, A3]"},"content":{"rendered":"<p>Volkswagenin valmistama 1.6 litran moottori, jonka moottorikoodi on BGU, on nelisylinterinen bensiinimoottori. Se on varustettu monipistesuihkutuksella ja jakoketjulla. Moottorin sylinterimitat ovat 76,5 mm halkaisijaltaan ja 86,9 mm iskun pituudeltaan, mik\u00e4 antaa kokonaisiskutilavuudeksi 1598 cm\u00b3. Moottorin teho vaihtelee mallista riippuen, mutta yleens\u00e4 se tuottaa noin 75-102 kW tehoa ja 148-155 Nm v\u00e4\u00e4nt\u00f6momentin. Moottori t\u00e4ytt\u00e4\u00e4 eurooppalaiset p\u00e4\u00e4st\u00f6normit ja se on saatavilla manuaali- ja automaattivaihteistoilla.<\/p>\n<p>Moottorin suunnittelussa on kiinnitetty erityist\u00e4 huomiota polttoainetehokkuuteen ja suorituskykyyn. Moottorin alhainen kitka v\u00e4hent\u00e4\u00e4 polttoaineen kulutusta ja \u00f6ljyn kulutusta. Moottorin joustavuus ja alhainen melutaso takaavat mukavan ajokokemuksen.<\/p>\n<p>Yhteenvetona voidaan todeta, ett\u00e4 Volkswagenin 1.6 litran moottori (BGU) on luotettava ja polttoainetehokas vaihtoehto pienempien autojen moottoriksi. Moottori t\u00e4ytt\u00e4\u00e4 eurooppalaiset p\u00e4\u00e4st\u00f6normit ja tarjoaa kohtuullisen suorituskyvyn. Sit\u00e4 on k\u00e4ytetty laajalti Volkswagen-konsernin automalleissa eri vuosina.<\/p>\n","protected":false},"excerpt":{"rendered":"<p>Moottori on ollut k\u00e4yt\u00f6ss\u00e4 monissa Volkswagenin ja Audin malleissa. Se on asennettu Volkswagen Golfiin, Golf Plusiin, Jettaan, Beetlehen ja Eosiin, sek\u00e4 Audi A3:een. Se on my\u00f6s k\u00e4yt\u00f6ss\u00e4 muissa Volkswagen-konsernin automerkeiss\u00e4, kuten \u0160kodassa ja SEAT:ssa. Moottoria k\u00e4ytet\u00e4\u00e4n p\u00e4\u00e4asiassa edullisimmissa malleissa ja sen on tarkoitus olla vaihtoehto korkeampitehoisille moottoreille.<\/p>\n<p>Seuraavassa on lista autoista, joissa Volkswagenin 1.6 litran moottori, jolla on moottorikoodi BGU, on ollut k\u00e4yt\u00f6ss\u00e4:<\/p>\n<ul>\n<li>Volkswagen Golf V (2003-2009)<\/li>\n<li>Volkswagen Golf Plus (2005-2014)<\/li>\n<li>Volkswagen Jetta V (2005-2010)<\/li>\n<li>Audi A3 (2004-2013)<\/li>\n<li>SEAT Toledo (2004-2009)<\/li>\n<li>\u0160koda Octavia (2004-2006)<\/li>\n<\/ul>\n","protected":false},"featured_media":4735,"template":"","meta":[],"product_brand":[],"product_cat":[300,302,301],"product_tag":[303,345,347],"class_list":{"0":"post-4118","1":"product","2":"type-product","3":"status-publish","4":"has-post-thumbnail","6":"product_cat-audi","7":"product_cat-skoda","8":"product_cat-vw","9":"product_tag-a3","10":"product_tag-golf","11":"product_tag-octavia","12":"pa_varaosan-osasto-moottori","15":"first","16":"instock","17":"shipping-taxable","18":"product-type-simple"},"yoast_head":"<!-- This site is optimized with the Yoast SEO plugin v26.8 - https:\/\/yoast.com\/product\/yoast-seo-wordpress\/ -->\n<title>1.6 &quot;BGU&quot; Moottori [Golf, Caddy, Touran, Octavia, A3]<\/title>\n<meta name=\"description\" content=\"Yksi moottoreista, joita meill\u00e4 on usein saatavilla. L\u00e4het\u00e4 kysely ja saat tarjouksen 24 tunnin sis\u00e4ll\u00e4. Moottorit, vaihteistot ja muut auton osat takuulla.\" \/>\n<meta name=\"robots\" content=\"index, follow, max-snippet:-1, max-image-preview:large, max-video-preview:-1\" \/>\n<link rel=\"canonical\" href=\"https:\/\/autopartscenter24.com\/fi\/auton-varaosat\/1-6-bgu-moottori-audi-a3-vw-golf-v-toledo-iii\/\" \/>\n<meta property=\"og:locale\" content=\"fi_FI\" \/>\n<meta property=\"og:type\" content=\"article\" \/>\n<meta property=\"og:title\" content=\"1.6 &quot;BGU&quot; Moottori [Golf, Caddy, Touran, Octavia, A3]\" \/>\n<meta property=\"og:description\" content=\"Yksi moottoreista, joita meill\u00e4 on usein saatavilla. L\u00e4het\u00e4 kysely ja saat tarjouksen 24 tunnin sis\u00e4ll\u00e4. Moottorit, vaihteistot ja muut auton osat takuulla.\" \/>\n<meta property=\"og:url\" content=\"https:\/\/autopartscenter24.com\/fi\/auton-varaosat\/1-6-bgu-moottori-audi-a3-vw-golf-v-toledo-iii\/\" \/>\n<meta property=\"og:site_name\" content=\"Autopartscenter24\" \/>\n<meta property=\"article:modified_time\" content=\"2023-03-10T19:00:39+00:00\" \/>\n<meta property=\"og:image\" content=\"https:\/\/autopartscenter24.com\/wp-content\/uploads\/2023\/03\/1-6-BGU-moottori-audi-a3-vw-golf-v-toledo-iii-1.webp\" \/>\n\t<meta property=\"og:image:width\" content=\"800\" \/>\n\t<meta property=\"og:image:height\" content=\"600\" \/>\n\t<meta property=\"og:image:type\" content=\"image\/webp\" \/>\n<meta name=\"twitter:card\" content=\"summary_large_image\" \/>\n<meta name=\"twitter:label1\" content=\"Arvioitu lukuaika\" \/>\n\t<meta name=\"twitter:data1\" content=\"1 minuutti\" \/>\n<script type=\"application\/ld+json\" class=\"yoast-schema-graph\">{\"@context\":\"https:\/\/schema.org\",\"@graph\":[{\"@type\":\"WebPage\",\"@id\":\"https:\/\/autopartscenter24.com\/auton-varaosat\/1-6-bgu-moottori-audi-a3-vw-golf-v-toledo-iii\/\",\"url\":\"https:\/\/autopartscenter24.com\/auton-varaosat\/1-6-bgu-moottori-audi-a3-vw-golf-v-toledo-iii\/\",\"name\":\"1.6 \\\"BGU\\\" Moottori [Golf, Caddy, Touran, Octavia, A3]\",\"isPartOf\":{\"@id\":\"https:\/\/autopartscenter24.com\/#website\"},\"primaryImageOfPage\":{\"@id\":\"https:\/\/autopartscenter24.com\/auton-varaosat\/1-6-bgu-moottori-audi-a3-vw-golf-v-toledo-iii\/#primaryimage\"},\"image\":{\"@id\":\"https:\/\/autopartscenter24.com\/auton-varaosat\/1-6-bgu-moottori-audi-a3-vw-golf-v-toledo-iii\/#primaryimage\"},\"thumbnailUrl\":\"https:\/\/autopartscenter24.com\/wp-content\/uploads\/2023\/03\/1-6-BGU-moottori-audi-a3-vw-golf-v-toledo-iii-1.webp\",\"datePublished\":\"2023-03-08T17:37:54+00:00\",\"dateModified\":\"2023-03-10T19:00:39+00:00\",\"description\":\"Yksi moottoreista, joita meill\u00e4 on usein saatavilla. L\u00e4het\u00e4 kysely ja saat tarjouksen 24 tunnin sis\u00e4ll\u00e4. Moottorit, vaihteistot ja muut auton osat takuulla.\",\"breadcrumb\":{\"@id\":\"https:\/\/autopartscenter24.com\/auton-varaosat\/1-6-bgu-moottori-audi-a3-vw-golf-v-toledo-iii\/#breadcrumb\"},\"inLanguage\":\"fi\",\"potentialAction\":[{\"@type\":\"ReadAction\",\"target\":[\"https:\/\/autopartscenter24.com\/auton-varaosat\/1-6-bgu-moottori-audi-a3-vw-golf-v-toledo-iii\/\"]}]},{\"@type\":\"ImageObject\",\"inLanguage\":\"fi\",\"@id\":\"https:\/\/autopartscenter24.com\/auton-varaosat\/1-6-bgu-moottori-audi-a3-vw-golf-v-toledo-iii\/#primaryimage\",\"url\":\"https:\/\/autopartscenter24.com\/wp-content\/uploads\/2023\/03\/1-6-BGU-moottori-audi-a3-vw-golf-v-toledo-iii-1.webp\",\"contentUrl\":\"https:\/\/autopartscenter24.com\/wp-content\/uploads\/2023\/03\/1-6-BGU-moottori-audi-a3-vw-golf-v-toledo-iii-1.webp\",\"width\":800,\"height\":600},{\"@type\":\"BreadcrumbList\",\"@id\":\"https:\/\/autopartscenter24.com\/auton-varaosat\/1-6-bgu-moottori-audi-a3-vw-golf-v-toledo-iii\/#breadcrumb\",\"itemListElement\":[{\"@type\":\"ListItem\",\"position\":1,\"name\":\"Etusivu\",\"item\":\"https:\/\/aliceblue-termite-662564.hostingersite.com\/\"},{\"@type\":\"ListItem\",\"position\":2,\"name\":\"Auton varaosat\",\"item\":\"https:\/\/aliceblue-termite-662564.hostingersite.com\/auton-varaosat\/\"},{\"@type\":\"ListItem\",\"position\":3,\"name\":\"1.6 &#8221;BGU&#8221; Moottori [Golf, Caddy, Touran, Octavia, A3]\"}]},{\"@type\":\"WebSite\",\"@id\":\"https:\/\/autopartscenter24.com\/#website\",\"url\":\"https:\/\/autopartscenter24.com\/\",\"name\":\"Autopartscenter24\",\"description\":\"K\u00c4YTETYT JA KUNNOSTETUT  AUTON VARAOSAT\",\"potentialAction\":[{\"@type\":\"SearchAction\",\"target\":{\"@type\":\"EntryPoint\",\"urlTemplate\":\"https:\/\/autopartscenter24.com\/?s={search_term_string}\"},\"query-input\":{\"@type\":\"PropertyValueSpecification\",\"valueRequired\":true,\"valueName\":\"search_term_string\"}}],\"inLanguage\":\"fi\"}]}<\/script>\n<!-- \/ Yoast SEO plugin. -->","yoast_head_json":{"title":"1.6 \"BGU\" Moottori [Golf, Caddy, Touran, Octavia, A3]","description":"Yksi moottoreista, joita meill\u00e4 on usein saatavilla. L\u00e4het\u00e4 kysely ja saat tarjouksen 24 tunnin sis\u00e4ll\u00e4. Moottorit, vaihteistot ja muut auton osat takuulla.","robots":{"index":"index","follow":"follow","max-snippet":"max-snippet:-1","max-image-preview":"max-image-preview:large","max-video-preview":"max-video-preview:-1"},"canonical":"https:\/\/autopartscenter24.com\/fi\/auton-varaosat\/1-6-bgu-moottori-audi-a3-vw-golf-v-toledo-iii\/","og_locale":"fi_FI","og_type":"article","og_title":"1.6 \"BGU\" Moottori [Golf, Caddy, Touran, Octavia, A3]","og_description":"Yksi moottoreista, joita meill\u00e4 on usein saatavilla. L\u00e4het\u00e4 kysely ja saat tarjouksen 24 tunnin sis\u00e4ll\u00e4. Moottorit, vaihteistot ja muut auton osat takuulla.","og_url":"https:\/\/autopartscenter24.com\/fi\/auton-varaosat\/1-6-bgu-moottori-audi-a3-vw-golf-v-toledo-iii\/","og_site_name":"Autopartscenter24","article_modified_time":"2023-03-10T19:00:39+00:00","og_image":[{"width":800,"height":600,"url":"https:\/\/autopartscenter24.com\/wp-content\/uploads\/2023\/03\/1-6-BGU-moottori-audi-a3-vw-golf-v-toledo-iii-1.webp","type":"image\/webp"}],"twitter_card":"summary_large_image","twitter_misc":{"Arvioitu lukuaika":"1 minuutti"},"schema":{"@context":"https:\/\/schema.org","@graph":[{"@type":"WebPage","@id":"https:\/\/autopartscenter24.com\/auton-varaosat\/1-6-bgu-moottori-audi-a3-vw-golf-v-toledo-iii\/","url":"https:\/\/autopartscenter24.com\/auton-varaosat\/1-6-bgu-moottori-audi-a3-vw-golf-v-toledo-iii\/","name":"1.6 \"BGU\" Moottori [Golf, Caddy, Touran, Octavia, A3]","isPartOf":{"@id":"https:\/\/autopartscenter24.com\/#website"},"primaryImageOfPage":{"@id":"https:\/\/autopartscenter24.com\/auton-varaosat\/1-6-bgu-moottori-audi-a3-vw-golf-v-toledo-iii\/#primaryimage"},"image":{"@id":"https:\/\/autopartscenter24.com\/auton-varaosat\/1-6-bgu-moottori-audi-a3-vw-golf-v-toledo-iii\/#primaryimage"},"thumbnailUrl":"https:\/\/autopartscenter24.com\/wp-content\/uploads\/2023\/03\/1-6-BGU-moottori-audi-a3-vw-golf-v-toledo-iii-1.webp","datePublished":"2023-03-08T17:37:54+00:00","dateModified":"2023-03-10T19:00:39+00:00","description":"Yksi moottoreista, joita meill\u00e4 on usein saatavilla. L\u00e4het\u00e4 kysely ja saat tarjouksen 24 tunnin sis\u00e4ll\u00e4. Moottorit, vaihteistot ja muut auton osat takuulla.","breadcrumb":{"@id":"https:\/\/autopartscenter24.com\/auton-varaosat\/1-6-bgu-moottori-audi-a3-vw-golf-v-toledo-iii\/#breadcrumb"},"inLanguage":"fi","potentialAction":[{"@type":"ReadAction","target":["https:\/\/autopartscenter24.com\/auton-varaosat\/1-6-bgu-moottori-audi-a3-vw-golf-v-toledo-iii\/"]}]},{"@type":"ImageObject","inLanguage":"fi","@id":"https:\/\/autopartscenter24.com\/auton-varaosat\/1-6-bgu-moottori-audi-a3-vw-golf-v-toledo-iii\/#primaryimage","url":"https:\/\/autopartscenter24.com\/wp-content\/uploads\/2023\/03\/1-6-BGU-moottori-audi-a3-vw-golf-v-toledo-iii-1.webp","contentUrl":"https:\/\/autopartscenter24.com\/wp-content\/uploads\/2023\/03\/1-6-BGU-moottori-audi-a3-vw-golf-v-toledo-iii-1.webp","width":800,"height":600},{"@type":"BreadcrumbList","@id":"https:\/\/autopartscenter24.com\/auton-varaosat\/1-6-bgu-moottori-audi-a3-vw-golf-v-toledo-iii\/#breadcrumb","itemListElement":[{"@type":"ListItem","position":1,"name":"Etusivu","item":"https:\/\/aliceblue-termite-662564.hostingersite.com\/"},{"@type":"ListItem","position":2,"name":"Auton varaosat","item":"https:\/\/aliceblue-termite-662564.hostingersite.com\/auton-varaosat\/"},{"@type":"ListItem","position":3,"name":"1.6 &#8221;BGU&#8221; Moottori [Golf, Caddy, Touran, Octavia, A3]"}]},{"@type":"WebSite","@id":"https:\/\/autopartscenter24.com\/#website","url":"https:\/\/autopartscenter24.com\/","name":"Autopartscenter24","description":"K\u00c4YTETYT JA KUNNOSTETUT  AUTON VARAOSAT","potentialAction":[{"@type":"SearchAction","target":{"@type":"EntryPoint","urlTemplate":"https:\/\/autopartscenter24.com\/?s={search_term_string}"},"query-input":{"@type":"PropertyValueSpecification","valueRequired":true,"valueName":"search_term_string"}}],"inLanguage":"fi"}]}},"_links":{"self":[{"href":"https:\/\/autopartscenter24.com\/fi\/wp-json\/wp\/v2\/product\/4118","targetHints":{"allow":["GET"]}}],"collection":[{"href":"https:\/\/autopartscenter24.com\/fi\/wp-json\/wp\/v2\/product"}],"about":[{"href":"https:\/\/autopartscenter24.com\/fi\/wp-json\/wp\/v2\/types\/product"}],"wp:featuredmedia":[{"embeddable":true,"href":"https:\/\/autopartscenter24.com\/fi\/wp-json\/wp\/v2\/media\/4735"}],"wp:attachment":[{"href":"https:\/\/autopartscenter24.com\/fi\/wp-json\/wp\/v2\/media?parent=4118"}],"wp:term":[{"taxonomy":"product_brand","embeddable":true,"href":"https:\/\/autopartscenter24.com\/fi\/wp-json\/wp\/v2\/product_brand?post=4118"},{"taxonomy":"product_cat","embeddable":true,"href":"https:\/\/autopartscenter24.com\/fi\/wp-json\/wp\/v2\/product_cat?post=4118"},{"taxonomy":"product_tag","embeddable":true,"href":"https:\/\/autopartscenter24.com\/fi\/wp-json\/wp\/v2\/product_tag?post=4118"}],"curies":[{"name":"wp","href":"https:\/\/api.w.org\/{rel}","templated":true}]}}