{"id":4112,"date":"2023-03-08T18:29:28","date_gmt":"2023-03-08T17:29:28","guid":{"rendered":"https:\/\/autopartscenter24.com\/?post_type=product&#038;p=4112"},"modified":"2023-03-10T19:50:02","modified_gmt":"2023-03-10T18:50:02","slug":"1-4-cpw-moottori-vw-golf-vii-octavia-iv-audi-a3","status":"publish","type":"product","link":"https:\/\/autopartscenter24.com\/fi\/auton-varaosat\/1-4-cpw-moottori-vw-golf-vii-octavia-iv-audi-a3\/","title":{"rendered":"1.4 &#8221;CPW \/ CPWA&#8221; Moottori [esim. Caddy, Golf, Octavia, Leon, A3]"},"content":{"rendered":"<p>Volkswagenin 1,4-litrainen moottori (moottorikoodi: CPW) on monik\u00e4ytt\u00f6inen moottori, joka on asennettu useisiin Volkswagenin automalleihin. Moottorin valmistaja on Volkswagen AG ja se on suunniteltu k\u00e4ytt\u00f6\u00f6n henkil\u00f6autoihin. Moottori on nelisylinterinen ja siin\u00e4 on suorasuihkutus.<\/p>\n<p>Moottorin teho vaihtelee eri mallien v\u00e4lill\u00e4, mutta yleens\u00e4 se tuottaa noin 122-150 hevosvoimaa ja v\u00e4\u00e4nt\u00f6momentti vaihtelee 200-250 Nm v\u00e4lill\u00e4. Moottorin suorituskyky on hyv\u00e4 ja se on taloudellinen. Moottorin kulutus on yleens\u00e4 noin 5-7 litraa\/100 km, riippuen auton koosta ja painosta.<\/p>\n<p>Moottorin rakenne on kevyt ja kompakti, mik\u00e4 tekee siit\u00e4 helpon asentaa eri automalleihin. Moottorissa on k\u00e4ytetty kest\u00e4vi\u00e4 materiaaleja ja se on suunniteltu pitk\u00e4ik\u00e4iseksi. Moottorissa on my\u00f6s Volkswagenin kehitt\u00e4m\u00e4 Start-Stop-j\u00e4rjestelm\u00e4, joka v\u00e4hent\u00e4\u00e4 polttoaineen kulutusta ja p\u00e4\u00e4st\u00f6j\u00e4 pys\u00e4yttelem\u00e4ll\u00e4 moottorin automaattisesti, kun auto on pys\u00e4hdyksiss\u00e4.<\/p>\n<p>Moottorissa on my\u00f6s monia muita teknisi\u00e4 ominaisuuksia, jotka tekev\u00e4t siit\u00e4 eritt\u00e4in suorituskykyisen. Siin\u00e4 on turboahtimen lis\u00e4ksi my\u00f6s suorasuihkutus, joka parantaa moottorin polttoainetehokkuutta ja antaa moottorille paremman suorituskyvyn. Moottorin ohjausj\u00e4rjestelm\u00e4 on my\u00f6s eritt\u00e4in tarkka ja se pystyy s\u00e4\u00e4t\u00e4m\u00e4\u00e4n moottorin k\u00e4ynti\u00e4 reaaliajassa.<\/p>\n<p>N\u00e4m\u00e4 automallit ovat eritt\u00e4in suosittuja ymp\u00e4ri maailmaa, ja Volkswagenin 1,4-litrainen moottori on osoittautunut luotettavaksi ja tehokkaaksi valinnaksi. Moottori on my\u00f6s ollut saatavilla joissakin Seat- ja Skoda-malleissa, jotka kuuluvat Volkswagen-konserniin.<\/p>\n","protected":false},"excerpt":{"rendered":"<p>Volkswagenin 1,4-litraista moottoria (CPW) on k\u00e4ytetty monissa Volkswagenin automalleissa, joista joitain ovat:<\/p>\n<ul>\n<li>Volkswagen Golf (VI ja VII)<\/li>\n<li>Volkswagen Jetta<\/li>\n<li>Volkswagen Passat<\/li>\n<li>Volkswagen Polo<\/li>\n<li>Volkswagen Touran<\/li>\n<\/ul>\n","protected":false},"featured_media":4705,"template":"","meta":[],"product_brand":[],"product_cat":[300,302,301],"product_tag":[303,435,345,348],"class_list":{"0":"post-4112","1":"product","2":"type-product","3":"status-publish","4":"has-post-thumbnail","6":"product_cat-audi","7":"product_cat-skoda","8":"product_cat-vw","9":"product_tag-a3","10":"product_tag-caddy","11":"product_tag-golf","12":"product_tag-leon","13":"pa_varaosan-osasto-moottori","16":"first","17":"instock","18":"shipping-taxable","19":"product-type-simple"},"yoast_head":"<!-- This site is optimized with the Yoast SEO plugin v26.8 - https:\/\/yoast.com\/product\/yoast-seo-wordpress\/ -->\n<title>1.4 &quot;CPW \/ CPWA&quot; Moottori [esim. Caddy, Golf, Octavia, Leon, A3]<\/title>\n<meta name=\"description\" content=\"Yksi moottoreista, joita meill\u00e4 on usein saatavilla. L\u00e4het\u00e4 kysely ja saat tarjouksen 24 tunnin sis\u00e4ll\u00e4. Moottorit, vaihteistot ja muut auton osat takuulla.\" \/>\n<meta name=\"robots\" content=\"index, follow, max-snippet:-1, max-image-preview:large, max-video-preview:-1\" \/>\n<link rel=\"canonical\" href=\"https:\/\/autopartscenter24.com\/fi\/auton-varaosat\/1-4-cpw-moottori-vw-golf-vii-octavia-iv-audi-a3\/\" \/>\n<meta property=\"og:locale\" content=\"fi_FI\" \/>\n<meta property=\"og:type\" content=\"article\" \/>\n<meta property=\"og:title\" content=\"1.4 &quot;CPW \/ CPWA&quot; Moottori [esim. Caddy, Golf, Octavia, Leon, A3]\" \/>\n<meta property=\"og:description\" content=\"Yksi moottoreista, joita meill\u00e4 on usein saatavilla. L\u00e4het\u00e4 kysely ja saat tarjouksen 24 tunnin sis\u00e4ll\u00e4. Moottorit, vaihteistot ja muut auton osat takuulla.\" \/>\n<meta property=\"og:url\" content=\"https:\/\/autopartscenter24.com\/fi\/auton-varaosat\/1-4-cpw-moottori-vw-golf-vii-octavia-iv-audi-a3\/\" \/>\n<meta property=\"og:site_name\" content=\"Autopartscenter24\" \/>\n<meta property=\"article:modified_time\" content=\"2023-03-10T18:50:02+00:00\" \/>\n<meta property=\"og:image\" content=\"https:\/\/autopartscenter24.com\/wp-content\/uploads\/2023\/03\/1-4-cpw-cpwa-moottori-vw-golf-vii-octavia-iv-audi-a3.webp\" \/>\n\t<meta property=\"og:image:width\" content=\"800\" \/>\n\t<meta property=\"og:image:height\" content=\"600\" \/>\n\t<meta property=\"og:image:type\" content=\"image\/webp\" \/>\n<meta name=\"twitter:card\" content=\"summary_large_image\" \/>\n<meta name=\"twitter:label1\" content=\"Arvioitu lukuaika\" \/>\n\t<meta name=\"twitter:data1\" content=\"1 minuutti\" \/>\n<script type=\"application\/ld+json\" class=\"yoast-schema-graph\">{\"@context\":\"https:\/\/schema.org\",\"@graph\":[{\"@type\":\"WebPage\",\"@id\":\"https:\/\/autopartscenter24.com\/auton-varaosat\/1-4-cpw-moottori-vw-golf-vii-octavia-iv-audi-a3\/\",\"url\":\"https:\/\/autopartscenter24.com\/auton-varaosat\/1-4-cpw-moottori-vw-golf-vii-octavia-iv-audi-a3\/\",\"name\":\"1.4 \\\"CPW \/ CPWA\\\" Moottori [esim. Caddy, Golf, Octavia, Leon, A3]\",\"isPartOf\":{\"@id\":\"https:\/\/autopartscenter24.com\/#website\"},\"primaryImageOfPage\":{\"@id\":\"https:\/\/autopartscenter24.com\/auton-varaosat\/1-4-cpw-moottori-vw-golf-vii-octavia-iv-audi-a3\/#primaryimage\"},\"image\":{\"@id\":\"https:\/\/autopartscenter24.com\/auton-varaosat\/1-4-cpw-moottori-vw-golf-vii-octavia-iv-audi-a3\/#primaryimage\"},\"thumbnailUrl\":\"https:\/\/autopartscenter24.com\/wp-content\/uploads\/2023\/03\/1-4-cpw-cpwa-moottori-vw-golf-vii-octavia-iv-audi-a3.webp\",\"datePublished\":\"2023-03-08T17:29:28+00:00\",\"dateModified\":\"2023-03-10T18:50:02+00:00\",\"description\":\"Yksi moottoreista, joita meill\u00e4 on usein saatavilla. L\u00e4het\u00e4 kysely ja saat tarjouksen 24 tunnin sis\u00e4ll\u00e4. Moottorit, vaihteistot ja muut auton osat takuulla.\",\"breadcrumb\":{\"@id\":\"https:\/\/autopartscenter24.com\/auton-varaosat\/1-4-cpw-moottori-vw-golf-vii-octavia-iv-audi-a3\/#breadcrumb\"},\"inLanguage\":\"fi\",\"potentialAction\":[{\"@type\":\"ReadAction\",\"target\":[\"https:\/\/autopartscenter24.com\/auton-varaosat\/1-4-cpw-moottori-vw-golf-vii-octavia-iv-audi-a3\/\"]}]},{\"@type\":\"ImageObject\",\"inLanguage\":\"fi\",\"@id\":\"https:\/\/autopartscenter24.com\/auton-varaosat\/1-4-cpw-moottori-vw-golf-vii-octavia-iv-audi-a3\/#primaryimage\",\"url\":\"https:\/\/autopartscenter24.com\/wp-content\/uploads\/2023\/03\/1-4-cpw-cpwa-moottori-vw-golf-vii-octavia-iv-audi-a3.webp\",\"contentUrl\":\"https:\/\/autopartscenter24.com\/wp-content\/uploads\/2023\/03\/1-4-cpw-cpwa-moottori-vw-golf-vii-octavia-iv-audi-a3.webp\",\"width\":800,\"height\":600},{\"@type\":\"BreadcrumbList\",\"@id\":\"https:\/\/autopartscenter24.com\/auton-varaosat\/1-4-cpw-moottori-vw-golf-vii-octavia-iv-audi-a3\/#breadcrumb\",\"itemListElement\":[{\"@type\":\"ListItem\",\"position\":1,\"name\":\"Etusivu\",\"item\":\"https:\/\/aliceblue-termite-662564.hostingersite.com\/\"},{\"@type\":\"ListItem\",\"position\":2,\"name\":\"Auton varaosat\",\"item\":\"https:\/\/aliceblue-termite-662564.hostingersite.com\/auton-varaosat\/\"},{\"@type\":\"ListItem\",\"position\":3,\"name\":\"1.4 &#8221;CPW \/ CPWA&#8221; Moottori [esim. Caddy, Golf, Octavia, Leon, A3]\"}]},{\"@type\":\"WebSite\",\"@id\":\"https:\/\/autopartscenter24.com\/#website\",\"url\":\"https:\/\/autopartscenter24.com\/\",\"name\":\"Autopartscenter24\",\"description\":\"K\u00c4YTETYT JA KUNNOSTETUT  AUTON VARAOSAT\",\"potentialAction\":[{\"@type\":\"SearchAction\",\"target\":{\"@type\":\"EntryPoint\",\"urlTemplate\":\"https:\/\/autopartscenter24.com\/?s={search_term_string}\"},\"query-input\":{\"@type\":\"PropertyValueSpecification\",\"valueRequired\":true,\"valueName\":\"search_term_string\"}}],\"inLanguage\":\"fi\"}]}<\/script>\n<!-- \/ Yoast SEO plugin. -->","yoast_head_json":{"title":"1.4 \"CPW \/ CPWA\" Moottori [esim. Caddy, Golf, Octavia, Leon, A3]","description":"Yksi moottoreista, joita meill\u00e4 on usein saatavilla. L\u00e4het\u00e4 kysely ja saat tarjouksen 24 tunnin sis\u00e4ll\u00e4. Moottorit, vaihteistot ja muut auton osat takuulla.","robots":{"index":"index","follow":"follow","max-snippet":"max-snippet:-1","max-image-preview":"max-image-preview:large","max-video-preview":"max-video-preview:-1"},"canonical":"https:\/\/autopartscenter24.com\/fi\/auton-varaosat\/1-4-cpw-moottori-vw-golf-vii-octavia-iv-audi-a3\/","og_locale":"fi_FI","og_type":"article","og_title":"1.4 \"CPW \/ CPWA\" Moottori [esim. Caddy, Golf, Octavia, Leon, A3]","og_description":"Yksi moottoreista, joita meill\u00e4 on usein saatavilla. L\u00e4het\u00e4 kysely ja saat tarjouksen 24 tunnin sis\u00e4ll\u00e4. Moottorit, vaihteistot ja muut auton osat takuulla.","og_url":"https:\/\/autopartscenter24.com\/fi\/auton-varaosat\/1-4-cpw-moottori-vw-golf-vii-octavia-iv-audi-a3\/","og_site_name":"Autopartscenter24","article_modified_time":"2023-03-10T18:50:02+00:00","og_image":[{"width":800,"height":600,"url":"https:\/\/autopartscenter24.com\/wp-content\/uploads\/2023\/03\/1-4-cpw-cpwa-moottori-vw-golf-vii-octavia-iv-audi-a3.webp","type":"image\/webp"}],"twitter_card":"summary_large_image","twitter_misc":{"Arvioitu lukuaika":"1 minuutti"},"schema":{"@context":"https:\/\/schema.org","@graph":[{"@type":"WebPage","@id":"https:\/\/autopartscenter24.com\/auton-varaosat\/1-4-cpw-moottori-vw-golf-vii-octavia-iv-audi-a3\/","url":"https:\/\/autopartscenter24.com\/auton-varaosat\/1-4-cpw-moottori-vw-golf-vii-octavia-iv-audi-a3\/","name":"1.4 \"CPW \/ CPWA\" Moottori [esim. Caddy, Golf, Octavia, Leon, A3]","isPartOf":{"@id":"https:\/\/autopartscenter24.com\/#website"},"primaryImageOfPage":{"@id":"https:\/\/autopartscenter24.com\/auton-varaosat\/1-4-cpw-moottori-vw-golf-vii-octavia-iv-audi-a3\/#primaryimage"},"image":{"@id":"https:\/\/autopartscenter24.com\/auton-varaosat\/1-4-cpw-moottori-vw-golf-vii-octavia-iv-audi-a3\/#primaryimage"},"thumbnailUrl":"https:\/\/autopartscenter24.com\/wp-content\/uploads\/2023\/03\/1-4-cpw-cpwa-moottori-vw-golf-vii-octavia-iv-audi-a3.webp","datePublished":"2023-03-08T17:29:28+00:00","dateModified":"2023-03-10T18:50:02+00:00","description":"Yksi moottoreista, joita meill\u00e4 on usein saatavilla. L\u00e4het\u00e4 kysely ja saat tarjouksen 24 tunnin sis\u00e4ll\u00e4. Moottorit, vaihteistot ja muut auton osat takuulla.","breadcrumb":{"@id":"https:\/\/autopartscenter24.com\/auton-varaosat\/1-4-cpw-moottori-vw-golf-vii-octavia-iv-audi-a3\/#breadcrumb"},"inLanguage":"fi","potentialAction":[{"@type":"ReadAction","target":["https:\/\/autopartscenter24.com\/auton-varaosat\/1-4-cpw-moottori-vw-golf-vii-octavia-iv-audi-a3\/"]}]},{"@type":"ImageObject","inLanguage":"fi","@id":"https:\/\/autopartscenter24.com\/auton-varaosat\/1-4-cpw-moottori-vw-golf-vii-octavia-iv-audi-a3\/#primaryimage","url":"https:\/\/autopartscenter24.com\/wp-content\/uploads\/2023\/03\/1-4-cpw-cpwa-moottori-vw-golf-vii-octavia-iv-audi-a3.webp","contentUrl":"https:\/\/autopartscenter24.com\/wp-content\/uploads\/2023\/03\/1-4-cpw-cpwa-moottori-vw-golf-vii-octavia-iv-audi-a3.webp","width":800,"height":600},{"@type":"BreadcrumbList","@id":"https:\/\/autopartscenter24.com\/auton-varaosat\/1-4-cpw-moottori-vw-golf-vii-octavia-iv-audi-a3\/#breadcrumb","itemListElement":[{"@type":"ListItem","position":1,"name":"Etusivu","item":"https:\/\/aliceblue-termite-662564.hostingersite.com\/"},{"@type":"ListItem","position":2,"name":"Auton varaosat","item":"https:\/\/aliceblue-termite-662564.hostingersite.com\/auton-varaosat\/"},{"@type":"ListItem","position":3,"name":"1.4 &#8221;CPW \/ CPWA&#8221; Moottori [esim. Caddy, Golf, Octavia, Leon, A3]"}]},{"@type":"WebSite","@id":"https:\/\/autopartscenter24.com\/#website","url":"https:\/\/autopartscenter24.com\/","name":"Autopartscenter24","description":"K\u00c4YTETYT JA KUNNOSTETUT  AUTON VARAOSAT","potentialAction":[{"@type":"SearchAction","target":{"@type":"EntryPoint","urlTemplate":"https:\/\/autopartscenter24.com\/?s={search_term_string}"},"query-input":{"@type":"PropertyValueSpecification","valueRequired":true,"valueName":"search_term_string"}}],"inLanguage":"fi"}]}},"_links":{"self":[{"href":"https:\/\/autopartscenter24.com\/fi\/wp-json\/wp\/v2\/product\/4112","targetHints":{"allow":["GET"]}}],"collection":[{"href":"https:\/\/autopartscenter24.com\/fi\/wp-json\/wp\/v2\/product"}],"about":[{"href":"https:\/\/autopartscenter24.com\/fi\/wp-json\/wp\/v2\/types\/product"}],"wp:featuredmedia":[{"embeddable":true,"href":"https:\/\/autopartscenter24.com\/fi\/wp-json\/wp\/v2\/media\/4705"}],"wp:attachment":[{"href":"https:\/\/autopartscenter24.com\/fi\/wp-json\/wp\/v2\/media?parent=4112"}],"wp:term":[{"taxonomy":"product_brand","embeddable":true,"href":"https:\/\/autopartscenter24.com\/fi\/wp-json\/wp\/v2\/product_brand?post=4112"},{"taxonomy":"product_cat","embeddable":true,"href":"https:\/\/autopartscenter24.com\/fi\/wp-json\/wp\/v2\/product_cat?post=4112"},{"taxonomy":"product_tag","embeddable":true,"href":"https:\/\/autopartscenter24.com\/fi\/wp-json\/wp\/v2\/product_tag?post=4112"}],"curies":[{"name":"wp","href":"https:\/\/api.w.org\/{rel}","templated":true}]}}