{"id":4075,"date":"2023-03-08T17:38:33","date_gmt":"2023-03-08T16:38:33","guid":{"rendered":"https:\/\/autopartscenter24.com\/?post_type=product&#038;p=4075"},"modified":"2023-03-10T19:49:23","modified_gmt":"2023-03-10T18:49:23","slug":"1-6-fsi-bag-vw-golf-v-touran-audi-a3","status":"publish","type":"product","link":"https:\/\/autopartscenter24.com\/fi\/auton-varaosat\/1-6-fsi-bag-vw-golf-v-touran-audi-a3\/","title":{"rendered":"1.6 FSI &#8221;BAG&#8221; Moottori [esim. Golf, Touran, A3]"},"content":{"rendered":"<p><strong>1.6 FSI on Volkswagen-konsernin<\/strong> valmistama polttomoottori. <strong>Moottorikoodi BAG<\/strong> on Volkswagenin k\u00e4ytt\u00e4m\u00e4 tunniste kyseiselle moottorille. Moottori tuli markkinoille vuonna 2003 Volkswagen Golf Mk5 -mallissa, ja sit\u00e4 on k\u00e4ytetty my\u00f6hemmin my\u00f6s monissa muissa Volkswagen-konsernin autoissa.<\/p>\n<p>Moottorin sylinteritilavuus on 1,6 litraa ja se tuottaa tehoa 115\u2013116 hv, riippuen auton mallista. Moottori on varustettu suorasuihkutuksella ja se toimii bensiinill\u00e4. Suorasuihkutus tehostaa moottorin polttoainetaloutta ja v\u00e4hent\u00e4\u00e4 p\u00e4\u00e4st\u00f6j\u00e4.<\/p>\n<p>1.6 FSI -moottorin etuja ovat sen tehokkuus ja kest\u00e4vyys. Moottori on my\u00f6s melko hiljainen k\u00e4yt\u00f6ss\u00e4 ja se tarjoaa hyv\u00e4n suorituskyvyn. Moottorin huoltov\u00e4lit ovat kohtuulliset, mik\u00e4 tekee siit\u00e4 edullisen k\u00e4yt\u00f6ss\u00e4.<\/p>\n<p>Avainpisteet:<\/p>\n<ul>\n<li>Moottorin sylinteritilavuus on 1,6 litraa ja se tuottaa tehoa 115\u2013116 hv.<\/li>\n<li>Moottori on varustettu suorasuihkutuksella ja se toimii bensiinill\u00e4.<\/li>\n<li>1.6 FSI -moottori tarjoaa hyv\u00e4n suorituskyvyn ja on melko hiljainen k\u00e4yt\u00f6ss\u00e4.<\/li>\n<li>Volkswagen-konserni on k\u00e4ytt\u00e4nyt moottoria useissa eri malleissaan, kuten Volkswagen Golf, Volkswagen Jetta, Volkswagen Touran, Volkswagen Passat, SEAT Leon ja SEAT Toledo.<\/li>\n<\/ul>\n","protected":false},"excerpt":{"rendered":"<p>Volkswagen on k\u00e4ytt\u00e4nyt 1.6 FSI -moottoria useissa eri malleissaan, kuten Volkswagen Golf, Volkswagen Jetta, Volkswagen Touran, Volkswagen Passat, SEAT Leon ja SEAT Toledo. My\u00f6s Skoda Octavia on saanut moottorin valikoimiinsa.<\/p>\n","protected":false},"featured_media":4695,"template":"","meta":[],"product_brand":[],"product_cat":[300,309,302,301],"product_tag":[303,345,382,349,502,350],"class_list":{"0":"post-4075","1":"product","2":"type-product","3":"status-publish","4":"has-post-thumbnail","6":"product_cat-audi","7":"product_cat-seat","8":"product_cat-skoda","9":"product_cat-vw","10":"product_tag-a3","11":"product_tag-golf","12":"product_tag-jetta","13":"product_tag-passat","14":"product_tag-toledo","15":"product_tag-touran","16":"pa_varaosan-osasto-moottori","19":"first","20":"instock","21":"shipping-taxable","22":"product-type-simple"},"yoast_head":"<!-- This site is optimized with the Yoast SEO plugin v26.8 - https:\/\/yoast.com\/product\/yoast-seo-wordpress\/ -->\n<title>1.6 FSI &quot;BAG&quot; Moottori [esim. Golf, Touran, A3] - Autopartscenter24<\/title>\n<meta name=\"description\" content=\"Yksi moottoreista, joita meill\u00e4 on usein saatavilla. L\u00e4het\u00e4 kysely ja saat tarjouksen 24 tunnin sis\u00e4ll\u00e4. Moottorit, vaihteistot ja muut auton osat takuulla.\" \/>\n<meta name=\"robots\" content=\"index, follow, max-snippet:-1, max-image-preview:large, max-video-preview:-1\" \/>\n<link rel=\"canonical\" href=\"https:\/\/autopartscenter24.com\/fi\/auton-varaosat\/1-6-fsi-bag-vw-golf-v-touran-audi-a3\/\" \/>\n<meta property=\"og:locale\" content=\"fi_FI\" \/>\n<meta property=\"og:type\" content=\"article\" \/>\n<meta property=\"og:title\" content=\"1.6 FSI &quot;BAG&quot; Moottori [esim. Golf, Touran, A3] - Autopartscenter24\" \/>\n<meta property=\"og:description\" content=\"Yksi moottoreista, joita meill\u00e4 on usein saatavilla. L\u00e4het\u00e4 kysely ja saat tarjouksen 24 tunnin sis\u00e4ll\u00e4. Moottorit, vaihteistot ja muut auton osat takuulla.\" \/>\n<meta property=\"og:url\" content=\"https:\/\/autopartscenter24.com\/fi\/auton-varaosat\/1-6-fsi-bag-vw-golf-v-touran-audi-a3\/\" \/>\n<meta property=\"og:site_name\" content=\"Autopartscenter24\" \/>\n<meta property=\"article:modified_time\" content=\"2023-03-10T18:49:23+00:00\" \/>\n<meta property=\"og:image\" content=\"https:\/\/autopartscenter24.com\/wp-content\/uploads\/2023\/03\/1-6-fsi-BAG-moottori-vw-golf-v-touran-audi-a3.webp\" \/>\n\t<meta property=\"og:image:width\" content=\"800\" \/>\n\t<meta property=\"og:image:height\" content=\"600\" \/>\n\t<meta property=\"og:image:type\" content=\"image\/webp\" \/>\n<meta name=\"twitter:card\" content=\"summary_large_image\" \/>\n<meta name=\"twitter:label1\" content=\"Arvioitu lukuaika\" \/>\n\t<meta name=\"twitter:data1\" content=\"1 minuutti\" \/>\n<script type=\"application\/ld+json\" class=\"yoast-schema-graph\">{\"@context\":\"https:\/\/schema.org\",\"@graph\":[{\"@type\":\"WebPage\",\"@id\":\"https:\/\/autopartscenter24.com\/auton-varaosat\/1-6-fsi-bag-vw-golf-v-touran-audi-a3\/\",\"url\":\"https:\/\/autopartscenter24.com\/auton-varaosat\/1-6-fsi-bag-vw-golf-v-touran-audi-a3\/\",\"name\":\"1.6 FSI \\\"BAG\\\" Moottori [esim. Golf, Touran, A3] - Autopartscenter24\",\"isPartOf\":{\"@id\":\"https:\/\/autopartscenter24.com\/#website\"},\"primaryImageOfPage\":{\"@id\":\"https:\/\/autopartscenter24.com\/auton-varaosat\/1-6-fsi-bag-vw-golf-v-touran-audi-a3\/#primaryimage\"},\"image\":{\"@id\":\"https:\/\/autopartscenter24.com\/auton-varaosat\/1-6-fsi-bag-vw-golf-v-touran-audi-a3\/#primaryimage\"},\"thumbnailUrl\":\"https:\/\/autopartscenter24.com\/wp-content\/uploads\/2023\/03\/1-6-fsi-BAG-moottori-vw-golf-v-touran-audi-a3.webp\",\"datePublished\":\"2023-03-08T16:38:33+00:00\",\"dateModified\":\"2023-03-10T18:49:23+00:00\",\"description\":\"Yksi moottoreista, joita meill\u00e4 on usein saatavilla. L\u00e4het\u00e4 kysely ja saat tarjouksen 24 tunnin sis\u00e4ll\u00e4. Moottorit, vaihteistot ja muut auton osat takuulla.\",\"breadcrumb\":{\"@id\":\"https:\/\/autopartscenter24.com\/auton-varaosat\/1-6-fsi-bag-vw-golf-v-touran-audi-a3\/#breadcrumb\"},\"inLanguage\":\"fi\",\"potentialAction\":[{\"@type\":\"ReadAction\",\"target\":[\"https:\/\/autopartscenter24.com\/auton-varaosat\/1-6-fsi-bag-vw-golf-v-touran-audi-a3\/\"]}]},{\"@type\":\"ImageObject\",\"inLanguage\":\"fi\",\"@id\":\"https:\/\/autopartscenter24.com\/auton-varaosat\/1-6-fsi-bag-vw-golf-v-touran-audi-a3\/#primaryimage\",\"url\":\"https:\/\/autopartscenter24.com\/wp-content\/uploads\/2023\/03\/1-6-fsi-BAG-moottori-vw-golf-v-touran-audi-a3.webp\",\"contentUrl\":\"https:\/\/autopartscenter24.com\/wp-content\/uploads\/2023\/03\/1-6-fsi-BAG-moottori-vw-golf-v-touran-audi-a3.webp\",\"width\":800,\"height\":600},{\"@type\":\"BreadcrumbList\",\"@id\":\"https:\/\/autopartscenter24.com\/auton-varaosat\/1-6-fsi-bag-vw-golf-v-touran-audi-a3\/#breadcrumb\",\"itemListElement\":[{\"@type\":\"ListItem\",\"position\":1,\"name\":\"Etusivu\",\"item\":\"https:\/\/aliceblue-termite-662564.hostingersite.com\/\"},{\"@type\":\"ListItem\",\"position\":2,\"name\":\"Auton varaosat\",\"item\":\"https:\/\/aliceblue-termite-662564.hostingersite.com\/auton-varaosat\/\"},{\"@type\":\"ListItem\",\"position\":3,\"name\":\"1.6 FSI &#8221;BAG&#8221; Moottori [esim. Golf, Touran, A3]\"}]},{\"@type\":\"WebSite\",\"@id\":\"https:\/\/autopartscenter24.com\/#website\",\"url\":\"https:\/\/autopartscenter24.com\/\",\"name\":\"Autopartscenter24\",\"description\":\"K\u00c4YTETYT JA KUNNOSTETUT  AUTON VARAOSAT\",\"potentialAction\":[{\"@type\":\"SearchAction\",\"target\":{\"@type\":\"EntryPoint\",\"urlTemplate\":\"https:\/\/autopartscenter24.com\/?s={search_term_string}\"},\"query-input\":{\"@type\":\"PropertyValueSpecification\",\"valueRequired\":true,\"valueName\":\"search_term_string\"}}],\"inLanguage\":\"fi\"}]}<\/script>\n<!-- \/ Yoast SEO plugin. -->","yoast_head_json":{"title":"1.6 FSI \"BAG\" Moottori [esim. Golf, Touran, A3] - Autopartscenter24","description":"Yksi moottoreista, joita meill\u00e4 on usein saatavilla. L\u00e4het\u00e4 kysely ja saat tarjouksen 24 tunnin sis\u00e4ll\u00e4. Moottorit, vaihteistot ja muut auton osat takuulla.","robots":{"index":"index","follow":"follow","max-snippet":"max-snippet:-1","max-image-preview":"max-image-preview:large","max-video-preview":"max-video-preview:-1"},"canonical":"https:\/\/autopartscenter24.com\/fi\/auton-varaosat\/1-6-fsi-bag-vw-golf-v-touran-audi-a3\/","og_locale":"fi_FI","og_type":"article","og_title":"1.6 FSI \"BAG\" Moottori [esim. Golf, Touran, A3] - Autopartscenter24","og_description":"Yksi moottoreista, joita meill\u00e4 on usein saatavilla. L\u00e4het\u00e4 kysely ja saat tarjouksen 24 tunnin sis\u00e4ll\u00e4. Moottorit, vaihteistot ja muut auton osat takuulla.","og_url":"https:\/\/autopartscenter24.com\/fi\/auton-varaosat\/1-6-fsi-bag-vw-golf-v-touran-audi-a3\/","og_site_name":"Autopartscenter24","article_modified_time":"2023-03-10T18:49:23+00:00","og_image":[{"width":800,"height":600,"url":"https:\/\/autopartscenter24.com\/wp-content\/uploads\/2023\/03\/1-6-fsi-BAG-moottori-vw-golf-v-touran-audi-a3.webp","type":"image\/webp"}],"twitter_card":"summary_large_image","twitter_misc":{"Arvioitu lukuaika":"1 minuutti"},"schema":{"@context":"https:\/\/schema.org","@graph":[{"@type":"WebPage","@id":"https:\/\/autopartscenter24.com\/auton-varaosat\/1-6-fsi-bag-vw-golf-v-touran-audi-a3\/","url":"https:\/\/autopartscenter24.com\/auton-varaosat\/1-6-fsi-bag-vw-golf-v-touran-audi-a3\/","name":"1.6 FSI \"BAG\" Moottori [esim. Golf, Touran, A3] - Autopartscenter24","isPartOf":{"@id":"https:\/\/autopartscenter24.com\/#website"},"primaryImageOfPage":{"@id":"https:\/\/autopartscenter24.com\/auton-varaosat\/1-6-fsi-bag-vw-golf-v-touran-audi-a3\/#primaryimage"},"image":{"@id":"https:\/\/autopartscenter24.com\/auton-varaosat\/1-6-fsi-bag-vw-golf-v-touran-audi-a3\/#primaryimage"},"thumbnailUrl":"https:\/\/autopartscenter24.com\/wp-content\/uploads\/2023\/03\/1-6-fsi-BAG-moottori-vw-golf-v-touran-audi-a3.webp","datePublished":"2023-03-08T16:38:33+00:00","dateModified":"2023-03-10T18:49:23+00:00","description":"Yksi moottoreista, joita meill\u00e4 on usein saatavilla. L\u00e4het\u00e4 kysely ja saat tarjouksen 24 tunnin sis\u00e4ll\u00e4. Moottorit, vaihteistot ja muut auton osat takuulla.","breadcrumb":{"@id":"https:\/\/autopartscenter24.com\/auton-varaosat\/1-6-fsi-bag-vw-golf-v-touran-audi-a3\/#breadcrumb"},"inLanguage":"fi","potentialAction":[{"@type":"ReadAction","target":["https:\/\/autopartscenter24.com\/auton-varaosat\/1-6-fsi-bag-vw-golf-v-touran-audi-a3\/"]}]},{"@type":"ImageObject","inLanguage":"fi","@id":"https:\/\/autopartscenter24.com\/auton-varaosat\/1-6-fsi-bag-vw-golf-v-touran-audi-a3\/#primaryimage","url":"https:\/\/autopartscenter24.com\/wp-content\/uploads\/2023\/03\/1-6-fsi-BAG-moottori-vw-golf-v-touran-audi-a3.webp","contentUrl":"https:\/\/autopartscenter24.com\/wp-content\/uploads\/2023\/03\/1-6-fsi-BAG-moottori-vw-golf-v-touran-audi-a3.webp","width":800,"height":600},{"@type":"BreadcrumbList","@id":"https:\/\/autopartscenter24.com\/auton-varaosat\/1-6-fsi-bag-vw-golf-v-touran-audi-a3\/#breadcrumb","itemListElement":[{"@type":"ListItem","position":1,"name":"Etusivu","item":"https:\/\/aliceblue-termite-662564.hostingersite.com\/"},{"@type":"ListItem","position":2,"name":"Auton varaosat","item":"https:\/\/aliceblue-termite-662564.hostingersite.com\/auton-varaosat\/"},{"@type":"ListItem","position":3,"name":"1.6 FSI &#8221;BAG&#8221; Moottori [esim. Golf, Touran, A3]"}]},{"@type":"WebSite","@id":"https:\/\/autopartscenter24.com\/#website","url":"https:\/\/autopartscenter24.com\/","name":"Autopartscenter24","description":"K\u00c4YTETYT JA KUNNOSTETUT  AUTON VARAOSAT","potentialAction":[{"@type":"SearchAction","target":{"@type":"EntryPoint","urlTemplate":"https:\/\/autopartscenter24.com\/?s={search_term_string}"},"query-input":{"@type":"PropertyValueSpecification","valueRequired":true,"valueName":"search_term_string"}}],"inLanguage":"fi"}]}},"_links":{"self":[{"href":"https:\/\/autopartscenter24.com\/fi\/wp-json\/wp\/v2\/product\/4075","targetHints":{"allow":["GET"]}}],"collection":[{"href":"https:\/\/autopartscenter24.com\/fi\/wp-json\/wp\/v2\/product"}],"about":[{"href":"https:\/\/autopartscenter24.com\/fi\/wp-json\/wp\/v2\/types\/product"}],"wp:featuredmedia":[{"embeddable":true,"href":"https:\/\/autopartscenter24.com\/fi\/wp-json\/wp\/v2\/media\/4695"}],"wp:attachment":[{"href":"https:\/\/autopartscenter24.com\/fi\/wp-json\/wp\/v2\/media?parent=4075"}],"wp:term":[{"taxonomy":"product_brand","embeddable":true,"href":"https:\/\/autopartscenter24.com\/fi\/wp-json\/wp\/v2\/product_brand?post=4075"},{"taxonomy":"product_cat","embeddable":true,"href":"https:\/\/autopartscenter24.com\/fi\/wp-json\/wp\/v2\/product_cat?post=4075"},{"taxonomy":"product_tag","embeddable":true,"href":"https:\/\/autopartscenter24.com\/fi\/wp-json\/wp\/v2\/product_tag?post=4075"}],"curies":[{"name":"wp","href":"https:\/\/api.w.org\/{rel}","templated":true}]}}