{"id":4044,"date":"2023-03-08T16:32:56","date_gmt":"2023-03-08T15:32:56","guid":{"rendered":"https:\/\/autopartscenter24.com\/?post_type=product&#038;p=4044"},"modified":"2023-03-10T19:45:59","modified_gmt":"2023-03-10T18:45:59","slug":"2-0-vvti-16v-3zr-fae-moottori-toyota-avensis-t27","status":"publish","type":"product","link":"https:\/\/autopartscenter24.com\/fi\/auton-varaosat\/2-0-vvti-16v-3zr-fae-moottori-toyota-avensis-t27\/","title":{"rendered":"2.0 VVTI 16V &#8221;3ZR-FAE&#8221; Moottori [Toyota Avensis T27]"},"content":{"rendered":"<p>Toyota on japanilainen autovalmistaja, joka on tunnettu laadukkaista autoistaan. Yksi n\u00e4ist\u00e4 autoista on Toyota Avensis T27, joka on varustettu 2.0 VVTI -moottorilla, jonka moottorikoodi on 3ZR-FAE. T\u00e4m\u00e4 moottori on yksi Toyota-moottoreiden suosituimmista, ja se on ollut tuotannossa jo vuodesta 2007.<\/p>\n<p>3ZR-FAE -moottori on nelisylinterinen ja siin\u00e4 on 16 venttiili\u00e4. Sen iskutilavuus on 2.0 litraa, ja se tuottaa 147 hevosvoimaa ja 196 Nm v\u00e4\u00e4nt\u00f6momenttia. Moottorissa k\u00e4ytet\u00e4\u00e4n Toyota&#8217;n VVTI-teknologiaa, joka mahdollistaa venttiilien ajoituksen s\u00e4\u00e4d\u00f6n optimaaliseen tehon ja polttoainetalouden tasapainoon. Moottorissa on my\u00f6s korkeapainepolttoainej\u00e4rjestelm\u00e4, joka tarjoaa eritt\u00e4in tarkan ja tehokkaan polttoaineen sy\u00f6t\u00f6n.<\/p>\n<p>3ZR-FAE -moottorin tekniset ominaisuudet tekev\u00e4t siit\u00e4 eritt\u00e4in taloudellisen ja luotettavan. Sen polttoainetalous on erinomainen, ja CO2-p\u00e4\u00e4st\u00f6t ovat alhaiset. Lis\u00e4ksi moottori on hiljainen ja kest\u00e4v\u00e4, mik\u00e4 tekee siit\u00e4 erinomaisen valinnan Toyota Avensis T27 -autoihin.<\/p>\n<p>Toyota Avensis T27 ei ole ainoa auto, joka on varustettu 3ZR-FAE -moottorilla. Moottoria on k\u00e4ytetty my\u00f6s muissa Toyota-malleissa, kuten Corolla, RAV4 ja Prius. T\u00e4m\u00e4n lis\u00e4ksi moottoria on k\u00e4ytetty joissakin Mazda-malleissa, kuten Mazda 3:ssa ja Mazda 5:ss\u00e4.<\/p>\n","protected":false},"excerpt":{"rendered":"<ul>\n<li>Toyota Avensis T27<\/li>\n<li>Toyota Corolla<\/li>\n<li>Toyota RAV4<\/li>\n<li>Toyota Prius<\/li>\n<\/ul>\n","protected":false},"featured_media":4669,"template":"","meta":[],"product_brand":[],"product_cat":[397],"product_tag":[399,422,499,423],"class_list":{"0":"post-4044","1":"product","2":"type-product","3":"status-publish","4":"has-post-thumbnail","6":"product_cat-toyota","7":"product_tag-avensis","8":"product_tag-corolla","9":"product_tag-prius","10":"product_tag-rav-4","11":"pa_varaosan-osasto-moottori","14":"first","15":"instock","16":"shipping-taxable","17":"product-type-simple"},"yoast_head":"<!-- This site is optimized with the Yoast SEO plugin v26.8 - https:\/\/yoast.com\/product\/yoast-seo-wordpress\/ -->\n<title>2.0 VVTI 16V &quot;3ZR-FAE&quot; Moottori [Toyota Avensis T27]<\/title>\n<meta name=\"description\" content=\"Yksi moottoreista, joita meill\u00e4 on usein saatavilla. L\u00e4het\u00e4 kysely ja saat tarjouksen 24 tunnin sis\u00e4ll\u00e4. Moottorit, vaihteistot ja muut auton osat takuulla.\" \/>\n<meta name=\"robots\" content=\"index, follow, max-snippet:-1, max-image-preview:large, max-video-preview:-1\" \/>\n<link rel=\"canonical\" href=\"https:\/\/autopartscenter24.com\/fi\/auton-varaosat\/2-0-vvti-16v-3zr-fae-moottori-toyota-avensis-t27\/\" \/>\n<meta property=\"og:locale\" content=\"fi_FI\" \/>\n<meta property=\"og:type\" content=\"article\" \/>\n<meta property=\"og:title\" content=\"2.0 VVTI 16V &quot;3ZR-FAE&quot; Moottori [Toyota Avensis T27]\" \/>\n<meta property=\"og:description\" content=\"Yksi moottoreista, joita meill\u00e4 on usein saatavilla. L\u00e4het\u00e4 kysely ja saat tarjouksen 24 tunnin sis\u00e4ll\u00e4. Moottorit, vaihteistot ja muut auton osat takuulla.\" \/>\n<meta property=\"og:url\" content=\"https:\/\/autopartscenter24.com\/fi\/auton-varaosat\/2-0-vvti-16v-3zr-fae-moottori-toyota-avensis-t27\/\" \/>\n<meta property=\"og:site_name\" content=\"Autopartscenter24\" \/>\n<meta property=\"article:modified_time\" content=\"2023-03-10T18:45:59+00:00\" \/>\n<meta property=\"og:image\" content=\"https:\/\/autopartscenter24.com\/wp-content\/uploads\/2023\/03\/2-0-vvti-16v-3zr-fae-moottori-toyota-avensis-t27.webp\" \/>\n\t<meta property=\"og:image:width\" content=\"800\" \/>\n\t<meta property=\"og:image:height\" content=\"600\" \/>\n\t<meta property=\"og:image:type\" content=\"image\/webp\" \/>\n<meta name=\"twitter:card\" content=\"summary_large_image\" \/>\n<meta name=\"twitter:label1\" content=\"Arvioitu lukuaika\" \/>\n\t<meta name=\"twitter:data1\" content=\"1 minuutti\" \/>\n<script type=\"application\/ld+json\" class=\"yoast-schema-graph\">{\"@context\":\"https:\/\/schema.org\",\"@graph\":[{\"@type\":\"WebPage\",\"@id\":\"https:\/\/autopartscenter24.com\/auton-varaosat\/2-0-vvti-16v-3zr-fae-moottori-toyota-avensis-t27\/\",\"url\":\"https:\/\/autopartscenter24.com\/auton-varaosat\/2-0-vvti-16v-3zr-fae-moottori-toyota-avensis-t27\/\",\"name\":\"2.0 VVTI 16V \\\"3ZR-FAE\\\" Moottori [Toyota Avensis T27]\",\"isPartOf\":{\"@id\":\"https:\/\/autopartscenter24.com\/#website\"},\"primaryImageOfPage\":{\"@id\":\"https:\/\/autopartscenter24.com\/auton-varaosat\/2-0-vvti-16v-3zr-fae-moottori-toyota-avensis-t27\/#primaryimage\"},\"image\":{\"@id\":\"https:\/\/autopartscenter24.com\/auton-varaosat\/2-0-vvti-16v-3zr-fae-moottori-toyota-avensis-t27\/#primaryimage\"},\"thumbnailUrl\":\"https:\/\/autopartscenter24.com\/wp-content\/uploads\/2023\/03\/2-0-vvti-16v-3zr-fae-moottori-toyota-avensis-t27.webp\",\"datePublished\":\"2023-03-08T15:32:56+00:00\",\"dateModified\":\"2023-03-10T18:45:59+00:00\",\"description\":\"Yksi moottoreista, joita meill\u00e4 on usein saatavilla. L\u00e4het\u00e4 kysely ja saat tarjouksen 24 tunnin sis\u00e4ll\u00e4. Moottorit, vaihteistot ja muut auton osat takuulla.\",\"breadcrumb\":{\"@id\":\"https:\/\/autopartscenter24.com\/auton-varaosat\/2-0-vvti-16v-3zr-fae-moottori-toyota-avensis-t27\/#breadcrumb\"},\"inLanguage\":\"fi\",\"potentialAction\":[{\"@type\":\"ReadAction\",\"target\":[\"https:\/\/autopartscenter24.com\/auton-varaosat\/2-0-vvti-16v-3zr-fae-moottori-toyota-avensis-t27\/\"]}]},{\"@type\":\"ImageObject\",\"inLanguage\":\"fi\",\"@id\":\"https:\/\/autopartscenter24.com\/auton-varaosat\/2-0-vvti-16v-3zr-fae-moottori-toyota-avensis-t27\/#primaryimage\",\"url\":\"https:\/\/autopartscenter24.com\/wp-content\/uploads\/2023\/03\/2-0-vvti-16v-3zr-fae-moottori-toyota-avensis-t27.webp\",\"contentUrl\":\"https:\/\/autopartscenter24.com\/wp-content\/uploads\/2023\/03\/2-0-vvti-16v-3zr-fae-moottori-toyota-avensis-t27.webp\",\"width\":800,\"height\":600},{\"@type\":\"BreadcrumbList\",\"@id\":\"https:\/\/autopartscenter24.com\/auton-varaosat\/2-0-vvti-16v-3zr-fae-moottori-toyota-avensis-t27\/#breadcrumb\",\"itemListElement\":[{\"@type\":\"ListItem\",\"position\":1,\"name\":\"Etusivu\",\"item\":\"https:\/\/aliceblue-termite-662564.hostingersite.com\/\"},{\"@type\":\"ListItem\",\"position\":2,\"name\":\"Auton varaosat\",\"item\":\"https:\/\/aliceblue-termite-662564.hostingersite.com\/auton-varaosat\/\"},{\"@type\":\"ListItem\",\"position\":3,\"name\":\"2.0 VVTI 16V &#8221;3ZR-FAE&#8221; Moottori [Toyota Avensis T27]\"}]},{\"@type\":\"WebSite\",\"@id\":\"https:\/\/autopartscenter24.com\/#website\",\"url\":\"https:\/\/autopartscenter24.com\/\",\"name\":\"Autopartscenter24\",\"description\":\"K\u00c4YTETYT JA KUNNOSTETUT  AUTON VARAOSAT\",\"potentialAction\":[{\"@type\":\"SearchAction\",\"target\":{\"@type\":\"EntryPoint\",\"urlTemplate\":\"https:\/\/autopartscenter24.com\/?s={search_term_string}\"},\"query-input\":{\"@type\":\"PropertyValueSpecification\",\"valueRequired\":true,\"valueName\":\"search_term_string\"}}],\"inLanguage\":\"fi\"}]}<\/script>\n<!-- \/ Yoast SEO plugin. -->","yoast_head_json":{"title":"2.0 VVTI 16V \"3ZR-FAE\" Moottori [Toyota Avensis T27]","description":"Yksi moottoreista, joita meill\u00e4 on usein saatavilla. L\u00e4het\u00e4 kysely ja saat tarjouksen 24 tunnin sis\u00e4ll\u00e4. Moottorit, vaihteistot ja muut auton osat takuulla.","robots":{"index":"index","follow":"follow","max-snippet":"max-snippet:-1","max-image-preview":"max-image-preview:large","max-video-preview":"max-video-preview:-1"},"canonical":"https:\/\/autopartscenter24.com\/fi\/auton-varaosat\/2-0-vvti-16v-3zr-fae-moottori-toyota-avensis-t27\/","og_locale":"fi_FI","og_type":"article","og_title":"2.0 VVTI 16V \"3ZR-FAE\" Moottori [Toyota Avensis T27]","og_description":"Yksi moottoreista, joita meill\u00e4 on usein saatavilla. L\u00e4het\u00e4 kysely ja saat tarjouksen 24 tunnin sis\u00e4ll\u00e4. Moottorit, vaihteistot ja muut auton osat takuulla.","og_url":"https:\/\/autopartscenter24.com\/fi\/auton-varaosat\/2-0-vvti-16v-3zr-fae-moottori-toyota-avensis-t27\/","og_site_name":"Autopartscenter24","article_modified_time":"2023-03-10T18:45:59+00:00","og_image":[{"width":800,"height":600,"url":"https:\/\/autopartscenter24.com\/wp-content\/uploads\/2023\/03\/2-0-vvti-16v-3zr-fae-moottori-toyota-avensis-t27.webp","type":"image\/webp"}],"twitter_card":"summary_large_image","twitter_misc":{"Arvioitu lukuaika":"1 minuutti"},"schema":{"@context":"https:\/\/schema.org","@graph":[{"@type":"WebPage","@id":"https:\/\/autopartscenter24.com\/auton-varaosat\/2-0-vvti-16v-3zr-fae-moottori-toyota-avensis-t27\/","url":"https:\/\/autopartscenter24.com\/auton-varaosat\/2-0-vvti-16v-3zr-fae-moottori-toyota-avensis-t27\/","name":"2.0 VVTI 16V \"3ZR-FAE\" Moottori [Toyota Avensis T27]","isPartOf":{"@id":"https:\/\/autopartscenter24.com\/#website"},"primaryImageOfPage":{"@id":"https:\/\/autopartscenter24.com\/auton-varaosat\/2-0-vvti-16v-3zr-fae-moottori-toyota-avensis-t27\/#primaryimage"},"image":{"@id":"https:\/\/autopartscenter24.com\/auton-varaosat\/2-0-vvti-16v-3zr-fae-moottori-toyota-avensis-t27\/#primaryimage"},"thumbnailUrl":"https:\/\/autopartscenter24.com\/wp-content\/uploads\/2023\/03\/2-0-vvti-16v-3zr-fae-moottori-toyota-avensis-t27.webp","datePublished":"2023-03-08T15:32:56+00:00","dateModified":"2023-03-10T18:45:59+00:00","description":"Yksi moottoreista, joita meill\u00e4 on usein saatavilla. L\u00e4het\u00e4 kysely ja saat tarjouksen 24 tunnin sis\u00e4ll\u00e4. Moottorit, vaihteistot ja muut auton osat takuulla.","breadcrumb":{"@id":"https:\/\/autopartscenter24.com\/auton-varaosat\/2-0-vvti-16v-3zr-fae-moottori-toyota-avensis-t27\/#breadcrumb"},"inLanguage":"fi","potentialAction":[{"@type":"ReadAction","target":["https:\/\/autopartscenter24.com\/auton-varaosat\/2-0-vvti-16v-3zr-fae-moottori-toyota-avensis-t27\/"]}]},{"@type":"ImageObject","inLanguage":"fi","@id":"https:\/\/autopartscenter24.com\/auton-varaosat\/2-0-vvti-16v-3zr-fae-moottori-toyota-avensis-t27\/#primaryimage","url":"https:\/\/autopartscenter24.com\/wp-content\/uploads\/2023\/03\/2-0-vvti-16v-3zr-fae-moottori-toyota-avensis-t27.webp","contentUrl":"https:\/\/autopartscenter24.com\/wp-content\/uploads\/2023\/03\/2-0-vvti-16v-3zr-fae-moottori-toyota-avensis-t27.webp","width":800,"height":600},{"@type":"BreadcrumbList","@id":"https:\/\/autopartscenter24.com\/auton-varaosat\/2-0-vvti-16v-3zr-fae-moottori-toyota-avensis-t27\/#breadcrumb","itemListElement":[{"@type":"ListItem","position":1,"name":"Etusivu","item":"https:\/\/aliceblue-termite-662564.hostingersite.com\/"},{"@type":"ListItem","position":2,"name":"Auton varaosat","item":"https:\/\/aliceblue-termite-662564.hostingersite.com\/auton-varaosat\/"},{"@type":"ListItem","position":3,"name":"2.0 VVTI 16V &#8221;3ZR-FAE&#8221; Moottori [Toyota Avensis T27]"}]},{"@type":"WebSite","@id":"https:\/\/autopartscenter24.com\/#website","url":"https:\/\/autopartscenter24.com\/","name":"Autopartscenter24","description":"K\u00c4YTETYT JA KUNNOSTETUT  AUTON VARAOSAT","potentialAction":[{"@type":"SearchAction","target":{"@type":"EntryPoint","urlTemplate":"https:\/\/autopartscenter24.com\/?s={search_term_string}"},"query-input":{"@type":"PropertyValueSpecification","valueRequired":true,"valueName":"search_term_string"}}],"inLanguage":"fi"}]}},"_links":{"self":[{"href":"https:\/\/autopartscenter24.com\/fi\/wp-json\/wp\/v2\/product\/4044","targetHints":{"allow":["GET"]}}],"collection":[{"href":"https:\/\/autopartscenter24.com\/fi\/wp-json\/wp\/v2\/product"}],"about":[{"href":"https:\/\/autopartscenter24.com\/fi\/wp-json\/wp\/v2\/types\/product"}],"wp:featuredmedia":[{"embeddable":true,"href":"https:\/\/autopartscenter24.com\/fi\/wp-json\/wp\/v2\/media\/4669"}],"wp:attachment":[{"href":"https:\/\/autopartscenter24.com\/fi\/wp-json\/wp\/v2\/media?parent=4044"}],"wp:term":[{"taxonomy":"product_brand","embeddable":true,"href":"https:\/\/autopartscenter24.com\/fi\/wp-json\/wp\/v2\/product_brand?post=4044"},{"taxonomy":"product_cat","embeddable":true,"href":"https:\/\/autopartscenter24.com\/fi\/wp-json\/wp\/v2\/product_cat?post=4044"},{"taxonomy":"product_tag","embeddable":true,"href":"https:\/\/autopartscenter24.com\/fi\/wp-json\/wp\/v2\/product_tag?post=4044"}],"curies":[{"name":"wp","href":"https:\/\/api.w.org\/{rel}","templated":true}]}}