{"id":3995,"date":"2023-03-05T20:07:57","date_gmt":"2023-03-05T19:07:57","guid":{"rendered":"https:\/\/autopartscenter24.com\/?post_type=product&#038;p=3995"},"modified":"2023-03-10T19:44:55","modified_gmt":"2023-03-10T18:44:55","slug":"1-2-hr12-moottori-nissan-micra-iv-note","status":"publish","type":"product","link":"https:\/\/autopartscenter24.com\/fi\/auton-varaosat\/1-2-hr12-moottori-nissan-micra-iv-note\/","title":{"rendered":"1.2 &#8221;HR12&#8221; Moottori [esim. Nissan Micra, Note, Cube]"},"content":{"rendered":"<p><strong>Nissanin HR12-moottori<\/strong> on pieni mutta tehokas moottori, joka on suunniteltu p\u00e4\u00e4asiassa kaupunkiajoon. T\u00e4m\u00e4 moottori on eritt\u00e4in polttoainetaloudellinen, mutta tarjoaa silti kohtalaisen suorituskyvyn, joten se sopii hyvin pieniin autoihin. Moottorin suunnittelussa on k\u00e4ytetty edistyksellisi\u00e4 teknologioita, mik\u00e4 tekee siit\u00e4 eritt\u00e4in luotettavan ja pitk\u00e4ik\u00e4isen.<\/p>\n<p>HR12-moottorin iskutilavuus on 1,2 litraa ja se k\u00e4ytt\u00e4\u00e4 nelj\u00e4\u00e4 sylinteri\u00e4. Moottorin suurin teho on noin 79 hevosvoimaa ja suurin v\u00e4\u00e4nt\u00f6momentti on noin 106 Nm. T\u00e4m\u00e4 moottori on varustettu monipistesuihkutuksella, joka auttaa optimoimaan polttoainetalouden. Moottorissa on my\u00f6s jatkuvasti muuttuva venttiilien ajoitus, joka auttaa parantamaan polttoainetaloutta ja v\u00e4hent\u00e4m\u00e4\u00e4n p\u00e4\u00e4st\u00f6j\u00e4.<\/p>\n<p>HR12-moottori on kevyt ja kompakti, mik\u00e4 tekee siit\u00e4 eritt\u00e4in k\u00e4tev\u00e4n pienempiin autoihin. Moottori on my\u00f6s varustettu eritt\u00e4in kevyell\u00e4 jakohihnak\u00e4ytt\u00f6j\u00e4rjestelm\u00e4ll\u00e4, joka auttaa v\u00e4hent\u00e4m\u00e4\u00e4n polttoaineenkulutusta ja parantamaan suorituskyky\u00e4.<\/p>\n","protected":false},"excerpt":{"rendered":"<p>HR12-moottoria on k\u00e4ytetty useissa Nissanin autoissa, kuten Nissan Micra, Note ja Cube. Moottoria on my\u00f6s k\u00e4ytetty monissa muissa merkeiss\u00e4, kuten Renault ja Dacia. HR12-moottori on ollut eritt\u00e4in suosittu valinta pieniss\u00e4 kaupunkiautoissa sen taloudellisuuden ja luotettavuuden vuoksi.<\/p>\n","protected":false},"featured_media":4649,"template":"","meta":[],"product_brand":[],"product_cat":[318],"product_tag":[327,329],"class_list":{"0":"post-3995","1":"product","2":"type-product","3":"status-publish","4":"has-post-thumbnail","6":"product_cat-nissan","7":"product_tag-micra","8":"product_tag-note","9":"pa_varaosan-osasto-moottori","12":"first","13":"instock","14":"shipping-taxable","15":"product-type-simple"},"yoast_head":"<!-- This site is optimized with the Yoast SEO plugin v26.8 - https:\/\/yoast.com\/product\/yoast-seo-wordpress\/ -->\n<title>1.2 &quot;HR12&quot; Moottori [esim. Nissan Micra, Note, Cube]<\/title>\n<meta name=\"description\" content=\"Yksi moottoreista, joita meill\u00e4 on usein saatavilla. L\u00e4het\u00e4 kysely ja saat tarjouksen 24 tunnin sis\u00e4ll\u00e4. Moottorit, vaihteistot ja muut auton osat takuulla.\" \/>\n<meta name=\"robots\" content=\"index, follow, max-snippet:-1, max-image-preview:large, max-video-preview:-1\" \/>\n<link rel=\"canonical\" href=\"https:\/\/autopartscenter24.com\/fi\/auton-varaosat\/1-2-hr12-moottori-nissan-micra-iv-note\/\" \/>\n<meta property=\"og:locale\" content=\"fi_FI\" \/>\n<meta property=\"og:type\" content=\"article\" \/>\n<meta property=\"og:title\" content=\"1.2 &quot;HR12&quot; Moottori [esim. Nissan Micra, Note, Cube]\" \/>\n<meta property=\"og:description\" content=\"Yksi moottoreista, joita meill\u00e4 on usein saatavilla. L\u00e4het\u00e4 kysely ja saat tarjouksen 24 tunnin sis\u00e4ll\u00e4. Moottorit, vaihteistot ja muut auton osat takuulla.\" \/>\n<meta property=\"og:url\" content=\"https:\/\/autopartscenter24.com\/fi\/auton-varaosat\/1-2-hr12-moottori-nissan-micra-iv-note\/\" \/>\n<meta property=\"og:site_name\" content=\"Autopartscenter24\" \/>\n<meta property=\"article:modified_time\" content=\"2023-03-10T18:44:55+00:00\" \/>\n<meta property=\"og:image\" content=\"https:\/\/autopartscenter24.com\/wp-content\/uploads\/2023\/03\/1-2-HR12-moottori-nissan-micra-iv-note.webp\" \/>\n\t<meta property=\"og:image:width\" content=\"800\" \/>\n\t<meta property=\"og:image:height\" content=\"600\" \/>\n\t<meta property=\"og:image:type\" content=\"image\/webp\" \/>\n<meta name=\"twitter:card\" content=\"summary_large_image\" \/>\n<meta name=\"twitter:label1\" content=\"Arvioitu lukuaika\" \/>\n\t<meta name=\"twitter:data1\" content=\"1 minuutti\" \/>\n<script type=\"application\/ld+json\" class=\"yoast-schema-graph\">{\"@context\":\"https:\/\/schema.org\",\"@graph\":[{\"@type\":\"WebPage\",\"@id\":\"https:\/\/autopartscenter24.com\/auton-varaosat\/1-2-hr12-moottori-nissan-micra-iv-note\/\",\"url\":\"https:\/\/autopartscenter24.com\/auton-varaosat\/1-2-hr12-moottori-nissan-micra-iv-note\/\",\"name\":\"1.2 \\\"HR12\\\" Moottori [esim. Nissan Micra, Note, Cube]\",\"isPartOf\":{\"@id\":\"https:\/\/autopartscenter24.com\/#website\"},\"primaryImageOfPage\":{\"@id\":\"https:\/\/autopartscenter24.com\/auton-varaosat\/1-2-hr12-moottori-nissan-micra-iv-note\/#primaryimage\"},\"image\":{\"@id\":\"https:\/\/autopartscenter24.com\/auton-varaosat\/1-2-hr12-moottori-nissan-micra-iv-note\/#primaryimage\"},\"thumbnailUrl\":\"https:\/\/autopartscenter24.com\/wp-content\/uploads\/2023\/03\/1-2-HR12-moottori-nissan-micra-iv-note.webp\",\"datePublished\":\"2023-03-05T19:07:57+00:00\",\"dateModified\":\"2023-03-10T18:44:55+00:00\",\"description\":\"Yksi moottoreista, joita meill\u00e4 on usein saatavilla. L\u00e4het\u00e4 kysely ja saat tarjouksen 24 tunnin sis\u00e4ll\u00e4. Moottorit, vaihteistot ja muut auton osat takuulla.\",\"breadcrumb\":{\"@id\":\"https:\/\/autopartscenter24.com\/auton-varaosat\/1-2-hr12-moottori-nissan-micra-iv-note\/#breadcrumb\"},\"inLanguage\":\"fi\",\"potentialAction\":[{\"@type\":\"ReadAction\",\"target\":[\"https:\/\/autopartscenter24.com\/auton-varaosat\/1-2-hr12-moottori-nissan-micra-iv-note\/\"]}]},{\"@type\":\"ImageObject\",\"inLanguage\":\"fi\",\"@id\":\"https:\/\/autopartscenter24.com\/auton-varaosat\/1-2-hr12-moottori-nissan-micra-iv-note\/#primaryimage\",\"url\":\"https:\/\/autopartscenter24.com\/wp-content\/uploads\/2023\/03\/1-2-HR12-moottori-nissan-micra-iv-note.webp\",\"contentUrl\":\"https:\/\/autopartscenter24.com\/wp-content\/uploads\/2023\/03\/1-2-HR12-moottori-nissan-micra-iv-note.webp\",\"width\":800,\"height\":600},{\"@type\":\"BreadcrumbList\",\"@id\":\"https:\/\/autopartscenter24.com\/auton-varaosat\/1-2-hr12-moottori-nissan-micra-iv-note\/#breadcrumb\",\"itemListElement\":[{\"@type\":\"ListItem\",\"position\":1,\"name\":\"Etusivu\",\"item\":\"https:\/\/aliceblue-termite-662564.hostingersite.com\/\"},{\"@type\":\"ListItem\",\"position\":2,\"name\":\"Auton varaosat\",\"item\":\"https:\/\/aliceblue-termite-662564.hostingersite.com\/auton-varaosat\/\"},{\"@type\":\"ListItem\",\"position\":3,\"name\":\"1.2 &#8221;HR12&#8221; Moottori [esim. Nissan Micra, Note, Cube]\"}]},{\"@type\":\"WebSite\",\"@id\":\"https:\/\/autopartscenter24.com\/#website\",\"url\":\"https:\/\/autopartscenter24.com\/\",\"name\":\"Autopartscenter24\",\"description\":\"K\u00c4YTETYT JA KUNNOSTETUT  AUTON VARAOSAT\",\"potentialAction\":[{\"@type\":\"SearchAction\",\"target\":{\"@type\":\"EntryPoint\",\"urlTemplate\":\"https:\/\/autopartscenter24.com\/?s={search_term_string}\"},\"query-input\":{\"@type\":\"PropertyValueSpecification\",\"valueRequired\":true,\"valueName\":\"search_term_string\"}}],\"inLanguage\":\"fi\"}]}<\/script>\n<!-- \/ Yoast SEO plugin. -->","yoast_head_json":{"title":"1.2 \"HR12\" Moottori [esim. Nissan Micra, Note, Cube]","description":"Yksi moottoreista, joita meill\u00e4 on usein saatavilla. L\u00e4het\u00e4 kysely ja saat tarjouksen 24 tunnin sis\u00e4ll\u00e4. Moottorit, vaihteistot ja muut auton osat takuulla.","robots":{"index":"index","follow":"follow","max-snippet":"max-snippet:-1","max-image-preview":"max-image-preview:large","max-video-preview":"max-video-preview:-1"},"canonical":"https:\/\/autopartscenter24.com\/fi\/auton-varaosat\/1-2-hr12-moottori-nissan-micra-iv-note\/","og_locale":"fi_FI","og_type":"article","og_title":"1.2 \"HR12\" Moottori [esim. Nissan Micra, Note, Cube]","og_description":"Yksi moottoreista, joita meill\u00e4 on usein saatavilla. L\u00e4het\u00e4 kysely ja saat tarjouksen 24 tunnin sis\u00e4ll\u00e4. Moottorit, vaihteistot ja muut auton osat takuulla.","og_url":"https:\/\/autopartscenter24.com\/fi\/auton-varaosat\/1-2-hr12-moottori-nissan-micra-iv-note\/","og_site_name":"Autopartscenter24","article_modified_time":"2023-03-10T18:44:55+00:00","og_image":[{"width":800,"height":600,"url":"https:\/\/autopartscenter24.com\/wp-content\/uploads\/2023\/03\/1-2-HR12-moottori-nissan-micra-iv-note.webp","type":"image\/webp"}],"twitter_card":"summary_large_image","twitter_misc":{"Arvioitu lukuaika":"1 minuutti"},"schema":{"@context":"https:\/\/schema.org","@graph":[{"@type":"WebPage","@id":"https:\/\/autopartscenter24.com\/auton-varaosat\/1-2-hr12-moottori-nissan-micra-iv-note\/","url":"https:\/\/autopartscenter24.com\/auton-varaosat\/1-2-hr12-moottori-nissan-micra-iv-note\/","name":"1.2 \"HR12\" Moottori [esim. Nissan Micra, Note, Cube]","isPartOf":{"@id":"https:\/\/autopartscenter24.com\/#website"},"primaryImageOfPage":{"@id":"https:\/\/autopartscenter24.com\/auton-varaosat\/1-2-hr12-moottori-nissan-micra-iv-note\/#primaryimage"},"image":{"@id":"https:\/\/autopartscenter24.com\/auton-varaosat\/1-2-hr12-moottori-nissan-micra-iv-note\/#primaryimage"},"thumbnailUrl":"https:\/\/autopartscenter24.com\/wp-content\/uploads\/2023\/03\/1-2-HR12-moottori-nissan-micra-iv-note.webp","datePublished":"2023-03-05T19:07:57+00:00","dateModified":"2023-03-10T18:44:55+00:00","description":"Yksi moottoreista, joita meill\u00e4 on usein saatavilla. L\u00e4het\u00e4 kysely ja saat tarjouksen 24 tunnin sis\u00e4ll\u00e4. Moottorit, vaihteistot ja muut auton osat takuulla.","breadcrumb":{"@id":"https:\/\/autopartscenter24.com\/auton-varaosat\/1-2-hr12-moottori-nissan-micra-iv-note\/#breadcrumb"},"inLanguage":"fi","potentialAction":[{"@type":"ReadAction","target":["https:\/\/autopartscenter24.com\/auton-varaosat\/1-2-hr12-moottori-nissan-micra-iv-note\/"]}]},{"@type":"ImageObject","inLanguage":"fi","@id":"https:\/\/autopartscenter24.com\/auton-varaosat\/1-2-hr12-moottori-nissan-micra-iv-note\/#primaryimage","url":"https:\/\/autopartscenter24.com\/wp-content\/uploads\/2023\/03\/1-2-HR12-moottori-nissan-micra-iv-note.webp","contentUrl":"https:\/\/autopartscenter24.com\/wp-content\/uploads\/2023\/03\/1-2-HR12-moottori-nissan-micra-iv-note.webp","width":800,"height":600},{"@type":"BreadcrumbList","@id":"https:\/\/autopartscenter24.com\/auton-varaosat\/1-2-hr12-moottori-nissan-micra-iv-note\/#breadcrumb","itemListElement":[{"@type":"ListItem","position":1,"name":"Etusivu","item":"https:\/\/aliceblue-termite-662564.hostingersite.com\/"},{"@type":"ListItem","position":2,"name":"Auton varaosat","item":"https:\/\/aliceblue-termite-662564.hostingersite.com\/auton-varaosat\/"},{"@type":"ListItem","position":3,"name":"1.2 &#8221;HR12&#8221; Moottori [esim. Nissan Micra, Note, Cube]"}]},{"@type":"WebSite","@id":"https:\/\/autopartscenter24.com\/#website","url":"https:\/\/autopartscenter24.com\/","name":"Autopartscenter24","description":"K\u00c4YTETYT JA KUNNOSTETUT  AUTON VARAOSAT","potentialAction":[{"@type":"SearchAction","target":{"@type":"EntryPoint","urlTemplate":"https:\/\/autopartscenter24.com\/?s={search_term_string}"},"query-input":{"@type":"PropertyValueSpecification","valueRequired":true,"valueName":"search_term_string"}}],"inLanguage":"fi"}]}},"_links":{"self":[{"href":"https:\/\/autopartscenter24.com\/fi\/wp-json\/wp\/v2\/product\/3995","targetHints":{"allow":["GET"]}}],"collection":[{"href":"https:\/\/autopartscenter24.com\/fi\/wp-json\/wp\/v2\/product"}],"about":[{"href":"https:\/\/autopartscenter24.com\/fi\/wp-json\/wp\/v2\/types\/product"}],"wp:featuredmedia":[{"embeddable":true,"href":"https:\/\/autopartscenter24.com\/fi\/wp-json\/wp\/v2\/media\/4649"}],"wp:attachment":[{"href":"https:\/\/autopartscenter24.com\/fi\/wp-json\/wp\/v2\/media?parent=3995"}],"wp:term":[{"taxonomy":"product_brand","embeddable":true,"href":"https:\/\/autopartscenter24.com\/fi\/wp-json\/wp\/v2\/product_brand?post=3995"},{"taxonomy":"product_cat","embeddable":true,"href":"https:\/\/autopartscenter24.com\/fi\/wp-json\/wp\/v2\/product_cat?post=3995"},{"taxonomy":"product_tag","embeddable":true,"href":"https:\/\/autopartscenter24.com\/fi\/wp-json\/wp\/v2\/product_tag?post=3995"}],"curies":[{"name":"wp","href":"https:\/\/api.w.org\/{rel}","templated":true}]}}