{"id":3983,"date":"2023-03-05T19:57:21","date_gmt":"2023-03-05T18:57:21","guid":{"rendered":"https:\/\/autopartscenter24.com\/?post_type=product&#038;p=3983"},"modified":"2023-03-10T19:44:24","modified_gmt":"2023-03-10T18:44:24","slug":"2-4-d-d5244t5-moottori-volvo-s60-s80-xc90","status":"publish","type":"product","link":"https:\/\/autopartscenter24.com\/fi\/auton-varaosat\/2-4-d-d5244t5-moottori-volvo-s60-s80-xc90\/","title":{"rendered":"2.4 D &#8221;D5244T5&#8221; Moottori [esim. S60, V70, XC70, XC90]"},"content":{"rendered":"<p><strong>Volvo 2.4 D -moottori (moottorikoodi: D5244T5)<\/strong> on osa Volvon D-moottoriperhett\u00e4. Moottorin syd\u00e4men\u00e4 on viisisylinterinen rakenne, joka on valmistettu alumiinista. Moottorin tilavuus on 2,4 litraa, ja sen suurin teho on 205 hv (151 kW) ja suurin v\u00e4\u00e4nt\u00f6momentti 420 Nm. Moottorin suurin kierrosnopeus on 5 000 r\/min. Moottorin voitelu tapahtuu \u00f6ljypumpun avulla, ja siin\u00e4 on \u00f6ljynj\u00e4\u00e4hdytin. Moottorissa on my\u00f6s turboahdin, joka lis\u00e4\u00e4 moottorin tehoa ja v\u00e4\u00e4nt\u00f6momenttia.<\/p>\n<p>Moottorin polttoainej\u00e4rjestelm\u00e4 on suorasuihkutusj\u00e4rjestelm\u00e4, joka k\u00e4ytt\u00e4\u00e4 korkeapainepumppua polttoaineen sy\u00f6tt\u00e4miseksi suuttimiin. Moottorin pakokaasujen k\u00e4sittelyyn k\u00e4ytet\u00e4\u00e4n SCR-katalysaattoria (Selective Catalytic Reduction), joka v\u00e4hent\u00e4\u00e4 typenoksidip\u00e4\u00e4st\u00f6j\u00e4.<\/p>\n<p>Avainkohdat:<\/p>\n<ul>\n<li>Volvo 2.4 D -moottori (moottorikoodi: D5244T5) on osa Volvon D-moottoriperhett\u00e4.<\/li>\n<li>Moottorin tilavuus on 2,4 litraa, ja sen suurin teho on 205 hv (151 kW) ja suurin v\u00e4\u00e4nt\u00f6momentti 420 Nm.<\/li>\n<li>Moottorissa on turboahdin ja suorasuihkutusj\u00e4rjestelm\u00e4.<\/li>\n<li>Moottorin pakokaasujen k\u00e4sittelyyn k\u00e4ytet\u00e4\u00e4n SCR-katalysaattoria.<\/li>\n<li>Moottoria k\u00e4ytet\u00e4\u00e4n laajalti Volvo-automerkin eri malleissa, kuten S60, V70, XC70 ja XC90.<\/li>\n<li>Moottoria k\u00e4ytet\u00e4\u00e4n my\u00f6s Fordin Galaxy-, S-Max- ja Mondeo-malleissa sek\u00e4 Land Rover Freelander 2 -mallissa.<\/li>\n<\/ul>\n","protected":false},"excerpt":{"rendered":"<p>Volvo 2.4 D -moottoria k\u00e4ytet\u00e4\u00e4n laajalti Volvo-automerkin eri malleissa. Moottoria on k\u00e4ytetty Volvo S60:ssa, V70:ssa ja XC70:ssa sek\u00e4 XC90:ss\u00e4. Moottoria k\u00e4ytet\u00e4\u00e4n my\u00f6s Volvon eri vuosimallien D5-malleissa. Moottoria on k\u00e4ytetty my\u00f6s Fordin Galaxy-, S-Max- ja Mondeo-malleissa sek\u00e4 Land Rover Freelander 2 -mallissa.<\/p>\n","protected":false},"featured_media":4639,"template":"","meta":[],"product_brand":[],"product_cat":[383],"product_tag":[385,388,390,465],"class_list":{"0":"post-3983","1":"product","2":"type-product","3":"status-publish","4":"has-post-thumbnail","6":"product_cat-volvo","7":"product_tag-s60","8":"product_tag-v70","9":"product_tag-xc70","10":"product_tag-xc90","11":"pa_varaosan-osasto-moottori","14":"first","15":"instock","16":"shipping-taxable","17":"product-type-simple"},"yoast_head":"<!-- This site is optimized with the Yoast SEO plugin v26.8 - https:\/\/yoast.com\/product\/yoast-seo-wordpress\/ -->\n<title>2.4 D &quot;D5244T5&quot; Moottori [esim. S60, V70, XC70, XC90]<\/title>\n<meta name=\"description\" content=\"Yksi moottoreista, joita meill\u00e4 on usein saatavilla. L\u00e4het\u00e4 kysely ja saat tarjouksen 24 tunnin sis\u00e4ll\u00e4. Moottorit, vaihteistot ja muut auton osat takuulla.\" \/>\n<meta name=\"robots\" content=\"index, follow, max-snippet:-1, max-image-preview:large, max-video-preview:-1\" \/>\n<link rel=\"canonical\" href=\"https:\/\/autopartscenter24.com\/fi\/auton-varaosat\/2-4-d-d5244t5-moottori-volvo-s60-s80-xc90\/\" \/>\n<meta property=\"og:locale\" content=\"fi_FI\" \/>\n<meta property=\"og:type\" content=\"article\" \/>\n<meta property=\"og:title\" content=\"2.4 D &quot;D5244T5&quot; Moottori [esim. S60, V70, XC70, XC90]\" \/>\n<meta property=\"og:description\" content=\"Yksi moottoreista, joita meill\u00e4 on usein saatavilla. L\u00e4het\u00e4 kysely ja saat tarjouksen 24 tunnin sis\u00e4ll\u00e4. Moottorit, vaihteistot ja muut auton osat takuulla.\" \/>\n<meta property=\"og:url\" content=\"https:\/\/autopartscenter24.com\/fi\/auton-varaosat\/2-4-d-d5244t5-moottori-volvo-s60-s80-xc90\/\" \/>\n<meta property=\"og:site_name\" content=\"Autopartscenter24\" \/>\n<meta property=\"article:modified_time\" content=\"2023-03-10T18:44:24+00:00\" \/>\n<meta property=\"og:image\" content=\"https:\/\/autopartscenter24.com\/wp-content\/uploads\/2023\/03\/2-4-d-D5244T5-moottori-volvo-s60-s80-xc90.webp\" \/>\n\t<meta property=\"og:image:width\" content=\"800\" \/>\n\t<meta property=\"og:image:height\" content=\"600\" \/>\n\t<meta property=\"og:image:type\" content=\"image\/webp\" \/>\n<meta name=\"twitter:card\" content=\"summary_large_image\" \/>\n<meta name=\"twitter:label1\" content=\"Arvioitu lukuaika\" \/>\n\t<meta name=\"twitter:data1\" content=\"1 minuutti\" \/>\n<script type=\"application\/ld+json\" class=\"yoast-schema-graph\">{\"@context\":\"https:\/\/schema.org\",\"@graph\":[{\"@type\":\"WebPage\",\"@id\":\"https:\/\/autopartscenter24.com\/auton-varaosat\/2-4-d-d5244t5-moottori-volvo-s60-s80-xc90\/\",\"url\":\"https:\/\/autopartscenter24.com\/auton-varaosat\/2-4-d-d5244t5-moottori-volvo-s60-s80-xc90\/\",\"name\":\"2.4 D \\\"D5244T5\\\" Moottori [esim. S60, V70, XC70, XC90]\",\"isPartOf\":{\"@id\":\"https:\/\/autopartscenter24.com\/#website\"},\"primaryImageOfPage\":{\"@id\":\"https:\/\/autopartscenter24.com\/auton-varaosat\/2-4-d-d5244t5-moottori-volvo-s60-s80-xc90\/#primaryimage\"},\"image\":{\"@id\":\"https:\/\/autopartscenter24.com\/auton-varaosat\/2-4-d-d5244t5-moottori-volvo-s60-s80-xc90\/#primaryimage\"},\"thumbnailUrl\":\"https:\/\/autopartscenter24.com\/wp-content\/uploads\/2023\/03\/2-4-d-D5244T5-moottori-volvo-s60-s80-xc90.webp\",\"datePublished\":\"2023-03-05T18:57:21+00:00\",\"dateModified\":\"2023-03-10T18:44:24+00:00\",\"description\":\"Yksi moottoreista, joita meill\u00e4 on usein saatavilla. L\u00e4het\u00e4 kysely ja saat tarjouksen 24 tunnin sis\u00e4ll\u00e4. Moottorit, vaihteistot ja muut auton osat takuulla.\",\"breadcrumb\":{\"@id\":\"https:\/\/autopartscenter24.com\/auton-varaosat\/2-4-d-d5244t5-moottori-volvo-s60-s80-xc90\/#breadcrumb\"},\"inLanguage\":\"fi\",\"potentialAction\":[{\"@type\":\"ReadAction\",\"target\":[\"https:\/\/autopartscenter24.com\/auton-varaosat\/2-4-d-d5244t5-moottori-volvo-s60-s80-xc90\/\"]}]},{\"@type\":\"ImageObject\",\"inLanguage\":\"fi\",\"@id\":\"https:\/\/autopartscenter24.com\/auton-varaosat\/2-4-d-d5244t5-moottori-volvo-s60-s80-xc90\/#primaryimage\",\"url\":\"https:\/\/autopartscenter24.com\/wp-content\/uploads\/2023\/03\/2-4-d-D5244T5-moottori-volvo-s60-s80-xc90.webp\",\"contentUrl\":\"https:\/\/autopartscenter24.com\/wp-content\/uploads\/2023\/03\/2-4-d-D5244T5-moottori-volvo-s60-s80-xc90.webp\",\"width\":800,\"height\":600},{\"@type\":\"BreadcrumbList\",\"@id\":\"https:\/\/autopartscenter24.com\/auton-varaosat\/2-4-d-d5244t5-moottori-volvo-s60-s80-xc90\/#breadcrumb\",\"itemListElement\":[{\"@type\":\"ListItem\",\"position\":1,\"name\":\"Etusivu\",\"item\":\"https:\/\/aliceblue-termite-662564.hostingersite.com\/\"},{\"@type\":\"ListItem\",\"position\":2,\"name\":\"Auton varaosat\",\"item\":\"https:\/\/aliceblue-termite-662564.hostingersite.com\/auton-varaosat\/\"},{\"@type\":\"ListItem\",\"position\":3,\"name\":\"2.4 D &#8221;D5244T5&#8221; Moottori [esim. S60, V70, XC70, XC90]\"}]},{\"@type\":\"WebSite\",\"@id\":\"https:\/\/autopartscenter24.com\/#website\",\"url\":\"https:\/\/autopartscenter24.com\/\",\"name\":\"Autopartscenter24\",\"description\":\"K\u00c4YTETYT JA KUNNOSTETUT  AUTON VARAOSAT\",\"potentialAction\":[{\"@type\":\"SearchAction\",\"target\":{\"@type\":\"EntryPoint\",\"urlTemplate\":\"https:\/\/autopartscenter24.com\/?s={search_term_string}\"},\"query-input\":{\"@type\":\"PropertyValueSpecification\",\"valueRequired\":true,\"valueName\":\"search_term_string\"}}],\"inLanguage\":\"fi\"}]}<\/script>\n<!-- \/ Yoast SEO plugin. -->","yoast_head_json":{"title":"2.4 D \"D5244T5\" Moottori [esim. S60, V70, XC70, XC90]","description":"Yksi moottoreista, joita meill\u00e4 on usein saatavilla. L\u00e4het\u00e4 kysely ja saat tarjouksen 24 tunnin sis\u00e4ll\u00e4. Moottorit, vaihteistot ja muut auton osat takuulla.","robots":{"index":"index","follow":"follow","max-snippet":"max-snippet:-1","max-image-preview":"max-image-preview:large","max-video-preview":"max-video-preview:-1"},"canonical":"https:\/\/autopartscenter24.com\/fi\/auton-varaosat\/2-4-d-d5244t5-moottori-volvo-s60-s80-xc90\/","og_locale":"fi_FI","og_type":"article","og_title":"2.4 D \"D5244T5\" Moottori [esim. S60, V70, XC70, XC90]","og_description":"Yksi moottoreista, joita meill\u00e4 on usein saatavilla. L\u00e4het\u00e4 kysely ja saat tarjouksen 24 tunnin sis\u00e4ll\u00e4. Moottorit, vaihteistot ja muut auton osat takuulla.","og_url":"https:\/\/autopartscenter24.com\/fi\/auton-varaosat\/2-4-d-d5244t5-moottori-volvo-s60-s80-xc90\/","og_site_name":"Autopartscenter24","article_modified_time":"2023-03-10T18:44:24+00:00","og_image":[{"width":800,"height":600,"url":"https:\/\/autopartscenter24.com\/wp-content\/uploads\/2023\/03\/2-4-d-D5244T5-moottori-volvo-s60-s80-xc90.webp","type":"image\/webp"}],"twitter_card":"summary_large_image","twitter_misc":{"Arvioitu lukuaika":"1 minuutti"},"schema":{"@context":"https:\/\/schema.org","@graph":[{"@type":"WebPage","@id":"https:\/\/autopartscenter24.com\/auton-varaosat\/2-4-d-d5244t5-moottori-volvo-s60-s80-xc90\/","url":"https:\/\/autopartscenter24.com\/auton-varaosat\/2-4-d-d5244t5-moottori-volvo-s60-s80-xc90\/","name":"2.4 D \"D5244T5\" Moottori [esim. S60, V70, XC70, XC90]","isPartOf":{"@id":"https:\/\/autopartscenter24.com\/#website"},"primaryImageOfPage":{"@id":"https:\/\/autopartscenter24.com\/auton-varaosat\/2-4-d-d5244t5-moottori-volvo-s60-s80-xc90\/#primaryimage"},"image":{"@id":"https:\/\/autopartscenter24.com\/auton-varaosat\/2-4-d-d5244t5-moottori-volvo-s60-s80-xc90\/#primaryimage"},"thumbnailUrl":"https:\/\/autopartscenter24.com\/wp-content\/uploads\/2023\/03\/2-4-d-D5244T5-moottori-volvo-s60-s80-xc90.webp","datePublished":"2023-03-05T18:57:21+00:00","dateModified":"2023-03-10T18:44:24+00:00","description":"Yksi moottoreista, joita meill\u00e4 on usein saatavilla. L\u00e4het\u00e4 kysely ja saat tarjouksen 24 tunnin sis\u00e4ll\u00e4. Moottorit, vaihteistot ja muut auton osat takuulla.","breadcrumb":{"@id":"https:\/\/autopartscenter24.com\/auton-varaosat\/2-4-d-d5244t5-moottori-volvo-s60-s80-xc90\/#breadcrumb"},"inLanguage":"fi","potentialAction":[{"@type":"ReadAction","target":["https:\/\/autopartscenter24.com\/auton-varaosat\/2-4-d-d5244t5-moottori-volvo-s60-s80-xc90\/"]}]},{"@type":"ImageObject","inLanguage":"fi","@id":"https:\/\/autopartscenter24.com\/auton-varaosat\/2-4-d-d5244t5-moottori-volvo-s60-s80-xc90\/#primaryimage","url":"https:\/\/autopartscenter24.com\/wp-content\/uploads\/2023\/03\/2-4-d-D5244T5-moottori-volvo-s60-s80-xc90.webp","contentUrl":"https:\/\/autopartscenter24.com\/wp-content\/uploads\/2023\/03\/2-4-d-D5244T5-moottori-volvo-s60-s80-xc90.webp","width":800,"height":600},{"@type":"BreadcrumbList","@id":"https:\/\/autopartscenter24.com\/auton-varaosat\/2-4-d-d5244t5-moottori-volvo-s60-s80-xc90\/#breadcrumb","itemListElement":[{"@type":"ListItem","position":1,"name":"Etusivu","item":"https:\/\/aliceblue-termite-662564.hostingersite.com\/"},{"@type":"ListItem","position":2,"name":"Auton varaosat","item":"https:\/\/aliceblue-termite-662564.hostingersite.com\/auton-varaosat\/"},{"@type":"ListItem","position":3,"name":"2.4 D &#8221;D5244T5&#8221; Moottori [esim. S60, V70, XC70, XC90]"}]},{"@type":"WebSite","@id":"https:\/\/autopartscenter24.com\/#website","url":"https:\/\/autopartscenter24.com\/","name":"Autopartscenter24","description":"K\u00c4YTETYT JA KUNNOSTETUT  AUTON VARAOSAT","potentialAction":[{"@type":"SearchAction","target":{"@type":"EntryPoint","urlTemplate":"https:\/\/autopartscenter24.com\/?s={search_term_string}"},"query-input":{"@type":"PropertyValueSpecification","valueRequired":true,"valueName":"search_term_string"}}],"inLanguage":"fi"}]}},"_links":{"self":[{"href":"https:\/\/autopartscenter24.com\/fi\/wp-json\/wp\/v2\/product\/3983","targetHints":{"allow":["GET"]}}],"collection":[{"href":"https:\/\/autopartscenter24.com\/fi\/wp-json\/wp\/v2\/product"}],"about":[{"href":"https:\/\/autopartscenter24.com\/fi\/wp-json\/wp\/v2\/types\/product"}],"wp:featuredmedia":[{"embeddable":true,"href":"https:\/\/autopartscenter24.com\/fi\/wp-json\/wp\/v2\/media\/4639"}],"wp:attachment":[{"href":"https:\/\/autopartscenter24.com\/fi\/wp-json\/wp\/v2\/media?parent=3983"}],"wp:term":[{"taxonomy":"product_brand","embeddable":true,"href":"https:\/\/autopartscenter24.com\/fi\/wp-json\/wp\/v2\/product_brand?post=3983"},{"taxonomy":"product_cat","embeddable":true,"href":"https:\/\/autopartscenter24.com\/fi\/wp-json\/wp\/v2\/product_cat?post=3983"},{"taxonomy":"product_tag","embeddable":true,"href":"https:\/\/autopartscenter24.com\/fi\/wp-json\/wp\/v2\/product_tag?post=3983"}],"curies":[{"name":"wp","href":"https:\/\/api.w.org\/{rel}","templated":true}]}}