{"id":3947,"date":"2023-03-05T19:32:09","date_gmt":"2023-03-05T18:32:09","guid":{"rendered":"https:\/\/autopartscenter24.com\/?post_type=product&#038;p=3947"},"modified":"2023-03-10T19:42:26","modified_gmt":"2023-03-10T18:42:26","slug":"1-6-fsi-blf-moottori-vw-golf-octavia","status":"publish","type":"product","link":"https:\/\/autopartscenter24.com\/fi\/auton-varaosat\/1-6-fsi-blf-moottori-vw-golf-octavia\/","title":{"rendered":"1.6 FSI &#8221;BLF&#8221; Moottori [esim. Golf, Octavia]"},"content":{"rendered":"<p><strong>1.6 FSI-moottorin (moottorikoodi: BLF)<\/strong> tekniset ominaisuudet<\/p>\n<p>1.6 FSI-moottori on Volkswagen-konsernin valmistama nelisylinterinen bensiinimoottori. Moottorin kehitysty\u00f6 aloitettiin vuonna 2002 ja se otettiin k\u00e4ytt\u00f6\u00f6n vuonna 2004. Moottori on suunniteltu erityisesti pienikokoisiin henkil\u00f6autoihin ja se on saanut paljon positiivista palautetta suorituskyvyst\u00e4\u00e4n ja taloudellisuudestaan.<\/p>\n<p>Moottorin sytytysj\u00e4rjestelm\u00e4 on suorasytytysj\u00e4rjestelm\u00e4 (FSI), jossa bensiinin ruiskutus tapahtuu suoraan palotilaan. T\u00e4m\u00e4 parantaa polttoainetaloutta ja v\u00e4hent\u00e4\u00e4 p\u00e4\u00e4st\u00f6j\u00e4. Moottorin kampikammio on valmistettu alumiinista, mik\u00e4 v\u00e4hent\u00e4\u00e4 moottorin painoa ja lis\u00e4\u00e4 suorituskyky\u00e4.<\/p>\n<p>Moottorin maksimiteho on 115 hv ja v\u00e4\u00e4nt\u00f6momentti 155 Nm. Moottorin huippunopeus on noin 190 km\/h ja kiihtyvyys nollasta sataan tapahtuu noin 11 sekunnissa. Moottorin keskikulutus on noin 6 litraa sadalla kilometrill\u00e4 ja CO2-p\u00e4\u00e4st\u00f6t ovat noin 140 g\/km.<\/p>\n<p>Moottorin yksi t\u00e4rkeimmist\u00e4 teknisist\u00e4 ominaisuuksista on sen nokka-akselin s\u00e4\u00e4t\u00f6, joka parantaa moottorin suorituskyky\u00e4 ja polttoainetaloutta. S\u00e4\u00e4dett\u00e4v\u00e4 nokka-akseli mahdollistaa ilman virtauksen optimoinnin moottorin eri k\u00e4yntinopeuksilla ja kuormituksilla.<\/p>\n<p>Moottorin koko on kompakti ja sen paino on noin 125 kg. Moottorin k\u00e4ytt\u00f6ik\u00e4 on eritt\u00e4in pitk\u00e4, kun sit\u00e4 huolletaan s\u00e4\u00e4nn\u00f6llisesti ja k\u00e4ytet\u00e4\u00e4n asianmukaisesti.<\/p>\n<p>N\u00e4m\u00e4 autot ovat eritt\u00e4in suosittuja Euroopassa ja ymp\u00e4ri maailmaa. Moottori on saanut paljon positiivista palautetta suorituskyvyst\u00e4\u00e4n, taloudellisuudestaan ja luotettavuudestaan. Moottori on my\u00f6s osoittautunut helppohoitoiseksi ja sen varaosat ovat helposti saatavilla.<\/p>\n","protected":false},"excerpt":{"rendered":"<p>Moottorikoodi BLF on k\u00e4ytetty useissa Volkswagen-konsernin autoissa. T\u00e4ss\u00e4 on lista muutamista autoista, joissa moottoria on k\u00e4ytetty:<\/p>\n<ul>\n<li>Volkswagen Golf V<\/li>\n<li>Volkswagen Jetta V<\/li>\n<li>Audi A3<\/li>\n<li>Seat Leon<\/li>\n<li>Skoda Octavia<\/li>\n<\/ul>\n","protected":false},"featured_media":4607,"template":"","meta":[],"product_brand":[],"product_cat":[300,309,302,301],"product_tag":[303,345,382,348,347],"class_list":{"0":"post-3947","1":"product","2":"type-product","3":"status-publish","4":"has-post-thumbnail","6":"product_cat-audi","7":"product_cat-seat","8":"product_cat-skoda","9":"product_cat-vw","10":"product_tag-a3","11":"product_tag-golf","12":"product_tag-jetta","13":"product_tag-leon","14":"product_tag-octavia","15":"pa_varaosan-osasto-moottori","18":"first","19":"instock","20":"shipping-taxable","21":"product-type-simple"},"yoast_head":"<!-- This site is optimized with the Yoast SEO plugin v26.8 - https:\/\/yoast.com\/product\/yoast-seo-wordpress\/ -->\n<title>1.6 FSI &quot;BLF&quot; Moottori [esim. Golf, Octavia] - Autopartscenter24<\/title>\n<meta name=\"description\" content=\"Yksi moottoreista, joita meill\u00e4 on usein saatavilla. L\u00e4het\u00e4 kysely ja saat tarjouksen 24 tunnin sis\u00e4ll\u00e4. Moottorit, vaihteistot ja muut auton osat takuulla.\" \/>\n<meta name=\"robots\" content=\"index, follow, max-snippet:-1, max-image-preview:large, max-video-preview:-1\" \/>\n<link rel=\"canonical\" href=\"https:\/\/autopartscenter24.com\/fi\/auton-varaosat\/1-6-fsi-blf-moottori-vw-golf-octavia\/\" \/>\n<meta property=\"og:locale\" content=\"fi_FI\" \/>\n<meta property=\"og:type\" content=\"article\" \/>\n<meta property=\"og:title\" content=\"1.6 FSI &quot;BLF&quot; Moottori [esim. Golf, Octavia] - Autopartscenter24\" \/>\n<meta property=\"og:description\" content=\"Yksi moottoreista, joita meill\u00e4 on usein saatavilla. L\u00e4het\u00e4 kysely ja saat tarjouksen 24 tunnin sis\u00e4ll\u00e4. Moottorit, vaihteistot ja muut auton osat takuulla.\" \/>\n<meta property=\"og:url\" content=\"https:\/\/autopartscenter24.com\/fi\/auton-varaosat\/1-6-fsi-blf-moottori-vw-golf-octavia\/\" \/>\n<meta property=\"og:site_name\" content=\"Autopartscenter24\" \/>\n<meta property=\"article:modified_time\" content=\"2023-03-10T18:42:26+00:00\" \/>\n<meta property=\"og:image\" content=\"https:\/\/autopartscenter24.com\/wp-content\/uploads\/2023\/03\/1-6-fsi-BLF-moottori-vw-golf-octavia-2.webp\" \/>\n\t<meta property=\"og:image:width\" content=\"800\" \/>\n\t<meta property=\"og:image:height\" content=\"600\" \/>\n\t<meta property=\"og:image:type\" content=\"image\/webp\" \/>\n<meta name=\"twitter:card\" content=\"summary_large_image\" \/>\n<meta name=\"twitter:label1\" content=\"Arvioitu lukuaika\" \/>\n\t<meta name=\"twitter:data1\" content=\"1 minuutti\" \/>\n<script type=\"application\/ld+json\" class=\"yoast-schema-graph\">{\"@context\":\"https:\/\/schema.org\",\"@graph\":[{\"@type\":\"WebPage\",\"@id\":\"https:\/\/autopartscenter24.com\/auton-varaosat\/1-6-fsi-blf-moottori-vw-golf-octavia\/\",\"url\":\"https:\/\/autopartscenter24.com\/auton-varaosat\/1-6-fsi-blf-moottori-vw-golf-octavia\/\",\"name\":\"1.6 FSI \\\"BLF\\\" Moottori [esim. Golf, Octavia] - Autopartscenter24\",\"isPartOf\":{\"@id\":\"https:\/\/autopartscenter24.com\/#website\"},\"primaryImageOfPage\":{\"@id\":\"https:\/\/autopartscenter24.com\/auton-varaosat\/1-6-fsi-blf-moottori-vw-golf-octavia\/#primaryimage\"},\"image\":{\"@id\":\"https:\/\/autopartscenter24.com\/auton-varaosat\/1-6-fsi-blf-moottori-vw-golf-octavia\/#primaryimage\"},\"thumbnailUrl\":\"https:\/\/autopartscenter24.com\/wp-content\/uploads\/2023\/03\/1-6-fsi-BLF-moottori-vw-golf-octavia-2.webp\",\"datePublished\":\"2023-03-05T18:32:09+00:00\",\"dateModified\":\"2023-03-10T18:42:26+00:00\",\"description\":\"Yksi moottoreista, joita meill\u00e4 on usein saatavilla. L\u00e4het\u00e4 kysely ja saat tarjouksen 24 tunnin sis\u00e4ll\u00e4. Moottorit, vaihteistot ja muut auton osat takuulla.\",\"breadcrumb\":{\"@id\":\"https:\/\/autopartscenter24.com\/auton-varaosat\/1-6-fsi-blf-moottori-vw-golf-octavia\/#breadcrumb\"},\"inLanguage\":\"fi\",\"potentialAction\":[{\"@type\":\"ReadAction\",\"target\":[\"https:\/\/autopartscenter24.com\/auton-varaosat\/1-6-fsi-blf-moottori-vw-golf-octavia\/\"]}]},{\"@type\":\"ImageObject\",\"inLanguage\":\"fi\",\"@id\":\"https:\/\/autopartscenter24.com\/auton-varaosat\/1-6-fsi-blf-moottori-vw-golf-octavia\/#primaryimage\",\"url\":\"https:\/\/autopartscenter24.com\/wp-content\/uploads\/2023\/03\/1-6-fsi-BLF-moottori-vw-golf-octavia-2.webp\",\"contentUrl\":\"https:\/\/autopartscenter24.com\/wp-content\/uploads\/2023\/03\/1-6-fsi-BLF-moottori-vw-golf-octavia-2.webp\",\"width\":800,\"height\":600},{\"@type\":\"BreadcrumbList\",\"@id\":\"https:\/\/autopartscenter24.com\/auton-varaosat\/1-6-fsi-blf-moottori-vw-golf-octavia\/#breadcrumb\",\"itemListElement\":[{\"@type\":\"ListItem\",\"position\":1,\"name\":\"Etusivu\",\"item\":\"https:\/\/aliceblue-termite-662564.hostingersite.com\/\"},{\"@type\":\"ListItem\",\"position\":2,\"name\":\"Auton varaosat\",\"item\":\"https:\/\/aliceblue-termite-662564.hostingersite.com\/auton-varaosat\/\"},{\"@type\":\"ListItem\",\"position\":3,\"name\":\"1.6 FSI &#8221;BLF&#8221; Moottori [esim. Golf, Octavia]\"}]},{\"@type\":\"WebSite\",\"@id\":\"https:\/\/autopartscenter24.com\/#website\",\"url\":\"https:\/\/autopartscenter24.com\/\",\"name\":\"Autopartscenter24\",\"description\":\"K\u00c4YTETYT JA KUNNOSTETUT  AUTON VARAOSAT\",\"potentialAction\":[{\"@type\":\"SearchAction\",\"target\":{\"@type\":\"EntryPoint\",\"urlTemplate\":\"https:\/\/autopartscenter24.com\/?s={search_term_string}\"},\"query-input\":{\"@type\":\"PropertyValueSpecification\",\"valueRequired\":true,\"valueName\":\"search_term_string\"}}],\"inLanguage\":\"fi\"}]}<\/script>\n<!-- \/ Yoast SEO plugin. -->","yoast_head_json":{"title":"1.6 FSI \"BLF\" Moottori [esim. Golf, Octavia] - Autopartscenter24","description":"Yksi moottoreista, joita meill\u00e4 on usein saatavilla. L\u00e4het\u00e4 kysely ja saat tarjouksen 24 tunnin sis\u00e4ll\u00e4. Moottorit, vaihteistot ja muut auton osat takuulla.","robots":{"index":"index","follow":"follow","max-snippet":"max-snippet:-1","max-image-preview":"max-image-preview:large","max-video-preview":"max-video-preview:-1"},"canonical":"https:\/\/autopartscenter24.com\/fi\/auton-varaosat\/1-6-fsi-blf-moottori-vw-golf-octavia\/","og_locale":"fi_FI","og_type":"article","og_title":"1.6 FSI \"BLF\" Moottori [esim. Golf, Octavia] - Autopartscenter24","og_description":"Yksi moottoreista, joita meill\u00e4 on usein saatavilla. L\u00e4het\u00e4 kysely ja saat tarjouksen 24 tunnin sis\u00e4ll\u00e4. Moottorit, vaihteistot ja muut auton osat takuulla.","og_url":"https:\/\/autopartscenter24.com\/fi\/auton-varaosat\/1-6-fsi-blf-moottori-vw-golf-octavia\/","og_site_name":"Autopartscenter24","article_modified_time":"2023-03-10T18:42:26+00:00","og_image":[{"width":800,"height":600,"url":"https:\/\/autopartscenter24.com\/wp-content\/uploads\/2023\/03\/1-6-fsi-BLF-moottori-vw-golf-octavia-2.webp","type":"image\/webp"}],"twitter_card":"summary_large_image","twitter_misc":{"Arvioitu lukuaika":"1 minuutti"},"schema":{"@context":"https:\/\/schema.org","@graph":[{"@type":"WebPage","@id":"https:\/\/autopartscenter24.com\/auton-varaosat\/1-6-fsi-blf-moottori-vw-golf-octavia\/","url":"https:\/\/autopartscenter24.com\/auton-varaosat\/1-6-fsi-blf-moottori-vw-golf-octavia\/","name":"1.6 FSI \"BLF\" Moottori [esim. Golf, Octavia] - Autopartscenter24","isPartOf":{"@id":"https:\/\/autopartscenter24.com\/#website"},"primaryImageOfPage":{"@id":"https:\/\/autopartscenter24.com\/auton-varaosat\/1-6-fsi-blf-moottori-vw-golf-octavia\/#primaryimage"},"image":{"@id":"https:\/\/autopartscenter24.com\/auton-varaosat\/1-6-fsi-blf-moottori-vw-golf-octavia\/#primaryimage"},"thumbnailUrl":"https:\/\/autopartscenter24.com\/wp-content\/uploads\/2023\/03\/1-6-fsi-BLF-moottori-vw-golf-octavia-2.webp","datePublished":"2023-03-05T18:32:09+00:00","dateModified":"2023-03-10T18:42:26+00:00","description":"Yksi moottoreista, joita meill\u00e4 on usein saatavilla. L\u00e4het\u00e4 kysely ja saat tarjouksen 24 tunnin sis\u00e4ll\u00e4. Moottorit, vaihteistot ja muut auton osat takuulla.","breadcrumb":{"@id":"https:\/\/autopartscenter24.com\/auton-varaosat\/1-6-fsi-blf-moottori-vw-golf-octavia\/#breadcrumb"},"inLanguage":"fi","potentialAction":[{"@type":"ReadAction","target":["https:\/\/autopartscenter24.com\/auton-varaosat\/1-6-fsi-blf-moottori-vw-golf-octavia\/"]}]},{"@type":"ImageObject","inLanguage":"fi","@id":"https:\/\/autopartscenter24.com\/auton-varaosat\/1-6-fsi-blf-moottori-vw-golf-octavia\/#primaryimage","url":"https:\/\/autopartscenter24.com\/wp-content\/uploads\/2023\/03\/1-6-fsi-BLF-moottori-vw-golf-octavia-2.webp","contentUrl":"https:\/\/autopartscenter24.com\/wp-content\/uploads\/2023\/03\/1-6-fsi-BLF-moottori-vw-golf-octavia-2.webp","width":800,"height":600},{"@type":"BreadcrumbList","@id":"https:\/\/autopartscenter24.com\/auton-varaosat\/1-6-fsi-blf-moottori-vw-golf-octavia\/#breadcrumb","itemListElement":[{"@type":"ListItem","position":1,"name":"Etusivu","item":"https:\/\/aliceblue-termite-662564.hostingersite.com\/"},{"@type":"ListItem","position":2,"name":"Auton varaosat","item":"https:\/\/aliceblue-termite-662564.hostingersite.com\/auton-varaosat\/"},{"@type":"ListItem","position":3,"name":"1.6 FSI &#8221;BLF&#8221; Moottori [esim. Golf, Octavia]"}]},{"@type":"WebSite","@id":"https:\/\/autopartscenter24.com\/#website","url":"https:\/\/autopartscenter24.com\/","name":"Autopartscenter24","description":"K\u00c4YTETYT JA KUNNOSTETUT  AUTON VARAOSAT","potentialAction":[{"@type":"SearchAction","target":{"@type":"EntryPoint","urlTemplate":"https:\/\/autopartscenter24.com\/?s={search_term_string}"},"query-input":{"@type":"PropertyValueSpecification","valueRequired":true,"valueName":"search_term_string"}}],"inLanguage":"fi"}]}},"_links":{"self":[{"href":"https:\/\/autopartscenter24.com\/fi\/wp-json\/wp\/v2\/product\/3947","targetHints":{"allow":["GET"]}}],"collection":[{"href":"https:\/\/autopartscenter24.com\/fi\/wp-json\/wp\/v2\/product"}],"about":[{"href":"https:\/\/autopartscenter24.com\/fi\/wp-json\/wp\/v2\/types\/product"}],"wp:featuredmedia":[{"embeddable":true,"href":"https:\/\/autopartscenter24.com\/fi\/wp-json\/wp\/v2\/media\/4607"}],"wp:attachment":[{"href":"https:\/\/autopartscenter24.com\/fi\/wp-json\/wp\/v2\/media?parent=3947"}],"wp:term":[{"taxonomy":"product_brand","embeddable":true,"href":"https:\/\/autopartscenter24.com\/fi\/wp-json\/wp\/v2\/product_brand?post=3947"},{"taxonomy":"product_cat","embeddable":true,"href":"https:\/\/autopartscenter24.com\/fi\/wp-json\/wp\/v2\/product_cat?post=3947"},{"taxonomy":"product_tag","embeddable":true,"href":"https:\/\/autopartscenter24.com\/fi\/wp-json\/wp\/v2\/product_tag?post=3947"}],"curies":[{"name":"wp","href":"https:\/\/api.w.org\/{rel}","templated":true}]}}