{"id":3910,"date":"2023-03-05T18:10:40","date_gmt":"2023-03-05T17:10:40","guid":{"rendered":"https:\/\/autopartscenter24.com\/?post_type=product&#038;p=3910"},"modified":"2023-03-10T19:40:15","modified_gmt":"2023-03-10T18:40:15","slug":"2-5-n52b25a-moottori-bmw-5-e60-e61-218hv","status":"publish","type":"product","link":"https:\/\/autopartscenter24.com\/fi\/auton-varaosat\/2-5-n52b25a-moottori-bmw-5-e60-e61-218hv\/","title":{"rendered":"2.5 &#8221;N52B25A&#8221; Moottori [esim. BMW 5 E60, E61 218hv]"},"content":{"rendered":"<p><strong>BMW N52B25A<\/strong> on moottorin valmistaja BMW:n kehitt\u00e4m\u00e4 kone. T\u00e4m\u00e4 kone on kuuluisa suorituskyvyst\u00e4\u00e4n ja taloudellisuudestaan, mik\u00e4 tekee siit\u00e4 erinomaisen valinnan urheilullisiin ajoneuvoihin. Moottori on rakennettu alumiinipalkeista ja sen kampiakseli on valmistettu ter\u00e4ksest\u00e4. Koneessa on kaksois-Vanos-j\u00e4rjestelm\u00e4, joka auttaa parantamaan ajoneuvon suorituskyky\u00e4 ja polttoainetaloutta.<\/p>\n<p>BMW N52B25A:n sylinterikansi on valmistettu alumiiniseoksesta, ja siin\u00e4 on 24 venttiili\u00e4. Moottorin suurin teho on 160 kW ja v\u00e4\u00e4nt\u00f6momentti on 250 Nm. Koneessa on my\u00f6s suuri puristussuhde, joka auttaa parantamaan moottorin taloudellisuutta. Moottori on my\u00f6s varustettu suoralla polttoaineen ruiskutuksella, joka lis\u00e4\u00e4 sen polttoainetehokkuutta.<\/p>\n<p>BMW N52B25A on kehitetty erityisesti BMW 3-sarjan autoihin, mutta sit\u00e4 on k\u00e4ytetty my\u00f6s muissa BMW-malleissa, kuten BMW Z4:ssa ja BMW X3:ssa. Moottori on ollut suosittu valinta monissa BMW-malleissa sen suorituskyvyn ja polttoainetalouden ansiosta. Koneen suuri teho mahdollistaa nopean kiihtyvyyden ja sen samalla polttoainetehokkuus tekee siit\u00e4 erinomaisen valinnan urheilullisille ajoneuvoille.<\/p>\n<p>BMW N52B25A on my\u00f6s luotettava kone, joka on suunniteltu kest\u00e4m\u00e4\u00e4n pitk\u00e4\u00e4n. Sen rakentamisessa k\u00e4ytetyt korkealaatuiset materiaalit takaavat, ett\u00e4 kone on kest\u00e4v\u00e4 ja v\u00e4hemm\u00e4n altis korroosiolle. Moottorin huoltaminen on my\u00f6s helppoa, sill\u00e4 sen eri osia on helppo saada k\u00e4siin ja vaihtaa tarvittaessa.<\/p>\n<p>N\u00e4m\u00e4 autot ovat erinomaisia esimerkkej\u00e4 siit\u00e4, kuinka BMW N52B25A-moottoria on k\u00e4ytetty monissa BMW-malleissa sen suorituskyvyn ja luotettavuuden vuoksi.<\/p>\n","protected":false},"excerpt":{"rendered":"<p>Alla on luettelo BMW-malleista, joissa on k\u00e4ytetty BMW N52B25A-moottoria:<\/p>\n<ul>\n<li>BMW 325i<\/li>\n<li>BMW 525i<\/li>\n<li>BMW X1<\/li>\n<li>BMW Z4<\/li>\n<\/ul>\n","protected":false},"featured_media":4567,"template":"","meta":[],"product_brand":[],"product_cat":[455],"product_tag":[457,458,460,459],"class_list":{"0":"post-3910","1":"product","2":"type-product","3":"status-publish","4":"has-post-thumbnail","6":"product_cat-bmw","7":"product_tag-e60","8":"product_tag-e61","9":"product_tag-x1","10":"product_tag-z4","11":"pa_varaosan-osasto-moottori","14":"first","15":"instock","16":"shipping-taxable","17":"product-type-simple"},"yoast_head":"<!-- This site is optimized with the Yoast SEO plugin v26.8 - https:\/\/yoast.com\/product\/yoast-seo-wordpress\/ -->\n<title>2.5 &quot;N52B25A&quot; Moottori [esim. BMW 5 E60, E61 218hv]<\/title>\n<meta name=\"description\" content=\"Yksi moottoreista, joita meill\u00e4 on usein saatavilla. L\u00e4het\u00e4 kysely ja saat tarjouksen 24 tunnin sis\u00e4ll\u00e4. Moottorit, vaihteistot ja muut auton osat takuulla.\" \/>\n<meta name=\"robots\" content=\"index, follow, max-snippet:-1, max-image-preview:large, max-video-preview:-1\" \/>\n<link rel=\"canonical\" href=\"https:\/\/autopartscenter24.com\/fi\/auton-varaosat\/2-5-n52b25a-moottori-bmw-5-e60-e61-218hv\/\" \/>\n<meta property=\"og:locale\" content=\"fi_FI\" \/>\n<meta property=\"og:type\" content=\"article\" \/>\n<meta property=\"og:title\" content=\"2.5 &quot;N52B25A&quot; Moottori [esim. BMW 5 E60, E61 218hv]\" \/>\n<meta property=\"og:description\" content=\"Yksi moottoreista, joita meill\u00e4 on usein saatavilla. L\u00e4het\u00e4 kysely ja saat tarjouksen 24 tunnin sis\u00e4ll\u00e4. Moottorit, vaihteistot ja muut auton osat takuulla.\" \/>\n<meta property=\"og:url\" content=\"https:\/\/autopartscenter24.com\/fi\/auton-varaosat\/2-5-n52b25a-moottori-bmw-5-e60-e61-218hv\/\" \/>\n<meta property=\"og:site_name\" content=\"Autopartscenter24\" \/>\n<meta property=\"article:modified_time\" content=\"2023-03-10T18:40:15+00:00\" \/>\n<meta property=\"og:image\" content=\"https:\/\/autopartscenter24.com\/wp-content\/uploads\/2023\/03\/2-5-N52B25A-moottori-bmw-5-e60-e61-218hv-1.webp\" \/>\n\t<meta property=\"og:image:width\" content=\"800\" \/>\n\t<meta property=\"og:image:height\" content=\"600\" \/>\n\t<meta property=\"og:image:type\" content=\"image\/webp\" \/>\n<meta name=\"twitter:card\" content=\"summary_large_image\" \/>\n<meta name=\"twitter:label1\" content=\"Arvioitu lukuaika\" \/>\n\t<meta name=\"twitter:data1\" content=\"1 minuutti\" \/>\n<script type=\"application\/ld+json\" class=\"yoast-schema-graph\">{\"@context\":\"https:\/\/schema.org\",\"@graph\":[{\"@type\":\"WebPage\",\"@id\":\"https:\/\/autopartscenter24.com\/auton-varaosat\/2-5-n52b25a-moottori-bmw-5-e60-e61-218hv\/\",\"url\":\"https:\/\/autopartscenter24.com\/auton-varaosat\/2-5-n52b25a-moottori-bmw-5-e60-e61-218hv\/\",\"name\":\"2.5 \\\"N52B25A\\\" Moottori [esim. BMW 5 E60, E61 218hv]\",\"isPartOf\":{\"@id\":\"https:\/\/autopartscenter24.com\/#website\"},\"primaryImageOfPage\":{\"@id\":\"https:\/\/autopartscenter24.com\/auton-varaosat\/2-5-n52b25a-moottori-bmw-5-e60-e61-218hv\/#primaryimage\"},\"image\":{\"@id\":\"https:\/\/autopartscenter24.com\/auton-varaosat\/2-5-n52b25a-moottori-bmw-5-e60-e61-218hv\/#primaryimage\"},\"thumbnailUrl\":\"https:\/\/autopartscenter24.com\/wp-content\/uploads\/2023\/03\/2-5-N52B25A-moottori-bmw-5-e60-e61-218hv-1.webp\",\"datePublished\":\"2023-03-05T17:10:40+00:00\",\"dateModified\":\"2023-03-10T18:40:15+00:00\",\"description\":\"Yksi moottoreista, joita meill\u00e4 on usein saatavilla. L\u00e4het\u00e4 kysely ja saat tarjouksen 24 tunnin sis\u00e4ll\u00e4. Moottorit, vaihteistot ja muut auton osat takuulla.\",\"breadcrumb\":{\"@id\":\"https:\/\/autopartscenter24.com\/auton-varaosat\/2-5-n52b25a-moottori-bmw-5-e60-e61-218hv\/#breadcrumb\"},\"inLanguage\":\"fi\",\"potentialAction\":[{\"@type\":\"ReadAction\",\"target\":[\"https:\/\/autopartscenter24.com\/auton-varaosat\/2-5-n52b25a-moottori-bmw-5-e60-e61-218hv\/\"]}]},{\"@type\":\"ImageObject\",\"inLanguage\":\"fi\",\"@id\":\"https:\/\/autopartscenter24.com\/auton-varaosat\/2-5-n52b25a-moottori-bmw-5-e60-e61-218hv\/#primaryimage\",\"url\":\"https:\/\/autopartscenter24.com\/wp-content\/uploads\/2023\/03\/2-5-N52B25A-moottori-bmw-5-e60-e61-218hv-1.webp\",\"contentUrl\":\"https:\/\/autopartscenter24.com\/wp-content\/uploads\/2023\/03\/2-5-N52B25A-moottori-bmw-5-e60-e61-218hv-1.webp\",\"width\":800,\"height\":600},{\"@type\":\"BreadcrumbList\",\"@id\":\"https:\/\/autopartscenter24.com\/auton-varaosat\/2-5-n52b25a-moottori-bmw-5-e60-e61-218hv\/#breadcrumb\",\"itemListElement\":[{\"@type\":\"ListItem\",\"position\":1,\"name\":\"Etusivu\",\"item\":\"https:\/\/aliceblue-termite-662564.hostingersite.com\/\"},{\"@type\":\"ListItem\",\"position\":2,\"name\":\"Auton varaosat\",\"item\":\"https:\/\/aliceblue-termite-662564.hostingersite.com\/auton-varaosat\/\"},{\"@type\":\"ListItem\",\"position\":3,\"name\":\"2.5 &#8221;N52B25A&#8221; Moottori [esim. BMW 5 E60, E61 218hv]\"}]},{\"@type\":\"WebSite\",\"@id\":\"https:\/\/autopartscenter24.com\/#website\",\"url\":\"https:\/\/autopartscenter24.com\/\",\"name\":\"Autopartscenter24\",\"description\":\"K\u00c4YTETYT JA KUNNOSTETUT  AUTON VARAOSAT\",\"potentialAction\":[{\"@type\":\"SearchAction\",\"target\":{\"@type\":\"EntryPoint\",\"urlTemplate\":\"https:\/\/autopartscenter24.com\/?s={search_term_string}\"},\"query-input\":{\"@type\":\"PropertyValueSpecification\",\"valueRequired\":true,\"valueName\":\"search_term_string\"}}],\"inLanguage\":\"fi\"}]}<\/script>\n<!-- \/ Yoast SEO plugin. -->","yoast_head_json":{"title":"2.5 \"N52B25A\" Moottori [esim. BMW 5 E60, E61 218hv]","description":"Yksi moottoreista, joita meill\u00e4 on usein saatavilla. L\u00e4het\u00e4 kysely ja saat tarjouksen 24 tunnin sis\u00e4ll\u00e4. Moottorit, vaihteistot ja muut auton osat takuulla.","robots":{"index":"index","follow":"follow","max-snippet":"max-snippet:-1","max-image-preview":"max-image-preview:large","max-video-preview":"max-video-preview:-1"},"canonical":"https:\/\/autopartscenter24.com\/fi\/auton-varaosat\/2-5-n52b25a-moottori-bmw-5-e60-e61-218hv\/","og_locale":"fi_FI","og_type":"article","og_title":"2.5 \"N52B25A\" Moottori [esim. BMW 5 E60, E61 218hv]","og_description":"Yksi moottoreista, joita meill\u00e4 on usein saatavilla. L\u00e4het\u00e4 kysely ja saat tarjouksen 24 tunnin sis\u00e4ll\u00e4. Moottorit, vaihteistot ja muut auton osat takuulla.","og_url":"https:\/\/autopartscenter24.com\/fi\/auton-varaosat\/2-5-n52b25a-moottori-bmw-5-e60-e61-218hv\/","og_site_name":"Autopartscenter24","article_modified_time":"2023-03-10T18:40:15+00:00","og_image":[{"width":800,"height":600,"url":"https:\/\/autopartscenter24.com\/wp-content\/uploads\/2023\/03\/2-5-N52B25A-moottori-bmw-5-e60-e61-218hv-1.webp","type":"image\/webp"}],"twitter_card":"summary_large_image","twitter_misc":{"Arvioitu lukuaika":"1 minuutti"},"schema":{"@context":"https:\/\/schema.org","@graph":[{"@type":"WebPage","@id":"https:\/\/autopartscenter24.com\/auton-varaosat\/2-5-n52b25a-moottori-bmw-5-e60-e61-218hv\/","url":"https:\/\/autopartscenter24.com\/auton-varaosat\/2-5-n52b25a-moottori-bmw-5-e60-e61-218hv\/","name":"2.5 \"N52B25A\" Moottori [esim. BMW 5 E60, E61 218hv]","isPartOf":{"@id":"https:\/\/autopartscenter24.com\/#website"},"primaryImageOfPage":{"@id":"https:\/\/autopartscenter24.com\/auton-varaosat\/2-5-n52b25a-moottori-bmw-5-e60-e61-218hv\/#primaryimage"},"image":{"@id":"https:\/\/autopartscenter24.com\/auton-varaosat\/2-5-n52b25a-moottori-bmw-5-e60-e61-218hv\/#primaryimage"},"thumbnailUrl":"https:\/\/autopartscenter24.com\/wp-content\/uploads\/2023\/03\/2-5-N52B25A-moottori-bmw-5-e60-e61-218hv-1.webp","datePublished":"2023-03-05T17:10:40+00:00","dateModified":"2023-03-10T18:40:15+00:00","description":"Yksi moottoreista, joita meill\u00e4 on usein saatavilla. L\u00e4het\u00e4 kysely ja saat tarjouksen 24 tunnin sis\u00e4ll\u00e4. Moottorit, vaihteistot ja muut auton osat takuulla.","breadcrumb":{"@id":"https:\/\/autopartscenter24.com\/auton-varaosat\/2-5-n52b25a-moottori-bmw-5-e60-e61-218hv\/#breadcrumb"},"inLanguage":"fi","potentialAction":[{"@type":"ReadAction","target":["https:\/\/autopartscenter24.com\/auton-varaosat\/2-5-n52b25a-moottori-bmw-5-e60-e61-218hv\/"]}]},{"@type":"ImageObject","inLanguage":"fi","@id":"https:\/\/autopartscenter24.com\/auton-varaosat\/2-5-n52b25a-moottori-bmw-5-e60-e61-218hv\/#primaryimage","url":"https:\/\/autopartscenter24.com\/wp-content\/uploads\/2023\/03\/2-5-N52B25A-moottori-bmw-5-e60-e61-218hv-1.webp","contentUrl":"https:\/\/autopartscenter24.com\/wp-content\/uploads\/2023\/03\/2-5-N52B25A-moottori-bmw-5-e60-e61-218hv-1.webp","width":800,"height":600},{"@type":"BreadcrumbList","@id":"https:\/\/autopartscenter24.com\/auton-varaosat\/2-5-n52b25a-moottori-bmw-5-e60-e61-218hv\/#breadcrumb","itemListElement":[{"@type":"ListItem","position":1,"name":"Etusivu","item":"https:\/\/aliceblue-termite-662564.hostingersite.com\/"},{"@type":"ListItem","position":2,"name":"Auton varaosat","item":"https:\/\/aliceblue-termite-662564.hostingersite.com\/auton-varaosat\/"},{"@type":"ListItem","position":3,"name":"2.5 &#8221;N52B25A&#8221; Moottori [esim. BMW 5 E60, E61 218hv]"}]},{"@type":"WebSite","@id":"https:\/\/autopartscenter24.com\/#website","url":"https:\/\/autopartscenter24.com\/","name":"Autopartscenter24","description":"K\u00c4YTETYT JA KUNNOSTETUT  AUTON VARAOSAT","potentialAction":[{"@type":"SearchAction","target":{"@type":"EntryPoint","urlTemplate":"https:\/\/autopartscenter24.com\/?s={search_term_string}"},"query-input":{"@type":"PropertyValueSpecification","valueRequired":true,"valueName":"search_term_string"}}],"inLanguage":"fi"}]}},"_links":{"self":[{"href":"https:\/\/autopartscenter24.com\/fi\/wp-json\/wp\/v2\/product\/3910","targetHints":{"allow":["GET"]}}],"collection":[{"href":"https:\/\/autopartscenter24.com\/fi\/wp-json\/wp\/v2\/product"}],"about":[{"href":"https:\/\/autopartscenter24.com\/fi\/wp-json\/wp\/v2\/types\/product"}],"wp:featuredmedia":[{"embeddable":true,"href":"https:\/\/autopartscenter24.com\/fi\/wp-json\/wp\/v2\/media\/4567"}],"wp:attachment":[{"href":"https:\/\/autopartscenter24.com\/fi\/wp-json\/wp\/v2\/media?parent=3910"}],"wp:term":[{"taxonomy":"product_brand","embeddable":true,"href":"https:\/\/autopartscenter24.com\/fi\/wp-json\/wp\/v2\/product_brand?post=3910"},{"taxonomy":"product_cat","embeddable":true,"href":"https:\/\/autopartscenter24.com\/fi\/wp-json\/wp\/v2\/product_cat?post=3910"},{"taxonomy":"product_tag","embeddable":true,"href":"https:\/\/autopartscenter24.com\/fi\/wp-json\/wp\/v2\/product_tag?post=3910"}],"curies":[{"name":"wp","href":"https:\/\/api.w.org\/{rel}","templated":true}]}}