{"id":3904,"date":"2023-03-05T18:04:11","date_gmt":"2023-03-05T17:04:11","guid":{"rendered":"https:\/\/autopartscenter24.com\/?post_type=product&#038;p=3904"},"modified":"2023-03-10T19:39:50","modified_gmt":"2023-03-10T18:39:50","slug":"1-5-tgi-dhfa-moottori-vw-golf-leon","status":"publish","type":"product","link":"https:\/\/autopartscenter24.com\/fi\/auton-varaosat\/1-5-tgi-dhfa-moottori-vw-golf-leon\/","title":{"rendered":"1.5 TGI &#8221;DHFA&#8221; Moottori [esim. Golf, Polo, Leon, A3, Octavia]"},"content":{"rendered":"<p><strong>1.5 TGI (DHFA)<\/strong> on Volkswagenin kehitt\u00e4m\u00e4 kaasumoottori, joka on tarkoitettu k\u00e4ytett\u00e4v\u00e4ksi biokaasulla tai maakaasulla. Se on nelisylinterinen rivimoottori, joka perustuu 1.4 TSI -moottoriin, mutta on optimoitu kaasuk\u00e4ytt\u00f6\u00f6n. DHFA-moottorissa on suorasuihkutusj\u00e4rjestelm\u00e4, joka varmistaa polttoaineen tehokkaan palamisen, mik\u00e4 puolestaan v\u00e4hent\u00e4\u00e4 hiukkasp\u00e4\u00e4st\u00f6j\u00e4.<\/p>\n<p><strong>DHFA-moottorin<\/strong> suurin teho on 96 kW (130 hv) ja se tuottaa 200 Nm v\u00e4\u00e4nt\u00f6momentin. Se on varustettu Start-Stop-toiminnolla, joka sammuttaa moottorin valoissa ja muissa pys\u00e4hdyksiss\u00e4, mik\u00e4 auttaa s\u00e4\u00e4st\u00e4m\u00e4\u00e4n polttoainetta. Moottorin polttoainetaloudellisuus onkin sen suurimpia etuja: se kuluttaa v\u00e4hemm\u00e4n polttoainetta kuin vastaavat bensiinimoottorit.<\/p>\n<p>DHFA-moottorin huoltov\u00e4li on noin 30 000 km tai kahden vuoden v\u00e4lein. Moottori on my\u00f6s varustettu j\u00e4rjestelm\u00e4ll\u00e4, joka est\u00e4\u00e4 kaasumaisen polttoaineen p\u00e4\u00e4syn \u00f6ljyyn, mik\u00e4 pident\u00e4\u00e4 \u00f6ljynvaihtov\u00e4li\u00e4.<\/p>\n<p>DHFA-moottoria k\u00e4ytet\u00e4\u00e4n Volkswagen-konsernin autoissa, kuten Volkswagen Golf TGI ja Volkswagen Polo TGI. Se on my\u00f6s k\u00e4yt\u00f6ss\u00e4 Seat Leon ja Skoda Octavia G-TEC -malleissa. DHFA-moottorin k\u00e4ytt\u00f6 on erityisen suosittua Saksassa, jossa biokaasun k\u00e4ytt\u00f6 on yleist\u00e4.<\/p>\n","protected":false},"excerpt":{"rendered":"<p>Lista autoista, joissa DHFA-moottoria k\u00e4ytet\u00e4\u00e4n:<\/p>\n<ul>\n<li>Volkswagen Golf TGI<\/li>\n<li>Volkswagen Polo TGI<\/li>\n<li>Seat Leon TGI<\/li>\n<li>Skoda Octavia G-TEC<\/li>\n<li>Audi A3 G-Tron<\/li>\n<\/ul>\n","protected":false},"featured_media":4562,"template":"","meta":[],"product_brand":[],"product_cat":[300,309,302,301],"product_tag":[303,345,348,347,406],"class_list":{"0":"post-3904","1":"product","2":"type-product","3":"status-publish","4":"has-post-thumbnail","6":"product_cat-audi","7":"product_cat-seat","8":"product_cat-skoda","9":"product_cat-vw","10":"product_tag-a3","11":"product_tag-golf","12":"product_tag-leon","13":"product_tag-octavia","14":"product_tag-polo","15":"pa_varaosan-osasto-moottori","18":"first","19":"instock","20":"shipping-taxable","21":"product-type-simple"},"yoast_head":"<!-- This site is optimized with the Yoast SEO plugin v26.8 - https:\/\/yoast.com\/product\/yoast-seo-wordpress\/ -->\n<title>1.5 TGI &quot;DHFA&quot; Moottori [esim. Golf, Polo, Leon, A3, Octavia]<\/title>\n<meta name=\"description\" content=\"Yksi moottoreista, joita meill\u00e4 on usein saatavilla. L\u00e4het\u00e4 kysely ja saat tarjouksen 24 tunnin sis\u00e4ll\u00e4. Moottorit, vaihteistot ja muut auton osat takuulla.\" \/>\n<meta name=\"robots\" content=\"index, follow, max-snippet:-1, max-image-preview:large, max-video-preview:-1\" \/>\n<link rel=\"canonical\" href=\"https:\/\/autopartscenter24.com\/fi\/auton-varaosat\/1-5-tgi-dhfa-moottori-vw-golf-leon\/\" \/>\n<meta property=\"og:locale\" content=\"fi_FI\" \/>\n<meta property=\"og:type\" content=\"article\" \/>\n<meta property=\"og:title\" content=\"1.5 TGI &quot;DHFA&quot; Moottori [esim. Golf, Polo, Leon, A3, Octavia]\" \/>\n<meta property=\"og:description\" content=\"Yksi moottoreista, joita meill\u00e4 on usein saatavilla. L\u00e4het\u00e4 kysely ja saat tarjouksen 24 tunnin sis\u00e4ll\u00e4. Moottorit, vaihteistot ja muut auton osat takuulla.\" \/>\n<meta property=\"og:url\" content=\"https:\/\/autopartscenter24.com\/fi\/auton-varaosat\/1-5-tgi-dhfa-moottori-vw-golf-leon\/\" \/>\n<meta property=\"og:site_name\" content=\"Autopartscenter24\" \/>\n<meta property=\"article:modified_time\" content=\"2023-03-10T18:39:50+00:00\" \/>\n<meta property=\"og:image\" content=\"https:\/\/autopartscenter24.com\/wp-content\/uploads\/2023\/03\/1-5-tgi-DHFA-moottori-vw-golf-leon.webp\" \/>\n\t<meta property=\"og:image:width\" content=\"800\" \/>\n\t<meta property=\"og:image:height\" content=\"600\" \/>\n\t<meta property=\"og:image:type\" content=\"image\/webp\" \/>\n<meta name=\"twitter:card\" content=\"summary_large_image\" \/>\n<meta name=\"twitter:label1\" content=\"Arvioitu lukuaika\" \/>\n\t<meta name=\"twitter:data1\" content=\"1 minuutti\" \/>\n<script type=\"application\/ld+json\" class=\"yoast-schema-graph\">{\"@context\":\"https:\/\/schema.org\",\"@graph\":[{\"@type\":\"WebPage\",\"@id\":\"https:\/\/autopartscenter24.com\/auton-varaosat\/1-5-tgi-dhfa-moottori-vw-golf-leon\/\",\"url\":\"https:\/\/autopartscenter24.com\/auton-varaosat\/1-5-tgi-dhfa-moottori-vw-golf-leon\/\",\"name\":\"1.5 TGI \\\"DHFA\\\" Moottori [esim. Golf, Polo, Leon, A3, Octavia]\",\"isPartOf\":{\"@id\":\"https:\/\/autopartscenter24.com\/#website\"},\"primaryImageOfPage\":{\"@id\":\"https:\/\/autopartscenter24.com\/auton-varaosat\/1-5-tgi-dhfa-moottori-vw-golf-leon\/#primaryimage\"},\"image\":{\"@id\":\"https:\/\/autopartscenter24.com\/auton-varaosat\/1-5-tgi-dhfa-moottori-vw-golf-leon\/#primaryimage\"},\"thumbnailUrl\":\"https:\/\/autopartscenter24.com\/wp-content\/uploads\/2023\/03\/1-5-tgi-DHFA-moottori-vw-golf-leon.webp\",\"datePublished\":\"2023-03-05T17:04:11+00:00\",\"dateModified\":\"2023-03-10T18:39:50+00:00\",\"description\":\"Yksi moottoreista, joita meill\u00e4 on usein saatavilla. L\u00e4het\u00e4 kysely ja saat tarjouksen 24 tunnin sis\u00e4ll\u00e4. Moottorit, vaihteistot ja muut auton osat takuulla.\",\"breadcrumb\":{\"@id\":\"https:\/\/autopartscenter24.com\/auton-varaosat\/1-5-tgi-dhfa-moottori-vw-golf-leon\/#breadcrumb\"},\"inLanguage\":\"fi\",\"potentialAction\":[{\"@type\":\"ReadAction\",\"target\":[\"https:\/\/autopartscenter24.com\/auton-varaosat\/1-5-tgi-dhfa-moottori-vw-golf-leon\/\"]}]},{\"@type\":\"ImageObject\",\"inLanguage\":\"fi\",\"@id\":\"https:\/\/autopartscenter24.com\/auton-varaosat\/1-5-tgi-dhfa-moottori-vw-golf-leon\/#primaryimage\",\"url\":\"https:\/\/autopartscenter24.com\/wp-content\/uploads\/2023\/03\/1-5-tgi-DHFA-moottori-vw-golf-leon.webp\",\"contentUrl\":\"https:\/\/autopartscenter24.com\/wp-content\/uploads\/2023\/03\/1-5-tgi-DHFA-moottori-vw-golf-leon.webp\",\"width\":800,\"height\":600},{\"@type\":\"BreadcrumbList\",\"@id\":\"https:\/\/autopartscenter24.com\/auton-varaosat\/1-5-tgi-dhfa-moottori-vw-golf-leon\/#breadcrumb\",\"itemListElement\":[{\"@type\":\"ListItem\",\"position\":1,\"name\":\"Etusivu\",\"item\":\"https:\/\/aliceblue-termite-662564.hostingersite.com\/\"},{\"@type\":\"ListItem\",\"position\":2,\"name\":\"Auton varaosat\",\"item\":\"https:\/\/aliceblue-termite-662564.hostingersite.com\/auton-varaosat\/\"},{\"@type\":\"ListItem\",\"position\":3,\"name\":\"1.5 TGI &#8221;DHFA&#8221; Moottori [esim. Golf, Polo, Leon, A3, Octavia]\"}]},{\"@type\":\"WebSite\",\"@id\":\"https:\/\/autopartscenter24.com\/#website\",\"url\":\"https:\/\/autopartscenter24.com\/\",\"name\":\"Autopartscenter24\",\"description\":\"K\u00c4YTETYT JA KUNNOSTETUT  AUTON VARAOSAT\",\"potentialAction\":[{\"@type\":\"SearchAction\",\"target\":{\"@type\":\"EntryPoint\",\"urlTemplate\":\"https:\/\/autopartscenter24.com\/?s={search_term_string}\"},\"query-input\":{\"@type\":\"PropertyValueSpecification\",\"valueRequired\":true,\"valueName\":\"search_term_string\"}}],\"inLanguage\":\"fi\"}]}<\/script>\n<!-- \/ Yoast SEO plugin. -->","yoast_head_json":{"title":"1.5 TGI \"DHFA\" Moottori [esim. Golf, Polo, Leon, A3, Octavia]","description":"Yksi moottoreista, joita meill\u00e4 on usein saatavilla. L\u00e4het\u00e4 kysely ja saat tarjouksen 24 tunnin sis\u00e4ll\u00e4. Moottorit, vaihteistot ja muut auton osat takuulla.","robots":{"index":"index","follow":"follow","max-snippet":"max-snippet:-1","max-image-preview":"max-image-preview:large","max-video-preview":"max-video-preview:-1"},"canonical":"https:\/\/autopartscenter24.com\/fi\/auton-varaosat\/1-5-tgi-dhfa-moottori-vw-golf-leon\/","og_locale":"fi_FI","og_type":"article","og_title":"1.5 TGI \"DHFA\" Moottori [esim. Golf, Polo, Leon, A3, Octavia]","og_description":"Yksi moottoreista, joita meill\u00e4 on usein saatavilla. L\u00e4het\u00e4 kysely ja saat tarjouksen 24 tunnin sis\u00e4ll\u00e4. Moottorit, vaihteistot ja muut auton osat takuulla.","og_url":"https:\/\/autopartscenter24.com\/fi\/auton-varaosat\/1-5-tgi-dhfa-moottori-vw-golf-leon\/","og_site_name":"Autopartscenter24","article_modified_time":"2023-03-10T18:39:50+00:00","og_image":[{"width":800,"height":600,"url":"https:\/\/autopartscenter24.com\/wp-content\/uploads\/2023\/03\/1-5-tgi-DHFA-moottori-vw-golf-leon.webp","type":"image\/webp"}],"twitter_card":"summary_large_image","twitter_misc":{"Arvioitu lukuaika":"1 minuutti"},"schema":{"@context":"https:\/\/schema.org","@graph":[{"@type":"WebPage","@id":"https:\/\/autopartscenter24.com\/auton-varaosat\/1-5-tgi-dhfa-moottori-vw-golf-leon\/","url":"https:\/\/autopartscenter24.com\/auton-varaosat\/1-5-tgi-dhfa-moottori-vw-golf-leon\/","name":"1.5 TGI \"DHFA\" Moottori [esim. Golf, Polo, Leon, A3, Octavia]","isPartOf":{"@id":"https:\/\/autopartscenter24.com\/#website"},"primaryImageOfPage":{"@id":"https:\/\/autopartscenter24.com\/auton-varaosat\/1-5-tgi-dhfa-moottori-vw-golf-leon\/#primaryimage"},"image":{"@id":"https:\/\/autopartscenter24.com\/auton-varaosat\/1-5-tgi-dhfa-moottori-vw-golf-leon\/#primaryimage"},"thumbnailUrl":"https:\/\/autopartscenter24.com\/wp-content\/uploads\/2023\/03\/1-5-tgi-DHFA-moottori-vw-golf-leon.webp","datePublished":"2023-03-05T17:04:11+00:00","dateModified":"2023-03-10T18:39:50+00:00","description":"Yksi moottoreista, joita meill\u00e4 on usein saatavilla. L\u00e4het\u00e4 kysely ja saat tarjouksen 24 tunnin sis\u00e4ll\u00e4. Moottorit, vaihteistot ja muut auton osat takuulla.","breadcrumb":{"@id":"https:\/\/autopartscenter24.com\/auton-varaosat\/1-5-tgi-dhfa-moottori-vw-golf-leon\/#breadcrumb"},"inLanguage":"fi","potentialAction":[{"@type":"ReadAction","target":["https:\/\/autopartscenter24.com\/auton-varaosat\/1-5-tgi-dhfa-moottori-vw-golf-leon\/"]}]},{"@type":"ImageObject","inLanguage":"fi","@id":"https:\/\/autopartscenter24.com\/auton-varaosat\/1-5-tgi-dhfa-moottori-vw-golf-leon\/#primaryimage","url":"https:\/\/autopartscenter24.com\/wp-content\/uploads\/2023\/03\/1-5-tgi-DHFA-moottori-vw-golf-leon.webp","contentUrl":"https:\/\/autopartscenter24.com\/wp-content\/uploads\/2023\/03\/1-5-tgi-DHFA-moottori-vw-golf-leon.webp","width":800,"height":600},{"@type":"BreadcrumbList","@id":"https:\/\/autopartscenter24.com\/auton-varaosat\/1-5-tgi-dhfa-moottori-vw-golf-leon\/#breadcrumb","itemListElement":[{"@type":"ListItem","position":1,"name":"Etusivu","item":"https:\/\/aliceblue-termite-662564.hostingersite.com\/"},{"@type":"ListItem","position":2,"name":"Auton varaosat","item":"https:\/\/aliceblue-termite-662564.hostingersite.com\/auton-varaosat\/"},{"@type":"ListItem","position":3,"name":"1.5 TGI &#8221;DHFA&#8221; Moottori [esim. Golf, Polo, Leon, A3, Octavia]"}]},{"@type":"WebSite","@id":"https:\/\/autopartscenter24.com\/#website","url":"https:\/\/autopartscenter24.com\/","name":"Autopartscenter24","description":"K\u00c4YTETYT JA KUNNOSTETUT  AUTON VARAOSAT","potentialAction":[{"@type":"SearchAction","target":{"@type":"EntryPoint","urlTemplate":"https:\/\/autopartscenter24.com\/?s={search_term_string}"},"query-input":{"@type":"PropertyValueSpecification","valueRequired":true,"valueName":"search_term_string"}}],"inLanguage":"fi"}]}},"_links":{"self":[{"href":"https:\/\/autopartscenter24.com\/fi\/wp-json\/wp\/v2\/product\/3904","targetHints":{"allow":["GET"]}}],"collection":[{"href":"https:\/\/autopartscenter24.com\/fi\/wp-json\/wp\/v2\/product"}],"about":[{"href":"https:\/\/autopartscenter24.com\/fi\/wp-json\/wp\/v2\/types\/product"}],"wp:featuredmedia":[{"embeddable":true,"href":"https:\/\/autopartscenter24.com\/fi\/wp-json\/wp\/v2\/media\/4562"}],"wp:attachment":[{"href":"https:\/\/autopartscenter24.com\/fi\/wp-json\/wp\/v2\/media?parent=3904"}],"wp:term":[{"taxonomy":"product_brand","embeddable":true,"href":"https:\/\/autopartscenter24.com\/fi\/wp-json\/wp\/v2\/product_brand?post=3904"},{"taxonomy":"product_cat","embeddable":true,"href":"https:\/\/autopartscenter24.com\/fi\/wp-json\/wp\/v2\/product_cat?post=3904"},{"taxonomy":"product_tag","embeddable":true,"href":"https:\/\/autopartscenter24.com\/fi\/wp-json\/wp\/v2\/product_tag?post=3904"}],"curies":[{"name":"wp","href":"https:\/\/api.w.org\/{rel}","templated":true}]}}