{"id":3898,"date":"2023-03-05T18:00:11","date_gmt":"2023-03-05T17:00:11","guid":{"rendered":"https:\/\/autopartscenter24.com\/?post_type=product&#038;p=3898"},"modified":"2023-03-10T19:39:38","modified_gmt":"2023-03-10T18:39:38","slug":"2-0-266960-moottori-mb-klasa-b-w245-w169","status":"publish","type":"product","link":"https:\/\/autopartscenter24.com\/fi\/auton-varaosat\/2-0-266960-moottori-mb-klasa-b-w245-w169\/","title":{"rendered":"2.0 &#8221;266960&#8221; Moottori [esim. B-Class W245, A-Class W169]"},"content":{"rendered":"<div class=\"flex-1 overflow-hidden\">\n<div class=\"react-scroll-to-bottom--css-jxzqb-79elbk h-full dark:bg-gray-800\">\n<div class=\"react-scroll-to-bottom--css-jxzqb-1n7m0yu\">\n<div class=\"flex flex-col items-center text-sm dark:bg-gray-800\">\n<div class=\"w-full border-b border-black\/10 dark:border-gray-900\/50 text-gray-800 dark:text-gray-100 group bg-gray-50 dark:bg-[#444654]\">\n<div class=\"text-base gap-4 md:gap-6 m-auto md:max-w-2xl lg:max-w-2xl xl:max-w-3xl p-4 md:py-6 flex lg:px-0\">\n<div class=\"relative flex w-[calc(100%-50px)] flex-col gap-1 md:gap-3 lg:w-[calc(100%-115px)]\">\n<div class=\"flex flex-grow flex-col gap-3\">\n<div class=\"min-h-[20px] flex flex-col items-start gap-4 whitespace-pre-wrap\">\n<div class=\"markdown prose w-full break-words dark:prose-invert light\">\n<p><strong>Mercedes-Benz 2.0 B-Class W245 moottori<\/strong>, tunnetaan my\u00f6s moottorikoodillaan <strong>266960<\/strong>, on edistynyt nelisylinterinen rivimoottori. Se tuottaa korkean suorituskyvyn ja alhaisen kulutuksen yhdist\u00e4m\u00e4ll\u00e4 monia tekniikoita, kuten suoran ruiskutuksen, monipisteisen polttoaineen suihkutuksen, ahtamisen ja kaksoisjakoketjun. T\u00e4m\u00e4 tekniikka mahdollistaa suuremman teho-painosuhteen ja paremman v\u00e4\u00e4nt\u00f6momentin.<\/p>\n<p>Moottorin kampiakseli on suunniteltu eritt\u00e4in kest\u00e4v\u00e4ksi, mik\u00e4 takaa pitk\u00e4ik\u00e4isen ja luotettavan suorituskyvyn. Suoran ruiskutuksen ansiosta polttoaineen kulutus ja p\u00e4\u00e4st\u00f6t ovat alhaisemmat, kun taas monipisteinen polttoaineen suihkutus tarjoaa paremman kiihtyvyyden. Ahtamisen ansiosta moottorin teho on korkea ja kaksoisjakoketjun avulla moottorin toiminta on sujuvaa ja hiljaista.<\/p>\n<p>Moottorin ohjainyksikk\u00f6 valvoo kaikkia moottorin toimintoja ja optimoi moottorin suorituskyvyn kaikissa olosuhteissa. Ohjainyksikk\u00f6 s\u00e4\u00e4telee mm. polttoaineen m\u00e4\u00e4r\u00e4\u00e4, sytytyksen ajoitusta ja ahtopainetta. T\u00e4m\u00e4 takaa, ett\u00e4 moottori toimii tehokkaasti ja taloudellisesti.<\/p>\n<p>Mercedes-Benz 2.0 B-Class W245 moottoria k\u00e4ytet\u00e4\u00e4n laajasti eri automalleissa, mukaan lukien Mercedes-Benz A-, B-, C-, E- ja S-sarjat sek\u00e4 CLA-, CLS- ja GLA-mallit. Moottori on my\u00f6s k\u00e4yt\u00f6ss\u00e4 Chrysler Sebring -mallissa ja Dodge Avengerissa. Moottori on eritt\u00e4in suosittu valinta, koska se tarjoaa hyv\u00e4n tasapainon suorituskyvyn ja taloudellisuuden v\u00e4lill\u00e4.<\/p>\n<\/div>\n<\/div>\n<\/div>\n<div class=\"flex justify-between\"><\/div>\n<\/div>\n<\/div>\n<\/div>\n<\/div>\n<p>&nbsp;<\/p>\n<\/div>\n<\/div>\n<\/div>\n<div class=\"absolute bottom-0 left-0 w-full border-t md:border-t-0 dark:border-white\/20 md:border-transparent md:dark:border-transparent md:bg-vert-light-gradient bg-white dark:bg-gray-800 md:!bg-transparent dark:md:bg-vert-dark-gradient\">\n<form class=\"stretch mx-2 flex flex-row gap-3 pt-2 last:mb-2 md:last:mb-6 lg:mx-auto lg:max-w-3xl lg:pt-6\">\n<div class=\"relative flex h-full flex-1 md:flex-col\">\n<div class=\"flex ml-1 mt-1.5 md:w-full md:m-auto md:mb-2 gap-0 md:gap-2 justify-center\"><\/div>\n<\/div>\n<\/form>\n<\/div>\n","protected":false},"excerpt":{"rendered":"<div class=\"flex flex-grow flex-col gap-3\">\n<div class=\"min-h-[20px] flex flex-col items-start gap-4 whitespace-pre-wrap\">\n<div class=\"markdown prose w-full break-words dark:prose-invert light\">\n<p>Autot, joissa k\u00e4ytet\u00e4\u00e4n Mercedes-Benz 2.0 B-Class W245 moottoria:<\/p>\n<ul>\n<li>Mercedes-Benz A-sarja (W169)<\/li>\n<li>Mercedes-Benz B-sarja (W245)<\/li>\n<\/ul>\n<\/div>\n<\/div>\n<\/div>\n<div class=\"flex justify-between\">\n<div class=\"text-gray-400 flex self-end lg:self-center justify-center mt-2 gap-3 md:gap-4 lg:gap-1 lg:absolute lg:top-0 lg:translate-x-full lg:right-0 lg:mt-0 lg:pl-2 visible\"><\/div>\n<\/div>\n","protected":false},"featured_media":4557,"template":"","meta":[],"product_brand":[],"product_cat":[307],"product_tag":[453,454],"class_list":{"0":"post-3898","1":"product","2":"type-product","3":"status-publish","4":"has-post-thumbnail","6":"product_cat-mercedes-benz","7":"product_tag-a-class","8":"product_tag-b-class","9":"pa_varaosan-osasto-moottori","12":"first","13":"instock","14":"shipping-taxable","15":"product-type-simple"},"yoast_head":"<!-- This site is optimized with the Yoast SEO plugin v26.8 - https:\/\/yoast.com\/product\/yoast-seo-wordpress\/ -->\n<title>2.0 &quot;266960&quot; Moottori [esim. B-Class W245, A-Class W169]<\/title>\n<meta name=\"description\" content=\"Yksi moottoreista, joita meill\u00e4 on usein saatavilla. L\u00e4het\u00e4 kysely ja saat tarjouksen 24 tunnin sis\u00e4ll\u00e4. Moottorit, vaihteistot ja muut auton osat takuulla.\" \/>\n<meta name=\"robots\" content=\"index, follow, max-snippet:-1, max-image-preview:large, max-video-preview:-1\" \/>\n<link rel=\"canonical\" href=\"https:\/\/autopartscenter24.com\/fi\/auton-varaosat\/2-0-266960-moottori-mb-klasa-b-w245-w169\/\" \/>\n<meta property=\"og:locale\" content=\"fi_FI\" \/>\n<meta property=\"og:type\" content=\"article\" \/>\n<meta property=\"og:title\" content=\"2.0 &quot;266960&quot; Moottori [esim. B-Class W245, A-Class W169]\" \/>\n<meta property=\"og:description\" content=\"Yksi moottoreista, joita meill\u00e4 on usein saatavilla. L\u00e4het\u00e4 kysely ja saat tarjouksen 24 tunnin sis\u00e4ll\u00e4. Moottorit, vaihteistot ja muut auton osat takuulla.\" \/>\n<meta property=\"og:url\" content=\"https:\/\/autopartscenter24.com\/fi\/auton-varaosat\/2-0-266960-moottori-mb-klasa-b-w245-w169\/\" \/>\n<meta property=\"og:site_name\" content=\"Autopartscenter24\" \/>\n<meta property=\"article:modified_time\" content=\"2023-03-10T18:39:38+00:00\" \/>\n<meta property=\"og:image\" content=\"https:\/\/autopartscenter24.com\/wp-content\/uploads\/2023\/03\/2-0-266960-moottori-mb-b-class-a-class-w245-w169.webp\" \/>\n\t<meta property=\"og:image:width\" content=\"800\" \/>\n\t<meta property=\"og:image:height\" content=\"600\" \/>\n\t<meta property=\"og:image:type\" content=\"image\/webp\" \/>\n<meta name=\"twitter:card\" content=\"summary_large_image\" \/>\n<meta name=\"twitter:label1\" content=\"Arvioitu lukuaika\" \/>\n\t<meta name=\"twitter:data1\" content=\"1 minuutti\" \/>\n<script type=\"application\/ld+json\" class=\"yoast-schema-graph\">{\"@context\":\"https:\/\/schema.org\",\"@graph\":[{\"@type\":\"WebPage\",\"@id\":\"https:\/\/autopartscenter24.com\/auton-varaosat\/2-0-266960-moottori-mb-klasa-b-w245-w169\/\",\"url\":\"https:\/\/autopartscenter24.com\/auton-varaosat\/2-0-266960-moottori-mb-klasa-b-w245-w169\/\",\"name\":\"2.0 \\\"266960\\\" Moottori [esim. B-Class W245, A-Class W169]\",\"isPartOf\":{\"@id\":\"https:\/\/autopartscenter24.com\/#website\"},\"primaryImageOfPage\":{\"@id\":\"https:\/\/autopartscenter24.com\/auton-varaosat\/2-0-266960-moottori-mb-klasa-b-w245-w169\/#primaryimage\"},\"image\":{\"@id\":\"https:\/\/autopartscenter24.com\/auton-varaosat\/2-0-266960-moottori-mb-klasa-b-w245-w169\/#primaryimage\"},\"thumbnailUrl\":\"https:\/\/autopartscenter24.com\/wp-content\/uploads\/2023\/03\/2-0-266960-moottori-mb-b-class-a-class-w245-w169.webp\",\"datePublished\":\"2023-03-05T17:00:11+00:00\",\"dateModified\":\"2023-03-10T18:39:38+00:00\",\"description\":\"Yksi moottoreista, joita meill\u00e4 on usein saatavilla. L\u00e4het\u00e4 kysely ja saat tarjouksen 24 tunnin sis\u00e4ll\u00e4. Moottorit, vaihteistot ja muut auton osat takuulla.\",\"breadcrumb\":{\"@id\":\"https:\/\/autopartscenter24.com\/auton-varaosat\/2-0-266960-moottori-mb-klasa-b-w245-w169\/#breadcrumb\"},\"inLanguage\":\"fi\",\"potentialAction\":[{\"@type\":\"ReadAction\",\"target\":[\"https:\/\/autopartscenter24.com\/auton-varaosat\/2-0-266960-moottori-mb-klasa-b-w245-w169\/\"]}]},{\"@type\":\"ImageObject\",\"inLanguage\":\"fi\",\"@id\":\"https:\/\/autopartscenter24.com\/auton-varaosat\/2-0-266960-moottori-mb-klasa-b-w245-w169\/#primaryimage\",\"url\":\"https:\/\/autopartscenter24.com\/wp-content\/uploads\/2023\/03\/2-0-266960-moottori-mb-b-class-a-class-w245-w169.webp\",\"contentUrl\":\"https:\/\/autopartscenter24.com\/wp-content\/uploads\/2023\/03\/2-0-266960-moottori-mb-b-class-a-class-w245-w169.webp\",\"width\":800,\"height\":600},{\"@type\":\"BreadcrumbList\",\"@id\":\"https:\/\/autopartscenter24.com\/auton-varaosat\/2-0-266960-moottori-mb-klasa-b-w245-w169\/#breadcrumb\",\"itemListElement\":[{\"@type\":\"ListItem\",\"position\":1,\"name\":\"Etusivu\",\"item\":\"https:\/\/aliceblue-termite-662564.hostingersite.com\/\"},{\"@type\":\"ListItem\",\"position\":2,\"name\":\"Auton varaosat\",\"item\":\"https:\/\/aliceblue-termite-662564.hostingersite.com\/auton-varaosat\/\"},{\"@type\":\"ListItem\",\"position\":3,\"name\":\"2.0 &#8221;266960&#8221; Moottori [esim. B-Class W245, A-Class W169]\"}]},{\"@type\":\"WebSite\",\"@id\":\"https:\/\/autopartscenter24.com\/#website\",\"url\":\"https:\/\/autopartscenter24.com\/\",\"name\":\"Autopartscenter24\",\"description\":\"K\u00c4YTETYT JA KUNNOSTETUT  AUTON VARAOSAT\",\"potentialAction\":[{\"@type\":\"SearchAction\",\"target\":{\"@type\":\"EntryPoint\",\"urlTemplate\":\"https:\/\/autopartscenter24.com\/?s={search_term_string}\"},\"query-input\":{\"@type\":\"PropertyValueSpecification\",\"valueRequired\":true,\"valueName\":\"search_term_string\"}}],\"inLanguage\":\"fi\"}]}<\/script>\n<!-- \/ Yoast SEO plugin. -->","yoast_head_json":{"title":"2.0 \"266960\" Moottori [esim. B-Class W245, A-Class W169]","description":"Yksi moottoreista, joita meill\u00e4 on usein saatavilla. L\u00e4het\u00e4 kysely ja saat tarjouksen 24 tunnin sis\u00e4ll\u00e4. Moottorit, vaihteistot ja muut auton osat takuulla.","robots":{"index":"index","follow":"follow","max-snippet":"max-snippet:-1","max-image-preview":"max-image-preview:large","max-video-preview":"max-video-preview:-1"},"canonical":"https:\/\/autopartscenter24.com\/fi\/auton-varaosat\/2-0-266960-moottori-mb-klasa-b-w245-w169\/","og_locale":"fi_FI","og_type":"article","og_title":"2.0 \"266960\" Moottori [esim. B-Class W245, A-Class W169]","og_description":"Yksi moottoreista, joita meill\u00e4 on usein saatavilla. L\u00e4het\u00e4 kysely ja saat tarjouksen 24 tunnin sis\u00e4ll\u00e4. Moottorit, vaihteistot ja muut auton osat takuulla.","og_url":"https:\/\/autopartscenter24.com\/fi\/auton-varaosat\/2-0-266960-moottori-mb-klasa-b-w245-w169\/","og_site_name":"Autopartscenter24","article_modified_time":"2023-03-10T18:39:38+00:00","og_image":[{"width":800,"height":600,"url":"https:\/\/autopartscenter24.com\/wp-content\/uploads\/2023\/03\/2-0-266960-moottori-mb-b-class-a-class-w245-w169.webp","type":"image\/webp"}],"twitter_card":"summary_large_image","twitter_misc":{"Arvioitu lukuaika":"1 minuutti"},"schema":{"@context":"https:\/\/schema.org","@graph":[{"@type":"WebPage","@id":"https:\/\/autopartscenter24.com\/auton-varaosat\/2-0-266960-moottori-mb-klasa-b-w245-w169\/","url":"https:\/\/autopartscenter24.com\/auton-varaosat\/2-0-266960-moottori-mb-klasa-b-w245-w169\/","name":"2.0 \"266960\" Moottori [esim. B-Class W245, A-Class W169]","isPartOf":{"@id":"https:\/\/autopartscenter24.com\/#website"},"primaryImageOfPage":{"@id":"https:\/\/autopartscenter24.com\/auton-varaosat\/2-0-266960-moottori-mb-klasa-b-w245-w169\/#primaryimage"},"image":{"@id":"https:\/\/autopartscenter24.com\/auton-varaosat\/2-0-266960-moottori-mb-klasa-b-w245-w169\/#primaryimage"},"thumbnailUrl":"https:\/\/autopartscenter24.com\/wp-content\/uploads\/2023\/03\/2-0-266960-moottori-mb-b-class-a-class-w245-w169.webp","datePublished":"2023-03-05T17:00:11+00:00","dateModified":"2023-03-10T18:39:38+00:00","description":"Yksi moottoreista, joita meill\u00e4 on usein saatavilla. L\u00e4het\u00e4 kysely ja saat tarjouksen 24 tunnin sis\u00e4ll\u00e4. Moottorit, vaihteistot ja muut auton osat takuulla.","breadcrumb":{"@id":"https:\/\/autopartscenter24.com\/auton-varaosat\/2-0-266960-moottori-mb-klasa-b-w245-w169\/#breadcrumb"},"inLanguage":"fi","potentialAction":[{"@type":"ReadAction","target":["https:\/\/autopartscenter24.com\/auton-varaosat\/2-0-266960-moottori-mb-klasa-b-w245-w169\/"]}]},{"@type":"ImageObject","inLanguage":"fi","@id":"https:\/\/autopartscenter24.com\/auton-varaosat\/2-0-266960-moottori-mb-klasa-b-w245-w169\/#primaryimage","url":"https:\/\/autopartscenter24.com\/wp-content\/uploads\/2023\/03\/2-0-266960-moottori-mb-b-class-a-class-w245-w169.webp","contentUrl":"https:\/\/autopartscenter24.com\/wp-content\/uploads\/2023\/03\/2-0-266960-moottori-mb-b-class-a-class-w245-w169.webp","width":800,"height":600},{"@type":"BreadcrumbList","@id":"https:\/\/autopartscenter24.com\/auton-varaosat\/2-0-266960-moottori-mb-klasa-b-w245-w169\/#breadcrumb","itemListElement":[{"@type":"ListItem","position":1,"name":"Etusivu","item":"https:\/\/aliceblue-termite-662564.hostingersite.com\/"},{"@type":"ListItem","position":2,"name":"Auton varaosat","item":"https:\/\/aliceblue-termite-662564.hostingersite.com\/auton-varaosat\/"},{"@type":"ListItem","position":3,"name":"2.0 &#8221;266960&#8221; Moottori [esim. B-Class W245, A-Class W169]"}]},{"@type":"WebSite","@id":"https:\/\/autopartscenter24.com\/#website","url":"https:\/\/autopartscenter24.com\/","name":"Autopartscenter24","description":"K\u00c4YTETYT JA KUNNOSTETUT  AUTON VARAOSAT","potentialAction":[{"@type":"SearchAction","target":{"@type":"EntryPoint","urlTemplate":"https:\/\/autopartscenter24.com\/?s={search_term_string}"},"query-input":{"@type":"PropertyValueSpecification","valueRequired":true,"valueName":"search_term_string"}}],"inLanguage":"fi"}]}},"_links":{"self":[{"href":"https:\/\/autopartscenter24.com\/fi\/wp-json\/wp\/v2\/product\/3898","targetHints":{"allow":["GET"]}}],"collection":[{"href":"https:\/\/autopartscenter24.com\/fi\/wp-json\/wp\/v2\/product"}],"about":[{"href":"https:\/\/autopartscenter24.com\/fi\/wp-json\/wp\/v2\/types\/product"}],"wp:featuredmedia":[{"embeddable":true,"href":"https:\/\/autopartscenter24.com\/fi\/wp-json\/wp\/v2\/media\/4557"}],"wp:attachment":[{"href":"https:\/\/autopartscenter24.com\/fi\/wp-json\/wp\/v2\/media?parent=3898"}],"wp:term":[{"taxonomy":"product_brand","embeddable":true,"href":"https:\/\/autopartscenter24.com\/fi\/wp-json\/wp\/v2\/product_brand?post=3898"},{"taxonomy":"product_cat","embeddable":true,"href":"https:\/\/autopartscenter24.com\/fi\/wp-json\/wp\/v2\/product_cat?post=3898"},{"taxonomy":"product_tag","embeddable":true,"href":"https:\/\/autopartscenter24.com\/fi\/wp-json\/wp\/v2\/product_tag?post=3898"}],"curies":[{"name":"wp","href":"https:\/\/api.w.org\/{rel}","templated":true}]}}