{"id":3892,"date":"2023-03-05T17:52:49","date_gmt":"2023-03-05T16:52:49","guid":{"rendered":"https:\/\/autopartscenter24.com\/?post_type=product&#038;p=3892"},"modified":"2023-03-10T19:39:25","modified_gmt":"2023-03-10T18:39:25","slug":"2-5-hybryd-2ar-fxe-moottori-lexus-nx-rav4-camry-jpg","status":"publish","type":"product","link":"https:\/\/autopartscenter24.com\/fi\/auton-varaosat\/2-5-hybryd-2ar-fxe-moottori-lexus-nx-rav4-camry-jpg\/","title":{"rendered":"2.5 HYBRYD &#8221;2AR-FXE&#8221; Moottori [esim. LEXUS IS III]"},"content":{"rendered":"<p><strong>Toyota 2.5 Hybrid -moottori (moottorikoodi: 2AR-FXE)<\/strong> on edistyksellinen hybridimoottori, joka on suunniteltu ymp\u00e4rist\u00f6yst\u00e4v\u00e4lliseksi ja tehokkaaksi. Moottori on kehitetty Toyotan Hybrid Synergy Drive -teknologian avulla, joka yhdist\u00e4\u00e4 bensiinimoottorin ja s\u00e4hk\u00f6moottorin parhaat ominaisuudet.<\/p>\n<p>2.5 Hybrid -moottorin bensiinimoottori on 4-sylinterinen rivimoottori, joka on varustettu Toyota D-4S -suorasuihkutuksella ja VVT-i -venttiilinohjauksella. Moottori tuottaa 152 hv:n tehon ja 213 Nm:n v\u00e4\u00e4nn\u00f6n. S\u00e4hk\u00f6moottorin avulla kokonaisteho nousee jopa 218 hevosvoimaan. Moottorin energiaa varastoidaan 1,6 kWh:n litiumioniakkuun, joka latautuu jarrutuksen ja moottorijarrutuksen aikana.<\/p>\n<p>2.5 Hybrid -moottorin avulla auton p\u00e4\u00e4st\u00f6t ovat eritt\u00e4in alhaiset, sill\u00e4 moottori k\u00e4ytt\u00e4\u00e4 v\u00e4hemm\u00e4n polttoainetta kuin perinteiset bensiinimoottorit. Moottorin CO2-p\u00e4\u00e4st\u00f6t ovat alle 100 g\/km, mik\u00e4 tekee siit\u00e4 eritt\u00e4in ymp\u00e4rist\u00f6yst\u00e4v\u00e4llisen vaihtoehdon.<\/p>\n<p>Moottori on my\u00f6s eritt\u00e4in hiljainen ja tasainen, ja sen voimansiirto on sulava ja huomaamaton. Moottori on suunniteltu k\u00e4ytt\u00e4m\u00e4\u00e4n v\u00e4h\u00e4n polttoainetta ja tuottamaan v\u00e4h\u00e4n melua ja t\u00e4rin\u00e4\u00e4. Se on my\u00f6s eritt\u00e4in luotettava, sill\u00e4 sen komponentit on valmistettu korkealaatuisista materiaaleista.<\/p>\n","protected":false},"excerpt":{"rendered":"<p>2.5 Hybrid -moottori on k\u00e4yt\u00f6ss\u00e4 monissa Toyota-hybridiautoissa, kuten Toyota Camry Hybrid, Toyota Avalon Hybrid ja Toyota RAV4 Hybrid. T\u00e4m\u00e4 moottori on osoittanut olevansa eritt\u00e4in suosittu kuluttajien keskuudessa sen ymp\u00e4rist\u00f6yst\u00e4v\u00e4llisyyden, tehokkuuden ja suorituskyvyn ansiosta. Moottorin k\u00e4ytt\u00f6ik\u00e4 on my\u00f6s pitk\u00e4, ja sen huolto on yksinkertaista ja edullista.<\/p>\n","protected":false},"featured_media":4552,"template":"","meta":[],"product_brand":[],"product_cat":[449,397],"product_tag":[452,451,423],"class_list":{"0":"post-3892","1":"product","2":"type-product","3":"status-publish","4":"has-post-thumbnail","6":"product_cat-lexus","7":"product_cat-toyota","8":"product_tag-camry","9":"product_tag-lexus","10":"product_tag-rav-4","11":"pa_varaosan-osasto-moottori","14":"first","15":"instock","16":"shipping-taxable","17":"product-type-simple"},"yoast_head":"<!-- This site is optimized with the Yoast SEO plugin v26.8 - https:\/\/yoast.com\/product\/yoast-seo-wordpress\/ -->\n<title>2.5 HYBRYD &quot;2AR-FXE&quot; Moottori [esim. LEXUS IS III]<\/title>\n<meta name=\"description\" content=\"Yksi moottoreista, joita meill\u00e4 on usein saatavilla. L\u00e4het\u00e4 kysely ja saat tarjouksen 24 tunnin sis\u00e4ll\u00e4. Moottorit, vaihteistot ja muut auton osat takuulla.\" \/>\n<meta name=\"robots\" content=\"index, follow, max-snippet:-1, max-image-preview:large, max-video-preview:-1\" \/>\n<link rel=\"canonical\" href=\"https:\/\/autopartscenter24.com\/fi\/auton-varaosat\/2-5-hybryd-2ar-fxe-moottori-lexus-nx-rav4-camry-jpg\/\" \/>\n<meta property=\"og:locale\" content=\"fi_FI\" \/>\n<meta property=\"og:type\" content=\"article\" \/>\n<meta property=\"og:title\" content=\"2.5 HYBRYD &quot;2AR-FXE&quot; Moottori [esim. LEXUS IS III]\" \/>\n<meta property=\"og:description\" content=\"Yksi moottoreista, joita meill\u00e4 on usein saatavilla. L\u00e4het\u00e4 kysely ja saat tarjouksen 24 tunnin sis\u00e4ll\u00e4. Moottorit, vaihteistot ja muut auton osat takuulla.\" \/>\n<meta property=\"og:url\" content=\"https:\/\/autopartscenter24.com\/fi\/auton-varaosat\/2-5-hybryd-2ar-fxe-moottori-lexus-nx-rav4-camry-jpg\/\" \/>\n<meta property=\"og:site_name\" content=\"Autopartscenter24\" \/>\n<meta property=\"article:modified_time\" content=\"2023-03-10T18:39:25+00:00\" \/>\n<meta property=\"og:image\" content=\"https:\/\/autopartscenter24.com\/wp-content\/uploads\/2023\/03\/2-5-hybryd-2AR-FXE-moottori-lexus-nx-rav4-camry.webp\" \/>\n\t<meta property=\"og:image:width\" content=\"800\" \/>\n\t<meta property=\"og:image:height\" content=\"600\" \/>\n\t<meta property=\"og:image:type\" content=\"image\/webp\" \/>\n<meta name=\"twitter:card\" content=\"summary_large_image\" \/>\n<meta name=\"twitter:label1\" content=\"Arvioitu lukuaika\" \/>\n\t<meta name=\"twitter:data1\" content=\"1 minuutti\" \/>\n<script type=\"application\/ld+json\" class=\"yoast-schema-graph\">{\"@context\":\"https:\/\/schema.org\",\"@graph\":[{\"@type\":\"WebPage\",\"@id\":\"https:\/\/autopartscenter24.com\/auton-varaosat\/2-5-hybryd-2ar-fxe-moottori-lexus-nx-rav4-camry-jpg\/\",\"url\":\"https:\/\/autopartscenter24.com\/auton-varaosat\/2-5-hybryd-2ar-fxe-moottori-lexus-nx-rav4-camry-jpg\/\",\"name\":\"2.5 HYBRYD \\\"2AR-FXE\\\" Moottori [esim. LEXUS IS III]\",\"isPartOf\":{\"@id\":\"https:\/\/autopartscenter24.com\/#website\"},\"primaryImageOfPage\":{\"@id\":\"https:\/\/autopartscenter24.com\/auton-varaosat\/2-5-hybryd-2ar-fxe-moottori-lexus-nx-rav4-camry-jpg\/#primaryimage\"},\"image\":{\"@id\":\"https:\/\/autopartscenter24.com\/auton-varaosat\/2-5-hybryd-2ar-fxe-moottori-lexus-nx-rav4-camry-jpg\/#primaryimage\"},\"thumbnailUrl\":\"https:\/\/autopartscenter24.com\/wp-content\/uploads\/2023\/03\/2-5-hybryd-2AR-FXE-moottori-lexus-nx-rav4-camry.webp\",\"datePublished\":\"2023-03-05T16:52:49+00:00\",\"dateModified\":\"2023-03-10T18:39:25+00:00\",\"description\":\"Yksi moottoreista, joita meill\u00e4 on usein saatavilla. L\u00e4het\u00e4 kysely ja saat tarjouksen 24 tunnin sis\u00e4ll\u00e4. Moottorit, vaihteistot ja muut auton osat takuulla.\",\"breadcrumb\":{\"@id\":\"https:\/\/autopartscenter24.com\/auton-varaosat\/2-5-hybryd-2ar-fxe-moottori-lexus-nx-rav4-camry-jpg\/#breadcrumb\"},\"inLanguage\":\"fi\",\"potentialAction\":[{\"@type\":\"ReadAction\",\"target\":[\"https:\/\/autopartscenter24.com\/auton-varaosat\/2-5-hybryd-2ar-fxe-moottori-lexus-nx-rav4-camry-jpg\/\"]}]},{\"@type\":\"ImageObject\",\"inLanguage\":\"fi\",\"@id\":\"https:\/\/autopartscenter24.com\/auton-varaosat\/2-5-hybryd-2ar-fxe-moottori-lexus-nx-rav4-camry-jpg\/#primaryimage\",\"url\":\"https:\/\/autopartscenter24.com\/wp-content\/uploads\/2023\/03\/2-5-hybryd-2AR-FXE-moottori-lexus-nx-rav4-camry.webp\",\"contentUrl\":\"https:\/\/autopartscenter24.com\/wp-content\/uploads\/2023\/03\/2-5-hybryd-2AR-FXE-moottori-lexus-nx-rav4-camry.webp\",\"width\":800,\"height\":600},{\"@type\":\"BreadcrumbList\",\"@id\":\"https:\/\/autopartscenter24.com\/auton-varaosat\/2-5-hybryd-2ar-fxe-moottori-lexus-nx-rav4-camry-jpg\/#breadcrumb\",\"itemListElement\":[{\"@type\":\"ListItem\",\"position\":1,\"name\":\"Etusivu\",\"item\":\"https:\/\/aliceblue-termite-662564.hostingersite.com\/\"},{\"@type\":\"ListItem\",\"position\":2,\"name\":\"Auton varaosat\",\"item\":\"https:\/\/aliceblue-termite-662564.hostingersite.com\/auton-varaosat\/\"},{\"@type\":\"ListItem\",\"position\":3,\"name\":\"2.5 HYBRYD &#8221;2AR-FXE&#8221; Moottori [esim. LEXUS IS III]\"}]},{\"@type\":\"WebSite\",\"@id\":\"https:\/\/autopartscenter24.com\/#website\",\"url\":\"https:\/\/autopartscenter24.com\/\",\"name\":\"Autopartscenter24\",\"description\":\"K\u00c4YTETYT JA KUNNOSTETUT  AUTON VARAOSAT\",\"potentialAction\":[{\"@type\":\"SearchAction\",\"target\":{\"@type\":\"EntryPoint\",\"urlTemplate\":\"https:\/\/autopartscenter24.com\/?s={search_term_string}\"},\"query-input\":{\"@type\":\"PropertyValueSpecification\",\"valueRequired\":true,\"valueName\":\"search_term_string\"}}],\"inLanguage\":\"fi\"}]}<\/script>\n<!-- \/ Yoast SEO plugin. -->","yoast_head_json":{"title":"2.5 HYBRYD \"2AR-FXE\" Moottori [esim. LEXUS IS III]","description":"Yksi moottoreista, joita meill\u00e4 on usein saatavilla. L\u00e4het\u00e4 kysely ja saat tarjouksen 24 tunnin sis\u00e4ll\u00e4. Moottorit, vaihteistot ja muut auton osat takuulla.","robots":{"index":"index","follow":"follow","max-snippet":"max-snippet:-1","max-image-preview":"max-image-preview:large","max-video-preview":"max-video-preview:-1"},"canonical":"https:\/\/autopartscenter24.com\/fi\/auton-varaosat\/2-5-hybryd-2ar-fxe-moottori-lexus-nx-rav4-camry-jpg\/","og_locale":"fi_FI","og_type":"article","og_title":"2.5 HYBRYD \"2AR-FXE\" Moottori [esim. LEXUS IS III]","og_description":"Yksi moottoreista, joita meill\u00e4 on usein saatavilla. L\u00e4het\u00e4 kysely ja saat tarjouksen 24 tunnin sis\u00e4ll\u00e4. Moottorit, vaihteistot ja muut auton osat takuulla.","og_url":"https:\/\/autopartscenter24.com\/fi\/auton-varaosat\/2-5-hybryd-2ar-fxe-moottori-lexus-nx-rav4-camry-jpg\/","og_site_name":"Autopartscenter24","article_modified_time":"2023-03-10T18:39:25+00:00","og_image":[{"width":800,"height":600,"url":"https:\/\/autopartscenter24.com\/wp-content\/uploads\/2023\/03\/2-5-hybryd-2AR-FXE-moottori-lexus-nx-rav4-camry.webp","type":"image\/webp"}],"twitter_card":"summary_large_image","twitter_misc":{"Arvioitu lukuaika":"1 minuutti"},"schema":{"@context":"https:\/\/schema.org","@graph":[{"@type":"WebPage","@id":"https:\/\/autopartscenter24.com\/auton-varaosat\/2-5-hybryd-2ar-fxe-moottori-lexus-nx-rav4-camry-jpg\/","url":"https:\/\/autopartscenter24.com\/auton-varaosat\/2-5-hybryd-2ar-fxe-moottori-lexus-nx-rav4-camry-jpg\/","name":"2.5 HYBRYD \"2AR-FXE\" Moottori [esim. LEXUS IS III]","isPartOf":{"@id":"https:\/\/autopartscenter24.com\/#website"},"primaryImageOfPage":{"@id":"https:\/\/autopartscenter24.com\/auton-varaosat\/2-5-hybryd-2ar-fxe-moottori-lexus-nx-rav4-camry-jpg\/#primaryimage"},"image":{"@id":"https:\/\/autopartscenter24.com\/auton-varaosat\/2-5-hybryd-2ar-fxe-moottori-lexus-nx-rav4-camry-jpg\/#primaryimage"},"thumbnailUrl":"https:\/\/autopartscenter24.com\/wp-content\/uploads\/2023\/03\/2-5-hybryd-2AR-FXE-moottori-lexus-nx-rav4-camry.webp","datePublished":"2023-03-05T16:52:49+00:00","dateModified":"2023-03-10T18:39:25+00:00","description":"Yksi moottoreista, joita meill\u00e4 on usein saatavilla. L\u00e4het\u00e4 kysely ja saat tarjouksen 24 tunnin sis\u00e4ll\u00e4. Moottorit, vaihteistot ja muut auton osat takuulla.","breadcrumb":{"@id":"https:\/\/autopartscenter24.com\/auton-varaosat\/2-5-hybryd-2ar-fxe-moottori-lexus-nx-rav4-camry-jpg\/#breadcrumb"},"inLanguage":"fi","potentialAction":[{"@type":"ReadAction","target":["https:\/\/autopartscenter24.com\/auton-varaosat\/2-5-hybryd-2ar-fxe-moottori-lexus-nx-rav4-camry-jpg\/"]}]},{"@type":"ImageObject","inLanguage":"fi","@id":"https:\/\/autopartscenter24.com\/auton-varaosat\/2-5-hybryd-2ar-fxe-moottori-lexus-nx-rav4-camry-jpg\/#primaryimage","url":"https:\/\/autopartscenter24.com\/wp-content\/uploads\/2023\/03\/2-5-hybryd-2AR-FXE-moottori-lexus-nx-rav4-camry.webp","contentUrl":"https:\/\/autopartscenter24.com\/wp-content\/uploads\/2023\/03\/2-5-hybryd-2AR-FXE-moottori-lexus-nx-rav4-camry.webp","width":800,"height":600},{"@type":"BreadcrumbList","@id":"https:\/\/autopartscenter24.com\/auton-varaosat\/2-5-hybryd-2ar-fxe-moottori-lexus-nx-rav4-camry-jpg\/#breadcrumb","itemListElement":[{"@type":"ListItem","position":1,"name":"Etusivu","item":"https:\/\/aliceblue-termite-662564.hostingersite.com\/"},{"@type":"ListItem","position":2,"name":"Auton varaosat","item":"https:\/\/aliceblue-termite-662564.hostingersite.com\/auton-varaosat\/"},{"@type":"ListItem","position":3,"name":"2.5 HYBRYD &#8221;2AR-FXE&#8221; Moottori [esim. LEXUS IS III]"}]},{"@type":"WebSite","@id":"https:\/\/autopartscenter24.com\/#website","url":"https:\/\/autopartscenter24.com\/","name":"Autopartscenter24","description":"K\u00c4YTETYT JA KUNNOSTETUT  AUTON VARAOSAT","potentialAction":[{"@type":"SearchAction","target":{"@type":"EntryPoint","urlTemplate":"https:\/\/autopartscenter24.com\/?s={search_term_string}"},"query-input":{"@type":"PropertyValueSpecification","valueRequired":true,"valueName":"search_term_string"}}],"inLanguage":"fi"}]}},"_links":{"self":[{"href":"https:\/\/autopartscenter24.com\/fi\/wp-json\/wp\/v2\/product\/3892","targetHints":{"allow":["GET"]}}],"collection":[{"href":"https:\/\/autopartscenter24.com\/fi\/wp-json\/wp\/v2\/product"}],"about":[{"href":"https:\/\/autopartscenter24.com\/fi\/wp-json\/wp\/v2\/types\/product"}],"wp:featuredmedia":[{"embeddable":true,"href":"https:\/\/autopartscenter24.com\/fi\/wp-json\/wp\/v2\/media\/4552"}],"wp:attachment":[{"href":"https:\/\/autopartscenter24.com\/fi\/wp-json\/wp\/v2\/media?parent=3892"}],"wp:term":[{"taxonomy":"product_brand","embeddable":true,"href":"https:\/\/autopartscenter24.com\/fi\/wp-json\/wp\/v2\/product_brand?post=3892"},{"taxonomy":"product_cat","embeddable":true,"href":"https:\/\/autopartscenter24.com\/fi\/wp-json\/wp\/v2\/product_cat?post=3892"},{"taxonomy":"product_tag","embeddable":true,"href":"https:\/\/autopartscenter24.com\/fi\/wp-json\/wp\/v2\/product_tag?post=3892"}],"curies":[{"name":"wp","href":"https:\/\/api.w.org\/{rel}","templated":true}]}}