{"id":3851,"date":"2023-03-05T17:17:26","date_gmt":"2023-03-05T16:17:26","guid":{"rendered":"https:\/\/autopartscenter24.com\/?post_type=product&#038;p=3851"},"modified":"2023-03-10T19:36:15","modified_gmt":"2023-03-10T18:36:15","slug":"1-6-cmx-cmxa-moottori-octavia-leon-altea","status":"publish","type":"product","link":"https:\/\/autopartscenter24.com\/fi\/auton-varaosat\/1-6-cmx-cmxa-moottori-octavia-leon-altea\/","title":{"rendered":"1.6 &#8221;CMX, CMXA&#8221; Moottori [esim. Golf, Octavia, Leon, Altea]"},"content":{"rendered":"<p><strong>Volkswagenin 1,6-litrainen moottori (moottorikoodi: CMX, CMXA)<\/strong> on nelisylinterinen bensiinimoottori, joka on kehitetty ja valmistettu Volkswagen-konsernin toimesta. Moottori on varustettu ahtimella, joka antaa sille lis\u00e4potkua ja parantaa sen suorituskyky\u00e4.<\/p>\n<p>CMX-moottorin kampiakseli on valmistettu ter\u00e4ksest\u00e4 ja sill\u00e4 on viisi laakeripes\u00e4\u00e4, jotka varmistavat moottorin pitk\u00e4n k\u00e4ytt\u00f6i\u00e4n. Moottorin sylinterit on valmistettu valuraudasta ja niiss\u00e4 on suorakulmaiset rei\u00e4t, mik\u00e4 antaa moottorille paremman j\u00e4ykkyyden ja vakauden. Moottorin venttiilien lukum\u00e4\u00e4r\u00e4 on 16, ja ne on asennettu kahdelle nokka-akselille, jotka ovat ajoitettu hihnapy\u00f6r\u00e4ll\u00e4. T\u00e4m\u00e4 rakennustapa parantaa moottorin polttoainetaloutta ja v\u00e4hent\u00e4\u00e4 p\u00e4\u00e4st\u00f6j\u00e4.<\/p>\n<p>CMX-moottorin suurin teho on 77 kW ja suurin v\u00e4\u00e4nt\u00f6momentti 155 Nm. Moottorin suurin kierrosluku on 6000 r\/min. Moottorin yhdistetty polttoaineenkulutus on noin 6,5 litraa\/100 km ja CO2-p\u00e4\u00e4st\u00f6t ovat noin 150 g\/km.<\/p>\n<p>Kaikissa n\u00e4iss\u00e4 autoissa CMX-moottori on ollut vakiovaruste, ja se on tarjonnut hyv\u00e4n suorituskyvyn ja polttoainetalouden. Moottorin tehokkuus ja luotettavuus ovat tehneet siit\u00e4 suositun vaihtoehdon monissa Volkswagen-konsernin autoissa.<\/p>\n","protected":false},"excerpt":{"rendered":"<p>CMX-moottoria on k\u00e4ytetty useissa Volkswagen-konsernin autoissa eri vuosina. Alla on luettelo autoista ja malleista, joissa CMX-moottori on ollut k\u00e4yt\u00f6ss\u00e4:<\/p>\n<ul>\n<li>Volkswagen Golf (2009-2012)<\/li>\n<li>Volkswagen Jetta (2011-2018)<\/li>\n<li>Volkswagen Passat (2008-2010)<\/li>\n<li>Volkswagen Touran (2010-2015)<\/li>\n<\/ul>\n","protected":false},"featured_media":4522,"template":"","meta":[],"product_brand":[],"product_cat":[301],"product_tag":[345,382,349,350],"class_list":{"0":"post-3851","1":"product","2":"type-product","3":"status-publish","4":"has-post-thumbnail","6":"product_cat-vw","7":"product_tag-golf","8":"product_tag-jetta","9":"product_tag-passat","10":"product_tag-touran","11":"pa_varaosan-osasto-moottori","14":"first","15":"instock","16":"shipping-taxable","17":"product-type-simple"},"yoast_head":"<!-- This site is optimized with the Yoast SEO plugin v26.8 - https:\/\/yoast.com\/product\/yoast-seo-wordpress\/ -->\n<title>1.6 &quot;CMX, CMXA&quot; Moottori [esim. Golf, Octavia, Leon, Altea]<\/title>\n<meta name=\"description\" content=\"CMX-moottoria on k\u00e4ytetty useissa Volkswagen-konsernin autoissa eri vuosina. Alla on luettelo autoista ja malleista, joissa CMX-moottori on ollut k\u00e4yt\u00f6ss\u00e4:Volkswagen Golf (2009-2012)Volkswagen Jetta (2011-2018)Volkswagen Passat (2008-2010)Volkswagen Touran (2010-2015)\" \/>\n<meta name=\"robots\" content=\"index, follow, max-snippet:-1, max-image-preview:large, max-video-preview:-1\" \/>\n<link rel=\"canonical\" href=\"https:\/\/autopartscenter24.com\/fi\/auton-varaosat\/1-6-cmx-cmxa-moottori-octavia-leon-altea\/\" \/>\n<meta property=\"og:locale\" content=\"fi_FI\" \/>\n<meta property=\"og:type\" content=\"article\" \/>\n<meta property=\"og:title\" content=\"1.6 &quot;CMX, CMXA&quot; Moottori [esim. Golf, Octavia, Leon, Altea]\" \/>\n<meta property=\"og:description\" content=\"CMX-moottoria on k\u00e4ytetty useissa Volkswagen-konsernin autoissa eri vuosina. Alla on luettelo autoista ja malleista, joissa CMX-moottori on ollut k\u00e4yt\u00f6ss\u00e4:Volkswagen Golf (2009-2012)Volkswagen Jetta (2011-2018)Volkswagen Passat (2008-2010)Volkswagen Touran (2010-2015)\" \/>\n<meta property=\"og:url\" content=\"https:\/\/autopartscenter24.com\/fi\/auton-varaosat\/1-6-cmx-cmxa-moottori-octavia-leon-altea\/\" \/>\n<meta property=\"og:site_name\" content=\"Autopartscenter24\" \/>\n<meta property=\"article:modified_time\" content=\"2023-03-10T18:36:15+00:00\" \/>\n<meta property=\"og:image\" content=\"https:\/\/autopartscenter24.com\/wp-content\/uploads\/2023\/03\/1-6-cmx-cmxa-moottori-octavia-leon-altea.webp\" \/>\n\t<meta property=\"og:image:width\" content=\"800\" \/>\n\t<meta property=\"og:image:height\" content=\"600\" \/>\n\t<meta property=\"og:image:type\" content=\"image\/webp\" \/>\n<meta name=\"twitter:card\" content=\"summary_large_image\" \/>\n<meta name=\"twitter:label1\" content=\"Arvioitu lukuaika\" \/>\n\t<meta name=\"twitter:data1\" content=\"1 minuutti\" \/>\n<script type=\"application\/ld+json\" class=\"yoast-schema-graph\">{\"@context\":\"https:\/\/schema.org\",\"@graph\":[{\"@type\":\"WebPage\",\"@id\":\"https:\/\/autopartscenter24.com\/auton-varaosat\/1-6-cmx-cmxa-moottori-octavia-leon-altea\/\",\"url\":\"https:\/\/autopartscenter24.com\/auton-varaosat\/1-6-cmx-cmxa-moottori-octavia-leon-altea\/\",\"name\":\"1.6 \\\"CMX, CMXA\\\" Moottori [esim. Golf, Octavia, Leon, Altea]\",\"isPartOf\":{\"@id\":\"https:\/\/autopartscenter24.com\/#website\"},\"primaryImageOfPage\":{\"@id\":\"https:\/\/autopartscenter24.com\/auton-varaosat\/1-6-cmx-cmxa-moottori-octavia-leon-altea\/#primaryimage\"},\"image\":{\"@id\":\"https:\/\/autopartscenter24.com\/auton-varaosat\/1-6-cmx-cmxa-moottori-octavia-leon-altea\/#primaryimage\"},\"thumbnailUrl\":\"https:\/\/autopartscenter24.com\/wp-content\/uploads\/2023\/03\/1-6-cmx-cmxa-moottori-octavia-leon-altea.webp\",\"datePublished\":\"2023-03-05T16:17:26+00:00\",\"dateModified\":\"2023-03-10T18:36:15+00:00\",\"description\":\"CMX-moottoria on k\u00e4ytetty useissa Volkswagen-konsernin autoissa eri vuosina. Alla on luettelo autoista ja malleista, joissa CMX-moottori on ollut k\u00e4yt\u00f6ss\u00e4:Volkswagen Golf (2009-2012)Volkswagen Jetta (2011-2018)Volkswagen Passat (2008-2010)Volkswagen Touran (2010-2015)\",\"breadcrumb\":{\"@id\":\"https:\/\/autopartscenter24.com\/auton-varaosat\/1-6-cmx-cmxa-moottori-octavia-leon-altea\/#breadcrumb\"},\"inLanguage\":\"fi\",\"potentialAction\":[{\"@type\":\"ReadAction\",\"target\":[\"https:\/\/autopartscenter24.com\/auton-varaosat\/1-6-cmx-cmxa-moottori-octavia-leon-altea\/\"]}]},{\"@type\":\"ImageObject\",\"inLanguage\":\"fi\",\"@id\":\"https:\/\/autopartscenter24.com\/auton-varaosat\/1-6-cmx-cmxa-moottori-octavia-leon-altea\/#primaryimage\",\"url\":\"https:\/\/autopartscenter24.com\/wp-content\/uploads\/2023\/03\/1-6-cmx-cmxa-moottori-octavia-leon-altea.webp\",\"contentUrl\":\"https:\/\/autopartscenter24.com\/wp-content\/uploads\/2023\/03\/1-6-cmx-cmxa-moottori-octavia-leon-altea.webp\",\"width\":800,\"height\":600},{\"@type\":\"BreadcrumbList\",\"@id\":\"https:\/\/autopartscenter24.com\/auton-varaosat\/1-6-cmx-cmxa-moottori-octavia-leon-altea\/#breadcrumb\",\"itemListElement\":[{\"@type\":\"ListItem\",\"position\":1,\"name\":\"Etusivu\",\"item\":\"https:\/\/aliceblue-termite-662564.hostingersite.com\/\"},{\"@type\":\"ListItem\",\"position\":2,\"name\":\"Auton varaosat\",\"item\":\"https:\/\/aliceblue-termite-662564.hostingersite.com\/auton-varaosat\/\"},{\"@type\":\"ListItem\",\"position\":3,\"name\":\"1.6 &#8221;CMX, CMXA&#8221; Moottori [esim. Golf, Octavia, Leon, Altea]\"}]},{\"@type\":\"WebSite\",\"@id\":\"https:\/\/autopartscenter24.com\/#website\",\"url\":\"https:\/\/autopartscenter24.com\/\",\"name\":\"Autopartscenter24\",\"description\":\"K\u00c4YTETYT JA KUNNOSTETUT  AUTON VARAOSAT\",\"potentialAction\":[{\"@type\":\"SearchAction\",\"target\":{\"@type\":\"EntryPoint\",\"urlTemplate\":\"https:\/\/autopartscenter24.com\/?s={search_term_string}\"},\"query-input\":{\"@type\":\"PropertyValueSpecification\",\"valueRequired\":true,\"valueName\":\"search_term_string\"}}],\"inLanguage\":\"fi\"}]}<\/script>\n<!-- \/ Yoast SEO plugin. -->","yoast_head_json":{"title":"1.6 \"CMX, CMXA\" Moottori [esim. Golf, Octavia, Leon, Altea]","description":"CMX-moottoria on k\u00e4ytetty useissa Volkswagen-konsernin autoissa eri vuosina. Alla on luettelo autoista ja malleista, joissa CMX-moottori on ollut k\u00e4yt\u00f6ss\u00e4:Volkswagen Golf (2009-2012)Volkswagen Jetta (2011-2018)Volkswagen Passat (2008-2010)Volkswagen Touran (2010-2015)","robots":{"index":"index","follow":"follow","max-snippet":"max-snippet:-1","max-image-preview":"max-image-preview:large","max-video-preview":"max-video-preview:-1"},"canonical":"https:\/\/autopartscenter24.com\/fi\/auton-varaosat\/1-6-cmx-cmxa-moottori-octavia-leon-altea\/","og_locale":"fi_FI","og_type":"article","og_title":"1.6 \"CMX, CMXA\" Moottori [esim. Golf, Octavia, Leon, Altea]","og_description":"CMX-moottoria on k\u00e4ytetty useissa Volkswagen-konsernin autoissa eri vuosina. Alla on luettelo autoista ja malleista, joissa CMX-moottori on ollut k\u00e4yt\u00f6ss\u00e4:Volkswagen Golf (2009-2012)Volkswagen Jetta (2011-2018)Volkswagen Passat (2008-2010)Volkswagen Touran (2010-2015)","og_url":"https:\/\/autopartscenter24.com\/fi\/auton-varaosat\/1-6-cmx-cmxa-moottori-octavia-leon-altea\/","og_site_name":"Autopartscenter24","article_modified_time":"2023-03-10T18:36:15+00:00","og_image":[{"width":800,"height":600,"url":"https:\/\/autopartscenter24.com\/wp-content\/uploads\/2023\/03\/1-6-cmx-cmxa-moottori-octavia-leon-altea.webp","type":"image\/webp"}],"twitter_card":"summary_large_image","twitter_misc":{"Arvioitu lukuaika":"1 minuutti"},"schema":{"@context":"https:\/\/schema.org","@graph":[{"@type":"WebPage","@id":"https:\/\/autopartscenter24.com\/auton-varaosat\/1-6-cmx-cmxa-moottori-octavia-leon-altea\/","url":"https:\/\/autopartscenter24.com\/auton-varaosat\/1-6-cmx-cmxa-moottori-octavia-leon-altea\/","name":"1.6 \"CMX, CMXA\" Moottori [esim. Golf, Octavia, Leon, Altea]","isPartOf":{"@id":"https:\/\/autopartscenter24.com\/#website"},"primaryImageOfPage":{"@id":"https:\/\/autopartscenter24.com\/auton-varaosat\/1-6-cmx-cmxa-moottori-octavia-leon-altea\/#primaryimage"},"image":{"@id":"https:\/\/autopartscenter24.com\/auton-varaosat\/1-6-cmx-cmxa-moottori-octavia-leon-altea\/#primaryimage"},"thumbnailUrl":"https:\/\/autopartscenter24.com\/wp-content\/uploads\/2023\/03\/1-6-cmx-cmxa-moottori-octavia-leon-altea.webp","datePublished":"2023-03-05T16:17:26+00:00","dateModified":"2023-03-10T18:36:15+00:00","description":"CMX-moottoria on k\u00e4ytetty useissa Volkswagen-konsernin autoissa eri vuosina. Alla on luettelo autoista ja malleista, joissa CMX-moottori on ollut k\u00e4yt\u00f6ss\u00e4:Volkswagen Golf (2009-2012)Volkswagen Jetta (2011-2018)Volkswagen Passat (2008-2010)Volkswagen Touran (2010-2015)","breadcrumb":{"@id":"https:\/\/autopartscenter24.com\/auton-varaosat\/1-6-cmx-cmxa-moottori-octavia-leon-altea\/#breadcrumb"},"inLanguage":"fi","potentialAction":[{"@type":"ReadAction","target":["https:\/\/autopartscenter24.com\/auton-varaosat\/1-6-cmx-cmxa-moottori-octavia-leon-altea\/"]}]},{"@type":"ImageObject","inLanguage":"fi","@id":"https:\/\/autopartscenter24.com\/auton-varaosat\/1-6-cmx-cmxa-moottori-octavia-leon-altea\/#primaryimage","url":"https:\/\/autopartscenter24.com\/wp-content\/uploads\/2023\/03\/1-6-cmx-cmxa-moottori-octavia-leon-altea.webp","contentUrl":"https:\/\/autopartscenter24.com\/wp-content\/uploads\/2023\/03\/1-6-cmx-cmxa-moottori-octavia-leon-altea.webp","width":800,"height":600},{"@type":"BreadcrumbList","@id":"https:\/\/autopartscenter24.com\/auton-varaosat\/1-6-cmx-cmxa-moottori-octavia-leon-altea\/#breadcrumb","itemListElement":[{"@type":"ListItem","position":1,"name":"Etusivu","item":"https:\/\/aliceblue-termite-662564.hostingersite.com\/"},{"@type":"ListItem","position":2,"name":"Auton varaosat","item":"https:\/\/aliceblue-termite-662564.hostingersite.com\/auton-varaosat\/"},{"@type":"ListItem","position":3,"name":"1.6 &#8221;CMX, CMXA&#8221; Moottori [esim. Golf, Octavia, Leon, Altea]"}]},{"@type":"WebSite","@id":"https:\/\/autopartscenter24.com\/#website","url":"https:\/\/autopartscenter24.com\/","name":"Autopartscenter24","description":"K\u00c4YTETYT JA KUNNOSTETUT  AUTON VARAOSAT","potentialAction":[{"@type":"SearchAction","target":{"@type":"EntryPoint","urlTemplate":"https:\/\/autopartscenter24.com\/?s={search_term_string}"},"query-input":{"@type":"PropertyValueSpecification","valueRequired":true,"valueName":"search_term_string"}}],"inLanguage":"fi"}]}},"_links":{"self":[{"href":"https:\/\/autopartscenter24.com\/fi\/wp-json\/wp\/v2\/product\/3851","targetHints":{"allow":["GET"]}}],"collection":[{"href":"https:\/\/autopartscenter24.com\/fi\/wp-json\/wp\/v2\/product"}],"about":[{"href":"https:\/\/autopartscenter24.com\/fi\/wp-json\/wp\/v2\/types\/product"}],"wp:featuredmedia":[{"embeddable":true,"href":"https:\/\/autopartscenter24.com\/fi\/wp-json\/wp\/v2\/media\/4522"}],"wp:attachment":[{"href":"https:\/\/autopartscenter24.com\/fi\/wp-json\/wp\/v2\/media?parent=3851"}],"wp:term":[{"taxonomy":"product_brand","embeddable":true,"href":"https:\/\/autopartscenter24.com\/fi\/wp-json\/wp\/v2\/product_brand?post=3851"},{"taxonomy":"product_cat","embeddable":true,"href":"https:\/\/autopartscenter24.com\/fi\/wp-json\/wp\/v2\/product_cat?post=3851"},{"taxonomy":"product_tag","embeddable":true,"href":"https:\/\/autopartscenter24.com\/fi\/wp-json\/wp\/v2\/product_tag?post=3851"}],"curies":[{"name":"wp","href":"https:\/\/api.w.org\/{rel}","templated":true}]}}