{"id":3845,"date":"2023-03-05T17:08:39","date_gmt":"2023-03-05T16:08:39","guid":{"rendered":"https:\/\/autopartscenter24.com\/?post_type=product&#038;p=3845"},"modified":"2023-03-10T19:35:41","modified_gmt":"2023-03-10T18:35:41","slug":"2-4-4b12-moottori-mitsubishi-outlander","status":"publish","type":"product","link":"https:\/\/autopartscenter24.com\/fi\/auton-varaosat\/2-4-4b12-moottori-mitsubishi-outlander\/","title":{"rendered":"2.4 &#8221;4B12&#8221; Moottori [esim. Mitsubishi Outlander]"},"content":{"rendered":"<p><strong>Mitsubishi 2.4 (moottorikoodi: 4B12)<\/strong> on nelisylinterinen bensiinimoottori, joka on kehitetty korvaamaan aikaisemmat Mitsubishi 2.0 ja 2.4 moottorit. 4B12-moottori on varustettu MIVEC-tekniikalla, joka parantaa polttoainetaloutta ja v\u00e4hent\u00e4\u00e4 p\u00e4\u00e4st\u00f6j\u00e4. Moottorin puristussuhde on 10,5:1 ja suurin teho on 168 hv ja v\u00e4\u00e4nt\u00f6momentti on 222 Nm. Moottori on my\u00f6s melko hiljainen, sill\u00e4 siin\u00e4 on k\u00e4ytetty kehittyneit\u00e4 \u00e4\u00e4nieristysmateriaaleja.<\/p>\n<p>Moottorin sis\u00e4inen rakenne on kest\u00e4v\u00e4 ja suunniteltu kest\u00e4m\u00e4\u00e4n korkeampia kierroslukuja ja raskaampia kuormituksia. Moottorissa on suorak\u00e4ytt\u00f6inen nokka-akseli, joka v\u00e4hent\u00e4\u00e4 kulumista ja parantaa moottorin suorituskyky\u00e4. Moottorissa on my\u00f6s \u00f6ljynj\u00e4\u00e4hdytin, joka auttaa pit\u00e4m\u00e4\u00e4n \u00f6ljyn tasaisen l\u00e4mp\u00f6tilan ja varmistaa, ett\u00e4 moottori pysyy viile\u00e4n\u00e4 kovassa k\u00e4yt\u00f6ss\u00e4.<\/p>\n<p>Mitsubishi 2.4 -moottoria on k\u00e4ytetty useissa autoissa, kuten Mitsubishi Outlanderissa ja Galantissa, sek\u00e4 Chrysler Sebringiss\u00e4 ja Dodge Avengerissa. Moottorin teho ja v\u00e4\u00e4nt\u00f6momentti tarjoavat hyv\u00e4n suorituskyvyn, kun taas MIVEC-tekniikka parantaa polttoainetaloutta ja v\u00e4hent\u00e4\u00e4 p\u00e4\u00e4st\u00f6j\u00e4. Moottorin sis\u00e4inen rakenne ja kest\u00e4vyys tekev\u00e4t siit\u00e4 luotettavan valinnan kuljettajille, jotka tarvitsevat kest\u00e4v\u00e4n ja luotettavan moottorin.<\/p>\n","protected":false},"excerpt":{"rendered":"<p>Mitsubishi 2.4 (moottorikoodi: 4B12) k\u00e4ytet\u00e4\u00e4n seuraavissa autoissa:<\/p>\n<ul>\n<li>Mitsubishi Outlander (2007-2013)<\/li>\n<li>Mitsubishi Galant (2004-2012)<\/li>\n<li>Chrysler Sebring (2007-2010)<\/li>\n<li>Dodge Avenger (2008-2014)<\/li>\n<\/ul>\n","protected":false},"featured_media":4517,"template":"","meta":[],"product_brand":[],"product_cat":[444,445,310],"product_tag":[447,448,312,446],"class_list":{"0":"post-3845","1":"product","2":"type-product","3":"status-publish","4":"has-post-thumbnail","6":"product_cat-chrysler","7":"product_cat-dodge","8":"product_cat-mitsubishi","9":"product_tag-avenger","10":"product_tag-galant","11":"product_tag-outlander","12":"product_tag-sebring","13":"pa_varaosan-osasto-moottori","16":"first","17":"instock","18":"shipping-taxable","19":"product-type-simple"},"yoast_head":"<!-- This site is optimized with the Yoast SEO plugin v26.8 - https:\/\/yoast.com\/product\/yoast-seo-wordpress\/ -->\n<title>2.4 &quot;4B12&quot; Moottori [esim. Mitsubishi Outlander]<\/title>\n<meta name=\"description\" content=\"Yksi moottoreista, joita meill\u00e4 on usein saatavilla. L\u00e4het\u00e4 kysely ja saat tarjouksen 24 tunnin sis\u00e4ll\u00e4. Moottorit, vaihteistot ja muut auton osat takuulla.\" \/>\n<meta name=\"robots\" content=\"index, follow, max-snippet:-1, max-image-preview:large, max-video-preview:-1\" \/>\n<link rel=\"canonical\" href=\"https:\/\/autopartscenter24.com\/fi\/auton-varaosat\/2-4-4b12-moottori-mitsubishi-outlander\/\" \/>\n<meta property=\"og:locale\" content=\"fi_FI\" \/>\n<meta property=\"og:type\" content=\"article\" \/>\n<meta property=\"og:title\" content=\"2.4 &quot;4B12&quot; Moottori [esim. Mitsubishi Outlander]\" \/>\n<meta property=\"og:description\" content=\"Yksi moottoreista, joita meill\u00e4 on usein saatavilla. L\u00e4het\u00e4 kysely ja saat tarjouksen 24 tunnin sis\u00e4ll\u00e4. Moottorit, vaihteistot ja muut auton osat takuulla.\" \/>\n<meta property=\"og:url\" content=\"https:\/\/autopartscenter24.com\/fi\/auton-varaosat\/2-4-4b12-moottori-mitsubishi-outlander\/\" \/>\n<meta property=\"og:site_name\" content=\"Autopartscenter24\" \/>\n<meta property=\"article:modified_time\" content=\"2023-03-10T18:35:41+00:00\" \/>\n<meta property=\"og:image\" content=\"https:\/\/autopartscenter24.com\/wp-content\/uploads\/2023\/03\/2-4-4b12-moottori-mitsubishi-outlander.webp\" \/>\n\t<meta property=\"og:image:width\" content=\"800\" \/>\n\t<meta property=\"og:image:height\" content=\"600\" \/>\n\t<meta property=\"og:image:type\" content=\"image\/webp\" \/>\n<meta name=\"twitter:card\" content=\"summary_large_image\" \/>\n<meta name=\"twitter:label1\" content=\"Arvioitu lukuaika\" \/>\n\t<meta name=\"twitter:data1\" content=\"1 minuutti\" \/>\n<script type=\"application\/ld+json\" class=\"yoast-schema-graph\">{\"@context\":\"https:\/\/schema.org\",\"@graph\":[{\"@type\":\"WebPage\",\"@id\":\"https:\/\/autopartscenter24.com\/auton-varaosat\/2-4-4b12-moottori-mitsubishi-outlander\/\",\"url\":\"https:\/\/autopartscenter24.com\/auton-varaosat\/2-4-4b12-moottori-mitsubishi-outlander\/\",\"name\":\"2.4 \\\"4B12\\\" Moottori [esim. Mitsubishi Outlander]\",\"isPartOf\":{\"@id\":\"https:\/\/autopartscenter24.com\/#website\"},\"primaryImageOfPage\":{\"@id\":\"https:\/\/autopartscenter24.com\/auton-varaosat\/2-4-4b12-moottori-mitsubishi-outlander\/#primaryimage\"},\"image\":{\"@id\":\"https:\/\/autopartscenter24.com\/auton-varaosat\/2-4-4b12-moottori-mitsubishi-outlander\/#primaryimage\"},\"thumbnailUrl\":\"https:\/\/autopartscenter24.com\/wp-content\/uploads\/2023\/03\/2-4-4b12-moottori-mitsubishi-outlander.webp\",\"datePublished\":\"2023-03-05T16:08:39+00:00\",\"dateModified\":\"2023-03-10T18:35:41+00:00\",\"description\":\"Yksi moottoreista, joita meill\u00e4 on usein saatavilla. L\u00e4het\u00e4 kysely ja saat tarjouksen 24 tunnin sis\u00e4ll\u00e4. Moottorit, vaihteistot ja muut auton osat takuulla.\",\"breadcrumb\":{\"@id\":\"https:\/\/autopartscenter24.com\/auton-varaosat\/2-4-4b12-moottori-mitsubishi-outlander\/#breadcrumb\"},\"inLanguage\":\"fi\",\"potentialAction\":[{\"@type\":\"ReadAction\",\"target\":[\"https:\/\/autopartscenter24.com\/auton-varaosat\/2-4-4b12-moottori-mitsubishi-outlander\/\"]}]},{\"@type\":\"ImageObject\",\"inLanguage\":\"fi\",\"@id\":\"https:\/\/autopartscenter24.com\/auton-varaosat\/2-4-4b12-moottori-mitsubishi-outlander\/#primaryimage\",\"url\":\"https:\/\/autopartscenter24.com\/wp-content\/uploads\/2023\/03\/2-4-4b12-moottori-mitsubishi-outlander.webp\",\"contentUrl\":\"https:\/\/autopartscenter24.com\/wp-content\/uploads\/2023\/03\/2-4-4b12-moottori-mitsubishi-outlander.webp\",\"width\":800,\"height\":600},{\"@type\":\"BreadcrumbList\",\"@id\":\"https:\/\/autopartscenter24.com\/auton-varaosat\/2-4-4b12-moottori-mitsubishi-outlander\/#breadcrumb\",\"itemListElement\":[{\"@type\":\"ListItem\",\"position\":1,\"name\":\"Etusivu\",\"item\":\"https:\/\/aliceblue-termite-662564.hostingersite.com\/\"},{\"@type\":\"ListItem\",\"position\":2,\"name\":\"Auton varaosat\",\"item\":\"https:\/\/aliceblue-termite-662564.hostingersite.com\/auton-varaosat\/\"},{\"@type\":\"ListItem\",\"position\":3,\"name\":\"2.4 &#8221;4B12&#8221; Moottori [esim. Mitsubishi Outlander]\"}]},{\"@type\":\"WebSite\",\"@id\":\"https:\/\/autopartscenter24.com\/#website\",\"url\":\"https:\/\/autopartscenter24.com\/\",\"name\":\"Autopartscenter24\",\"description\":\"K\u00c4YTETYT JA KUNNOSTETUT  AUTON VARAOSAT\",\"potentialAction\":[{\"@type\":\"SearchAction\",\"target\":{\"@type\":\"EntryPoint\",\"urlTemplate\":\"https:\/\/autopartscenter24.com\/?s={search_term_string}\"},\"query-input\":{\"@type\":\"PropertyValueSpecification\",\"valueRequired\":true,\"valueName\":\"search_term_string\"}}],\"inLanguage\":\"fi\"}]}<\/script>\n<!-- \/ Yoast SEO plugin. -->","yoast_head_json":{"title":"2.4 \"4B12\" Moottori [esim. Mitsubishi Outlander]","description":"Yksi moottoreista, joita meill\u00e4 on usein saatavilla. L\u00e4het\u00e4 kysely ja saat tarjouksen 24 tunnin sis\u00e4ll\u00e4. Moottorit, vaihteistot ja muut auton osat takuulla.","robots":{"index":"index","follow":"follow","max-snippet":"max-snippet:-1","max-image-preview":"max-image-preview:large","max-video-preview":"max-video-preview:-1"},"canonical":"https:\/\/autopartscenter24.com\/fi\/auton-varaosat\/2-4-4b12-moottori-mitsubishi-outlander\/","og_locale":"fi_FI","og_type":"article","og_title":"2.4 \"4B12\" Moottori [esim. Mitsubishi Outlander]","og_description":"Yksi moottoreista, joita meill\u00e4 on usein saatavilla. L\u00e4het\u00e4 kysely ja saat tarjouksen 24 tunnin sis\u00e4ll\u00e4. Moottorit, vaihteistot ja muut auton osat takuulla.","og_url":"https:\/\/autopartscenter24.com\/fi\/auton-varaosat\/2-4-4b12-moottori-mitsubishi-outlander\/","og_site_name":"Autopartscenter24","article_modified_time":"2023-03-10T18:35:41+00:00","og_image":[{"width":800,"height":600,"url":"https:\/\/autopartscenter24.com\/wp-content\/uploads\/2023\/03\/2-4-4b12-moottori-mitsubishi-outlander.webp","type":"image\/webp"}],"twitter_card":"summary_large_image","twitter_misc":{"Arvioitu lukuaika":"1 minuutti"},"schema":{"@context":"https:\/\/schema.org","@graph":[{"@type":"WebPage","@id":"https:\/\/autopartscenter24.com\/auton-varaosat\/2-4-4b12-moottori-mitsubishi-outlander\/","url":"https:\/\/autopartscenter24.com\/auton-varaosat\/2-4-4b12-moottori-mitsubishi-outlander\/","name":"2.4 \"4B12\" Moottori [esim. Mitsubishi Outlander]","isPartOf":{"@id":"https:\/\/autopartscenter24.com\/#website"},"primaryImageOfPage":{"@id":"https:\/\/autopartscenter24.com\/auton-varaosat\/2-4-4b12-moottori-mitsubishi-outlander\/#primaryimage"},"image":{"@id":"https:\/\/autopartscenter24.com\/auton-varaosat\/2-4-4b12-moottori-mitsubishi-outlander\/#primaryimage"},"thumbnailUrl":"https:\/\/autopartscenter24.com\/wp-content\/uploads\/2023\/03\/2-4-4b12-moottori-mitsubishi-outlander.webp","datePublished":"2023-03-05T16:08:39+00:00","dateModified":"2023-03-10T18:35:41+00:00","description":"Yksi moottoreista, joita meill\u00e4 on usein saatavilla. L\u00e4het\u00e4 kysely ja saat tarjouksen 24 tunnin sis\u00e4ll\u00e4. Moottorit, vaihteistot ja muut auton osat takuulla.","breadcrumb":{"@id":"https:\/\/autopartscenter24.com\/auton-varaosat\/2-4-4b12-moottori-mitsubishi-outlander\/#breadcrumb"},"inLanguage":"fi","potentialAction":[{"@type":"ReadAction","target":["https:\/\/autopartscenter24.com\/auton-varaosat\/2-4-4b12-moottori-mitsubishi-outlander\/"]}]},{"@type":"ImageObject","inLanguage":"fi","@id":"https:\/\/autopartscenter24.com\/auton-varaosat\/2-4-4b12-moottori-mitsubishi-outlander\/#primaryimage","url":"https:\/\/autopartscenter24.com\/wp-content\/uploads\/2023\/03\/2-4-4b12-moottori-mitsubishi-outlander.webp","contentUrl":"https:\/\/autopartscenter24.com\/wp-content\/uploads\/2023\/03\/2-4-4b12-moottori-mitsubishi-outlander.webp","width":800,"height":600},{"@type":"BreadcrumbList","@id":"https:\/\/autopartscenter24.com\/auton-varaosat\/2-4-4b12-moottori-mitsubishi-outlander\/#breadcrumb","itemListElement":[{"@type":"ListItem","position":1,"name":"Etusivu","item":"https:\/\/aliceblue-termite-662564.hostingersite.com\/"},{"@type":"ListItem","position":2,"name":"Auton varaosat","item":"https:\/\/aliceblue-termite-662564.hostingersite.com\/auton-varaosat\/"},{"@type":"ListItem","position":3,"name":"2.4 &#8221;4B12&#8221; Moottori [esim. Mitsubishi Outlander]"}]},{"@type":"WebSite","@id":"https:\/\/autopartscenter24.com\/#website","url":"https:\/\/autopartscenter24.com\/","name":"Autopartscenter24","description":"K\u00c4YTETYT JA KUNNOSTETUT  AUTON VARAOSAT","potentialAction":[{"@type":"SearchAction","target":{"@type":"EntryPoint","urlTemplate":"https:\/\/autopartscenter24.com\/?s={search_term_string}"},"query-input":{"@type":"PropertyValueSpecification","valueRequired":true,"valueName":"search_term_string"}}],"inLanguage":"fi"}]}},"_links":{"self":[{"href":"https:\/\/autopartscenter24.com\/fi\/wp-json\/wp\/v2\/product\/3845","targetHints":{"allow":["GET"]}}],"collection":[{"href":"https:\/\/autopartscenter24.com\/fi\/wp-json\/wp\/v2\/product"}],"about":[{"href":"https:\/\/autopartscenter24.com\/fi\/wp-json\/wp\/v2\/types\/product"}],"wp:featuredmedia":[{"embeddable":true,"href":"https:\/\/autopartscenter24.com\/fi\/wp-json\/wp\/v2\/media\/4517"}],"wp:attachment":[{"href":"https:\/\/autopartscenter24.com\/fi\/wp-json\/wp\/v2\/media?parent=3845"}],"wp:term":[{"taxonomy":"product_brand","embeddable":true,"href":"https:\/\/autopartscenter24.com\/fi\/wp-json\/wp\/v2\/product_brand?post=3845"},{"taxonomy":"product_cat","embeddable":true,"href":"https:\/\/autopartscenter24.com\/fi\/wp-json\/wp\/v2\/product_cat?post=3845"},{"taxonomy":"product_tag","embeddable":true,"href":"https:\/\/autopartscenter24.com\/fi\/wp-json\/wp\/v2\/product_tag?post=3845"}],"curies":[{"name":"wp","href":"https:\/\/api.w.org\/{rel}","templated":true}]}}