{"id":3839,"date":"2023-03-05T16:52:06","date_gmt":"2023-03-05T15:52:06","guid":{"rendered":"https:\/\/autopartscenter24.com\/?post_type=product&#038;p=3839"},"modified":"2023-03-10T19:35:29","modified_gmt":"2023-03-10T18:35:29","slug":"2-2-cdi-646821-moottori-mercedes-e-w211","status":"publish","type":"product","link":"https:\/\/autopartscenter24.com\/fi\/auton-varaosat\/2-2-cdi-646821-moottori-mercedes-e-w211\/","title":{"rendered":"2.2 CDI &#8221;646821&#8221; Moottori [esim. E-Class W211, C-Class]"},"content":{"rendered":"<div class=\"w-full border-b border-black\/10 dark:border-gray-900\/50 text-gray-800 dark:text-gray-100 group bg-gray-50 dark:bg-[#444654]\">\n<div class=\"text-base gap-4 md:gap-6 m-auto md:max-w-2xl lg:max-w-2xl xl:max-w-3xl p-4 md:py-6 flex lg:px-0\">\n<div class=\"relative flex w-[calc(100%-50px)] flex-col gap-1 md:gap-3 lg:w-[calc(100%-115px)]\">\n<div class=\"flex flex-grow flex-col gap-3\">\n<div class=\"min-h-[20px] flex flex-col items-start gap-4 whitespace-pre-wrap\">\n<div class=\"markdown prose w-full break-words dark:prose-invert light\">\n<p><strong>Mercedes-Benz 2.2 CDI (moottorikoodi: 646821)<\/strong> on suorituskykyinen dieselmoottori, joka on suunniteltu keskikokoisiin ja suuriin autoihin. Se on nelisylinterinen moottori, jonka sylinterin tilavuus on 2,2 litraa. Moottorin suunnittelussa on k\u00e4ytetty edistyksellisi\u00e4 tekniikoita, kuten yhteispaineruiskutusta ja monivaiheista turbolatausta, mik\u00e4 mahdollistaa paremman polttoainetehokkuuden ja v\u00e4hemm\u00e4n p\u00e4\u00e4st\u00f6j\u00e4.<\/p>\n<p>646821-moottorin huipputeho on 170 hevosvoimaa ja maksimiv\u00e4\u00e4nt\u00f6momentti 400 Nm. Moottori on eritt\u00e4in v\u00e4\u00e4nt\u00f6momenttinen, mik\u00e4 mahdollistaa nopean kiihtyvyyden ja hyv\u00e4n ajettavuuden. Se on my\u00f6s hiljainen ja t\u00e4rin\u00e4t\u00f6n k\u00e4ynti\u00e4\u00e4nelt\u00e4\u00e4n.<\/p>\n<p>Moottorin rakenne on kest\u00e4v\u00e4 ja luotettava. Kiertokanget on suunniteltu erityisesti kest\u00e4m\u00e4\u00e4n suuret v\u00e4\u00e4nt\u00f6momentit, ja moottorin sylinterikannet on valmistettu kest\u00e4v\u00e4st\u00e4 valuraudasta. Moottorin \u00f6ljyj\u00e4rjestelm\u00e4 on suunniteltu takaamaan moottorin pitk\u00e4 k\u00e4ytt\u00f6ik\u00e4 ja minimoimaan huoltotarpeet.<\/p>\n<p>Moottori on saanut positiivista palautetta sen suorituskyvyst\u00e4, taloudellisuudesta ja kest\u00e4vyydest\u00e4. Se on eritt\u00e4in suosittu moottorivaihtoehto Mercedes-Benzin dieselautoissa, ja sit\u00e4 arvostetaan sen yhdistelm\u00e4n\u00e4 tehokkuutta ja luotettavuutta.<\/p>\n<\/div>\n<\/div>\n<\/div>\n<div class=\"flex justify-between\">\n<div class=\"text-gray-400 flex self-end lg:self-center justify-center mt-2 gap-3 md:gap-4 lg:gap-1 lg:absolute lg:top-0 lg:translate-x-full lg:right-0 lg:mt-0 lg:pl-2 visible\"><\/div>\n<\/div>\n<\/div>\n<\/div>\n<\/div>\n","protected":false},"excerpt":{"rendered":"<p>Mercedes-Benz on k\u00e4ytt\u00e4nyt 646821-moottoria useissa automalleissaan eri vuosina. Alla on lista joistakin malleista, joissa moottoria on k\u00e4ytetty:<\/p>\n<ul>\n<li>Mercedes-Benz C220 CDI (2007-2014)<\/li>\n<li>Mercedes-Benz E220 CDI (2006-2009)<\/li>\n<li>Mercedes-Benz GLK220 CDI (2008-2012)<\/li>\n<li>Mercedes-Benz CLK220 CDI (2005-2009)<\/li>\n<li>Mercedes-Benz ML220 CDI (2005-2010)<\/li>\n<\/ul>\n","protected":false},"featured_media":4512,"template":"","meta":[],"product_brand":[],"product_cat":[307],"product_tag":[442,441,443],"class_list":{"0":"post-3839","1":"product","2":"type-product","3":"status-publish","4":"has-post-thumbnail","6":"product_cat-mercedes-benz","7":"product_tag-c-class","8":"product_tag-e-class","9":"product_tag-w211","10":"pa_varaosan-osasto-moottori","13":"first","14":"instock","15":"shipping-taxable","16":"product-type-simple"},"yoast_head":"<!-- This site is optimized with the Yoast SEO plugin v26.8 - https:\/\/yoast.com\/product\/yoast-seo-wordpress\/ -->\n<title>2.2 CDI &quot;646821&quot; Moottori [esim. E-Class W211, C-Class]<\/title>\n<meta name=\"description\" content=\"Yksi moottoreista, joita meill\u00e4 on usein saatavilla. L\u00e4het\u00e4 kysely ja saat tarjouksen 24 tunnin sis\u00e4ll\u00e4. Moottorit, vaihteistot ja muut auton osat takuulla.\" \/>\n<meta name=\"robots\" content=\"index, follow, max-snippet:-1, max-image-preview:large, max-video-preview:-1\" \/>\n<link rel=\"canonical\" href=\"https:\/\/autopartscenter24.com\/fi\/auton-varaosat\/2-2-cdi-646821-moottori-mercedes-e-w211\/\" \/>\n<meta property=\"og:locale\" content=\"fi_FI\" \/>\n<meta property=\"og:type\" content=\"article\" \/>\n<meta property=\"og:title\" content=\"2.2 CDI &quot;646821&quot; Moottori [esim. E-Class W211, C-Class]\" \/>\n<meta property=\"og:description\" content=\"Yksi moottoreista, joita meill\u00e4 on usein saatavilla. L\u00e4het\u00e4 kysely ja saat tarjouksen 24 tunnin sis\u00e4ll\u00e4. Moottorit, vaihteistot ja muut auton osat takuulla.\" \/>\n<meta property=\"og:url\" content=\"https:\/\/autopartscenter24.com\/fi\/auton-varaosat\/2-2-cdi-646821-moottori-mercedes-e-w211\/\" \/>\n<meta property=\"og:site_name\" content=\"Autopartscenter24\" \/>\n<meta property=\"article:modified_time\" content=\"2023-03-10T18:35:29+00:00\" \/>\n<meta property=\"og:image\" content=\"https:\/\/autopartscenter24.com\/wp-content\/uploads\/2023\/03\/2-2-cdi-646821-moottori-mercedes-e-w211.webp\" \/>\n\t<meta property=\"og:image:width\" content=\"800\" \/>\n\t<meta property=\"og:image:height\" content=\"600\" \/>\n\t<meta property=\"og:image:type\" content=\"image\/webp\" \/>\n<meta name=\"twitter:card\" content=\"summary_large_image\" \/>\n<meta name=\"twitter:label1\" content=\"Arvioitu lukuaika\" \/>\n\t<meta name=\"twitter:data1\" content=\"1 minuutti\" \/>\n<script type=\"application\/ld+json\" class=\"yoast-schema-graph\">{\"@context\":\"https:\/\/schema.org\",\"@graph\":[{\"@type\":\"WebPage\",\"@id\":\"https:\/\/autopartscenter24.com\/auton-varaosat\/2-2-cdi-646821-moottori-mercedes-e-w211\/\",\"url\":\"https:\/\/autopartscenter24.com\/auton-varaosat\/2-2-cdi-646821-moottori-mercedes-e-w211\/\",\"name\":\"2.2 CDI \\\"646821\\\" Moottori [esim. E-Class W211, C-Class]\",\"isPartOf\":{\"@id\":\"https:\/\/autopartscenter24.com\/#website\"},\"primaryImageOfPage\":{\"@id\":\"https:\/\/autopartscenter24.com\/auton-varaosat\/2-2-cdi-646821-moottori-mercedes-e-w211\/#primaryimage\"},\"image\":{\"@id\":\"https:\/\/autopartscenter24.com\/auton-varaosat\/2-2-cdi-646821-moottori-mercedes-e-w211\/#primaryimage\"},\"thumbnailUrl\":\"https:\/\/autopartscenter24.com\/wp-content\/uploads\/2023\/03\/2-2-cdi-646821-moottori-mercedes-e-w211.webp\",\"datePublished\":\"2023-03-05T15:52:06+00:00\",\"dateModified\":\"2023-03-10T18:35:29+00:00\",\"description\":\"Yksi moottoreista, joita meill\u00e4 on usein saatavilla. L\u00e4het\u00e4 kysely ja saat tarjouksen 24 tunnin sis\u00e4ll\u00e4. Moottorit, vaihteistot ja muut auton osat takuulla.\",\"breadcrumb\":{\"@id\":\"https:\/\/autopartscenter24.com\/auton-varaosat\/2-2-cdi-646821-moottori-mercedes-e-w211\/#breadcrumb\"},\"inLanguage\":\"fi\",\"potentialAction\":[{\"@type\":\"ReadAction\",\"target\":[\"https:\/\/autopartscenter24.com\/auton-varaosat\/2-2-cdi-646821-moottori-mercedes-e-w211\/\"]}]},{\"@type\":\"ImageObject\",\"inLanguage\":\"fi\",\"@id\":\"https:\/\/autopartscenter24.com\/auton-varaosat\/2-2-cdi-646821-moottori-mercedes-e-w211\/#primaryimage\",\"url\":\"https:\/\/autopartscenter24.com\/wp-content\/uploads\/2023\/03\/2-2-cdi-646821-moottori-mercedes-e-w211.webp\",\"contentUrl\":\"https:\/\/autopartscenter24.com\/wp-content\/uploads\/2023\/03\/2-2-cdi-646821-moottori-mercedes-e-w211.webp\",\"width\":800,\"height\":600},{\"@type\":\"BreadcrumbList\",\"@id\":\"https:\/\/autopartscenter24.com\/auton-varaosat\/2-2-cdi-646821-moottori-mercedes-e-w211\/#breadcrumb\",\"itemListElement\":[{\"@type\":\"ListItem\",\"position\":1,\"name\":\"Etusivu\",\"item\":\"https:\/\/aliceblue-termite-662564.hostingersite.com\/\"},{\"@type\":\"ListItem\",\"position\":2,\"name\":\"Auton varaosat\",\"item\":\"https:\/\/aliceblue-termite-662564.hostingersite.com\/auton-varaosat\/\"},{\"@type\":\"ListItem\",\"position\":3,\"name\":\"2.2 CDI &#8221;646821&#8221; Moottori [esim. E-Class W211, C-Class]\"}]},{\"@type\":\"WebSite\",\"@id\":\"https:\/\/autopartscenter24.com\/#website\",\"url\":\"https:\/\/autopartscenter24.com\/\",\"name\":\"Autopartscenter24\",\"description\":\"K\u00c4YTETYT JA KUNNOSTETUT  AUTON VARAOSAT\",\"potentialAction\":[{\"@type\":\"SearchAction\",\"target\":{\"@type\":\"EntryPoint\",\"urlTemplate\":\"https:\/\/autopartscenter24.com\/?s={search_term_string}\"},\"query-input\":{\"@type\":\"PropertyValueSpecification\",\"valueRequired\":true,\"valueName\":\"search_term_string\"}}],\"inLanguage\":\"fi\"}]}<\/script>\n<!-- \/ Yoast SEO plugin. -->","yoast_head_json":{"title":"2.2 CDI \"646821\" Moottori [esim. E-Class W211, C-Class]","description":"Yksi moottoreista, joita meill\u00e4 on usein saatavilla. L\u00e4het\u00e4 kysely ja saat tarjouksen 24 tunnin sis\u00e4ll\u00e4. Moottorit, vaihteistot ja muut auton osat takuulla.","robots":{"index":"index","follow":"follow","max-snippet":"max-snippet:-1","max-image-preview":"max-image-preview:large","max-video-preview":"max-video-preview:-1"},"canonical":"https:\/\/autopartscenter24.com\/fi\/auton-varaosat\/2-2-cdi-646821-moottori-mercedes-e-w211\/","og_locale":"fi_FI","og_type":"article","og_title":"2.2 CDI \"646821\" Moottori [esim. E-Class W211, C-Class]","og_description":"Yksi moottoreista, joita meill\u00e4 on usein saatavilla. L\u00e4het\u00e4 kysely ja saat tarjouksen 24 tunnin sis\u00e4ll\u00e4. Moottorit, vaihteistot ja muut auton osat takuulla.","og_url":"https:\/\/autopartscenter24.com\/fi\/auton-varaosat\/2-2-cdi-646821-moottori-mercedes-e-w211\/","og_site_name":"Autopartscenter24","article_modified_time":"2023-03-10T18:35:29+00:00","og_image":[{"width":800,"height":600,"url":"https:\/\/autopartscenter24.com\/wp-content\/uploads\/2023\/03\/2-2-cdi-646821-moottori-mercedes-e-w211.webp","type":"image\/webp"}],"twitter_card":"summary_large_image","twitter_misc":{"Arvioitu lukuaika":"1 minuutti"},"schema":{"@context":"https:\/\/schema.org","@graph":[{"@type":"WebPage","@id":"https:\/\/autopartscenter24.com\/auton-varaosat\/2-2-cdi-646821-moottori-mercedes-e-w211\/","url":"https:\/\/autopartscenter24.com\/auton-varaosat\/2-2-cdi-646821-moottori-mercedes-e-w211\/","name":"2.2 CDI \"646821\" Moottori [esim. E-Class W211, C-Class]","isPartOf":{"@id":"https:\/\/autopartscenter24.com\/#website"},"primaryImageOfPage":{"@id":"https:\/\/autopartscenter24.com\/auton-varaosat\/2-2-cdi-646821-moottori-mercedes-e-w211\/#primaryimage"},"image":{"@id":"https:\/\/autopartscenter24.com\/auton-varaosat\/2-2-cdi-646821-moottori-mercedes-e-w211\/#primaryimage"},"thumbnailUrl":"https:\/\/autopartscenter24.com\/wp-content\/uploads\/2023\/03\/2-2-cdi-646821-moottori-mercedes-e-w211.webp","datePublished":"2023-03-05T15:52:06+00:00","dateModified":"2023-03-10T18:35:29+00:00","description":"Yksi moottoreista, joita meill\u00e4 on usein saatavilla. L\u00e4het\u00e4 kysely ja saat tarjouksen 24 tunnin sis\u00e4ll\u00e4. Moottorit, vaihteistot ja muut auton osat takuulla.","breadcrumb":{"@id":"https:\/\/autopartscenter24.com\/auton-varaosat\/2-2-cdi-646821-moottori-mercedes-e-w211\/#breadcrumb"},"inLanguage":"fi","potentialAction":[{"@type":"ReadAction","target":["https:\/\/autopartscenter24.com\/auton-varaosat\/2-2-cdi-646821-moottori-mercedes-e-w211\/"]}]},{"@type":"ImageObject","inLanguage":"fi","@id":"https:\/\/autopartscenter24.com\/auton-varaosat\/2-2-cdi-646821-moottori-mercedes-e-w211\/#primaryimage","url":"https:\/\/autopartscenter24.com\/wp-content\/uploads\/2023\/03\/2-2-cdi-646821-moottori-mercedes-e-w211.webp","contentUrl":"https:\/\/autopartscenter24.com\/wp-content\/uploads\/2023\/03\/2-2-cdi-646821-moottori-mercedes-e-w211.webp","width":800,"height":600},{"@type":"BreadcrumbList","@id":"https:\/\/autopartscenter24.com\/auton-varaosat\/2-2-cdi-646821-moottori-mercedes-e-w211\/#breadcrumb","itemListElement":[{"@type":"ListItem","position":1,"name":"Etusivu","item":"https:\/\/aliceblue-termite-662564.hostingersite.com\/"},{"@type":"ListItem","position":2,"name":"Auton varaosat","item":"https:\/\/aliceblue-termite-662564.hostingersite.com\/auton-varaosat\/"},{"@type":"ListItem","position":3,"name":"2.2 CDI &#8221;646821&#8221; Moottori [esim. E-Class W211, C-Class]"}]},{"@type":"WebSite","@id":"https:\/\/autopartscenter24.com\/#website","url":"https:\/\/autopartscenter24.com\/","name":"Autopartscenter24","description":"K\u00c4YTETYT JA KUNNOSTETUT  AUTON VARAOSAT","potentialAction":[{"@type":"SearchAction","target":{"@type":"EntryPoint","urlTemplate":"https:\/\/autopartscenter24.com\/?s={search_term_string}"},"query-input":{"@type":"PropertyValueSpecification","valueRequired":true,"valueName":"search_term_string"}}],"inLanguage":"fi"}]}},"_links":{"self":[{"href":"https:\/\/autopartscenter24.com\/fi\/wp-json\/wp\/v2\/product\/3839","targetHints":{"allow":["GET"]}}],"collection":[{"href":"https:\/\/autopartscenter24.com\/fi\/wp-json\/wp\/v2\/product"}],"about":[{"href":"https:\/\/autopartscenter24.com\/fi\/wp-json\/wp\/v2\/types\/product"}],"wp:featuredmedia":[{"embeddable":true,"href":"https:\/\/autopartscenter24.com\/fi\/wp-json\/wp\/v2\/media\/4512"}],"wp:attachment":[{"href":"https:\/\/autopartscenter24.com\/fi\/wp-json\/wp\/v2\/media?parent=3839"}],"wp:term":[{"taxonomy":"product_brand","embeddable":true,"href":"https:\/\/autopartscenter24.com\/fi\/wp-json\/wp\/v2\/product_brand?post=3839"},{"taxonomy":"product_cat","embeddable":true,"href":"https:\/\/autopartscenter24.com\/fi\/wp-json\/wp\/v2\/product_cat?post=3839"},{"taxonomy":"product_tag","embeddable":true,"href":"https:\/\/autopartscenter24.com\/fi\/wp-json\/wp\/v2\/product_tag?post=3839"}],"curies":[{"name":"wp","href":"https:\/\/api.w.org\/{rel}","templated":true}]}}