{"id":3827,"date":"2023-03-05T16:41:38","date_gmt":"2023-03-05T15:41:38","guid":{"rendered":"https:\/\/autopartscenter24.com\/?post_type=product&#038;p=3827"},"modified":"2023-03-10T19:34:51","modified_gmt":"2023-03-10T18:34:51","slug":"2-0-hdi-rhr-moottori-citroen-c5-peugeot-308","status":"publish","type":"product","link":"https:\/\/autopartscenter24.com\/fi\/auton-varaosat\/2-0-hdi-rhr-moottori-citroen-c5-peugeot-308\/","title":{"rendered":"2.0 HDI &#8221;RHR&#8221; Moottori [esim. Citroen C5, Peugeot 308, 508, 807]"},"content":{"rendered":"<p>2.0 HDI (moottorikoodi: RHR) on eritt\u00e4in suosittu moottorivaihtoehto PSA-konsernin autoissa. T\u00e4m\u00e4 nelisylinterinen dieselmoottori k\u00e4ytt\u00e4\u00e4 yhteispaineruiskutusta ja on varustettu hiukkassuodattimella. RHR-moottorin iskutilavuus on 1997 cm\u00b3 ja se tuottaa tehoa 136 hevosvoimaa ja v\u00e4\u00e4nt\u00f6momenttia 320 Nm.<\/p>\n<p>Moottori on rakennettu kest\u00e4m\u00e4\u00e4n ja tarjoaa erinomaisen suorituskyvyn sek\u00e4 hyv\u00e4n polttoainetalouden. Moottorin suunnittelussa on kiinnitetty huomiota my\u00f6s p\u00e4\u00e4st\u00f6jen v\u00e4hent\u00e4miseen. Se t\u00e4ytt\u00e4\u00e4 Euro 5 -p\u00e4\u00e4st\u00f6normit, mik\u00e4 tekee siit\u00e4 ymp\u00e4rist\u00f6yst\u00e4v\u00e4llisen vaihtoehdon.<\/p>\n<p>RHR-moottori on osoittautunut luotettavaksi ja kest\u00e4v\u00e4ksi vaihtoehdoksi PSA-konsernin autoissa. Se tarjoaa erinomaisen yhdistelm\u00e4n suorituskyky\u00e4 ja polttoainetaloutta, mik\u00e4 tekee siit\u00e4 houkuttelevan valinnan kuljettajille, jotka etsiv\u00e4t taloudellista ja tehokasta dieselmoottoria.<\/p>\n","protected":false},"excerpt":{"rendered":"<p>2.0 HDI (moottorikoodi: RHR) on ollut k\u00e4yt\u00f6ss\u00e4 monissa PSA-konsernin autoissa. Seuraavassa on joitakin auton merkkej\u00e4 ja malleja, joissa t\u00e4t\u00e4 moottoria on k\u00e4ytetty:<\/p>\n<ul>\n<li>Citro\u00ebn C5 (2007-2017)<\/li>\n<li>Citro\u00ebn C8 (2007-2014)<\/li>\n<li>Peugeot 407 (2006-2010)<\/li>\n<li>Peugeot 508 (2011-2018)<\/li>\n<li>Peugeot 807 (2007-2014)<\/li>\n<\/ul>\n","protected":false},"featured_media":4502,"template":"","meta":[],"product_brand":[],"product_cat":[316,315],"product_tag":[333,364,404,366,339],"class_list":{"0":"post-3827","1":"product","2":"type-product","3":"status-publish","4":"has-post-thumbnail","6":"product_cat-citroen","7":"product_cat-peugeot","8":"product_tag-333","9":"product_tag-364","10":"product_tag-404","11":"product_tag-366","12":"product_tag-c5","13":"pa_varaosan-osasto-moottori","16":"first","17":"instock","18":"shipping-taxable","19":"product-type-simple"},"yoast_head":"<!-- This site is optimized with the Yoast SEO plugin v26.8 - https:\/\/yoast.com\/product\/yoast-seo-wordpress\/ -->\n<title>2.0 HDI &quot;RHR&quot; Moottori [esim. Citroen C5, Peugeot 308, 508, 807]<\/title>\n<meta name=\"description\" content=\"Yksi moottoreista, joita meill\u00e4 on usein saatavilla. L\u00e4het\u00e4 kysely ja saat tarjouksen 24 tunnin sis\u00e4ll\u00e4. Moottorit, vaihteistot ja muut auton osat takuulla.\" \/>\n<meta name=\"robots\" content=\"index, follow, max-snippet:-1, max-image-preview:large, max-video-preview:-1\" \/>\n<link rel=\"canonical\" href=\"https:\/\/autopartscenter24.com\/fi\/auton-varaosat\/2-0-hdi-rhr-moottori-citroen-c5-peugeot-308\/\" \/>\n<meta property=\"og:locale\" content=\"fi_FI\" \/>\n<meta property=\"og:type\" content=\"article\" \/>\n<meta property=\"og:title\" content=\"2.0 HDI &quot;RHR&quot; Moottori [esim. Citroen C5, Peugeot 308, 508, 807]\" \/>\n<meta property=\"og:description\" content=\"Yksi moottoreista, joita meill\u00e4 on usein saatavilla. L\u00e4het\u00e4 kysely ja saat tarjouksen 24 tunnin sis\u00e4ll\u00e4. Moottorit, vaihteistot ja muut auton osat takuulla.\" \/>\n<meta property=\"og:url\" content=\"https:\/\/autopartscenter24.com\/fi\/auton-varaosat\/2-0-hdi-rhr-moottori-citroen-c5-peugeot-308\/\" \/>\n<meta property=\"og:site_name\" content=\"Autopartscenter24\" \/>\n<meta property=\"article:modified_time\" content=\"2023-03-10T18:34:51+00:00\" \/>\n<meta property=\"og:image\" content=\"https:\/\/autopartscenter24.com\/wp-content\/uploads\/2023\/03\/2-0-hdi-RHR-moottori-citroen-c5-peugeot-308.webp\" \/>\n\t<meta property=\"og:image:width\" content=\"800\" \/>\n\t<meta property=\"og:image:height\" content=\"600\" \/>\n\t<meta property=\"og:image:type\" content=\"image\/webp\" \/>\n<meta name=\"twitter:card\" content=\"summary_large_image\" \/>\n<meta name=\"twitter:label1\" content=\"Arvioitu lukuaika\" \/>\n\t<meta name=\"twitter:data1\" content=\"1 minuutti\" \/>\n<script type=\"application\/ld+json\" class=\"yoast-schema-graph\">{\"@context\":\"https:\/\/schema.org\",\"@graph\":[{\"@type\":\"WebPage\",\"@id\":\"https:\/\/autopartscenter24.com\/auton-varaosat\/2-0-hdi-rhr-moottori-citroen-c5-peugeot-308\/\",\"url\":\"https:\/\/autopartscenter24.com\/auton-varaosat\/2-0-hdi-rhr-moottori-citroen-c5-peugeot-308\/\",\"name\":\"2.0 HDI \\\"RHR\\\" Moottori [esim. Citroen C5, Peugeot 308, 508, 807]\",\"isPartOf\":{\"@id\":\"https:\/\/autopartscenter24.com\/#website\"},\"primaryImageOfPage\":{\"@id\":\"https:\/\/autopartscenter24.com\/auton-varaosat\/2-0-hdi-rhr-moottori-citroen-c5-peugeot-308\/#primaryimage\"},\"image\":{\"@id\":\"https:\/\/autopartscenter24.com\/auton-varaosat\/2-0-hdi-rhr-moottori-citroen-c5-peugeot-308\/#primaryimage\"},\"thumbnailUrl\":\"https:\/\/autopartscenter24.com\/wp-content\/uploads\/2023\/03\/2-0-hdi-RHR-moottori-citroen-c5-peugeot-308.webp\",\"datePublished\":\"2023-03-05T15:41:38+00:00\",\"dateModified\":\"2023-03-10T18:34:51+00:00\",\"description\":\"Yksi moottoreista, joita meill\u00e4 on usein saatavilla. L\u00e4het\u00e4 kysely ja saat tarjouksen 24 tunnin sis\u00e4ll\u00e4. Moottorit, vaihteistot ja muut auton osat takuulla.\",\"breadcrumb\":{\"@id\":\"https:\/\/autopartscenter24.com\/auton-varaosat\/2-0-hdi-rhr-moottori-citroen-c5-peugeot-308\/#breadcrumb\"},\"inLanguage\":\"fi\",\"potentialAction\":[{\"@type\":\"ReadAction\",\"target\":[\"https:\/\/autopartscenter24.com\/auton-varaosat\/2-0-hdi-rhr-moottori-citroen-c5-peugeot-308\/\"]}]},{\"@type\":\"ImageObject\",\"inLanguage\":\"fi\",\"@id\":\"https:\/\/autopartscenter24.com\/auton-varaosat\/2-0-hdi-rhr-moottori-citroen-c5-peugeot-308\/#primaryimage\",\"url\":\"https:\/\/autopartscenter24.com\/wp-content\/uploads\/2023\/03\/2-0-hdi-RHR-moottori-citroen-c5-peugeot-308.webp\",\"contentUrl\":\"https:\/\/autopartscenter24.com\/wp-content\/uploads\/2023\/03\/2-0-hdi-RHR-moottori-citroen-c5-peugeot-308.webp\",\"width\":800,\"height\":600},{\"@type\":\"BreadcrumbList\",\"@id\":\"https:\/\/autopartscenter24.com\/auton-varaosat\/2-0-hdi-rhr-moottori-citroen-c5-peugeot-308\/#breadcrumb\",\"itemListElement\":[{\"@type\":\"ListItem\",\"position\":1,\"name\":\"Etusivu\",\"item\":\"https:\/\/aliceblue-termite-662564.hostingersite.com\/\"},{\"@type\":\"ListItem\",\"position\":2,\"name\":\"Auton varaosat\",\"item\":\"https:\/\/aliceblue-termite-662564.hostingersite.com\/auton-varaosat\/\"},{\"@type\":\"ListItem\",\"position\":3,\"name\":\"2.0 HDI &#8221;RHR&#8221; Moottori [esim. Citroen C5, Peugeot 308, 508, 807]\"}]},{\"@type\":\"WebSite\",\"@id\":\"https:\/\/autopartscenter24.com\/#website\",\"url\":\"https:\/\/autopartscenter24.com\/\",\"name\":\"Autopartscenter24\",\"description\":\"K\u00c4YTETYT JA KUNNOSTETUT  AUTON VARAOSAT\",\"potentialAction\":[{\"@type\":\"SearchAction\",\"target\":{\"@type\":\"EntryPoint\",\"urlTemplate\":\"https:\/\/autopartscenter24.com\/?s={search_term_string}\"},\"query-input\":{\"@type\":\"PropertyValueSpecification\",\"valueRequired\":true,\"valueName\":\"search_term_string\"}}],\"inLanguage\":\"fi\"}]}<\/script>\n<!-- \/ Yoast SEO plugin. -->","yoast_head_json":{"title":"2.0 HDI \"RHR\" Moottori [esim. Citroen C5, Peugeot 308, 508, 807]","description":"Yksi moottoreista, joita meill\u00e4 on usein saatavilla. L\u00e4het\u00e4 kysely ja saat tarjouksen 24 tunnin sis\u00e4ll\u00e4. Moottorit, vaihteistot ja muut auton osat takuulla.","robots":{"index":"index","follow":"follow","max-snippet":"max-snippet:-1","max-image-preview":"max-image-preview:large","max-video-preview":"max-video-preview:-1"},"canonical":"https:\/\/autopartscenter24.com\/fi\/auton-varaosat\/2-0-hdi-rhr-moottori-citroen-c5-peugeot-308\/","og_locale":"fi_FI","og_type":"article","og_title":"2.0 HDI \"RHR\" Moottori [esim. Citroen C5, Peugeot 308, 508, 807]","og_description":"Yksi moottoreista, joita meill\u00e4 on usein saatavilla. L\u00e4het\u00e4 kysely ja saat tarjouksen 24 tunnin sis\u00e4ll\u00e4. Moottorit, vaihteistot ja muut auton osat takuulla.","og_url":"https:\/\/autopartscenter24.com\/fi\/auton-varaosat\/2-0-hdi-rhr-moottori-citroen-c5-peugeot-308\/","og_site_name":"Autopartscenter24","article_modified_time":"2023-03-10T18:34:51+00:00","og_image":[{"width":800,"height":600,"url":"https:\/\/autopartscenter24.com\/wp-content\/uploads\/2023\/03\/2-0-hdi-RHR-moottori-citroen-c5-peugeot-308.webp","type":"image\/webp"}],"twitter_card":"summary_large_image","twitter_misc":{"Arvioitu lukuaika":"1 minuutti"},"schema":{"@context":"https:\/\/schema.org","@graph":[{"@type":"WebPage","@id":"https:\/\/autopartscenter24.com\/auton-varaosat\/2-0-hdi-rhr-moottori-citroen-c5-peugeot-308\/","url":"https:\/\/autopartscenter24.com\/auton-varaosat\/2-0-hdi-rhr-moottori-citroen-c5-peugeot-308\/","name":"2.0 HDI \"RHR\" Moottori [esim. Citroen C5, Peugeot 308, 508, 807]","isPartOf":{"@id":"https:\/\/autopartscenter24.com\/#website"},"primaryImageOfPage":{"@id":"https:\/\/autopartscenter24.com\/auton-varaosat\/2-0-hdi-rhr-moottori-citroen-c5-peugeot-308\/#primaryimage"},"image":{"@id":"https:\/\/autopartscenter24.com\/auton-varaosat\/2-0-hdi-rhr-moottori-citroen-c5-peugeot-308\/#primaryimage"},"thumbnailUrl":"https:\/\/autopartscenter24.com\/wp-content\/uploads\/2023\/03\/2-0-hdi-RHR-moottori-citroen-c5-peugeot-308.webp","datePublished":"2023-03-05T15:41:38+00:00","dateModified":"2023-03-10T18:34:51+00:00","description":"Yksi moottoreista, joita meill\u00e4 on usein saatavilla. L\u00e4het\u00e4 kysely ja saat tarjouksen 24 tunnin sis\u00e4ll\u00e4. Moottorit, vaihteistot ja muut auton osat takuulla.","breadcrumb":{"@id":"https:\/\/autopartscenter24.com\/auton-varaosat\/2-0-hdi-rhr-moottori-citroen-c5-peugeot-308\/#breadcrumb"},"inLanguage":"fi","potentialAction":[{"@type":"ReadAction","target":["https:\/\/autopartscenter24.com\/auton-varaosat\/2-0-hdi-rhr-moottori-citroen-c5-peugeot-308\/"]}]},{"@type":"ImageObject","inLanguage":"fi","@id":"https:\/\/autopartscenter24.com\/auton-varaosat\/2-0-hdi-rhr-moottori-citroen-c5-peugeot-308\/#primaryimage","url":"https:\/\/autopartscenter24.com\/wp-content\/uploads\/2023\/03\/2-0-hdi-RHR-moottori-citroen-c5-peugeot-308.webp","contentUrl":"https:\/\/autopartscenter24.com\/wp-content\/uploads\/2023\/03\/2-0-hdi-RHR-moottori-citroen-c5-peugeot-308.webp","width":800,"height":600},{"@type":"BreadcrumbList","@id":"https:\/\/autopartscenter24.com\/auton-varaosat\/2-0-hdi-rhr-moottori-citroen-c5-peugeot-308\/#breadcrumb","itemListElement":[{"@type":"ListItem","position":1,"name":"Etusivu","item":"https:\/\/aliceblue-termite-662564.hostingersite.com\/"},{"@type":"ListItem","position":2,"name":"Auton varaosat","item":"https:\/\/aliceblue-termite-662564.hostingersite.com\/auton-varaosat\/"},{"@type":"ListItem","position":3,"name":"2.0 HDI &#8221;RHR&#8221; Moottori [esim. Citroen C5, Peugeot 308, 508, 807]"}]},{"@type":"WebSite","@id":"https:\/\/autopartscenter24.com\/#website","url":"https:\/\/autopartscenter24.com\/","name":"Autopartscenter24","description":"K\u00c4YTETYT JA KUNNOSTETUT  AUTON VARAOSAT","potentialAction":[{"@type":"SearchAction","target":{"@type":"EntryPoint","urlTemplate":"https:\/\/autopartscenter24.com\/?s={search_term_string}"},"query-input":{"@type":"PropertyValueSpecification","valueRequired":true,"valueName":"search_term_string"}}],"inLanguage":"fi"}]}},"_links":{"self":[{"href":"https:\/\/autopartscenter24.com\/fi\/wp-json\/wp\/v2\/product\/3827","targetHints":{"allow":["GET"]}}],"collection":[{"href":"https:\/\/autopartscenter24.com\/fi\/wp-json\/wp\/v2\/product"}],"about":[{"href":"https:\/\/autopartscenter24.com\/fi\/wp-json\/wp\/v2\/types\/product"}],"wp:featuredmedia":[{"embeddable":true,"href":"https:\/\/autopartscenter24.com\/fi\/wp-json\/wp\/v2\/media\/4502"}],"wp:attachment":[{"href":"https:\/\/autopartscenter24.com\/fi\/wp-json\/wp\/v2\/media?parent=3827"}],"wp:term":[{"taxonomy":"product_brand","embeddable":true,"href":"https:\/\/autopartscenter24.com\/fi\/wp-json\/wp\/v2\/product_brand?post=3827"},{"taxonomy":"product_cat","embeddable":true,"href":"https:\/\/autopartscenter24.com\/fi\/wp-json\/wp\/v2\/product_cat?post=3827"},{"taxonomy":"product_tag","embeddable":true,"href":"https:\/\/autopartscenter24.com\/fi\/wp-json\/wp\/v2\/product_tag?post=3827"}],"curies":[{"name":"wp","href":"https:\/\/api.w.org\/{rel}","templated":true}]}}