{"id":3815,"date":"2023-03-05T16:32:10","date_gmt":"2023-03-05T15:32:10","guid":{"rendered":"https:\/\/autopartscenter24.com\/?post_type=product&#038;p=3815"},"modified":"2023-11-28T18:11:59","modified_gmt":"2023-11-28T17:11:59","slug":"1-2-tsi-cyv-moottori-vw-golf-leon-fabia-polo","status":"publish","type":"product","link":"https:\/\/autopartscenter24.com\/fi\/auton-varaosat\/1-2-tsi-cyv-moottori-vw-golf-leon-fabia-polo\/","title":{"rendered":"1.2 TSI &#8221;CYV&#8221; Moottori [esim. Golf, Polo, Leon, Fabia, A1]"},"content":{"rendered":"<div id=\"cs-content\" class=\"cs-content\"><\/div>\n","protected":false},"excerpt":{"rendered":"<p>Moottorin k\u00e4ytt\u00f6kohteet:<\/p>\n<ul>\n<li>Volkswagen Golf (2007-2013)<\/li>\n<li>Volkswagen Polo (2010-2014)<\/li>\n<li>Volkswagen Beetle (2011-2018)<\/li>\n<li>Skoda Fabia (2007-2014)<\/li>\n<li>Seat Ibiza (2009-2017)<\/li>\n<li>Audi A1 (2010-2018)<\/li>\n<\/ul>\n","protected":false},"featured_media":4492,"template":"","meta":[],"product_brand":[],"product_cat":[300,309,302,301],"product_tag":[351,409,345,348,406],"class_list":{"0":"post-3815","1":"product","2":"type-product","3":"status-publish","4":"has-post-thumbnail","6":"product_cat-audi","7":"product_cat-seat","8":"product_cat-skoda","9":"product_cat-vw","10":"product_tag-a1","11":"product_tag-fabia","12":"product_tag-golf","13":"product_tag-leon","14":"product_tag-polo","15":"pa_varaosan-osasto-moottori","18":"first","19":"instock","20":"shipping-taxable","21":"product-type-simple"},"yoast_head":"<!-- This site is optimized with the Yoast SEO plugin v26.8 - https:\/\/yoast.com\/product\/yoast-seo-wordpress\/ -->\n<title>1.2 TSI &quot;CYV&quot; Moottori [esim. Golf, Polo, Leon, Fabia, A1]<\/title>\n<meta name=\"description\" content=\"Yksi moottoreista, joita meill\u00e4 on usein saatavilla. L\u00e4het\u00e4 kysely ja saat tarjouksen 24 tunnin sis\u00e4ll\u00e4. Moottorit, vaihteistot ja muut auton osat takuulla.\" \/>\n<meta name=\"robots\" content=\"index, follow, max-snippet:-1, max-image-preview:large, max-video-preview:-1\" \/>\n<link rel=\"canonical\" href=\"https:\/\/autopartscenter24.com\/fi\/auton-varaosat\/1-2-tsi-cyv-moottori-vw-golf-leon-fabia-polo\/\" \/>\n<meta property=\"og:locale\" content=\"fi_FI\" \/>\n<meta property=\"og:type\" content=\"article\" \/>\n<meta property=\"og:title\" content=\"1.2 TSI &quot;CYV&quot; Moottori [esim. Golf, Polo, Leon, Fabia, A1]\" \/>\n<meta property=\"og:description\" content=\"Yksi moottoreista, joita meill\u00e4 on usein saatavilla. L\u00e4het\u00e4 kysely ja saat tarjouksen 24 tunnin sis\u00e4ll\u00e4. Moottorit, vaihteistot ja muut auton osat takuulla.\" \/>\n<meta property=\"og:url\" content=\"https:\/\/autopartscenter24.com\/fi\/auton-varaosat\/1-2-tsi-cyv-moottori-vw-golf-leon-fabia-polo\/\" \/>\n<meta property=\"og:site_name\" content=\"Autopartscenter24\" \/>\n<meta property=\"article:modified_time\" content=\"2023-11-28T17:11:59+00:00\" \/>\n<meta property=\"og:image\" content=\"https:\/\/autopartscenter24.com\/wp-content\/uploads\/2023\/03\/1-2-tsi-CYV-moottori-vw-golf-leon.webp\" \/>\n\t<meta property=\"og:image:width\" content=\"800\" \/>\n\t<meta property=\"og:image:height\" content=\"600\" \/>\n\t<meta property=\"og:image:type\" content=\"image\/webp\" \/>\n<meta name=\"twitter:card\" content=\"summary_large_image\" \/>\n<meta name=\"twitter:label1\" content=\"Arvioitu lukuaika\" \/>\n\t<meta name=\"twitter:data1\" content=\"1 minuutti\" \/>\n<script type=\"application\/ld+json\" class=\"yoast-schema-graph\">{\"@context\":\"https:\/\/schema.org\",\"@graph\":[{\"@type\":\"WebPage\",\"@id\":\"https:\/\/autopartscenter24.com\/auton-varaosat\/1-2-tsi-cyv-moottori-vw-golf-leon-fabia-polo\/\",\"url\":\"https:\/\/autopartscenter24.com\/auton-varaosat\/1-2-tsi-cyv-moottori-vw-golf-leon-fabia-polo\/\",\"name\":\"1.2 TSI \\\"CYV\\\" Moottori [esim. Golf, Polo, Leon, Fabia, A1]\",\"isPartOf\":{\"@id\":\"https:\/\/autopartscenter24.com\/#website\"},\"primaryImageOfPage\":{\"@id\":\"https:\/\/autopartscenter24.com\/auton-varaosat\/1-2-tsi-cyv-moottori-vw-golf-leon-fabia-polo\/#primaryimage\"},\"image\":{\"@id\":\"https:\/\/autopartscenter24.com\/auton-varaosat\/1-2-tsi-cyv-moottori-vw-golf-leon-fabia-polo\/#primaryimage\"},\"thumbnailUrl\":\"https:\/\/autopartscenter24.com\/wp-content\/uploads\/2023\/03\/1-2-tsi-CYV-moottori-vw-golf-leon.webp\",\"datePublished\":\"2023-03-05T15:32:10+00:00\",\"dateModified\":\"2023-11-28T17:11:59+00:00\",\"description\":\"Yksi moottoreista, joita meill\u00e4 on usein saatavilla. L\u00e4het\u00e4 kysely ja saat tarjouksen 24 tunnin sis\u00e4ll\u00e4. Moottorit, vaihteistot ja muut auton osat takuulla.\",\"breadcrumb\":{\"@id\":\"https:\/\/autopartscenter24.com\/auton-varaosat\/1-2-tsi-cyv-moottori-vw-golf-leon-fabia-polo\/#breadcrumb\"},\"inLanguage\":\"fi\",\"potentialAction\":[{\"@type\":\"ReadAction\",\"target\":[\"https:\/\/autopartscenter24.com\/auton-varaosat\/1-2-tsi-cyv-moottori-vw-golf-leon-fabia-polo\/\"]}]},{\"@type\":\"ImageObject\",\"inLanguage\":\"fi\",\"@id\":\"https:\/\/autopartscenter24.com\/auton-varaosat\/1-2-tsi-cyv-moottori-vw-golf-leon-fabia-polo\/#primaryimage\",\"url\":\"https:\/\/autopartscenter24.com\/wp-content\/uploads\/2023\/03\/1-2-tsi-CYV-moottori-vw-golf-leon.webp\",\"contentUrl\":\"https:\/\/autopartscenter24.com\/wp-content\/uploads\/2023\/03\/1-2-tsi-CYV-moottori-vw-golf-leon.webp\",\"width\":800,\"height\":600},{\"@type\":\"BreadcrumbList\",\"@id\":\"https:\/\/autopartscenter24.com\/auton-varaosat\/1-2-tsi-cyv-moottori-vw-golf-leon-fabia-polo\/#breadcrumb\",\"itemListElement\":[{\"@type\":\"ListItem\",\"position\":1,\"name\":\"Etusivu\",\"item\":\"https:\/\/aliceblue-termite-662564.hostingersite.com\/\"},{\"@type\":\"ListItem\",\"position\":2,\"name\":\"Auton varaosat\",\"item\":\"https:\/\/aliceblue-termite-662564.hostingersite.com\/auton-varaosat\/\"},{\"@type\":\"ListItem\",\"position\":3,\"name\":\"1.2 TSI &#8221;CYV&#8221; Moottori [esim. Golf, Polo, Leon, Fabia, A1]\"}]},{\"@type\":\"WebSite\",\"@id\":\"https:\/\/autopartscenter24.com\/#website\",\"url\":\"https:\/\/autopartscenter24.com\/\",\"name\":\"Autopartscenter24\",\"description\":\"K\u00c4YTETYT JA KUNNOSTETUT  AUTON VARAOSAT\",\"potentialAction\":[{\"@type\":\"SearchAction\",\"target\":{\"@type\":\"EntryPoint\",\"urlTemplate\":\"https:\/\/autopartscenter24.com\/?s={search_term_string}\"},\"query-input\":{\"@type\":\"PropertyValueSpecification\",\"valueRequired\":true,\"valueName\":\"search_term_string\"}}],\"inLanguage\":\"fi\"}]}<\/script>\n<!-- \/ Yoast SEO plugin. -->","yoast_head_json":{"title":"1.2 TSI \"CYV\" Moottori [esim. Golf, Polo, Leon, Fabia, A1]","description":"Yksi moottoreista, joita meill\u00e4 on usein saatavilla. L\u00e4het\u00e4 kysely ja saat tarjouksen 24 tunnin sis\u00e4ll\u00e4. Moottorit, vaihteistot ja muut auton osat takuulla.","robots":{"index":"index","follow":"follow","max-snippet":"max-snippet:-1","max-image-preview":"max-image-preview:large","max-video-preview":"max-video-preview:-1"},"canonical":"https:\/\/autopartscenter24.com\/fi\/auton-varaosat\/1-2-tsi-cyv-moottori-vw-golf-leon-fabia-polo\/","og_locale":"fi_FI","og_type":"article","og_title":"1.2 TSI \"CYV\" Moottori [esim. Golf, Polo, Leon, Fabia, A1]","og_description":"Yksi moottoreista, joita meill\u00e4 on usein saatavilla. L\u00e4het\u00e4 kysely ja saat tarjouksen 24 tunnin sis\u00e4ll\u00e4. Moottorit, vaihteistot ja muut auton osat takuulla.","og_url":"https:\/\/autopartscenter24.com\/fi\/auton-varaosat\/1-2-tsi-cyv-moottori-vw-golf-leon-fabia-polo\/","og_site_name":"Autopartscenter24","article_modified_time":"2023-11-28T17:11:59+00:00","og_image":[{"width":800,"height":600,"url":"https:\/\/autopartscenter24.com\/wp-content\/uploads\/2023\/03\/1-2-tsi-CYV-moottori-vw-golf-leon.webp","type":"image\/webp"}],"twitter_card":"summary_large_image","twitter_misc":{"Arvioitu lukuaika":"1 minuutti"},"schema":{"@context":"https:\/\/schema.org","@graph":[{"@type":"WebPage","@id":"https:\/\/autopartscenter24.com\/auton-varaosat\/1-2-tsi-cyv-moottori-vw-golf-leon-fabia-polo\/","url":"https:\/\/autopartscenter24.com\/auton-varaosat\/1-2-tsi-cyv-moottori-vw-golf-leon-fabia-polo\/","name":"1.2 TSI \"CYV\" Moottori [esim. Golf, Polo, Leon, Fabia, A1]","isPartOf":{"@id":"https:\/\/autopartscenter24.com\/#website"},"primaryImageOfPage":{"@id":"https:\/\/autopartscenter24.com\/auton-varaosat\/1-2-tsi-cyv-moottori-vw-golf-leon-fabia-polo\/#primaryimage"},"image":{"@id":"https:\/\/autopartscenter24.com\/auton-varaosat\/1-2-tsi-cyv-moottori-vw-golf-leon-fabia-polo\/#primaryimage"},"thumbnailUrl":"https:\/\/autopartscenter24.com\/wp-content\/uploads\/2023\/03\/1-2-tsi-CYV-moottori-vw-golf-leon.webp","datePublished":"2023-03-05T15:32:10+00:00","dateModified":"2023-11-28T17:11:59+00:00","description":"Yksi moottoreista, joita meill\u00e4 on usein saatavilla. L\u00e4het\u00e4 kysely ja saat tarjouksen 24 tunnin sis\u00e4ll\u00e4. Moottorit, vaihteistot ja muut auton osat takuulla.","breadcrumb":{"@id":"https:\/\/autopartscenter24.com\/auton-varaosat\/1-2-tsi-cyv-moottori-vw-golf-leon-fabia-polo\/#breadcrumb"},"inLanguage":"fi","potentialAction":[{"@type":"ReadAction","target":["https:\/\/autopartscenter24.com\/auton-varaosat\/1-2-tsi-cyv-moottori-vw-golf-leon-fabia-polo\/"]}]},{"@type":"ImageObject","inLanguage":"fi","@id":"https:\/\/autopartscenter24.com\/auton-varaosat\/1-2-tsi-cyv-moottori-vw-golf-leon-fabia-polo\/#primaryimage","url":"https:\/\/autopartscenter24.com\/wp-content\/uploads\/2023\/03\/1-2-tsi-CYV-moottori-vw-golf-leon.webp","contentUrl":"https:\/\/autopartscenter24.com\/wp-content\/uploads\/2023\/03\/1-2-tsi-CYV-moottori-vw-golf-leon.webp","width":800,"height":600},{"@type":"BreadcrumbList","@id":"https:\/\/autopartscenter24.com\/auton-varaosat\/1-2-tsi-cyv-moottori-vw-golf-leon-fabia-polo\/#breadcrumb","itemListElement":[{"@type":"ListItem","position":1,"name":"Etusivu","item":"https:\/\/aliceblue-termite-662564.hostingersite.com\/"},{"@type":"ListItem","position":2,"name":"Auton varaosat","item":"https:\/\/aliceblue-termite-662564.hostingersite.com\/auton-varaosat\/"},{"@type":"ListItem","position":3,"name":"1.2 TSI &#8221;CYV&#8221; Moottori [esim. Golf, Polo, Leon, Fabia, A1]"}]},{"@type":"WebSite","@id":"https:\/\/autopartscenter24.com\/#website","url":"https:\/\/autopartscenter24.com\/","name":"Autopartscenter24","description":"K\u00c4YTETYT JA KUNNOSTETUT  AUTON VARAOSAT","potentialAction":[{"@type":"SearchAction","target":{"@type":"EntryPoint","urlTemplate":"https:\/\/autopartscenter24.com\/?s={search_term_string}"},"query-input":{"@type":"PropertyValueSpecification","valueRequired":true,"valueName":"search_term_string"}}],"inLanguage":"fi"}]}},"_links":{"self":[{"href":"https:\/\/autopartscenter24.com\/fi\/wp-json\/wp\/v2\/product\/3815","targetHints":{"allow":["GET"]}}],"collection":[{"href":"https:\/\/autopartscenter24.com\/fi\/wp-json\/wp\/v2\/product"}],"about":[{"href":"https:\/\/autopartscenter24.com\/fi\/wp-json\/wp\/v2\/types\/product"}],"wp:featuredmedia":[{"embeddable":true,"href":"https:\/\/autopartscenter24.com\/fi\/wp-json\/wp\/v2\/media\/4492"}],"wp:attachment":[{"href":"https:\/\/autopartscenter24.com\/fi\/wp-json\/wp\/v2\/media?parent=3815"}],"wp:term":[{"taxonomy":"product_brand","embeddable":true,"href":"https:\/\/autopartscenter24.com\/fi\/wp-json\/wp\/v2\/product_brand?post=3815"},{"taxonomy":"product_cat","embeddable":true,"href":"https:\/\/autopartscenter24.com\/fi\/wp-json\/wp\/v2\/product_cat?post=3815"},{"taxonomy":"product_tag","embeddable":true,"href":"https:\/\/autopartscenter24.com\/fi\/wp-json\/wp\/v2\/product_tag?post=3815"}],"curies":[{"name":"wp","href":"https:\/\/api.w.org\/{rel}","templated":true}]}}