{"id":3803,"date":"2023-03-05T16:18:47","date_gmt":"2023-03-05T15:18:47","guid":{"rendered":"https:\/\/autopartscenter24.com\/?post_type=product&#038;p=3803"},"modified":"2023-03-10T19:33:34","modified_gmt":"2023-03-10T18:33:34","slug":"2-0-lf17-moottori-mazda-6","status":"publish","type":"product","link":"https:\/\/autopartscenter24.com\/fi\/auton-varaosat\/2-0-lf17-moottori-mazda-6\/","title":{"rendered":"2.0 &#8221;LF17&#8221; Moottori [esim. Mazda 6]"},"content":{"rendered":"<p><strong>Mazdan 2.0 moottorikoodilla LF<\/strong> on nelisylinterinen moottori, joka tuottaa 147 hevosvoimaa ja 187 newtonmetri\u00e4 v\u00e4\u00e4nt\u00f6momenttia. Moottorissa on monipisteruiskutusj\u00e4rjestelm\u00e4 ja se t\u00e4ytt\u00e4\u00e4 Euro 5 -p\u00e4\u00e4st\u00f6normit. Moottorissa on my\u00f6s vaihtov\u00e4li\u00e4 pident\u00e4v\u00e4 huoltovapaa jakop\u00e4\u00e4n ketju.<\/p>\n<p>Mazda 2.0 moottorikoodilla LF on eritt\u00e4in luotettava ja tehokas moottori. Se on ollut saatavilla useissa Mazda-malleissa, ja sen erinomainen suorituskyky ja luotettavuus ovat tehneet siit\u00e4 suositun vaihtoehdon monille ostajille. Moottori on my\u00f6s melko taloudellinen, joten se sopii hyvin kuluttajille, jotka haluavat yhdist\u00e4\u00e4 tehokkuuden ja taloudellisuuden.<\/p>\n<p>N\u00e4iss\u00e4 malleissa moottori on osoittanut olevansa eritt\u00e4in luotettava ja tehokas. Se on my\u00f6s varustettu useilla teknologisilla ominaisuuksilla, jotka lis\u00e4\u00e4v\u00e4t sen tehokkuutta ja suorituskyky\u00e4. Esimerkiksi Mazdan i-stop-j\u00e4rjestelm\u00e4 sammuttaa moottorin liikennevaloissa, mik\u00e4 auttaa s\u00e4\u00e4st\u00e4m\u00e4\u00e4n polttoainetta ja v\u00e4hent\u00e4m\u00e4\u00e4n p\u00e4\u00e4st\u00f6j\u00e4.<\/p>\n<p>Kaiken kaikkiaan Mazda 2.0 moottorikoodilla LF on erinomainen vaihtoehto kuluttajille, jotka etsiv\u00e4t luotettavaa, tehokasta ja taloudellista moottoria. Sen k\u00e4ytt\u00f6 eri Mazda-malleissa on osoittanut sen monipuolisuuden ja soveltuvuuden erilaisiin tarpeisiin.<\/p>\n","protected":false},"excerpt":{"rendered":"<p>Alla on luettelo Mazda-malleista, joissa 2.0 moottorikoodilla LF on ollut saatavilla:<\/p>\n<ul>\n<li>Mazda 3 (2010-2013)<\/li>\n<li>Mazda 5 (2006-2010)<\/li>\n<li>Mazda 6 (2009-2013)<\/li>\n<li>Mazda CX-7 (2007-2012)<\/li>\n<li>Mazda MX-5 (2006-2015)<\/li>\n<\/ul>\n","protected":false},"featured_media":4482,"template":"","meta":[],"product_brand":[],"product_cat":[314],"product_tag":[342,439,343,344,440],"class_list":{"0":"post-3803","1":"product","2":"type-product","3":"status-publish","4":"has-post-thumbnail","6":"product_cat-mazda","7":"product_tag-342","8":"product_tag-439","9":"product_tag-343","10":"product_tag-cx-7","11":"product_tag-mx-5","12":"pa_varaosan-osasto-moottori","15":"first","16":"instock","17":"shipping-taxable","18":"product-type-simple"},"yoast_head":"<!-- This site is optimized with the Yoast SEO plugin v26.8 - https:\/\/yoast.com\/product\/yoast-seo-wordpress\/ -->\n<title>2.0 &quot;LF17&quot; Moottori [esim. Mazda 6] - Autopartscenter24<\/title>\n<meta name=\"description\" content=\"Yksi moottoreista, joita meill\u00e4 on usein saatavilla. L\u00e4het\u00e4 kysely ja saat tarjouksen 24 tunnin sis\u00e4ll\u00e4. Moottorit, vaihteistot ja muut auton osat takuulla.\" \/>\n<meta name=\"robots\" content=\"index, follow, max-snippet:-1, max-image-preview:large, max-video-preview:-1\" \/>\n<link rel=\"canonical\" href=\"https:\/\/autopartscenter24.com\/fi\/auton-varaosat\/2-0-lf17-moottori-mazda-6\/\" \/>\n<meta property=\"og:locale\" content=\"fi_FI\" \/>\n<meta property=\"og:type\" content=\"article\" \/>\n<meta property=\"og:title\" content=\"2.0 &quot;LF17&quot; Moottori [esim. Mazda 6] - Autopartscenter24\" \/>\n<meta property=\"og:description\" content=\"Yksi moottoreista, joita meill\u00e4 on usein saatavilla. L\u00e4het\u00e4 kysely ja saat tarjouksen 24 tunnin sis\u00e4ll\u00e4. Moottorit, vaihteistot ja muut auton osat takuulla.\" \/>\n<meta property=\"og:url\" content=\"https:\/\/autopartscenter24.com\/fi\/auton-varaosat\/2-0-lf17-moottori-mazda-6\/\" \/>\n<meta property=\"og:site_name\" content=\"Autopartscenter24\" \/>\n<meta property=\"article:modified_time\" content=\"2023-03-10T18:33:34+00:00\" \/>\n<meta property=\"og:image\" content=\"https:\/\/autopartscenter24.com\/wp-content\/uploads\/2023\/03\/2-0-LF17-moottori-mazda-6.webp\" \/>\n\t<meta property=\"og:image:width\" content=\"800\" \/>\n\t<meta property=\"og:image:height\" content=\"600\" \/>\n\t<meta property=\"og:image:type\" content=\"image\/webp\" \/>\n<meta name=\"twitter:card\" content=\"summary_large_image\" \/>\n<meta name=\"twitter:label1\" content=\"Arvioitu lukuaika\" \/>\n\t<meta name=\"twitter:data1\" content=\"1 minuutti\" \/>\n<script type=\"application\/ld+json\" class=\"yoast-schema-graph\">{\"@context\":\"https:\/\/schema.org\",\"@graph\":[{\"@type\":\"WebPage\",\"@id\":\"https:\/\/autopartscenter24.com\/auton-varaosat\/2-0-lf17-moottori-mazda-6\/\",\"url\":\"https:\/\/autopartscenter24.com\/auton-varaosat\/2-0-lf17-moottori-mazda-6\/\",\"name\":\"2.0 \\\"LF17\\\" Moottori [esim. Mazda 6] - Autopartscenter24\",\"isPartOf\":{\"@id\":\"https:\/\/autopartscenter24.com\/#website\"},\"primaryImageOfPage\":{\"@id\":\"https:\/\/autopartscenter24.com\/auton-varaosat\/2-0-lf17-moottori-mazda-6\/#primaryimage\"},\"image\":{\"@id\":\"https:\/\/autopartscenter24.com\/auton-varaosat\/2-0-lf17-moottori-mazda-6\/#primaryimage\"},\"thumbnailUrl\":\"https:\/\/autopartscenter24.com\/wp-content\/uploads\/2023\/03\/2-0-LF17-moottori-mazda-6.webp\",\"datePublished\":\"2023-03-05T15:18:47+00:00\",\"dateModified\":\"2023-03-10T18:33:34+00:00\",\"description\":\"Yksi moottoreista, joita meill\u00e4 on usein saatavilla. L\u00e4het\u00e4 kysely ja saat tarjouksen 24 tunnin sis\u00e4ll\u00e4. Moottorit, vaihteistot ja muut auton osat takuulla.\",\"breadcrumb\":{\"@id\":\"https:\/\/autopartscenter24.com\/auton-varaosat\/2-0-lf17-moottori-mazda-6\/#breadcrumb\"},\"inLanguage\":\"fi\",\"potentialAction\":[{\"@type\":\"ReadAction\",\"target\":[\"https:\/\/autopartscenter24.com\/auton-varaosat\/2-0-lf17-moottori-mazda-6\/\"]}]},{\"@type\":\"ImageObject\",\"inLanguage\":\"fi\",\"@id\":\"https:\/\/autopartscenter24.com\/auton-varaosat\/2-0-lf17-moottori-mazda-6\/#primaryimage\",\"url\":\"https:\/\/autopartscenter24.com\/wp-content\/uploads\/2023\/03\/2-0-LF17-moottori-mazda-6.webp\",\"contentUrl\":\"https:\/\/autopartscenter24.com\/wp-content\/uploads\/2023\/03\/2-0-LF17-moottori-mazda-6.webp\",\"width\":800,\"height\":600},{\"@type\":\"BreadcrumbList\",\"@id\":\"https:\/\/autopartscenter24.com\/auton-varaosat\/2-0-lf17-moottori-mazda-6\/#breadcrumb\",\"itemListElement\":[{\"@type\":\"ListItem\",\"position\":1,\"name\":\"Etusivu\",\"item\":\"https:\/\/aliceblue-termite-662564.hostingersite.com\/\"},{\"@type\":\"ListItem\",\"position\":2,\"name\":\"Auton varaosat\",\"item\":\"https:\/\/aliceblue-termite-662564.hostingersite.com\/auton-varaosat\/\"},{\"@type\":\"ListItem\",\"position\":3,\"name\":\"2.0 &#8221;LF17&#8221; Moottori [esim. Mazda 6]\"}]},{\"@type\":\"WebSite\",\"@id\":\"https:\/\/autopartscenter24.com\/#website\",\"url\":\"https:\/\/autopartscenter24.com\/\",\"name\":\"Autopartscenter24\",\"description\":\"K\u00c4YTETYT JA KUNNOSTETUT  AUTON VARAOSAT\",\"potentialAction\":[{\"@type\":\"SearchAction\",\"target\":{\"@type\":\"EntryPoint\",\"urlTemplate\":\"https:\/\/autopartscenter24.com\/?s={search_term_string}\"},\"query-input\":{\"@type\":\"PropertyValueSpecification\",\"valueRequired\":true,\"valueName\":\"search_term_string\"}}],\"inLanguage\":\"fi\"}]}<\/script>\n<!-- \/ Yoast SEO plugin. -->","yoast_head_json":{"title":"2.0 \"LF17\" Moottori [esim. Mazda 6] - Autopartscenter24","description":"Yksi moottoreista, joita meill\u00e4 on usein saatavilla. L\u00e4het\u00e4 kysely ja saat tarjouksen 24 tunnin sis\u00e4ll\u00e4. Moottorit, vaihteistot ja muut auton osat takuulla.","robots":{"index":"index","follow":"follow","max-snippet":"max-snippet:-1","max-image-preview":"max-image-preview:large","max-video-preview":"max-video-preview:-1"},"canonical":"https:\/\/autopartscenter24.com\/fi\/auton-varaosat\/2-0-lf17-moottori-mazda-6\/","og_locale":"fi_FI","og_type":"article","og_title":"2.0 \"LF17\" Moottori [esim. Mazda 6] - Autopartscenter24","og_description":"Yksi moottoreista, joita meill\u00e4 on usein saatavilla. L\u00e4het\u00e4 kysely ja saat tarjouksen 24 tunnin sis\u00e4ll\u00e4. Moottorit, vaihteistot ja muut auton osat takuulla.","og_url":"https:\/\/autopartscenter24.com\/fi\/auton-varaosat\/2-0-lf17-moottori-mazda-6\/","og_site_name":"Autopartscenter24","article_modified_time":"2023-03-10T18:33:34+00:00","og_image":[{"width":800,"height":600,"url":"https:\/\/autopartscenter24.com\/wp-content\/uploads\/2023\/03\/2-0-LF17-moottori-mazda-6.webp","type":"image\/webp"}],"twitter_card":"summary_large_image","twitter_misc":{"Arvioitu lukuaika":"1 minuutti"},"schema":{"@context":"https:\/\/schema.org","@graph":[{"@type":"WebPage","@id":"https:\/\/autopartscenter24.com\/auton-varaosat\/2-0-lf17-moottori-mazda-6\/","url":"https:\/\/autopartscenter24.com\/auton-varaosat\/2-0-lf17-moottori-mazda-6\/","name":"2.0 \"LF17\" Moottori [esim. Mazda 6] - Autopartscenter24","isPartOf":{"@id":"https:\/\/autopartscenter24.com\/#website"},"primaryImageOfPage":{"@id":"https:\/\/autopartscenter24.com\/auton-varaosat\/2-0-lf17-moottori-mazda-6\/#primaryimage"},"image":{"@id":"https:\/\/autopartscenter24.com\/auton-varaosat\/2-0-lf17-moottori-mazda-6\/#primaryimage"},"thumbnailUrl":"https:\/\/autopartscenter24.com\/wp-content\/uploads\/2023\/03\/2-0-LF17-moottori-mazda-6.webp","datePublished":"2023-03-05T15:18:47+00:00","dateModified":"2023-03-10T18:33:34+00:00","description":"Yksi moottoreista, joita meill\u00e4 on usein saatavilla. L\u00e4het\u00e4 kysely ja saat tarjouksen 24 tunnin sis\u00e4ll\u00e4. Moottorit, vaihteistot ja muut auton osat takuulla.","breadcrumb":{"@id":"https:\/\/autopartscenter24.com\/auton-varaosat\/2-0-lf17-moottori-mazda-6\/#breadcrumb"},"inLanguage":"fi","potentialAction":[{"@type":"ReadAction","target":["https:\/\/autopartscenter24.com\/auton-varaosat\/2-0-lf17-moottori-mazda-6\/"]}]},{"@type":"ImageObject","inLanguage":"fi","@id":"https:\/\/autopartscenter24.com\/auton-varaosat\/2-0-lf17-moottori-mazda-6\/#primaryimage","url":"https:\/\/autopartscenter24.com\/wp-content\/uploads\/2023\/03\/2-0-LF17-moottori-mazda-6.webp","contentUrl":"https:\/\/autopartscenter24.com\/wp-content\/uploads\/2023\/03\/2-0-LF17-moottori-mazda-6.webp","width":800,"height":600},{"@type":"BreadcrumbList","@id":"https:\/\/autopartscenter24.com\/auton-varaosat\/2-0-lf17-moottori-mazda-6\/#breadcrumb","itemListElement":[{"@type":"ListItem","position":1,"name":"Etusivu","item":"https:\/\/aliceblue-termite-662564.hostingersite.com\/"},{"@type":"ListItem","position":2,"name":"Auton varaosat","item":"https:\/\/aliceblue-termite-662564.hostingersite.com\/auton-varaosat\/"},{"@type":"ListItem","position":3,"name":"2.0 &#8221;LF17&#8221; Moottori [esim. Mazda 6]"}]},{"@type":"WebSite","@id":"https:\/\/autopartscenter24.com\/#website","url":"https:\/\/autopartscenter24.com\/","name":"Autopartscenter24","description":"K\u00c4YTETYT JA KUNNOSTETUT  AUTON VARAOSAT","potentialAction":[{"@type":"SearchAction","target":{"@type":"EntryPoint","urlTemplate":"https:\/\/autopartscenter24.com\/?s={search_term_string}"},"query-input":{"@type":"PropertyValueSpecification","valueRequired":true,"valueName":"search_term_string"}}],"inLanguage":"fi"}]}},"_links":{"self":[{"href":"https:\/\/autopartscenter24.com\/fi\/wp-json\/wp\/v2\/product\/3803","targetHints":{"allow":["GET"]}}],"collection":[{"href":"https:\/\/autopartscenter24.com\/fi\/wp-json\/wp\/v2\/product"}],"about":[{"href":"https:\/\/autopartscenter24.com\/fi\/wp-json\/wp\/v2\/types\/product"}],"wp:featuredmedia":[{"embeddable":true,"href":"https:\/\/autopartscenter24.com\/fi\/wp-json\/wp\/v2\/media\/4482"}],"wp:attachment":[{"href":"https:\/\/autopartscenter24.com\/fi\/wp-json\/wp\/v2\/media?parent=3803"}],"wp:term":[{"taxonomy":"product_brand","embeddable":true,"href":"https:\/\/autopartscenter24.com\/fi\/wp-json\/wp\/v2\/product_brand?post=3803"},{"taxonomy":"product_cat","embeddable":true,"href":"https:\/\/autopartscenter24.com\/fi\/wp-json\/wp\/v2\/product_cat?post=3803"},{"taxonomy":"product_tag","embeddable":true,"href":"https:\/\/autopartscenter24.com\/fi\/wp-json\/wp\/v2\/product_tag?post=3803"}],"curies":[{"name":"wp","href":"https:\/\/api.w.org\/{rel}","templated":true}]}}