{"id":3780,"date":"2023-03-05T13:02:52","date_gmt":"2023-03-05T12:02:52","guid":{"rendered":"https:\/\/autopartscenter24.com\/?post_type=product&#038;p=3780"},"modified":"2023-03-10T19:32:39","modified_gmt":"2023-03-10T18:32:39","slug":"1-7-cdti-a17dtf-moottori-cruze-opel-astra-j","status":"publish","type":"product","link":"https:\/\/autopartscenter24.com\/fi\/auton-varaosat\/1-7-cdti-a17dtf-moottori-cruze-opel-astra-j\/","title":{"rendered":"1.7 CDTI &#8221;A17DTF&#8221; Moottori [esim. Astra, Cruze]"},"content":{"rendered":"<p><strong>1.7 CDTI (moottorikoodi: A17DTF)<\/strong> on 4-sylinterinen turbodieselmoottori, joka on kehitetty yhteisty\u00f6ss\u00e4 GM ja Fiatin kanssa. Moottorin ahtopaine on s\u00e4\u00e4dett\u00e4viss\u00e4 ja se on varustettu suorasuihkutusj\u00e4rjestelm\u00e4ll\u00e4. Moottorissa on my\u00f6s start-stop-j\u00e4rjestelm\u00e4, joka sammuttaa moottorin liikennevaloissa ja muissa vastaavissa tilanteissa s\u00e4\u00e4st\u00e4\u00e4kseen polttoainetta.<\/p>\n<p>Moottorin suurin teho on 130 hv ja v\u00e4\u00e4nt\u00f6momentti 300 Nm, ja se t\u00e4ytt\u00e4\u00e4 Euro 5 -p\u00e4\u00e4st\u00f6normit. Moottori on saatavilla joko 6-vaihteisella manuaalivaihteistolla tai 6-vaihteisella automaattivaihteistolla.<\/p>\n<p>Seuraavassa on luettelo kaikista automerkeist\u00e4, malleista ja valmistusvuosista, joissa 1.7 CDTI -moottori on ollut k\u00e4yt\u00f6ss\u00e4:<\/p>\n<ul>\n<li>Opel Astra J (2010-2015)<\/li>\n<li>Opel Zafira Tourer C (2011-2018)<\/li>\n<li>Opel Meriva B (2010-2017)<\/li>\n<li>Opel Cascada (2013-2018)<\/li>\n<li>Chevrolet Cruze (2012-2014)<\/li>\n<li>Chevrolet Orlando (2011-2014)<\/li>\n<li>Saab 9-5 (2010-2011)<\/li>\n<\/ul>\n<p>N\u00e4m\u00e4 autot ovat kaikki kompakteja tai keskikokoisia henkil\u00f6autoja, ja niiss\u00e4 1.7 CDTI -moottoria on k\u00e4ytetty sek\u00e4 etu- ett\u00e4 nelivetoisissa versioissa. Moottori on todettu eritt\u00e4in luotettavaksi ja taloudelliseksi, ja se on ollut suosittu valinta dieselautojen ostajien keskuudessa.<\/p>\n","protected":false},"excerpt":{"rendered":"<ul>\n<li>Vuodesta 2004 l\u00e4htien Opel Astra H:ssa (90-100 hv) ja vuodesta 2006 l\u00e4htien Opel Zafira B:ss\u00e4 (100 hv)<\/li>\n<li>Vuodesta 2006 l\u00e4htien Saab 9-3:ssa (100-110 hv)<\/li>\n<li>Vuodesta 2007 l\u00e4htien Vauxhall Astra:ssa (100 hv) ja vuodesta 2008 l\u00e4htien Vauxhall Zafira:ssa (100 hv)<\/li>\n<\/ul>\n","protected":false},"featured_media":4467,"template":"","meta":[],"product_brand":[],"product_cat":[431,410],"product_tag":[411,434],"class_list":{"0":"post-3780","1":"product","2":"type-product","3":"status-publish","4":"has-post-thumbnail","6":"product_cat-chevrolet","7":"product_cat-opel","8":"product_tag-astra","9":"product_tag-cruze","10":"pa_varaosan-osasto-moottori","13":"first","14":"instock","15":"shipping-taxable","16":"product-type-simple"},"yoast_head":"<!-- This site is optimized with the Yoast SEO plugin v26.8 - https:\/\/yoast.com\/product\/yoast-seo-wordpress\/ -->\n<title>1.7 CDTI &quot;A17DTF&quot; Moottori [esim. Astra, Cruze]<\/title>\n<meta name=\"description\" content=\"Yksi moottoreista, joita meill\u00e4 on usein saatavilla. L\u00e4het\u00e4 kysely ja saat tarjouksen 24 tunnin sis\u00e4ll\u00e4. Moottorit, vaihteistot ja muut auton osat takuulla.\" \/>\n<meta name=\"robots\" content=\"index, follow, max-snippet:-1, max-image-preview:large, max-video-preview:-1\" \/>\n<link rel=\"canonical\" href=\"https:\/\/autopartscenter24.com\/fi\/auton-varaosat\/1-7-cdti-a17dtf-moottori-cruze-opel-astra-j\/\" \/>\n<meta property=\"og:locale\" content=\"fi_FI\" \/>\n<meta property=\"og:type\" content=\"article\" \/>\n<meta property=\"og:title\" content=\"1.7 CDTI &quot;A17DTF&quot; Moottori [esim. Astra, Cruze]\" \/>\n<meta property=\"og:description\" content=\"Yksi moottoreista, joita meill\u00e4 on usein saatavilla. L\u00e4het\u00e4 kysely ja saat tarjouksen 24 tunnin sis\u00e4ll\u00e4. Moottorit, vaihteistot ja muut auton osat takuulla.\" \/>\n<meta property=\"og:url\" content=\"https:\/\/autopartscenter24.com\/fi\/auton-varaosat\/1-7-cdti-a17dtf-moottori-cruze-opel-astra-j\/\" \/>\n<meta property=\"og:site_name\" content=\"Autopartscenter24\" \/>\n<meta property=\"article:modified_time\" content=\"2023-03-10T18:32:39+00:00\" \/>\n<meta property=\"og:image\" content=\"https:\/\/aliceblue-termite-662564.hostingersite.com\/wp-content\/uploads\/2023\/03\/1-7-cdti-A17DTF-moottori-cruze-opel-astra-j.webp\" \/>\n\t<meta property=\"og:image:width\" content=\"800\" \/>\n\t<meta property=\"og:image:height\" content=\"600\" \/>\n\t<meta property=\"og:image:type\" content=\"image\/webp\" \/>\n<meta name=\"twitter:card\" content=\"summary_large_image\" \/>\n<meta name=\"twitter:label1\" content=\"Arvioitu lukuaika\" \/>\n\t<meta name=\"twitter:data1\" content=\"1 minuutti\" \/>\n<script type=\"application\/ld+json\" class=\"yoast-schema-graph\">{\"@context\":\"https:\/\/schema.org\",\"@graph\":[{\"@type\":\"WebPage\",\"@id\":\"https:\/\/aliceblue-termite-662564.hostingersite.com\/auton-varaosat\/1-7-cdti-a17dtf-moottori-cruze-opel-astra-j\/\",\"url\":\"https:\/\/aliceblue-termite-662564.hostingersite.com\/auton-varaosat\/1-7-cdti-a17dtf-moottori-cruze-opel-astra-j\/\",\"name\":\"1.7 CDTI \\\"A17DTF\\\" Moottori [esim. Astra, Cruze]\",\"isPartOf\":{\"@id\":\"https:\/\/autopartscenter24.com\/#website\"},\"primaryImageOfPage\":{\"@id\":\"https:\/\/aliceblue-termite-662564.hostingersite.com\/auton-varaosat\/1-7-cdti-a17dtf-moottori-cruze-opel-astra-j\/#primaryimage\"},\"image\":{\"@id\":\"https:\/\/aliceblue-termite-662564.hostingersite.com\/auton-varaosat\/1-7-cdti-a17dtf-moottori-cruze-opel-astra-j\/#primaryimage\"},\"thumbnailUrl\":\"https:\/\/autopartscenter24.com\/wp-content\/uploads\/2023\/03\/1-7-cdti-A17DTF-moottori-cruze-opel-astra-j.webp\",\"datePublished\":\"2023-03-05T12:02:52+00:00\",\"dateModified\":\"2023-03-10T18:32:39+00:00\",\"description\":\"Yksi moottoreista, joita meill\u00e4 on usein saatavilla. L\u00e4het\u00e4 kysely ja saat tarjouksen 24 tunnin sis\u00e4ll\u00e4. Moottorit, vaihteistot ja muut auton osat takuulla.\",\"breadcrumb\":{\"@id\":\"https:\/\/aliceblue-termite-662564.hostingersite.com\/auton-varaosat\/1-7-cdti-a17dtf-moottori-cruze-opel-astra-j\/#breadcrumb\"},\"inLanguage\":\"fi\",\"potentialAction\":[{\"@type\":\"ReadAction\",\"target\":[\"https:\/\/aliceblue-termite-662564.hostingersite.com\/auton-varaosat\/1-7-cdti-a17dtf-moottori-cruze-opel-astra-j\/\"]}]},{\"@type\":\"ImageObject\",\"inLanguage\":\"fi\",\"@id\":\"https:\/\/aliceblue-termite-662564.hostingersite.com\/auton-varaosat\/1-7-cdti-a17dtf-moottori-cruze-opel-astra-j\/#primaryimage\",\"url\":\"https:\/\/autopartscenter24.com\/wp-content\/uploads\/2023\/03\/1-7-cdti-A17DTF-moottori-cruze-opel-astra-j.webp\",\"contentUrl\":\"https:\/\/autopartscenter24.com\/wp-content\/uploads\/2023\/03\/1-7-cdti-A17DTF-moottori-cruze-opel-astra-j.webp\",\"width\":800,\"height\":600},{\"@type\":\"BreadcrumbList\",\"@id\":\"https:\/\/aliceblue-termite-662564.hostingersite.com\/auton-varaosat\/1-7-cdti-a17dtf-moottori-cruze-opel-astra-j\/#breadcrumb\",\"itemListElement\":[{\"@type\":\"ListItem\",\"position\":1,\"name\":\"Etusivu\",\"item\":\"https:\/\/aliceblue-termite-662564.hostingersite.com\/\"},{\"@type\":\"ListItem\",\"position\":2,\"name\":\"Auton varaosat\",\"item\":\"https:\/\/aliceblue-termite-662564.hostingersite.com\/auton-varaosat\/\"},{\"@type\":\"ListItem\",\"position\":3,\"name\":\"1.7 CDTI &#8221;A17DTF&#8221; Moottori [esim. Astra, Cruze]\"}]},{\"@type\":\"WebSite\",\"@id\":\"https:\/\/autopartscenter24.com\/#website\",\"url\":\"https:\/\/autopartscenter24.com\/\",\"name\":\"Autopartscenter24\",\"description\":\"K\u00c4YTETYT JA KUNNOSTETUT  AUTON VARAOSAT\",\"potentialAction\":[{\"@type\":\"SearchAction\",\"target\":{\"@type\":\"EntryPoint\",\"urlTemplate\":\"https:\/\/autopartscenter24.com\/?s={search_term_string}\"},\"query-input\":{\"@type\":\"PropertyValueSpecification\",\"valueRequired\":true,\"valueName\":\"search_term_string\"}}],\"inLanguage\":\"fi\"}]}<\/script>\n<!-- \/ Yoast SEO plugin. -->","yoast_head_json":{"title":"1.7 CDTI \"A17DTF\" Moottori [esim. Astra, Cruze]","description":"Yksi moottoreista, joita meill\u00e4 on usein saatavilla. L\u00e4het\u00e4 kysely ja saat tarjouksen 24 tunnin sis\u00e4ll\u00e4. Moottorit, vaihteistot ja muut auton osat takuulla.","robots":{"index":"index","follow":"follow","max-snippet":"max-snippet:-1","max-image-preview":"max-image-preview:large","max-video-preview":"max-video-preview:-1"},"canonical":"https:\/\/autopartscenter24.com\/fi\/auton-varaosat\/1-7-cdti-a17dtf-moottori-cruze-opel-astra-j\/","og_locale":"fi_FI","og_type":"article","og_title":"1.7 CDTI \"A17DTF\" Moottori [esim. Astra, Cruze]","og_description":"Yksi moottoreista, joita meill\u00e4 on usein saatavilla. L\u00e4het\u00e4 kysely ja saat tarjouksen 24 tunnin sis\u00e4ll\u00e4. Moottorit, vaihteistot ja muut auton osat takuulla.","og_url":"https:\/\/autopartscenter24.com\/fi\/auton-varaosat\/1-7-cdti-a17dtf-moottori-cruze-opel-astra-j\/","og_site_name":"Autopartscenter24","article_modified_time":"2023-03-10T18:32:39+00:00","og_image":[{"width":800,"height":600,"url":"https:\/\/aliceblue-termite-662564.hostingersite.com\/wp-content\/uploads\/2023\/03\/1-7-cdti-A17DTF-moottori-cruze-opel-astra-j.webp","type":"image\/webp"}],"twitter_card":"summary_large_image","twitter_misc":{"Arvioitu lukuaika":"1 minuutti"},"schema":{"@context":"https:\/\/schema.org","@graph":[{"@type":"WebPage","@id":"https:\/\/aliceblue-termite-662564.hostingersite.com\/auton-varaosat\/1-7-cdti-a17dtf-moottori-cruze-opel-astra-j\/","url":"https:\/\/aliceblue-termite-662564.hostingersite.com\/auton-varaosat\/1-7-cdti-a17dtf-moottori-cruze-opel-astra-j\/","name":"1.7 CDTI \"A17DTF\" Moottori [esim. Astra, Cruze]","isPartOf":{"@id":"https:\/\/autopartscenter24.com\/#website"},"primaryImageOfPage":{"@id":"https:\/\/aliceblue-termite-662564.hostingersite.com\/auton-varaosat\/1-7-cdti-a17dtf-moottori-cruze-opel-astra-j\/#primaryimage"},"image":{"@id":"https:\/\/aliceblue-termite-662564.hostingersite.com\/auton-varaosat\/1-7-cdti-a17dtf-moottori-cruze-opel-astra-j\/#primaryimage"},"thumbnailUrl":"https:\/\/autopartscenter24.com\/wp-content\/uploads\/2023\/03\/1-7-cdti-A17DTF-moottori-cruze-opel-astra-j.webp","datePublished":"2023-03-05T12:02:52+00:00","dateModified":"2023-03-10T18:32:39+00:00","description":"Yksi moottoreista, joita meill\u00e4 on usein saatavilla. L\u00e4het\u00e4 kysely ja saat tarjouksen 24 tunnin sis\u00e4ll\u00e4. Moottorit, vaihteistot ja muut auton osat takuulla.","breadcrumb":{"@id":"https:\/\/aliceblue-termite-662564.hostingersite.com\/auton-varaosat\/1-7-cdti-a17dtf-moottori-cruze-opel-astra-j\/#breadcrumb"},"inLanguage":"fi","potentialAction":[{"@type":"ReadAction","target":["https:\/\/aliceblue-termite-662564.hostingersite.com\/auton-varaosat\/1-7-cdti-a17dtf-moottori-cruze-opel-astra-j\/"]}]},{"@type":"ImageObject","inLanguage":"fi","@id":"https:\/\/aliceblue-termite-662564.hostingersite.com\/auton-varaosat\/1-7-cdti-a17dtf-moottori-cruze-opel-astra-j\/#primaryimage","url":"https:\/\/autopartscenter24.com\/wp-content\/uploads\/2023\/03\/1-7-cdti-A17DTF-moottori-cruze-opel-astra-j.webp","contentUrl":"https:\/\/autopartscenter24.com\/wp-content\/uploads\/2023\/03\/1-7-cdti-A17DTF-moottori-cruze-opel-astra-j.webp","width":800,"height":600},{"@type":"BreadcrumbList","@id":"https:\/\/aliceblue-termite-662564.hostingersite.com\/auton-varaosat\/1-7-cdti-a17dtf-moottori-cruze-opel-astra-j\/#breadcrumb","itemListElement":[{"@type":"ListItem","position":1,"name":"Etusivu","item":"https:\/\/aliceblue-termite-662564.hostingersite.com\/"},{"@type":"ListItem","position":2,"name":"Auton varaosat","item":"https:\/\/aliceblue-termite-662564.hostingersite.com\/auton-varaosat\/"},{"@type":"ListItem","position":3,"name":"1.7 CDTI &#8221;A17DTF&#8221; Moottori [esim. Astra, Cruze]"}]},{"@type":"WebSite","@id":"https:\/\/autopartscenter24.com\/#website","url":"https:\/\/autopartscenter24.com\/","name":"Autopartscenter24","description":"K\u00c4YTETYT JA KUNNOSTETUT  AUTON VARAOSAT","potentialAction":[{"@type":"SearchAction","target":{"@type":"EntryPoint","urlTemplate":"https:\/\/autopartscenter24.com\/?s={search_term_string}"},"query-input":{"@type":"PropertyValueSpecification","valueRequired":true,"valueName":"search_term_string"}}],"inLanguage":"fi"}]}},"_links":{"self":[{"href":"https:\/\/autopartscenter24.com\/fi\/wp-json\/wp\/v2\/product\/3780","targetHints":{"allow":["GET"]}}],"collection":[{"href":"https:\/\/autopartscenter24.com\/fi\/wp-json\/wp\/v2\/product"}],"about":[{"href":"https:\/\/autopartscenter24.com\/fi\/wp-json\/wp\/v2\/types\/product"}],"wp:featuredmedia":[{"embeddable":true,"href":"https:\/\/autopartscenter24.com\/fi\/wp-json\/wp\/v2\/media\/4467"}],"wp:attachment":[{"href":"https:\/\/autopartscenter24.com\/fi\/wp-json\/wp\/v2\/media?parent=3780"}],"wp:term":[{"taxonomy":"product_brand","embeddable":true,"href":"https:\/\/autopartscenter24.com\/fi\/wp-json\/wp\/v2\/product_brand?post=3780"},{"taxonomy":"product_cat","embeddable":true,"href":"https:\/\/autopartscenter24.com\/fi\/wp-json\/wp\/v2\/product_cat?post=3780"},{"taxonomy":"product_tag","embeddable":true,"href":"https:\/\/autopartscenter24.com\/fi\/wp-json\/wp\/v2\/product_tag?post=3780"}],"curies":[{"name":"wp","href":"https:\/\/api.w.org\/{rel}","templated":true}]}}