{"id":3677,"date":"2023-03-05T11:24:25","date_gmt":"2023-03-05T10:24:25","guid":{"rendered":"https:\/\/autopartscenter24.com\/?post_type=product&#038;p=3677"},"modified":"2023-03-10T19:27:45","modified_gmt":"2023-03-10T18:27:45","slug":"1-7-cdti-a17dtr-moottori-opel-astra-meriva-zafira-corsa-combo","status":"publish","type":"product","link":"https:\/\/autopartscenter24.com\/fi\/auton-varaosat\/1-7-cdti-a17dtr-moottori-opel-astra-meriva-zafira-corsa-combo\/","title":{"rendered":"1.7 CDTi &#8221;A17DTR&#8221; Moottori [esim. Astra, Zafira, Corsa, Combo]"},"content":{"rendered":"<p><strong>1.7 CDTi (moottorikoodi: A17DTR)<\/strong> on turbodieselmoottori, joka on valmistettu vuodesta 2004 l\u00e4htien. Moottori on kehitetty yhteisty\u00f6ss\u00e4 General Motorsin ja italialaisen moottorivalmistajan Fiat Powertrain Technologiesin kanssa. Moottorin valmistus tapahtuu Unkarissa, Szentgotthardin tehtaalla.<\/p>\n<p>1.7 CDTi-moottorissa on nelj\u00e4 sylinteri\u00e4, 16 venttiili\u00e4 ja yhteispaineruiskutusj\u00e4rjestelm\u00e4. Moottorin suurin teho on 81 kW (110 hv) ja suurin v\u00e4\u00e4nt\u00f6momentti 280 Nm. Moottorin kehityksen t\u00e4rkeimm\u00e4t tavoitteet ovat olleet suorituskyky, polttoainetalous ja alhaiset p\u00e4\u00e4st\u00f6t.<\/p>\n<p>Moottori t\u00e4ytt\u00e4\u00e4 euro 4 -p\u00e4\u00e4st\u00f6normit, ja se on varustettu hiukkassuodattimella. Moottorin kehityksess\u00e4 on kiinnitetty erityist\u00e4 huomiota melun ja t\u00e4rin\u00e4n v\u00e4hent\u00e4miseen, jotta matkustusmukavuus s\u00e4ilyisi korkealla tasolla.<\/p>\n<p>1.7 CDTi-moottori on ollut eritt\u00e4in suosittu valinta taloudellisia ja suorituskykyisi\u00e4 dieselmoottoreita vaativissa automalleissa. Moottorin kehitysty\u00f6ss\u00e4 on panostettu ymp\u00e4rist\u00f6yst\u00e4v\u00e4llisyyteen, mik\u00e4 n\u00e4kyy alhaisina p\u00e4\u00e4st\u00f6in\u00e4 ja hyv\u00e4n\u00e4 polttoainetaloudellisuutena. Moottorin k\u00e4ytt\u00f6ik\u00e4 on my\u00f6s osoittautunut eritt\u00e4in pitk\u00e4ksi, mik\u00e4 on tehnyt siit\u00e4 luotettavan valinnan monille kuljettajille.<\/p>\n","protected":false},"excerpt":{"rendered":"<ul>\n<li>Opel Astra (2004-2010)<\/li>\n<li>Opel Meriva (2006-2010)<\/li>\n<li>Opel Zafira (2005-2011)<\/li>\n<li>Opel Corsa (2006-2014)<\/li>\n<li>Opel Combo (2006-2011)<\/li>\n<\/ul>\n","protected":false},"featured_media":4406,"template":"","meta":[],"product_brand":[],"product_cat":[410],"product_tag":[411,414,413,412,415],"class_list":{"0":"post-3677","1":"product","2":"type-product","3":"status-publish","4":"has-post-thumbnail","6":"product_cat-opel","7":"product_tag-astra","8":"product_tag-combo","9":"product_tag-corsa","10":"product_tag-meriva","11":"product_tag-zafira","14":"first","15":"instock","16":"featured","17":"shipping-taxable","18":"product-type-simple"},"yoast_head":"<!-- This site is optimized with the Yoast SEO plugin v26.8 - https:\/\/yoast.com\/product\/yoast-seo-wordpress\/ -->\n<title>1.7 CDTi &quot;A17DTR&quot; Moottori [esim. Astra, Zafira, Corsa, Combo]<\/title>\n<meta name=\"description\" content=\"Yksi moottoreista, joita meill\u00e4 on usein saatavilla. L\u00e4het\u00e4 kysely ja saat tarjouksen 24 tunnin sis\u00e4ll\u00e4. Moottorit, vaihteistot ja muut auton osat takuulla.\" \/>\n<meta name=\"robots\" content=\"index, follow, max-snippet:-1, max-image-preview:large, max-video-preview:-1\" \/>\n<link rel=\"canonical\" href=\"https:\/\/autopartscenter24.com\/fi\/auton-varaosat\/1-7-cdti-a17dtr-moottori-opel-astra-meriva-zafira-corsa-combo\/\" \/>\n<meta property=\"og:locale\" content=\"fi_FI\" \/>\n<meta property=\"og:type\" content=\"article\" \/>\n<meta property=\"og:title\" content=\"1.7 CDTi &quot;A17DTR&quot; Moottori [esim. Astra, Zafira, Corsa, Combo]\" \/>\n<meta property=\"og:description\" content=\"Yksi moottoreista, joita meill\u00e4 on usein saatavilla. L\u00e4het\u00e4 kysely ja saat tarjouksen 24 tunnin sis\u00e4ll\u00e4. Moottorit, vaihteistot ja muut auton osat takuulla.\" \/>\n<meta property=\"og:url\" content=\"https:\/\/autopartscenter24.com\/fi\/auton-varaosat\/1-7-cdti-a17dtr-moottori-opel-astra-meriva-zafira-corsa-combo\/\" \/>\n<meta property=\"og:site_name\" content=\"Autopartscenter24\" \/>\n<meta property=\"article:modified_time\" content=\"2023-03-10T18:27:45+00:00\" \/>\n<meta property=\"og:image\" content=\"https:\/\/aliceblue-termite-662564.hostingersite.com\/wp-content\/uploads\/2023\/03\/1-7-cdti-A17DTR-moottori-astra-combo-zafira-corsa.webp\" \/>\n\t<meta property=\"og:image:width\" content=\"800\" \/>\n\t<meta property=\"og:image:height\" content=\"600\" \/>\n\t<meta property=\"og:image:type\" content=\"image\/webp\" \/>\n<meta name=\"twitter:card\" content=\"summary_large_image\" \/>\n<meta name=\"twitter:label1\" content=\"Arvioitu lukuaika\" \/>\n\t<meta name=\"twitter:data1\" content=\"1 minuutti\" \/>\n<script type=\"application\/ld+json\" class=\"yoast-schema-graph\">{\"@context\":\"https:\/\/schema.org\",\"@graph\":[{\"@type\":\"WebPage\",\"@id\":\"https:\/\/aliceblue-termite-662564.hostingersite.com\/auton-varaosat\/1-7-cdti-a17dtr-moottori-opel-astra-meriva-zafira-corsa-combo\/\",\"url\":\"https:\/\/aliceblue-termite-662564.hostingersite.com\/auton-varaosat\/1-7-cdti-a17dtr-moottori-opel-astra-meriva-zafira-corsa-combo\/\",\"name\":\"1.7 CDTi \\\"A17DTR\\\" Moottori [esim. Astra, Zafira, Corsa, Combo]\",\"isPartOf\":{\"@id\":\"https:\/\/autopartscenter24.com\/#website\"},\"primaryImageOfPage\":{\"@id\":\"https:\/\/aliceblue-termite-662564.hostingersite.com\/auton-varaosat\/1-7-cdti-a17dtr-moottori-opel-astra-meriva-zafira-corsa-combo\/#primaryimage\"},\"image\":{\"@id\":\"https:\/\/aliceblue-termite-662564.hostingersite.com\/auton-varaosat\/1-7-cdti-a17dtr-moottori-opel-astra-meriva-zafira-corsa-combo\/#primaryimage\"},\"thumbnailUrl\":\"https:\/\/autopartscenter24.com\/wp-content\/uploads\/2023\/03\/1-7-cdti-A17DTR-moottori-astra-combo-zafira-corsa.webp\",\"datePublished\":\"2023-03-05T10:24:25+00:00\",\"dateModified\":\"2023-03-10T18:27:45+00:00\",\"description\":\"Yksi moottoreista, joita meill\u00e4 on usein saatavilla. L\u00e4het\u00e4 kysely ja saat tarjouksen 24 tunnin sis\u00e4ll\u00e4. Moottorit, vaihteistot ja muut auton osat takuulla.\",\"breadcrumb\":{\"@id\":\"https:\/\/aliceblue-termite-662564.hostingersite.com\/auton-varaosat\/1-7-cdti-a17dtr-moottori-opel-astra-meriva-zafira-corsa-combo\/#breadcrumb\"},\"inLanguage\":\"fi\",\"potentialAction\":[{\"@type\":\"ReadAction\",\"target\":[\"https:\/\/aliceblue-termite-662564.hostingersite.com\/auton-varaosat\/1-7-cdti-a17dtr-moottori-opel-astra-meriva-zafira-corsa-combo\/\"]}]},{\"@type\":\"ImageObject\",\"inLanguage\":\"fi\",\"@id\":\"https:\/\/aliceblue-termite-662564.hostingersite.com\/auton-varaosat\/1-7-cdti-a17dtr-moottori-opel-astra-meriva-zafira-corsa-combo\/#primaryimage\",\"url\":\"https:\/\/autopartscenter24.com\/wp-content\/uploads\/2023\/03\/1-7-cdti-A17DTR-moottori-astra-combo-zafira-corsa.webp\",\"contentUrl\":\"https:\/\/autopartscenter24.com\/wp-content\/uploads\/2023\/03\/1-7-cdti-A17DTR-moottori-astra-combo-zafira-corsa.webp\",\"width\":800,\"height\":600},{\"@type\":\"BreadcrumbList\",\"@id\":\"https:\/\/aliceblue-termite-662564.hostingersite.com\/auton-varaosat\/1-7-cdti-a17dtr-moottori-opel-astra-meriva-zafira-corsa-combo\/#breadcrumb\",\"itemListElement\":[{\"@type\":\"ListItem\",\"position\":1,\"name\":\"Etusivu\",\"item\":\"https:\/\/aliceblue-termite-662564.hostingersite.com\/\"},{\"@type\":\"ListItem\",\"position\":2,\"name\":\"Auton varaosat\",\"item\":\"https:\/\/aliceblue-termite-662564.hostingersite.com\/auton-varaosat\/\"},{\"@type\":\"ListItem\",\"position\":3,\"name\":\"1.7 CDTi &#8221;A17DTR&#8221; Moottori [esim. Astra, Zafira, Corsa, Combo]\"}]},{\"@type\":\"WebSite\",\"@id\":\"https:\/\/autopartscenter24.com\/#website\",\"url\":\"https:\/\/autopartscenter24.com\/\",\"name\":\"Autopartscenter24\",\"description\":\"K\u00c4YTETYT JA KUNNOSTETUT  AUTON VARAOSAT\",\"potentialAction\":[{\"@type\":\"SearchAction\",\"target\":{\"@type\":\"EntryPoint\",\"urlTemplate\":\"https:\/\/autopartscenter24.com\/?s={search_term_string}\"},\"query-input\":{\"@type\":\"PropertyValueSpecification\",\"valueRequired\":true,\"valueName\":\"search_term_string\"}}],\"inLanguage\":\"fi\"}]}<\/script>\n<!-- \/ Yoast SEO plugin. -->","yoast_head_json":{"title":"1.7 CDTi \"A17DTR\" Moottori [esim. Astra, Zafira, Corsa, Combo]","description":"Yksi moottoreista, joita meill\u00e4 on usein saatavilla. L\u00e4het\u00e4 kysely ja saat tarjouksen 24 tunnin sis\u00e4ll\u00e4. Moottorit, vaihteistot ja muut auton osat takuulla.","robots":{"index":"index","follow":"follow","max-snippet":"max-snippet:-1","max-image-preview":"max-image-preview:large","max-video-preview":"max-video-preview:-1"},"canonical":"https:\/\/autopartscenter24.com\/fi\/auton-varaosat\/1-7-cdti-a17dtr-moottori-opel-astra-meriva-zafira-corsa-combo\/","og_locale":"fi_FI","og_type":"article","og_title":"1.7 CDTi \"A17DTR\" Moottori [esim. Astra, Zafira, Corsa, Combo]","og_description":"Yksi moottoreista, joita meill\u00e4 on usein saatavilla. L\u00e4het\u00e4 kysely ja saat tarjouksen 24 tunnin sis\u00e4ll\u00e4. Moottorit, vaihteistot ja muut auton osat takuulla.","og_url":"https:\/\/autopartscenter24.com\/fi\/auton-varaosat\/1-7-cdti-a17dtr-moottori-opel-astra-meriva-zafira-corsa-combo\/","og_site_name":"Autopartscenter24","article_modified_time":"2023-03-10T18:27:45+00:00","og_image":[{"width":800,"height":600,"url":"https:\/\/aliceblue-termite-662564.hostingersite.com\/wp-content\/uploads\/2023\/03\/1-7-cdti-A17DTR-moottori-astra-combo-zafira-corsa.webp","type":"image\/webp"}],"twitter_card":"summary_large_image","twitter_misc":{"Arvioitu lukuaika":"1 minuutti"},"schema":{"@context":"https:\/\/schema.org","@graph":[{"@type":"WebPage","@id":"https:\/\/aliceblue-termite-662564.hostingersite.com\/auton-varaosat\/1-7-cdti-a17dtr-moottori-opel-astra-meriva-zafira-corsa-combo\/","url":"https:\/\/aliceblue-termite-662564.hostingersite.com\/auton-varaosat\/1-7-cdti-a17dtr-moottori-opel-astra-meriva-zafira-corsa-combo\/","name":"1.7 CDTi \"A17DTR\" Moottori [esim. Astra, Zafira, Corsa, Combo]","isPartOf":{"@id":"https:\/\/autopartscenter24.com\/#website"},"primaryImageOfPage":{"@id":"https:\/\/aliceblue-termite-662564.hostingersite.com\/auton-varaosat\/1-7-cdti-a17dtr-moottori-opel-astra-meriva-zafira-corsa-combo\/#primaryimage"},"image":{"@id":"https:\/\/aliceblue-termite-662564.hostingersite.com\/auton-varaosat\/1-7-cdti-a17dtr-moottori-opel-astra-meriva-zafira-corsa-combo\/#primaryimage"},"thumbnailUrl":"https:\/\/autopartscenter24.com\/wp-content\/uploads\/2023\/03\/1-7-cdti-A17DTR-moottori-astra-combo-zafira-corsa.webp","datePublished":"2023-03-05T10:24:25+00:00","dateModified":"2023-03-10T18:27:45+00:00","description":"Yksi moottoreista, joita meill\u00e4 on usein saatavilla. L\u00e4het\u00e4 kysely ja saat tarjouksen 24 tunnin sis\u00e4ll\u00e4. Moottorit, vaihteistot ja muut auton osat takuulla.","breadcrumb":{"@id":"https:\/\/aliceblue-termite-662564.hostingersite.com\/auton-varaosat\/1-7-cdti-a17dtr-moottori-opel-astra-meriva-zafira-corsa-combo\/#breadcrumb"},"inLanguage":"fi","potentialAction":[{"@type":"ReadAction","target":["https:\/\/aliceblue-termite-662564.hostingersite.com\/auton-varaosat\/1-7-cdti-a17dtr-moottori-opel-astra-meriva-zafira-corsa-combo\/"]}]},{"@type":"ImageObject","inLanguage":"fi","@id":"https:\/\/aliceblue-termite-662564.hostingersite.com\/auton-varaosat\/1-7-cdti-a17dtr-moottori-opel-astra-meriva-zafira-corsa-combo\/#primaryimage","url":"https:\/\/autopartscenter24.com\/wp-content\/uploads\/2023\/03\/1-7-cdti-A17DTR-moottori-astra-combo-zafira-corsa.webp","contentUrl":"https:\/\/autopartscenter24.com\/wp-content\/uploads\/2023\/03\/1-7-cdti-A17DTR-moottori-astra-combo-zafira-corsa.webp","width":800,"height":600},{"@type":"BreadcrumbList","@id":"https:\/\/aliceblue-termite-662564.hostingersite.com\/auton-varaosat\/1-7-cdti-a17dtr-moottori-opel-astra-meriva-zafira-corsa-combo\/#breadcrumb","itemListElement":[{"@type":"ListItem","position":1,"name":"Etusivu","item":"https:\/\/aliceblue-termite-662564.hostingersite.com\/"},{"@type":"ListItem","position":2,"name":"Auton varaosat","item":"https:\/\/aliceblue-termite-662564.hostingersite.com\/auton-varaosat\/"},{"@type":"ListItem","position":3,"name":"1.7 CDTi &#8221;A17DTR&#8221; Moottori [esim. Astra, Zafira, Corsa, Combo]"}]},{"@type":"WebSite","@id":"https:\/\/autopartscenter24.com\/#website","url":"https:\/\/autopartscenter24.com\/","name":"Autopartscenter24","description":"K\u00c4YTETYT JA KUNNOSTETUT  AUTON VARAOSAT","potentialAction":[{"@type":"SearchAction","target":{"@type":"EntryPoint","urlTemplate":"https:\/\/autopartscenter24.com\/?s={search_term_string}"},"query-input":{"@type":"PropertyValueSpecification","valueRequired":true,"valueName":"search_term_string"}}],"inLanguage":"fi"}]}},"_links":{"self":[{"href":"https:\/\/autopartscenter24.com\/fi\/wp-json\/wp\/v2\/product\/3677","targetHints":{"allow":["GET"]}}],"collection":[{"href":"https:\/\/autopartscenter24.com\/fi\/wp-json\/wp\/v2\/product"}],"about":[{"href":"https:\/\/autopartscenter24.com\/fi\/wp-json\/wp\/v2\/types\/product"}],"wp:featuredmedia":[{"embeddable":true,"href":"https:\/\/autopartscenter24.com\/fi\/wp-json\/wp\/v2\/media\/4406"}],"wp:attachment":[{"href":"https:\/\/autopartscenter24.com\/fi\/wp-json\/wp\/v2\/media?parent=3677"}],"wp:term":[{"taxonomy":"product_brand","embeddable":true,"href":"https:\/\/autopartscenter24.com\/fi\/wp-json\/wp\/v2\/product_brand?post=3677"},{"taxonomy":"product_cat","embeddable":true,"href":"https:\/\/autopartscenter24.com\/fi\/wp-json\/wp\/v2\/product_cat?post=3677"},{"taxonomy":"product_tag","embeddable":true,"href":"https:\/\/autopartscenter24.com\/fi\/wp-json\/wp\/v2\/product_tag?post=3677"}],"curies":[{"name":"wp","href":"https:\/\/api.w.org\/{rel}","templated":true}]}}