{"id":3662,"date":"2023-03-05T11:09:36","date_gmt":"2023-03-05T10:09:36","guid":{"rendered":"https:\/\/autopartscenter24.com\/?post_type=product&#038;p=3662"},"modified":"2023-03-10T19:27:15","modified_gmt":"2023-03-10T18:27:15","slug":"2-0-hdi-rh02-rhh-moottori-peugeot-5008-citroen-ds4","status":"publish","type":"product","link":"https:\/\/autopartscenter24.com\/fi\/auton-varaosat\/2-0-hdi-rh02-rhh-moottori-peugeot-5008-citroen-ds4\/","title":{"rendered":"2.0 HDI RH02 RHH Moottori [esim. Peugeot 5008, Citroen DS4]"},"content":{"rendered":"<p><strong>2.0 HDI (moottorikoodi: RHH)<\/strong> on dieselmoottori, joka kehitettiin yhteisty\u00f6ss\u00e4 PSA Peugeot Citroenin ja Fordin v\u00e4lill\u00e4. Se kuuluu PSA:n DW-moottorisarjaan, joka on ollut k\u00e4yt\u00f6ss\u00e4 vuodesta 1998 alkaen. RHH-moottori esiteltiin vuonna 2006, ja se on k\u00e4yt\u00f6ss\u00e4 monissa PSA-konserniin kuuluvissa autoissa.<\/p>\n<p>2.0 HDI -moottorin sylinteritilavuus on 1 997 cm\u00b3. Siin\u00e4 on nelj\u00e4 sylinteri\u00e4 riviin asennettuna, ja sen turboahdettu versio tuottaa jopa 163 hv tehoa. Suurin v\u00e4\u00e4nt\u00f6momentti on 340 Nm. RHH-moottorissa on yhden yl\u00e4puolisella nokka-akselilla varustettu DOHC-venttiilij\u00e4rjestelm\u00e4, joka k\u00e4ytt\u00e4\u00e4 suoraa polttoainesis\u00e4ruiskutusta. T\u00e4m\u00e4 j\u00e4rjestelm\u00e4 mahdollistaa polttoaineen tehokkaan k\u00e4yt\u00f6n ja auttaa v\u00e4hent\u00e4m\u00e4\u00e4n hiukkasp\u00e4\u00e4st\u00f6j\u00e4.<\/p>\n<p>Moottori on saatavana my\u00f6s muissa autoissa, jotka on valmistettu PSA Peugeot Citroenin yhteisty\u00f6kumppaneiden toimesta. RHH-moottoria k\u00e4ytet\u00e4\u00e4n my\u00f6s useissa Fordin automalleissa, kuten Ford Focusissa ja Mondeossa.<\/p>\n<p>2.0 HDI -moottorin huolto on yleisesti ottaen helppoa ja edullista. Se tarvitsee s\u00e4\u00e4nn\u00f6llist\u00e4 huoltoa, kuten \u00f6ljynvaihtoja ja suodattimien vaihtoja, jotta sen suorituskyky s\u00e4ilyy optimaalisena. Moottorin k\u00e4ytt\u00f6ik\u00e4 on yleens\u00e4 pitk\u00e4, kunhan se huolletaan s\u00e4\u00e4nn\u00f6llisesti ja oikein.<\/p>\n","protected":false},"excerpt":{"rendered":"<p>2.0 HDI -moottori on ollut k\u00e4yt\u00f6ss\u00e4 monissa PSA-konserniin kuuluvissa autoissa vuosina 2006\u20132018. Se on asennettu seuraaviin automalleihin:<\/p>\n<p>Citroen:<\/p>\n<ul>\n<li>C4<\/li>\n<li>C5<\/li>\n<li>C8<\/li>\n<li>DS4<\/li>\n<li>DS5<\/li>\n<li>Jumpy<\/li>\n<\/ul>\n<p>Peugeot:<\/p>\n<ul>\n<li>307<\/li>\n<li>308<\/li>\n<li>407<\/li>\n<li>508<\/li>\n<li>607<\/li>\n<li>807<\/li>\n<li>Expert<\/li>\n<\/ul>\n","protected":false},"featured_media":4396,"template":"","meta":[],"product_brand":[],"product_cat":[316,315],"product_tag":[363,333,364,404,365,366,338,339,367,341,403,405,368],"class_list":{"0":"post-3662","1":"product","2":"type-product","3":"status-publish","4":"has-post-thumbnail","6":"product_cat-citroen","7":"product_cat-peugeot","8":"product_tag-363","9":"product_tag-333","10":"product_tag-364","11":"product_tag-404","12":"product_tag-365","13":"product_tag-366","14":"product_tag-c4","15":"product_tag-c5","16":"product_tag-c8","17":"product_tag-ds4","18":"product_tag-ds5","19":"product_tag-expert","20":"product_tag-jumpy","21":"pa_varaosan-osasto-moottori","24":"first","25":"instock","26":"shipping-taxable","27":"product-type-simple"},"yoast_head":"<!-- This site is optimized with the Yoast SEO plugin v26.8 - https:\/\/yoast.com\/product\/yoast-seo-wordpress\/ -->\n<title>2.0 HDI RH02 RHH Moottori [esim. Peugeot 5008, Citroen DS4]<\/title>\n<meta name=\"description\" content=\"Yksi moottoreista, joita meill\u00e4 on usein saatavilla. L\u00e4het\u00e4 kysely ja saat tarjouksen 24 tunnin sis\u00e4ll\u00e4. Moottorit, vaihteistot ja muut auton osat takuulla.\" \/>\n<meta name=\"robots\" content=\"index, follow, max-snippet:-1, max-image-preview:large, max-video-preview:-1\" \/>\n<link rel=\"canonical\" href=\"https:\/\/autopartscenter24.com\/fi\/auton-varaosat\/2-0-hdi-rh02-rhh-moottori-peugeot-5008-citroen-ds4\/\" \/>\n<meta property=\"og:locale\" content=\"fi_FI\" \/>\n<meta property=\"og:type\" content=\"article\" \/>\n<meta property=\"og:title\" content=\"2.0 HDI RH02 RHH Moottori [esim. Peugeot 5008, Citroen DS4]\" \/>\n<meta property=\"og:description\" content=\"Yksi moottoreista, joita meill\u00e4 on usein saatavilla. L\u00e4het\u00e4 kysely ja saat tarjouksen 24 tunnin sis\u00e4ll\u00e4. Moottorit, vaihteistot ja muut auton osat takuulla.\" \/>\n<meta property=\"og:url\" content=\"https:\/\/autopartscenter24.com\/fi\/auton-varaosat\/2-0-hdi-rh02-rhh-moottori-peugeot-5008-citroen-ds4\/\" \/>\n<meta property=\"og:site_name\" content=\"Autopartscenter24\" \/>\n<meta property=\"article:modified_time\" content=\"2023-03-10T18:27:15+00:00\" \/>\n<meta property=\"og:image\" content=\"https:\/\/aliceblue-termite-662564.hostingersite.com\/wp-content\/uploads\/2023\/03\/2-0-hdi-rh02-rhh-moottori-peugeot-5008-citroen-ds4.webp\" \/>\n\t<meta property=\"og:image:width\" content=\"800\" \/>\n\t<meta property=\"og:image:height\" content=\"600\" \/>\n\t<meta property=\"og:image:type\" content=\"image\/webp\" \/>\n<meta name=\"twitter:card\" content=\"summary_large_image\" \/>\n<meta name=\"twitter:label1\" content=\"Arvioitu lukuaika\" \/>\n\t<meta name=\"twitter:data1\" content=\"1 minuutti\" \/>\n<script type=\"application\/ld+json\" class=\"yoast-schema-graph\">{\"@context\":\"https:\/\/schema.org\",\"@graph\":[{\"@type\":\"WebPage\",\"@id\":\"https:\/\/aliceblue-termite-662564.hostingersite.com\/auton-varaosat\/2-0-hdi-rh02-rhh-moottori-peugeot-5008-citroen-ds4\/\",\"url\":\"https:\/\/aliceblue-termite-662564.hostingersite.com\/auton-varaosat\/2-0-hdi-rh02-rhh-moottori-peugeot-5008-citroen-ds4\/\",\"name\":\"2.0 HDI RH02 RHH Moottori [esim. Peugeot 5008, Citroen DS4]\",\"isPartOf\":{\"@id\":\"https:\/\/autopartscenter24.com\/#website\"},\"primaryImageOfPage\":{\"@id\":\"https:\/\/aliceblue-termite-662564.hostingersite.com\/auton-varaosat\/2-0-hdi-rh02-rhh-moottori-peugeot-5008-citroen-ds4\/#primaryimage\"},\"image\":{\"@id\":\"https:\/\/aliceblue-termite-662564.hostingersite.com\/auton-varaosat\/2-0-hdi-rh02-rhh-moottori-peugeot-5008-citroen-ds4\/#primaryimage\"},\"thumbnailUrl\":\"https:\/\/autopartscenter24.com\/wp-content\/uploads\/2023\/03\/2-0-hdi-rh02-rhh-moottori-peugeot-5008-citroen-ds4.webp\",\"datePublished\":\"2023-03-05T10:09:36+00:00\",\"dateModified\":\"2023-03-10T18:27:15+00:00\",\"description\":\"Yksi moottoreista, joita meill\u00e4 on usein saatavilla. L\u00e4het\u00e4 kysely ja saat tarjouksen 24 tunnin sis\u00e4ll\u00e4. Moottorit, vaihteistot ja muut auton osat takuulla.\",\"breadcrumb\":{\"@id\":\"https:\/\/aliceblue-termite-662564.hostingersite.com\/auton-varaosat\/2-0-hdi-rh02-rhh-moottori-peugeot-5008-citroen-ds4\/#breadcrumb\"},\"inLanguage\":\"fi\",\"potentialAction\":[{\"@type\":\"ReadAction\",\"target\":[\"https:\/\/aliceblue-termite-662564.hostingersite.com\/auton-varaosat\/2-0-hdi-rh02-rhh-moottori-peugeot-5008-citroen-ds4\/\"]}]},{\"@type\":\"ImageObject\",\"inLanguage\":\"fi\",\"@id\":\"https:\/\/aliceblue-termite-662564.hostingersite.com\/auton-varaosat\/2-0-hdi-rh02-rhh-moottori-peugeot-5008-citroen-ds4\/#primaryimage\",\"url\":\"https:\/\/autopartscenter24.com\/wp-content\/uploads\/2023\/03\/2-0-hdi-rh02-rhh-moottori-peugeot-5008-citroen-ds4.webp\",\"contentUrl\":\"https:\/\/autopartscenter24.com\/wp-content\/uploads\/2023\/03\/2-0-hdi-rh02-rhh-moottori-peugeot-5008-citroen-ds4.webp\",\"width\":800,\"height\":600},{\"@type\":\"BreadcrumbList\",\"@id\":\"https:\/\/aliceblue-termite-662564.hostingersite.com\/auton-varaosat\/2-0-hdi-rh02-rhh-moottori-peugeot-5008-citroen-ds4\/#breadcrumb\",\"itemListElement\":[{\"@type\":\"ListItem\",\"position\":1,\"name\":\"Etusivu\",\"item\":\"https:\/\/aliceblue-termite-662564.hostingersite.com\/\"},{\"@type\":\"ListItem\",\"position\":2,\"name\":\"Auton varaosat\",\"item\":\"https:\/\/aliceblue-termite-662564.hostingersite.com\/auton-varaosat\/\"},{\"@type\":\"ListItem\",\"position\":3,\"name\":\"2.0 HDI RH02 RHH Moottori [esim. Peugeot 5008, Citroen DS4]\"}]},{\"@type\":\"WebSite\",\"@id\":\"https:\/\/autopartscenter24.com\/#website\",\"url\":\"https:\/\/autopartscenter24.com\/\",\"name\":\"Autopartscenter24\",\"description\":\"K\u00c4YTETYT JA KUNNOSTETUT  AUTON VARAOSAT\",\"potentialAction\":[{\"@type\":\"SearchAction\",\"target\":{\"@type\":\"EntryPoint\",\"urlTemplate\":\"https:\/\/autopartscenter24.com\/?s={search_term_string}\"},\"query-input\":{\"@type\":\"PropertyValueSpecification\",\"valueRequired\":true,\"valueName\":\"search_term_string\"}}],\"inLanguage\":\"fi\"}]}<\/script>\n<!-- \/ Yoast SEO plugin. -->","yoast_head_json":{"title":"2.0 HDI RH02 RHH Moottori [esim. Peugeot 5008, Citroen DS4]","description":"Yksi moottoreista, joita meill\u00e4 on usein saatavilla. L\u00e4het\u00e4 kysely ja saat tarjouksen 24 tunnin sis\u00e4ll\u00e4. Moottorit, vaihteistot ja muut auton osat takuulla.","robots":{"index":"index","follow":"follow","max-snippet":"max-snippet:-1","max-image-preview":"max-image-preview:large","max-video-preview":"max-video-preview:-1"},"canonical":"https:\/\/autopartscenter24.com\/fi\/auton-varaosat\/2-0-hdi-rh02-rhh-moottori-peugeot-5008-citroen-ds4\/","og_locale":"fi_FI","og_type":"article","og_title":"2.0 HDI RH02 RHH Moottori [esim. Peugeot 5008, Citroen DS4]","og_description":"Yksi moottoreista, joita meill\u00e4 on usein saatavilla. L\u00e4het\u00e4 kysely ja saat tarjouksen 24 tunnin sis\u00e4ll\u00e4. Moottorit, vaihteistot ja muut auton osat takuulla.","og_url":"https:\/\/autopartscenter24.com\/fi\/auton-varaosat\/2-0-hdi-rh02-rhh-moottori-peugeot-5008-citroen-ds4\/","og_site_name":"Autopartscenter24","article_modified_time":"2023-03-10T18:27:15+00:00","og_image":[{"width":800,"height":600,"url":"https:\/\/aliceblue-termite-662564.hostingersite.com\/wp-content\/uploads\/2023\/03\/2-0-hdi-rh02-rhh-moottori-peugeot-5008-citroen-ds4.webp","type":"image\/webp"}],"twitter_card":"summary_large_image","twitter_misc":{"Arvioitu lukuaika":"1 minuutti"},"schema":{"@context":"https:\/\/schema.org","@graph":[{"@type":"WebPage","@id":"https:\/\/aliceblue-termite-662564.hostingersite.com\/auton-varaosat\/2-0-hdi-rh02-rhh-moottori-peugeot-5008-citroen-ds4\/","url":"https:\/\/aliceblue-termite-662564.hostingersite.com\/auton-varaosat\/2-0-hdi-rh02-rhh-moottori-peugeot-5008-citroen-ds4\/","name":"2.0 HDI RH02 RHH Moottori [esim. Peugeot 5008, Citroen DS4]","isPartOf":{"@id":"https:\/\/autopartscenter24.com\/#website"},"primaryImageOfPage":{"@id":"https:\/\/aliceblue-termite-662564.hostingersite.com\/auton-varaosat\/2-0-hdi-rh02-rhh-moottori-peugeot-5008-citroen-ds4\/#primaryimage"},"image":{"@id":"https:\/\/aliceblue-termite-662564.hostingersite.com\/auton-varaosat\/2-0-hdi-rh02-rhh-moottori-peugeot-5008-citroen-ds4\/#primaryimage"},"thumbnailUrl":"https:\/\/autopartscenter24.com\/wp-content\/uploads\/2023\/03\/2-0-hdi-rh02-rhh-moottori-peugeot-5008-citroen-ds4.webp","datePublished":"2023-03-05T10:09:36+00:00","dateModified":"2023-03-10T18:27:15+00:00","description":"Yksi moottoreista, joita meill\u00e4 on usein saatavilla. L\u00e4het\u00e4 kysely ja saat tarjouksen 24 tunnin sis\u00e4ll\u00e4. Moottorit, vaihteistot ja muut auton osat takuulla.","breadcrumb":{"@id":"https:\/\/aliceblue-termite-662564.hostingersite.com\/auton-varaosat\/2-0-hdi-rh02-rhh-moottori-peugeot-5008-citroen-ds4\/#breadcrumb"},"inLanguage":"fi","potentialAction":[{"@type":"ReadAction","target":["https:\/\/aliceblue-termite-662564.hostingersite.com\/auton-varaosat\/2-0-hdi-rh02-rhh-moottori-peugeot-5008-citroen-ds4\/"]}]},{"@type":"ImageObject","inLanguage":"fi","@id":"https:\/\/aliceblue-termite-662564.hostingersite.com\/auton-varaosat\/2-0-hdi-rh02-rhh-moottori-peugeot-5008-citroen-ds4\/#primaryimage","url":"https:\/\/autopartscenter24.com\/wp-content\/uploads\/2023\/03\/2-0-hdi-rh02-rhh-moottori-peugeot-5008-citroen-ds4.webp","contentUrl":"https:\/\/autopartscenter24.com\/wp-content\/uploads\/2023\/03\/2-0-hdi-rh02-rhh-moottori-peugeot-5008-citroen-ds4.webp","width":800,"height":600},{"@type":"BreadcrumbList","@id":"https:\/\/aliceblue-termite-662564.hostingersite.com\/auton-varaosat\/2-0-hdi-rh02-rhh-moottori-peugeot-5008-citroen-ds4\/#breadcrumb","itemListElement":[{"@type":"ListItem","position":1,"name":"Etusivu","item":"https:\/\/aliceblue-termite-662564.hostingersite.com\/"},{"@type":"ListItem","position":2,"name":"Auton varaosat","item":"https:\/\/aliceblue-termite-662564.hostingersite.com\/auton-varaosat\/"},{"@type":"ListItem","position":3,"name":"2.0 HDI RH02 RHH Moottori [esim. Peugeot 5008, Citroen DS4]"}]},{"@type":"WebSite","@id":"https:\/\/autopartscenter24.com\/#website","url":"https:\/\/autopartscenter24.com\/","name":"Autopartscenter24","description":"K\u00c4YTETYT JA KUNNOSTETUT  AUTON VARAOSAT","potentialAction":[{"@type":"SearchAction","target":{"@type":"EntryPoint","urlTemplate":"https:\/\/autopartscenter24.com\/?s={search_term_string}"},"query-input":{"@type":"PropertyValueSpecification","valueRequired":true,"valueName":"search_term_string"}}],"inLanguage":"fi"}]}},"_links":{"self":[{"href":"https:\/\/autopartscenter24.com\/fi\/wp-json\/wp\/v2\/product\/3662","targetHints":{"allow":["GET"]}}],"collection":[{"href":"https:\/\/autopartscenter24.com\/fi\/wp-json\/wp\/v2\/product"}],"about":[{"href":"https:\/\/autopartscenter24.com\/fi\/wp-json\/wp\/v2\/types\/product"}],"wp:featuredmedia":[{"embeddable":true,"href":"https:\/\/autopartscenter24.com\/fi\/wp-json\/wp\/v2\/media\/4396"}],"wp:attachment":[{"href":"https:\/\/autopartscenter24.com\/fi\/wp-json\/wp\/v2\/media?parent=3662"}],"wp:term":[{"taxonomy":"product_brand","embeddable":true,"href":"https:\/\/autopartscenter24.com\/fi\/wp-json\/wp\/v2\/product_brand?post=3662"},{"taxonomy":"product_cat","embeddable":true,"href":"https:\/\/autopartscenter24.com\/fi\/wp-json\/wp\/v2\/product_cat?post=3662"},{"taxonomy":"product_tag","embeddable":true,"href":"https:\/\/autopartscenter24.com\/fi\/wp-json\/wp\/v2\/product_tag?post=3662"}],"curies":[{"name":"wp","href":"https:\/\/api.w.org\/{rel}","templated":true}]}}