{"id":3639,"date":"2023-03-05T10:22:41","date_gmt":"2023-03-05T09:22:41","guid":{"rendered":"https:\/\/autopartscenter24.com\/?post_type=product&#038;p=3639"},"modified":"2023-03-10T19:26:09","modified_gmt":"2023-03-10T18:26:09","slug":"2-2-cdi-651-955-moottori-mercedes-benz-sprinter","status":"publish","type":"product","link":"https:\/\/autopartscenter24.com\/fi\/auton-varaosat\/2-2-cdi-651-955-moottori-mercedes-benz-sprinter\/","title":{"rendered":"2.2 CDI &#8221;651.955&#8221; Moottori [esim. Sprinter, Vito, Citan]"},"content":{"rendered":"<p>Valmistajan mukaan <strong>Mercedes-Benz Sprinter 2.2 CDI (moottorikoodi: 651955)<\/strong> on tehokas ja taloudellinen dieselmoottori. Moottorin suunnittelussa on kiinnitetty erityist\u00e4 huomiota polttoainetaloudellisuuteen ja v\u00e4h\u00e4p\u00e4\u00e4st\u00f6isyyteen. Moottorissa on monipuolinen Common Rail -suorasuihkutusj\u00e4rjestelm\u00e4 ja kaksi ahtopainetta, jotka takaavat suuren tehon ja v\u00e4\u00e4nn\u00f6n.<\/p>\n<p>2.2-litrainen moottori on nelisylinterinen ja siin\u00e4 on 16 venttiili\u00e4. Moottorin teho on jopa 163 hv ja v\u00e4\u00e4nt\u00f6momentti 380 Nm. Moottorin kierroslukualue on laaja, ja se reagoi nopeasti kaasuun, mik\u00e4 tekee siit\u00e4 eritt\u00e4in joustavan.<\/p>\n<p>Mercedes-Benz Sprinter 2.2 CDI -moottoria on k\u00e4ytetty laajalti useissa eri ajoneuvomalleissa, mukaan lukien Mercedes-Benzin oma Sprinter-sarja. Lis\u00e4ksi se on ollut suosittu valinta monissa muissa pakettiautoissa ja kevyiss\u00e4 hy\u00f6tyajoneuvoissa.<\/p>\n<p>Alla on luettelo muutamista automerkeist\u00e4 ja malleista, joissa Sprinter 2.2 CDI -moottoria on k\u00e4ytetty:<\/p>\n<ul>\n<li>Mercedes-Benz Sprinter (vuodesta 2013)<\/li>\n<li>Mercedes-Benz Vito (vuodesta 2014)<\/li>\n<li>Mercedes-Benz Citan (vuodesta 2013)<\/li>\n<\/ul>\n<p>Sprinter 2.2 CDI -moottori on ollut suosittu valinta monille yrityksille ja yksityishenkil\u00f6ille, jotka tarvitsevat luotettavan ja taloudellisen ajoneuvon. Moottori on osoittanut olevansa kest\u00e4v\u00e4 ja helppo huoltaa, mik\u00e4 on lis\u00e4nnyt sen suosiota ymp\u00e4ri maailman.<\/p>\n","protected":false},"excerpt":{"rendered":"<ul>\n<li>Mercedes-Benz Sprinter (2009-2018)<\/li>\n<li>Mercedes-Benz Vito (2010-2014)<\/li>\n<li>Mercedes-Benz C-Class (2013-2014)<\/li>\n<li>Mercedes-Benz E-Class (2013-2014)<\/li>\n<li>Mercedes-Benz GLK-Class (2013-2015)<\/li>\n<li>Mercedes-Benz CLA-Class (2013-2014)<\/li>\n<\/ul>\n","protected":false},"featured_media":4381,"template":"","meta":[],"product_brand":[],"product_cat":[307],"product_tag":[393,391,392],"class_list":{"0":"post-3639","1":"product","2":"type-product","3":"status-publish","4":"has-post-thumbnail","6":"product_cat-mercedes-benz","7":"product_tag-citan","8":"product_tag-sprinter","9":"product_tag-vito","10":"pa_varaosan-osasto-moottori","13":"first","14":"instock","15":"shipping-taxable","16":"product-type-simple"},"yoast_head":"<!-- This site is optimized with the Yoast SEO plugin v26.8 - https:\/\/yoast.com\/product\/yoast-seo-wordpress\/ -->\n<title>2.2 CDI &quot;651.955&quot; Moottori [esim. Sprinter, Vito, Citan]<\/title>\n<meta name=\"description\" content=\"Yksi moottoreista, joita meill\u00e4 on usein saatavilla. L\u00e4het\u00e4 kysely ja saat tarjouksen 24 tunnin sis\u00e4ll\u00e4. Moottorit, vaihteistot ja muut auton osat takuulla.\" \/>\n<meta name=\"robots\" content=\"index, follow, max-snippet:-1, max-image-preview:large, max-video-preview:-1\" \/>\n<link rel=\"canonical\" href=\"https:\/\/autopartscenter24.com\/fi\/auton-varaosat\/2-2-cdi-651-955-moottori-mercedes-benz-sprinter\/\" \/>\n<meta property=\"og:locale\" content=\"fi_FI\" \/>\n<meta property=\"og:type\" content=\"article\" \/>\n<meta property=\"og:title\" content=\"2.2 CDI &quot;651.955&quot; Moottori [esim. Sprinter, Vito, Citan]\" \/>\n<meta property=\"og:description\" content=\"Yksi moottoreista, joita meill\u00e4 on usein saatavilla. L\u00e4het\u00e4 kysely ja saat tarjouksen 24 tunnin sis\u00e4ll\u00e4. Moottorit, vaihteistot ja muut auton osat takuulla.\" \/>\n<meta property=\"og:url\" content=\"https:\/\/autopartscenter24.com\/fi\/auton-varaosat\/2-2-cdi-651-955-moottori-mercedes-benz-sprinter\/\" \/>\n<meta property=\"og:site_name\" content=\"Autopartscenter24\" \/>\n<meta property=\"article:modified_time\" content=\"2023-03-10T18:26:09+00:00\" \/>\n<meta property=\"og:image\" content=\"https:\/\/aliceblue-termite-662564.hostingersite.com\/wp-content\/uploads\/2023\/03\/2-2-CDI-651955-moottori-mercedes-sprinter.webp\" \/>\n\t<meta property=\"og:image:width\" content=\"800\" \/>\n\t<meta property=\"og:image:height\" content=\"600\" \/>\n\t<meta property=\"og:image:type\" content=\"image\/webp\" \/>\n<meta name=\"twitter:card\" content=\"summary_large_image\" \/>\n<meta name=\"twitter:label1\" content=\"Arvioitu lukuaika\" \/>\n\t<meta name=\"twitter:data1\" content=\"1 minuutti\" \/>\n<script type=\"application\/ld+json\" class=\"yoast-schema-graph\">{\"@context\":\"https:\/\/schema.org\",\"@graph\":[{\"@type\":\"WebPage\",\"@id\":\"https:\/\/aliceblue-termite-662564.hostingersite.com\/auton-varaosat\/2-2-cdi-651-955-moottori-mercedes-benz-sprinter\/\",\"url\":\"https:\/\/aliceblue-termite-662564.hostingersite.com\/auton-varaosat\/2-2-cdi-651-955-moottori-mercedes-benz-sprinter\/\",\"name\":\"2.2 CDI \\\"651.955\\\" Moottori [esim. Sprinter, Vito, Citan]\",\"isPartOf\":{\"@id\":\"https:\/\/autopartscenter24.com\/#website\"},\"primaryImageOfPage\":{\"@id\":\"https:\/\/aliceblue-termite-662564.hostingersite.com\/auton-varaosat\/2-2-cdi-651-955-moottori-mercedes-benz-sprinter\/#primaryimage\"},\"image\":{\"@id\":\"https:\/\/aliceblue-termite-662564.hostingersite.com\/auton-varaosat\/2-2-cdi-651-955-moottori-mercedes-benz-sprinter\/#primaryimage\"},\"thumbnailUrl\":\"https:\/\/autopartscenter24.com\/wp-content\/uploads\/2023\/03\/2-2-CDI-651955-moottori-mercedes-sprinter.webp\",\"datePublished\":\"2023-03-05T09:22:41+00:00\",\"dateModified\":\"2023-03-10T18:26:09+00:00\",\"description\":\"Yksi moottoreista, joita meill\u00e4 on usein saatavilla. L\u00e4het\u00e4 kysely ja saat tarjouksen 24 tunnin sis\u00e4ll\u00e4. Moottorit, vaihteistot ja muut auton osat takuulla.\",\"breadcrumb\":{\"@id\":\"https:\/\/aliceblue-termite-662564.hostingersite.com\/auton-varaosat\/2-2-cdi-651-955-moottori-mercedes-benz-sprinter\/#breadcrumb\"},\"inLanguage\":\"fi\",\"potentialAction\":[{\"@type\":\"ReadAction\",\"target\":[\"https:\/\/aliceblue-termite-662564.hostingersite.com\/auton-varaosat\/2-2-cdi-651-955-moottori-mercedes-benz-sprinter\/\"]}]},{\"@type\":\"ImageObject\",\"inLanguage\":\"fi\",\"@id\":\"https:\/\/aliceblue-termite-662564.hostingersite.com\/auton-varaosat\/2-2-cdi-651-955-moottori-mercedes-benz-sprinter\/#primaryimage\",\"url\":\"https:\/\/autopartscenter24.com\/wp-content\/uploads\/2023\/03\/2-2-CDI-651955-moottori-mercedes-sprinter.webp\",\"contentUrl\":\"https:\/\/autopartscenter24.com\/wp-content\/uploads\/2023\/03\/2-2-CDI-651955-moottori-mercedes-sprinter.webp\",\"width\":800,\"height\":600},{\"@type\":\"BreadcrumbList\",\"@id\":\"https:\/\/aliceblue-termite-662564.hostingersite.com\/auton-varaosat\/2-2-cdi-651-955-moottori-mercedes-benz-sprinter\/#breadcrumb\",\"itemListElement\":[{\"@type\":\"ListItem\",\"position\":1,\"name\":\"Etusivu\",\"item\":\"https:\/\/aliceblue-termite-662564.hostingersite.com\/\"},{\"@type\":\"ListItem\",\"position\":2,\"name\":\"Auton varaosat\",\"item\":\"https:\/\/aliceblue-termite-662564.hostingersite.com\/auton-varaosat\/\"},{\"@type\":\"ListItem\",\"position\":3,\"name\":\"2.2 CDI &#8221;651.955&#8221; Moottori [esim. Sprinter, Vito, Citan]\"}]},{\"@type\":\"WebSite\",\"@id\":\"https:\/\/autopartscenter24.com\/#website\",\"url\":\"https:\/\/autopartscenter24.com\/\",\"name\":\"Autopartscenter24\",\"description\":\"K\u00c4YTETYT JA KUNNOSTETUT  AUTON VARAOSAT\",\"potentialAction\":[{\"@type\":\"SearchAction\",\"target\":{\"@type\":\"EntryPoint\",\"urlTemplate\":\"https:\/\/autopartscenter24.com\/?s={search_term_string}\"},\"query-input\":{\"@type\":\"PropertyValueSpecification\",\"valueRequired\":true,\"valueName\":\"search_term_string\"}}],\"inLanguage\":\"fi\"}]}<\/script>\n<!-- \/ Yoast SEO plugin. -->","yoast_head_json":{"title":"2.2 CDI \"651.955\" Moottori [esim. Sprinter, Vito, Citan]","description":"Yksi moottoreista, joita meill\u00e4 on usein saatavilla. L\u00e4het\u00e4 kysely ja saat tarjouksen 24 tunnin sis\u00e4ll\u00e4. Moottorit, vaihteistot ja muut auton osat takuulla.","robots":{"index":"index","follow":"follow","max-snippet":"max-snippet:-1","max-image-preview":"max-image-preview:large","max-video-preview":"max-video-preview:-1"},"canonical":"https:\/\/autopartscenter24.com\/fi\/auton-varaosat\/2-2-cdi-651-955-moottori-mercedes-benz-sprinter\/","og_locale":"fi_FI","og_type":"article","og_title":"2.2 CDI \"651.955\" Moottori [esim. Sprinter, Vito, Citan]","og_description":"Yksi moottoreista, joita meill\u00e4 on usein saatavilla. L\u00e4het\u00e4 kysely ja saat tarjouksen 24 tunnin sis\u00e4ll\u00e4. Moottorit, vaihteistot ja muut auton osat takuulla.","og_url":"https:\/\/autopartscenter24.com\/fi\/auton-varaosat\/2-2-cdi-651-955-moottori-mercedes-benz-sprinter\/","og_site_name":"Autopartscenter24","article_modified_time":"2023-03-10T18:26:09+00:00","og_image":[{"width":800,"height":600,"url":"https:\/\/aliceblue-termite-662564.hostingersite.com\/wp-content\/uploads\/2023\/03\/2-2-CDI-651955-moottori-mercedes-sprinter.webp","type":"image\/webp"}],"twitter_card":"summary_large_image","twitter_misc":{"Arvioitu lukuaika":"1 minuutti"},"schema":{"@context":"https:\/\/schema.org","@graph":[{"@type":"WebPage","@id":"https:\/\/aliceblue-termite-662564.hostingersite.com\/auton-varaosat\/2-2-cdi-651-955-moottori-mercedes-benz-sprinter\/","url":"https:\/\/aliceblue-termite-662564.hostingersite.com\/auton-varaosat\/2-2-cdi-651-955-moottori-mercedes-benz-sprinter\/","name":"2.2 CDI \"651.955\" Moottori [esim. Sprinter, Vito, Citan]","isPartOf":{"@id":"https:\/\/autopartscenter24.com\/#website"},"primaryImageOfPage":{"@id":"https:\/\/aliceblue-termite-662564.hostingersite.com\/auton-varaosat\/2-2-cdi-651-955-moottori-mercedes-benz-sprinter\/#primaryimage"},"image":{"@id":"https:\/\/aliceblue-termite-662564.hostingersite.com\/auton-varaosat\/2-2-cdi-651-955-moottori-mercedes-benz-sprinter\/#primaryimage"},"thumbnailUrl":"https:\/\/autopartscenter24.com\/wp-content\/uploads\/2023\/03\/2-2-CDI-651955-moottori-mercedes-sprinter.webp","datePublished":"2023-03-05T09:22:41+00:00","dateModified":"2023-03-10T18:26:09+00:00","description":"Yksi moottoreista, joita meill\u00e4 on usein saatavilla. L\u00e4het\u00e4 kysely ja saat tarjouksen 24 tunnin sis\u00e4ll\u00e4. Moottorit, vaihteistot ja muut auton osat takuulla.","breadcrumb":{"@id":"https:\/\/aliceblue-termite-662564.hostingersite.com\/auton-varaosat\/2-2-cdi-651-955-moottori-mercedes-benz-sprinter\/#breadcrumb"},"inLanguage":"fi","potentialAction":[{"@type":"ReadAction","target":["https:\/\/aliceblue-termite-662564.hostingersite.com\/auton-varaosat\/2-2-cdi-651-955-moottori-mercedes-benz-sprinter\/"]}]},{"@type":"ImageObject","inLanguage":"fi","@id":"https:\/\/aliceblue-termite-662564.hostingersite.com\/auton-varaosat\/2-2-cdi-651-955-moottori-mercedes-benz-sprinter\/#primaryimage","url":"https:\/\/autopartscenter24.com\/wp-content\/uploads\/2023\/03\/2-2-CDI-651955-moottori-mercedes-sprinter.webp","contentUrl":"https:\/\/autopartscenter24.com\/wp-content\/uploads\/2023\/03\/2-2-CDI-651955-moottori-mercedes-sprinter.webp","width":800,"height":600},{"@type":"BreadcrumbList","@id":"https:\/\/aliceblue-termite-662564.hostingersite.com\/auton-varaosat\/2-2-cdi-651-955-moottori-mercedes-benz-sprinter\/#breadcrumb","itemListElement":[{"@type":"ListItem","position":1,"name":"Etusivu","item":"https:\/\/aliceblue-termite-662564.hostingersite.com\/"},{"@type":"ListItem","position":2,"name":"Auton varaosat","item":"https:\/\/aliceblue-termite-662564.hostingersite.com\/auton-varaosat\/"},{"@type":"ListItem","position":3,"name":"2.2 CDI &#8221;651.955&#8221; Moottori [esim. Sprinter, Vito, Citan]"}]},{"@type":"WebSite","@id":"https:\/\/autopartscenter24.com\/#website","url":"https:\/\/autopartscenter24.com\/","name":"Autopartscenter24","description":"K\u00c4YTETYT JA KUNNOSTETUT  AUTON VARAOSAT","potentialAction":[{"@type":"SearchAction","target":{"@type":"EntryPoint","urlTemplate":"https:\/\/autopartscenter24.com\/?s={search_term_string}"},"query-input":{"@type":"PropertyValueSpecification","valueRequired":true,"valueName":"search_term_string"}}],"inLanguage":"fi"}]}},"_links":{"self":[{"href":"https:\/\/autopartscenter24.com\/fi\/wp-json\/wp\/v2\/product\/3639","targetHints":{"allow":["GET"]}}],"collection":[{"href":"https:\/\/autopartscenter24.com\/fi\/wp-json\/wp\/v2\/product"}],"about":[{"href":"https:\/\/autopartscenter24.com\/fi\/wp-json\/wp\/v2\/types\/product"}],"wp:featuredmedia":[{"embeddable":true,"href":"https:\/\/autopartscenter24.com\/fi\/wp-json\/wp\/v2\/media\/4381"}],"wp:attachment":[{"href":"https:\/\/autopartscenter24.com\/fi\/wp-json\/wp\/v2\/media?parent=3639"}],"wp:term":[{"taxonomy":"product_brand","embeddable":true,"href":"https:\/\/autopartscenter24.com\/fi\/wp-json\/wp\/v2\/product_brand?post=3639"},{"taxonomy":"product_cat","embeddable":true,"href":"https:\/\/autopartscenter24.com\/fi\/wp-json\/wp\/v2\/product_cat?post=3639"},{"taxonomy":"product_tag","embeddable":true,"href":"https:\/\/autopartscenter24.com\/fi\/wp-json\/wp\/v2\/product_tag?post=3639"}],"curies":[{"name":"wp","href":"https:\/\/api.w.org\/{rel}","templated":true}]}}