{"id":3625,"date":"2023-03-05T09:59:56","date_gmt":"2023-03-05T08:59:56","guid":{"rendered":"https:\/\/autopartscenter24.com\/?post_type=product&#038;p=3625"},"modified":"2023-03-10T19:25:32","modified_gmt":"2023-03-10T18:25:32","slug":"2-0-tfsi-bpj-moottori-audi-a4-a5-vw-passat","status":"publish","type":"product","link":"https:\/\/autopartscenter24.com\/fi\/auton-varaosat\/2-0-tfsi-bpj-moottori-audi-a4-a5-vw-passat\/","title":{"rendered":"2.0 TFSI &#8221;BPJ&#8221; Moottori [esim. Audi A4, A5, VW Passat]"},"content":{"rendered":"<p><strong>2.0 TFSI (BPJ)<\/strong> on Audi-konsernin kehitt\u00e4m\u00e4 suorasuihkutusmoottori, joka otettiin k\u00e4ytt\u00f6\u00f6n vuonna 2009. T\u00e4m\u00e4 moottori on suosittu vaihtoehto monissa Audi-, Volkswagen-, SEAT- ja \u0160koda-malleissa.<\/p>\n<p>Moottorin tekniset ominaisuudet ovat erinomaiset. Se on nelisylinterinen bensiinimoottori, jonka iskutilavuus on 1984 cm\u00b3. Suorasuihkutus ja turboahdin auttavat moottoria saavuttamaan suuremman teho-painosuhteen. <strong>BPJ-moottorissa<\/strong> on my\u00f6s monipuolinen nokka-akselien s\u00e4\u00e4t\u00f6j\u00e4rjestelm\u00e4, joka sallii venttiilien avautumisen ja sulkemisen tarkemmin. T\u00e4m\u00e4 auttaa parantamaan moottorin tehokkuutta ja suorituskyky\u00e4.<\/p>\n<p>BPJ-moottorin suurin teho on 211 hv ja maksimiv\u00e4\u00e4nt\u00f6momentti 350 Nm. Se saavuttaa 0-100 km\/h nopeuden vain 6,5 sekunnissa. Moottorin huippunopeus on 250 km\/h, mik\u00e4 on suuri saavutus nelisylinteriselle moottorille. Lis\u00e4ksi moottorin CO2-p\u00e4\u00e4st\u00f6t ovat suhteellisen alhaiset, mik\u00e4 on yksi syy sen suosioon.<\/p>\n<p>BPJ-moottoria on k\u00e4ytetty laajalti eri automerkeiss\u00e4 ja -malleissa. Audi k\u00e4ytti t\u00e4t\u00e4 moottoria A4-, A5-, A6-, A7- ja Q5-malleissa vuosina 2009-2016. Volkswagen on k\u00e4ytt\u00e4nyt BPJ-moottoria Golf GTI-, Golf R-, Passat-, Tiguan-, Scirocco- ja Sharan-malleissa vuosina 2009-2018. SEAT on k\u00e4ytt\u00e4nyt moottoria Leon- ja Altea-malleissa vuosina 2010-2013, ja \u0160koda on k\u00e4ytt\u00e4nyt moottoria Octavia- ja Superb-malleissa vuosina 2009-2013.<\/p>\n<p>Yhteenvetona voidaan todeta, ett\u00e4 2.0 TFSI (BPJ) on eritt\u00e4in suorituskykyinen ja tehokas moottori, joka on suosittu monissa automerkeiss\u00e4 ja -malleissa. Suorasuihkutus ja turboahdin ovat auttaneet parantamaan moottorin tehokkuutta, ja monipuolinen nokka-akselien s\u00e4\u00e4t\u00f6j\u00e4rjestelm\u00e4 parantaa moottorin suorituskyky\u00e4. Moottorin alhaiset CO2-p\u00e4\u00e4st\u00f6t ovat my\u00f6s yksi sen eduista.<\/p>\n","protected":false},"excerpt":{"rendered":"<ul>\n<li>Audi A4 (B8) (2008-2015)<\/li>\n<li>Audi A5 (8T) (2007-2016)<\/li>\n<li>Audi Q5 (8R) (2008-2017)<\/li>\n<li>Audi TT (8J) (2006-2014)<\/li>\n<li>Volkswagen Passat (B6\/B7) (2005-2014)<\/li>\n<li>Volkswagen CC (2008-2017)<\/li>\n<li>Volkswagen Golf GTI (Mk6\/Mk7) (2009-2017)<\/li>\n<li>Volkswagen Jetta GLI (2012-2018)<\/li>\n<\/ul>\n","protected":false},"featured_media":4371,"template":"","meta":[],"product_brand":[],"product_cat":[300,301],"product_tag":[304,376,377,381,345,382,349,352,378,380,379],"class_list":{"0":"post-3625","1":"product","2":"type-product","3":"status-publish","4":"has-post-thumbnail","6":"product_cat-audi","7":"product_cat-vw","8":"product_tag-a4","9":"product_tag-a5","10":"product_tag-a6","11":"product_tag-cc","12":"product_tag-golf","13":"product_tag-jetta","14":"product_tag-passat","15":"product_tag-q3","16":"product_tag-q5","17":"product_tag-tiguan","18":"product_tag-tt","19":"pa_varaosan-osasto-moottori","22":"first","23":"instock","24":"featured","25":"shipping-taxable","26":"product-type-simple"},"yoast_head":"<!-- This site is optimized with the Yoast SEO plugin v26.8 - https:\/\/yoast.com\/product\/yoast-seo-wordpress\/ -->\n<title>2.0 TFSI &quot;BPJ&quot; Moottori [esim. Audi A4, A5, VW Passat]<\/title>\n<meta name=\"description\" content=\"Yksi moottoreista, joita meill\u00e4 on usein saatavilla. L\u00e4het\u00e4 kysely ja saat tarjouksen 24 tunnin sis\u00e4ll\u00e4. Moottorit, vaihteistot ja muut auton osat takuulla.\" \/>\n<meta name=\"robots\" content=\"index, follow, max-snippet:-1, max-image-preview:large, max-video-preview:-1\" \/>\n<link rel=\"canonical\" href=\"https:\/\/autopartscenter24.com\/fi\/auton-varaosat\/2-0-tfsi-bpj-moottori-audi-a4-a5-vw-passat\/\" \/>\n<meta property=\"og:locale\" content=\"fi_FI\" \/>\n<meta property=\"og:type\" content=\"article\" \/>\n<meta property=\"og:title\" content=\"2.0 TFSI &quot;BPJ&quot; Moottori [esim. Audi A4, A5, VW Passat]\" \/>\n<meta property=\"og:description\" content=\"Yksi moottoreista, joita meill\u00e4 on usein saatavilla. L\u00e4het\u00e4 kysely ja saat tarjouksen 24 tunnin sis\u00e4ll\u00e4. Moottorit, vaihteistot ja muut auton osat takuulla.\" \/>\n<meta property=\"og:url\" content=\"https:\/\/autopartscenter24.com\/fi\/auton-varaosat\/2-0-tfsi-bpj-moottori-audi-a4-a5-vw-passat\/\" \/>\n<meta property=\"og:site_name\" content=\"Autopartscenter24\" \/>\n<meta property=\"article:modified_time\" content=\"2023-03-10T18:25:32+00:00\" \/>\n<meta property=\"og:image\" content=\"https:\/\/aliceblue-termite-662564.hostingersite.com\/wp-content\/uploads\/2023\/03\/2-0-TFSI-BPJ-Moottori-Audi-VW-A4-Passat.webp\" \/>\n\t<meta property=\"og:image:width\" content=\"800\" \/>\n\t<meta property=\"og:image:height\" content=\"600\" \/>\n\t<meta property=\"og:image:type\" content=\"image\/webp\" \/>\n<meta name=\"twitter:card\" content=\"summary_large_image\" \/>\n<meta name=\"twitter:label1\" content=\"Arvioitu lukuaika\" \/>\n\t<meta name=\"twitter:data1\" content=\"1 minuutti\" \/>\n<script type=\"application\/ld+json\" class=\"yoast-schema-graph\">{\"@context\":\"https:\/\/schema.org\",\"@graph\":[{\"@type\":\"WebPage\",\"@id\":\"https:\/\/aliceblue-termite-662564.hostingersite.com\/auton-varaosat\/2-0-tfsi-bpj-moottori-audi-a4-a5-vw-passat\/\",\"url\":\"https:\/\/aliceblue-termite-662564.hostingersite.com\/auton-varaosat\/2-0-tfsi-bpj-moottori-audi-a4-a5-vw-passat\/\",\"name\":\"2.0 TFSI \\\"BPJ\\\" Moottori [esim. Audi A4, A5, VW Passat]\",\"isPartOf\":{\"@id\":\"https:\/\/autopartscenter24.com\/#website\"},\"primaryImageOfPage\":{\"@id\":\"https:\/\/aliceblue-termite-662564.hostingersite.com\/auton-varaosat\/2-0-tfsi-bpj-moottori-audi-a4-a5-vw-passat\/#primaryimage\"},\"image\":{\"@id\":\"https:\/\/aliceblue-termite-662564.hostingersite.com\/auton-varaosat\/2-0-tfsi-bpj-moottori-audi-a4-a5-vw-passat\/#primaryimage\"},\"thumbnailUrl\":\"https:\/\/autopartscenter24.com\/wp-content\/uploads\/2023\/03\/2-0-TFSI-BPJ-Moottori-Audi-VW-A4-Passat.webp\",\"datePublished\":\"2023-03-05T08:59:56+00:00\",\"dateModified\":\"2023-03-10T18:25:32+00:00\",\"description\":\"Yksi moottoreista, joita meill\u00e4 on usein saatavilla. L\u00e4het\u00e4 kysely ja saat tarjouksen 24 tunnin sis\u00e4ll\u00e4. Moottorit, vaihteistot ja muut auton osat takuulla.\",\"breadcrumb\":{\"@id\":\"https:\/\/aliceblue-termite-662564.hostingersite.com\/auton-varaosat\/2-0-tfsi-bpj-moottori-audi-a4-a5-vw-passat\/#breadcrumb\"},\"inLanguage\":\"fi\",\"potentialAction\":[{\"@type\":\"ReadAction\",\"target\":[\"https:\/\/aliceblue-termite-662564.hostingersite.com\/auton-varaosat\/2-0-tfsi-bpj-moottori-audi-a4-a5-vw-passat\/\"]}]},{\"@type\":\"ImageObject\",\"inLanguage\":\"fi\",\"@id\":\"https:\/\/aliceblue-termite-662564.hostingersite.com\/auton-varaosat\/2-0-tfsi-bpj-moottori-audi-a4-a5-vw-passat\/#primaryimage\",\"url\":\"https:\/\/autopartscenter24.com\/wp-content\/uploads\/2023\/03\/2-0-TFSI-BPJ-Moottori-Audi-VW-A4-Passat.webp\",\"contentUrl\":\"https:\/\/autopartscenter24.com\/wp-content\/uploads\/2023\/03\/2-0-TFSI-BPJ-Moottori-Audi-VW-A4-Passat.webp\",\"width\":800,\"height\":600},{\"@type\":\"BreadcrumbList\",\"@id\":\"https:\/\/aliceblue-termite-662564.hostingersite.com\/auton-varaosat\/2-0-tfsi-bpj-moottori-audi-a4-a5-vw-passat\/#breadcrumb\",\"itemListElement\":[{\"@type\":\"ListItem\",\"position\":1,\"name\":\"Etusivu\",\"item\":\"https:\/\/aliceblue-termite-662564.hostingersite.com\/\"},{\"@type\":\"ListItem\",\"position\":2,\"name\":\"Auton varaosat\",\"item\":\"https:\/\/aliceblue-termite-662564.hostingersite.com\/auton-varaosat\/\"},{\"@type\":\"ListItem\",\"position\":3,\"name\":\"2.0 TFSI &#8221;BPJ&#8221; Moottori [esim. Audi A4, A5, VW Passat]\"}]},{\"@type\":\"WebSite\",\"@id\":\"https:\/\/autopartscenter24.com\/#website\",\"url\":\"https:\/\/autopartscenter24.com\/\",\"name\":\"Autopartscenter24\",\"description\":\"K\u00c4YTETYT JA KUNNOSTETUT  AUTON VARAOSAT\",\"potentialAction\":[{\"@type\":\"SearchAction\",\"target\":{\"@type\":\"EntryPoint\",\"urlTemplate\":\"https:\/\/autopartscenter24.com\/?s={search_term_string}\"},\"query-input\":{\"@type\":\"PropertyValueSpecification\",\"valueRequired\":true,\"valueName\":\"search_term_string\"}}],\"inLanguage\":\"fi\"}]}<\/script>\n<!-- \/ Yoast SEO plugin. -->","yoast_head_json":{"title":"2.0 TFSI \"BPJ\" Moottori [esim. Audi A4, A5, VW Passat]","description":"Yksi moottoreista, joita meill\u00e4 on usein saatavilla. L\u00e4het\u00e4 kysely ja saat tarjouksen 24 tunnin sis\u00e4ll\u00e4. Moottorit, vaihteistot ja muut auton osat takuulla.","robots":{"index":"index","follow":"follow","max-snippet":"max-snippet:-1","max-image-preview":"max-image-preview:large","max-video-preview":"max-video-preview:-1"},"canonical":"https:\/\/autopartscenter24.com\/fi\/auton-varaosat\/2-0-tfsi-bpj-moottori-audi-a4-a5-vw-passat\/","og_locale":"fi_FI","og_type":"article","og_title":"2.0 TFSI \"BPJ\" Moottori [esim. Audi A4, A5, VW Passat]","og_description":"Yksi moottoreista, joita meill\u00e4 on usein saatavilla. L\u00e4het\u00e4 kysely ja saat tarjouksen 24 tunnin sis\u00e4ll\u00e4. Moottorit, vaihteistot ja muut auton osat takuulla.","og_url":"https:\/\/autopartscenter24.com\/fi\/auton-varaosat\/2-0-tfsi-bpj-moottori-audi-a4-a5-vw-passat\/","og_site_name":"Autopartscenter24","article_modified_time":"2023-03-10T18:25:32+00:00","og_image":[{"width":800,"height":600,"url":"https:\/\/aliceblue-termite-662564.hostingersite.com\/wp-content\/uploads\/2023\/03\/2-0-TFSI-BPJ-Moottori-Audi-VW-A4-Passat.webp","type":"image\/webp"}],"twitter_card":"summary_large_image","twitter_misc":{"Arvioitu lukuaika":"1 minuutti"},"schema":{"@context":"https:\/\/schema.org","@graph":[{"@type":"WebPage","@id":"https:\/\/aliceblue-termite-662564.hostingersite.com\/auton-varaosat\/2-0-tfsi-bpj-moottori-audi-a4-a5-vw-passat\/","url":"https:\/\/aliceblue-termite-662564.hostingersite.com\/auton-varaosat\/2-0-tfsi-bpj-moottori-audi-a4-a5-vw-passat\/","name":"2.0 TFSI \"BPJ\" Moottori [esim. Audi A4, A5, VW Passat]","isPartOf":{"@id":"https:\/\/autopartscenter24.com\/#website"},"primaryImageOfPage":{"@id":"https:\/\/aliceblue-termite-662564.hostingersite.com\/auton-varaosat\/2-0-tfsi-bpj-moottori-audi-a4-a5-vw-passat\/#primaryimage"},"image":{"@id":"https:\/\/aliceblue-termite-662564.hostingersite.com\/auton-varaosat\/2-0-tfsi-bpj-moottori-audi-a4-a5-vw-passat\/#primaryimage"},"thumbnailUrl":"https:\/\/autopartscenter24.com\/wp-content\/uploads\/2023\/03\/2-0-TFSI-BPJ-Moottori-Audi-VW-A4-Passat.webp","datePublished":"2023-03-05T08:59:56+00:00","dateModified":"2023-03-10T18:25:32+00:00","description":"Yksi moottoreista, joita meill\u00e4 on usein saatavilla. L\u00e4het\u00e4 kysely ja saat tarjouksen 24 tunnin sis\u00e4ll\u00e4. Moottorit, vaihteistot ja muut auton osat takuulla.","breadcrumb":{"@id":"https:\/\/aliceblue-termite-662564.hostingersite.com\/auton-varaosat\/2-0-tfsi-bpj-moottori-audi-a4-a5-vw-passat\/#breadcrumb"},"inLanguage":"fi","potentialAction":[{"@type":"ReadAction","target":["https:\/\/aliceblue-termite-662564.hostingersite.com\/auton-varaosat\/2-0-tfsi-bpj-moottori-audi-a4-a5-vw-passat\/"]}]},{"@type":"ImageObject","inLanguage":"fi","@id":"https:\/\/aliceblue-termite-662564.hostingersite.com\/auton-varaosat\/2-0-tfsi-bpj-moottori-audi-a4-a5-vw-passat\/#primaryimage","url":"https:\/\/autopartscenter24.com\/wp-content\/uploads\/2023\/03\/2-0-TFSI-BPJ-Moottori-Audi-VW-A4-Passat.webp","contentUrl":"https:\/\/autopartscenter24.com\/wp-content\/uploads\/2023\/03\/2-0-TFSI-BPJ-Moottori-Audi-VW-A4-Passat.webp","width":800,"height":600},{"@type":"BreadcrumbList","@id":"https:\/\/aliceblue-termite-662564.hostingersite.com\/auton-varaosat\/2-0-tfsi-bpj-moottori-audi-a4-a5-vw-passat\/#breadcrumb","itemListElement":[{"@type":"ListItem","position":1,"name":"Etusivu","item":"https:\/\/aliceblue-termite-662564.hostingersite.com\/"},{"@type":"ListItem","position":2,"name":"Auton varaosat","item":"https:\/\/aliceblue-termite-662564.hostingersite.com\/auton-varaosat\/"},{"@type":"ListItem","position":3,"name":"2.0 TFSI &#8221;BPJ&#8221; Moottori [esim. Audi A4, A5, VW Passat]"}]},{"@type":"WebSite","@id":"https:\/\/autopartscenter24.com\/#website","url":"https:\/\/autopartscenter24.com\/","name":"Autopartscenter24","description":"K\u00c4YTETYT JA KUNNOSTETUT  AUTON VARAOSAT","potentialAction":[{"@type":"SearchAction","target":{"@type":"EntryPoint","urlTemplate":"https:\/\/autopartscenter24.com\/?s={search_term_string}"},"query-input":{"@type":"PropertyValueSpecification","valueRequired":true,"valueName":"search_term_string"}}],"inLanguage":"fi"}]}},"_links":{"self":[{"href":"https:\/\/autopartscenter24.com\/fi\/wp-json\/wp\/v2\/product\/3625","targetHints":{"allow":["GET"]}}],"collection":[{"href":"https:\/\/autopartscenter24.com\/fi\/wp-json\/wp\/v2\/product"}],"about":[{"href":"https:\/\/autopartscenter24.com\/fi\/wp-json\/wp\/v2\/types\/product"}],"wp:featuredmedia":[{"embeddable":true,"href":"https:\/\/autopartscenter24.com\/fi\/wp-json\/wp\/v2\/media\/4371"}],"wp:attachment":[{"href":"https:\/\/autopartscenter24.com\/fi\/wp-json\/wp\/v2\/media?parent=3625"}],"wp:term":[{"taxonomy":"product_brand","embeddable":true,"href":"https:\/\/autopartscenter24.com\/fi\/wp-json\/wp\/v2\/product_brand?post=3625"},{"taxonomy":"product_cat","embeddable":true,"href":"https:\/\/autopartscenter24.com\/fi\/wp-json\/wp\/v2\/product_cat?post=3625"},{"taxonomy":"product_tag","embeddable":true,"href":"https:\/\/autopartscenter24.com\/fi\/wp-json\/wp\/v2\/product_tag?post=3625"}],"curies":[{"name":"wp","href":"https:\/\/api.w.org\/{rel}","templated":true}]}}